{"id":12642,"date":"2021-09-27T15:08:43","date_gmt":"2021-09-27T13:08:43","guid":{"rendered":"https:\/\/www.deepspot.com\/?page_id=12642"},"modified":"2026-02-26T13:37:50","modified_gmt":"2026-02-26T12:37:50","slug":"curso-dry-suit-diving","status":"publish","type":"page","link":"https:\/\/www.deepspot.com\/es\/para-quien\/buceo-con-botella\/curso-dry-suit-diving\/","title":{"rendered":"CURSO DE TRAJE SECO"},"content":{"rendered":"<div id=\"hero-block_f4e9a276adb79d0c115ca8b32562aafa\" class=\"hero-block\">\r\n  <div class=\"row outer-container\">\r\n    <div>\r\n      <img decoding=\"async\" lazy src=\"data:image\/gif;base64,R0lGODlhAQABAAD\/ACwAAAAAAQABAAACADs%3D\" data-src=\"https:\/\/eco3ygde435.exactdn.com\/wp-content\/uploads\/sites\/2\/2025\/06\/JSJSJSJ.jpg?strip=all\" alt=\"\">\r\n          <\/div>\r\n    <div>\r\n      <h2>Bucea con comodidad, sea cual sea la temperatura del agua<\/h2><p>\u00bfQuieres bucear c\u00f3modamente todo el a\u00f1o, independientemente de la temperatura del agua?  <br><br>El curso de Traje Seco te ense\u00f1ar\u00e1 a utilizar un traje seco de forma segura y a disfrutar manteniendo el calor incluso cuando bucees en condiciones fr\u00edas. Es una gran opci\u00f3n para los buceadores certificados que quieran ampliar sus capacidades y bucear tambi\u00e9n fuera de temporada. \r\n<\/p>    <\/div>\r\n  <\/div>\r\n<\/div><!-- block -->\r\n<div id=\"product-details-block_f9a3d2273d0f1984ebc64fd3ba7920b3\" class=\"product-details-block\">\r\n  <div class=\"row container\">\r\n    <div>\r\n      <h2 class=\"title\">Descripci\u00f3n de las atracciones<\/h2>      <p class=\"desc\">Buceo con traje seco es un curso para buceadores titulados que quieren ampliar sus habilidades y bucear c\u00f3modamente durante todo el a\u00f1o, independientemente de la temperatura y las condiciones del agua.<br>La formaci\u00f3n te prepara para utilizar un traje seco con seguridad, lo que te permitir\u00e1 explorar nuevos lugares, bucear fuera de temporada y participar en expediciones de buceo m\u00e1s exigentes.<br><br>\r\nSum\u00e9rgete en la oferta si:<br>\ud83e\udee7 Est\u00e1s planeando inmersiones en pecios, inmersiones t\u00e9cnicas, inmersiones exploratorias. Quieres bucear en aguas frescas y desafiantes<br>\ud83e\udee7 Quieres ampliar tus conocimientos y aumentar el abanico de posibles lugares de inmersi\u00f3n<br>\ud83e\udee7 Tienes certificaci\u00f3n min. OWD y quieres ampliar tus conocimientos  <br><br>\r\n\u00bfQu\u00e9 ofrecemos?<br>\ud83e\udee7 Conocimiento pr\u00e1ctico de la construcci\u00f3n del traje seco, principios de funcionamiento y mantenimiento. Aprender\u00e1s a cuidar el equipo que te mantendr\u00e1 c\u00f3modo incluso en las aguas m\u00e1s fr\u00edas.<br>\ud83e\udee7 Inmersiones de entrenamiento, durante las cuales aprender\u00e1s el manejo correcto del traje seco y dominar\u00e1s la flotabilidad perfecta<br>\ud83e\udee7 Materiales de entrenamiento disponibles en el sitio web de SSI. Familiar\u00edzate con ellos antes de empezar<br>\ud83e\udee7 Todo lo que necesitas est\u00e1 incluido en el precio. Te proporcionamos todo el material necesario<br>\ud83e\udee7 Grupos \u00edntimos o clases individuales. El ritmo siempre se adapta a ti    <br><br>\r\nLos cursos se imparten en grupos reducidos -un m\u00e1ximo de cuatro personas por instructor-, lo que te da la confianza necesaria para respirar con tranquilidad y encontrar la respuesta a cada pregunta.<br><br>\r\nMerece la pena porque:<br>\ud83e\udee7 Te entrenas en la piscina m\u00e1s profunda de Europa &#8211; hasta 45 metros de profundidad<br>\ud83e\udee7 Te sumerges en condiciones ex\u00f3ticas &#8211; agua clara a 32\u00b0C<br>\ud83e\udee7 Utilizas equipo moderno, revisado regularmente<br>\ud83e\udee7 Cuentas con el apoyo de instructores internacionales experimentados<br>\ud83e\udee7 Es el lugar perfecto para adquirir confianza y una buena t\u00e9cnica.<br><br>\r\nAl finalizar el curso, recibir\u00e1s un certificado internacional de Buceo con Traje Seco de la organizaci\u00f3n SSI.<br><br><br>\r\n\u00bfQu\u00e9 merece la pena saber?\r\n\r\n<\/p>      <ul>            <li>\r\n              <p>Duraci\u00f3n  <\/p>\r\n              <strong>1 D\u00cdA (aprox. 8h, incluidas 3 sesiones de piscina)<\/strong>\r\n            <\/li>\r\n                      <li>\r\n              <p>Edad m\u00ednima del participante<\/p>\r\n              <strong>15 A\u00d1OS<\/strong>\r\n            <\/li>\r\n                      <li>\r\n              <p>Te sumergir\u00e1s hasta profundidades<\/p>\r\n              <strong>especificado por la certificaci\u00f3n, m\u00e1ximo 30M<\/strong>\r\n            <\/li>\r\n                      <li>\r\n              <p>Como regalo<\/p>\r\n              <strong>v\u00eddeo corto del fotomat\u00f3n submarino<\/strong>\r\n            <\/li>\r\n                      <li>\r\n              <p>Proporcionamos  <\/p>\r\n              <strong>Todo el equipo de buceo. Lleva contigo s\u00f3lo ba\u00f1ador, toalla y chanclas. <\/strong>\r\n            <\/li>\r\n                      <li>\r\n              <p>No olvides<\/p>\r\n              <strong>Todo el equipo de buceo. Lleva contigo s\u00f3lo ba\u00f1ador, toalla y chanclas. <\/strong>\r\n            <\/li>\r\n                      <li>\r\n              <p>CENA: <\/p>\r\n              <strong>PLN 1059<\/strong>\r\n            <\/li>\r\n          <\/ul>      <div class=\"button-list-wrap\"><div class=\"button-list button-type-both\"><div><a class=\"alternate_ybb\" href=\"https:\/\/cs.deepspot.com\/offer?steps=deepspot_diving-courses_wait-for-diving-course-list_12\" target=\"_self\"><img decoding=\"async\" lazy src=\"data:image\/gif;base64,R0lGODlhAQABAAD\/ACwAAAAAAQABAAACADs%3D\" data-src=\"https:\/\/eco3ygde435.exactdn.com\/wp-content\/uploads\/sites\/2\/2020\/08\/calendar-grid-58.png?strip=all\" alt=\"\"><strong>Zarezerwuj<\/strong><\/a><\/div><div><a class=\"alternate_ybb\" href=\"https:\/\/sklep.deepspot.com\/pl\/p\/kurs-dry-suit\/358\" target=\"_self\"><img decoding=\"async\" lazy src=\"data:image\/gif;base64,R0lGODlhAQABAAD\/ACwAAAAAAQABAAACADs%3D\" data-src=\"https:\/\/eco3ygde435.exactdn.com\/wp-content\/uploads\/sites\/2\/2020\/08\/paper-diploma.png?strip=all\" alt=\"\"><strong>Zam\u00f3w voucher<\/strong><\/a><\/div><div><a class=\"css-default\" href=\"https:\/\/www.deepspot.com\/pl\/frequently-asked-questions\/?tab=3\" target=\"_self\"><img decoding=\"async\" lazy src=\"data:image\/gif;base64,R0lGODlhAQABAAD\/ACwAAAAAAQABAAACADs%3D\" data-src=\"https:\/\/eco3ygde435.exactdn.com\/wp-content\/uploads\/sites\/2\/2020\/08\/presentation.png?strip=all\" alt=\"\"><strong>Najcz\u0119\u015bciej zadawane pytania<\/strong><\/a><\/div><\/div><\/div>    <\/div>\r\n  <\/div>\r\n<\/div><!-- block -->\r\n<p><strong>SALUD<\/strong><br data-rich-text-line-break=\"true\">El buceo es un deporte recreativo al alcance de casi todo el mundo. Si su estado de salud es bueno, lo m\u00e1s probable es que no necesite permiso de su m\u00e9dico, aunque en algunos casos especiales puede ser necesario. Si quiere estar seguro, puede consultar la norma<br data-rich-text-line-break=\"true\"><a href=\"https:\/\/eco3ygde435.exactdn.com\/wp-content\/uploads\/sites\/2\/2023\/10\/TR-MEDICAL-DIVER_Polish.pdf\" target=\"_blank\" rel=\"noreferrer noopener\">formulario m\u00e9dico<\/a>.<\/p>\n<div id=\"step-guide-icons-block_c66019b5a80197a984445bad7640022b\" class=\"step-guide-icons-block\">\r\n  <div class=\"row container\">\r\n    <div>\r\n      <div class=\"title\">Paso a paso<\/div>      <ul>            <li data-count=\"01\">\r\n              <div class=\"icon-wrap\"><img decoding=\"async\" lazy src=\"data:image\/gif;base64,R0lGODlhAQABAAD\/ACwAAAAAAQABAAACADs%3D\" data-src=\"\" alt=\"\"><\/div>\r\n              <p>Re\u00fane a los participantes: en solitario, para dos o en manada<br \/>\r\n<\/p>\r\n                          <\/li>\r\n                      <li data-count=\"02\">\r\n              <div class=\"icon-wrap\"><img decoding=\"async\" lazy src=\"data:image\/gif;base64,R0lGODlhAQABAAD\/ACwAAAAAAQABAAACADs%3D\" data-src=\"\" alt=\"\"><\/div>\r\n              <p>Reserva tu cita &#8211; en l\u00ednea, r\u00e1pida y c\u00f3modamente<br \/>\r\n<\/p>\r\n                          <\/li>\r\n                      <li data-count=\"03\">\r\n              <div class=\"icon-wrap\"><img decoding=\"async\" lazy src=\"data:image\/gif;base64,R0lGODlhAQABAAD\/ACwAAAAAAQABAAACADs%3D\" data-src=\"\" alt=\"\"><\/div>\r\n              <p>Rellena los datos de los participantes &#8211; a trav\u00e9s de tu cuenta, s\u00f3lo te llevar\u00e1 un momento<br \/>\r\n<br \/>\r\n<\/p>\r\n                          <\/li>\r\n                      <li data-count=\"04\">\r\n              <div class=\"icon-wrap\"><img decoding=\"async\" lazy src=\"data:image\/gif;base64,R0lGODlhAQABAAD\/ACwAAAAAAQABAAACADs%3D\" data-src=\"\" alt=\"\"><\/div>\r\n              <p>Ven 30 minutos antes: podr\u00e1s prepararte tranquilamente<br \/>\r\n<\/p>\r\n                          <\/li>\r\n                      <li data-count=\"05\">\r\n              <div class=\"icon-wrap\"><img decoding=\"async\" lazy src=\"data:image\/gif;base64,R0lGODlhAQABAAD\/ACwAAAAAAQABAAACADs%3D\" data-src=\"\" alt=\"\"><\/div>\r\n              <p>Sum\u00e9rgete y divi\u00e9rtete<br \/>\r\n<\/p>\r\n                          <\/li>\r\n                      <li data-count=\"06\">\r\n              <div class=\"icon-wrap\"><img decoding=\"async\" lazy src=\"data:image\/gif;base64,R0lGODlhAQABAAD\/ACwAAAAAAQABAAACADs%3D\" data-src=\"\" alt=\"\"><\/div>\r\n              <p>Pilla el gusanillo y vuelve a por m\u00e1s: \u00a1el buceo es adictivo!<br \/>\r\n<\/p>\r\n                          <\/li>\r\n          <\/ul>    <\/div>\r\n  <\/div>\r\n<\/div><!-- block -->\r\n<div id=\"download-block_4aa27567b89d5fdd870c906ded752f1b\" class=\"download-block\">\r\n  <div class=\"row container\">\r\n    <div>\r\n      <h2 class=\"title\">Documentos<\/h2>      <ul>            <li>\r\n              <a href=\"https:\/\/www.deepspot.com\/wp-content\/uploads\/sites\/2\/2022\/03\/instrukcja-deepspot-eng-3.pdf\" download>\r\n                <div>\r\n                  <img decoding=\"async\" lazy src=\"data:image\/gif;base64,R0lGODlhAQABAAD\/ACwAAAAAAQABAAACADs%3D\" data-src=\"https:\/\/www.deepspot.com\/wp-content\/themes\/deepspotflyspotWPML\/images\/dots-download.svg\">\r\n                  <p>Instrucciones para el uso de un traje seco<\/p>\r\n                <\/div>\r\n              <\/a>\r\n            <\/li>\r\n                      <li>\r\n              <a href=\"https:\/\/www.deepspot.com\/wp-content\/uploads\/sites\/2\/2022\/03\/tablica2.pdf\" download>\r\n                <div>\r\n                  <img decoding=\"async\" lazy src=\"data:image\/gif;base64,R0lGODlhAQABAAD\/ACwAAAAAAQABAAACADs%3D\" data-src=\"https:\/\/www.deepspot.com\/wp-content\/themes\/deepspotflyspotWPML\/images\/dots-download.svg\">\r\n                  <p>Gu\u00eda r\u00e1pida para el uso de un traje seco<\/p>\r\n                <\/div>\r\n              <\/a>\r\n            <\/li>\r\n          <\/ul>    <\/div>\r\n  <\/div>\r\n<\/div><!-- block -->\r\n\n<p><\/p>\n","protected":false},"excerpt":{"rendered":"<p>SALUDEl buceo es un deporte recreativo al alcance de casi todo el mundo. Si su estado de salud es bueno, lo m\u00e1s probable es que no necesite permiso de su m\u00e9dico, aunque en algunos casos especiales puede ser necesario. Si quiere estar seguro, puede consultar la normaformulario m\u00e9dico.<\/p>\n","protected":false},"author":18,"featured_media":53298,"parent":4597,"menu_order":9,"comment_status":"closed","ping_status":"closed","template":"","meta":{"_acf_changed":false,"footnotes":""},"class_list":["post-12642","page","type-page","status-publish","has-post-thumbnail","hentry"],"acf":[],"yoast_head":"<!-- This site is optimized with the Yoast SEO plugin v27.3 - https:\/\/yoast.com\/product\/yoast-seo-wordpress\/ -->\n<title>CURSO DE TRAJE SECO | Deepspot<\/title>\n<meta name=\"description\" content=\"CURSO DE TRAJE SECO\" \/>\n<meta name=\"robots\" content=\"index, follow, max-snippet:-1, max-image-preview:large, max-video-preview:-1\" \/>\n<link rel=\"canonical\" href=\"https:\/\/www.deepspot.com\/es\/para-quien\/buceo-con-botella\/curso-dry-suit-diving\/\" \/>\n<meta property=\"og:locale\" content=\"es_ES\" \/>\n<meta property=\"og:type\" content=\"article\" \/>\n<meta property=\"og:title\" content=\"CURSO DE TRAJE SECO | Deepspot\" \/>\n<meta property=\"og:description\" content=\"CURSO DE TRAJE SECO\" \/>\n<meta property=\"og:url\" content=\"https:\/\/www.deepspot.com\/es\/para-quien\/buceo-con-botella\/curso-dry-suit-diving\/\" \/>\n<meta property=\"og:site_name\" content=\"Deepspot\" \/>\n<meta property=\"article:modified_time\" content=\"2026-02-26T12:37:50+00:00\" \/>\n<meta property=\"og:image\" content=\"https:\/\/eco3ygde435.exactdn.com\/wp-content\/uploads\/sites\/2\/2025\/06\/JSJSJSJ.jpg?strip=all\" \/>\n\t<meta property=\"og:image:width\" content=\"1920\" \/>\n\t<meta property=\"og:image:height\" content=\"1245\" \/>\n\t<meta property=\"og:image:type\" content=\"image\/jpeg\" \/>\n<meta name=\"twitter:card\" content=\"summary_large_image\" \/>\n<script type=\"application\/ld+json\" class=\"yoast-schema-graph\">{\"@context\":\"https:\\\/\\\/schema.org\",\"@graph\":[{\"@type\":\"WebPage\",\"@id\":\"https:\\\/\\\/www.deepspot.com\\\/es\\\/para-quien\\\/buceo-con-botella\\\/curso-dry-suit-diving\\\/\",\"url\":\"https:\\\/\\\/www.deepspot.com\\\/es\\\/para-quien\\\/buceo-con-botella\\\/curso-dry-suit-diving\\\/\",\"name\":\"CURSO DE TRAJE SECO | Deepspot\",\"isPartOf\":{\"@id\":\"https:\\\/\\\/www.deepspot.com\\\/pl\\\/#website\"},\"primaryImageOfPage\":{\"@id\":\"https:\\\/\\\/www.deepspot.com\\\/es\\\/para-quien\\\/buceo-con-botella\\\/curso-dry-suit-diving\\\/#primaryimage\"},\"image\":{\"@id\":\"https:\\\/\\\/www.deepspot.com\\\/es\\\/para-quien\\\/buceo-con-botella\\\/curso-dry-suit-diving\\\/#primaryimage\"},\"thumbnailUrl\":\"https:\\\/\\\/eco3ygde435.exactdn.com\\\/wp-content\\\/uploads\\\/sites\\\/2\\\/2025\\\/06\\\/JSJSJSJ.jpg?strip=all\",\"datePublished\":\"2021-09-27T13:08:43+00:00\",\"dateModified\":\"2026-02-26T12:37:50+00:00\",\"description\":\"CURSO DE TRAJE SECO\",\"breadcrumb\":{\"@id\":\"https:\\\/\\\/www.deepspot.com\\\/es\\\/para-quien\\\/buceo-con-botella\\\/curso-dry-suit-diving\\\/#breadcrumb\"},\"inLanguage\":\"es\",\"potentialAction\":[{\"@type\":\"ReadAction\",\"target\":[\"https:\\\/\\\/www.deepspot.com\\\/es\\\/para-quien\\\/buceo-con-botella\\\/curso-dry-suit-diving\\\/\"]}]},{\"@type\":\"ImageObject\",\"inLanguage\":\"es\",\"@id\":\"https:\\\/\\\/www.deepspot.com\\\/es\\\/para-quien\\\/buceo-con-botella\\\/curso-dry-suit-diving\\\/#primaryimage\",\"url\":\"https:\\\/\\\/eco3ygde435.exactdn.com\\\/wp-content\\\/uploads\\\/sites\\\/2\\\/2025\\\/06\\\/JSJSJSJ.jpg?strip=all\",\"contentUrl\":\"https:\\\/\\\/eco3ygde435.exactdn.com\\\/wp-content\\\/uploads\\\/sites\\\/2\\\/2025\\\/06\\\/JSJSJSJ.jpg?strip=all\",\"width\":1920,\"height\":1245},{\"@type\":\"BreadcrumbList\",\"@id\":\"https:\\\/\\\/www.deepspot.com\\\/es\\\/para-quien\\\/buceo-con-botella\\\/curso-dry-suit-diving\\\/#breadcrumb\",\"itemListElement\":[{\"@type\":\"ListItem\",\"position\":1,\"name\":\"Strona g\u0142\u00f3wna\",\"item\":\"https:\\\/\\\/www.deepspot.com\\\/es\\\/\"},{\"@type\":\"ListItem\",\"position\":2,\"name\":\"Para qui\u00e9n\",\"item\":\"https:\\\/\\\/www.deepspot.com\\\/es\\\/para-quien\\\/\"},{\"@type\":\"ListItem\",\"position\":3,\"name\":\"Buceo\",\"item\":\"https:\\\/\\\/www.deepspot.com\\\/es\\\/para-quien\\\/buceo-con-botella\\\/\"},{\"@type\":\"ListItem\",\"position\":4,\"name\":\"CURSO DE TRAJE SECO\"}]},{\"@type\":\"WebSite\",\"@id\":\"https:\\\/\\\/www.deepspot.com\\\/pl\\\/#website\",\"url\":\"https:\\\/\\\/www.deepspot.com\\\/pl\\\/\",\"name\":\"Deepspot\",\"description\":\"Una nueva dimensi\u00f3n en el buceo\",\"potentialAction\":[{\"@type\":\"SearchAction\",\"target\":{\"@type\":\"EntryPoint\",\"urlTemplate\":\"https:\\\/\\\/www.deepspot.com\\\/pl\\\/?s={search_term_string}\"},\"query-input\":{\"@type\":\"PropertyValueSpecification\",\"valueRequired\":true,\"valueName\":\"search_term_string\"}}],\"inLanguage\":\"es\"}]}<\/script>\n<!-- \/ Yoast SEO plugin. -->","yoast_head_json":{"title":"CURSO DE TRAJE SECO | Deepspot","description":"CURSO DE TRAJE SECO","robots":{"index":"index","follow":"follow","max-snippet":"max-snippet:-1","max-image-preview":"max-image-preview:large","max-video-preview":"max-video-preview:-1"},"canonical":"https:\/\/www.deepspot.com\/es\/para-quien\/buceo-con-botella\/curso-dry-suit-diving\/","og_locale":"es_ES","og_type":"article","og_title":"CURSO DE TRAJE SECO | Deepspot","og_description":"CURSO DE TRAJE SECO","og_url":"https:\/\/www.deepspot.com\/es\/para-quien\/buceo-con-botella\/curso-dry-suit-diving\/","og_site_name":"Deepspot","article_modified_time":"2026-02-26T12:37:50+00:00","og_image":[{"width":1920,"height":1245,"url":"https:\/\/eco3ygde435.exactdn.com\/wp-content\/uploads\/sites\/2\/2025\/06\/JSJSJSJ.jpg?strip=all","type":"image\/jpeg"}],"twitter_card":"summary_large_image","schema":{"@context":"https:\/\/schema.org","@graph":[{"@type":"WebPage","@id":"https:\/\/www.deepspot.com\/es\/para-quien\/buceo-con-botella\/curso-dry-suit-diving\/","url":"https:\/\/www.deepspot.com\/es\/para-quien\/buceo-con-botella\/curso-dry-suit-diving\/","name":"CURSO DE TRAJE SECO | Deepspot","isPartOf":{"@id":"https:\/\/www.deepspot.com\/pl\/#website"},"primaryImageOfPage":{"@id":"https:\/\/www.deepspot.com\/es\/para-quien\/buceo-con-botella\/curso-dry-suit-diving\/#primaryimage"},"image":{"@id":"https:\/\/www.deepspot.com\/es\/para-quien\/buceo-con-botella\/curso-dry-suit-diving\/#primaryimage"},"thumbnailUrl":"https:\/\/eco3ygde435.exactdn.com\/wp-content\/uploads\/sites\/2\/2025\/06\/JSJSJSJ.jpg?strip=all","datePublished":"2021-09-27T13:08:43+00:00","dateModified":"2026-02-26T12:37:50+00:00","description":"CURSO DE TRAJE SECO","breadcrumb":{"@id":"https:\/\/www.deepspot.com\/es\/para-quien\/buceo-con-botella\/curso-dry-suit-diving\/#breadcrumb"},"inLanguage":"es","potentialAction":[{"@type":"ReadAction","target":["https:\/\/www.deepspot.com\/es\/para-quien\/buceo-con-botella\/curso-dry-suit-diving\/"]}]},{"@type":"ImageObject","inLanguage":"es","@id":"https:\/\/www.deepspot.com\/es\/para-quien\/buceo-con-botella\/curso-dry-suit-diving\/#primaryimage","url":"https:\/\/eco3ygde435.exactdn.com\/wp-content\/uploads\/sites\/2\/2025\/06\/JSJSJSJ.jpg?strip=all","contentUrl":"https:\/\/eco3ygde435.exactdn.com\/wp-content\/uploads\/sites\/2\/2025\/06\/JSJSJSJ.jpg?strip=all","width":1920,"height":1245},{"@type":"BreadcrumbList","@id":"https:\/\/www.deepspot.com\/es\/para-quien\/buceo-con-botella\/curso-dry-suit-diving\/#breadcrumb","itemListElement":[{"@type":"ListItem","position":1,"name":"Strona g\u0142\u00f3wna","item":"https:\/\/www.deepspot.com\/es\/"},{"@type":"ListItem","position":2,"name":"Para qui\u00e9n","item":"https:\/\/www.deepspot.com\/es\/para-quien\/"},{"@type":"ListItem","position":3,"name":"Buceo","item":"https:\/\/www.deepspot.com\/es\/para-quien\/buceo-con-botella\/"},{"@type":"ListItem","position":4,"name":"CURSO DE TRAJE SECO"}]},{"@type":"WebSite","@id":"https:\/\/www.deepspot.com\/pl\/#website","url":"https:\/\/www.deepspot.com\/pl\/","name":"Deepspot","description":"Una nueva dimensi\u00f3n en el buceo","potentialAction":[{"@type":"SearchAction","target":{"@type":"EntryPoint","urlTemplate":"https:\/\/www.deepspot.com\/pl\/?s={search_term_string}"},"query-input":{"@type":"PropertyValueSpecification","valueRequired":true,"valueName":"search_term_string"}}],"inLanguage":"es"}]}},"_links":{"self":[{"href":"https:\/\/www.deepspot.com\/es\/wp-json\/wp\/v2\/pages\/12642","targetHints":{"allow":["GET"]}}],"collection":[{"href":"https:\/\/www.deepspot.com\/es\/wp-json\/wp\/v2\/pages"}],"about":[{"href":"https:\/\/www.deepspot.com\/es\/wp-json\/wp\/v2\/types\/page"}],"author":[{"embeddable":true,"href":"https:\/\/www.deepspot.com\/es\/wp-json\/wp\/v2\/users\/18"}],"replies":[{"embeddable":true,"href":"https:\/\/www.deepspot.com\/es\/wp-json\/wp\/v2\/comments?post=12642"}],"version-history":[{"count":37,"href":"https:\/\/www.deepspot.com\/es\/wp-json\/wp\/v2\/pages\/12642\/revisions"}],"predecessor-version":[{"id":57811,"href":"https:\/\/www.deepspot.com\/es\/wp-json\/wp\/v2\/pages\/12642\/revisions\/57811"}],"up":[{"embeddable":true,"href":"https:\/\/www.deepspot.com\/es\/wp-json\/wp\/v2\/pages\/4597"}],"wp:featuredmedia":[{"embeddable":true,"href":"https:\/\/www.deepspot.com\/es\/wp-json\/wp\/v2\/media\/53298"}],"wp:attachment":[{"href":"https:\/\/www.deepspot.com\/es\/wp-json\/wp\/v2\/media?parent=12642"}],"curies":[{"name":"wp","href":"https:\/\/api.w.org\/{rel}","templated":true}]}}