{"id":15042,"date":"2021-12-30T14:07:17","date_gmt":"2021-12-30T13:07:17","guid":{"rendered":"https:\/\/www.deepspot.com\/?page_id=15042"},"modified":"2024-05-20T10:54:02","modified_gmt":"2024-05-20T08:54:02","slug":"dia-del-curso","status":"publish","type":"page","link":"https:\/\/www.deepspot.com\/es\/zona-de-instructor\/dia-del-curso\/","title":{"rendered":"D\u00eda de curso en Deepspot"},"content":{"rendered":"<div id=\"hero-block_e4808b30b7edd9e9572dfeff2b33a42b\" class=\"hero-block\">\r\n  <div class=\"row outer-container\">\r\n    <div>\r\n      <img decoding=\"async\" lazy src=\"data:image\/gif;base64,R0lGODlhAQABAAD\/ACwAAAAAAQABAAACADs%3D\" data-src=\"https:\/\/eco3ygde435.exactdn.com\/wp-content\/uploads\/sites\/2\/2023\/10\/DS-1.jpg?strip=all\" alt=\"\">\r\n          <\/div>\r\n    <div>\r\n      <h2>ODDS D\u00cdA<\/h2><p>\n          <h4>Oferta <b>s\u00f3lo<\/b> para <b>instructores<\/b>.  \n<br><\/br>\n<b>Realice<\/b> una serie de cursos de buceo en las <b>excelentes<\/b> condiciones de Deepspot. <b>El curso de un d\u00eda<\/b> se cre\u00f3 para <b>apoyar a<\/b> los centros de buceo y a los instructores individuales en la <b>formaci\u00f3n de<\/b> buceadores de equipo a <b>cualquier<\/b> nivel de formaci\u00f3n reconocido por las organizaciones y completado con la <b>certificaci\u00f3n<\/b>.  \n<br><\/br>\nEl agua <b>c\u00e1lida<\/b> y <b>cristalina<\/b> y la <b>profundidad<\/b> hacen que perfeccionar sus habilidades de buceo sea mucho m\u00e1s <b>f\u00e1cil<\/b> y <b>eficaz<\/b>.  \n<br><\/br>\nPuede consultar la lista de precios <b>actual<\/b> y los <b>horarios de<\/b> entrada en la Lista de <b>precios B2B<\/b>.<\/h4>\n        <\/p>    <\/div>\r\n  <\/div>\r\n<\/div><!-- block -->\r\n<div id=\"features-block_e18e31b8b3d2519c5e76a0e8c7a54cf8\" class=\"features-block\">\r\n  <div class=\"row container\">\r\n    <div>\r\n            <h2 class=\"title\">D\u00cdA DE CURSO EN DEEPSPOT ES:<\/h2>\r\n      <div>\r\n                    <div>\r\n              <div class=\"icon-wrap\">\r\n                <img decoding=\"async\" src=\"https:\/\/eco3ygde435.exactdn.com\/wp-content\/uploads\/sites\/2\/2023\/10\/DS_KULKA.png?strip=all\" alt=\"\" src=\"\">\r\n              <\/div>\r\n              <strong>\n          <h2>FLEXIBILIDAD DE LA FORMACI\u00d3N<\/h2>\n        <\/strong>\r\n              <p><br \/>\n          <h4><b>El D\u00eda del<\/b> Curso est\u00e1 abierto de <b>lunes<\/b> a <b>viernes<\/b> durante el horario de apertura de Deepspot y los <b>domingos<\/b> desde <b>las 15.00<\/b> hasta el cierre.  <br \/>\n<br \/>\nPara el uso de estas horas, tanto <b>usted<\/b> como <b>su alumno<\/b> disponen cada uno de <b>tres botellas de aire<\/b> de <b>12<\/b> o <b>15<\/b> litros.  <br \/>\n<br \/>\nPlanifique la formaci\u00f3n de la forma <b>m\u00e1s conveniente<\/b> para el alumno.<\/h4><br \/>\n        <\/p>\r\n            <\/div>\r\n                      <div>\r\n              <div class=\"icon-wrap\">\r\n                <img decoding=\"async\" src=\"https:\/\/eco3ygde435.exactdn.com\/wp-content\/uploads\/sites\/2\/2023\/10\/DS_KULKA.png?strip=all\" alt=\"\" src=\"\">\r\n              <\/div>\r\n              <strong>\n          <h2>EQUIPO<\/h2>\n        <\/strong>\r\n              <p><br \/>\n          <h4>La cuota de inscripci\u00f3n <b>incluye<\/b> todo el <b>equipo<\/b> para <b>el alumno<\/b> y el <b>instructor<\/b>, es decir, <b>m\u00e1scaras<\/b>, <b>tubos<\/b>, <b>aletas<\/b>, <b>chalecos BCD<\/b>, <b>aut\u00f3matas<\/b> y <b>botellas de aire<\/b> de <b>12<\/b> o <b>15<\/b> litros.  <br \/>\n<br \/>\n<b>Recuerde<\/b> equipar a <b>cada<\/b> alumno con un <b>ordenador de buceo<\/b>.  <br \/>\n<br \/>\nSi no tiene esta opci\u00f3n, puede <b>alquilar<\/b> un ordenador in situ por <b>45 PLN<\/b><b>(+25 PLN<\/b> por cada hora <b>adicional<\/b> ).<\/h4><br \/>\n        <\/p>\r\n            <\/div>\r\n                      <div>\r\n              <div class=\"icon-wrap\">\r\n                <img decoding=\"async\" src=\"https:\/\/eco3ygde435.exactdn.com\/wp-content\/uploads\/sites\/2\/2023\/10\/DS_KULKA.png?strip=all\" alt=\"\" src=\"\">\r\n              <\/div>\r\n              <strong>\n          <h2>SALAS DE CONFERENCIAS<\/h2>\n        <\/strong>\r\n              <p><h4>Como parte de su <b>formaci\u00f3n<\/b>, puede utilizar <b>gratuitamente<\/b> una de nuestras <b>salas de formaci\u00f3n<\/b>.  <br \/>\n<br \/>\nCualquier uso de la sala requiere reserva con su Supervisor &#8211; Szymon Wzorek; email: pro@deepspot.com tel\u00e9fono +48 532-796-299.<\/p>\r\n            <\/div>\r\n                <\/div>\r\n          <\/div>\r\n  <\/div>\r\n<\/div><!-- block -->\r\n\n<div class=\"wp-block-group\"><div class=\"wp-block-group__inner-container is-layout-flow wp-block-group-is-layout-flow\"><div id=\"contact-person-block_e8660da54f986529a0c94219b016bb74\" class=\"contact-person-block\">\r\n  <div class=\"container\">\r\n    <h2 class=\"title\">\u00bfDESEA RESERVAR UN D\u00cdA DE CURSO?<\/h2>  <\/div>\r\n  <div class=\"row outer-container\">\r\n    <div class=\"container\">\r\n      <div class=\"image-wrap\"><img decoding=\"async\" lazy src=\"data:image\/gif;base64,R0lGODlhAQABAAD\/ACwAAAAAAQABAAACADs%3D\" data-src=\"https:\/\/eco3ygde435.exactdn.com\/wp-content\/uploads\/sites\/2\/2023\/10\/Projekt-bez-tytulu-fotor-bg-remover-20231006135219.png?strip=all\" alt=\"\"><\/div>\r\n      <div class=\"text-wrap\">\r\n        <strong>SZYMON WZOREK<\/strong>        <p class=\"role\">\n          <b>SU TUTOR PERSONAL<\/b>\n        <\/p>        <div class=\"contact-list\">            <span>Correo electr\u00f3nico:<\/span>\r\n            <span>\n          <a href=\"mailto:Pro@deepspot.com\">pro@deepspot.com<\/a>\n        <\/span><br>\r\n                      <span>Tel\u00e9fono:<\/span>\r\n            <span>\n          <a href=\"tel:+48532796299\">+48 532-796-299<\/a>\n        <\/span><br>\r\n          <\/div>        <p class=\"text\"><br \/>\n          <h2>\u00bfTiene alguna <b>pregunta<\/b>? Contacta con <b>Simon<\/b>.<\/h2><br \/>\n        <\/p><a class=\"btn\" href=\"mailto:pro@deepspot.com\" target=\"_self\"><span>ESCRIBIR UN MENSAJE<\/span><\/a>      <\/div>\r\n    <\/div>\r\n  <\/div>\r\n<\/div><!-- block -->\r\n<\/div><\/div>\n<div id=\"true-faq-block_3d972c87abf749e3362e66f054f9140c\" class=\"true-faq-block\">\r\n  <div class=\"container\">\r\n    <h2 class=\"title\">PREGUNTAS M\u00c1S FRECUENTES<\/h2>\r\n    <div class=\"faq\">\r\n          <div data-faqpanel=\"1\" class=\"faq-panel\">\r\n        <strong>\n          <h2>\u00bfQUI\u00c9N PUEDE BENEFICIARSE DE LA OFERTA?<\/h2>\n        <\/strong>\r\n        <div><h3><b>La oferta es <b>s\u00f3lo<\/b> para <b>instructores B2B<\/b>, es decir, aquellos que <b>han firmado<\/b> <b>un contrato<\/b> con nosotros.<\/h3><\/div>\r\n      <\/div>\r\n          <div data-faqpanel=\"2\" class=\"faq-panel\">\r\n        <strong>\n          <h2>\u00bfCU\u00c1NTO CUESTA UN D\u00cdA DE CURSO?<\/h2>\n        <\/strong>\r\n        <div><br \/>\n          <h3>Puede consultar el coste <b>actual<\/b> de la compra de un <b>OWD<\/b> en la <b>Lista de precios B2B<\/b>.<\/h3><br \/>\n        <\/div>\r\n      <\/div>\r\n          <div data-faqpanel=\"3\" class=\"faq-panel\">\r\n        <strong>\n          <h2>\u00bfQU\u00c9 OBTENGO COMO PARTE DE LA OFERTA?<\/h2>\n        <\/strong>\r\n        <div><h3>El <b>mayor <\/b>atributo del viaje <b>de un d\u00eda de OWD<\/b> es su <b>precio<\/b> extremadamente atractivo.<\/div>\r\n      <\/div>\r\n          <div data-faqpanel=\"4\" class=\"faq-panel\">\r\n        <strong>\n          <h2>\u00bfD\u00d3NDE PUEDO ENCONTRAR M\u00c1S INFORMACI\u00d3N?<\/h2>\n        <\/strong>\r\n        <div><br \/>\n          <h3>\u00bfNo ha encontrado respuesta a todas sus preguntas?  <br \/>\n<br \/>\nEscriba a su <b>Guardi\u00e1n<\/b> &#8211; <b>Szymon Wzorek<\/b>; email: <a href=\"mailto:pro@deepspot.com\"><br \/>\n  <b><br \/>\n    <font color=\"#5CB3FF\">pro@deepspot.com<\/font><br \/>\n  <\/b><br \/>\n<\/a>; tel. <b>+48 532-796-299<\/b>.<\/h3><br \/>\n        <\/div>\r\n      <\/div>\r\n        <\/div>\r\n  <\/div>\r\n<\/div><!-- block -->\r\n","protected":false},"excerpt":{"rendered":"","protected":false},"author":18,"featured_media":0,"parent":4615,"menu_order":0,"comment_status":"closed","ping_status":"closed","template":"","meta":{"_acf_changed":false,"footnotes":""},"class_list":["post-15042","page","type-page","status-publish","hentry"],"acf":[],"yoast_head":"<!-- This site is optimized with the Yoast SEO plugin v27.4 - https:\/\/yoast.com\/product\/yoast-seo-wordpress\/ -->\n<title>D\u00eda de curso en Deepspot | Deepspot<\/title>\n<meta name=\"description\" content=\"D\u00eda de curso en Deepspot\" \/>\n<meta name=\"robots\" content=\"index, follow, max-snippet:-1, max-image-preview:large, max-video-preview:-1\" \/>\n<link rel=\"canonical\" href=\"https:\/\/www.deepspot.com\/es\/zona-de-instructor\/dia-del-curso\/\" \/>\n<meta property=\"og:locale\" content=\"es_ES\" \/>\n<meta property=\"og:type\" content=\"article\" \/>\n<meta property=\"og:title\" content=\"D\u00eda de curso en Deepspot | Deepspot\" \/>\n<meta property=\"og:description\" content=\"D\u00eda de curso en Deepspot\" \/>\n<meta property=\"og:url\" content=\"https:\/\/www.deepspot.com\/es\/zona-de-instructor\/dia-del-curso\/\" \/>\n<meta property=\"og:site_name\" content=\"Deepspot\" \/>\n<meta property=\"article:modified_time\" content=\"2024-05-20T08:54:02+00:00\" \/>\n<meta name=\"twitter:card\" content=\"summary_large_image\" \/>\n<script type=\"application\/ld+json\" class=\"yoast-schema-graph\">{\"@context\":\"https:\\\/\\\/schema.org\",\"@graph\":[{\"@type\":\"WebPage\",\"@id\":\"https:\\\/\\\/www.deepspot.com\\\/es\\\/zona-de-instructor\\\/dia-del-curso\\\/\",\"url\":\"https:\\\/\\\/www.deepspot.com\\\/es\\\/zona-de-instructor\\\/dia-del-curso\\\/\",\"name\":\"D\u00eda de curso en Deepspot | Deepspot\",\"isPartOf\":{\"@id\":\"https:\\\/\\\/www.deepspot.com\\\/pl\\\/#website\"},\"datePublished\":\"2021-12-30T13:07:17+00:00\",\"dateModified\":\"2024-05-20T08:54:02+00:00\",\"description\":\"D\u00eda de curso en Deepspot\",\"breadcrumb\":{\"@id\":\"https:\\\/\\\/www.deepspot.com\\\/es\\\/zona-de-instructor\\\/dia-del-curso\\\/#breadcrumb\"},\"inLanguage\":\"es\",\"potentialAction\":[{\"@type\":\"ReadAction\",\"target\":[\"https:\\\/\\\/www.deepspot.com\\\/es\\\/zona-de-instructor\\\/dia-del-curso\\\/\"]}]},{\"@type\":\"BreadcrumbList\",\"@id\":\"https:\\\/\\\/www.deepspot.com\\\/es\\\/zona-de-instructor\\\/dia-del-curso\\\/#breadcrumb\",\"itemListElement\":[{\"@type\":\"ListItem\",\"position\":1,\"name\":\"Strona g\u0142\u00f3wna\",\"item\":\"https:\\\/\\\/www.deepspot.com\\\/es\\\/\"},{\"@type\":\"ListItem\",\"position\":2,\"name\":\"\u00c1rea de instructores\",\"item\":\"https:\\\/\\\/www.deepspot.com\\\/es\\\/zona-de-instructor\\\/\"},{\"@type\":\"ListItem\",\"position\":3,\"name\":\"D\u00eda de curso en Deepspot\"}]},{\"@type\":\"WebSite\",\"@id\":\"https:\\\/\\\/www.deepspot.com\\\/pl\\\/#website\",\"url\":\"https:\\\/\\\/www.deepspot.com\\\/pl\\\/\",\"name\":\"Deepspot\",\"description\":\"Una nueva dimensi\u00f3n en el buceo\",\"potentialAction\":[{\"@type\":\"SearchAction\",\"target\":{\"@type\":\"EntryPoint\",\"urlTemplate\":\"https:\\\/\\\/www.deepspot.com\\\/pl\\\/?s={search_term_string}\"},\"query-input\":{\"@type\":\"PropertyValueSpecification\",\"valueRequired\":true,\"valueName\":\"search_term_string\"}}],\"inLanguage\":\"es\"}]}<\/script>\n<!-- \/ Yoast SEO plugin. -->","yoast_head_json":{"title":"D\u00eda de curso en Deepspot | Deepspot","description":"D\u00eda de curso en Deepspot","robots":{"index":"index","follow":"follow","max-snippet":"max-snippet:-1","max-image-preview":"max-image-preview:large","max-video-preview":"max-video-preview:-1"},"canonical":"https:\/\/www.deepspot.com\/es\/zona-de-instructor\/dia-del-curso\/","og_locale":"es_ES","og_type":"article","og_title":"D\u00eda de curso en Deepspot | Deepspot","og_description":"D\u00eda de curso en Deepspot","og_url":"https:\/\/www.deepspot.com\/es\/zona-de-instructor\/dia-del-curso\/","og_site_name":"Deepspot","article_modified_time":"2024-05-20T08:54:02+00:00","twitter_card":"summary_large_image","schema":{"@context":"https:\/\/schema.org","@graph":[{"@type":"WebPage","@id":"https:\/\/www.deepspot.com\/es\/zona-de-instructor\/dia-del-curso\/","url":"https:\/\/www.deepspot.com\/es\/zona-de-instructor\/dia-del-curso\/","name":"D\u00eda de curso en Deepspot | Deepspot","isPartOf":{"@id":"https:\/\/www.deepspot.com\/pl\/#website"},"datePublished":"2021-12-30T13:07:17+00:00","dateModified":"2024-05-20T08:54:02+00:00","description":"D\u00eda de curso en Deepspot","breadcrumb":{"@id":"https:\/\/www.deepspot.com\/es\/zona-de-instructor\/dia-del-curso\/#breadcrumb"},"inLanguage":"es","potentialAction":[{"@type":"ReadAction","target":["https:\/\/www.deepspot.com\/es\/zona-de-instructor\/dia-del-curso\/"]}]},{"@type":"BreadcrumbList","@id":"https:\/\/www.deepspot.com\/es\/zona-de-instructor\/dia-del-curso\/#breadcrumb","itemListElement":[{"@type":"ListItem","position":1,"name":"Strona g\u0142\u00f3wna","item":"https:\/\/www.deepspot.com\/es\/"},{"@type":"ListItem","position":2,"name":"\u00c1rea de instructores","item":"https:\/\/www.deepspot.com\/es\/zona-de-instructor\/"},{"@type":"ListItem","position":3,"name":"D\u00eda de curso en Deepspot"}]},{"@type":"WebSite","@id":"https:\/\/www.deepspot.com\/pl\/#website","url":"https:\/\/www.deepspot.com\/pl\/","name":"Deepspot","description":"Una nueva dimensi\u00f3n en el buceo","potentialAction":[{"@type":"SearchAction","target":{"@type":"EntryPoint","urlTemplate":"https:\/\/www.deepspot.com\/pl\/?s={search_term_string}"},"query-input":{"@type":"PropertyValueSpecification","valueRequired":true,"valueName":"search_term_string"}}],"inLanguage":"es"}]}},"_links":{"self":[{"href":"https:\/\/www.deepspot.com\/es\/wp-json\/wp\/v2\/pages\/15042","targetHints":{"allow":["GET"]}}],"collection":[{"href":"https:\/\/www.deepspot.com\/es\/wp-json\/wp\/v2\/pages"}],"about":[{"href":"https:\/\/www.deepspot.com\/es\/wp-json\/wp\/v2\/types\/page"}],"author":[{"embeddable":true,"href":"https:\/\/www.deepspot.com\/es\/wp-json\/wp\/v2\/users\/18"}],"replies":[{"embeddable":true,"href":"https:\/\/www.deepspot.com\/es\/wp-json\/wp\/v2\/comments?post=15042"}],"version-history":[{"count":18,"href":"https:\/\/www.deepspot.com\/es\/wp-json\/wp\/v2\/pages\/15042\/revisions"}],"predecessor-version":[{"id":44930,"href":"https:\/\/www.deepspot.com\/es\/wp-json\/wp\/v2\/pages\/15042\/revisions\/44930"}],"up":[{"embeddable":true,"href":"https:\/\/www.deepspot.com\/es\/wp-json\/wp\/v2\/pages\/4615"}],"wp:attachment":[{"href":"https:\/\/www.deepspot.com\/es\/wp-json\/wp\/v2\/media?parent=15042"}],"curies":[{"name":"wp","href":"https:\/\/api.w.org\/{rel}","templated":true}]}}