{"id":24039,"date":"2022-05-31T14:48:48","date_gmt":"2022-05-31T12:48:48","guid":{"rendered":"https:\/\/www.deepspot.com\/todo-sobre-las-boyas\/"},"modified":"2024-05-20T10:49:32","modified_gmt":"2024-05-20T08:49:32","slug":"todo-sobre-las-boyas","status":"publish","type":"page","link":"https:\/\/www.deepspot.com\/es\/trabajando\/todo-sobre-las-boyas\/","title":{"rendered":"Todo sobre las boyas"},"content":{"rendered":"<div id=\"hero-block_5f32490b77998\" class=\"hero-block\">\r\n  <div class=\"row outer-container\">\r\n    <div>\r\n      <img decoding=\"async\" lazy src=\"data:image\/gif;base64,R0lGODlhAQABAAD\/ACwAAAAAAQABAAACADs%3D\" data-src=\"https:\/\/eco3ygde435.exactdn.com\/wp-content\/uploads\/sites\/2\/2022\/06\/bojki.jpg?strip=all\" alt=\"\">\r\n          <\/div>\r\n    <div>\r\n      <h2>Todo sobre las boyas<\/h2><p>Taller gratuito en la piscina de inmersi\u00f3n m\u00e1s profunda de Europa.\n\u00bfHa o\u00eddo hablar de Deepspot pero a\u00fan no ha tenido la oportunidad de bucear en la piscina m\u00e1s profunda de Europa? \u00bfO quiz\u00e1s ya nos ha visitado y ahora quiere m\u00e1s?\nEn ambos casos, \u00a1tenemos algo especial!<br>\n<b>Compre un pase para una persona certificada (m\u00ednimo OWD o certificaci\u00f3n paralela) y reciba un taller gratuito <\/b>impartido en Deepspot por los que probablemente sean los mejores instructores del sector del buceo.\n<\/p>    <\/div>\r\n  <\/div>\r\n<\/div><!-- block -->\r\n<div id=\"product-details-block_5f325b7d0e130\" class=\"product-details-block\">\r\n  <div class=\"row container\">\r\n    <div>\r\n      <h2 class=\"title\">Detalles del producto<\/h2>      <p class=\"desc\">Una boya es una pieza del equipo de buceo con la que todo submarinista que planee un viaje a aguas abiertas debe estar bien familiarizado. El uso adecuado de la boya aumenta la visibilidad del buceador en el agua, lo que puede resultar especialmente \u00fatil cuando se bucea desde una embarcaci\u00f3n en mar abierto o se tiene que salir a la superficie en medio de un lago.  \nSi quiere mantener su seguridad y la de sus compa\u00f1eros de buceo, no deje de asistir al taller, que incluye ejercicios te\u00f3ricos y pr\u00e1cticos.\n<\/p>      <ul>            <li>\r\n              <p>\u00bfC\u00d3MO PARTICIPAR?<\/p>\r\n              <strong> Compra un boleto para una persona certificada y recibe un taller gratis<\/strong>\r\n            <\/li>\r\n                      <li>\r\n              <p>Certificado requerido<\/p>\r\n              <strong>m\u00ednimo Scuba Diver \/ Indoor \/ OWD &#8211; o sus equivalentes<\/strong>\r\n            <\/li>\r\n                      <li>\r\n              <p>Lleva contigo<\/p>\r\n              <strong>ORDENADOR DE BUCEO (OBLIGATORIO), ZAPATILLAS, BA\u00d1ADOR, TOALLA, OPCIONAL: ALETAS, M\u00c1SCARA, CALCETINES DE NEOPRENO PARA ALETAS <\/strong>\r\n            <\/li>\r\n                      <li>\r\n              <p>Duraci\u00f3n del taller<\/p>\r\n              <strong>el tema es discutido por el instructor unos 45 minutos, ejercicios pr\u00e1cticos en el agua 1 hora, resumen despu\u00e9s de las clases unos 30 minutos<\/strong>\r\n            <\/li>\r\n          <\/ul>      <div class=\"button-list-wrap\"><div class=\"button-list button-type-both\"><div><a class=\"alternate_ybb\" href=\"https:\/\/cs.deepspot.com\/offer?steps=deepspot_diving-courses_wait-for-diving-course-list_32_diving-course-people-number-confirm-button\" target=\"_self\"><img decoding=\"async\" lazy src=\"data:image\/gif;base64,R0lGODlhAQABAAD\/ACwAAAAAAQABAAACADs%3D\" data-src=\"https:\/\/eco3ygde435.exactdn.com\/wp-content\/uploads\/sites\/2\/2022\/06\/250_2.jpg?strip=all\" alt=\"\"><strong>Aprovecha la promoci\u00f3n y reserva un taller por 0 PLN<\/strong><\/a><\/div><\/div><\/div><div class=\"button-list-2 button-fix-yes\"><a href=\"#22784\" target=\"_self\"><strong>lub skorzystaj z promocji p\u00f3\u017aniej<\/strong><\/a><\/div>    <\/div>\r\n  <\/div>\r\n<\/div><!-- block -->\r\n<div id=\"form-popup-block_628f233ac9df4\" class=\"form-popup-block\" data-timeout=\"\">\r\n  <div class=\"row container\">\r\n    <div>\r\n            <div class=\"wpforms-container wpforms-container-save-resume\" id=\"wpforms-22784\"><form id=\"wpforms-form-22784\" class=\"wpforms-validate wpforms-form\" data-formid=\"22784\" method=\"post\" enctype=\"multipart\/form-data\" action=\"\/es\/wp-json\/wp\/v2\/pages\/24039\" data-token=\"101c595ae094f7a72efd54811f84a427\" data-token-time=\"1775275973\"><div class=\"wpforms-head-container\"><div class=\"wpforms-title\">&quot;Todo sobre los Boykins &#8211; dejar un contacto<\/div><\/div><noscript class=\"wpforms-error-noscript\">Por favor, activa JavaScript en tu navegador para completar este formulario.<\/noscript><div class=\"wpforms-field-container\"><div id=\"wpforms-22784-field_0-container\" class=\"wpforms-field wpforms-field-name\" data-field-id=\"0\"><label class=\"wpforms-field-label wpforms-label-hide\" for=\"wpforms-22784-field_0\">Nombre <span class=\"wpforms-required-label\">*<\/span><\/label><input type=\"text\" id=\"wpforms-22784-field_0\" class=\"wpforms-field-medium wpforms-field-required\" name=\"wpforms[fields][0]\" placeholder=\"Nombre\" required><\/div><div id=\"wpforms-22784-field_3-container\" class=\"wpforms-field wpforms-field-phone\" data-field-id=\"3\"><label class=\"wpforms-field-label wpforms-label-hide\" for=\"wpforms-22784-field_3\">Tel\u00e9fono <span class=\"wpforms-required-label\">*<\/span><\/label><input type=\"tel\" id=\"wpforms-22784-field_3\" class=\"wpforms-field-medium wpforms-field-required wpforms-smart-phone-field\" data-rule-smart-phone-field=\"true\" name=\"wpforms[fields][3]\" placeholder=\"Tel\u00e9fono\" aria-label=\"Tel\u00e9fono\" required><\/div><div id=\"wpforms-22784-field_8-container\" class=\"wpforms-field wpforms-field-email\" data-field-id=\"8\"><label class=\"wpforms-field-label wpforms-label-hide\" for=\"wpforms-22784-field_8\">Email <span class=\"wpforms-required-label\">*<\/span><\/label><input type=\"email\" id=\"wpforms-22784-field_8\" class=\"wpforms-field-medium wpforms-field-required\" name=\"wpforms[fields][8]\" placeholder=\"Email\" spellcheck=\"false\" required><\/div><div id=\"wpforms-22784-field_6-container\" class=\"wpforms-field wpforms-field-checkbox\" data-field-id=\"6\"><label class=\"wpforms-field-label wpforms-label-hide\">Casillas de verificaci\u00f3n <span class=\"wpforms-required-label\">*<\/span><\/label><ul id=\"wpforms-22784-field_6\" class=\"wpforms-field-required\"><li class=\"choice-1 depth-1\"><input type=\"checkbox\" id=\"wpforms-22784-field_6_1\" name=\"wpforms[fields][6][]\" value=\"Consiento el tratamiento de los datos facilitados en el formulario de acuerdo con la &lt;a target=&quot;_blank&quot; href=&quot;https:\/\/www.deepspot.com\/es\/politica-de-privacidad\/&quot;&gt;Pol\u00edtica de Privacidad&lt;\/a&gt;\" required ><label class=\"wpforms-field-label-inline\" for=\"wpforms-22784-field_6_1\">Consiento el tratamiento de los datos facilitados en el formulario de acuerdo con la <a target=\"_blank\" href=\"https:\/\/www.deepspot.com\/es\/politica-de-privacidad\/\">Pol\u00edtica de Privacidad<\/a><\/label><\/li><\/ul><\/div><\/div><!-- .wpforms-field-container --><div class=\"wpforms-recaptcha-container wpforms-is-recaptcha wpforms-is-recaptcha-type-invisible\" ><div class=\"g-recaptcha\" data-sitekey=\"6LcMArsZAAAAAIr72bVExYOguqD14Nf2vW8sTDwd\" data-size=\"invisible\"><\/div><\/div><div class=\"wpforms-submit-container\" ><input type=\"hidden\" name=\"wpforms[id]\" value=\"22784\"><input type=\"hidden\" name=\"page_title\" value=\"\"><input type=\"hidden\" name=\"page_url\" value=\"https:\/\/www.deepspot.com\/es\/wp-json\/wp\/v2\/pages\/24039\"><input type=\"hidden\" name=\"url_referer\" value=\"\"><button type=\"submit\" name=\"wpforms[submit]\" id=\"wpforms-submit-22784\" class=\"wpforms-submit\" data-alt-text=\"Enviando...\" data-submit-text=\"Enviar\" aria-live=\"assertive\" value=\"wpforms-submit\">Enviar<\/button><\/div><\/form><\/div>  <!-- .wpforms-container -->      <a class=\"close-form-popup\" href=\"#\">cerrar <svg xmlns=\"http:\/\/www.w3.org\/2000\/svg\" width=\"23\" height=\"23\" viewBox=\"0 0 23 23\"><g><g><g><path fill=\"none\" stroke=\"#9ca0a3\" stroke-linejoin=\"round\" stroke-miterlimit=\"50\" stroke-width=\"\" d=\"M22 1L1 22\"><\/path><\/g><g><path fill=\"none\" stroke=\"#9ca0a3\" stroke-linejoin=\"round\" stroke-miterlimit=\"50\" stroke-width=\"\" d=\"M22 22L1 1\"><\/path><\/g><\/g><\/g><\/svg><\/a>\r\n    <\/div>\r\n  <\/div>\r\n<\/div><!-- block -->\r\n<div id=\"fancy-display-block_6290989f947dd\" class=\"fancy-display-block fancy-repeater-block\">\r\n  <div class=\"row container\">\r\n          <div class=\"fancy-repeater-item\">\r\n        <div class=\"text-container\">\r\n          <h2 class=\"title\">Todo sobre las boyas<\/h2>\r\n                    <p>Una boya es una pieza del equipo de buceo que todo submarinista debe conocer bien y saber utilizar correctamente. El uso adecuado de la boya aumenta la seguridad del buceador: \u00a1la visibilidad del buceador en el agua mientras bucea desde el barco en mar abierto o en una emergencia! <\/p>\r\n          <div class=\"buttons\"><a class=\"btn\" href=\"https:\/\/cs.deepspot.com\/offer?steps=deepspot_diving-courses_wait-for-diving-course-list_32_diving-course-people-number-confirm-button\" target=\"_self\">Reserve<\/a><\/div>        <\/div>\r\n        <div>\r\n          <img decoding=\"async\" lazy src=\"data:image\/gif;base64,R0lGODlhAQABAAD\/ACwAAAAAAQABAAACADs%3D\" data-src=\"https:\/\/eco3ygde435.exactdn.com\/wp-content\/uploads\/sites\/2\/2022\/05\/Bojka-670x670-1.jpg?strip=all\" alt=\"\">\r\n        <\/div>\r\n      <\/div>\r\n          <div class=\"fancy-repeater-item\">\r\n        <div class=\"text-container with-subtitle\">\r\n          <h2 class=\"title\">MENOR CONSUMO DE AIRE<\/h2>\r\n          <strong class=\"subtitle\">\u00bfO tal vez usted tambi\u00e9n est\u00e1 interesado?<\/strong>          <p>El taller &#8220;Utilizar menos aire&#8221; consiste en saber respirar y moverse bajo el agua de forma correcta y segura para llegar a un nivel superior de inmersi\u00f3n y &#8220;beberse&#8221; la bombona m\u00e1s lentamente. No se trata s\u00f3lo de conocimientos \u00e1ridos, sino tambi\u00e9n de la oportunidad de practicar nuevas habilidades en la piscina m\u00e1s profunda de Europa.<\/p>\r\n          <div class=\"buttons\"><a class=\"btn\" href=\"https:\/\/cs.deepspot.com\/offer?steps=deepspot_diving-courses_wait-for-diving-course-list_31_diving-course-people-number-confirm-button\" target=\"_self\">Reserve<\/a><\/div>        <\/div>\r\n        <div>\r\n          <img decoding=\"async\" lazy src=\"data:image\/gif;base64,R0lGODlhAQABAAD\/ACwAAAAAAQABAAACADs%3D\" data-src=\"https:\/\/eco3ygde435.exactdn.com\/wp-content\/uploads\/sites\/2\/2022\/05\/Pedro-670x670-1.jpg?strip=all\" alt=\"\">\r\n        <\/div>\r\n      <\/div>\r\n      <\/div>\r\n<\/div><!-- block -->\r\n","protected":false},"excerpt":{"rendered":"","protected":false},"author":18,"featured_media":22670,"parent":36683,"menu_order":23,"comment_status":"closed","ping_status":"closed","template":"","meta":{"_acf_changed":false,"footnotes":""},"class_list":["post-24039","page","type-page","status-publish","has-post-thumbnail","hentry"],"acf":[],"_links":{"self":[{"href":"https:\/\/www.deepspot.com\/es\/wp-json\/wp\/v2\/pages\/24039","targetHints":{"allow":["GET"]}}],"collection":[{"href":"https:\/\/www.deepspot.com\/es\/wp-json\/wp\/v2\/pages"}],"about":[{"href":"https:\/\/www.deepspot.com\/es\/wp-json\/wp\/v2\/types\/page"}],"author":[{"embeddable":true,"href":"https:\/\/www.deepspot.com\/es\/wp-json\/wp\/v2\/users\/18"}],"replies":[{"embeddable":true,"href":"https:\/\/www.deepspot.com\/es\/wp-json\/wp\/v2\/comments?post=24039"}],"version-history":[{"count":7,"href":"https:\/\/www.deepspot.com\/es\/wp-json\/wp\/v2\/pages\/24039\/revisions"}],"predecessor-version":[{"id":44896,"href":"https:\/\/www.deepspot.com\/es\/wp-json\/wp\/v2\/pages\/24039\/revisions\/44896"}],"up":[{"embeddable":true,"href":"https:\/\/www.deepspot.com\/es\/wp-json\/wp\/v2\/pages\/36683"}],"wp:featuredmedia":[{"embeddable":true,"href":"https:\/\/www.deepspot.com\/es\/wp-json\/wp\/v2\/media\/22670"}],"wp:attachment":[{"href":"https:\/\/www.deepspot.com\/es\/wp-json\/wp\/v2\/media?parent=24039"}],"curies":[{"name":"wp","href":"https:\/\/api.w.org\/{rel}","templated":true}]}}