{"id":29871,"date":"2023-02-07T17:04:44","date_gmt":"2023-02-07T16:04:44","guid":{"rendered":"https:\/\/www.deepspot.com\/?page_id=29871"},"modified":"2025-10-15T15:37:59","modified_gmt":"2025-10-15T13:37:59","slug":"junior-scuba-diver","status":"publish","type":"page","link":"https:\/\/www.deepspot.com\/es\/para-quien\/buceo-con-botella\/junior-scuba-diver\/","title":{"rendered":"Curso Junior Scuba Diver"},"content":{"rendered":"\n<p><strong>PARA J\u00d3VENES DE 10 A 14 A\u00d1OS<\/strong><\/p>\n<div id=\"hero-block_a5fd7bdabf13bc0011b76c033c78a2a3\" class=\"hero-block\">\r\n  <div class=\"row outer-container\">\r\n    <div>\r\n      <img decoding=\"async\" lazy src=\"data:image\/gif;base64,R0lGODlhAQABAAD\/ACwAAAAAAQABAAACADs%3D\" data-src=\"https:\/\/eco3ygde435.exactdn.com\/wp-content\/uploads\/sites\/2\/2025\/06\/ncoqeG.jpg?strip=all\" alt=\"\">\r\n          <\/div>\r\n    <div>\r\n      <h2>Comienza tu viaje de buceo en versi\u00f3n ligera<\/h2><p>\u00a1Primer certificado de buceo para j\u00f3venes exploradores del mundo submarino! Durante el curso de formaci\u00f3n de dos d\u00edas, los ni\u00f1os y adolescentes aprenden los fundamentos de la teor\u00eda, el uso seguro del equipo y realizan sus primeras inmersiones hasta 12 m, siempre bajo la atenta mirada de un instructor. Al finalizar el curso, tu hijo recibir\u00e1 un certificado internacional de Junior Scuba Diver.  \r\n<\/p>    <\/div>\r\n  <\/div>\r\n<\/div><!-- block -->\r\n<div id=\"product-details-block_535a0d4185a454f0733ead1a879359c4\" class=\"product-details-block\">\r\n  <div class=\"row container\">\r\n    <div>\r\n      <h2 class=\"title\">Descripci\u00f3n de las atracciones<\/h2>      <p class=\"desc\">\u00bfSue\u00f1a tu hijo con bucear y explorar el mundo submarino? El curso Junior Scuba Diver es el primer paso ideal hacia una aventura segura y fascinante bajo el agua, bajo la direcci\u00f3n de un instructor experimentado, en las condiciones \u00fanicas de la piscina m\u00e1s profunda de Europa.   <br><br>\r\nSum\u00e9rgete en la oferta especialmente si:<br>\ud83e\udee7 No tienes experiencia de buceo o has completado una clase introductoria<br>\ud83e\udee7 Quieres desarrollar tus habilidades con seguridad y prepararte para las siguientes etapas de formaci\u00f3n<br>\ud83e\udee7 Sue\u00f1as con el buceo recreativo bajo la direcci\u00f3n de un profesional en todas las aguas del mundo<br>\ud83e\udee7 Quieres progresar a la certificaci\u00f3n Junior Indoor Diver\/ Junior OWD a tu propio ritmo &#8211; Scuba Diver se acreditar\u00e1 como primera etapa.<br><br>\u00bfQu\u00e9 ofrecemos?<br>\ud83e\udee7 Un curso de formaci\u00f3n de dos d\u00edas que combina teor\u00eda y pr\u00e1ctica en las condiciones \u00fanicas de Deepspot<br>\ud83e\udee7 Ejercicios en el agua desde el aprendizaje en la parte poco profunda hasta inmersiones de hasta 12 metros<br>\ud83e\udee7 Mejora de la flotabilidad, la flotabilidad, la orientaci\u00f3n bajo el agua y pr\u00e1ctica de situaciones de emergencia y trabajo con un compa\u00f1ero<br>\ud83e\udee7 Material de formaci\u00f3n proporcionado en el sitio web de la organizaci\u00f3n SSI<br>\ud83e\udee7 Todo lo que necesitas est\u00e1 incluido en el precio. Te proporcionamos todo el material necesario<br>\ud83e\udee7 Grupos \u00edntimos o clases individuales. El ritmo siempre se adaptar\u00e1 a ti  <br><br>\r\nLos cursos se imparten en grupos reducidos -un m\u00e1ximo de cuatro personas por instructor-, lo que te da la confianza necesaria para respirar con tranquilidad y encontrar la respuesta a cada pregunta.<br><br>\r\nMerece la pena porque:<br>\ud83e\udee7 Te entrenas en la piscina m\u00e1s profunda de Europa &#8211; hasta 45 metros de profundidad<br>\ud83e\udee7 Te sumerges en condiciones ex\u00f3ticas &#8211; agua clara a 32\u00b0C<br>\ud83e\udee7 Utilizas equipo moderno, revisado regularmente<br>\ud83e\udee7 Cuentas con el apoyo de instructores internacionales experimentados<br>\ud83e\udee7 Es el lugar perfecto para adquirir confianza y una buena t\u00e9cnica.<br><br>\r\nAl finalizar el curso, recibir\u00e1s el certificado internacional Junior Scuba Diver de la organizaci\u00f3n SSI, que te habilita para bucear en aguas confinadas y abiertas con la asistencia de un Instructor o Divemaster hasta 12 m.<br><br>\r\nRequisitos previos: Saber nadar &#8211; nadar 200 m estilo libre, completar los materiales de formaci\u00f3n en l\u00ednea proporcionados antes del curso en el sitio web de SSI y aprobar el examen en l\u00ednea.<br><br><br>\r\n\r\n\u00bfQu\u00e9 merece la pena saber?<\/p>      <ul>            <li>\r\n              <p>Duraci\u00f3n  <\/p>\r\n              <strong>2 d\u00edas (aprox. 13h, incluyendo 4 sesiones de piscina)<\/strong>\r\n            <\/li>\r\n                      <li>\r\n              <p>Edad m\u00ednima del participante<\/p>\r\n              <strong>10 a\u00f1os<\/strong>\r\n            <\/li>\r\n                      <li>\r\n              <p>Te sumergir\u00e1s hasta profundidades<\/p>\r\n              <strong>12m<\/strong>\r\n            <\/li>\r\n                      <li>\r\n              <p>Como regalo<\/p>\r\n              <strong>v\u00eddeo corto del fotomat\u00f3n submarino<\/strong>\r\n            <\/li>\r\n                      <li>\r\n              <p>Proporcionamos  <\/p>\r\n              <strong>Todo el equipo de buceo. Lleva contigo s\u00f3lo ba\u00f1ador, toalla y chanclas. <\/strong>\r\n            <\/li>\r\n                      <li>\r\n              <p>No olvides<\/p>\r\n              <strong>Divi\u00e9rtete y te infundiremos toda la energ\u00eda<\/strong>\r\n            <\/li>\r\n                      <li>\r\n              <p>precio<\/p>\r\n              <strong>1599 PLN<\/strong>\r\n            <\/li>\r\n          <\/ul>      <div class=\"button-list-wrap\"><div class=\"button-list button-type-both\"><div><a class=\"alternate_ybb\" href=\"https:\/\/cs.deepspot.com\/offer?steps=deepspot_diving-courses_wait-for-diving-course-list_38_diving-course-people-number-confirm-button\" target=\"_blank\"><img decoding=\"async\" lazy src=\"data:image\/gif;base64,R0lGODlhAQABAAD\/ACwAAAAAAQABAAACADs%3D\" data-src=\"https:\/\/eco3ygde435.exactdn.com\/wp-content\/uploads\/sites\/2\/2020\/08\/calendar-grid-58.png?strip=all\" alt=\"\"><strong>Zarezerwuj<\/strong><\/a><\/div><div><a class=\"css-default\" href=\"https:\/\/www.deepspot.com\/pl\/frequently-asked-questions\/\" target=\"_blank\"><img decoding=\"async\" lazy src=\"data:image\/gif;base64,R0lGODlhAQABAAD\/ACwAAAAAAQABAAACADs%3D\" data-src=\"https:\/\/eco3ygde435.exactdn.com\/wp-content\/uploads\/sites\/2\/2020\/08\/presentation.png?strip=all\" alt=\"\"><strong>Najcz\u0119\u015bciej zadawane pytania<\/strong><\/a><\/div><\/div><\/div>    <\/div>\r\n  <\/div>\r\n<\/div><!-- block -->\r\n<p><strong>SALUD<\/strong><br data-rich-text-line-break=\"true\">El buceo es un deporte recreativo al alcance de casi todo el mundo. Si su estado de salud es bueno, lo m\u00e1s probable es que no necesite permiso de su m\u00e9dico, aunque en algunos casos especiales puede ser necesario. Si quiere estar seguro, puede consultar la norma<br data-rich-text-line-break=\"true\"><a href=\"https:\/\/eco3ygde435.exactdn.com\/wp-content\/uploads\/sites\/2\/2023\/10\/TR-MEDICAL-DIVER_Polish.pdf\" target=\"_blank\" rel=\"noreferrer noopener\">formulario m\u00e9dico<\/a>.<\/p>\n","protected":false},"excerpt":{"rendered":"<p>PARA J\u00d3VENES DE 10 A 14 A\u00d1OS SALUDEl buceo es un deporte recreativo al alcance de casi todo el mundo. Si su estado de salud es bueno, lo m\u00e1s probable es que no necesite permiso de su m\u00e9dico, aunque en algunos casos especiales puede ser necesario. Si quiere estar seguro, puede consultar la normaformulario m\u00e9dico.<\/p>\n","protected":false},"author":18,"featured_media":53533,"parent":4597,"menu_order":9,"comment_status":"closed","ping_status":"closed","template":"","meta":{"_acf_changed":false,"footnotes":""},"class_list":["post-29871","page","type-page","status-publish","has-post-thumbnail","hentry"],"acf":[],"_links":{"self":[{"href":"https:\/\/www.deepspot.com\/es\/wp-json\/wp\/v2\/pages\/29871","targetHints":{"allow":["GET"]}}],"collection":[{"href":"https:\/\/www.deepspot.com\/es\/wp-json\/wp\/v2\/pages"}],"about":[{"href":"https:\/\/www.deepspot.com\/es\/wp-json\/wp\/v2\/types\/page"}],"author":[{"embeddable":true,"href":"https:\/\/www.deepspot.com\/es\/wp-json\/wp\/v2\/users\/18"}],"replies":[{"embeddable":true,"href":"https:\/\/www.deepspot.com\/es\/wp-json\/wp\/v2\/comments?post=29871"}],"version-history":[{"count":14,"href":"https:\/\/www.deepspot.com\/es\/wp-json\/wp\/v2\/pages\/29871\/revisions"}],"predecessor-version":[{"id":57514,"href":"https:\/\/www.deepspot.com\/es\/wp-json\/wp\/v2\/pages\/29871\/revisions\/57514"}],"up":[{"embeddable":true,"href":"https:\/\/www.deepspot.com\/es\/wp-json\/wp\/v2\/pages\/4597"}],"wp:featuredmedia":[{"embeddable":true,"href":"https:\/\/www.deepspot.com\/es\/wp-json\/wp\/v2\/media\/53533"}],"wp:attachment":[{"href":"https:\/\/www.deepspot.com\/es\/wp-json\/wp\/v2\/media?parent=29871"}],"curies":[{"name":"wp","href":"https:\/\/api.w.org\/{rel}","templated":true}]}}