{"id":44137,"date":"2024-05-16T10:20:35","date_gmt":"2024-05-16T08:20:35","guid":{"rendered":"https:\/\/www.deepspot.com\/?page_id=44137"},"modified":"2024-05-29T09:32:55","modified_gmt":"2024-05-29T07:32:55","slug":"garmin-2","status":"publish","type":"page","link":"https:\/\/www.deepspot.com\/es\/como-lo-hacemos\/socios\/garmin-2\/","title":{"rendered":"DAN Europa"},"content":{"rendered":"<div id=\"fancy-display-block_ad200dafcc7518fa120453715bd61a0e\" class=\"fancy-display-block fancy-repeater-block\">\r\n  <div class=\"row container\">\r\n          <div class=\"fancy-repeater-item\">\r\n        <div class=\"text-container\">\r\n          <h2 class=\"title\">HIRA EN DEEPSPOT<\/h2>\r\n                    <p>El programa HIRA (Identificaci\u00f3n de Peligros y Evaluaci\u00f3n de Riesgos) de la DAN ayuda a los propietarios, gestores, personal de los centros de buceo y profesionales del buceo a identificar los riesgos antes de que se produzcan lesiones personales o da\u00f1os materiales.\n<br><br>\nEl principal beneficio de introducir el programa HIRA desarrollado por DAN es reducir la probabilidad de que se produzca un accidente y minimizar las consecuencias y el impacto en la vida posterior del buceador.\n<br><br>\nEl programa se centra en una evaluaci\u00f3n realista y pragm\u00e1tica de los riesgos que podr\u00edan tener consecuencias graves y proporciona herramientas y estrategias para minimizar proactivamente el impacto de los accidentes.\n<br><br><\/p>\r\n                  <\/div>\r\n        <div>\r\n          <img decoding=\"async\" lazy src=\"data:image\/gif;base64,R0lGODlhAQABAAD\/ACwAAAAAAQABAAACADs%3D\" data-src=\"https:\/\/eco3ygde435.exactdn.com\/wp-content\/uploads\/sites\/2\/2024\/05\/cert-lvl-2-670.png?strip=all\" alt=\"\">\r\n        <\/div>\r\n      <\/div>\r\n          <div class=\"fancy-repeater-item\">\r\n        <div class=\"text-container\">\r\n          <h2 class=\"title\"><\/h2>\r\n                    <p><b><a href=\"https:\/\/www.deepspot.com\/wp-content\/uploads\/sites\/2\/2024\/05\/HIRA1_diploma_Deepspot-2023.pdf\"><u>NIVEL 1<\/b><\/u><\/a><br>\nEl director o profesional de buceo debe tener la formaci\u00f3n y el equipo b\u00e1sicos para asistir a un accidentado y planificar y afrontar una situaci\u00f3n de emergencia. Deepspot obtuvo esta certificaci\u00f3n en mayo de 2023.\n<br><br>\n<b><a href=\"https:\/\/www.deepspot.com\/wp-content\/uploads\/sites\/2\/2024\/05\/HIRA2_diploma_Deepspot-2024.pdf\"><u>NIVEL 2<\/u><\/a><\/b><br>\nRequiere m\u00e1s formaci\u00f3n, as\u00ed como la aplicaci\u00f3n y pr\u00e1ctica de una gama m\u00e1s amplia de procedimientos operativos y planes de acci\u00f3n de emergencia. Deepspot obtuvo esta certificaci\u00f3n en febrero de 2024.\n<br><br>\n<b>NIVEL 3<\/b><br>\nProporciona una evaluaci\u00f3n de riesgos completa y detallada. A este nivel, se comprueban pr\u00e1cticamente todos los elementos de las operaciones de la empresa y del centro de buceo, y se requieren planes de emergencia adicionales en funci\u00f3n de la gama de actividades. Deepspot est\u00e1 implantando los procedimientos requeridos a este nivel y est\u00e1 a la espera de una auditor\u00eda por parte de representantes de DAN Europe en 2024.\n<br><br>\n\n<\/p>\r\n          <div class=\"buttons\"><a href=\"https:\/\/deepspot.com\" target=\"_self\">Leer m\u00e1s sobre Hira<\/a><\/div>        <\/div>\r\n        <div>\r\n          <img decoding=\"async\" lazy src=\"data:image\/gif;base64,R0lGODlhAQABAAD\/ACwAAAAAAQABAAACADs%3D\" data-src=\"https:\/\/eco3ygde435.exactdn.com\/wp-content\/uploads\/sites\/2\/2024\/05\/cert-lvl-1-670.png?strip=all\" alt=\"\">\r\n        <\/div>\r\n      <\/div>\r\n          <div class=\"fancy-repeater-item\">\r\n        <div class=\"text-container\">\r\n          <h2 class=\"title\">Seguro Deepspot<\/h2>\r\n                    <p><a href=\"https:\/\/www.deepspot.com\/wp-content\/uploads\/sites\/2\/2024\/05\/Ubezpieczenie_DAN_24_10_2023.pdf\"><b><u>Deepspot, como centro de buceo, dispone<\/a> <a href=\"https:\/\/www.deepspot.com\/wp-content\/uploads\/sites\/2\/2024\/05\/Ubezpieczenie_DAN_24_10_2023.pdf\">del seguro DAN Dive Centre Plus<\/b><\/u><\/a>, que protege frente a la responsabilidad civil e incluye la defensa en juicio por los servicios de buceo prestados. Cubre tanto las actividades del Centro de Buceo como las de todos los instructores Deepspot empleados.  <\/p>\r\n                  <\/div>\r\n        <div>\r\n          <img decoding=\"async\" lazy src=\"data:image\/gif;base64,R0lGODlhAQABAAD\/ACwAAAAAAQABAAACADs%3D\" data-src=\"https:\/\/eco3ygde435.exactdn.com\/wp-content\/uploads\/sites\/2\/2024\/05\/certyfikat-470.png?strip=all\" alt=\"\">\r\n        <\/div>\r\n      <\/div>\r\n          <div class=\"fancy-repeater-item\">\r\n        <div class=\"text-container\">\r\n          <h2 class=\"title\">Aseg\u00farate en Dan<\/h2>\r\n                    <p>DAN te ofrece el seguro que necesitas en el extranjero como buceador y viajero. DAN SPORT es el plan de seguro de accidentes de buceo m\u00e1s popular para buceadores recreativos, apne\u00edstas, instructores y buceadores t\u00e9cnicos.  <\/p>\r\n          <div class=\"buttons\"><a href=\"https:\/\/www.daneurope.org\/en\/buy-dive-insurance#!\/partnerCode=1069450\" target=\"_self\">Enlace al seguro<\/a><\/div>        <\/div>\r\n        <div>\r\n          <img decoding=\"async\" lazy src=\"data:image\/gif;base64,R0lGODlhAQABAAD\/ACwAAAAAAQABAAACADs%3D\" data-src=\"https:\/\/eco3ygde435.exactdn.com\/wp-content\/uploads\/sites\/2\/2024\/05\/certyfikat-570.png?strip=all\" alt=\"\">\r\n        <\/div>\r\n      <\/div>\r\n      <\/div>\r\n<\/div><!-- block -->\r\n\n<div class=\"wp-block-columns alignfull has-text-color has-background is-layout-flex wp-container-core-columns-is-layout-9d6595d7 wp-block-columns-is-layout-flex\" style=\"color:#000000;background-color:#ffffff\">\n<div class=\"wp-block-column is-layout-flow wp-block-column-is-layout-flow\">\n<h3 class=\"wp-block-heading\" style=\"font-size:24px;line-height:1.3\">\n          <strong>Acerca de DAN Europe Seguros<\/strong>\n        <\/h3>\n\n\n\n<p>Seguro de accidentes de buceo DAN SPORT para buceadores recreativos, apne\u00edstas, instructores y buceadores t\u00e9cnicos . La protecci\u00f3n que necesitas como buceador y viajero.  <\/p>\n\n\n\n<p>\n          <br\/>\n        <\/p><p>Por qu\u00e9 es una buena idea tener un seguro de buceo durante un viaje de buceo:  <\/p><br\/>\n\n\n\n<ul class=\"wp-block-list\">\n<li>La gesti\u00f3n de un accidente de buceo requiere conocimientos y habilidades especializados tanto en cuestiones m\u00e9dicas como de seguros.  <\/li>\n\n\n\n<li>Tanto si buceas en lugares locales como si prefieres viajar al extranjero, aseg\u00farate de que tienes la cobertura adecuada de una aseguradora fiable.  <\/li>\n\n\n\n<li>En algunos pa\u00edses de la UE, la \u00fanica opci\u00f3n de seguro disponible es el plan Sport Member, que es el equivalente al plan Sport Silver.  <\/li>\n<\/ul>\n<\/div>\n<\/div>\n\n<div class=\"wp-block-columns alignfull has-text-color has-background is-layout-flex wp-container-core-columns-is-layout-9d6595d7 wp-block-columns-is-layout-flex\" style=\"color:#000000;background-color:#ffffff\">\n<div class=\"wp-block-column is-layout-flow wp-block-column-is-layout-flow\">\n<h3 class=\"wp-block-heading\" style=\"font-size:24px;line-height:1.3\">\n          <strong>\u00bfQu\u00e9 cubre el seguro?<\/strong>\n        <\/h3>\n\n\n\n<p>Todos los planes Sport est\u00e1n dise\u00f1ados para proporcionarte cobertura de seguro en caso de emergencia mientras practicas el buceo recreativo o trabajas como profesional del buceo (con escafandra aut\u00f3noma o en apnea) en cualquier parte del mundo.  <\/p>\n\n\n\n<p>\n          <br\/>\n        <\/p><p>Los beneficios incluyen:  <\/p><br\/>\n\n\n\n<ul class=\"wp-block-list\">\n<li>Centro de emergencias y gesti\u00f3n de emergencias 24\/7  <\/li>\n\n\n\n<li>Atenci\u00f3n m\u00e9dica de urgencia, incluida la hospitalizaci\u00f3n y la terapia hiperb\u00e1rica en todo el mundo  <\/li>\n\n\n\n<li>Evacuaci\u00f3n m\u00e9dica de urgencia, incluido el vuelo en ambulancia a\u00e9rea  <\/li>\n\n\n\n<li>Seguro de fallecimiento o invalidez permanente  <\/li>\n\n\n\n<li>Cobertura de gastos m\u00e9dicos en caso de accidente no relacionado con el buceo o enfermedad inesperada en el extranjero  <\/li>\n\n\n\n<li>Afiliaci\u00f3n anual a DAN  <\/li>\n<\/ul>\n\n\n\n<p>La lista anterior es incompleta e incluye s\u00f3lo algunas de las muchas ventajas disponibles.  <\/p>\n\n\n\n<p>Tambi\u00e9n pueden aplicarse exclusiones y otras condiciones, y la cobertura puede no estar disponible en todos los pa\u00edses.  <\/p>\n<\/div>\n<\/div>\n\n<p><\/p>\n\n<div class=\"wp-block-columns alignfull has-text-color has-background is-layout-flex wp-container-core-columns-is-layout-9d6595d7 wp-block-columns-is-layout-flex\" style=\"color:#000000;background-color:#ffffff\">\n<div class=\"wp-block-column is-layout-flow wp-block-column-is-layout-flow\">\n<h3 class=\"wp-block-heading\" style=\"font-size:24px;line-height:1.3\">\n          <strong>\u00bfPara qui\u00e9n est\u00e1n pensados los planes SPORT?<\/strong>\n        <\/h3>\n\n\n\n<ul class=\"wp-block-list\">\n<li>Buceadores de hardware: disfrutas buceando con amigos o familiares en tu pa\u00eds de origen y en el extranjero. Explora nuevos lugares manteniendo la tranquilidad con el seguro adecuado.  <\/li>\n\n\n\n<li>Apne\u00edstas -apnea est\u00e1tica o din\u00e1mica, buceo con lastre fijo o variable- estos planes est\u00e1n dise\u00f1ados para proporcionarte cobertura de seguro para cualquier forma de buceo con contenci\u00f3n de la respiraci\u00f3n, incluidas las competiciones.  <\/li>\n\n\n\n<li>Profesionales del buceo: \u00bferes instructor de buceo, divemaster o gu\u00eda de buceo? Aseg\u00farate de estar protegido en caso de enfermedad imprevista o accidente de buceo. Los planes Sport no incluyen el seguro de responsabilidad civil. Si lo necesitas, consulta nuestros Planes Pro.  <\/li>\n\n\n\n<li>Buceadores t\u00e9cnicos: los planes Sport Silver o Sport Gold son la opci\u00f3n perfecta para ti, ya que no hay restricciones de profundidad ni de uso de mezclas de gases respirables y rebreathers.  <\/li>\n<\/ul>\n<\/div>\n<\/div>\n","protected":false},"excerpt":{"rendered":"<p>Acerca de DAN Europe Seguros Seguro de accidentes de buceo DAN SPORT para buceadores recreativos, apne\u00edstas, instructores y buceadores t\u00e9cnicos . La protecci\u00f3n que necesitas como buceador y viajero. Por qu\u00e9 es una buena idea tener un seguro de buceo durante un viaje de buceo: \u00bfQu\u00e9 cubre el seguro? Todos los planes Sport est\u00e1n dise\u00f1ados [&hellip;]<\/p>\n","protected":false},"author":18,"featured_media":0,"parent":27432,"menu_order":0,"comment_status":"closed","ping_status":"closed","template":"template-partner.php","meta":{"_acf_changed":false,"footnotes":""},"class_list":["post-44137","page","type-page","status-publish","hentry"],"acf":[],"yoast_head":"<!-- This site is optimized with the Yoast SEO plugin v27.4 - https:\/\/yoast.com\/product\/yoast-seo-wordpress\/ -->\n<title>DAN Europa | Deepspot<\/title>\n<meta name=\"description\" content=\"DAN Europa\" \/>\n<meta name=\"robots\" content=\"index, follow, max-snippet:-1, max-image-preview:large, max-video-preview:-1\" \/>\n<link rel=\"canonical\" href=\"https:\/\/www.deepspot.com\/es\/como-lo-hacemos\/socios\/garmin-2\/\" \/>\n<meta property=\"og:locale\" content=\"es_ES\" \/>\n<meta property=\"og:type\" content=\"article\" \/>\n<meta property=\"og:title\" content=\"DAN Europa | Deepspot\" \/>\n<meta property=\"og:description\" content=\"DAN Europa\" \/>\n<meta property=\"og:url\" content=\"https:\/\/www.deepspot.com\/es\/como-lo-hacemos\/socios\/garmin-2\/\" \/>\n<meta property=\"og:site_name\" content=\"Deepspot\" \/>\n<meta property=\"article:modified_time\" content=\"2024-05-29T07:32:55+00:00\" \/>\n<meta name=\"twitter:card\" content=\"summary_large_image\" \/>\n<meta name=\"twitter:label1\" content=\"Tiempo de lectura\" \/>\n\t<meta name=\"twitter:data1\" content=\"2 minutos\" \/>\n<script type=\"application\/ld+json\" class=\"yoast-schema-graph\">{\"@context\":\"https:\\\/\\\/schema.org\",\"@graph\":[{\"@type\":\"WebPage\",\"@id\":\"https:\\\/\\\/www.deepspot.com\\\/es\\\/como-lo-hacemos\\\/socios\\\/garmin-2\\\/\",\"url\":\"https:\\\/\\\/www.deepspot.com\\\/es\\\/como-lo-hacemos\\\/socios\\\/garmin-2\\\/\",\"name\":\"DAN Europa | Deepspot\",\"isPartOf\":{\"@id\":\"https:\\\/\\\/www.deepspot.com\\\/pl\\\/#website\"},\"datePublished\":\"2024-05-16T08:20:35+00:00\",\"dateModified\":\"2024-05-29T07:32:55+00:00\",\"description\":\"DAN Europa\",\"breadcrumb\":{\"@id\":\"https:\\\/\\\/www.deepspot.com\\\/es\\\/como-lo-hacemos\\\/socios\\\/garmin-2\\\/#breadcrumb\"},\"inLanguage\":\"es\",\"potentialAction\":[{\"@type\":\"ReadAction\",\"target\":[\"https:\\\/\\\/www.deepspot.com\\\/es\\\/como-lo-hacemos\\\/socios\\\/garmin-2\\\/\"]}]},{\"@type\":\"BreadcrumbList\",\"@id\":\"https:\\\/\\\/www.deepspot.com\\\/es\\\/como-lo-hacemos\\\/socios\\\/garmin-2\\\/#breadcrumb\",\"itemListElement\":[{\"@type\":\"ListItem\",\"position\":1,\"name\":\"Strona g\u0142\u00f3wna\",\"item\":\"https:\\\/\\\/www.deepspot.com\\\/es\\\/\"},{\"@type\":\"ListItem\",\"position\":2,\"name\":\"\u00bfC\u00f3mo lo hacemos?\",\"item\":\"https:\\\/\\\/www.deepspot.com\\\/es\\\/como-lo-hacemos\\\/\"},{\"@type\":\"ListItem\",\"position\":3,\"name\":\"NUESTROS SOCIOS\",\"item\":\"https:\\\/\\\/www.deepspot.com\\\/es\\\/como-lo-hacemos\\\/socios\\\/\"},{\"@type\":\"ListItem\",\"position\":4,\"name\":\"DAN Europa\"}]},{\"@type\":\"WebSite\",\"@id\":\"https:\\\/\\\/www.deepspot.com\\\/pl\\\/#website\",\"url\":\"https:\\\/\\\/www.deepspot.com\\\/pl\\\/\",\"name\":\"Deepspot\",\"description\":\"Una nueva dimensi\u00f3n en el buceo\",\"potentialAction\":[{\"@type\":\"SearchAction\",\"target\":{\"@type\":\"EntryPoint\",\"urlTemplate\":\"https:\\\/\\\/www.deepspot.com\\\/pl\\\/?s={search_term_string}\"},\"query-input\":{\"@type\":\"PropertyValueSpecification\",\"valueRequired\":true,\"valueName\":\"search_term_string\"}}],\"inLanguage\":\"es\"}]}<\/script>\n<!-- \/ Yoast SEO plugin. -->","yoast_head_json":{"title":"DAN Europa | Deepspot","description":"DAN Europa","robots":{"index":"index","follow":"follow","max-snippet":"max-snippet:-1","max-image-preview":"max-image-preview:large","max-video-preview":"max-video-preview:-1"},"canonical":"https:\/\/www.deepspot.com\/es\/como-lo-hacemos\/socios\/garmin-2\/","og_locale":"es_ES","og_type":"article","og_title":"DAN Europa | Deepspot","og_description":"DAN Europa","og_url":"https:\/\/www.deepspot.com\/es\/como-lo-hacemos\/socios\/garmin-2\/","og_site_name":"Deepspot","article_modified_time":"2024-05-29T07:32:55+00:00","twitter_card":"summary_large_image","twitter_misc":{"Tiempo de lectura":"2 minutos"},"schema":{"@context":"https:\/\/schema.org","@graph":[{"@type":"WebPage","@id":"https:\/\/www.deepspot.com\/es\/como-lo-hacemos\/socios\/garmin-2\/","url":"https:\/\/www.deepspot.com\/es\/como-lo-hacemos\/socios\/garmin-2\/","name":"DAN Europa | Deepspot","isPartOf":{"@id":"https:\/\/www.deepspot.com\/pl\/#website"},"datePublished":"2024-05-16T08:20:35+00:00","dateModified":"2024-05-29T07:32:55+00:00","description":"DAN Europa","breadcrumb":{"@id":"https:\/\/www.deepspot.com\/es\/como-lo-hacemos\/socios\/garmin-2\/#breadcrumb"},"inLanguage":"es","potentialAction":[{"@type":"ReadAction","target":["https:\/\/www.deepspot.com\/es\/como-lo-hacemos\/socios\/garmin-2\/"]}]},{"@type":"BreadcrumbList","@id":"https:\/\/www.deepspot.com\/es\/como-lo-hacemos\/socios\/garmin-2\/#breadcrumb","itemListElement":[{"@type":"ListItem","position":1,"name":"Strona g\u0142\u00f3wna","item":"https:\/\/www.deepspot.com\/es\/"},{"@type":"ListItem","position":2,"name":"\u00bfC\u00f3mo lo hacemos?","item":"https:\/\/www.deepspot.com\/es\/como-lo-hacemos\/"},{"@type":"ListItem","position":3,"name":"NUESTROS SOCIOS","item":"https:\/\/www.deepspot.com\/es\/como-lo-hacemos\/socios\/"},{"@type":"ListItem","position":4,"name":"DAN Europa"}]},{"@type":"WebSite","@id":"https:\/\/www.deepspot.com\/pl\/#website","url":"https:\/\/www.deepspot.com\/pl\/","name":"Deepspot","description":"Una nueva dimensi\u00f3n en el buceo","potentialAction":[{"@type":"SearchAction","target":{"@type":"EntryPoint","urlTemplate":"https:\/\/www.deepspot.com\/pl\/?s={search_term_string}"},"query-input":{"@type":"PropertyValueSpecification","valueRequired":true,"valueName":"search_term_string"}}],"inLanguage":"es"}]}},"_links":{"self":[{"href":"https:\/\/www.deepspot.com\/es\/wp-json\/wp\/v2\/pages\/44137","targetHints":{"allow":["GET"]}}],"collection":[{"href":"https:\/\/www.deepspot.com\/es\/wp-json\/wp\/v2\/pages"}],"about":[{"href":"https:\/\/www.deepspot.com\/es\/wp-json\/wp\/v2\/types\/page"}],"author":[{"embeddable":true,"href":"https:\/\/www.deepspot.com\/es\/wp-json\/wp\/v2\/users\/18"}],"replies":[{"embeddable":true,"href":"https:\/\/www.deepspot.com\/es\/wp-json\/wp\/v2\/comments?post=44137"}],"version-history":[{"count":6,"href":"https:\/\/www.deepspot.com\/es\/wp-json\/wp\/v2\/pages\/44137\/revisions"}],"predecessor-version":[{"id":45147,"href":"https:\/\/www.deepspot.com\/es\/wp-json\/wp\/v2\/pages\/44137\/revisions\/45147"}],"up":[{"embeddable":true,"href":"https:\/\/www.deepspot.com\/es\/wp-json\/wp\/v2\/pages\/27432"}],"wp:attachment":[{"href":"https:\/\/www.deepspot.com\/es\/wp-json\/wp\/v2\/media?parent=44137"}],"curies":[{"name":"wp","href":"https:\/\/api.w.org\/{rel}","templated":true}]}}