{"id":49301,"date":"2025-04-14T12:14:42","date_gmt":"2025-04-14T10:14:42","guid":{"rendered":"https:\/\/www.deepspot.com\/?page_id=49301"},"modified":"2025-11-06T13:20:55","modified_gmt":"2025-11-06T12:20:55","slug":"taller-de-buceo-con-alas","status":"publish","type":"page","link":"https:\/\/www.deepspot.com\/es\/para-quien\/buceo-libre\/taller-de-buceo-con-alas\/","title":{"rendered":"DPV Curso de Seguridad en Apnea"},"content":{"rendered":"<div id=\"hero-block_7cf445372af8e534d75ce885aca8b48b\" class=\"hero-block\">\r\n  <div class=\"row outer-container\">\r\n    <div>\r\n      <img decoding=\"async\" lazy src=\"data:image\/gif;base64,R0lGODlhAQABAAD\/ACwAAAAAAQABAAACADs%3D\" data-src=\"https:\/\/eco3ygde435.exactdn.com\/wp-content\/uploads\/sites\/2\/2025\/04\/Obraz2-1.jpg?strip=all\" alt=\"\">\r\n          <\/div>\r\n    <div>\r\n      <h2>Apnea sin l\u00edmites  <\/h2><p>\u00bfEres un Freediver avanzado y te gustar\u00eda alcanzar a los delfines? \u00bfQuieres llevar tu competencia en seguridad al siguiente nivel? \u00bfO simplemente te apetece pasear en el mejor scooter del mundo en Deepspot?  <br><br>Si has respondido &#8220;s\u00ed&#8221; al menos una vez, \u00a1este curso es para ti!\r\n\r\n<\/p>    <\/div>\r\n  <\/div>\r\n<\/div><!-- block -->\r\n<div id=\"product-details-block_4f7ab00cc3c5fe64c53a121e24104723\" class=\"product-details-block\">\r\n  <div class=\"row container\">\r\n    <div>\r\n      <h2 class=\"title\">Descripci\u00f3n de las atracciones<\/h2>      <p class=\"desc\">El curso DPV Freediver es una aventura para aquellos con min. Freediver Avanzado que quieran superar los l\u00edmites de sus propios pulmones&#8230;. \u00a1con la ayuda de un scooter! Aprende a utilizar un DPV, un dispositivo que te permitir\u00e1 moverte bajo el agua m\u00e1s r\u00e1pido, m\u00e1s lejos y con m\u00e1s diversi\u00f3n. Durante tu formaci\u00f3n, bajo la direcci\u00f3n de instructores experimentados, aprender\u00e1s a utilizar un scooter subacu\u00e1tico con seguridad y eficacia, a planificar rutas de inmersi\u00f3n, a controlar la flotabilidad y a gestionar la energ\u00eda y las t\u00e9cnicas de maniobra.     <br><br>\r\nL\u00e1nzate especialmente si: <br>\ud83e\udee7 Quieres explorar zonas m\u00e1s amplias bajo el agua y ampliar tus horizontes de apnea<br>\ud83e\udee7 Te gustan las innovaciones t\u00e9cnicas y quieres experimentar una nueva forma de diversi\u00f3n bajo el agua<br>\ud83e\udee7 Para futuros superagentes de misiones acu\u00e1ticas, con la misi\u00f3n de bucear lejos y profundo.<br><br>\r\nQu\u00e9 ofrecemos<br>\ud83e\udee7 Formaci\u00f3n te\u00f3rica y pr\u00e1ctica de dos d\u00edas en las condiciones \u00fanicas de Deepspot\r\n\ud83e\udee7 Clases te\u00f3ricas y pr\u00e1cticas sobre el manejo del scooter subacu\u00e1tico DPV<br>\ud83e\udee7 Ejercicios de maniobra, control de la posici\u00f3n y trabajo corporal en movimiento<br>\ud83e\udee7 Formaci\u00f3n sobre las normas de seguridad para el buceo con DPV<br>\ud83e\udee7 Todo lo que necesitas est\u00e1 incluido en el precio. Te proporcionamos todo el equipo necesario<br>\ud83e\udee7 Grupos \u00edntimos o clases individuales. Siempre adaptaremos el ritmo a ti  <br><br>\r\nLos cursos se imparten en grupos reducidos -un m\u00e1ximo de cuatro personas por instructor-, lo que te da la confianza necesaria para respirar con tranquilidad y encontrar la respuesta a cada pregunta.  <br><br>\r\nMerece la pena porque:<br>\ud83e\udee7 Te entrenas en la piscina m\u00e1s profunda de Europa &#8211; hasta 45 metros de profundidad<br>\ud83e\udee7 Te sumerges en condiciones ex\u00f3ticas &#8211; agua clara a 32\u00b0C<br>\ud83e\udee7 Utilizas equipo moderno, revisado regularmente<br>\ud83e\udee7 Cuentas con el apoyo de instructores internacionales experimentados<br>\ud83e\udee7 Es el lugar perfecto para adquirir confianza y una buena t\u00e9cnica.<br><br>\r\nElegibilidad al finalizar el curso:<br>\ud83e\udee7 Al finalizar el curso, el titulado tiene derecho a tomar prestado (previo pago) un scooter para su seguridad durante las sesiones de apnea en DEEPSPOT.<br>\ud83e\udee7 Inmersi\u00f3n hasta 20 metros &#8211; a decidir por el instructor de turno, si las condiciones (congesti\u00f3n de la piscina durante una sesi\u00f3n determinada) lo permiten.<br>\ud83e\udee7 Inmersi\u00f3n en tubo &#8211; requiere permiso individual del jefe de formaci\u00f3n.<br><br>\r\nTras completar el curso y superar el examen te\u00f3rico, los participantes recibir\u00e1n certificados y estar\u00e1n preparados para utilizar los patinetes en la pr\u00e1ctica y mejorar sus propias habilidades. El curso es un proyecto propio de Deepspot, impartido con el apoyo de Seacraft, y es \u00fanico en el mundo.  <br><br>\r\nRequisitos previos m\u00ednimos:<br>\ud83e\udee7 m\u00ednimo de 30 sesiones de buceo registradas<br>\ud83e\udee7 \u00faltima sesi\u00f3n de buceo completada no m\u00e1s de un mes antes del inicio del curso<br>\ud83e\udee7 inmersiones c\u00f3modas y repetibles a una profundidad m\u00ednima de 25 metros.<br><br><br>\r\n\u00bfQu\u00e9 merece la pena saber?<\/p>      <ul>            <li>\r\n              <p>DURACI\u00d3N<\/p>\r\n              <strong>2 d\u00edas (aprox. 15h, incluyendo 4 sesiones de piscina)<\/strong>\r\n            <\/li>\r\n                      <li>\r\n              <p>Edad m\u00ednima del participante<\/p>\r\n              <strong>18 a\u00f1os<\/strong>\r\n            <\/li>\r\n                      <li>\r\n              <p>Te sumergir\u00e1s hasta profundidades<\/p>\r\n              <strong>25 metros<\/strong>\r\n            <\/li>\r\n                      <li>\r\n              <p>Como regalo<\/p>\r\n              <strong>v\u00eddeo corto del fotomat\u00f3n submarino<\/strong>\r\n            <\/li>\r\n                      <li>\r\n              <p>Proporcionamos<\/p>\r\n              <strong>Todo el equipo de buceo. Lleva contigo s\u00f3lo ba\u00f1ador, toalla y chanclas. <\/strong>\r\n            <\/li>\r\n                      <li>\r\n              <p>No olvides<\/p>\r\n              <strong>Divi\u00e9rtete y te infundiremos toda la energ\u00eda<\/strong>\r\n            <\/li>\r\n                      <li>\r\n              <p>Precio<\/p>\r\n              <strong>2.499 PLN<\/strong>\r\n            <\/li>\r\n          <\/ul>      <div class=\"button-list-wrap\"><div class=\"button-list button-type-both\"><div><a class=\"alternate_ybb\" href=\"https:\/\/cs.deepspot.com\/offer?steps=deepspot_diving-courses_wait-for-diving-course-list_50\" target=\"_self\"><img decoding=\"async\" lazy src=\"data:image\/gif;base64,R0lGODlhAQABAAD\/ACwAAAAAAQABAAACADs%3D\" data-src=\"https:\/\/eco3ygde435.exactdn.com\/wp-content\/uploads\/sites\/2\/2020\/08\/calendar-grid-58.png?strip=all\" alt=\"\"><strong>Zarezerwuj<\/strong><\/a><\/div><\/div><\/div>    <\/div>\r\n  <\/div>\r\n<\/div><!-- block -->\r\n\n<div style=\"text-align: center\">\n\n<\/div>\n<p><strong>SALUD<\/strong><br data-rich-text-line-break=\"true\">El buceo es un deporte recreativo al alcance de casi todo el mundo. Si su estado de salud es bueno, lo m\u00e1s probable es que no necesite permiso de su m\u00e9dico, aunque en algunos casos especiales puede ser necesario. Si quiere estar seguro, puede consultar la norma<br data-rich-text-line-break=\"true\"><a href=\"https:\/\/eco3ygde435.exactdn.com\/wp-content\/uploads\/sites\/2\/2023\/10\/TR-MEDICAL-DIVER_Polish.pdf\" target=\"_blank\" rel=\"noreferrer noopener\">formulario m\u00e9dico<\/a>.<\/p>\n","protected":false},"excerpt":{"rendered":"<p>SALUDEl buceo es un deporte recreativo al alcance de casi todo el mundo. Si su estado de salud es bueno, lo m\u00e1s probable es que no necesite permiso de su m\u00e9dico, aunque en algunos casos especiales puede ser necesario. Si quiere estar seguro, puede consultar la normaformulario m\u00e9dico.<\/p>\n","protected":false},"author":18,"featured_media":49593,"parent":4601,"menu_order":0,"comment_status":"closed","ping_status":"closed","template":"","meta":{"_acf_changed":false,"footnotes":""},"class_list":["post-49301","page","type-page","status-publish","has-post-thumbnail","hentry"],"acf":[],"yoast_head":"<!-- This site is optimized with the Yoast SEO plugin v27.4 - https:\/\/yoast.com\/product\/yoast-seo-wordpress\/ -->\n<title>DPV Curso de Seguridad en Apnea | Deepspot<\/title>\n<meta name=\"description\" content=\"DPV Curso de Seguridad en Apnea\" \/>\n<meta name=\"robots\" content=\"index, follow, max-snippet:-1, max-image-preview:large, max-video-preview:-1\" \/>\n<link rel=\"canonical\" href=\"https:\/\/www.deepspot.com\/es\/para-quien\/buceo-libre\/taller-de-buceo-con-alas\/\" \/>\n<meta property=\"og:locale\" content=\"es_ES\" \/>\n<meta property=\"og:type\" content=\"article\" \/>\n<meta property=\"og:title\" content=\"DPV Curso de Seguridad en Apnea | Deepspot\" \/>\n<meta property=\"og:description\" content=\"DPV Curso de Seguridad en Apnea\" \/>\n<meta property=\"og:url\" content=\"https:\/\/www.deepspot.com\/es\/para-quien\/buceo-libre\/taller-de-buceo-con-alas\/\" \/>\n<meta property=\"og:site_name\" content=\"Deepspot\" \/>\n<meta property=\"article:modified_time\" content=\"2025-11-06T12:20:55+00:00\" \/>\n<meta property=\"og:image\" content=\"https:\/\/eco3ygde435.exactdn.com\/wp-content\/uploads\/sites\/2\/2025\/04\/WOJ00359-1.jpg?strip=all\" \/>\n\t<meta property=\"og:image:width\" content=\"1920\" \/>\n\t<meta property=\"og:image:height\" content=\"1280\" \/>\n\t<meta property=\"og:image:type\" content=\"image\/jpeg\" \/>\n<meta name=\"twitter:card\" content=\"summary_large_image\" \/>\n<script type=\"application\/ld+json\" class=\"yoast-schema-graph\">{\"@context\":\"https:\\\/\\\/schema.org\",\"@graph\":[{\"@type\":\"WebPage\",\"@id\":\"https:\\\/\\\/www.deepspot.com\\\/es\\\/para-quien\\\/buceo-libre\\\/taller-de-buceo-con-alas\\\/\",\"url\":\"https:\\\/\\\/www.deepspot.com\\\/es\\\/para-quien\\\/buceo-libre\\\/taller-de-buceo-con-alas\\\/\",\"name\":\"DPV Curso de Seguridad en Apnea | Deepspot\",\"isPartOf\":{\"@id\":\"https:\\\/\\\/www.deepspot.com\\\/pl\\\/#website\"},\"primaryImageOfPage\":{\"@id\":\"https:\\\/\\\/www.deepspot.com\\\/es\\\/para-quien\\\/buceo-libre\\\/taller-de-buceo-con-alas\\\/#primaryimage\"},\"image\":{\"@id\":\"https:\\\/\\\/www.deepspot.com\\\/es\\\/para-quien\\\/buceo-libre\\\/taller-de-buceo-con-alas\\\/#primaryimage\"},\"thumbnailUrl\":\"https:\\\/\\\/eco3ygde435.exactdn.com\\\/wp-content\\\/uploads\\\/sites\\\/2\\\/2025\\\/04\\\/WOJ00359-1.jpg?strip=all\",\"datePublished\":\"2025-04-14T10:14:42+00:00\",\"dateModified\":\"2025-11-06T12:20:55+00:00\",\"description\":\"DPV Curso de Seguridad en Apnea\",\"breadcrumb\":{\"@id\":\"https:\\\/\\\/www.deepspot.com\\\/es\\\/para-quien\\\/buceo-libre\\\/taller-de-buceo-con-alas\\\/#breadcrumb\"},\"inLanguage\":\"es\",\"potentialAction\":[{\"@type\":\"ReadAction\",\"target\":[\"https:\\\/\\\/www.deepspot.com\\\/es\\\/para-quien\\\/buceo-libre\\\/taller-de-buceo-con-alas\\\/\"]}]},{\"@type\":\"ImageObject\",\"inLanguage\":\"es\",\"@id\":\"https:\\\/\\\/www.deepspot.com\\\/es\\\/para-quien\\\/buceo-libre\\\/taller-de-buceo-con-alas\\\/#primaryimage\",\"url\":\"https:\\\/\\\/eco3ygde435.exactdn.com\\\/wp-content\\\/uploads\\\/sites\\\/2\\\/2025\\\/04\\\/WOJ00359-1.jpg?strip=all\",\"contentUrl\":\"https:\\\/\\\/eco3ygde435.exactdn.com\\\/wp-content\\\/uploads\\\/sites\\\/2\\\/2025\\\/04\\\/WOJ00359-1.jpg?strip=all\",\"width\":1920,\"height\":1280},{\"@type\":\"BreadcrumbList\",\"@id\":\"https:\\\/\\\/www.deepspot.com\\\/es\\\/para-quien\\\/buceo-libre\\\/taller-de-buceo-con-alas\\\/#breadcrumb\",\"itemListElement\":[{\"@type\":\"ListItem\",\"position\":1,\"name\":\"Strona g\u0142\u00f3wna\",\"item\":\"https:\\\/\\\/www.deepspot.com\\\/es\\\/\"},{\"@type\":\"ListItem\",\"position\":2,\"name\":\"Para qui\u00e9n\",\"item\":\"https:\\\/\\\/www.deepspot.com\\\/es\\\/para-quien\\\/\"},{\"@type\":\"ListItem\",\"position\":3,\"name\":\"Apnea\",\"item\":\"https:\\\/\\\/www.deepspot.com\\\/es\\\/para-quien\\\/buceo-libre\\\/\"},{\"@type\":\"ListItem\",\"position\":4,\"name\":\"DPV Curso de Seguridad en Apnea\"}]},{\"@type\":\"WebSite\",\"@id\":\"https:\\\/\\\/www.deepspot.com\\\/pl\\\/#website\",\"url\":\"https:\\\/\\\/www.deepspot.com\\\/pl\\\/\",\"name\":\"Deepspot\",\"description\":\"Una nueva dimensi\u00f3n en el buceo\",\"potentialAction\":[{\"@type\":\"SearchAction\",\"target\":{\"@type\":\"EntryPoint\",\"urlTemplate\":\"https:\\\/\\\/www.deepspot.com\\\/pl\\\/?s={search_term_string}\"},\"query-input\":{\"@type\":\"PropertyValueSpecification\",\"valueRequired\":true,\"valueName\":\"search_term_string\"}}],\"inLanguage\":\"es\"}]}<\/script>\n<!-- \/ Yoast SEO plugin. -->","yoast_head_json":{"title":"DPV Curso de Seguridad en Apnea | Deepspot","description":"DPV Curso de Seguridad en Apnea","robots":{"index":"index","follow":"follow","max-snippet":"max-snippet:-1","max-image-preview":"max-image-preview:large","max-video-preview":"max-video-preview:-1"},"canonical":"https:\/\/www.deepspot.com\/es\/para-quien\/buceo-libre\/taller-de-buceo-con-alas\/","og_locale":"es_ES","og_type":"article","og_title":"DPV Curso de Seguridad en Apnea | Deepspot","og_description":"DPV Curso de Seguridad en Apnea","og_url":"https:\/\/www.deepspot.com\/es\/para-quien\/buceo-libre\/taller-de-buceo-con-alas\/","og_site_name":"Deepspot","article_modified_time":"2025-11-06T12:20:55+00:00","og_image":[{"width":1920,"height":1280,"url":"https:\/\/eco3ygde435.exactdn.com\/wp-content\/uploads\/sites\/2\/2025\/04\/WOJ00359-1.jpg?strip=all","type":"image\/jpeg"}],"twitter_card":"summary_large_image","schema":{"@context":"https:\/\/schema.org","@graph":[{"@type":"WebPage","@id":"https:\/\/www.deepspot.com\/es\/para-quien\/buceo-libre\/taller-de-buceo-con-alas\/","url":"https:\/\/www.deepspot.com\/es\/para-quien\/buceo-libre\/taller-de-buceo-con-alas\/","name":"DPV Curso de Seguridad en Apnea | Deepspot","isPartOf":{"@id":"https:\/\/www.deepspot.com\/pl\/#website"},"primaryImageOfPage":{"@id":"https:\/\/www.deepspot.com\/es\/para-quien\/buceo-libre\/taller-de-buceo-con-alas\/#primaryimage"},"image":{"@id":"https:\/\/www.deepspot.com\/es\/para-quien\/buceo-libre\/taller-de-buceo-con-alas\/#primaryimage"},"thumbnailUrl":"https:\/\/eco3ygde435.exactdn.com\/wp-content\/uploads\/sites\/2\/2025\/04\/WOJ00359-1.jpg?strip=all","datePublished":"2025-04-14T10:14:42+00:00","dateModified":"2025-11-06T12:20:55+00:00","description":"DPV Curso de Seguridad en Apnea","breadcrumb":{"@id":"https:\/\/www.deepspot.com\/es\/para-quien\/buceo-libre\/taller-de-buceo-con-alas\/#breadcrumb"},"inLanguage":"es","potentialAction":[{"@type":"ReadAction","target":["https:\/\/www.deepspot.com\/es\/para-quien\/buceo-libre\/taller-de-buceo-con-alas\/"]}]},{"@type":"ImageObject","inLanguage":"es","@id":"https:\/\/www.deepspot.com\/es\/para-quien\/buceo-libre\/taller-de-buceo-con-alas\/#primaryimage","url":"https:\/\/eco3ygde435.exactdn.com\/wp-content\/uploads\/sites\/2\/2025\/04\/WOJ00359-1.jpg?strip=all","contentUrl":"https:\/\/eco3ygde435.exactdn.com\/wp-content\/uploads\/sites\/2\/2025\/04\/WOJ00359-1.jpg?strip=all","width":1920,"height":1280},{"@type":"BreadcrumbList","@id":"https:\/\/www.deepspot.com\/es\/para-quien\/buceo-libre\/taller-de-buceo-con-alas\/#breadcrumb","itemListElement":[{"@type":"ListItem","position":1,"name":"Strona g\u0142\u00f3wna","item":"https:\/\/www.deepspot.com\/es\/"},{"@type":"ListItem","position":2,"name":"Para qui\u00e9n","item":"https:\/\/www.deepspot.com\/es\/para-quien\/"},{"@type":"ListItem","position":3,"name":"Apnea","item":"https:\/\/www.deepspot.com\/es\/para-quien\/buceo-libre\/"},{"@type":"ListItem","position":4,"name":"DPV Curso de Seguridad en Apnea"}]},{"@type":"WebSite","@id":"https:\/\/www.deepspot.com\/pl\/#website","url":"https:\/\/www.deepspot.com\/pl\/","name":"Deepspot","description":"Una nueva dimensi\u00f3n en el buceo","potentialAction":[{"@type":"SearchAction","target":{"@type":"EntryPoint","urlTemplate":"https:\/\/www.deepspot.com\/pl\/?s={search_term_string}"},"query-input":{"@type":"PropertyValueSpecification","valueRequired":true,"valueName":"search_term_string"}}],"inLanguage":"es"}]}},"_links":{"self":[{"href":"https:\/\/www.deepspot.com\/es\/wp-json\/wp\/v2\/pages\/49301","targetHints":{"allow":["GET"]}}],"collection":[{"href":"https:\/\/www.deepspot.com\/es\/wp-json\/wp\/v2\/pages"}],"about":[{"href":"https:\/\/www.deepspot.com\/es\/wp-json\/wp\/v2\/types\/page"}],"author":[{"embeddable":true,"href":"https:\/\/www.deepspot.com\/es\/wp-json\/wp\/v2\/users\/18"}],"replies":[{"embeddable":true,"href":"https:\/\/www.deepspot.com\/es\/wp-json\/wp\/v2\/comments?post=49301"}],"version-history":[{"count":77,"href":"https:\/\/www.deepspot.com\/es\/wp-json\/wp\/v2\/pages\/49301\/revisions"}],"predecessor-version":[{"id":58026,"href":"https:\/\/www.deepspot.com\/es\/wp-json\/wp\/v2\/pages\/49301\/revisions\/58026"}],"up":[{"embeddable":true,"href":"https:\/\/www.deepspot.com\/es\/wp-json\/wp\/v2\/pages\/4601"}],"wp:featuredmedia":[{"embeddable":true,"href":"https:\/\/www.deepspot.com\/es\/wp-json\/wp\/v2\/media\/49593"}],"wp:attachment":[{"href":"https:\/\/www.deepspot.com\/es\/wp-json\/wp\/v2\/media?parent=49301"}],"curies":[{"name":"wp","href":"https:\/\/api.w.org\/{rel}","templated":true}]}}