{"id":51280,"date":"2025-05-05T11:55:34","date_gmt":"2025-05-05T09:55:34","guid":{"rendered":"https:\/\/www.deepspot.com\/?page_id=51280"},"modified":"2025-10-15T15:36:19","modified_gmt":"2025-10-15T13:36:19","slug":"dpv-seguridad-freediver","status":"publish","type":"page","link":"https:\/\/www.deepspot.com\/es\/para-quien\/buceo-con-botella\/dpv-seguridad-freediver\/","title":{"rendered":"Curso de Estr\u00e9s y Rescate"},"content":{"rendered":"<div id=\"hero-block_d92ef05511b5a7eee6627378ca923861\" class=\"hero-block\">\r\n  <div class=\"row outer-container\">\r\n    <div>\r\n      <img decoding=\"async\" lazy src=\"data:image\/gif;base64,R0lGODlhAQABAAD\/ACwAAAAAAQABAAACADs%3D\" data-src=\"https:\/\/eco3ygde435.exactdn.com\/wp-content\/uploads\/sites\/2\/2025\/06\/rerere.jpg?strip=all\" alt=\"\">\r\n          <\/div>\r\n    <div>\r\n      <h2>Prep\u00e1rate para cuidar de ti mismo y de los dem\u00e1s cuando bucees<\/h2><p>\u00bfQuieres sentirte seguro bajo el agua y saber c\u00f3mo reaccionar en situaciones de emergencia?  <br>El curso de Estr\u00e9s y Rescate es un curso de formaci\u00f3n que desarrolla habilidades, crea conciencia y ense\u00f1a a bucear de forma responsable. Bajo la direcci\u00f3n de un instructor, aprender\u00e1s a reconocer el estr\u00e9s en ti mismo y en los dem\u00e1s, practicar\u00e1s situaciones de rescate y ayudar\u00e1s eficazmente a un compa\u00f1ero que lo necesite. Es un curso para buceadores certificados que deseen aumentar su seguridad y preparaci\u00f3n en cualquier situaci\u00f3n.  \r\n<br><br>Reserva un curso hoy y reclama un taller como regalo. Elige entre menor consumo de aire, preparaci\u00f3n para un viaje de buceo o buceo con alas. <\/p>    <\/div>\r\n  <\/div>\r\n<\/div><!-- block -->\r\n<div id=\"product-details-block_5e3b2d05f9b033e472e370d6981fd13c\" class=\"product-details-block\">\r\n  <div class=\"row container\">\r\n    <div>\r\n      <h2 class=\"title\">Descripci\u00f3n de las atracciones<\/h2>      <p class=\"desc\">Buceador de Estr\u00e9s y Rescate es un curso para buceadores certificados como min. Aventurero Avanzado que deseen aumentar sus habilidades, confianza y responsabilidad bajo el agua. La formaci\u00f3n te prepara para responder eficazmente en situaciones de estr\u00e9s y emergencia y desarrolla tus habilidades de trabajo en equipo.<br>El curso se imparte en primavera y verano, durante los meses de mayo a septiembre.  <br><br>\r\nDa el paso especialmente si:<br>\ud83e\udee7 Quieres desarrollar tus habilidades de rescate y sentirte m\u00e1s seguro bajo el agua <br>\ud83e\udee7 Quieres bucear de forma m\u00e1s consciente y segura<br>\ud83e\udee7 Quieres prepararte para las siguientes etapas de tu formaci\u00f3n en un entorno seguro y \u00fanico.<br><br>\r\n\u00bfQu\u00e9 ofrecemos?<br>\ud83e\udee7 Formaci\u00f3n te\u00f3rica y pr\u00e1ctica de tres d\u00edas en Deepspot controlado y aguas abiertas (Honoratka)<br>\ud83e\udee7 Teor\u00eda sobre prevenci\u00f3n, reconocimiento y gesti\u00f3n del estr\u00e9s en el buceo<br>\ud83e\udee7 Ejercicios pr\u00e1cticos sobre respuesta ante accidentes, rescate y evacuaci\u00f3n<br>\ud83e\udee7 Simulaciones de situaciones reales en el agua, tanto en la superficie como bajo el agua<br>\ud83e\udee7 Trabajo en equipo y desarrollo de habilidades de comunicaci\u00f3n en situaciones de crisis<br>\ud83e\udee7 Materiales de formaci\u00f3n proporcionados en el sitio web de la organizaci\u00f3n SSI. Familiar\u00edzate con ellos antes de la clase<br>\ud83e\udee7 Todo lo que necesitas est\u00e1 incluido. Te proporcionamos todo el material necesario<br>\ud83e\udee7 Grupos \u00edntimos. Siempre adaptaremos el ritmo a ti   <br><br>\r\nLos cursos se imparten en grupos reducidos -un m\u00e1ximo de cuatro personas por instructor-, lo que te da la confianza necesaria para respirar con tranquilidad y encontrar la respuesta a cada pregunta.<br><br>\r\nMerece la pena porque:<br>\ud83e\udee7 Te entrenas en la piscina m\u00e1s profunda de Europa &#8211; hasta 45 metros de profundidad<br>\ud83e\udee7 Te sumerges en condiciones ex\u00f3ticas &#8211; agua clara a 32\u00b0C<br>\ud83e\udee7 Utilizas equipo moderno, revisado regularmente<br>\ud83e\udee7 Cuentas con el apoyo de instructores internacionales experimentados<br>\ud83e\udee7 Es el lugar perfecto para adquirir confianza y una buena t\u00e9cnica.<br><br>\r\nAl finalizar el curso, recibir\u00e1s un certificado internacional de Buceador de Estr\u00e9s y Rescate de la organizaci\u00f3n SSI.<br><br><br>\r\n\r\n\u00bfQu\u00e9 merece la pena saber?\r\n<\/p>      <ul>            <li>\r\n              <p>Duraci\u00f3n<\/p>\r\n              <strong>3 d\u00edas (aprox. 20h, incluidas 6 sesiones de piscina)<\/strong>\r\n            <\/li>\r\n                      <li>\r\n              <p>Edad m\u00ednima del participante<\/p>\r\n              <strong>12 a\u00f1os<\/strong>\r\n            <\/li>\r\n                      <li>\r\n              <p>Te sumergir\u00e1s hasta profundidades<\/p>\r\n              <strong>18m<\/strong>\r\n            <\/li>\r\n                      <li>\r\n              <p>Como regalo<\/p>\r\n              <strong>v\u00eddeo corto del fotomat\u00f3n submarino<\/strong>\r\n            <\/li>\r\n                      <li>\r\n              <p>Proporcionamos<\/p>\r\n              <strong>Todo el equipo de buceo. Lleva contigo s\u00f3lo ba\u00f1ador, toalla y chanclas. <\/strong>\r\n            <\/li>\r\n                      <li>\r\n              <p>No olvides<\/p>\r\n              <strong>Divi\u00e9rtete y te infundiremos toda la energ\u00eda<\/strong>\r\n            <\/li>\r\n                      <li>\r\n              <p>Precio<\/p>\r\n              <strong>2.599 PLN  <\/strong>\r\n            <\/li>\r\n          <\/ul>      <div class=\"button-list-wrap\"><div class=\"button-list button-type-both\"><div><a class=\"alternate_ybb\" href=\"https:\/\/cs.deepspot.com\/offer?steps=deepspot_diving-courses_wait-for-diving-course-list_52\" target=\"_self\"><img decoding=\"async\" lazy src=\"data:image\/gif;base64,R0lGODlhAQABAAD\/ACwAAAAAAQABAAACADs%3D\" data-src=\"https:\/\/eco3ygde435.exactdn.com\/wp-content\/uploads\/sites\/2\/2020\/08\/calendar-grid-58.png?strip=all\" alt=\"\"><strong>Zarezerwuj<\/strong><\/a><\/div><\/div><\/div>    <\/div>\r\n  <\/div>\r\n<\/div><!-- block -->\r\n<p><strong>SALUD<\/strong><br data-rich-text-line-break=\"true\">El buceo es un deporte recreativo al alcance de casi todo el mundo. Si su estado de salud es bueno, lo m\u00e1s probable es que no necesite permiso de su m\u00e9dico, aunque en algunos casos especiales puede ser necesario. Si quiere estar seguro, puede consultar la norma<br data-rich-text-line-break=\"true\"><a href=\"https:\/\/eco3ygde435.exactdn.com\/wp-content\/uploads\/sites\/2\/2023\/10\/TR-MEDICAL-DIVER_Polish.pdf\" target=\"_blank\" rel=\"noreferrer noopener\">formulario m\u00e9dico<\/a>.<\/p>\n","protected":false},"excerpt":{"rendered":"<p>SALUDEl buceo es un deporte recreativo al alcance de casi todo el mundo. Si su estado de salud es bueno, lo m\u00e1s probable es que no necesite permiso de su m\u00e9dico, aunque en algunos casos especiales puede ser necesario. Si quiere estar seguro, puede consultar la normaformulario m\u00e9dico.<\/p>\n","protected":false},"author":18,"featured_media":53367,"parent":4597,"menu_order":0,"comment_status":"closed","ping_status":"closed","template":"","meta":{"_acf_changed":false,"footnotes":""},"class_list":["post-51280","page","type-page","status-publish","has-post-thumbnail","hentry"],"acf":[],"yoast_head":"<!-- This site is optimized with the Yoast SEO plugin v27.3 - https:\/\/yoast.com\/product\/yoast-seo-wordpress\/ -->\n<title>Curso de Estr\u00e9s y Rescate | Deepspot<\/title>\n<meta name=\"description\" content=\"Curso de Estr\u00e9s y Rescate\" \/>\n<meta name=\"robots\" content=\"index, follow, max-snippet:-1, max-image-preview:large, max-video-preview:-1\" \/>\n<link rel=\"canonical\" href=\"https:\/\/www.deepspot.com\/es\/para-quien\/buceo-con-botella\/dpv-seguridad-freediver\/\" \/>\n<meta property=\"og:locale\" content=\"es_ES\" \/>\n<meta property=\"og:type\" content=\"article\" \/>\n<meta property=\"og:title\" content=\"Curso de Estr\u00e9s y Rescate | Deepspot\" \/>\n<meta property=\"og:description\" content=\"Curso de Estr\u00e9s y Rescate\" \/>\n<meta property=\"og:url\" content=\"https:\/\/www.deepspot.com\/es\/para-quien\/buceo-con-botella\/dpv-seguridad-freediver\/\" \/>\n<meta property=\"og:site_name\" content=\"Deepspot\" \/>\n<meta property=\"article:modified_time\" content=\"2025-10-15T13:36:19+00:00\" \/>\n<meta property=\"og:image\" content=\"https:\/\/eco3ygde435.exactdn.com\/wp-content\/uploads\/sites\/2\/2025\/06\/rerere.jpg?strip=all\" \/>\n\t<meta property=\"og:image:width\" content=\"1658\" \/>\n\t<meta property=\"og:image:height\" content=\"1081\" \/>\n\t<meta property=\"og:image:type\" content=\"image\/jpeg\" \/>\n<meta name=\"twitter:card\" content=\"summary_large_image\" \/>\n<script type=\"application\/ld+json\" class=\"yoast-schema-graph\">{\"@context\":\"https:\\\/\\\/schema.org\",\"@graph\":[{\"@type\":\"WebPage\",\"@id\":\"https:\\\/\\\/www.deepspot.com\\\/es\\\/para-quien\\\/buceo-con-botella\\\/dpv-seguridad-freediver\\\/\",\"url\":\"https:\\\/\\\/www.deepspot.com\\\/es\\\/para-quien\\\/buceo-con-botella\\\/dpv-seguridad-freediver\\\/\",\"name\":\"Curso de Estr\u00e9s y Rescate | Deepspot\",\"isPartOf\":{\"@id\":\"https:\\\/\\\/www.deepspot.com\\\/pl\\\/#website\"},\"primaryImageOfPage\":{\"@id\":\"https:\\\/\\\/www.deepspot.com\\\/es\\\/para-quien\\\/buceo-con-botella\\\/dpv-seguridad-freediver\\\/#primaryimage\"},\"image\":{\"@id\":\"https:\\\/\\\/www.deepspot.com\\\/es\\\/para-quien\\\/buceo-con-botella\\\/dpv-seguridad-freediver\\\/#primaryimage\"},\"thumbnailUrl\":\"https:\\\/\\\/eco3ygde435.exactdn.com\\\/wp-content\\\/uploads\\\/sites\\\/2\\\/2025\\\/06\\\/rerere.jpg?strip=all\",\"datePublished\":\"2025-05-05T09:55:34+00:00\",\"dateModified\":\"2025-10-15T13:36:19+00:00\",\"description\":\"Curso de Estr\u00e9s y Rescate\",\"breadcrumb\":{\"@id\":\"https:\\\/\\\/www.deepspot.com\\\/es\\\/para-quien\\\/buceo-con-botella\\\/dpv-seguridad-freediver\\\/#breadcrumb\"},\"inLanguage\":\"es\",\"potentialAction\":[{\"@type\":\"ReadAction\",\"target\":[\"https:\\\/\\\/www.deepspot.com\\\/es\\\/para-quien\\\/buceo-con-botella\\\/dpv-seguridad-freediver\\\/\"]}]},{\"@type\":\"ImageObject\",\"inLanguage\":\"es\",\"@id\":\"https:\\\/\\\/www.deepspot.com\\\/es\\\/para-quien\\\/buceo-con-botella\\\/dpv-seguridad-freediver\\\/#primaryimage\",\"url\":\"https:\\\/\\\/eco3ygde435.exactdn.com\\\/wp-content\\\/uploads\\\/sites\\\/2\\\/2025\\\/06\\\/rerere.jpg?strip=all\",\"contentUrl\":\"https:\\\/\\\/eco3ygde435.exactdn.com\\\/wp-content\\\/uploads\\\/sites\\\/2\\\/2025\\\/06\\\/rerere.jpg?strip=all\",\"width\":1658,\"height\":1081},{\"@type\":\"BreadcrumbList\",\"@id\":\"https:\\\/\\\/www.deepspot.com\\\/es\\\/para-quien\\\/buceo-con-botella\\\/dpv-seguridad-freediver\\\/#breadcrumb\",\"itemListElement\":[{\"@type\":\"ListItem\",\"position\":1,\"name\":\"Strona g\u0142\u00f3wna\",\"item\":\"https:\\\/\\\/www.deepspot.com\\\/es\\\/\"},{\"@type\":\"ListItem\",\"position\":2,\"name\":\"Para qui\u00e9n\",\"item\":\"https:\\\/\\\/www.deepspot.com\\\/es\\\/para-quien\\\/\"},{\"@type\":\"ListItem\",\"position\":3,\"name\":\"Buceo\",\"item\":\"https:\\\/\\\/www.deepspot.com\\\/es\\\/para-quien\\\/buceo-con-botella\\\/\"},{\"@type\":\"ListItem\",\"position\":4,\"name\":\"Curso de Estr\u00e9s y Rescate\"}]},{\"@type\":\"WebSite\",\"@id\":\"https:\\\/\\\/www.deepspot.com\\\/pl\\\/#website\",\"url\":\"https:\\\/\\\/www.deepspot.com\\\/pl\\\/\",\"name\":\"Deepspot\",\"description\":\"Una nueva dimensi\u00f3n en el buceo\",\"potentialAction\":[{\"@type\":\"SearchAction\",\"target\":{\"@type\":\"EntryPoint\",\"urlTemplate\":\"https:\\\/\\\/www.deepspot.com\\\/pl\\\/?s={search_term_string}\"},\"query-input\":{\"@type\":\"PropertyValueSpecification\",\"valueRequired\":true,\"valueName\":\"search_term_string\"}}],\"inLanguage\":\"es\"}]}<\/script>\n<!-- \/ Yoast SEO plugin. -->","yoast_head_json":{"title":"Curso de Estr\u00e9s y Rescate | Deepspot","description":"Curso de Estr\u00e9s y Rescate","robots":{"index":"index","follow":"follow","max-snippet":"max-snippet:-1","max-image-preview":"max-image-preview:large","max-video-preview":"max-video-preview:-1"},"canonical":"https:\/\/www.deepspot.com\/es\/para-quien\/buceo-con-botella\/dpv-seguridad-freediver\/","og_locale":"es_ES","og_type":"article","og_title":"Curso de Estr\u00e9s y Rescate | Deepspot","og_description":"Curso de Estr\u00e9s y Rescate","og_url":"https:\/\/www.deepspot.com\/es\/para-quien\/buceo-con-botella\/dpv-seguridad-freediver\/","og_site_name":"Deepspot","article_modified_time":"2025-10-15T13:36:19+00:00","og_image":[{"width":1658,"height":1081,"url":"https:\/\/eco3ygde435.exactdn.com\/wp-content\/uploads\/sites\/2\/2025\/06\/rerere.jpg?strip=all","type":"image\/jpeg"}],"twitter_card":"summary_large_image","schema":{"@context":"https:\/\/schema.org","@graph":[{"@type":"WebPage","@id":"https:\/\/www.deepspot.com\/es\/para-quien\/buceo-con-botella\/dpv-seguridad-freediver\/","url":"https:\/\/www.deepspot.com\/es\/para-quien\/buceo-con-botella\/dpv-seguridad-freediver\/","name":"Curso de Estr\u00e9s y Rescate | Deepspot","isPartOf":{"@id":"https:\/\/www.deepspot.com\/pl\/#website"},"primaryImageOfPage":{"@id":"https:\/\/www.deepspot.com\/es\/para-quien\/buceo-con-botella\/dpv-seguridad-freediver\/#primaryimage"},"image":{"@id":"https:\/\/www.deepspot.com\/es\/para-quien\/buceo-con-botella\/dpv-seguridad-freediver\/#primaryimage"},"thumbnailUrl":"https:\/\/eco3ygde435.exactdn.com\/wp-content\/uploads\/sites\/2\/2025\/06\/rerere.jpg?strip=all","datePublished":"2025-05-05T09:55:34+00:00","dateModified":"2025-10-15T13:36:19+00:00","description":"Curso de Estr\u00e9s y Rescate","breadcrumb":{"@id":"https:\/\/www.deepspot.com\/es\/para-quien\/buceo-con-botella\/dpv-seguridad-freediver\/#breadcrumb"},"inLanguage":"es","potentialAction":[{"@type":"ReadAction","target":["https:\/\/www.deepspot.com\/es\/para-quien\/buceo-con-botella\/dpv-seguridad-freediver\/"]}]},{"@type":"ImageObject","inLanguage":"es","@id":"https:\/\/www.deepspot.com\/es\/para-quien\/buceo-con-botella\/dpv-seguridad-freediver\/#primaryimage","url":"https:\/\/eco3ygde435.exactdn.com\/wp-content\/uploads\/sites\/2\/2025\/06\/rerere.jpg?strip=all","contentUrl":"https:\/\/eco3ygde435.exactdn.com\/wp-content\/uploads\/sites\/2\/2025\/06\/rerere.jpg?strip=all","width":1658,"height":1081},{"@type":"BreadcrumbList","@id":"https:\/\/www.deepspot.com\/es\/para-quien\/buceo-con-botella\/dpv-seguridad-freediver\/#breadcrumb","itemListElement":[{"@type":"ListItem","position":1,"name":"Strona g\u0142\u00f3wna","item":"https:\/\/www.deepspot.com\/es\/"},{"@type":"ListItem","position":2,"name":"Para qui\u00e9n","item":"https:\/\/www.deepspot.com\/es\/para-quien\/"},{"@type":"ListItem","position":3,"name":"Buceo","item":"https:\/\/www.deepspot.com\/es\/para-quien\/buceo-con-botella\/"},{"@type":"ListItem","position":4,"name":"Curso de Estr\u00e9s y Rescate"}]},{"@type":"WebSite","@id":"https:\/\/www.deepspot.com\/pl\/#website","url":"https:\/\/www.deepspot.com\/pl\/","name":"Deepspot","description":"Una nueva dimensi\u00f3n en el buceo","potentialAction":[{"@type":"SearchAction","target":{"@type":"EntryPoint","urlTemplate":"https:\/\/www.deepspot.com\/pl\/?s={search_term_string}"},"query-input":{"@type":"PropertyValueSpecification","valueRequired":true,"valueName":"search_term_string"}}],"inLanguage":"es"}]}},"_links":{"self":[{"href":"https:\/\/www.deepspot.com\/es\/wp-json\/wp\/v2\/pages\/51280","targetHints":{"allow":["GET"]}}],"collection":[{"href":"https:\/\/www.deepspot.com\/es\/wp-json\/wp\/v2\/pages"}],"about":[{"href":"https:\/\/www.deepspot.com\/es\/wp-json\/wp\/v2\/types\/page"}],"author":[{"embeddable":true,"href":"https:\/\/www.deepspot.com\/es\/wp-json\/wp\/v2\/users\/18"}],"replies":[{"embeddable":true,"href":"https:\/\/www.deepspot.com\/es\/wp-json\/wp\/v2\/comments?post=51280"}],"version-history":[{"count":17,"href":"https:\/\/www.deepspot.com\/es\/wp-json\/wp\/v2\/pages\/51280\/revisions"}],"predecessor-version":[{"id":57498,"href":"https:\/\/www.deepspot.com\/es\/wp-json\/wp\/v2\/pages\/51280\/revisions\/57498"}],"up":[{"embeddable":true,"href":"https:\/\/www.deepspot.com\/es\/wp-json\/wp\/v2\/pages\/4597"}],"wp:featuredmedia":[{"embeddable":true,"href":"https:\/\/www.deepspot.com\/es\/wp-json\/wp\/v2\/media\/53367"}],"wp:attachment":[{"href":"https:\/\/www.deepspot.com\/es\/wp-json\/wp\/v2\/media?parent=51280"}],"curies":[{"name":"wp","href":"https:\/\/api.w.org\/{rel}","templated":true}]}}