{"id":54011,"date":"2025-06-23T12:45:11","date_gmt":"2025-06-23T10:45:11","guid":{"rendered":"https:\/\/www.deepspot.com\/?page_id=54011"},"modified":"2025-10-29T12:11:35","modified_gmt":"2025-10-29T11:11:35","slug":"curso-de-buceador-de-interior","status":"publish","type":"page","link":"https:\/\/www.deepspot.com\/es\/para-quien\/buceo-con-botella\/curso-de-buceador-de-interior\/","title":{"rendered":"Curso de Buceo por Ordenador"},"content":{"rendered":"\n<p><\/p>\n\n<p><\/p>\n<div id=\"hero-block_60efc85ee1a29e8f88299bc453df186a\" class=\"hero-block\">\r\n  <div class=\"row outer-container\">\r\n    <div>\r\n      <img decoding=\"async\" lazy src=\"data:image\/gif;base64,R0lGODlhAQABAAD\/ACwAAAAAAQABAAACADs%3D\" data-src=\"https:\/\/eco3ygde435.exactdn.com\/wp-content\/uploads\/sites\/2\/2025\/07\/dobr.jpg?strip=all\" alt=\"\">\r\n          <\/div>\r\n    <div>\r\n      <h2>Ordenador de buceo: \u00a1tu mejor aliado!<\/h2><p>\u00bfTienes un ordenador de buceo pero a\u00fan no sabes lo que te muestra realmente? \u00a1Es hora de cambiar eso! Aprende a utilizar sus capacidades al m\u00e1ximo y bucea m\u00e1s seguro, con m\u00e1s confianza y&#8230; con facilidad tecnol\u00f3gica. Este curso no es teor\u00eda \u00e1rida: es tu primera asociaci\u00f3n seria con la electr\u00f3nica bajo el agua.   <\/p>    <\/div>\r\n  <\/div>\r\n<\/div><!-- block -->\r\n<div id=\"product-details-block_93f70e911b63ff9768106719cadc4083\" class=\"product-details-block\">\r\n  <div class=\"row container\">\r\n    <div>\r\n      <h2 class=\"title\">Descripci\u00f3n de las atracciones<\/h2>      <p class=\"desc\">\u00bfQuieres entender lo que te dice tu ordenador de buceo?<br>El curso <strong>de Buceo con Ordenador<\/strong> es la oportunidad perfecta para dejar de pulsar &#8220;a tientas&#8221; y empezar a bucear conscientemente. Bajo la direcci\u00f3n de un instructor experimentado, aprender\u00e1s a utilizar todas las funciones de tu ordenador de buceo, desde los ajustes de gases hasta el an\u00e1lisis del registro de inmersiones.  Sin estr\u00e9s, sin conjeturas: despu\u00e9s de este curso, el ordenador se convertir\u00e1 en tu compa\u00f1ero de buceo, no s\u00f3lo en un vistoso artilugio en tu mu\u00f1eca.<br><br>\r\nSum\u00e9rgete en la oferta si:<br>\ud83e\udee7 Quieres bucear con m\u00e1s seguridad y confianza, basando las decisiones en el conocimiento y el an\u00e1lisis. Planificas conscientemente tus inmersiones y comprendes los datos del ordenador de buceo<br>\ud83e\udee7 Est\u00e1s cansado de &#8220;adivinar&#8221; lo que significan las alertas, los \u00faltimos pies y los paquetes<br>\ud83e\udee7 Tienes una certificaci\u00f3n m\u00ednima de Buceador Indoor\/OWD con una especializaci\u00f3n en Aire Enriquecido Nitrox (EAN) 40 completada y quieres ampliar tus conocimientos.  <br><br>\r\n<b>Qu\u00e9 ofrecemos<\/b><br>\ud83e\udee7 Varias horas de formaci\u00f3n que combinan teor\u00eda, inmersiones y debate de supuestos pr\u00e1cticos con an\u00e1lisis de ajustes y par\u00e1metros<br>\ud83e\udee7 An\u00e1lisis conjunto de los datos despu\u00e9s de la inmersi\u00f3n: qu\u00e9 mostr\u00f3 el ordenador y c\u00f3mo utilizarlo en el futuro, an\u00e1lisis de ajustes y par\u00e1metros de la inmersi\u00f3n<br>\ud83e\udee7 Materiales de formaci\u00f3n proporcionados en el sitio web de la organizaci\u00f3n SSI. Familiar\u00edzate con ellos antes de empezar el curso<br>\ud83e\udee7 Todo lo que necesitas est\u00e1 incluido en el precio. Te proporcionamos todo el material necesario<br>\ud83e\udee7 Grupos \u00edntimos o clases individuales. El ritmo siempre se adapta a ti   <br><br>\r\nLos cursos se imparten en grupos reducidos -un m\u00e1ximo de 8 personas por instructor-, por lo que puedes estar seguro de que cada respiraci\u00f3n ser\u00e1 tranquila y cada pregunta tendr\u00e1 respuesta.\r\n<br><br>\r\nMerece la pena porque:<br>\ud83e\udee7 Te entrenas en la piscina m\u00e1s profunda de Europa &#8211; hasta 45 metros de profundidad<br>\ud83e\udee7 Te sumerges en condiciones ex\u00f3ticas &#8211; agua clara a 32\u00b0C<br>\ud83e\udee7 Utilizas equipo moderno, revisado regularmente<br>\ud83e\udee7 Cuentas con el apoyo de instructores internacionales experimentados<br>\ud83e\udee7 Es el lugar perfecto para adquirir confianza y una buena t\u00e9cnica.<br><br>\r\n<strong>Al finalizar el curso, estar\u00e1s certificado como<\/strong> <strong>Buceador<\/strong><strong>por Ordenador<\/strong> en la organizaci\u00f3n SSI y habr\u00e1s obtenido una de las cuatro especializaciones requeridas para el t\u00edtulo de <strong>Buceador Avanzado de Aguas Abiertas SSI<\/strong>.\r\n<br><br><br>\r\n\u00bfQu\u00e9 merece la pena saber?<\/p>      <ul>            <li>\r\n              <p>duraci\u00f3n  <\/p>\r\n              <strong>1 d\u00eda (aprox. 5,5 h, incluida una sesi\u00f3n de piscina)<\/strong>\r\n            <\/li>\r\n                      <li>\r\n              <p>Edad m\u00ednima del participante<\/p>\r\n              <strong>15 a\u00f1os<\/strong>\r\n            <\/li>\r\n                      <li>\r\n              <p>Te sumergir\u00e1s hasta profundidades<\/p>\r\n              <strong>especificado por la certificaci\u00f3n, m\u00e1ximo 30M<\/strong>\r\n            <\/li>\r\n                      <li>\r\n              <p>Como regalo<\/p>\r\n              <strong>especificado por la certificaci\u00f3n, m\u00e1ximo 30M<\/strong>\r\n            <\/li>\r\n                      <li>\r\n              <p>Proporcionamos<\/p>\r\n              <strong>Todo el equipo de buceo. Lleva contigo s\u00f3lo ba\u00f1ador, toalla y chanclas. <\/strong>\r\n            <\/li>\r\n                      <li>\r\n              <p>No olvides<\/p>\r\n              <strong>Divi\u00e9rtete y te infundiremos toda la energ\u00eda<\/strong>\r\n            <\/li>\r\n                      <li>\r\n              <p>Precio:<\/p>\r\n              <strong>699 PLN<\/strong>\r\n            <\/li>\r\n          <\/ul>      <div class=\"button-list-wrap\"><div class=\"button-list button-type-both\"><div><a class=\"alternate_ybb\" href=\"https:\/\/cs.deepspot.com\/offer?steps=deepspot_diving-courses_wait-for-diving-course-list_54\" target=\"_self\"><img decoding=\"async\" lazy src=\"data:image\/gif;base64,R0lGODlhAQABAAD\/ACwAAAAAAQABAAACADs%3D\" data-src=\"https:\/\/eco3ygde435.exactdn.com\/wp-content\/uploads\/sites\/2\/2020\/08\/calendar-grid-58.png?strip=all\" alt=\"\"><strong>Zarezerwuj<\/strong><\/a><\/div><div><a class=\"alternate_ybb\" href=\"https:\/\/sklep.deepspot.com\/vouchery\/kurs-computer-diving\" target=\"_self\"><img decoding=\"async\" lazy src=\"data:image\/gif;base64,R0lGODlhAQABAAD\/ACwAAAAAAQABAAACADs%3D\" data-src=\"https:\/\/eco3ygde435.exactdn.com\/wp-content\/uploads\/sites\/2\/2020\/08\/paper-diploma.png?strip=all\" alt=\"\"><strong>Zam\u00f3w voucher<\/strong><\/a><\/div><\/div><\/div>    <\/div>\r\n  <\/div>\r\n<\/div><!-- block -->\r\n<p><strong>SALUD<\/strong><br data-rich-text-line-break=\"true\">El buceo es un deporte recreativo al alcance de casi todo el mundo. Si su estado de salud es bueno, lo m\u00e1s probable es que no necesite permiso de su m\u00e9dico, aunque en algunos casos especiales puede ser necesario. Si quiere estar seguro, puede consultar la norma<br data-rich-text-line-break=\"true\"><a href=\"https:\/\/eco3ygde435.exactdn.com\/wp-content\/uploads\/sites\/2\/2023\/10\/TR-MEDICAL-DIVER_Polish.pdf\" target=\"_blank\" rel=\"noreferrer noopener\">formulario m\u00e9dico<\/a>.<\/p>\n<div id=\"step-guide-icons-block_f8ec4f658e6449724691d91fdf56f44f\" class=\"step-guide-icons-block\">\r\n  <div class=\"row container\">\r\n    <div>\r\n      <div class=\"title\">Programa diario<\/div>      <ul>            <li data-count=\"01\">\r\n              <div class=\"icon-wrap\"><img decoding=\"async\" lazy src=\"data:image\/gif;base64,R0lGODlhAQABAAD\/ACwAAAAAAQABAAACADs%3D\" data-src=\"\" alt=\"\"><\/div>\r\n              <p>Divi\u00e9rtete y te infundiremos toda la energ\u00eda<br \/>\r\n<\/p>\r\n                          <\/li>\r\n                      <li data-count=\"02\">\r\n              <div class=\"icon-wrap\"><img decoding=\"async\" lazy src=\"data:image\/gif;base64,R0lGODlhAQABAAD\/ACwAAAAAAQABAAACADs%3D\" data-src=\"\" alt=\"\"><\/div>\r\n              <p>Reserva tu cita &#8211; en l\u00ednea, r\u00e1pida y c\u00f3modamente<br \/>\r\n<\/p>\r\n                          <\/li>\r\n                      <li data-count=\"03\">\r\n              <div class=\"icon-wrap\"><img decoding=\"async\" lazy src=\"data:image\/gif;base64,R0lGODlhAQABAAD\/ACwAAAAAAQABAAACADs%3D\" data-src=\"\" alt=\"\"><\/div>\r\n              <p>Rellena los datos de los participantes &#8211; a trav\u00e9s de tu cuenta, s\u00f3lo te llevar\u00e1 un momento<br \/>\r\n<br \/>\r\n<\/p>\r\n                          <\/li>\r\n                      <li data-count=\"04\">\r\n              <div class=\"icon-wrap\"><img decoding=\"async\" lazy src=\"data:image\/gif;base64,R0lGODlhAQABAAD\/ACwAAAAAAQABAAACADs%3D\" data-src=\"\" alt=\"\"><\/div>\r\n              <p>Ven 30 minutos antes: podr\u00e1s prepararte tranquilamente<br \/>\r\n<\/p>\r\n                          <\/li>\r\n                      <li data-count=\"05\">\r\n              <div class=\"icon-wrap\"><img decoding=\"async\" lazy src=\"data:image\/gif;base64,R0lGODlhAQABAAD\/ACwAAAAAAQABAAACADs%3D\" data-src=\"\" alt=\"\"><\/div>\r\n              <p>Sum\u00e9rgete y divi\u00e9rtete<br \/>\r\n<br \/>\r\n<\/p>\r\n                          <\/li>\r\n                      <li data-count=\"06\">\r\n              <div class=\"icon-wrap\"><img decoding=\"async\" lazy src=\"data:image\/gif;base64,R0lGODlhAQABAAD\/ACwAAAAAAQABAAACADs%3D\" data-src=\"\" alt=\"\"><\/div>\r\n              <p>Pilla el gusanillo y vuelve a por m\u00e1s: \u00a1el buceo es adictivo!<br \/>\r\n<\/p>\r\n                          <\/li>\r\n          <\/ul>    <\/div>\r\n  <\/div>\r\n<\/div><!-- block -->\r\n<div id=\"download-block_5452fb69cfc80d46013ce111e5cb5673\" class=\"download-block\">\r\n  <div class=\"row container\">\r\n    <div>\r\n      <h2 class=\"title\">Documentos<\/h2>      <ul>            <li>\r\n              <a href=\"https:\/\/www.deepspot.com\/wp-content\/uploads\/sites\/2\/2022\/09\/Limityglebokosci_DoPodpisywania_PL.pdf\" download>\r\n                <div>\r\n                  <img decoding=\"async\" lazy src=\"data:image\/gif;base64,R0lGODlhAQABAAD\/ACwAAAAAAQABAAACADs%3D\" data-src=\"https:\/\/www.deepspot.com\/wp-content\/themes\/deepspotflyspotWPML\/images\/dots-download.svg\">\r\n                  <p>NORMAS Y RECOMENDACIONES SOBRE LOS L\u00cdMITES DE PROFUNDIDAD PARA EL BUCEO CON ESCAFANDRA AUT\u00d3NOMA  <\/p>\r\n                <\/div>\r\n              <\/a>\r\n            <\/li>\r\n                      <li>\r\n              <a href=\"https:\/\/www.deepspot.com\/wp-content\/uploads\/sites\/2\/2023\/08\/FomularzMedyczny2023_PL_do_wgladu.pdf\" download>\r\n                <div>\r\n                  <img decoding=\"async\" lazy src=\"data:image\/gif;base64,R0lGODlhAQABAAD\/ACwAAAAAAQABAAACADs%3D\" data-src=\"https:\/\/www.deepspot.com\/wp-content\/themes\/deepspotflyspotWPML\/images\/dots-download.svg\">\r\n                  <p>Formulario m\u00e9dico<\/p>\r\n                <\/div>\r\n              <\/a>\r\n            <\/li>\r\n          <\/ul>    <\/div>\r\n  <\/div>\r\n<\/div><!-- block -->\r\n","protected":false},"excerpt":{"rendered":"<p>SALUDEl buceo es un deporte recreativo al alcance de casi todo el mundo. Si su estado de salud es bueno, lo m\u00e1s probable es que no necesite permiso de su m\u00e9dico, aunque en algunos casos especiales puede ser necesario. Si quiere estar seguro, puede consultar la normaformulario m\u00e9dico.<\/p>\n","protected":false},"author":18,"featured_media":55025,"parent":4597,"menu_order":3,"comment_status":"closed","ping_status":"closed","template":"","meta":{"_acf_changed":false,"footnotes":""},"class_list":["post-54011","page","type-page","status-publish","has-post-thumbnail","hentry"],"acf":[],"yoast_head":"<!-- This site is optimized with the Yoast SEO plugin v27.3 - https:\/\/yoast.com\/product\/yoast-seo-wordpress\/ -->\n<title>Curso de Buceo por Ordenador | Deepspot<\/title>\n<meta name=\"description\" content=\"Curso de Buceo por Ordenador\" \/>\n<meta name=\"robots\" content=\"index, follow, max-snippet:-1, max-image-preview:large, max-video-preview:-1\" \/>\n<link rel=\"canonical\" href=\"https:\/\/www.deepspot.com\/es\/para-quien\/buceo-con-botella\/curso-de-buceador-de-interior\/\" \/>\n<meta property=\"og:locale\" content=\"es_ES\" \/>\n<meta property=\"og:type\" content=\"article\" \/>\n<meta property=\"og:title\" content=\"Curso de Buceo por Ordenador | Deepspot\" \/>\n<meta property=\"og:description\" content=\"Curso de Buceo por Ordenador\" \/>\n<meta property=\"og:url\" content=\"https:\/\/www.deepspot.com\/es\/para-quien\/buceo-con-botella\/curso-de-buceador-de-interior\/\" \/>\n<meta property=\"og:site_name\" content=\"Deepspot\" \/>\n<meta property=\"article:modified_time\" content=\"2025-10-29T11:11:35+00:00\" \/>\n<meta property=\"og:image\" content=\"https:\/\/eco3ygde435.exactdn.com\/wp-content\/uploads\/sites\/2\/2025\/07\/copm.jpg?strip=all\" \/>\n\t<meta property=\"og:image:width\" content=\"1674\" \/>\n\t<meta property=\"og:image:height\" content=\"966\" \/>\n\t<meta property=\"og:image:type\" content=\"image\/jpeg\" \/>\n<meta name=\"twitter:card\" content=\"summary_large_image\" \/>\n<script type=\"application\/ld+json\" class=\"yoast-schema-graph\">{\"@context\":\"https:\\\/\\\/schema.org\",\"@graph\":[{\"@type\":\"WebPage\",\"@id\":\"https:\\\/\\\/www.deepspot.com\\\/es\\\/para-quien\\\/buceo-con-botella\\\/curso-de-buceador-de-interior\\\/\",\"url\":\"https:\\\/\\\/www.deepspot.com\\\/es\\\/para-quien\\\/buceo-con-botella\\\/curso-de-buceador-de-interior\\\/\",\"name\":\"Curso de Buceo por Ordenador | Deepspot\",\"isPartOf\":{\"@id\":\"https:\\\/\\\/www.deepspot.com\\\/pl\\\/#website\"},\"primaryImageOfPage\":{\"@id\":\"https:\\\/\\\/www.deepspot.com\\\/es\\\/para-quien\\\/buceo-con-botella\\\/curso-de-buceador-de-interior\\\/#primaryimage\"},\"image\":{\"@id\":\"https:\\\/\\\/www.deepspot.com\\\/es\\\/para-quien\\\/buceo-con-botella\\\/curso-de-buceador-de-interior\\\/#primaryimage\"},\"thumbnailUrl\":\"https:\\\/\\\/eco3ygde435.exactdn.com\\\/wp-content\\\/uploads\\\/sites\\\/2\\\/2025\\\/07\\\/copm.jpg?strip=all\",\"datePublished\":\"2025-06-23T10:45:11+00:00\",\"dateModified\":\"2025-10-29T11:11:35+00:00\",\"description\":\"Curso de Buceo por Ordenador\",\"breadcrumb\":{\"@id\":\"https:\\\/\\\/www.deepspot.com\\\/es\\\/para-quien\\\/buceo-con-botella\\\/curso-de-buceador-de-interior\\\/#breadcrumb\"},\"inLanguage\":\"es\",\"potentialAction\":[{\"@type\":\"ReadAction\",\"target\":[\"https:\\\/\\\/www.deepspot.com\\\/es\\\/para-quien\\\/buceo-con-botella\\\/curso-de-buceador-de-interior\\\/\"]}]},{\"@type\":\"ImageObject\",\"inLanguage\":\"es\",\"@id\":\"https:\\\/\\\/www.deepspot.com\\\/es\\\/para-quien\\\/buceo-con-botella\\\/curso-de-buceador-de-interior\\\/#primaryimage\",\"url\":\"https:\\\/\\\/eco3ygde435.exactdn.com\\\/wp-content\\\/uploads\\\/sites\\\/2\\\/2025\\\/07\\\/copm.jpg?strip=all\",\"contentUrl\":\"https:\\\/\\\/eco3ygde435.exactdn.com\\\/wp-content\\\/uploads\\\/sites\\\/2\\\/2025\\\/07\\\/copm.jpg?strip=all\",\"width\":1674,\"height\":966},{\"@type\":\"BreadcrumbList\",\"@id\":\"https:\\\/\\\/www.deepspot.com\\\/es\\\/para-quien\\\/buceo-con-botella\\\/curso-de-buceador-de-interior\\\/#breadcrumb\",\"itemListElement\":[{\"@type\":\"ListItem\",\"position\":1,\"name\":\"Strona g\u0142\u00f3wna\",\"item\":\"https:\\\/\\\/www.deepspot.com\\\/es\\\/\"},{\"@type\":\"ListItem\",\"position\":2,\"name\":\"Para qui\u00e9n\",\"item\":\"https:\\\/\\\/www.deepspot.com\\\/es\\\/para-quien\\\/\"},{\"@type\":\"ListItem\",\"position\":3,\"name\":\"Buceo\",\"item\":\"https:\\\/\\\/www.deepspot.com\\\/es\\\/para-quien\\\/buceo-con-botella\\\/\"},{\"@type\":\"ListItem\",\"position\":4,\"name\":\"Curso de Buceo por Ordenador\"}]},{\"@type\":\"WebSite\",\"@id\":\"https:\\\/\\\/www.deepspot.com\\\/pl\\\/#website\",\"url\":\"https:\\\/\\\/www.deepspot.com\\\/pl\\\/\",\"name\":\"Deepspot\",\"description\":\"Una nueva dimensi\u00f3n en el buceo\",\"potentialAction\":[{\"@type\":\"SearchAction\",\"target\":{\"@type\":\"EntryPoint\",\"urlTemplate\":\"https:\\\/\\\/www.deepspot.com\\\/pl\\\/?s={search_term_string}\"},\"query-input\":{\"@type\":\"PropertyValueSpecification\",\"valueRequired\":true,\"valueName\":\"search_term_string\"}}],\"inLanguage\":\"es\"}]}<\/script>\n<!-- \/ Yoast SEO plugin. -->","yoast_head_json":{"title":"Curso de Buceo por Ordenador | Deepspot","description":"Curso de Buceo por Ordenador","robots":{"index":"index","follow":"follow","max-snippet":"max-snippet:-1","max-image-preview":"max-image-preview:large","max-video-preview":"max-video-preview:-1"},"canonical":"https:\/\/www.deepspot.com\/es\/para-quien\/buceo-con-botella\/curso-de-buceador-de-interior\/","og_locale":"es_ES","og_type":"article","og_title":"Curso de Buceo por Ordenador | Deepspot","og_description":"Curso de Buceo por Ordenador","og_url":"https:\/\/www.deepspot.com\/es\/para-quien\/buceo-con-botella\/curso-de-buceador-de-interior\/","og_site_name":"Deepspot","article_modified_time":"2025-10-29T11:11:35+00:00","og_image":[{"width":1674,"height":966,"url":"https:\/\/eco3ygde435.exactdn.com\/wp-content\/uploads\/sites\/2\/2025\/07\/copm.jpg?strip=all","type":"image\/jpeg"}],"twitter_card":"summary_large_image","schema":{"@context":"https:\/\/schema.org","@graph":[{"@type":"WebPage","@id":"https:\/\/www.deepspot.com\/es\/para-quien\/buceo-con-botella\/curso-de-buceador-de-interior\/","url":"https:\/\/www.deepspot.com\/es\/para-quien\/buceo-con-botella\/curso-de-buceador-de-interior\/","name":"Curso de Buceo por Ordenador | Deepspot","isPartOf":{"@id":"https:\/\/www.deepspot.com\/pl\/#website"},"primaryImageOfPage":{"@id":"https:\/\/www.deepspot.com\/es\/para-quien\/buceo-con-botella\/curso-de-buceador-de-interior\/#primaryimage"},"image":{"@id":"https:\/\/www.deepspot.com\/es\/para-quien\/buceo-con-botella\/curso-de-buceador-de-interior\/#primaryimage"},"thumbnailUrl":"https:\/\/eco3ygde435.exactdn.com\/wp-content\/uploads\/sites\/2\/2025\/07\/copm.jpg?strip=all","datePublished":"2025-06-23T10:45:11+00:00","dateModified":"2025-10-29T11:11:35+00:00","description":"Curso de Buceo por Ordenador","breadcrumb":{"@id":"https:\/\/www.deepspot.com\/es\/para-quien\/buceo-con-botella\/curso-de-buceador-de-interior\/#breadcrumb"},"inLanguage":"es","potentialAction":[{"@type":"ReadAction","target":["https:\/\/www.deepspot.com\/es\/para-quien\/buceo-con-botella\/curso-de-buceador-de-interior\/"]}]},{"@type":"ImageObject","inLanguage":"es","@id":"https:\/\/www.deepspot.com\/es\/para-quien\/buceo-con-botella\/curso-de-buceador-de-interior\/#primaryimage","url":"https:\/\/eco3ygde435.exactdn.com\/wp-content\/uploads\/sites\/2\/2025\/07\/copm.jpg?strip=all","contentUrl":"https:\/\/eco3ygde435.exactdn.com\/wp-content\/uploads\/sites\/2\/2025\/07\/copm.jpg?strip=all","width":1674,"height":966},{"@type":"BreadcrumbList","@id":"https:\/\/www.deepspot.com\/es\/para-quien\/buceo-con-botella\/curso-de-buceador-de-interior\/#breadcrumb","itemListElement":[{"@type":"ListItem","position":1,"name":"Strona g\u0142\u00f3wna","item":"https:\/\/www.deepspot.com\/es\/"},{"@type":"ListItem","position":2,"name":"Para qui\u00e9n","item":"https:\/\/www.deepspot.com\/es\/para-quien\/"},{"@type":"ListItem","position":3,"name":"Buceo","item":"https:\/\/www.deepspot.com\/es\/para-quien\/buceo-con-botella\/"},{"@type":"ListItem","position":4,"name":"Curso de Buceo por Ordenador"}]},{"@type":"WebSite","@id":"https:\/\/www.deepspot.com\/pl\/#website","url":"https:\/\/www.deepspot.com\/pl\/","name":"Deepspot","description":"Una nueva dimensi\u00f3n en el buceo","potentialAction":[{"@type":"SearchAction","target":{"@type":"EntryPoint","urlTemplate":"https:\/\/www.deepspot.com\/pl\/?s={search_term_string}"},"query-input":{"@type":"PropertyValueSpecification","valueRequired":true,"valueName":"search_term_string"}}],"inLanguage":"es"}]}},"_links":{"self":[{"href":"https:\/\/www.deepspot.com\/es\/wp-json\/wp\/v2\/pages\/54011","targetHints":{"allow":["GET"]}}],"collection":[{"href":"https:\/\/www.deepspot.com\/es\/wp-json\/wp\/v2\/pages"}],"about":[{"href":"https:\/\/www.deepspot.com\/es\/wp-json\/wp\/v2\/types\/page"}],"author":[{"embeddable":true,"href":"https:\/\/www.deepspot.com\/es\/wp-json\/wp\/v2\/users\/18"}],"replies":[{"embeddable":true,"href":"https:\/\/www.deepspot.com\/es\/wp-json\/wp\/v2\/comments?post=54011"}],"version-history":[{"count":24,"href":"https:\/\/www.deepspot.com\/es\/wp-json\/wp\/v2\/pages\/54011\/revisions"}],"predecessor-version":[{"id":57789,"href":"https:\/\/www.deepspot.com\/es\/wp-json\/wp\/v2\/pages\/54011\/revisions\/57789"}],"up":[{"embeddable":true,"href":"https:\/\/www.deepspot.com\/es\/wp-json\/wp\/v2\/pages\/4597"}],"wp:featuredmedia":[{"embeddable":true,"href":"https:\/\/www.deepspot.com\/es\/wp-json\/wp\/v2\/media\/55025"}],"wp:attachment":[{"href":"https:\/\/www.deepspot.com\/es\/wp-json\/wp\/v2\/media?parent=54011"}],"curies":[{"name":"wp","href":"https:\/\/api.w.org\/{rel}","templated":true}]}}