{"id":55729,"date":"2025-08-25T09:48:34","date_gmt":"2025-08-25T07:48:34","guid":{"rendered":"https:\/\/www.deepspot.com\/?page_id=55729"},"modified":"2025-10-29T12:24:41","modified_gmt":"2025-10-29T11:24:41","slug":"sirena-oceano","status":"publish","type":"page","link":"https:\/\/www.deepspot.com\/es\/para-quien\/buceo-libre\/sirena-oceano\/","title":{"rendered":"CURSO MONOFIN"},"content":{"rendered":"<div id=\"hero-block_92fb5230f0f49b224b2a89e60c601b85\" class=\"hero-block\">\r\n  <div class=\"row outer-container\">\r\n    <div>\r\n      <img decoding=\"async\" lazy src=\"data:image\/gif;base64,R0lGODlhAQABAAD\/ACwAAAAAAQABAAACADs%3D\" data-src=\"https:\/\/eco3ygde435.exactdn.com\/wp-content\/uploads\/sites\/2\/2025\/10\/popopo.jpg?strip=all\" alt=\"\">\r\n          <\/div>\r\n    <div>\r\n      <h2>MONOALETA &#8211; EL SIGUIENTE NIVEL DE LA APNEA<\/h2><p>Entra en el agua y aprende la t\u00e9cnica con la que se establecen los r\u00e9cords mundiales de apnea. El monoplano implica a todo tu cuerpo, te proporciona fluidez y una sensaci\u00f3n completamente nueva, diferente del cl\u00e1sico movimiento de tijera. Es el siguiente paso en tu aventura subacu\u00e1tica.   Siente el poder del movimiento de los delfines y descubre la libertad como nunca antes la hab\u00edas conocido.<\/p>    <\/div>\r\n  <\/div>\r\n<\/div><!-- block -->\r\n<div id=\"product-details-block_e21d467b5876ec878585a83ab376d9b3\" class=\"product-details-block\">\r\n  <div class=\"row container\">\r\n    <div>\r\n      <h2 class=\"title\">Descripci\u00f3n de las atracciones<\/h2>      <p class=\"desc\">El curso MONOFIN est\u00e1 dise\u00f1ado para personas con un certificado b\u00e1sico de apnea (m\u00edn. Freediver SSI o equivalente) que deseen ampliar sus habilidades para incluir el movimiento de delf\u00edn, una t\u00e9cnica que implica a todo el cuerpo y proporciona una sensaci\u00f3n completamente nueva. Es una forma de moverse diferente del cl\u00e1sico movimiento de tijera, m\u00e1s fluido, din\u00e1mico y eficaz.   <br>\r\nEs con el monoplano con el que se establecen todos los r\u00e9cords mundiales en apnea, y se utiliza en las disciplinas de velocidad desde hace a\u00f1os. Por tanto, merece la pena dominar esta t\u00e9cnica, tanto si la pruebas por primera vez como si ya la utilizas de forma natural.   <br><br>\r\nDurante el curso, aprender\u00e1s la ejecuci\u00f3n correcta del movimiento, ejercicios para favorecer su desarrollo y trabajar\u00e1s la movilidad para adoptar la posici\u00f3n ideal en el agua.  <br><br>\r\nSum\u00e9rgete en la oferta, sobre todo si: <br>\ud83e\udee7 Sue\u00f1as con la fluidez y la potencia del movimiento de los delfines<br>\ud83e\udee7 Quieres descubrir la t\u00e9cnica con la que se baten r\u00e9cords mundiales<br>\ud83e\udee7 Buscas un reto que implique a todo tu cuerpo y te proporcione nuevas sensaciones<br>\ud83e\udee7 Te gusta aprender algo que combine el rendimiento atl\u00e9tico con una sensaci\u00f3n de ligereza en el agua.<br><br>\r\nQu\u00e9 ofrecemos<br>\ud83e\udee7 Introducci\u00f3n que incluye teor\u00eda, pr\u00e1ctica y enfoque individual<br>\ud83e\udee7 Ejercicios en el agua, desde el aprendizaje en la parte menos profunda hasta la inmersi\u00f3n a la profundidad especificada por tu certificaci\u00f3n de metro<br>\ud83e\udee7 Todo lo que necesitas est\u00e1 incluido en el precio. Te proporcionamos todo el equipo necesario<br>\ud83e\udee7 Grupos \u00edntimos o clases individuales. Siempre adaptaremos el ritmo a ti    <br><br>\r\nLas clases se imparten en grupos reducidos -un m\u00e1ximo de 4 personas por instructor-, lo que te da la seguridad de que cada respiraci\u00f3n ser\u00e1 tranquila y cada pregunta tendr\u00e1 respuesta.  <br><br>\r\nMerece la pena porque:<br>\ud83e\udee7 Te entrenas en la piscina m\u00e1s profunda de Europa &#8211; hasta 45 metros de profundidad<br>\ud83e\udee7 Te sumerges en condiciones ex\u00f3ticas &#8211; agua clara a 32\u00b0C<br>\ud83e\udee7 Utilizas equipo moderno, revisado regularmente<br>\ud83e\udee7 Cuentas con el apoyo de instructores internacionales experimentados<br>\ud83e\udee7 Es el lugar perfecto para adquirir confianza y una buena t\u00e9cnica.<br><br>\r\nAl finalizar el curso, recibir\u00e1s un certificado internacional de Monoaleta de la organizaci\u00f3n SSI.\r\n<br><br><br>\r\n\u00bfQu\u00e9 merece la pena saber?\r\n<\/p>      <ul>            <li>\r\n              <p>Duraci\u00f3n<\/p>\r\n              <strong>2 d\u00edas, (aprox. 16h, incluyendo 4 sesiones de piscina)<\/strong>\r\n            <\/li>\r\n                      <li>\r\n              <p>Edad m\u00ednima del participante<\/p>\r\n              <strong>12 a\u00f1os<\/strong>\r\n            <\/li>\r\n                      <li>\r\n              <p>Te sumergir\u00e1s hasta profundidades<\/p>\r\n              <strong>determinado por la certificaci\u00f3n<\/strong>\r\n            <\/li>\r\n                      <li>\r\n              <p>Como regalo<\/p>\r\n              <strong>v\u00eddeo corto del fotomat\u00f3n submarino<\/strong>\r\n            <\/li>\r\n                      <li>\r\n              <p>Proporcionamos<\/p>\r\n              <strong>Todo el equipo de buceo. Lleva contigo s\u00f3lo ba\u00f1ador, toalla y chanclas. <\/strong>\r\n            <\/li>\r\n                      <li>\r\n              <p>No olvides<\/p>\r\n              <strong>Divi\u00e9rtete y te infundiremos toda la energ\u00eda<\/strong>\r\n            <\/li>\r\n                      <li>\r\n              <p>Precio<\/p>\r\n              <strong>1 999 PLN<\/strong>\r\n            <\/li>\r\n          <\/ul>      <div class=\"button-list-wrap\"><div class=\"button-list button-type-both\"><div><a class=\"alternate_ybb\" href=\"https:\/\/cs.deepspot.com\/offer?steps=deepspot_diving-courses_wait-for-diving-course-list_57\" target=\"_self\"><img decoding=\"async\" lazy src=\"data:image\/gif;base64,R0lGODlhAQABAAD\/ACwAAAAAAQABAAACADs%3D\" data-src=\"https:\/\/eco3ygde435.exactdn.com\/wp-content\/uploads\/sites\/2\/2020\/08\/calendar-grid-58.png?strip=all\" alt=\"\"><strong>Zarezerwuj<\/strong><\/a><\/div><div><a class=\"alternate_ybb\" href=\"https:\/\/sklep.deepspot.com\/vouchery\/kurs-monofin\" target=\"_self\"><img decoding=\"async\" lazy src=\"data:image\/gif;base64,R0lGODlhAQABAAD\/ACwAAAAAAQABAAACADs%3D\" data-src=\"https:\/\/eco3ygde435.exactdn.com\/wp-content\/uploads\/sites\/2\/2020\/08\/paper-diploma.png?strip=all\" alt=\"\"><strong>Zam\u00f3w voucher<\/strong><\/a><\/div><\/div><\/div>    <\/div>\r\n  <\/div>\r\n<\/div><!-- block -->\r\n<p><strong>SALUD<\/strong><br data-rich-text-line-break=\"true\">El buceo es un deporte recreativo al alcance de casi todo el mundo. Si su estado de salud es bueno, lo m\u00e1s probable es que no necesite permiso de su m\u00e9dico, aunque en algunos casos especiales puede ser necesario. Si quiere estar seguro, puede consultar la norma<br data-rich-text-line-break=\"true\"><a href=\"https:\/\/eco3ygde435.exactdn.com\/wp-content\/uploads\/sites\/2\/2023\/10\/TR-MEDICAL-DIVER_Polish.pdf\" target=\"_blank\" rel=\"noreferrer noopener\">formulario m\u00e9dico<\/a>.<\/p>\n<div id=\"step-guide-icons-block_ae4e5a5dfbaa2e60f617273dac4278e2\" class=\"step-guide-icons-block\">\r\n  <div class=\"row container\">\r\n    <div>\r\n      <div class=\"title\">Paso a paso<\/div>      <ul>            <li data-count=\"01\">\r\n              <div class=\"icon-wrap\"><img decoding=\"async\" lazy src=\"data:image\/gif;base64,R0lGODlhAQABAAD\/ACwAAAAAAQABAAACADs%3D\" data-src=\"\" alt=\"\"><\/div>\r\n              <p>Re\u00fane a los participantes: en solitario, para dos o en manada<br \/>\r\n<br \/>\r\n<\/p>\r\n                          <\/li>\r\n                      <li data-count=\"02\">\r\n              <div class=\"icon-wrap\"><img decoding=\"async\" lazy src=\"data:image\/gif;base64,R0lGODlhAQABAAD\/ACwAAAAAAQABAAACADs%3D\" data-src=\"\" alt=\"\"><\/div>\r\n              <p>Reserva tu cita &#8211; en l\u00ednea, r\u00e1pida y c\u00f3modamente<br \/>\r\n<br \/>\r\n<\/p>\r\n                          <\/li>\r\n                      <li data-count=\"03\">\r\n              <div class=\"icon-wrap\"><img decoding=\"async\" lazy src=\"data:image\/gif;base64,R0lGODlhAQABAAD\/ACwAAAAAAQABAAACADs%3D\" data-src=\"\" alt=\"\"><\/div>\r\n              <p>Rellena los datos de los participantes &#8211; a trav\u00e9s de tu cuenta, s\u00f3lo te llevar\u00e1 un momento<br \/>\r\n<\/p>\r\n                          <\/li>\r\n                      <li data-count=\"04\">\r\n              <div class=\"icon-wrap\"><img decoding=\"async\" lazy src=\"data:image\/gif;base64,R0lGODlhAQABAAD\/ACwAAAAAAQABAAACADs%3D\" data-src=\"\" alt=\"\"><\/div>\r\n              <p>Ven 30 minutos antes: podr\u00e1s prepararte tranquilamente<br \/>\r\n<br \/>\r\n<\/p>\r\n                          <\/li>\r\n                      <li data-count=\"05\">\r\n              <div class=\"icon-wrap\"><img decoding=\"async\" lazy src=\"data:image\/gif;base64,R0lGODlhAQABAAD\/ACwAAAAAAQABAAACADs%3D\" data-src=\"\" alt=\"\"><\/div>\r\n              <p>Sum\u00e9rgete y divi\u00e9rtete<br \/>\r\n<br \/>\r\n<\/p>\r\n                          <\/li>\r\n                      <li data-count=\"06\">\r\n              <div class=\"icon-wrap\"><img decoding=\"async\" lazy src=\"data:image\/gif;base64,R0lGODlhAQABAAD\/ACwAAAAAAQABAAACADs%3D\" data-src=\"\" alt=\"\"><\/div>\r\n              <p>Pilla el gusanillo y vuelve a por m\u00e1s: \u00a1el buceo es adictivo!<br \/>\r\n<br \/>\r\n<\/p>\r\n                          <\/li>\r\n          <\/ul>    <\/div>\r\n  <\/div>\r\n<\/div><!-- block -->\r\n<div id=\"download-block_37444834b6e250ff235ca5e3afb51b29\" class=\"download-block\">\r\n  <div class=\"row container\">\r\n    <div>\r\n      <h2 class=\"title\">documentos y condiciones<\/h2>      <ul>            <li>\r\n              <a href=\"https:\/\/eco3ygde435.exactdn.com\/wp-content\/uploads\/sites\/2\/2020\/08\/pc-play-media.png?strip=all&w=2560\" download>\r\n                <div>\r\n                  <img decoding=\"async\" lazy src=\"data:image\/gif;base64,R0lGODlhAQABAAD\/ACwAAAAAAQABAAACADs%3D\" data-src=\"https:\/\/www.deepspot.com\/wp-content\/themes\/deepspotflyspotWPML\/images\/dots-download.svg\">\r\n                  <p>Documentos a cumplimentar antes del curso<\/p>\r\n                <\/div>\r\n              <\/a>\r\n            <\/li>\r\n                      <li>\r\n              <a href=\"https:\/\/eco3ygde435.exactdn.com\/wp-content\/uploads\/sites\/2\/2020\/08\/60min.png?strip=all&w=2560\" download>\r\n                <div>\r\n                  <img decoding=\"async\" lazy src=\"data:image\/gif;base64,R0lGODlhAQABAAD\/ACwAAAAAAQABAAACADs%3D\" data-src=\"https:\/\/www.deepspot.com\/wp-content\/themes\/deepspotflyspotWPML\/images\/dots-download.svg\">\r\n                  <p>condiciones del contrato de participaci\u00f3n en el curso<\/p>\r\n                <\/div>\r\n              <\/a>\r\n            <\/li>\r\n          <\/ul>    <\/div>\r\n  <\/div>\r\n<\/div><!-- block -->\r\n","protected":false},"excerpt":{"rendered":"<p>SALUDEl buceo es un deporte recreativo al alcance de casi todo el mundo. Si su estado de salud es bueno, lo m\u00e1s probable es que no necesite permiso de su m\u00e9dico, aunque en algunos casos especiales puede ser necesario. Si quiere estar seguro, puede consultar la normaformulario m\u00e9dico.<\/p>\n","protected":false},"author":18,"featured_media":0,"parent":4601,"menu_order":5555,"comment_status":"closed","ping_status":"closed","template":"","meta":{"_acf_changed":false,"footnotes":""},"class_list":["post-55729","page","type-page","status-publish","hentry"],"acf":[],"yoast_head":"<!-- This site is optimized with the Yoast SEO plugin v27.4 - https:\/\/yoast.com\/product\/yoast-seo-wordpress\/ -->\n<title>CURSO MONOFIN | Deepspot<\/title>\n<meta name=\"description\" content=\"CURSO MONOFIN\" \/>\n<meta name=\"robots\" content=\"index, follow, max-snippet:-1, max-image-preview:large, max-video-preview:-1\" \/>\n<link rel=\"canonical\" href=\"https:\/\/www.deepspot.com\/es\/para-quien\/buceo-libre\/sirena-oceano\/\" \/>\n<meta property=\"og:locale\" content=\"es_ES\" \/>\n<meta property=\"og:type\" content=\"article\" \/>\n<meta property=\"og:title\" content=\"CURSO MONOFIN | Deepspot\" \/>\n<meta property=\"og:description\" content=\"CURSO MONOFIN\" \/>\n<meta property=\"og:url\" content=\"https:\/\/www.deepspot.com\/es\/para-quien\/buceo-libre\/sirena-oceano\/\" \/>\n<meta property=\"og:site_name\" content=\"Deepspot\" \/>\n<meta property=\"article:modified_time\" content=\"2025-10-29T11:24:41+00:00\" \/>\n<meta name=\"twitter:card\" content=\"summary_large_image\" \/>\n<script type=\"application\/ld+json\" class=\"yoast-schema-graph\">{\"@context\":\"https:\\\/\\\/schema.org\",\"@graph\":[{\"@type\":\"WebPage\",\"@id\":\"https:\\\/\\\/www.deepspot.com\\\/es\\\/para-quien\\\/buceo-libre\\\/sirena-oceano\\\/\",\"url\":\"https:\\\/\\\/www.deepspot.com\\\/es\\\/para-quien\\\/buceo-libre\\\/sirena-oceano\\\/\",\"name\":\"CURSO MONOFIN | Deepspot\",\"isPartOf\":{\"@id\":\"https:\\\/\\\/www.deepspot.com\\\/pl\\\/#website\"},\"datePublished\":\"2025-08-25T07:48:34+00:00\",\"dateModified\":\"2025-10-29T11:24:41+00:00\",\"description\":\"CURSO MONOFIN\",\"breadcrumb\":{\"@id\":\"https:\\\/\\\/www.deepspot.com\\\/es\\\/para-quien\\\/buceo-libre\\\/sirena-oceano\\\/#breadcrumb\"},\"inLanguage\":\"es\",\"potentialAction\":[{\"@type\":\"ReadAction\",\"target\":[\"https:\\\/\\\/www.deepspot.com\\\/es\\\/para-quien\\\/buceo-libre\\\/sirena-oceano\\\/\"]}]},{\"@type\":\"BreadcrumbList\",\"@id\":\"https:\\\/\\\/www.deepspot.com\\\/es\\\/para-quien\\\/buceo-libre\\\/sirena-oceano\\\/#breadcrumb\",\"itemListElement\":[{\"@type\":\"ListItem\",\"position\":1,\"name\":\"Strona g\u0142\u00f3wna\",\"item\":\"https:\\\/\\\/www.deepspot.com\\\/es\\\/\"},{\"@type\":\"ListItem\",\"position\":2,\"name\":\"Para qui\u00e9n\",\"item\":\"https:\\\/\\\/www.deepspot.com\\\/es\\\/para-quien\\\/\"},{\"@type\":\"ListItem\",\"position\":3,\"name\":\"Apnea\",\"item\":\"https:\\\/\\\/www.deepspot.com\\\/es\\\/para-quien\\\/buceo-libre\\\/\"},{\"@type\":\"ListItem\",\"position\":4,\"name\":\"CURSO MONOFIN\"}]},{\"@type\":\"WebSite\",\"@id\":\"https:\\\/\\\/www.deepspot.com\\\/pl\\\/#website\",\"url\":\"https:\\\/\\\/www.deepspot.com\\\/pl\\\/\",\"name\":\"Deepspot\",\"description\":\"Una nueva dimensi\u00f3n en el buceo\",\"potentialAction\":[{\"@type\":\"SearchAction\",\"target\":{\"@type\":\"EntryPoint\",\"urlTemplate\":\"https:\\\/\\\/www.deepspot.com\\\/pl\\\/?s={search_term_string}\"},\"query-input\":{\"@type\":\"PropertyValueSpecification\",\"valueRequired\":true,\"valueName\":\"search_term_string\"}}],\"inLanguage\":\"es\"}]}<\/script>\n<!-- \/ Yoast SEO plugin. -->","yoast_head_json":{"title":"CURSO MONOFIN | Deepspot","description":"CURSO MONOFIN","robots":{"index":"index","follow":"follow","max-snippet":"max-snippet:-1","max-image-preview":"max-image-preview:large","max-video-preview":"max-video-preview:-1"},"canonical":"https:\/\/www.deepspot.com\/es\/para-quien\/buceo-libre\/sirena-oceano\/","og_locale":"es_ES","og_type":"article","og_title":"CURSO MONOFIN | Deepspot","og_description":"CURSO MONOFIN","og_url":"https:\/\/www.deepspot.com\/es\/para-quien\/buceo-libre\/sirena-oceano\/","og_site_name":"Deepspot","article_modified_time":"2025-10-29T11:24:41+00:00","twitter_card":"summary_large_image","schema":{"@context":"https:\/\/schema.org","@graph":[{"@type":"WebPage","@id":"https:\/\/www.deepspot.com\/es\/para-quien\/buceo-libre\/sirena-oceano\/","url":"https:\/\/www.deepspot.com\/es\/para-quien\/buceo-libre\/sirena-oceano\/","name":"CURSO MONOFIN | Deepspot","isPartOf":{"@id":"https:\/\/www.deepspot.com\/pl\/#website"},"datePublished":"2025-08-25T07:48:34+00:00","dateModified":"2025-10-29T11:24:41+00:00","description":"CURSO MONOFIN","breadcrumb":{"@id":"https:\/\/www.deepspot.com\/es\/para-quien\/buceo-libre\/sirena-oceano\/#breadcrumb"},"inLanguage":"es","potentialAction":[{"@type":"ReadAction","target":["https:\/\/www.deepspot.com\/es\/para-quien\/buceo-libre\/sirena-oceano\/"]}]},{"@type":"BreadcrumbList","@id":"https:\/\/www.deepspot.com\/es\/para-quien\/buceo-libre\/sirena-oceano\/#breadcrumb","itemListElement":[{"@type":"ListItem","position":1,"name":"Strona g\u0142\u00f3wna","item":"https:\/\/www.deepspot.com\/es\/"},{"@type":"ListItem","position":2,"name":"Para qui\u00e9n","item":"https:\/\/www.deepspot.com\/es\/para-quien\/"},{"@type":"ListItem","position":3,"name":"Apnea","item":"https:\/\/www.deepspot.com\/es\/para-quien\/buceo-libre\/"},{"@type":"ListItem","position":4,"name":"CURSO MONOFIN"}]},{"@type":"WebSite","@id":"https:\/\/www.deepspot.com\/pl\/#website","url":"https:\/\/www.deepspot.com\/pl\/","name":"Deepspot","description":"Una nueva dimensi\u00f3n en el buceo","potentialAction":[{"@type":"SearchAction","target":{"@type":"EntryPoint","urlTemplate":"https:\/\/www.deepspot.com\/pl\/?s={search_term_string}"},"query-input":{"@type":"PropertyValueSpecification","valueRequired":true,"valueName":"search_term_string"}}],"inLanguage":"es"}]}},"_links":{"self":[{"href":"https:\/\/www.deepspot.com\/es\/wp-json\/wp\/v2\/pages\/55729","targetHints":{"allow":["GET"]}}],"collection":[{"href":"https:\/\/www.deepspot.com\/es\/wp-json\/wp\/v2\/pages"}],"about":[{"href":"https:\/\/www.deepspot.com\/es\/wp-json\/wp\/v2\/types\/page"}],"author":[{"embeddable":true,"href":"https:\/\/www.deepspot.com\/es\/wp-json\/wp\/v2\/users\/18"}],"replies":[{"embeddable":true,"href":"https:\/\/www.deepspot.com\/es\/wp-json\/wp\/v2\/comments?post=55729"}],"version-history":[{"count":23,"href":"https:\/\/www.deepspot.com\/es\/wp-json\/wp\/v2\/pages\/55729\/revisions"}],"predecessor-version":[{"id":57850,"href":"https:\/\/www.deepspot.com\/es\/wp-json\/wp\/v2\/pages\/55729\/revisions\/57850"}],"up":[{"embeddable":true,"href":"https:\/\/www.deepspot.com\/es\/wp-json\/wp\/v2\/pages\/4601"}],"wp:attachment":[{"href":"https:\/\/www.deepspot.com\/es\/wp-json\/wp\/v2\/media?parent=55729"}],"curies":[{"name":"wp","href":"https:\/\/api.w.org\/{rel}","templated":true}]}}