{"id":56321,"date":"2025-09-16T15:53:38","date_gmt":"2025-09-16T13:53:38","guid":{"rendered":"https:\/\/www.deepspot.com\/?page_id=56321"},"modified":"2025-09-16T15:54:28","modified_gmt":"2025-09-16T13:54:28","slug":"sirena-oceano-2","status":"publish","type":"page","link":"https:\/\/www.deepspot.com\/es\/para-quien\/buceo-libre\/sirena-oceano-2\/","title":{"rendered":"Mejora Sirena"},"content":{"rendered":"<div id=\"hero-block_54c84d952b9207163e4b04f1cb1f11ca\" class=\"hero-block\">\r\n  <div class=\"row outer-container\">\r\n    <div>\r\n      <img decoding=\"async\" lazy src=\"data:image\/gif;base64,R0lGODlhAQABAAD\/ACwAAAAAAQABAAACADs%3D\" data-src=\"https:\/\/eco3ygde435.exactdn.com\/wp-content\/uploads\/sites\/2\/2021\/10\/try-mermaid_11-05-Duzy-e1633609484907.jpg?strip=all\" alt=\"\">\r\n          <\/div>\r\n    <div>\r\n      <h2>  Sirena Oc\u00e9ano<\/h2><p>\u00bfTe preguntas si el mundo de las Sirenas es para ti? Asiste a una clase &#8220;Prueba la Sirena&#8221; y \u00a1desc\u00fabrelo por ti misma! Bajo la gu\u00eda de un instructor, conocer\u00e1s el equipo utilizado para nadar con cola de sirena, aprender\u00e1s los fundamentos del trabajo respiratorio y dominar\u00e1s los movimientos necesarios para moverte. \u00a1La opci\u00f3n perfecta para una aventura compartida con un amigo o una fiesta especial de cumplea\u00f1os de sirenas!   <\/p>    <\/div>\r\n  <\/div>\r\n<\/div><!-- block -->\r\n<div id=\"product-details-block_19f9299e2acdcfdf7970ffa206b88339\" class=\"product-details-block\">\r\n  <div class=\"row container\">\r\n    <div>\r\n      <h2 class=\"title\">Detalles del producto<\/h2>      <p class=\"desc\">\u00bfTe preguntas si el mundo de las Sirenas es para ti? Asiste a una clase &#8220;Prueba la Sirena&#8221; y \u00a1desc\u00fabrelo por ti misma! Bajo la gu\u00eda de un instructor, conocer\u00e1s el equipo utilizado para nadar con cola de sirena, aprender\u00e1s los fundamentos del trabajo respiratorio y dominar\u00e1s los movimientos necesarios para moverte. \u00a1La opci\u00f3n perfecta para una aventura compartida con un amigo o una fiesta especial de cumplea\u00f1os de sirenas!   <\/p>      <ul>            <li>\r\n              <p>Precio en pln<\/p>\r\n              <strong>449,00 PLN<\/strong>\r\n            <\/li>\r\n                      <li>\r\n              <p>profundidad m\u00e1xima en metros<\/p>\r\n              <strong>5<\/strong>\r\n            <\/li>\r\n                      <li>\r\n              <p>Edad m\u00ednima &#8211; a\u00f1os:<\/p>\r\n              <strong>8<\/strong>\r\n            <\/li>\r\n                      <li>\r\n              <p>Ll\u00e9vatelo contigo:<\/p>\r\n              <strong>chanclas, traje de ba\u00f1o, toalla, opcional: chaleco de rush \/ camiseta de lycra<\/strong>\r\n            <\/li>\r\n                      <li>\r\n              <p>Duraci\u00f3n de las clases<\/p>\r\n              <strong>aprox. 30min de teor\u00eda y aprox. 60min de actividades acu\u00e1ticas<\/strong>\r\n            <\/li>\r\n                      <li>\r\n              <p>N\u00famero m\u00e1ximo de participantes por 1 instructor<\/p>\r\n              <strong>2:1<\/strong>\r\n            <\/li>\r\n          <\/ul>      <div class=\"button-list-wrap\"><div class=\"button-list button-type-both\"><div><a class=\"alternate_ybb\" href=\"https:\/\/cs.deepspot.com\/offer?steps=deepspot_diving-courses_wait-for-diving-course-list_19&#038;language=1\" target=\"_self\"><img decoding=\"async\" lazy src=\"data:image\/gif;base64,R0lGODlhAQABAAD\/ACwAAAAAAQABAAACADs%3D\" data-src=\"https:\/\/eco3ygde435.exactdn.com\/wp-content\/uploads\/sites\/2\/2020\/08\/calendar-grid-58.png?strip=all\" alt=\"\"><strong>Zarezerwuj<\/strong><\/a><\/div><div><a class=\"alternate_ybb\" href=\"https:\/\/www.deepspot.com\/pl\/frequently-asked-questions\/?tab=6\" target=\"_self\"><img decoding=\"async\" lazy src=\"data:image\/gif;base64,R0lGODlhAQABAAD\/ACwAAAAAAQABAAACADs%3D\" data-src=\"https:\/\/eco3ygde435.exactdn.com\/wp-content\/uploads\/sites\/2\/2020\/08\/presentation.png?strip=all\" alt=\"\"><strong>Najcz\u0119\u015bciej zadawane pytania<\/strong><\/a><\/div><\/div><\/div>    <\/div>\r\n  <\/div>\r\n<\/div><!-- block -->\r\n\n<figure class=\"wp-block-embed is-type-video is-provider-youtube wp-block-embed-youtube wp-embed-aspect-16-9 wp-has-aspect-ratio\" style=\"display:flex; justify-content:center; margin:0 auto;\">\n  <div class=\"wp-block-embed__wrapper\" style=\"max-width:100%;\">\n \n<iframe loading=\"lazy\" title=\"Nurkowanie w Deepspot\" width=\"640\" height=\"360\" src=\"https:\/\/www.youtube.com\/embed\/tMjSm4SdeWc?feature=oembed\" frameborder=\"0\" allow=\"accelerometer; autoplay; clipboard-write; encrypted-media; gyroscope; picture-in-picture; web-share\" referrerpolicy=\"strict-origin-when-cross-origin\" allowfullscreen><\/iframe>\n  <\/div>\n<\/figure>\n<div id=\"step-guide-icons-block_f0dc33d7a2c04e7789093d29a12b972f\" class=\"step-guide-icons-block\">\r\n  <div class=\"row container\">\r\n    <div>\r\n      <div class=\"title\">Programa diario<\/div>      <ul>            <li data-count=\"01\">\r\n              <div class=\"icon-wrap\"><img decoding=\"async\" lazy src=\"data:image\/gif;base64,R0lGODlhAQABAAD\/ACwAAAAAAQABAAACADs%3D\" data-src=\"https:\/\/eco3ygde435.exactdn.com\/wp-content\/uploads\/sites\/2\/2020\/08\/pc-play-media.png?strip=all\" alt=\"\"><\/div>\r\n              <p>Familiar\u00edcese con los materiales que ponemos a su disposici\u00f3n en l\u00ednea. Rellene las declaraciones, que tambi\u00e9n incluiremos. Acu\u00e9rdate de llev\u00e1rtelos contigo.<\/p>\r\n                          <\/li>\r\n                      <li data-count=\"02\">\r\n              <div class=\"icon-wrap\"><img decoding=\"async\" lazy src=\"data:image\/gif;base64,R0lGODlhAQABAAD\/ACwAAAAAAQABAAACADs%3D\" data-src=\"https:\/\/eco3ygde435.exactdn.com\/wp-content\/uploads\/sites\/2\/2020\/08\/paper-diploma.png?strip=all\" alt=\"\"><\/div>\r\n              <p>Rellene en l\u00ednea la declaraci\u00f3n de usuario de Deepspot y el formulario m\u00e9dico<\/p>\r\n              <a href=\"https:\/\/cs.deepspot.com\/deepspotwaiver\/DeepspotWaiverFormKiosk?print=true\" target=\"_blank\">ir al formulario<\/a>            <\/li>\r\n                      <li data-count=\"03\">\r\n              <div class=\"icon-wrap\"><img decoding=\"async\" lazy src=\"data:image\/gif;base64,R0lGODlhAQABAAD\/ACwAAAAAAQABAAACADs%3D\" data-src=\"https:\/\/eco3ygde435.exactdn.com\/wp-content\/uploads\/sites\/2\/2020\/08\/60min.png?strip=all\" alt=\"\"><\/div>\r\n              <p>Llegue 60 minutos antes de la hora de inicio de su clase y pres\u00e9ntese en recepci\u00f3n.  <\/p>\r\n                          <\/li>\r\n                      <li data-count=\"04\">\r\n              <div class=\"icon-wrap\"><img decoding=\"async\" lazy src=\"data:image\/gif;base64,R0lGODlhAQABAAD\/ACwAAAAAAQABAAACADs%3D\" data-src=\"https:\/\/eco3ygde435.exactdn.com\/wp-content\/uploads\/sites\/2\/2020\/08\/shower.png?strip=all\" alt=\"\"><\/div>\r\n              <p>40 minutos antes de entrar a la piscina, dir\u00edgete al vestuario. Rel\u00e1jate, utiliza nuestra zona de duchas. <br \/>\r\n<\/p>\r\n                          <\/li>\r\n                      <li data-count=\"05\">\r\n              <div class=\"icon-wrap\"><img decoding=\"async\" lazy src=\"data:image\/gif;base64,R0lGODlhAQABAAD\/ACwAAAAAAQABAAACADs%3D\" data-src=\"https:\/\/eco3ygde435.exactdn.com\/wp-content\/uploads\/sites\/2\/2020\/08\/presentation.png?strip=all\" alt=\"\"><\/div>\r\n              <p>20 minutos antes de ingresar a la piscina, participe en el Briefing. Seleccione el equipo disponible en la placa de la piscina. En caso de duda, pida ayuda al instructor. <br \/>\r\n<\/p>\r\n                          <\/li>\r\n                      <li data-count=\"06\">\r\n              <div class=\"icon-wrap\"><img decoding=\"async\" lazy src=\"data:image\/gif;base64,R0lGODlhAQABAAD\/ACwAAAAAAQABAAACADs%3D\" data-src=\"https:\/\/eco3ygde435.exactdn.com\/wp-content\/uploads\/sites\/2\/2020\/08\/pool_exit.png?strip=all\" alt=\"\"><\/div>\r\n              <p>90 minutos despu\u00e9s del inicio de la inmersi\u00f3n, a m\u00e1s tardar, sal del agua y devuelve el equipo. <\/p>\r\n                          <\/li>\r\n                      <li data-count=\"07\">\r\n              <div class=\"icon-wrap\"><img decoding=\"async\" lazy src=\"data:image\/gif;base64,R0lGODlhAQABAAD\/ACwAAAAAAQABAAACADs%3D\" data-src=\"https:\/\/eco3ygde435.exactdn.com\/wp-content\/uploads\/sites\/2\/2020\/08\/cutlery.png?strip=all\" alt=\"\"><\/div>\r\n              <p>Rel\u00e1jese despu\u00e9s de la inmersi\u00f3n en nuestro restaurante.<br \/>\r\n<\/p>\r\n                          <\/li>\r\n          <\/ul>    <\/div>\r\n  <\/div>\r\n<\/div><!-- block -->\r\n<div id=\"download-block_a3b9cddde8f9dbd5d6fb07aae7c5a946\" class=\"download-block\">\r\n  <div class=\"row container\">\r\n    <div>\r\n      <h2 class=\"title\">documentos y condiciones<\/h2>      <ul>            <li>\r\n              <a href=\"https:\/\/eco3ygde435.exactdn.com\/wp-content\/uploads\/sites\/2\/2020\/08\/pc-play-media.png?strip=all&w=2560\" download>\r\n                <div>\r\n                  <img decoding=\"async\" lazy src=\"data:image\/gif;base64,R0lGODlhAQABAAD\/ACwAAAAAAQABAAACADs%3D\" data-src=\"https:\/\/www.deepspot.com\/wp-content\/themes\/deepspotflyspotWPML\/images\/dots-download.svg\">\r\n                  <p>Documentos a cumplimentar antes del curso<\/p>\r\n                <\/div>\r\n              <\/a>\r\n            <\/li>\r\n                      <li>\r\n              <a href=\"https:\/\/eco3ygde435.exactdn.com\/wp-content\/uploads\/sites\/2\/2020\/08\/60min.png?strip=all&w=2560\" download>\r\n                <div>\r\n                  <img decoding=\"async\" lazy src=\"data:image\/gif;base64,R0lGODlhAQABAAD\/ACwAAAAAAQABAAACADs%3D\" data-src=\"https:\/\/www.deepspot.com\/wp-content\/themes\/deepspotflyspotWPML\/images\/dots-download.svg\">\r\n                  <p>condiciones del contrato de participaci\u00f3n en el curso<\/p>\r\n                <\/div>\r\n              <\/a>\r\n            <\/li>\r\n                      <li>\r\n              <a href=\"\" download>\r\n                <div>\r\n                  <img decoding=\"async\" lazy src=\"data:image\/gif;base64,R0lGODlhAQABAAD\/ACwAAAAAAQABAAACADs%3D\" data-src=\"https:\/\/www.deepspot.com\/wp-content\/themes\/deepspotflyspotWPML\/images\/dots-download.svg\">\r\n                  <p>NORMAS Y RECOMENDACIONES SOBRE LOS L\u00cdMITES DE PROFUNDIDAD PARA EL BUCEO CON ESCAFANDRA AUT\u00d3NOMA  <\/p>\r\n                <\/div>\r\n              <\/a>\r\n            <\/li>\r\n          <\/ul>    <\/div>\r\n  <\/div>\r\n<\/div><!-- block -->\r\n","protected":false},"excerpt":{"rendered":"","protected":false},"author":18,"featured_media":0,"parent":4601,"menu_order":5555,"comment_status":"closed","ping_status":"closed","template":"","meta":{"_acf_changed":false,"footnotes":""},"class_list":["post-56321","page","type-page","status-publish","hentry"],"acf":[],"_links":{"self":[{"href":"https:\/\/www.deepspot.com\/es\/wp-json\/wp\/v2\/pages\/56321","targetHints":{"allow":["GET"]}}],"collection":[{"href":"https:\/\/www.deepspot.com\/es\/wp-json\/wp\/v2\/pages"}],"about":[{"href":"https:\/\/www.deepspot.com\/es\/wp-json\/wp\/v2\/types\/page"}],"author":[{"embeddable":true,"href":"https:\/\/www.deepspot.com\/es\/wp-json\/wp\/v2\/users\/18"}],"replies":[{"embeddable":true,"href":"https:\/\/www.deepspot.com\/es\/wp-json\/wp\/v2\/comments?post=56321"}],"version-history":[{"count":2,"href":"https:\/\/www.deepspot.com\/es\/wp-json\/wp\/v2\/pages\/56321\/revisions"}],"predecessor-version":[{"id":56347,"href":"https:\/\/www.deepspot.com\/es\/wp-json\/wp\/v2\/pages\/56321\/revisions\/56347"}],"up":[{"embeddable":true,"href":"https:\/\/www.deepspot.com\/es\/wp-json\/wp\/v2\/pages\/4601"}],"wp:attachment":[{"href":"https:\/\/www.deepspot.com\/es\/wp-json\/wp\/v2\/media?parent=56321"}],"curies":[{"name":"wp","href":"https:\/\/api.w.org\/{rel}","templated":true}]}}