{"id":56335,"date":"2025-09-16T15:59:27","date_gmt":"2025-09-16T13:59:27","guid":{"rendered":"https:\/\/www.deepspot.com\/?page_id=56335"},"modified":"2025-09-16T15:59:56","modified_gmt":"2025-09-16T13:59:56","slug":"prueba-con-sirena-2","status":"publish","type":"page","link":"https:\/\/www.deepspot.com\/es\/para-quien\/buceo-libre\/prueba-con-sirena-2\/","title":{"rendered":"Sirena"},"content":{"rendered":"<div id=\"hero-block_ec97c0c3bf39fc83201d74a8674234bd\" class=\"hero-block\">\r\n  <div class=\"row outer-container\">\r\n    <div>\r\n      <img decoding=\"async\" lazy src=\"data:image\/gif;base64,R0lGODlhAQABAAD\/ACwAAAAAAQABAAACADs%3D\" data-src=\"https:\/\/eco3ygde435.exactdn.com\/wp-content\/uploads\/sites\/2\/2025\/08\/Obraz1syrsyrenka.jpg?strip=all\" alt=\"\">\r\n          <\/div>\r\n    <div>\r\n      <h2>Haz realidad un sue\u00f1o: convi\u00e9rtete en sirena<\/h2><p>Entra en el agua y siente c\u00f3mo se hace realidad el sue\u00f1o de ser una sirena. Con una cola de colores, unas condiciones \u00fanicas y la magia del momento, descubrir\u00e1s una forma totalmente nueva de divertirte y moverte bajo el agua. Try Mermaid es una clase que te permite experimentar algo extraordinario, porque \u00bfqui\u00e9n de nosotros no ha so\u00f1ado alguna vez con convertirse en un h\u00e9roe de cuento de hadas?  <\/p>    <\/div>\r\n  <\/div>\r\n<\/div><!-- block -->\r\n<div id=\"product-details-block_2ce5485033121a47e6ab35ebff0ef0fa\" class=\"product-details-block\">\r\n  <div class=\"row container\">\r\n    <div>\r\n      <h2 class=\"title\">Descripci\u00f3n de las atracciones<\/h2>      <p class=\"desc\">Sum\u00e9rgete y cumple tu sue\u00f1o de ser una sirena. Con una cola de colores y la magia del momento, descubrir\u00e1s una nueva forma de divertirte y moverte bajo el agua. Try Mermaid es una clase que te permite experimentar algo fuera de lo com\u00fan, porque \u00bfqui\u00e9n de nosotros no ha so\u00f1ado alguna vez con convertirse en un h\u00e9roe de cuento de hadas?    <br><br>\r\nSum\u00e9rgete en la oferta, sobre todo si<br>\r\n\ud83e\udee7 Quieres descubrir la magia del buceo con cola<br>\ud83e\udee7 Est\u00e1s pensando en el mermaiding pero a\u00fan no est\u00e1s preparado para un curso completo<br>\ud83e\udee7 Te gusta el agua y quieres descubrir una forma nueva y m\u00e1gica de moverte bajo su superficie<br><br>\r\n\u00bfQu\u00e9 ofrecemos?\r\n<br>\ud83e\udee7 Introducci\u00f3n al submarinismo, incluyendo teor\u00eda, pr\u00e1ctica y enfoque individual<br>\ud83e\udee7 Ejercicios acu\u00e1ticos, desde el aprendizaje a poca profundidad hasta inmersiones de hasta 5 metros<br>\ud83e\udee7 Todo lo que necesitas est\u00e1 incluido en el precio. Te proporcionamos todo el equipo necesario<br>\ud83e\udee7 Grupos \u00edntimos o clases individuales. Siempre adaptaremos el ritmo a ti  <br><br>Las clases se imparten en grupos reducidos -un m\u00e1ximo de 4 personas por instructor-, lo que te da la seguridad de que cada respiraci\u00f3n ser\u00e1 tranquila y cada pregunta tendr\u00e1 respuesta.\r\n<br><br>\r\nMerece la pena porque<br>\r\n\ud83e\udee7 Te entrenas en la piscina m\u00e1s profunda de Europa: hasta 45 metros de profundidad<br>\ud83e\udee7 Te sumerges en condiciones ex\u00f3ticas: agua clara a 32 \u00b0C<br>\ud83e\udee7 Utilizas equipos modernos, revisados peri\u00f3dicamente<br>\ud83e\udee7 Cuentas con el apoyo de instructores internacionales experimentados<br>\ud83e\udee7 Es el lugar perfecto para adquirir confianza y una buena t\u00e9cnica.<br><br>\u00a1Da el primer paso y descubre lo \u00fanico que es el mundo submarino! L\u00e1nzate hoy mismo. \r\n<br><br><br>\u00bfQU\u00c9 MERECE LA PENA SABER?\r\n\r\n<\/p>      <ul>            <li>\r\n              <p>Duraci\u00f3n<\/p>\r\n              <strong>1h 40 minutos de clase<\/strong>\r\n            <\/li>\r\n                      <li>\r\n              <p>Edad m\u00ednima del participante<\/p>\r\n              <strong>6 a\u00f1os<\/strong>\r\n            <\/li>\r\n                      <li>\r\n              <p>Te sumergir\u00e1s hasta profundidades<\/p>\r\n              <strong>5 m (3 m para ni\u00f1os menores de 12 a\u00f1os)<\/strong>\r\n            <\/li>\r\n                      <li>\r\n              <p>Como regalo<\/p>\r\n              <strong>Certificado conmemorativo, diploma y breve v\u00eddeo del fotomat\u00f3n submarino<\/strong>\r\n            <\/li>\r\n                      <li>\r\n              <p>Proporcionamos<\/p>\r\n              <strong>Todo el equipo de buceo. Lleva contigo s\u00f3lo ba\u00f1ador, toalla y chanclas. <\/strong>\r\n            <\/li>\r\n                      <li>\r\n              <p>No olvides<\/p>\r\n              <strong>Divi\u00e9rtete y te infundiremos toda la energ\u00eda<\/strong>\r\n            <\/li>\r\n          <\/ul>      <div class=\"button-list-wrap\"><div class=\"button-list button-type-both\"><div><a class=\"alternate_ybb\" href=\"https:\/\/cs.deepspot.com\/offer?steps=deepspot_diving-courses_wait-for-diving-course-list_55\" target=\"_self\"><img decoding=\"async\" lazy src=\"data:image\/gif;base64,R0lGODlhAQABAAD\/ACwAAAAAAQABAAACADs%3D\" data-src=\"https:\/\/eco3ygde435.exactdn.com\/wp-content\/uploads\/sites\/2\/2020\/08\/calendar-grid-58.png?strip=all\" alt=\"\"><strong>Zarezerwuj<\/strong><\/a><\/div><div><a class=\"alternate_ybb\" href=\"https:\/\/www.deepspot.com\/pl\/frequently-asked-questions\/?tab=6\" target=\"_self\"><img decoding=\"async\" lazy src=\"data:image\/gif;base64,R0lGODlhAQABAAD\/ACwAAAAAAQABAAACADs%3D\" data-src=\"https:\/\/eco3ygde435.exactdn.com\/wp-content\/uploads\/sites\/2\/2020\/08\/presentation.png?strip=all\" alt=\"\"><strong>Najcz\u0119\u015bciej zadawane pytania<\/strong><\/a><\/div><\/div><\/div>    <\/div>\r\n  <\/div>\r\n<\/div><!-- block -->\r\n<div id=\"step-guide-icons-block_21d1157270d619e60fee0c6156493971\" class=\"step-guide-icons-block\">\r\n  <div class=\"row container\">\r\n    <div>\r\n      <div class=\"title\">Paso a paso<\/div>      <ul>            <li data-count=\"01\">\r\n              <div class=\"icon-wrap\"><img decoding=\"async\" lazy src=\"data:image\/gif;base64,R0lGODlhAQABAAD\/ACwAAAAAAQABAAACADs%3D\" data-src=\"\" alt=\"\"><\/div>\r\n              <p>Re\u00fane a los participantes: en solitario, para dos o en manada<\/p>\r\n                          <\/li>\r\n                      <li data-count=\"02\">\r\n              <div class=\"icon-wrap\"><img decoding=\"async\" lazy src=\"data:image\/gif;base64,R0lGODlhAQABAAD\/ACwAAAAAAQABAAACADs%3D\" data-src=\"\" alt=\"\"><\/div>\r\n              <p>Reserva tu cita &#8211; en l\u00ednea, r\u00e1pida y c\u00f3modamente<\/p>\r\n                          <\/li>\r\n                      <li data-count=\"03\">\r\n              <div class=\"icon-wrap\"><img decoding=\"async\" lazy src=\"data:image\/gif;base64,R0lGODlhAQABAAD\/ACwAAAAAAQABAAACADs%3D\" data-src=\"\" alt=\"\"><\/div>\r\n              <p>Rellena los datos de los participantes &#8211; a trav\u00e9s de tu cuenta, s\u00f3lo te llevar\u00e1 un momento<br \/>\r\n<\/p>\r\n                          <\/li>\r\n                      <li data-count=\"04\">\r\n              <div class=\"icon-wrap\"><img decoding=\"async\" lazy src=\"data:image\/gif;base64,R0lGODlhAQABAAD\/ACwAAAAAAQABAAACADs%3D\" data-src=\"\" alt=\"\"><\/div>\r\n              <p>Ven 30 minutos antes: podr\u00e1s prepararte tranquilamente<br \/>\r\n<\/p>\r\n                          <\/li>\r\n                      <li data-count=\"05\">\r\n              <div class=\"icon-wrap\"><img decoding=\"async\" lazy src=\"data:image\/gif;base64,R0lGODlhAQABAAD\/ACwAAAAAAQABAAACADs%3D\" data-src=\"\" alt=\"\"><\/div>\r\n              <p>Sum\u00e9rgete y divi\u00e9rtete<br \/>\r\n<\/p>\r\n                          <\/li>\r\n                      <li data-count=\"06\">\r\n              <div class=\"icon-wrap\"><img decoding=\"async\" lazy src=\"data:image\/gif;base64,R0lGODlhAQABAAD\/ACwAAAAAAQABAAACADs%3D\" data-src=\"\" alt=\"\"><\/div>\r\n              <p>Pilla el gusanillo y vuelve a por m\u00e1s: \u00a1el buceo es adictivo!<br \/>\r\n<\/p>\r\n                          <\/li>\r\n          <\/ul>    <\/div>\r\n  <\/div>\r\n<\/div><!-- block -->\r\n<div id=\"download-block_712fd4c678f03f4b4d6d2c6aa319dc7b\" class=\"download-block\">\r\n  <div class=\"row container\">\r\n    <div>\r\n      <h2 class=\"title\">documentos y condiciones<\/h2>      <ul>            <li>\r\n              <a href=\"https:\/\/eco3ygde435.exactdn.com\/wp-content\/uploads\/sites\/2\/2020\/08\/pc-play-media.png?strip=all&w=2560\" download>\r\n                <div>\r\n                  <img decoding=\"async\" lazy src=\"data:image\/gif;base64,R0lGODlhAQABAAD\/ACwAAAAAAQABAAACADs%3D\" data-src=\"https:\/\/www.deepspot.com\/wp-content\/themes\/deepspotflyspotWPML\/images\/dots-download.svg\">\r\n                  <p>Documentos a cumplimentar antes del curso<\/p>\r\n                <\/div>\r\n              <\/a>\r\n            <\/li>\r\n                      <li>\r\n              <a href=\"https:\/\/eco3ygde435.exactdn.com\/wp-content\/uploads\/sites\/2\/2020\/08\/60min.png?strip=all&w=2560\" download>\r\n                <div>\r\n                  <img decoding=\"async\" lazy src=\"data:image\/gif;base64,R0lGODlhAQABAAD\/ACwAAAAAAQABAAACADs%3D\" data-src=\"https:\/\/www.deepspot.com\/wp-content\/themes\/deepspotflyspotWPML\/images\/dots-download.svg\">\r\n                  <p>condiciones del contrato de participaci\u00f3n en el curso<\/p>\r\n                <\/div>\r\n              <\/a>\r\n            <\/li>\r\n                      <li>\r\n              <a href=\"\" download>\r\n                <div>\r\n                  <img decoding=\"async\" lazy src=\"data:image\/gif;base64,R0lGODlhAQABAAD\/ACwAAAAAAQABAAACADs%3D\" data-src=\"https:\/\/www.deepspot.com\/wp-content\/themes\/deepspotflyspotWPML\/images\/dots-download.svg\">\r\n                  <p>NORMAS Y RECOMENDACIONES SOBRE LOS L\u00cdMITES DE PROFUNDIDAD PARA EL BUCEO CON ESCAFANDRA AUT\u00d3NOMA  <\/p>\r\n                <\/div>\r\n              <\/a>\r\n            <\/li>\r\n          <\/ul>    <\/div>\r\n  <\/div>\r\n<\/div><!-- block -->\r\n\n<p><\/p>\n","protected":false},"excerpt":{"rendered":"","protected":false},"author":18,"featured_media":0,"parent":4601,"menu_order":5555,"comment_status":"closed","ping_status":"closed","template":"","meta":{"_acf_changed":false,"footnotes":""},"class_list":["post-56335","page","type-page","status-publish","hentry"],"acf":[],"_links":{"self":[{"href":"https:\/\/www.deepspot.com\/es\/wp-json\/wp\/v2\/pages\/56335","targetHints":{"allow":["GET"]}}],"collection":[{"href":"https:\/\/www.deepspot.com\/es\/wp-json\/wp\/v2\/pages"}],"about":[{"href":"https:\/\/www.deepspot.com\/es\/wp-json\/wp\/v2\/types\/page"}],"author":[{"embeddable":true,"href":"https:\/\/www.deepspot.com\/es\/wp-json\/wp\/v2\/users\/18"}],"replies":[{"embeddable":true,"href":"https:\/\/www.deepspot.com\/es\/wp-json\/wp\/v2\/comments?post=56335"}],"version-history":[{"count":2,"href":"https:\/\/www.deepspot.com\/es\/wp-json\/wp\/v2\/pages\/56335\/revisions"}],"predecessor-version":[{"id":56356,"href":"https:\/\/www.deepspot.com\/es\/wp-json\/wp\/v2\/pages\/56335\/revisions\/56356"}],"up":[{"embeddable":true,"href":"https:\/\/www.deepspot.com\/es\/wp-json\/wp\/v2\/pages\/4601"}],"wp:attachment":[{"href":"https:\/\/www.deepspot.com\/es\/wp-json\/wp\/v2\/media?parent=56335"}],"curies":[{"name":"wp","href":"https:\/\/api.w.org\/{rel}","templated":true}]}}