{"id":8202,"date":"2021-04-20T13:56:38","date_gmt":"2021-04-20T11:56:38","guid":{"rendered":"https:\/\/www.deepspot.com\/?page_id=8202"},"modified":"2024-05-20T10:07:17","modified_gmt":"2024-05-20T08:07:17","slug":"union-europea","status":"publish","type":"page","link":"https:\/\/www.deepspot.com\/es\/union-europea\/","title":{"rendered":"Uni\u00f3n Europea"},"content":{"rendered":"\n<div class=\"wp-block-image\"><figure class=\"aligncenter size-large\"><img decoding=\"async\" width=\"1024\" height=\"141\" src=\"https:\/\/eco3ygde435.exactdn.com\/wp-content\/uploads\/sites\/2\/2021\/04\/unia_program-1024x141.jpg?strip=all\" alt=\"\" class=\"wp-image-8208\" srcset=\"https:\/\/eco3ygde435.exactdn.com\/wp-content\/uploads\/sites\/2\/2021\/04\/unia_program-1024x141.jpg?strip=all 1024w, https:\/\/eco3ygde435.exactdn.com\/wp-content\/uploads\/sites\/2\/2021\/04\/unia_program-300x41.jpg?strip=all 300w, https:\/\/eco3ygde435.exactdn.com\/wp-content\/uploads\/sites\/2\/2021\/04\/unia_program-768x106.jpg?strip=all 768w, https:\/\/eco3ygde435.exactdn.com\/wp-content\/uploads\/sites\/2\/2021\/04\/unia_program-1536x211.jpg?strip=all 1536w, https:\/\/eco3ygde435.exactdn.com\/wp-content\/uploads\/sites\/2\/2021\/04\/unia_program.jpg?strip=all 1599w, https:\/\/eco3ygde435.exactdn.com\/wp-content\/uploads\/sites\/2\/2021\/04\/unia_program.jpg?strip=all&amp;w=639 639w, https:\/\/eco3ygde435.exactdn.com\/wp-content\/uploads\/sites\/2\/2021\/04\/unia_program.jpg?strip=all&amp;w=959 959w, https:\/\/eco3ygde435.exactdn.com\/wp-content\/uploads\/sites\/2\/2021\/04\/unia_program.jpg?strip=all&amp;w=1279 1279w, https:\/\/eco3ygde435.exactdn.com\/wp-content\/uploads\/sites\/2\/2021\/04\/unia_program.jpg?strip=all&amp;w=450 450w\" sizes=\"(max-width: 640px) 100vw, 640px\" \/><\/figure><\/div>\n\n<p>AEROTUNEL Limited Liability Company est\u00e1 implementando un proyecto denominado &#8220;Implementaci\u00f3n de los resultados de los trabajos de I + D y construcci\u00f3n de un prototipo de instalaci\u00f3n para simulaci\u00f3n multizona de condiciones de buceo&#8221;<\/p>\n\n<p><strong>Objetivos y resultados previstos del proyecto:<\/strong><\/p>\n\n<p>El objetivo del proyecto es implementar un innovador servicio de simulaci\u00f3n de condiciones de buceo, gracias al prototipo, la instalaci\u00f3n m\u00e1s profunda del mundo con una profundidad de 45 m, que se caracterizar\u00e1 por un mayor volumen y superficie de entrenamiento, transparencia del agua mejorada y aislamiento zonas con velocidad de flujo variable.<\/p>\n\n<p>El resultado de la inversi\u00f3n es la creaci\u00f3n de la instalaci\u00f3n de este tipo m\u00e1s profunda del mundo, alcanzando los 45m, lo que permite el entrenamiento de buceo y el buceo en condiciones totalmente controladas. El innovador servicio garantiza un alto nivel de seguridad y comodidad en la pr\u00e1ctica deportiva, resultado de la posibilidad de asegurar una alta calidad (transparencia) del agua y brindar soluciones que permitan una simulaci\u00f3n sin precedentes de las condiciones naturales del buceo.<\/p>\n\n<p><strong>Valor del proyecto:<\/strong> 24 321 282,00 PLN<\/p>\n\n<p><strong>Contribuci\u00f3n de los Fondos Europeos:<\/strong> 3 865 950,00 PLN<\/p>\n","protected":false},"excerpt":{"rendered":"<p>AEROTUNEL Limited Liability Company est\u00e1 implementando un proyecto denominado &#8220;Implementaci\u00f3n de los resultados de los trabajos de I + D y construcci\u00f3n de un prototipo de instalaci\u00f3n para simulaci\u00f3n multizona de condiciones de buceo&#8221; Objetivos y resultados previstos del proyecto: El objetivo del proyecto es implementar un innovador servicio de simulaci\u00f3n de condiciones de buceo, [&hellip;]<\/p>\n","protected":false},"author":1,"featured_media":0,"parent":0,"menu_order":32,"comment_status":"closed","ping_status":"closed","template":"","meta":{"_acf_changed":false,"footnotes":""},"class_list":["post-8202","page","type-page","status-publish","hentry"],"acf":[],"yoast_head":"<!-- This site is optimized with the Yoast SEO plugin v27.4 - https:\/\/yoast.com\/product\/yoast-seo-wordpress\/ -->\n<title>Uni\u00f3n Europea | Deepspot<\/title>\n<meta name=\"description\" content=\"Uni\u00f3n Europea\" \/>\n<meta name=\"robots\" content=\"index, follow, max-snippet:-1, max-image-preview:large, max-video-preview:-1\" \/>\n<link rel=\"canonical\" href=\"https:\/\/www.deepspot.com\/es\/union-europea\/\" \/>\n<meta property=\"og:locale\" content=\"es_ES\" \/>\n<meta property=\"og:type\" content=\"article\" \/>\n<meta property=\"og:title\" content=\"Uni\u00f3n Europea | Deepspot\" \/>\n<meta property=\"og:description\" content=\"Uni\u00f3n Europea\" \/>\n<meta property=\"og:url\" content=\"https:\/\/www.deepspot.com\/es\/union-europea\/\" \/>\n<meta property=\"og:site_name\" content=\"Deepspot\" \/>\n<meta property=\"article:modified_time\" content=\"2024-05-20T08:07:17+00:00\" \/>\n<meta property=\"og:image\" content=\"https:\/\/www.deepspot.com\/wp-content\/uploads\/sites\/2\/2021\/04\/unia_program-1024x141.jpg\" \/>\n<meta name=\"twitter:card\" content=\"summary_large_image\" \/>\n<meta name=\"twitter:label1\" content=\"Tiempo de lectura\" \/>\n\t<meta name=\"twitter:data1\" content=\"1 minuto\" \/>\n<script type=\"application\/ld+json\" class=\"yoast-schema-graph\">{\"@context\":\"https:\\\/\\\/schema.org\",\"@graph\":[{\"@type\":\"WebPage\",\"@id\":\"https:\\\/\\\/www.deepspot.com\\\/es\\\/union-europea\\\/\",\"url\":\"https:\\\/\\\/www.deepspot.com\\\/es\\\/union-europea\\\/\",\"name\":\"Uni\u00f3n Europea | Deepspot\",\"isPartOf\":{\"@id\":\"https:\\\/\\\/www.deepspot.com\\\/pl\\\/#website\"},\"primaryImageOfPage\":{\"@id\":\"https:\\\/\\\/www.deepspot.com\\\/es\\\/union-europea\\\/#primaryimage\"},\"image\":{\"@id\":\"https:\\\/\\\/www.deepspot.com\\\/es\\\/union-europea\\\/#primaryimage\"},\"thumbnailUrl\":\"https:\\\/\\\/www.deepspot.com\\\/wp-content\\\/uploads\\\/sites\\\/2\\\/2021\\\/04\\\/unia_program-1024x141.jpg\",\"datePublished\":\"2021-04-20T11:56:38+00:00\",\"dateModified\":\"2024-05-20T08:07:17+00:00\",\"description\":\"Uni\u00f3n Europea\",\"breadcrumb\":{\"@id\":\"https:\\\/\\\/www.deepspot.com\\\/es\\\/union-europea\\\/#breadcrumb\"},\"inLanguage\":\"es\",\"potentialAction\":[{\"@type\":\"ReadAction\",\"target\":[\"https:\\\/\\\/www.deepspot.com\\\/es\\\/union-europea\\\/\"]}]},{\"@type\":\"ImageObject\",\"inLanguage\":\"es\",\"@id\":\"https:\\\/\\\/www.deepspot.com\\\/es\\\/union-europea\\\/#primaryimage\",\"url\":\"https:\\\/\\\/www.deepspot.com\\\/wp-content\\\/uploads\\\/sites\\\/2\\\/2021\\\/04\\\/unia_program-1024x141.jpg\",\"contentUrl\":\"https:\\\/\\\/www.deepspot.com\\\/wp-content\\\/uploads\\\/sites\\\/2\\\/2021\\\/04\\\/unia_program-1024x141.jpg\"},{\"@type\":\"BreadcrumbList\",\"@id\":\"https:\\\/\\\/www.deepspot.com\\\/es\\\/union-europea\\\/#breadcrumb\",\"itemListElement\":[{\"@type\":\"ListItem\",\"position\":1,\"name\":\"Strona g\u0142\u00f3wna\",\"item\":\"https:\\\/\\\/www.deepspot.com\\\/es\\\/\"},{\"@type\":\"ListItem\",\"position\":2,\"name\":\"Uni\u00f3n Europea\"}]},{\"@type\":\"WebSite\",\"@id\":\"https:\\\/\\\/www.deepspot.com\\\/pl\\\/#website\",\"url\":\"https:\\\/\\\/www.deepspot.com\\\/pl\\\/\",\"name\":\"Deepspot\",\"description\":\"Una nueva dimensi\u00f3n en el buceo\",\"potentialAction\":[{\"@type\":\"SearchAction\",\"target\":{\"@type\":\"EntryPoint\",\"urlTemplate\":\"https:\\\/\\\/www.deepspot.com\\\/pl\\\/?s={search_term_string}\"},\"query-input\":{\"@type\":\"PropertyValueSpecification\",\"valueRequired\":true,\"valueName\":\"search_term_string\"}}],\"inLanguage\":\"es\"}]}<\/script>\n<!-- \/ Yoast SEO plugin. -->","yoast_head_json":{"title":"Uni\u00f3n Europea | Deepspot","description":"Uni\u00f3n Europea","robots":{"index":"index","follow":"follow","max-snippet":"max-snippet:-1","max-image-preview":"max-image-preview:large","max-video-preview":"max-video-preview:-1"},"canonical":"https:\/\/www.deepspot.com\/es\/union-europea\/","og_locale":"es_ES","og_type":"article","og_title":"Uni\u00f3n Europea | Deepspot","og_description":"Uni\u00f3n Europea","og_url":"https:\/\/www.deepspot.com\/es\/union-europea\/","og_site_name":"Deepspot","article_modified_time":"2024-05-20T08:07:17+00:00","og_image":[{"url":"https:\/\/www.deepspot.com\/wp-content\/uploads\/sites\/2\/2021\/04\/unia_program-1024x141.jpg","type":"","width":"","height":""}],"twitter_card":"summary_large_image","twitter_misc":{"Tiempo de lectura":"1 minuto"},"schema":{"@context":"https:\/\/schema.org","@graph":[{"@type":"WebPage","@id":"https:\/\/www.deepspot.com\/es\/union-europea\/","url":"https:\/\/www.deepspot.com\/es\/union-europea\/","name":"Uni\u00f3n Europea | Deepspot","isPartOf":{"@id":"https:\/\/www.deepspot.com\/pl\/#website"},"primaryImageOfPage":{"@id":"https:\/\/www.deepspot.com\/es\/union-europea\/#primaryimage"},"image":{"@id":"https:\/\/www.deepspot.com\/es\/union-europea\/#primaryimage"},"thumbnailUrl":"https:\/\/www.deepspot.com\/wp-content\/uploads\/sites\/2\/2021\/04\/unia_program-1024x141.jpg","datePublished":"2021-04-20T11:56:38+00:00","dateModified":"2024-05-20T08:07:17+00:00","description":"Uni\u00f3n Europea","breadcrumb":{"@id":"https:\/\/www.deepspot.com\/es\/union-europea\/#breadcrumb"},"inLanguage":"es","potentialAction":[{"@type":"ReadAction","target":["https:\/\/www.deepspot.com\/es\/union-europea\/"]}]},{"@type":"ImageObject","inLanguage":"es","@id":"https:\/\/www.deepspot.com\/es\/union-europea\/#primaryimage","url":"https:\/\/www.deepspot.com\/wp-content\/uploads\/sites\/2\/2021\/04\/unia_program-1024x141.jpg","contentUrl":"https:\/\/www.deepspot.com\/wp-content\/uploads\/sites\/2\/2021\/04\/unia_program-1024x141.jpg"},{"@type":"BreadcrumbList","@id":"https:\/\/www.deepspot.com\/es\/union-europea\/#breadcrumb","itemListElement":[{"@type":"ListItem","position":1,"name":"Strona g\u0142\u00f3wna","item":"https:\/\/www.deepspot.com\/es\/"},{"@type":"ListItem","position":2,"name":"Uni\u00f3n Europea"}]},{"@type":"WebSite","@id":"https:\/\/www.deepspot.com\/pl\/#website","url":"https:\/\/www.deepspot.com\/pl\/","name":"Deepspot","description":"Una nueva dimensi\u00f3n en el buceo","potentialAction":[{"@type":"SearchAction","target":{"@type":"EntryPoint","urlTemplate":"https:\/\/www.deepspot.com\/pl\/?s={search_term_string}"},"query-input":{"@type":"PropertyValueSpecification","valueRequired":true,"valueName":"search_term_string"}}],"inLanguage":"es"}]}},"_links":{"self":[{"href":"https:\/\/www.deepspot.com\/es\/wp-json\/wp\/v2\/pages\/8202","targetHints":{"allow":["GET"]}}],"collection":[{"href":"https:\/\/www.deepspot.com\/es\/wp-json\/wp\/v2\/pages"}],"about":[{"href":"https:\/\/www.deepspot.com\/es\/wp-json\/wp\/v2\/types\/page"}],"author":[{"embeddable":true,"href":"https:\/\/www.deepspot.com\/es\/wp-json\/wp\/v2\/users\/1"}],"replies":[{"embeddable":true,"href":"https:\/\/www.deepspot.com\/es\/wp-json\/wp\/v2\/comments?post=8202"}],"version-history":[{"count":4,"href":"https:\/\/www.deepspot.com\/es\/wp-json\/wp\/v2\/pages\/8202\/revisions"}],"predecessor-version":[{"id":44607,"href":"https:\/\/www.deepspot.com\/es\/wp-json\/wp\/v2\/pages\/8202\/revisions\/44607"}],"wp:attachment":[{"href":"https:\/\/www.deepspot.com\/es\/wp-json\/wp\/v2\/media?parent=8202"}],"curies":[{"name":"wp","href":"https:\/\/api.w.org\/{rel}","templated":true}]}}