{"id":10489,"date":"2021-07-02T12:50:08","date_gmt":"2021-07-02T10:50:08","guid":{"rendered":"https:\/\/www.deepspot.com\/?page_id=10489"},"modified":"2024-05-20T10:13:28","modified_gmt":"2024-05-20T08:13:28","slug":"atlas-partenaire-reconnu-de-deepspot","status":"publish","type":"page","link":"https:\/\/www.deepspot.com\/fr\/comment\/partenaires\/atlas-partenaire-reconnu-de-deepspot\/","title":{"rendered":"ATLAS &#8211; un partenaire \u00e9prouv\u00e9 de Deepspot"},"content":{"rendered":"<div id=\"hero-block_5f32490b77998\" class=\"hero-block\">\r\n  <div class=\"row outer-container\">\r\n    <div>\r\n      <img decoding=\"async\" lazy src=\"data:image\/gif;base64,R0lGODlhAQABAAD\/ACwAAAAAAQABAAACADs%3D\" data-src=\"https:\/\/eco3ygde435.exactdn.com\/wp-content\/uploads\/sites\/2\/2021\/07\/Atlas1305x570.jpg?strip=all\" alt=\"\">\r\n          <\/div>\r\n    <div>\r\n      <h2>Ensemble, nous battons des records<\/h2><p><b>Le plus moderne, le plus grand, le plus profond. La piscine Deepspot est devenue le d\u00e9tenteur incontest\u00e9 du record du monde. <\/b><br>\nPour construire une installation aussi exigeante que Deepspot, il faut des produits de la meilleure qualit\u00e9 et des experts qui veillent \u00e0 leur bonne utilisation. \n<a href=\"https:\/\/www.atlas.com.pl\/\"><\/A><br>\n<br>\n<\/a><\/A> P <a href=\"https:\/\/www.atlas.com.pl\/\">endant plus d&#8217;un an <\/a>,<a href=\"https:\/\/www.atlas.com.pl\/\"><b>ATLAS<\/b><\/a> a<a href=\"https:\/\/www.atlas.com.pl\/\"> fourni des dizaines de tonnes de produits pour garantir la durabilit\u00e9 et la s\u00e9curit\u00e9 de la construction et a supervis\u00e9 chaque \u00e9tape des travau<\/a> <a href=\"https:\/\/www.atlas.com.pl\/\">x<\/a><a href=\"https:\/\/www.atlas.com.pl\/\">.<\/a><\/p>    <\/div>\r\n  <\/div>\r\n<\/div><!-- block -->\r\n<div id=\"hero-block_60e4225f739f9\" class=\"hero-block\">\r\n  <div class=\"row outer-container\">\r\n    <div>\r\n      <img decoding=\"async\" lazy src=\"data:image\/gif;base64,R0lGODlhAQABAAD\/ACwAAAAAAQABAAACADs%3D\" data-src=\"https:\/\/eco3ygde435.exactdn.com\/wp-content\/uploads\/sites\/2\/2021\/07\/atlas1305x570_2.png?strip=all\" alt=\"\">\r\n              <span class=\"youtube-play\" data-youtube=\"https:\/\/www.youtube.com\/watch?v=xlCrOzv6toI\">\r\n          <img decoding=\"async\" lazy src=\"data:image\/gif;base64,R0lGODlhAQABAAD\/ACwAAAAAAQABAAACADs%3D\" data-src=\"https:\/\/www.flyspot.com\/wp-content\/themes\/deepspotflyspotWPML\/images\/youtube-play.svg\" alt=\"play\">\r\n          <strong>voir la vid\u00e9o<\/strong>\r\n        <\/span>\r\n          <\/div>\r\n    <div>\r\n      <h2 class=\"full-width\"><table><tr><td><h2>Comment la piscine la plus profonde du monde a-t-elle \u00e9t\u00e9 cr\u00e9\u00e9e ?<\/h2><\/td><\/tr><tr><td><h5>voir le rapport de construction<\/h5><\/td><\/tr><\/table><\/center><\/h2>    <\/div>\r\n  <\/div>\r\n<\/div><!-- block -->\r\n<div id=\"product-details-block_5f325b7d0e130\" class=\"product-details-block\">\r\n  <div class=\"row container\">\r\n    <div>\r\n      <h2 class=\"title\">lire aussi :<\/h2>                  <div class=\"button-list-wrap\"><div class=\"button-list button-type-basic\"><div><a class=\"css-default\" href=\"https:\/\/www.atlas.com.pl\/aktualnosc\/egzamin-z-jakosci-na-megaglebokosci\/\" target=\"_blank\"><img decoding=\"async\" lazy src=\"data:image\/gif;base64,R0lGODlhAQABAAD\/ACwAAAAAAQABAAACADs%3D\" data-src=\"https:\/\/eco3ygde435.exactdn.com\/wp-content\/uploads\/sites\/2\/2021\/07\/atlas-49.png?strip=all\" alt=\"\"><strong>Un examen de qualit\u00e9 \u00e0 des m\u00e9gaprofondeurs<\/strong><\/a><\/div><div><a class=\"css-default\" href=\"https:\/\/www.atlas.com.pl\/aktualnosc\/prawo-martini-w-najglebszym-basenie-na-swiecie\/\" target=\"_blank\"><img decoding=\"async\" lazy src=\"data:image\/gif;base64,R0lGODlhAQABAAD\/ACwAAAAAAQABAAACADs%3D\" data-src=\"https:\/\/eco3ygde435.exactdn.com\/wp-content\/uploads\/sites\/2\/2021\/07\/atlas-49.png?strip=all\" alt=\"\"><strong>La &#8220;loi du Martini&#8221; dans la piscine la plus profonde du monde<\/strong><\/a><\/div><\/div><\/div>    <\/div>\r\n  <\/div>\r\n<\/div><!-- block -->\r\n","protected":false},"excerpt":{"rendered":"","protected":false},"author":1,"featured_media":10507,"parent":27430,"menu_order":3,"comment_status":"closed","ping_status":"closed","template":"","meta":{"_acf_changed":false,"footnotes":""},"class_list":["post-10489","page","type-page","status-publish","has-post-thumbnail","hentry"],"acf":[],"yoast_head":"<!-- This site is optimized with the Yoast SEO plugin v27.4 - https:\/\/yoast.com\/product\/yoast-seo-wordpress\/ -->\n<title>ATLAS - un partenaire \u00e9prouv\u00e9 de Deepspot | Deepspot<\/title>\n<meta name=\"description\" content=\"ATLAS - un partenaire \u00e9prouv\u00e9 de Deepspot\" \/>\n<meta name=\"robots\" content=\"index, follow, max-snippet:-1, max-image-preview:large, max-video-preview:-1\" \/>\n<link rel=\"canonical\" href=\"https:\/\/www.deepspot.com\/fr\/comment\/partenaires\/atlas-partenaire-reconnu-de-deepspot\/\" \/>\n<meta property=\"og:locale\" content=\"fr_FR\" \/>\n<meta property=\"og:type\" content=\"article\" \/>\n<meta property=\"og:title\" content=\"ATLAS - un partenaire \u00e9prouv\u00e9 de Deepspot | Deepspot\" \/>\n<meta property=\"og:description\" content=\"ATLAS - un partenaire \u00e9prouv\u00e9 de Deepspot\" \/>\n<meta property=\"og:url\" content=\"https:\/\/www.deepspot.com\/fr\/comment\/partenaires\/atlas-partenaire-reconnu-de-deepspot\/\" \/>\n<meta property=\"og:site_name\" content=\"Deepspot\" \/>\n<meta property=\"article:modified_time\" content=\"2024-05-20T08:13:28+00:00\" \/>\n<meta property=\"og:image\" content=\"https:\/\/eco3ygde435.exactdn.com\/wp-content\/uploads\/sites\/2\/2021\/07\/atlas1305x570.png?strip=all\" \/>\n\t<meta property=\"og:image:width\" content=\"1305\" \/>\n\t<meta property=\"og:image:height\" content=\"570\" \/>\n\t<meta property=\"og:image:type\" content=\"image\/png\" \/>\n<meta name=\"twitter:card\" content=\"summary_large_image\" \/>\n<script type=\"application\/ld+json\" class=\"yoast-schema-graph\">{\"@context\":\"https:\\\/\\\/schema.org\",\"@graph\":[{\"@type\":\"WebPage\",\"@id\":\"https:\\\/\\\/www.deepspot.com\\\/fr\\\/comment\\\/partenaires\\\/atlas-partenaire-reconnu-de-deepspot\\\/\",\"url\":\"https:\\\/\\\/www.deepspot.com\\\/fr\\\/comment\\\/partenaires\\\/atlas-partenaire-reconnu-de-deepspot\\\/\",\"name\":\"ATLAS - un partenaire \u00e9prouv\u00e9 de Deepspot | Deepspot\",\"isPartOf\":{\"@id\":\"https:\\\/\\\/www.deepspot.com\\\/pl\\\/#website\"},\"primaryImageOfPage\":{\"@id\":\"https:\\\/\\\/www.deepspot.com\\\/fr\\\/comment\\\/partenaires\\\/atlas-partenaire-reconnu-de-deepspot\\\/#primaryimage\"},\"image\":{\"@id\":\"https:\\\/\\\/www.deepspot.com\\\/fr\\\/comment\\\/partenaires\\\/atlas-partenaire-reconnu-de-deepspot\\\/#primaryimage\"},\"thumbnailUrl\":\"https:\\\/\\\/eco3ygde435.exactdn.com\\\/wp-content\\\/uploads\\\/sites\\\/2\\\/2021\\\/07\\\/atlas1305x570.png?strip=all\",\"datePublished\":\"2021-07-02T10:50:08+00:00\",\"dateModified\":\"2024-05-20T08:13:28+00:00\",\"description\":\"ATLAS - un partenaire \u00e9prouv\u00e9 de Deepspot\",\"breadcrumb\":{\"@id\":\"https:\\\/\\\/www.deepspot.com\\\/fr\\\/comment\\\/partenaires\\\/atlas-partenaire-reconnu-de-deepspot\\\/#breadcrumb\"},\"inLanguage\":\"fr-FR\",\"potentialAction\":[{\"@type\":\"ReadAction\",\"target\":[\"https:\\\/\\\/www.deepspot.com\\\/fr\\\/comment\\\/partenaires\\\/atlas-partenaire-reconnu-de-deepspot\\\/\"]}]},{\"@type\":\"ImageObject\",\"inLanguage\":\"fr-FR\",\"@id\":\"https:\\\/\\\/www.deepspot.com\\\/fr\\\/comment\\\/partenaires\\\/atlas-partenaire-reconnu-de-deepspot\\\/#primaryimage\",\"url\":\"https:\\\/\\\/eco3ygde435.exactdn.com\\\/wp-content\\\/uploads\\\/sites\\\/2\\\/2021\\\/07\\\/atlas1305x570.png?strip=all\",\"contentUrl\":\"https:\\\/\\\/eco3ygde435.exactdn.com\\\/wp-content\\\/uploads\\\/sites\\\/2\\\/2021\\\/07\\\/atlas1305x570.png?strip=all\",\"width\":1305,\"height\":570},{\"@type\":\"BreadcrumbList\",\"@id\":\"https:\\\/\\\/www.deepspot.com\\\/fr\\\/comment\\\/partenaires\\\/atlas-partenaire-reconnu-de-deepspot\\\/#breadcrumb\",\"itemListElement\":[{\"@type\":\"ListItem\",\"position\":1,\"name\":\"Strona g\u0142\u00f3wna\",\"item\":\"https:\\\/\\\/www.deepspot.com\\\/fr\\\/\"},{\"@type\":\"ListItem\",\"position\":2,\"name\":\"Comment faire ?\",\"item\":\"https:\\\/\\\/www.deepspot.com\\\/fr\\\/comment\\\/\"},{\"@type\":\"ListItem\",\"position\":3,\"name\":\"NOS PARTENAIRES\",\"item\":\"https:\\\/\\\/www.deepspot.com\\\/fr\\\/comment\\\/partenaires\\\/\"},{\"@type\":\"ListItem\",\"position\":4,\"name\":\"ATLAS &#8211; un partenaire \u00e9prouv\u00e9 de Deepspot\"}]},{\"@type\":\"WebSite\",\"@id\":\"https:\\\/\\\/www.deepspot.com\\\/pl\\\/#website\",\"url\":\"https:\\\/\\\/www.deepspot.com\\\/pl\\\/\",\"name\":\"Deepspot\",\"description\":\"Une nouvelle dimension de la plong\u00e9e\",\"potentialAction\":[{\"@type\":\"SearchAction\",\"target\":{\"@type\":\"EntryPoint\",\"urlTemplate\":\"https:\\\/\\\/www.deepspot.com\\\/pl\\\/?s={search_term_string}\"},\"query-input\":{\"@type\":\"PropertyValueSpecification\",\"valueRequired\":true,\"valueName\":\"search_term_string\"}}],\"inLanguage\":\"fr-FR\"}]}<\/script>\n<!-- \/ Yoast SEO plugin. -->","yoast_head_json":{"title":"ATLAS - un partenaire \u00e9prouv\u00e9 de Deepspot | Deepspot","description":"ATLAS - un partenaire \u00e9prouv\u00e9 de Deepspot","robots":{"index":"index","follow":"follow","max-snippet":"max-snippet:-1","max-image-preview":"max-image-preview:large","max-video-preview":"max-video-preview:-1"},"canonical":"https:\/\/www.deepspot.com\/fr\/comment\/partenaires\/atlas-partenaire-reconnu-de-deepspot\/","og_locale":"fr_FR","og_type":"article","og_title":"ATLAS - un partenaire \u00e9prouv\u00e9 de Deepspot | Deepspot","og_description":"ATLAS - un partenaire \u00e9prouv\u00e9 de Deepspot","og_url":"https:\/\/www.deepspot.com\/fr\/comment\/partenaires\/atlas-partenaire-reconnu-de-deepspot\/","og_site_name":"Deepspot","article_modified_time":"2024-05-20T08:13:28+00:00","og_image":[{"width":1305,"height":570,"url":"https:\/\/eco3ygde435.exactdn.com\/wp-content\/uploads\/sites\/2\/2021\/07\/atlas1305x570.png?strip=all","type":"image\/png"}],"twitter_card":"summary_large_image","schema":{"@context":"https:\/\/schema.org","@graph":[{"@type":"WebPage","@id":"https:\/\/www.deepspot.com\/fr\/comment\/partenaires\/atlas-partenaire-reconnu-de-deepspot\/","url":"https:\/\/www.deepspot.com\/fr\/comment\/partenaires\/atlas-partenaire-reconnu-de-deepspot\/","name":"ATLAS - un partenaire \u00e9prouv\u00e9 de Deepspot | Deepspot","isPartOf":{"@id":"https:\/\/www.deepspot.com\/pl\/#website"},"primaryImageOfPage":{"@id":"https:\/\/www.deepspot.com\/fr\/comment\/partenaires\/atlas-partenaire-reconnu-de-deepspot\/#primaryimage"},"image":{"@id":"https:\/\/www.deepspot.com\/fr\/comment\/partenaires\/atlas-partenaire-reconnu-de-deepspot\/#primaryimage"},"thumbnailUrl":"https:\/\/eco3ygde435.exactdn.com\/wp-content\/uploads\/sites\/2\/2021\/07\/atlas1305x570.png?strip=all","datePublished":"2021-07-02T10:50:08+00:00","dateModified":"2024-05-20T08:13:28+00:00","description":"ATLAS - un partenaire \u00e9prouv\u00e9 de Deepspot","breadcrumb":{"@id":"https:\/\/www.deepspot.com\/fr\/comment\/partenaires\/atlas-partenaire-reconnu-de-deepspot\/#breadcrumb"},"inLanguage":"fr-FR","potentialAction":[{"@type":"ReadAction","target":["https:\/\/www.deepspot.com\/fr\/comment\/partenaires\/atlas-partenaire-reconnu-de-deepspot\/"]}]},{"@type":"ImageObject","inLanguage":"fr-FR","@id":"https:\/\/www.deepspot.com\/fr\/comment\/partenaires\/atlas-partenaire-reconnu-de-deepspot\/#primaryimage","url":"https:\/\/eco3ygde435.exactdn.com\/wp-content\/uploads\/sites\/2\/2021\/07\/atlas1305x570.png?strip=all","contentUrl":"https:\/\/eco3ygde435.exactdn.com\/wp-content\/uploads\/sites\/2\/2021\/07\/atlas1305x570.png?strip=all","width":1305,"height":570},{"@type":"BreadcrumbList","@id":"https:\/\/www.deepspot.com\/fr\/comment\/partenaires\/atlas-partenaire-reconnu-de-deepspot\/#breadcrumb","itemListElement":[{"@type":"ListItem","position":1,"name":"Strona g\u0142\u00f3wna","item":"https:\/\/www.deepspot.com\/fr\/"},{"@type":"ListItem","position":2,"name":"Comment faire ?","item":"https:\/\/www.deepspot.com\/fr\/comment\/"},{"@type":"ListItem","position":3,"name":"NOS PARTENAIRES","item":"https:\/\/www.deepspot.com\/fr\/comment\/partenaires\/"},{"@type":"ListItem","position":4,"name":"ATLAS &#8211; un partenaire \u00e9prouv\u00e9 de Deepspot"}]},{"@type":"WebSite","@id":"https:\/\/www.deepspot.com\/pl\/#website","url":"https:\/\/www.deepspot.com\/pl\/","name":"Deepspot","description":"Une nouvelle dimension de la plong\u00e9e","potentialAction":[{"@type":"SearchAction","target":{"@type":"EntryPoint","urlTemplate":"https:\/\/www.deepspot.com\/pl\/?s={search_term_string}"},"query-input":{"@type":"PropertyValueSpecification","valueRequired":true,"valueName":"search_term_string"}}],"inLanguage":"fr-FR"}]}},"_links":{"self":[{"href":"https:\/\/www.deepspot.com\/fr\/wp-json\/wp\/v2\/pages\/10489","targetHints":{"allow":["GET"]}}],"collection":[{"href":"https:\/\/www.deepspot.com\/fr\/wp-json\/wp\/v2\/pages"}],"about":[{"href":"https:\/\/www.deepspot.com\/fr\/wp-json\/wp\/v2\/types\/page"}],"author":[{"embeddable":true,"href":"https:\/\/www.deepspot.com\/fr\/wp-json\/wp\/v2\/users\/1"}],"replies":[{"embeddable":true,"href":"https:\/\/www.deepspot.com\/fr\/wp-json\/wp\/v2\/comments?post=10489"}],"version-history":[{"count":30,"href":"https:\/\/www.deepspot.com\/fr\/wp-json\/wp\/v2\/pages\/10489\/revisions"}],"predecessor-version":[{"id":44673,"href":"https:\/\/www.deepspot.com\/fr\/wp-json\/wp\/v2\/pages\/10489\/revisions\/44673"}],"up":[{"embeddable":true,"href":"https:\/\/www.deepspot.com\/fr\/wp-json\/wp\/v2\/pages\/27430"}],"wp:featuredmedia":[{"embeddable":true,"href":"https:\/\/www.deepspot.com\/fr\/wp-json\/wp\/v2\/media\/10507"}],"wp:attachment":[{"href":"https:\/\/www.deepspot.com\/fr\/wp-json\/wp\/v2\/media?parent=10489"}],"curies":[{"name":"wp","href":"https:\/\/api.w.org\/{rel}","templated":true}]}}