{"id":12564,"date":"2021-09-24T12:01:49","date_gmt":"2021-09-24T10:01:49","guid":{"rendered":"https:\/\/www.deepspot.com\/?page_id=12564"},"modified":"2025-09-21T15:24:33","modified_gmt":"2025-09-21T13:24:33","slug":"pakiety-wejsc-scuba","status":"publish","type":"page","link":"https:\/\/www.deepspot.com\/fr\/pour-qui\/scuba-diving\/pakiety-wejsc-scuba\/","title":{"rendered":"Paquets d&#8217;entr\u00e9e pour les plongeurs sous-marins"},"content":{"rendered":"<div id=\"hero-block_3a6b70c7232f4a15ce8d10407a1a7470\" class=\"hero-block\">\r\n  <div class=\"row outer-container\">\r\n    <div>\r\n      <img decoding=\"async\" lazy src=\"data:image\/gif;base64,R0lGODlhAQABAAD\/ACwAAAAAAQABAAACADs%3D\" data-src=\"https:\/\/eco3ygde435.exactdn.com\/wp-content\/uploads\/sites\/2\/2025\/06\/lplplplplplplp.jpg?strip=all\" alt=\"\">\r\n          <\/div>\r\n    <div>\r\n      <h2>FORFAITS D&#8217;ENTR\u00c9E POUR LA PLONG\u00c9E SOUS-MARINE<\/h2><p>Plongez plus pour moins cher. Achetez un forfait d&#8217;entr\u00e9e et plongez quand vous voulez !<\/p>    <\/div>\r\n  <\/div>\r\n<\/div><!-- block -->\r\n<div id=\"product-details-block_e137a5d675edb657abc1b0ad44649158\" class=\"product-details-block\">\r\n  <div class=\"row container\">\r\n    <div>\r\n      <h2 class=\"title\">Description des attractions<\/h2>      <p class=\"desc\">Les forfaits d&#8217;entr\u00e9e pour les plongeurs sont l&#8217;option id\u00e9ale pour les heureux d\u00e9tenteurs d&#8217;un brevet (min. Indoor Diver\/OWD) qui souhaitent plonger plus souvent &#8211; pour s&#8217;entra\u00eener, tester leur \u00e9quipement ou pour le simple plaisir de plonger dans des conditions uniques.  <br>Plus vous planifiez de plong\u00e9es \u00e0 l&#8217;avance, plus le prix unitaire est bas. Simple, flexible et exactement comme vous le souhaitez !   <br><br>\r\nPlongez dans l&#8217;offre, surtout si vous souhaitez :<br>\ud83e\udee7 D\u00e9velopper vos comp\u00e9tences en plong\u00e9e dans des conditions id\u00e9ales<br>\ud83e\udee7 Vous entra\u00eener syst\u00e9matiquement et travailler la technique et la flottabilit\u00e9<br>\ud83e\udee7 Tester un nouvel \u00e9quipement avant de vous aventurer en eau libre<br>\ud83e\udee7 Vous pr\u00e9parer \u00e0 d&#8217;autres cours ou \u00e0 une sp\u00e9cialisation<br>\ud83e\udee7 Plonger de mani\u00e8re r\u00e9cr\u00e9ative pour vous d\u00e9tendre et vous relaxer.<br><br>\r\nQue proposons-nous ?<br>Chaque entr\u00e9e du forfait comprend 75 minutes sur le sol de la piscine. C&#8217;est vous qui d\u00e9cidez de l&#8217;utilisation de ce temps ! Nous offrons tout l&#8217;\u00e9quipement de plong\u00e9e n\u00e9cessaire dans le prix et la flexibilit\u00e9 du choix &#8211; un forfait valable pour le nombre de mois que vous choisissez.  <br>\r\nN&#8217;oubliez pas votre ordinateur de plong\u00e9e, il est indispensable \u00e0 tout plongeur. Si vous avez le v\u00f4tre, emportez-le, et si vous ne l&#8217;avez pas, rassurez-vous, vous pouvez louer un mod\u00e8le Garmin sur place pour \u00a345\/plong\u00e9e. <br>\r\nLa formation se d\u00e9roule toujours avec un partenaire de plong\u00e9e &#8211; vous pouvez plonger avec votre Buddy ou \u00eatre assist\u00e9 par notre instructeur.<br><br>\r\nCela en vaut la peine car :<br>\ud83e\udee7 Vous \u00e9conomisez &#8211; plus le forfait est important, plus le prix par entr\u00e9e est bas<br>\ud83e\udee7 Vous d\u00e9cidez &#8211; vous choisissez la validit\u00e9 du forfait et planifiez les dates selon votre propre calendrier<br>\ud83e\udee7 Vous vous entra\u00eenez dans la piscine la plus profonde d&#8217;Europe &#8211; jusqu&#8217;\u00e0 45 m\u00e8tres<br>\ud83e\udee7 Vous plongez dans des conditions exotiques &#8211; une eau claire \u00e0 32\u00b0C<br>\ud83e\udee7 Vous b\u00e9n\u00e9ficiez d&#8217;un \u00e9quipement moderne, moderne et r\u00e9guli\u00e8rement entretenu<br>\ud83e\udee7 Vous b\u00e9n\u00e9ficiez du soutien d&#8217;une \u00e9quipe internationale d&#8217;instructeurs exp\u00e9riment\u00e9s<br>\ud83e\udee7 C&#8217;est l&#8217;endroit id\u00e9al pour d\u00e9velopper votre confiance et votre technique.<br><br>\r\nInvestissez dans votre d\u00e9veloppement et votre confort de plong\u00e9e. Choisissez un forfait adapt\u00e9 \u00e0 vos besoins et utilisez Deepspot plus souvent &#8211; selon vos propres conditions. <br><br><br>\r\nQu&#8217;est-ce qui vaut la peine d&#8217;\u00eatre connu ?<\/p>      <ul>            <li>\r\n              <p>Dur\u00e9e de l&#8217;accord<\/p>\r\n              <strong>60 minutes + 15 minutes sur le disque<\/strong>\r\n            <\/li>\r\n                      <li>\r\n              <p>\u00c2ge minimum<\/p>\r\n              <strong>10 ans<\/strong>\r\n            <\/li>\r\n                      <li>\r\n              <p>Vous plongerez dans des profondeurs<\/p>\r\n              <strong>Conform\u00e9ment aux droits<\/strong>\r\n            <\/li>\r\n                      <li>\r\n              <p>En cadeau  <\/p>\r\n              <strong>Courte vid\u00e9o souvenir d&#8217;un photomaton sous-marin<\/strong>\r\n            <\/li>\r\n                      <li>\r\n              <p>Nous fournissons<\/p>\r\n              <strong>Tout le mat\u00e9riel de plong\u00e9e n\u00e9cessaire. N&#8217;apportez avec vous que le maillot de bain, la serviette et les tongs. <\/strong>\r\n            <\/li>\r\n                      <li>\r\n              <p>N&#8217;oubliez pas<\/p>\r\n              <strong>Amusez-vous et nous vous insufflerons toute l&#8217;\u00e9nergie n\u00e9cessaire.<\/strong>\r\n            <\/li>\r\n                      <li>\r\n              <p>Prix  <\/p>\r\n              <strong>En fonction de la taille du paquet, le prix par entr\u00e9e est compris entre 259 PLN et 279 PLN.<\/strong>\r\n            <\/li>\r\n          <\/ul>      <div class=\"button-list-wrap\"><div class=\"button-list button-type-both\"><div><a class=\"alternate_ybb\" href=\"https:\/\/cs.deepspot.com\/offer?steps=deepspot_pro_type-scuba_deepspot-credit\" target=\"_self\"><img decoding=\"async\" lazy src=\"data:image\/gif;base64,R0lGODlhAQABAAD\/ACwAAAAAAQABAAACADs%3D\" data-src=\"https:\/\/eco3ygde435.exactdn.com\/wp-content\/uploads\/sites\/2\/2020\/08\/calendar-grid-58.png?strip=all\" alt=\"\"><strong>Zam\u00f3w sw\u00f3j pakiet<\/strong><\/a><\/div><div><a class=\"css-default\" href=\"https:\/\/www.deepspot.com\/pl\/frequently-asked-questions\/?tab=2\" target=\"_self\"><img decoding=\"async\" lazy src=\"data:image\/gif;base64,R0lGODlhAQABAAD\/ACwAAAAAAQABAAACADs%3D\" data-src=\"https:\/\/eco3ygde435.exactdn.com\/wp-content\/uploads\/sites\/2\/2020\/08\/presentation.png?strip=all\" alt=\"\"><strong>Najcz\u0119\u015bciej zadawane pytania<\/strong><\/a><\/div><\/div><\/div>    <\/div>\r\n  <\/div>\r\n<\/div><!-- block -->\r\n","protected":false},"excerpt":{"rendered":"","protected":false},"author":1,"featured_media":53478,"parent":4759,"menu_order":4,"comment_status":"closed","ping_status":"closed","template":"","meta":{"_acf_changed":false,"footnotes":""},"class_list":["post-12564","page","type-page","status-publish","has-post-thumbnail","hentry"],"acf":[],"yoast_head":"<!-- This site is optimized with the Yoast SEO plugin v27.3 - https:\/\/yoast.com\/product\/yoast-seo-wordpress\/ -->\n<title>Paquets d&#039;entr\u00e9e pour les plongeurs sous-marins | Deepspot<\/title>\n<meta name=\"description\" content=\"Paquets d&#039;entr\u00e9e pour les plongeurs sous-marins\" \/>\n<meta name=\"robots\" content=\"index, follow, max-snippet:-1, max-image-preview:large, max-video-preview:-1\" \/>\n<link rel=\"canonical\" href=\"https:\/\/www.deepspot.com\/fr\/pour-qui\/scuba-diving\/pakiety-wejsc-scuba\/\" \/>\n<meta property=\"og:locale\" content=\"fr_FR\" \/>\n<meta property=\"og:type\" content=\"article\" \/>\n<meta property=\"og:title\" content=\"Paquets d&#039;entr\u00e9e pour les plongeurs sous-marins | Deepspot\" \/>\n<meta property=\"og:description\" content=\"Paquets d&#039;entr\u00e9e pour les plongeurs sous-marins\" \/>\n<meta property=\"og:url\" content=\"https:\/\/www.deepspot.com\/fr\/pour-qui\/scuba-diving\/pakiety-wejsc-scuba\/\" \/>\n<meta property=\"og:site_name\" content=\"Deepspot\" \/>\n<meta property=\"article:modified_time\" content=\"2025-09-21T13:24:33+00:00\" \/>\n<meta property=\"og:image\" content=\"https:\/\/eco3ygde435.exactdn.com\/wp-content\/uploads\/sites\/2\/2025\/06\/xaopqf.jpg?strip=all\" \/>\n\t<meta property=\"og:image:width\" content=\"1890\" \/>\n\t<meta property=\"og:image:height\" content=\"965\" \/>\n\t<meta property=\"og:image:type\" content=\"image\/jpeg\" \/>\n<meta name=\"twitter:card\" content=\"summary_large_image\" \/>\n<script type=\"application\/ld+json\" class=\"yoast-schema-graph\">{\"@context\":\"https:\\\/\\\/schema.org\",\"@graph\":[{\"@type\":\"WebPage\",\"@id\":\"https:\\\/\\\/www.deepspot.com\\\/fr\\\/pour-qui\\\/scuba-diving\\\/pakiety-wejsc-scuba\\\/\",\"url\":\"https:\\\/\\\/www.deepspot.com\\\/fr\\\/pour-qui\\\/scuba-diving\\\/pakiety-wejsc-scuba\\\/\",\"name\":\"Paquets d'entr\u00e9e pour les plongeurs sous-marins | Deepspot\",\"isPartOf\":{\"@id\":\"https:\\\/\\\/www.deepspot.com\\\/pl\\\/#website\"},\"primaryImageOfPage\":{\"@id\":\"https:\\\/\\\/www.deepspot.com\\\/fr\\\/pour-qui\\\/scuba-diving\\\/pakiety-wejsc-scuba\\\/#primaryimage\"},\"image\":{\"@id\":\"https:\\\/\\\/www.deepspot.com\\\/fr\\\/pour-qui\\\/scuba-diving\\\/pakiety-wejsc-scuba\\\/#primaryimage\"},\"thumbnailUrl\":\"https:\\\/\\\/eco3ygde435.exactdn.com\\\/wp-content\\\/uploads\\\/sites\\\/2\\\/2025\\\/06\\\/xaopqf.jpg?strip=all\",\"datePublished\":\"2021-09-24T10:01:49+00:00\",\"dateModified\":\"2025-09-21T13:24:33+00:00\",\"description\":\"Paquets d'entr\u00e9e pour les plongeurs sous-marins\",\"breadcrumb\":{\"@id\":\"https:\\\/\\\/www.deepspot.com\\\/fr\\\/pour-qui\\\/scuba-diving\\\/pakiety-wejsc-scuba\\\/#breadcrumb\"},\"inLanguage\":\"fr-FR\",\"potentialAction\":[{\"@type\":\"ReadAction\",\"target\":[\"https:\\\/\\\/www.deepspot.com\\\/fr\\\/pour-qui\\\/scuba-diving\\\/pakiety-wejsc-scuba\\\/\"]}]},{\"@type\":\"ImageObject\",\"inLanguage\":\"fr-FR\",\"@id\":\"https:\\\/\\\/www.deepspot.com\\\/fr\\\/pour-qui\\\/scuba-diving\\\/pakiety-wejsc-scuba\\\/#primaryimage\",\"url\":\"https:\\\/\\\/eco3ygde435.exactdn.com\\\/wp-content\\\/uploads\\\/sites\\\/2\\\/2025\\\/06\\\/xaopqf.jpg?strip=all\",\"contentUrl\":\"https:\\\/\\\/eco3ygde435.exactdn.com\\\/wp-content\\\/uploads\\\/sites\\\/2\\\/2025\\\/06\\\/xaopqf.jpg?strip=all\",\"width\":1890,\"height\":965},{\"@type\":\"BreadcrumbList\",\"@id\":\"https:\\\/\\\/www.deepspot.com\\\/fr\\\/pour-qui\\\/scuba-diving\\\/pakiety-wejsc-scuba\\\/#breadcrumb\",\"itemListElement\":[{\"@type\":\"ListItem\",\"position\":1,\"name\":\"Strona g\u0142\u00f3wna\",\"item\":\"https:\\\/\\\/www.deepspot.com\\\/fr\\\/\"},{\"@type\":\"ListItem\",\"position\":2,\"name\":\"Pour qui\",\"item\":\"https:\\\/\\\/www.deepspot.com\\\/fr\\\/pour-qui\\\/\"},{\"@type\":\"ListItem\",\"position\":3,\"name\":\"Plong\u00e9e sous-marine\",\"item\":\"https:\\\/\\\/www.deepspot.com\\\/fr\\\/pour-qui\\\/scuba-diving\\\/\"},{\"@type\":\"ListItem\",\"position\":4,\"name\":\"Paquets d&#8217;entr\u00e9e pour les plongeurs sous-marins\"}]},{\"@type\":\"WebSite\",\"@id\":\"https:\\\/\\\/www.deepspot.com\\\/pl\\\/#website\",\"url\":\"https:\\\/\\\/www.deepspot.com\\\/pl\\\/\",\"name\":\"Deepspot\",\"description\":\"Une nouvelle dimension de la plong\u00e9e\",\"potentialAction\":[{\"@type\":\"SearchAction\",\"target\":{\"@type\":\"EntryPoint\",\"urlTemplate\":\"https:\\\/\\\/www.deepspot.com\\\/pl\\\/?s={search_term_string}\"},\"query-input\":{\"@type\":\"PropertyValueSpecification\",\"valueRequired\":true,\"valueName\":\"search_term_string\"}}],\"inLanguage\":\"fr-FR\"}]}<\/script>\n<!-- \/ Yoast SEO plugin. -->","yoast_head_json":{"title":"Paquets d'entr\u00e9e pour les plongeurs sous-marins | Deepspot","description":"Paquets d'entr\u00e9e pour les plongeurs sous-marins","robots":{"index":"index","follow":"follow","max-snippet":"max-snippet:-1","max-image-preview":"max-image-preview:large","max-video-preview":"max-video-preview:-1"},"canonical":"https:\/\/www.deepspot.com\/fr\/pour-qui\/scuba-diving\/pakiety-wejsc-scuba\/","og_locale":"fr_FR","og_type":"article","og_title":"Paquets d'entr\u00e9e pour les plongeurs sous-marins | Deepspot","og_description":"Paquets d'entr\u00e9e pour les plongeurs sous-marins","og_url":"https:\/\/www.deepspot.com\/fr\/pour-qui\/scuba-diving\/pakiety-wejsc-scuba\/","og_site_name":"Deepspot","article_modified_time":"2025-09-21T13:24:33+00:00","og_image":[{"width":1890,"height":965,"url":"https:\/\/eco3ygde435.exactdn.com\/wp-content\/uploads\/sites\/2\/2025\/06\/xaopqf.jpg?strip=all","type":"image\/jpeg"}],"twitter_card":"summary_large_image","schema":{"@context":"https:\/\/schema.org","@graph":[{"@type":"WebPage","@id":"https:\/\/www.deepspot.com\/fr\/pour-qui\/scuba-diving\/pakiety-wejsc-scuba\/","url":"https:\/\/www.deepspot.com\/fr\/pour-qui\/scuba-diving\/pakiety-wejsc-scuba\/","name":"Paquets d'entr\u00e9e pour les plongeurs sous-marins | Deepspot","isPartOf":{"@id":"https:\/\/www.deepspot.com\/pl\/#website"},"primaryImageOfPage":{"@id":"https:\/\/www.deepspot.com\/fr\/pour-qui\/scuba-diving\/pakiety-wejsc-scuba\/#primaryimage"},"image":{"@id":"https:\/\/www.deepspot.com\/fr\/pour-qui\/scuba-diving\/pakiety-wejsc-scuba\/#primaryimage"},"thumbnailUrl":"https:\/\/eco3ygde435.exactdn.com\/wp-content\/uploads\/sites\/2\/2025\/06\/xaopqf.jpg?strip=all","datePublished":"2021-09-24T10:01:49+00:00","dateModified":"2025-09-21T13:24:33+00:00","description":"Paquets d'entr\u00e9e pour les plongeurs sous-marins","breadcrumb":{"@id":"https:\/\/www.deepspot.com\/fr\/pour-qui\/scuba-diving\/pakiety-wejsc-scuba\/#breadcrumb"},"inLanguage":"fr-FR","potentialAction":[{"@type":"ReadAction","target":["https:\/\/www.deepspot.com\/fr\/pour-qui\/scuba-diving\/pakiety-wejsc-scuba\/"]}]},{"@type":"ImageObject","inLanguage":"fr-FR","@id":"https:\/\/www.deepspot.com\/fr\/pour-qui\/scuba-diving\/pakiety-wejsc-scuba\/#primaryimage","url":"https:\/\/eco3ygde435.exactdn.com\/wp-content\/uploads\/sites\/2\/2025\/06\/xaopqf.jpg?strip=all","contentUrl":"https:\/\/eco3ygde435.exactdn.com\/wp-content\/uploads\/sites\/2\/2025\/06\/xaopqf.jpg?strip=all","width":1890,"height":965},{"@type":"BreadcrumbList","@id":"https:\/\/www.deepspot.com\/fr\/pour-qui\/scuba-diving\/pakiety-wejsc-scuba\/#breadcrumb","itemListElement":[{"@type":"ListItem","position":1,"name":"Strona g\u0142\u00f3wna","item":"https:\/\/www.deepspot.com\/fr\/"},{"@type":"ListItem","position":2,"name":"Pour qui","item":"https:\/\/www.deepspot.com\/fr\/pour-qui\/"},{"@type":"ListItem","position":3,"name":"Plong\u00e9e sous-marine","item":"https:\/\/www.deepspot.com\/fr\/pour-qui\/scuba-diving\/"},{"@type":"ListItem","position":4,"name":"Paquets d&#8217;entr\u00e9e pour les plongeurs sous-marins"}]},{"@type":"WebSite","@id":"https:\/\/www.deepspot.com\/pl\/#website","url":"https:\/\/www.deepspot.com\/pl\/","name":"Deepspot","description":"Une nouvelle dimension de la plong\u00e9e","potentialAction":[{"@type":"SearchAction","target":{"@type":"EntryPoint","urlTemplate":"https:\/\/www.deepspot.com\/pl\/?s={search_term_string}"},"query-input":{"@type":"PropertyValueSpecification","valueRequired":true,"valueName":"search_term_string"}}],"inLanguage":"fr-FR"}]}},"_links":{"self":[{"href":"https:\/\/www.deepspot.com\/fr\/wp-json\/wp\/v2\/pages\/12564","targetHints":{"allow":["GET"]}}],"collection":[{"href":"https:\/\/www.deepspot.com\/fr\/wp-json\/wp\/v2\/pages"}],"about":[{"href":"https:\/\/www.deepspot.com\/fr\/wp-json\/wp\/v2\/types\/page"}],"author":[{"embeddable":true,"href":"https:\/\/www.deepspot.com\/fr\/wp-json\/wp\/v2\/users\/1"}],"replies":[{"embeddable":true,"href":"https:\/\/www.deepspot.com\/fr\/wp-json\/wp\/v2\/comments?post=12564"}],"version-history":[{"count":22,"href":"https:\/\/www.deepspot.com\/fr\/wp-json\/wp\/v2\/pages\/12564\/revisions"}],"predecessor-version":[{"id":56558,"href":"https:\/\/www.deepspot.com\/fr\/wp-json\/wp\/v2\/pages\/12564\/revisions\/56558"}],"up":[{"embeddable":true,"href":"https:\/\/www.deepspot.com\/fr\/wp-json\/wp\/v2\/pages\/4759"}],"wp:featuredmedia":[{"embeddable":true,"href":"https:\/\/www.deepspot.com\/fr\/wp-json\/wp\/v2\/media\/53478"}],"wp:attachment":[{"href":"https:\/\/www.deepspot.com\/fr\/wp-json\/wp\/v2\/media?parent=12564"}],"curies":[{"name":"wp","href":"https:\/\/api.w.org\/{rel}","templated":true}]}}