{"id":15043,"date":"2021-12-30T14:07:17","date_gmt":"2021-12-30T13:07:17","guid":{"rendered":"https:\/\/www.deepspot.com\/?page_id=15043"},"modified":"2024-05-20T10:54:02","modified_gmt":"2024-05-20T08:54:02","slug":"jour-de-cours","status":"publish","type":"page","link":"https:\/\/www.deepspot.com\/fr\/espace-instructeur\/jour-de-cours\/","title":{"rendered":"Journ\u00e9e de cours \u00e0 Deepspot"},"content":{"rendered":"<div id=\"hero-block_2d94877f4da3f863885daf942e36f71f\" class=\"hero-block\">\r\n  <div class=\"row outer-container\">\r\n    <div>\r\n      <img decoding=\"async\" lazy src=\"data:image\/gif;base64,R0lGODlhAQABAAD\/ACwAAAAAAQABAAACADs%3D\" data-src=\"https:\/\/eco3ygde435.exactdn.com\/wp-content\/uploads\/sites\/2\/2023\/10\/DS-1.jpg?strip=all\" alt=\"\">\r\n          <\/div>\r\n    <div>\r\n      <h2>ODDS DAY<\/h2><p>\n          <h4>Offre <b>r\u00e9serv\u00e9e<\/b> aux <b>instructeurs<\/b>.  \n<br><\/br>\n<b>Organiser une<\/b> s\u00e9rie de cours de plong\u00e9e dans les <b>excellentes<\/b> conditions de Deepspot. <b>Le cours d&#8217;une journ\u00e9e<\/b> a \u00e9t\u00e9 cr\u00e9\u00e9 pour <b>aider les<\/b> centres de plong\u00e9e et les instructeurs individuels \u00e0 <b>former les<\/b> plongeurs de l&#8217;\u00e9quipement \u00e0 <b>n&#8217;importe quel<\/b> niveau de formation reconnu par les organisations et compl\u00e9t\u00e9 par une <b>certification<\/b>.  \n<br><\/br>\n<b>L&#8217;<\/b>eau <b>chaude<\/b> et <b>cristalline<\/b> ainsi que la <b>profondeur<\/b> <b>facilitent l&#8217;<\/b> apprentissage de la plong\u00e9e et la rendent plus <b>efficace<\/b>.  \n<br><\/br>\nVous pouvez consulter la liste de prix <b>actuelle<\/b> et les <b>heures d&#8217;<\/b> entr\u00e9e dans la liste de <b>prix B2B<\/b>.<\/h4>\n        <\/p>    <\/div>\r\n  <\/div>\r\n<\/div><!-- block -->\r\n<div id=\"features-block_d6f89fb58b5a77f2b4cffbf5a09b5868\" class=\"features-block\">\r\n  <div class=\"row container\">\r\n    <div>\r\n            <h2 class=\"title\">LA JOURN\u00c9E DE COURS \u00c0 DEEPSPOT EST :<\/h2>\r\n      <div>\r\n                    <div>\r\n              <div class=\"icon-wrap\">\r\n                <img decoding=\"async\" src=\"https:\/\/eco3ygde435.exactdn.com\/wp-content\/uploads\/sites\/2\/2023\/10\/DS_KULKA.png?strip=all\" alt=\"\" src=\"\">\r\n              <\/div>\r\n              <strong>\n          <h2>LA FLEXIBILIT\u00c9 DE LA FORMATION<\/h2>\n        <\/strong>\r\n              <p><br \/>\n          <h4><b>Le Course Day<\/b> est ouvert du <b>lundi<\/b> au <b>vendredi<\/b> pendant les heures d&#8217;ouverture de Deepspot et le <b>dimanche<\/b> de <b>15 heures<\/b> \u00e0 la fermeture.  <br \/>\n<br \/>\nPour l&#8217;utilisation de ces heures, <b>vous<\/b> et votre <b>\u00e9l\u00e8ve<\/b> disposez chacun de <b>trois bouteilles d&#8217;air<\/b> de <b>12<\/b> ou <b>15<\/b> litres.  <br \/>\n<br \/>\nPlanifiez la formation de la mani\u00e8re la <b>plus pratique<\/b> pour le stagiaire !<\/h4><br \/>\n        <\/p>\r\n            <\/div>\r\n                      <div>\r\n              <div class=\"icon-wrap\">\r\n                <img decoding=\"async\" src=\"https:\/\/eco3ygde435.exactdn.com\/wp-content\/uploads\/sites\/2\/2023\/10\/DS_KULKA.png?strip=all\" alt=\"\" src=\"\">\r\n              <\/div>\r\n              <strong>\n          <h2>\u00c9QUIPEMENT<\/h2>\n        <\/strong>\r\n              <p><br \/>\n          <h4>Les frais d&#8217;inscription <b>comprennent<\/b> tout l&#8217;<b>\u00e9quipement<\/b> pour l&#8217;<b>\u00e9l\u00e8ve<\/b> et l&#8217;<b>instructeur<\/b>, c&#8217;est-\u00e0-dire les <b>masques<\/b>, les <b>tubas<\/b>, les <b>palmes de<\/b> plong\u00e9e, les <b>gilets de plong\u00e9e<\/b>, les <b>automates<\/b> et les <b>bouteilles d&#8217;air de<\/b> <b>12<\/b> ou <b>15<\/b> litres.  <br \/>\n<br \/>\n<b>N&#8217;oubliez pas d&#8217;<\/b> \u00e9quiper <b>chaque<\/b> \u00e9l\u00e8ve d&#8217;un <b>ordinateur de plong\u00e9e<\/b>!  <br \/>\n<br \/>\nSi vous n&#8217;avez pas cette possibilit\u00e9, vous pouvez <b>louer<\/b> un ordinateur sur place pour <b>45 PLN<\/b><b>(+25 PLN<\/b> par heure <b>suppl\u00e9mentaire<\/b> ).<\/h4><br \/>\n        <\/p>\r\n            <\/div>\r\n                      <div>\r\n              <div class=\"icon-wrap\">\r\n                <img decoding=\"async\" src=\"https:\/\/eco3ygde435.exactdn.com\/wp-content\/uploads\/sites\/2\/2023\/10\/DS_KULKA.png?strip=all\" alt=\"\" src=\"\">\r\n              <\/div>\r\n              <strong>\n          <h2>AMPHITH\u00c9\u00c2TRES<\/h2>\n        <\/strong>\r\n              <p><h4>Dans le cadre de votre <b>formation<\/b>, vous pouvez utiliser <b>gratuitement<\/b> l&#8217;une de nos <b>salles de formation<\/b>.  <br \/>\n<br \/>\nToute utilisation de la salle n\u00e9cessite une r\u00e9servation aupr\u00e8s de votre superviseur &#8211; Szymon Wzorek; email : pro@deepspot.com t\u00e9l\u00e9phone +48 532-796-299.<\/p>\r\n            <\/div>\r\n                <\/div>\r\n          <\/div>\r\n  <\/div>\r\n<\/div><!-- block -->\r\n\n<div class=\"wp-block-group\"><div class=\"wp-block-group__inner-container is-layout-flow wp-block-group-is-layout-flow\"><div id=\"contact-person-block_7186ae0ec8c24b60875589b08ed3bf8a\" class=\"contact-person-block\">\r\n  <div class=\"container\">\r\n    <h2 class=\"title\">VOUS SOUHAITEZ R\u00c9SERVER UNE JOURN\u00c9E DE COURS ?<\/h2>  <\/div>\r\n  <div class=\"row outer-container\">\r\n    <div class=\"container\">\r\n      <div class=\"image-wrap\"><img decoding=\"async\" lazy src=\"data:image\/gif;base64,R0lGODlhAQABAAD\/ACwAAAAAAQABAAACADs%3D\" data-src=\"https:\/\/eco3ygde435.exactdn.com\/wp-content\/uploads\/sites\/2\/2023\/10\/Projekt-bez-tytulu-fotor-bg-remover-20231006135219.png?strip=all\" alt=\"\"><\/div>\r\n      <div class=\"text-wrap\">\r\n        <strong>SZYMON WZOREK<\/strong>        <p class=\"role\">\n          <b>VOTRE TUTEUR PERSONNEL<\/b>\n        <\/p>        <div class=\"contact-list\">            <span>Courriel :<\/span>\r\n            <span>\n          <a href=\"mailto:Pro@deepspot.com\">pro@deepspot.com<\/a>\n        <\/span><br>\r\n                      <span>T\u00e9l\u00e9phone:<\/span>\r\n            <span>\n          <a href=\"tel:+48532796299\">+48 532-796-299<\/a>\n        <\/span><br>\r\n          <\/div>        <p class=\"text\"><br \/>\n          <h2>Avez-vous des <b>questions<\/b>? Contacter <b>Simon<\/b>.<\/h2><br \/>\n        <\/p><a class=\"btn\" href=\"mailto:pro@deepspot.com\" target=\"_self\"><span>\u00c9CRIRE UN MESSAGE<\/span><\/a>      <\/div>\r\n    <\/div>\r\n  <\/div>\r\n<\/div><!-- block -->\r\n<\/div><\/div>\n<div id=\"true-faq-block_c8aace16351d27873e143831f42cb21e\" class=\"true-faq-block\">\r\n  <div class=\"container\">\r\n    <h2 class=\"title\">QUESTIONS FR\u00c9QUEMMENT POS\u00c9ES<\/h2>\r\n    <div class=\"faq\">\r\n          <div data-faqpanel=\"1\" class=\"faq-panel\">\r\n        <strong>\n          <h2>QUI PEUT B\u00c9N\u00c9FICIER DE L&#8217;OFFRE ?<\/h2>\n        <\/strong>\r\n        <div><h3><b>L&#8217;offre est <b>r\u00e9serv\u00e9e<\/b> aux <b>formateurs B2B<\/b>, c&#8217;est-\u00e0-dire \u00e0 ceux qui <b>ont sign\u00e9<\/b> <b>un contrat<\/b> avec nous.<\/h3><\/div>\r\n      <\/div>\r\n          <div data-faqpanel=\"2\" class=\"faq-panel\">\r\n        <strong>\n          <h2>COMBIEN CO\u00dbTE UNE JOURN\u00c9E DE COURS ?<\/h2>\n        <\/strong>\r\n        <div><br \/>\n          <h3>Vous pouvez v\u00e9rifier le co\u00fbt <b>actuel<\/b> de l&#8217;achat d&#8217;un <b>OWD<\/b> dans la <b>liste de prix B2B<\/b>.<\/h3><br \/>\n        <\/div>\r\n      <\/div>\r\n          <div data-faqpanel=\"3\" class=\"faq-panel\">\r\n        <strong>\n          <h2>QU&#8217;EST-CE QUE JE RE\u00c7OIS DANS LE CADRE DE L&#8217;OFFRE ?<\/h2>\n        <\/strong>\r\n        <div><h3>Le <b>plus grand <\/b>avantage de l&#8217;excursion d&#8217;<b>une journ\u00e9e OWD<\/b> est son <b>prix<\/b> extr\u00eamement <b>attractif<\/b>!<\/div>\r\n      <\/div>\r\n          <div data-faqpanel=\"4\" class=\"faq-panel\">\r\n        <strong>\n          <h2>O\u00d9 PUIS-JE TROUVER PLUS D&#8217;INFORMATIONS ?<\/h2>\n        <\/strong>\r\n        <div><br \/>\n          <h3>Vous n&#8217;avez pas trouv\u00e9 les r\u00e9ponses \u00e0 toutes vos questions ?  <br \/>\n<br \/>\n\u00c9crivez \u00e0 votre <b>tuteur<\/b> &#8211; <b>Szymon Wzorek<\/b>; email : <a href=\"mailto:pro@deepspot.com\"><br \/>\n  <b><br \/>\n    <font color=\"#5CB3FF\">pro@deepspot.com<\/font><br \/>\n  <\/b><br \/>\n<\/a>t\u00e9l. <b>+48 532-796-299<\/b>.<\/h3><br \/>\n        <\/div>\r\n      <\/div>\r\n        <\/div>\r\n  <\/div>\r\n<\/div><!-- block -->\r\n","protected":false},"excerpt":{"rendered":"","protected":false},"author":18,"featured_media":0,"parent":4795,"menu_order":0,"comment_status":"closed","ping_status":"closed","template":"","meta":{"_acf_changed":false,"footnotes":""},"class_list":["post-15043","page","type-page","status-publish","hentry"],"acf":[],"yoast_head":"<!-- This site is optimized with the Yoast SEO plugin v27.4 - https:\/\/yoast.com\/product\/yoast-seo-wordpress\/ -->\n<title>Journ\u00e9e de cours \u00e0 Deepspot | Deepspot<\/title>\n<meta name=\"description\" content=\"Journ\u00e9e de cours \u00e0 Deepspot\" \/>\n<meta name=\"robots\" content=\"index, follow, max-snippet:-1, max-image-preview:large, max-video-preview:-1\" \/>\n<link rel=\"canonical\" href=\"https:\/\/www.deepspot.com\/fr\/espace-instructeur\/jour-de-cours\/\" \/>\n<meta property=\"og:locale\" content=\"fr_FR\" \/>\n<meta property=\"og:type\" content=\"article\" \/>\n<meta property=\"og:title\" content=\"Journ\u00e9e de cours \u00e0 Deepspot | Deepspot\" \/>\n<meta property=\"og:description\" content=\"Journ\u00e9e de cours \u00e0 Deepspot\" \/>\n<meta property=\"og:url\" content=\"https:\/\/www.deepspot.com\/fr\/espace-instructeur\/jour-de-cours\/\" \/>\n<meta property=\"og:site_name\" content=\"Deepspot\" \/>\n<meta property=\"article:modified_time\" content=\"2024-05-20T08:54:02+00:00\" \/>\n<meta name=\"twitter:card\" content=\"summary_large_image\" \/>\n<script type=\"application\/ld+json\" class=\"yoast-schema-graph\">{\"@context\":\"https:\\\/\\\/schema.org\",\"@graph\":[{\"@type\":\"WebPage\",\"@id\":\"https:\\\/\\\/www.deepspot.com\\\/fr\\\/espace-instructeur\\\/jour-de-cours\\\/\",\"url\":\"https:\\\/\\\/www.deepspot.com\\\/fr\\\/espace-instructeur\\\/jour-de-cours\\\/\",\"name\":\"Journ\u00e9e de cours \u00e0 Deepspot | Deepspot\",\"isPartOf\":{\"@id\":\"https:\\\/\\\/www.deepspot.com\\\/pl\\\/#website\"},\"datePublished\":\"2021-12-30T13:07:17+00:00\",\"dateModified\":\"2024-05-20T08:54:02+00:00\",\"description\":\"Journ\u00e9e de cours \u00e0 Deepspot\",\"breadcrumb\":{\"@id\":\"https:\\\/\\\/www.deepspot.com\\\/fr\\\/espace-instructeur\\\/jour-de-cours\\\/#breadcrumb\"},\"inLanguage\":\"fr-FR\",\"potentialAction\":[{\"@type\":\"ReadAction\",\"target\":[\"https:\\\/\\\/www.deepspot.com\\\/fr\\\/espace-instructeur\\\/jour-de-cours\\\/\"]}]},{\"@type\":\"BreadcrumbList\",\"@id\":\"https:\\\/\\\/www.deepspot.com\\\/fr\\\/espace-instructeur\\\/jour-de-cours\\\/#breadcrumb\",\"itemListElement\":[{\"@type\":\"ListItem\",\"position\":1,\"name\":\"Strona g\u0142\u00f3wna\",\"item\":\"https:\\\/\\\/www.deepspot.com\\\/fr\\\/\"},{\"@type\":\"ListItem\",\"position\":2,\"name\":\"Domaine de l&#8217;instructeur\",\"item\":\"https:\\\/\\\/www.deepspot.com\\\/fr\\\/espace-instructeur\\\/\"},{\"@type\":\"ListItem\",\"position\":3,\"name\":\"Journ\u00e9e de cours \u00e0 Deepspot\"}]},{\"@type\":\"WebSite\",\"@id\":\"https:\\\/\\\/www.deepspot.com\\\/pl\\\/#website\",\"url\":\"https:\\\/\\\/www.deepspot.com\\\/pl\\\/\",\"name\":\"Deepspot\",\"description\":\"Une nouvelle dimension de la plong\u00e9e\",\"potentialAction\":[{\"@type\":\"SearchAction\",\"target\":{\"@type\":\"EntryPoint\",\"urlTemplate\":\"https:\\\/\\\/www.deepspot.com\\\/pl\\\/?s={search_term_string}\"},\"query-input\":{\"@type\":\"PropertyValueSpecification\",\"valueRequired\":true,\"valueName\":\"search_term_string\"}}],\"inLanguage\":\"fr-FR\"}]}<\/script>\n<!-- \/ Yoast SEO plugin. -->","yoast_head_json":{"title":"Journ\u00e9e de cours \u00e0 Deepspot | Deepspot","description":"Journ\u00e9e de cours \u00e0 Deepspot","robots":{"index":"index","follow":"follow","max-snippet":"max-snippet:-1","max-image-preview":"max-image-preview:large","max-video-preview":"max-video-preview:-1"},"canonical":"https:\/\/www.deepspot.com\/fr\/espace-instructeur\/jour-de-cours\/","og_locale":"fr_FR","og_type":"article","og_title":"Journ\u00e9e de cours \u00e0 Deepspot | Deepspot","og_description":"Journ\u00e9e de cours \u00e0 Deepspot","og_url":"https:\/\/www.deepspot.com\/fr\/espace-instructeur\/jour-de-cours\/","og_site_name":"Deepspot","article_modified_time":"2024-05-20T08:54:02+00:00","twitter_card":"summary_large_image","schema":{"@context":"https:\/\/schema.org","@graph":[{"@type":"WebPage","@id":"https:\/\/www.deepspot.com\/fr\/espace-instructeur\/jour-de-cours\/","url":"https:\/\/www.deepspot.com\/fr\/espace-instructeur\/jour-de-cours\/","name":"Journ\u00e9e de cours \u00e0 Deepspot | Deepspot","isPartOf":{"@id":"https:\/\/www.deepspot.com\/pl\/#website"},"datePublished":"2021-12-30T13:07:17+00:00","dateModified":"2024-05-20T08:54:02+00:00","description":"Journ\u00e9e de cours \u00e0 Deepspot","breadcrumb":{"@id":"https:\/\/www.deepspot.com\/fr\/espace-instructeur\/jour-de-cours\/#breadcrumb"},"inLanguage":"fr-FR","potentialAction":[{"@type":"ReadAction","target":["https:\/\/www.deepspot.com\/fr\/espace-instructeur\/jour-de-cours\/"]}]},{"@type":"BreadcrumbList","@id":"https:\/\/www.deepspot.com\/fr\/espace-instructeur\/jour-de-cours\/#breadcrumb","itemListElement":[{"@type":"ListItem","position":1,"name":"Strona g\u0142\u00f3wna","item":"https:\/\/www.deepspot.com\/fr\/"},{"@type":"ListItem","position":2,"name":"Domaine de l&#8217;instructeur","item":"https:\/\/www.deepspot.com\/fr\/espace-instructeur\/"},{"@type":"ListItem","position":3,"name":"Journ\u00e9e de cours \u00e0 Deepspot"}]},{"@type":"WebSite","@id":"https:\/\/www.deepspot.com\/pl\/#website","url":"https:\/\/www.deepspot.com\/pl\/","name":"Deepspot","description":"Une nouvelle dimension de la plong\u00e9e","potentialAction":[{"@type":"SearchAction","target":{"@type":"EntryPoint","urlTemplate":"https:\/\/www.deepspot.com\/pl\/?s={search_term_string}"},"query-input":{"@type":"PropertyValueSpecification","valueRequired":true,"valueName":"search_term_string"}}],"inLanguage":"fr-FR"}]}},"_links":{"self":[{"href":"https:\/\/www.deepspot.com\/fr\/wp-json\/wp\/v2\/pages\/15043","targetHints":{"allow":["GET"]}}],"collection":[{"href":"https:\/\/www.deepspot.com\/fr\/wp-json\/wp\/v2\/pages"}],"about":[{"href":"https:\/\/www.deepspot.com\/fr\/wp-json\/wp\/v2\/types\/page"}],"author":[{"embeddable":true,"href":"https:\/\/www.deepspot.com\/fr\/wp-json\/wp\/v2\/users\/18"}],"replies":[{"embeddable":true,"href":"https:\/\/www.deepspot.com\/fr\/wp-json\/wp\/v2\/comments?post=15043"}],"version-history":[{"count":18,"href":"https:\/\/www.deepspot.com\/fr\/wp-json\/wp\/v2\/pages\/15043\/revisions"}],"predecessor-version":[{"id":44932,"href":"https:\/\/www.deepspot.com\/fr\/wp-json\/wp\/v2\/pages\/15043\/revisions\/44932"}],"up":[{"embeddable":true,"href":"https:\/\/www.deepspot.com\/fr\/wp-json\/wp\/v2\/pages\/4795"}],"wp:attachment":[{"href":"https:\/\/www.deepspot.com\/fr\/wp-json\/wp\/v2\/media?parent=15043"}],"curies":[{"name":"wp","href":"https:\/\/api.w.org\/{rel}","templated":true}]}}