{"id":24037,"date":"2022-05-31T14:48:48","date_gmt":"2022-05-31T12:48:48","guid":{"rendered":"https:\/\/www.deepspot.com\/tout-sur-les-bouees\/"},"modified":"2024-05-20T10:49:40","modified_gmt":"2024-05-20T08:49:40","slug":"tout-sur-les-bouees","status":"publish","type":"page","link":"https:\/\/www.deepspot.com\/fr\/travail\/tout-sur-les-bouees\/","title":{"rendered":"Tout sur les bou\u00e9es"},"content":{"rendered":"<div id=\"hero-block_5f32490b77998\" class=\"hero-block\">\r\n  <div class=\"row outer-container\">\r\n    <div>\r\n      <img decoding=\"async\" lazy src=\"data:image\/gif;base64,R0lGODlhAQABAAD\/ACwAAAAAAQABAAACADs%3D\" data-src=\"https:\/\/eco3ygde435.exactdn.com\/wp-content\/uploads\/sites\/2\/2022\/06\/bojki.jpg?strip=all\" alt=\"\">\r\n          <\/div>\r\n    <div>\r\n      <h2>Tout sur les bou\u00e9es<\/h2><p>Atelier gratuit dans la piscine de plong\u00e9e la plus profonde d&#8217;Europe !\nVous avez d\u00e9j\u00e0 entendu parler de Deepspot mais vous n&#8217;avez pas encore eu l&#8217;occasion de plonger dans la piscine la plus profonde d&#8217;Europe ? Ou peut-\u00eatre nous avez-vous d\u00e9j\u00e0 rendu visite et souhaitez-vous en savoir plus ?\nDans les deux cas, nous avons quelque chose de sp\u00e9cial !<br>\n<b>Achetez un pass pour une personne certifi\u00e9e (minimum OWD ou certification parall\u00e8le) et recevez un atelier gratuit <\/b>dirig\u00e9 \u00e0 Deepspot par probablement les meilleurs instructeurs de l&#8217;industrie de la plong\u00e9e !\n<\/p>    <\/div>\r\n  <\/div>\r\n<\/div><!-- block -->\r\n<div id=\"product-details-block_5f325b7d0e130\" class=\"product-details-block\">\r\n  <div class=\"row container\">\r\n    <div>\r\n      <h2 class=\"title\">D\u00e9tails du produit<\/h2>      <p class=\"desc\">Une bou\u00e9e est un \u00e9l\u00e9ment de l&#8217;\u00e9quipement de plong\u00e9e que tout plongeur pr\u00e9voyant une sortie en eau libre doit bien conna\u00eetre. Une bonne utilisation de la bou\u00e9e augmente la visibilit\u00e9 du plongeur dans l&#8217;eau, ce qui peut \u00eatre particuli\u00e8rement utile lors de plong\u00e9es en pleine mer \u00e0 partir d&#8217;un bateau ou lorsque vous devez remonter au milieu du lac. \nSi vous souhaitez prendre soin de votre s\u00e9curit\u00e9 et de celle de vos partenaires de plong\u00e9e, assurez-vous de venir \u00e0 l&#8217;atelier, qui comprend des exercices th\u00e9oriques et pratiques.\n<\/p>      <ul>            <li>\r\n              <p>COMMENT PARTICIPER ?<\/p>\r\n              <strong> Achetez un billet pour une personne certifi\u00e9e et recevez un atelier gratuit<\/strong>\r\n            <\/li>\r\n                      <li>\r\n              <p>Certificat requis<\/p>\r\n              <strong>minimum Scuba Diver \/ Indoor \/ OWD &#8211; ou leurs \u00e9quivalents<\/strong>\r\n            <\/li>\r\n                      <li>\r\n              <p>\u00c0 emporter avec soi<\/p>\r\n              <strong>ORDINATEUR DE PLONGEE (OBLIGATOIRE), CHAUSSONS, MAILLOT DE BAIN, SERVIETTE, EN OPTION : PALMES, MASQUE, CHAUSSETTES NEOPRENE POUR PALMES <\/strong>\r\n            <\/li>\r\n                      <li>\r\n              <p>Dur\u00e9e de l&#8217;atelier<\/p>\r\n              <strong>le sujet est abord\u00e9 par l&#8217;instructeur environ 45 minutes, exercices pratiques dans l&#8217;eau 1 heure, r\u00e9sum\u00e9 apr\u00e8s les cours environ 30 minutes<\/strong>\r\n            <\/li>\r\n          <\/ul>      <div class=\"button-list-wrap\"><div class=\"button-list button-type-both\"><div><a class=\"alternate_ybb\" href=\"https:\/\/cs.deepspot.com\/offer?steps=deepspot_diving-courses_wait-for-diving-course-list_32_diving-course-people-number-confirm-button\" target=\"_self\"><img decoding=\"async\" lazy src=\"data:image\/gif;base64,R0lGODlhAQABAAD\/ACwAAAAAAQABAAACADs%3D\" data-src=\"https:\/\/eco3ygde435.exactdn.com\/wp-content\/uploads\/sites\/2\/2022\/06\/250_2.jpg?strip=all\" alt=\"\"><strong>Profitez de la promotion et r\u00e9servez un atelier pour 0 PLN<\/strong><\/a><\/div><\/div><\/div><div class=\"button-list-2 button-fix-yes\"><a href=\"#22784\" target=\"_self\"><strong>lub skorzystaj z promocji p\u00f3\u017aniej<\/strong><\/a><\/div>    <\/div>\r\n  <\/div>\r\n<\/div><!-- block -->\r\n<div id=\"form-popup-block_628f233ac9df4\" class=\"form-popup-block\" data-timeout=\"\">\r\n  <div class=\"row container\">\r\n    <div>\r\n            <div class=\"wpforms-container wpforms-container-save-resume\" id=\"wpforms-22784\"><form id=\"wpforms-form-22784\" class=\"wpforms-validate wpforms-form\" data-formid=\"22784\" method=\"post\" enctype=\"multipart\/form-data\" action=\"\/fr\/wp-json\/wp\/v2\/pages\/24037\" data-token=\"101c595ae094f7a72efd54811f84a427\" data-token-time=\"1775281702\"><div class=\"wpforms-head-container\"><div class=\"wpforms-title\">&quot;Tout sur les Boykins &#8211; laisser un contact<\/div><\/div><noscript class=\"wpforms-error-noscript\">Veuillez activer JavaScript dans votre navigateur pour remplir ce formulaire.<\/noscript><div class=\"wpforms-field-container\"><div id=\"wpforms-22784-field_0-container\" class=\"wpforms-field wpforms-field-name\" data-field-id=\"0\"><label class=\"wpforms-field-label wpforms-label-hide\" for=\"wpforms-22784-field_0\">Nom <span class=\"wpforms-required-label\">*<\/span><\/label><input type=\"text\" id=\"wpforms-22784-field_0\" class=\"wpforms-field-medium wpforms-field-required\" name=\"wpforms[fields][0]\" placeholder=\"Nom\" required><\/div><div id=\"wpforms-22784-field_3-container\" class=\"wpforms-field wpforms-field-phone\" data-field-id=\"3\"><label class=\"wpforms-field-label wpforms-label-hide\" for=\"wpforms-22784-field_3\">T\u00e9l\u00e9phone <span class=\"wpforms-required-label\">*<\/span><\/label><input type=\"tel\" id=\"wpforms-22784-field_3\" class=\"wpforms-field-medium wpforms-field-required wpforms-smart-phone-field\" data-rule-smart-phone-field=\"true\" name=\"wpforms[fields][3]\" placeholder=\"T\u00e9l\u00e9phone\" aria-label=\"T\u00e9l\u00e9phone\" required><\/div><div id=\"wpforms-22784-field_8-container\" class=\"wpforms-field wpforms-field-email\" data-field-id=\"8\"><label class=\"wpforms-field-label wpforms-label-hide\" for=\"wpforms-22784-field_8\">Email <span class=\"wpforms-required-label\">*<\/span><\/label><input type=\"email\" id=\"wpforms-22784-field_8\" class=\"wpforms-field-medium wpforms-field-required\" name=\"wpforms[fields][8]\" placeholder=\"Email\" spellcheck=\"false\" required><\/div><div id=\"wpforms-22784-field_6-container\" class=\"wpforms-field wpforms-field-checkbox\" data-field-id=\"6\"><label class=\"wpforms-field-label wpforms-label-hide\">Cases \u00e0 cocher <span class=\"wpforms-required-label\">*<\/span><\/label><ul id=\"wpforms-22784-field_6\" class=\"wpforms-field-required\"><li class=\"choice-1 depth-1\"><input type=\"checkbox\" id=\"wpforms-22784-field_6_1\" name=\"wpforms[fields][6][]\" value=\"Je consens au traitement des donn\u00e9es fournies dans le formulaire conform\u00e9ment \u00e0 la &lt;a target=&quot;_blank&quot; href=&quot;https:\/\/www.deepspot.com\/fr\/politique-de-confidentialite\/&quot;&gt;politique de confidentialit\u00e9&lt;\/a&gt;.\" required ><label class=\"wpforms-field-label-inline\" for=\"wpforms-22784-field_6_1\">Je consens au traitement des donn\u00e9es fournies dans le formulaire conform\u00e9ment \u00e0 la <a target=\"_blank\" href=\"https:\/\/www.deepspot.com\/fr\/politique-de-confidentialite\/\">politique de confidentialit\u00e9<\/a>.<\/label><\/li><\/ul><\/div><\/div><!-- .wpforms-field-container --><div class=\"wpforms-recaptcha-container wpforms-is-recaptcha wpforms-is-recaptcha-type-invisible\" ><div class=\"g-recaptcha\" data-sitekey=\"6LcMArsZAAAAAIr72bVExYOguqD14Nf2vW8sTDwd\" data-size=\"invisible\"><\/div><\/div><div class=\"wpforms-submit-container\" ><input type=\"hidden\" name=\"wpforms[id]\" value=\"22784\"><input type=\"hidden\" name=\"page_title\" value=\"\"><input type=\"hidden\" name=\"page_url\" value=\"https:\/\/www.deepspot.com\/fr\/wp-json\/wp\/v2\/pages\/24037\"><input type=\"hidden\" name=\"url_referer\" value=\"\"><button type=\"submit\" name=\"wpforms[submit]\" id=\"wpforms-submit-22784\" class=\"wpforms-submit\" data-alt-text=\"Envoi...\" data-submit-text=\"Envoyer\" aria-live=\"assertive\" value=\"wpforms-submit\">Envoyer<\/button><\/div><\/form><\/div>  <!-- .wpforms-container -->      <a class=\"close-form-popup\" href=\"#\">Fermer <svg xmlns=\"http:\/\/www.w3.org\/2000\/svg\" width=\"23\" height=\"23\" viewBox=\"0 0 23 23\"><g><g><g><path fill=\"none\" stroke=\"#9ca0a3\" stroke-linejoin=\"round\" stroke-miterlimit=\"50\" stroke-width=\"\" d=\"M22 1L1 22\"><\/path><\/g><g><path fill=\"none\" stroke=\"#9ca0a3\" stroke-linejoin=\"round\" stroke-miterlimit=\"50\" stroke-width=\"\" d=\"M22 22L1 1\"><\/path><\/g><\/g><\/g><\/svg><\/a>\r\n    <\/div>\r\n  <\/div>\r\n<\/div><!-- block -->\r\n<div id=\"fancy-display-block_6290989f947dd\" class=\"fancy-display-block fancy-repeater-block\">\r\n  <div class=\"row container\">\r\n          <div class=\"fancy-repeater-item\">\r\n        <div class=\"text-container\">\r\n          <h2 class=\"title\">Tout sur les bou\u00e9es<\/h2>\r\n                    <p>Une bou\u00e9e est une pi\u00e8ce d&#8217;\u00e9quipement de plong\u00e9e que chaque plongeur doit conna\u00eetre et utiliser correctement. L&#8217;utilisation appropri\u00e9e de la bou\u00e9e augmente la s\u00e9curit\u00e9 du plongeur &#8211; la visibilit\u00e9 du plongeur dans l&#8217;eau lors de la plong\u00e9e depuis le bateau en pleine mer ou en cas d&#8217;urgence ! <\/p>\r\n          <div class=\"buttons\"><a class=\"btn\" href=\"https:\/\/cs.deepspot.com\/offer?steps=deepspot_diving-courses_wait-for-diving-course-list_32_diving-course-people-number-confirm-button\" target=\"_self\">Livre<\/a><\/div>        <\/div>\r\n        <div>\r\n          <img decoding=\"async\" lazy src=\"data:image\/gif;base64,R0lGODlhAQABAAD\/ACwAAAAAAQABAAACADs%3D\" data-src=\"https:\/\/eco3ygde435.exactdn.com\/wp-content\/uploads\/sites\/2\/2022\/05\/Bojka-670x670-1.jpg?strip=all\" alt=\"\">\r\n        <\/div>\r\n      <\/div>\r\n          <div class=\"fancy-repeater-item\">\r\n        <div class=\"text-container with-subtitle\">\r\n          <h2 class=\"title\">MOINS DE CONSOMMATION D&#8217;AIR<\/h2>\r\n          <strong class=\"subtitle\">Ou peut-\u00eatre \u00eates-vous \u00e9galement int\u00e9ress\u00e9 ?<\/strong>          <p>L&#8217;atelier &#8220;Utiliser moins d&#8217;air&#8221; permet de savoir comment respirer et se d\u00e9placer sous l&#8217;eau correctement et en toute s\u00e9curit\u00e9 afin d&#8217;atteindre un niveau de plong\u00e9e plus \u00e9lev\u00e9 et de &#8220;boire&#8221; la bouteille plus lentement. Il ne s&#8217;agit pas seulement d&#8217;un savoir sec, mais aussi d&#8217;une occasion de mettre en pratique de nouvelles comp\u00e9tences dans la piscine la plus profonde d&#8217;Europe.<\/p>\r\n          <div class=\"buttons\"><a class=\"btn\" href=\"https:\/\/cs.deepspot.com\/offer?steps=deepspot_diving-courses_wait-for-diving-course-list_31_diving-course-people-number-confirm-button\" target=\"_self\">Livre<\/a><\/div>        <\/div>\r\n        <div>\r\n          <img decoding=\"async\" lazy src=\"data:image\/gif;base64,R0lGODlhAQABAAD\/ACwAAAAAAQABAAACADs%3D\" data-src=\"https:\/\/eco3ygde435.exactdn.com\/wp-content\/uploads\/sites\/2\/2022\/05\/Pedro-670x670-1.jpg?strip=all\" alt=\"\">\r\n        <\/div>\r\n      <\/div>\r\n      <\/div>\r\n<\/div><!-- block -->\r\n","protected":false},"excerpt":{"rendered":"","protected":false},"author":18,"featured_media":22669,"parent":36678,"menu_order":23,"comment_status":"closed","ping_status":"closed","template":"","meta":{"_acf_changed":false,"footnotes":""},"class_list":["post-24037","page","type-page","status-publish","has-post-thumbnail","hentry"],"acf":[],"_links":{"self":[{"href":"https:\/\/www.deepspot.com\/fr\/wp-json\/wp\/v2\/pages\/24037","targetHints":{"allow":["GET"]}}],"collection":[{"href":"https:\/\/www.deepspot.com\/fr\/wp-json\/wp\/v2\/pages"}],"about":[{"href":"https:\/\/www.deepspot.com\/fr\/wp-json\/wp\/v2\/types\/page"}],"author":[{"embeddable":true,"href":"https:\/\/www.deepspot.com\/fr\/wp-json\/wp\/v2\/users\/18"}],"replies":[{"embeddable":true,"href":"https:\/\/www.deepspot.com\/fr\/wp-json\/wp\/v2\/comments?post=24037"}],"version-history":[{"count":7,"href":"https:\/\/www.deepspot.com\/fr\/wp-json\/wp\/v2\/pages\/24037\/revisions"}],"predecessor-version":[{"id":44901,"href":"https:\/\/www.deepspot.com\/fr\/wp-json\/wp\/v2\/pages\/24037\/revisions\/44901"}],"up":[{"embeddable":true,"href":"https:\/\/www.deepspot.com\/fr\/wp-json\/wp\/v2\/pages\/36678"}],"wp:featuredmedia":[{"embeddable":true,"href":"https:\/\/www.deepspot.com\/fr\/wp-json\/wp\/v2\/media\/22669"}],"wp:attachment":[{"href":"https:\/\/www.deepspot.com\/fr\/wp-json\/wp\/v2\/media?parent=24037"}],"curies":[{"name":"wp","href":"https:\/\/api.w.org\/{rel}","templated":true}]}}