{"id":35317,"date":"2023-07-03T10:00:36","date_gmt":"2023-07-03T08:00:36","guid":{"rendered":"https:\/\/www.deepspot.com\/deepspot-expo-inscription\/"},"modified":"2024-05-20T10:36:42","modified_gmt":"2024-05-20T08:36:42","slug":"deepspot-expo-inscription","status":"publish","type":"page","link":"https:\/\/www.deepspot.com\/fr\/forum-de-lindustrie-evenementielle\/deepspot-expo-inscription\/","title":{"rendered":"DEEPSPOT EXPO &#8211; inscription"},"content":{"rendered":"<div class=\"wpforms-container wpforms-container-save-resume wpforms-block wpforms-block-7d56fd9e-8a42-4810-8a64-3b7e0d100a5a\" id=\"wpforms-32353\"><form id=\"wpforms-form-32353\" class=\"wpforms-validate wpforms-form wpforms-ajax-form\" data-formid=\"32353\" method=\"post\" enctype=\"multipart\/form-data\" action=\"\/fr\/wp-json\/wp\/v2\/pages\/35317\" data-token=\"04ae01c9bf6bb4f9cb27ecc306fd6fbc\" data-token-time=\"1776216119\"><noscript class=\"wpforms-error-noscript\">Veuillez activer JavaScript dans votre navigateur pour remplir ce formulaire.<\/noscript><div class=\"wpforms-field-container\"><div id=\"wpforms-32353-field_1-container\" class=\"wpforms-field wpforms-field-text\" data-field-id=\"1\"><label class=\"wpforms-field-label\" for=\"wpforms-32353-field_1\">Nom <span class=\"wpforms-required-label\">*<\/span><\/label><input type=\"text\" id=\"wpforms-32353-field_1\" class=\"wpforms-field-medium wpforms-field-required\" name=\"wpforms[fields][1]\" required><\/div><div id=\"wpforms-32353-field_2-container\" class=\"wpforms-field wpforms-field-email\" data-field-id=\"2\"><label class=\"wpforms-field-label\" for=\"wpforms-32353-field_2\">Courrier \u00e9lectronique <span class=\"wpforms-required-label\">*<\/span><\/label><input type=\"email\" id=\"wpforms-32353-field_2\" class=\"wpforms-field-medium wpforms-field-required\" name=\"wpforms[fields][2]\" spellcheck=\"false\" required><\/div><div id=\"wpforms-32353-field_6-container\" class=\"wpforms-field wpforms-field-select wpforms-field-select-style-classic\" data-field-id=\"6\"><label class=\"wpforms-field-label\" for=\"wpforms-32353-field_6\">Niveau de certification <span class=\"wpforms-required-label\">*<\/span><\/label><select id=\"wpforms-32353-field_6\" class=\"wpforms-field-medium wpforms-field-required\" name=\"wpforms[fields][6]\" required=\"required\"><option value=\"Je n&#039;ai pas encore plong\u00e9\"  class=\"choice-1 depth-1\"  >Je n&#8217;ai pas encore plong\u00e9<\/option><option value=\"Je suis apr\u00e8s ma premi\u00e8re plong\u00e9e\"  class=\"choice-2 depth-1\"  >Je suis apr\u00e8s ma premi\u00e8re plong\u00e9e<\/option><option value=\"Je suis un plongeur certifi\u00e9 SCUBA\"  class=\"choice-3 depth-1\"  >Je suis un plongeur certifi\u00e9 SCUBA<\/option><option value=\"Je suis un apn\u00e9iste certifi\u00e9\"  class=\"choice-4 depth-1\"  >Je suis un apn\u00e9iste certifi\u00e9<\/option><\/select><\/div><div id=\"wpforms-32353-field_7-container\" class=\"wpforms-field wpforms-field-checkbox\" data-field-id=\"7\"><label class=\"wpforms-field-label wpforms-label-hide\">rodo <span class=\"wpforms-required-label\">*<\/span><\/label><ul id=\"wpforms-32353-field_7\" class=\"wpforms-field-required\"><li class=\"choice-1 depth-1\"><input type=\"checkbox\" id=\"wpforms-32353-field_7_1\" name=\"wpforms[fields][7][]\" value=\"Je consens au traitement des donn\u00e9es fournies dans le formulaire conform\u00e9ment \u00e0 la &lt;a target=&quot;_blank&quot; href=&quot;https:\/\/www.deepspot.com\/fr\/politique-de-confidentialite\/&quot;&gt;politique de confidentialit\u00e9&lt;\/a&gt;.\" required ><label class=\"wpforms-field-label-inline\" for=\"wpforms-32353-field_7_1\">Je consens au traitement des donn\u00e9es fournies dans le formulaire conform\u00e9ment \u00e0 la <a target=\"_blank\" href=\"https:\/\/www.deepspot.com\/fr\/politique-de-confidentialite\/\">politique de confidentialit\u00e9<\/a>.<\/label><\/li><\/ul><\/div><\/div><!-- .wpforms-field-container --><div class=\"wpforms-submit-container\" ><input type=\"hidden\" name=\"wpforms[id]\" value=\"32353\"><input type=\"hidden\" name=\"page_title\" value=\"\"><input type=\"hidden\" name=\"page_url\" value=\"https:\/\/www.deepspot.com\/fr\/wp-json\/wp\/v2\/pages\/35317\"><input type=\"hidden\" name=\"url_referer\" value=\"\"><button type=\"submit\" name=\"wpforms[submit]\" id=\"wpforms-submit-32353\" class=\"wpforms-submit\" data-alt-text=\"Envoi...\" data-submit-text=\"Envoyer\" aria-live=\"assertive\" value=\"wpforms-submit\">Envoyer<\/button><img decoding=\"async\" src=\"https:\/\/eco3ygde435.exactdn.com\/wp-content\/plugins\/wpforms\/assets\/images\/submit-spin.svg\" class=\"wpforms-submit-spinner\" style=\"display: none;\" width=\"26\" height=\"26\" alt=\"Chargement en cours\"><\/div><\/form><\/div>  <!-- .wpforms-container -->","protected":false},"excerpt":{"rendered":"","protected":false},"author":1,"featured_media":0,"parent":39690,"menu_order":100,"comment_status":"closed","ping_status":"closed","template":"","meta":{"_acf_changed":false,"footnotes":""},"class_list":["post-35317","page","type-page","status-publish","hentry"],"acf":[],"yoast_head":"<!-- This site is optimized with the Yoast SEO plugin v27.3 - https:\/\/yoast.com\/product\/yoast-seo-wordpress\/ -->\n<title>DEEPSPOT EXPO - inscription | Deepspot<\/title>\n<meta name=\"description\" content=\"DEEPSPOT EXPO - inscription\" \/>\n<meta name=\"robots\" content=\"index, follow, max-snippet:-1, max-image-preview:large, max-video-preview:-1\" \/>\n<link rel=\"canonical\" href=\"https:\/\/www.deepspot.com\/fr\/forum-de-lindustrie-evenementielle\/deepspot-expo-inscription\/\" \/>\n<meta property=\"og:locale\" content=\"fr_FR\" \/>\n<meta property=\"og:type\" content=\"article\" \/>\n<meta property=\"og:title\" content=\"DEEPSPOT EXPO - inscription | Deepspot\" \/>\n<meta property=\"og:description\" content=\"DEEPSPOT EXPO - inscription\" \/>\n<meta property=\"og:url\" content=\"https:\/\/www.deepspot.com\/fr\/forum-de-lindustrie-evenementielle\/deepspot-expo-inscription\/\" \/>\n<meta property=\"og:site_name\" content=\"Deepspot\" \/>\n<meta property=\"article:modified_time\" content=\"2024-05-20T08:36:42+00:00\" \/>\n<meta name=\"twitter:card\" content=\"summary_large_image\" \/>\n<script type=\"application\/ld+json\" class=\"yoast-schema-graph\">{\"@context\":\"https:\\\/\\\/schema.org\",\"@graph\":[{\"@type\":\"WebPage\",\"@id\":\"https:\\\/\\\/www.deepspot.com\\\/fr\\\/forum-de-lindustrie-evenementielle\\\/deepspot-expo-inscription\\\/\",\"url\":\"https:\\\/\\\/www.deepspot.com\\\/fr\\\/forum-de-lindustrie-evenementielle\\\/deepspot-expo-inscription\\\/\",\"name\":\"DEEPSPOT EXPO - inscription | Deepspot\",\"isPartOf\":{\"@id\":\"https:\\\/\\\/www.deepspot.com\\\/pl\\\/#website\"},\"datePublished\":\"2023-07-03T08:00:36+00:00\",\"dateModified\":\"2024-05-20T08:36:42+00:00\",\"description\":\"DEEPSPOT EXPO - inscription\",\"breadcrumb\":{\"@id\":\"https:\\\/\\\/www.deepspot.com\\\/fr\\\/forum-de-lindustrie-evenementielle\\\/deepspot-expo-inscription\\\/#breadcrumb\"},\"inLanguage\":\"fr-FR\",\"potentialAction\":[{\"@type\":\"ReadAction\",\"target\":[\"https:\\\/\\\/www.deepspot.com\\\/fr\\\/forum-de-lindustrie-evenementielle\\\/deepspot-expo-inscription\\\/\"]}]},{\"@type\":\"BreadcrumbList\",\"@id\":\"https:\\\/\\\/www.deepspot.com\\\/fr\\\/forum-de-lindustrie-evenementielle\\\/deepspot-expo-inscription\\\/#breadcrumb\",\"itemListElement\":[{\"@type\":\"ListItem\",\"position\":1,\"name\":\"Strona g\u0142\u00f3wna\",\"item\":\"https:\\\/\\\/www.deepspot.com\\\/fr\\\/\"},{\"@type\":\"ListItem\",\"position\":2,\"name\":\"Forum de l&#8217;industrie \u00e9v\u00e9nementielle\",\"item\":\"https:\\\/\\\/www.deepspot.com\\\/fr\\\/forum-de-lindustrie-evenementielle\\\/\"},{\"@type\":\"ListItem\",\"position\":3,\"name\":\"DEEPSPOT EXPO &#8211; inscription\"}]},{\"@type\":\"WebSite\",\"@id\":\"https:\\\/\\\/www.deepspot.com\\\/pl\\\/#website\",\"url\":\"https:\\\/\\\/www.deepspot.com\\\/pl\\\/\",\"name\":\"Deepspot\",\"description\":\"Une nouvelle dimension de la plong\u00e9e\",\"potentialAction\":[{\"@type\":\"SearchAction\",\"target\":{\"@type\":\"EntryPoint\",\"urlTemplate\":\"https:\\\/\\\/www.deepspot.com\\\/pl\\\/?s={search_term_string}\"},\"query-input\":{\"@type\":\"PropertyValueSpecification\",\"valueRequired\":true,\"valueName\":\"search_term_string\"}}],\"inLanguage\":\"fr-FR\"}]}<\/script>\n<!-- \/ Yoast SEO plugin. -->","yoast_head_json":{"title":"DEEPSPOT EXPO - inscription | Deepspot","description":"DEEPSPOT EXPO - inscription","robots":{"index":"index","follow":"follow","max-snippet":"max-snippet:-1","max-image-preview":"max-image-preview:large","max-video-preview":"max-video-preview:-1"},"canonical":"https:\/\/www.deepspot.com\/fr\/forum-de-lindustrie-evenementielle\/deepspot-expo-inscription\/","og_locale":"fr_FR","og_type":"article","og_title":"DEEPSPOT EXPO - inscription | Deepspot","og_description":"DEEPSPOT EXPO - inscription","og_url":"https:\/\/www.deepspot.com\/fr\/forum-de-lindustrie-evenementielle\/deepspot-expo-inscription\/","og_site_name":"Deepspot","article_modified_time":"2024-05-20T08:36:42+00:00","twitter_card":"summary_large_image","schema":{"@context":"https:\/\/schema.org","@graph":[{"@type":"WebPage","@id":"https:\/\/www.deepspot.com\/fr\/forum-de-lindustrie-evenementielle\/deepspot-expo-inscription\/","url":"https:\/\/www.deepspot.com\/fr\/forum-de-lindustrie-evenementielle\/deepspot-expo-inscription\/","name":"DEEPSPOT EXPO - inscription | Deepspot","isPartOf":{"@id":"https:\/\/www.deepspot.com\/pl\/#website"},"datePublished":"2023-07-03T08:00:36+00:00","dateModified":"2024-05-20T08:36:42+00:00","description":"DEEPSPOT EXPO - inscription","breadcrumb":{"@id":"https:\/\/www.deepspot.com\/fr\/forum-de-lindustrie-evenementielle\/deepspot-expo-inscription\/#breadcrumb"},"inLanguage":"fr-FR","potentialAction":[{"@type":"ReadAction","target":["https:\/\/www.deepspot.com\/fr\/forum-de-lindustrie-evenementielle\/deepspot-expo-inscription\/"]}]},{"@type":"BreadcrumbList","@id":"https:\/\/www.deepspot.com\/fr\/forum-de-lindustrie-evenementielle\/deepspot-expo-inscription\/#breadcrumb","itemListElement":[{"@type":"ListItem","position":1,"name":"Strona g\u0142\u00f3wna","item":"https:\/\/www.deepspot.com\/fr\/"},{"@type":"ListItem","position":2,"name":"Forum de l&#8217;industrie \u00e9v\u00e9nementielle","item":"https:\/\/www.deepspot.com\/fr\/forum-de-lindustrie-evenementielle\/"},{"@type":"ListItem","position":3,"name":"DEEPSPOT EXPO &#8211; inscription"}]},{"@type":"WebSite","@id":"https:\/\/www.deepspot.com\/pl\/#website","url":"https:\/\/www.deepspot.com\/pl\/","name":"Deepspot","description":"Une nouvelle dimension de la plong\u00e9e","potentialAction":[{"@type":"SearchAction","target":{"@type":"EntryPoint","urlTemplate":"https:\/\/www.deepspot.com\/pl\/?s={search_term_string}"},"query-input":{"@type":"PropertyValueSpecification","valueRequired":true,"valueName":"search_term_string"}}],"inLanguage":"fr-FR"}]}},"_links":{"self":[{"href":"https:\/\/www.deepspot.com\/fr\/wp-json\/wp\/v2\/pages\/35317","targetHints":{"allow":["GET"]}}],"collection":[{"href":"https:\/\/www.deepspot.com\/fr\/wp-json\/wp\/v2\/pages"}],"about":[{"href":"https:\/\/www.deepspot.com\/fr\/wp-json\/wp\/v2\/types\/page"}],"author":[{"embeddable":true,"href":"https:\/\/www.deepspot.com\/fr\/wp-json\/wp\/v2\/users\/1"}],"replies":[{"embeddable":true,"href":"https:\/\/www.deepspot.com\/fr\/wp-json\/wp\/v2\/comments?post=35317"}],"version-history":[{"count":3,"href":"https:\/\/www.deepspot.com\/fr\/wp-json\/wp\/v2\/pages\/35317\/revisions"}],"predecessor-version":[{"id":37390,"href":"https:\/\/www.deepspot.com\/fr\/wp-json\/wp\/v2\/pages\/35317\/revisions\/37390"}],"up":[{"embeddable":true,"href":"https:\/\/www.deepspot.com\/fr\/wp-json\/wp\/v2\/pages\/39690"}],"wp:attachment":[{"href":"https:\/\/www.deepspot.com\/fr\/wp-json\/wp\/v2\/media?parent=35317"}],"curies":[{"name":"wp","href":"https:\/\/api.w.org\/{rel}","templated":true}]}}