{"id":35853,"date":"2023-03-03T17:32:16","date_gmt":"2023-03-03T16:32:16","guid":{"rendered":"https:\/\/www.deepspot.com\/premiere-plongee-avec-bouteille\/"},"modified":"2026-03-24T14:50:49","modified_gmt":"2026-03-24T13:50:49","slug":"premiere-plongee-avec-bouteille","status":"publish","type":"page","link":"https:\/\/www.deepspot.com\/fr\/premiere-plongee-avec-bouteille\/","title":{"rendered":"PREMI\u00c8RE PLONG\u00c9E AVEC BOUTEILLE"},"content":{"rendered":"","protected":false},"excerpt":{"rendered":"","protected":false},"author":19,"featured_media":0,"parent":0,"menu_order":23,"comment_status":"closed","ping_status":"closed","template":"template-landing.php","meta":{"_acf_changed":false,"footnotes":""},"class_list":["post-35853","page","type-page","status-publish","hentry"],"acf":[],"yoast_head":"<!-- This site is optimized with the Yoast SEO plugin v27.4 - https:\/\/yoast.com\/product\/yoast-seo-wordpress\/ -->\n<title>PREMI\u00c8RE PLONG\u00c9E AVEC BOUTEILLE | Deepspot<\/title>\n<meta name=\"description\" content=\"PREMI\u00c8RE PLONG\u00c9E AVEC BOUTEILLE\" \/>\n<meta name=\"robots\" content=\"index, follow, max-snippet:-1, max-image-preview:large, max-video-preview:-1\" \/>\n<link rel=\"canonical\" href=\"https:\/\/www.deepspot.com\/fr\/premiere-plongee-avec-bouteille\/\" \/>\n<meta property=\"og:locale\" content=\"fr_FR\" \/>\n<meta property=\"og:type\" content=\"article\" \/>\n<meta property=\"og:title\" content=\"PREMI\u00c8RE PLONG\u00c9E AVEC BOUTEILLE | Deepspot\" \/>\n<meta property=\"og:description\" content=\"PREMI\u00c8RE PLONG\u00c9E AVEC BOUTEILLE\" \/>\n<meta property=\"og:url\" content=\"https:\/\/www.deepspot.com\/fr\/premiere-plongee-avec-bouteille\/\" \/>\n<meta property=\"og:site_name\" content=\"Deepspot\" \/>\n<meta property=\"article:modified_time\" content=\"2026-03-24T13:50:49+00:00\" \/>\n<meta name=\"twitter:card\" content=\"summary_large_image\" \/>\n<script type=\"application\/ld+json\" class=\"yoast-schema-graph\">{\"@context\":\"https:\\\/\\\/schema.org\",\"@graph\":[{\"@type\":\"WebPage\",\"@id\":\"https:\\\/\\\/www.deepspot.com\\\/fr\\\/premiere-plongee-avec-bouteille\\\/\",\"url\":\"https:\\\/\\\/www.deepspot.com\\\/fr\\\/premiere-plongee-avec-bouteille\\\/\",\"name\":\"PREMI\u00c8RE PLONG\u00c9E AVEC BOUTEILLE | Deepspot\",\"isPartOf\":{\"@id\":\"https:\\\/\\\/www.deepspot.com\\\/pl\\\/#website\"},\"datePublished\":\"2023-03-03T16:32:16+00:00\",\"dateModified\":\"2026-03-24T13:50:49+00:00\",\"description\":\"PREMI\u00c8RE PLONG\u00c9E AVEC BOUTEILLE\",\"breadcrumb\":{\"@id\":\"https:\\\/\\\/www.deepspot.com\\\/fr\\\/premiere-plongee-avec-bouteille\\\/#breadcrumb\"},\"inLanguage\":\"fr-FR\",\"potentialAction\":[{\"@type\":\"ReadAction\",\"target\":[\"https:\\\/\\\/www.deepspot.com\\\/fr\\\/premiere-plongee-avec-bouteille\\\/\"]}]},{\"@type\":\"BreadcrumbList\",\"@id\":\"https:\\\/\\\/www.deepspot.com\\\/fr\\\/premiere-plongee-avec-bouteille\\\/#breadcrumb\",\"itemListElement\":[{\"@type\":\"ListItem\",\"position\":1,\"name\":\"Strona g\u0142\u00f3wna\",\"item\":\"https:\\\/\\\/www.deepspot.com\\\/fr\\\/\"},{\"@type\":\"ListItem\",\"position\":2,\"name\":\"PREMI\u00c8RE PLONG\u00c9E AVEC BOUTEILLE\"}]},{\"@type\":\"WebSite\",\"@id\":\"https:\\\/\\\/www.deepspot.com\\\/pl\\\/#website\",\"url\":\"https:\\\/\\\/www.deepspot.com\\\/pl\\\/\",\"name\":\"Deepspot\",\"description\":\"Une nouvelle dimension de la plong\u00e9e\",\"potentialAction\":[{\"@type\":\"SearchAction\",\"target\":{\"@type\":\"EntryPoint\",\"urlTemplate\":\"https:\\\/\\\/www.deepspot.com\\\/pl\\\/?s={search_term_string}\"},\"query-input\":{\"@type\":\"PropertyValueSpecification\",\"valueRequired\":true,\"valueName\":\"search_term_string\"}}],\"inLanguage\":\"fr-FR\"}]}<\/script>\n<!-- \/ Yoast SEO plugin. -->","yoast_head_json":{"title":"PREMI\u00c8RE PLONG\u00c9E AVEC BOUTEILLE | Deepspot","description":"PREMI\u00c8RE PLONG\u00c9E AVEC BOUTEILLE","robots":{"index":"index","follow":"follow","max-snippet":"max-snippet:-1","max-image-preview":"max-image-preview:large","max-video-preview":"max-video-preview:-1"},"canonical":"https:\/\/www.deepspot.com\/fr\/premiere-plongee-avec-bouteille\/","og_locale":"fr_FR","og_type":"article","og_title":"PREMI\u00c8RE PLONG\u00c9E AVEC BOUTEILLE | Deepspot","og_description":"PREMI\u00c8RE PLONG\u00c9E AVEC BOUTEILLE","og_url":"https:\/\/www.deepspot.com\/fr\/premiere-plongee-avec-bouteille\/","og_site_name":"Deepspot","article_modified_time":"2026-03-24T13:50:49+00:00","twitter_card":"summary_large_image","schema":{"@context":"https:\/\/schema.org","@graph":[{"@type":"WebPage","@id":"https:\/\/www.deepspot.com\/fr\/premiere-plongee-avec-bouteille\/","url":"https:\/\/www.deepspot.com\/fr\/premiere-plongee-avec-bouteille\/","name":"PREMI\u00c8RE PLONG\u00c9E AVEC BOUTEILLE | Deepspot","isPartOf":{"@id":"https:\/\/www.deepspot.com\/pl\/#website"},"datePublished":"2023-03-03T16:32:16+00:00","dateModified":"2026-03-24T13:50:49+00:00","description":"PREMI\u00c8RE PLONG\u00c9E AVEC BOUTEILLE","breadcrumb":{"@id":"https:\/\/www.deepspot.com\/fr\/premiere-plongee-avec-bouteille\/#breadcrumb"},"inLanguage":"fr-FR","potentialAction":[{"@type":"ReadAction","target":["https:\/\/www.deepspot.com\/fr\/premiere-plongee-avec-bouteille\/"]}]},{"@type":"BreadcrumbList","@id":"https:\/\/www.deepspot.com\/fr\/premiere-plongee-avec-bouteille\/#breadcrumb","itemListElement":[{"@type":"ListItem","position":1,"name":"Strona g\u0142\u00f3wna","item":"https:\/\/www.deepspot.com\/fr\/"},{"@type":"ListItem","position":2,"name":"PREMI\u00c8RE PLONG\u00c9E AVEC BOUTEILLE"}]},{"@type":"WebSite","@id":"https:\/\/www.deepspot.com\/pl\/#website","url":"https:\/\/www.deepspot.com\/pl\/","name":"Deepspot","description":"Une nouvelle dimension de la plong\u00e9e","potentialAction":[{"@type":"SearchAction","target":{"@type":"EntryPoint","urlTemplate":"https:\/\/www.deepspot.com\/pl\/?s={search_term_string}"},"query-input":{"@type":"PropertyValueSpecification","valueRequired":true,"valueName":"search_term_string"}}],"inLanguage":"fr-FR"}]}},"_links":{"self":[{"href":"https:\/\/www.deepspot.com\/fr\/wp-json\/wp\/v2\/pages\/35853","targetHints":{"allow":["GET"]}}],"collection":[{"href":"https:\/\/www.deepspot.com\/fr\/wp-json\/wp\/v2\/pages"}],"about":[{"href":"https:\/\/www.deepspot.com\/fr\/wp-json\/wp\/v2\/types\/page"}],"author":[{"embeddable":true,"href":"https:\/\/www.deepspot.com\/fr\/wp-json\/wp\/v2\/users\/19"}],"replies":[{"embeddable":true,"href":"https:\/\/www.deepspot.com\/fr\/wp-json\/wp\/v2\/comments?post=35853"}],"version-history":[{"count":1,"href":"https:\/\/www.deepspot.com\/fr\/wp-json\/wp\/v2\/pages\/35853\/revisions"}],"predecessor-version":[{"id":44733,"href":"https:\/\/www.deepspot.com\/fr\/wp-json\/wp\/v2\/pages\/35853\/revisions\/44733"}],"wp:attachment":[{"href":"https:\/\/www.deepspot.com\/fr\/wp-json\/wp\/v2\/media?parent=35853"}],"curies":[{"name":"wp","href":"https:\/\/api.w.org\/{rel}","templated":true}]}}