{"id":39690,"date":"2024-01-02T11:20:22","date_gmt":"2024-01-02T10:20:22","guid":{"rendered":"https:\/\/www.deepspot.com\/forum-de-lindustrie-evenementielle\/"},"modified":"2024-05-20T10:47:07","modified_gmt":"2024-05-20T08:47:07","slug":"forum-de-lindustrie-evenementielle","status":"publish","type":"page","link":"https:\/\/www.deepspot.com\/fr\/forum-de-lindustrie-evenementielle\/","title":{"rendered":"Forum de l&#8217;industrie \u00e9v\u00e9nementielle"},"content":{"rendered":"<div class=\"wpforms-container wpforms-container-save-resume wpforms-block wpforms-block-79f1eeb6-c34e-456a-88ad-55837b430a57\" id=\"wpforms-39586\"><form id=\"wpforms-form-39586\" class=\"wpforms-validate wpforms-form wpforms-ajax-form\" data-formid=\"39586\" method=\"post\" enctype=\"multipart\/form-data\" action=\"\/fr\/wp-json\/wp\/v2\/pages\/39690\" data-token=\"ed4011022aedbcca44c58a144fc47759\" data-token-time=\"1776222197\"><noscript class=\"wpforms-error-noscript\">Veuillez activer JavaScript dans votre navigateur pour remplir ce formulaire.<\/noscript><div class=\"wpforms-field-container\"><div id=\"wpforms-39586-field_0-container\" class=\"wpforms-field wpforms-field-name\" data-field-id=\"0\"><label class=\"wpforms-field-label\">Nom <span class=\"wpforms-required-label\">*<\/span><\/label><div class=\"wpforms-field-row wpforms-field-medium\"><div class=\"wpforms-field-row-block wpforms-first wpforms-one-half\"><input type=\"text\" id=\"wpforms-39586-field_0\" class=\"wpforms-field-name-first wpforms-field-required\" name=\"wpforms[fields][0][first]\" required><label for=\"wpforms-39586-field_0\" class=\"wpforms-field-sublabel after\">Pr\u00e9nom<\/label><\/div><div class=\"wpforms-field-row-block wpforms-one-half\"><input type=\"text\" id=\"wpforms-39586-field_0-last\" class=\"wpforms-field-name-last wpforms-field-required\" name=\"wpforms[fields][0][last]\" required><label for=\"wpforms-39586-field_0-last\" class=\"wpforms-field-sublabel after\">Nom<\/label><\/div><\/div><\/div><div id=\"wpforms-39586-field_1-container\" class=\"wpforms-field wpforms-field-email\" data-field-id=\"1\"><label class=\"wpforms-field-label\" for=\"wpforms-39586-field_1\">Adresse \u00e9lectronique <span class=\"wpforms-required-label\">*<\/span><\/label><input type=\"email\" id=\"wpforms-39586-field_1\" class=\"wpforms-field-medium wpforms-field-required\" name=\"wpforms[fields][1]\" spellcheck=\"false\" required><\/div><div id=\"wpforms-39586-field_3-container\" class=\"wpforms-field wpforms-field-date-time\" data-field-id=\"3\"><label class=\"wpforms-field-label\" for=\"wpforms-39586-field_3\">Date de naissance <span class=\"wpforms-required-label\">*<\/span><\/label><div class=\"wpforms-datepicker-wrap\"><input type=\"text\" id=\"wpforms-39586-field_3\" class=\"wpforms-field-date-time-date wpforms-datepicker wpforms-field-required wpforms-field-medium\" data-date-format=\"m\/d\/Y\" data-disable-past-dates=\"0\" data-input=\"true\" name=\"wpforms[fields][3][date]\" required><a title=\"Effacer la date\" data-clear role=\"button\" tabindex=\"0\" class=\"wpforms-datepicker-clear\" aria-label=\"Effacer la date\" style=\"display:none;\"><\/a><\/div><\/div><div id=\"wpforms-39586-field_4-container\" class=\"wpforms-field wpforms-field-select wpforms-field-select-style-classic\" data-field-id=\"4\"><label class=\"wpforms-field-label\" for=\"wpforms-39586-field_4\">Exp\u00e9rience de plong\u00e9e<\/label><select id=\"wpforms-39586-field_4\" class=\"wpforms-field-medium\" name=\"wpforms[fields][4]\"><option value=\"Je n&#039;ai pas de licence de plong\u00e9e\"  class=\"choice-1 depth-1\"  >Je n&#8217;ai pas de licence de plong\u00e9e<\/option><option value=\"Je suis un plongeur certifi\u00e9\"  class=\"choice-2 depth-1\"  >Je suis un plongeur certifi\u00e9<\/option><\/select><\/div><div id=\"wpforms-39586-field_6-container\" class=\"wpforms-field wpforms-field-select wpforms-field-select-style-classic\" data-field-id=\"6\"><label class=\"wpforms-field-label\" for=\"wpforms-39586-field_6\">Avez-vous d\u00e9j\u00e0 plong\u00e9 \u00e0 Deepspot ?<\/label><select id=\"wpforms-39586-field_6\" class=\"wpforms-field-medium\" name=\"wpforms[fields][6]\"><option value=\"Oui\"  class=\"choice-1 depth-1\"  >Oui<\/option><option value=\"Non\"  class=\"choice-2 depth-1\"  >Non<\/option><\/select><\/div><div id=\"wpforms-39586-field_7-container\" class=\"wpforms-field wpforms-field-checkbox\" data-field-id=\"7\"><label class=\"wpforms-field-label wpforms-label-hide\">Cases \u00e0 cocher <span class=\"wpforms-required-label\">*<\/span><\/label><ul id=\"wpforms-39586-field_7\" class=\"wpforms-field-required\"><li class=\"choice-3 depth-1\"><input type=\"checkbox\" id=\"wpforms-39586-field_7_3\" name=\"wpforms[fields][7][]\" value=\"Je consens au traitement des donn\u00e9es fournies dans le formulaire conform\u00e9ment \u00e0 la &lt;a target=&quot;_blank&quot; href=&quot;https:\/\/www.deepspot.com\/fr\/politique-de-confidentialite\/&quot;&gt;politique de confidentialit\u00e9&lt;\/a&gt;.\" required ><label class=\"wpforms-field-label-inline\" for=\"wpforms-39586-field_7_3\">Je consens au traitement des donn\u00e9es fournies dans le formulaire conform\u00e9ment \u00e0 la <a target=\"_blank\" href=\"https:\/\/www.deepspot.com\/fr\/politique-de-confidentialite\/\">politique de confidentialit\u00e9<\/a>.<\/label><\/li><\/ul><\/div><\/div><!-- .wpforms-field-container --><div class=\"wpforms-submit-container\" ><input type=\"hidden\" name=\"wpforms[id]\" value=\"39586\"><input type=\"hidden\" name=\"page_title\" value=\"\"><input type=\"hidden\" name=\"page_url\" value=\"https:\/\/www.deepspot.com\/fr\/wp-json\/wp\/v2\/pages\/39690\"><input type=\"hidden\" name=\"url_referer\" value=\"\"><button type=\"submit\" name=\"wpforms[submit]\" id=\"wpforms-submit-39586\" class=\"wpforms-submit\" data-alt-text=\"Envoi...\" data-submit-text=\"Envoyer\" aria-live=\"assertive\" value=\"wpforms-submit\">Envoyer<\/button><img decoding=\"async\" src=\"https:\/\/eco3ygde435.exactdn.com\/wp-content\/plugins\/wpforms\/assets\/images\/submit-spin.svg\" class=\"wpforms-submit-spinner\" style=\"display: none;\" width=\"26\" height=\"26\" alt=\"Chargement en cours\"><\/div><\/form><\/div>  <!-- .wpforms-container -->","protected":false},"excerpt":{"rendered":"","protected":false},"author":1,"featured_media":0,"parent":0,"menu_order":10000,"comment_status":"closed","ping_status":"closed","template":"","meta":{"_acf_changed":false,"footnotes":""},"class_list":["post-39690","page","type-page","status-publish","hentry"],"acf":[],"yoast_head":"<!-- This site is optimized with the Yoast SEO plugin v27.3 - https:\/\/yoast.com\/product\/yoast-seo-wordpress\/ -->\n<title>Forum de l&#039;industrie \u00e9v\u00e9nementielle | Deepspot<\/title>\n<meta name=\"description\" content=\"Forum de l&#039;industrie \u00e9v\u00e9nementielle\" \/>\n<meta name=\"robots\" content=\"index, follow, max-snippet:-1, max-image-preview:large, max-video-preview:-1\" \/>\n<link rel=\"canonical\" href=\"https:\/\/www.deepspot.com\/fr\/forum-de-lindustrie-evenementielle\/\" \/>\n<meta property=\"og:locale\" content=\"fr_FR\" \/>\n<meta property=\"og:type\" content=\"article\" \/>\n<meta property=\"og:title\" content=\"Forum de l&#039;industrie \u00e9v\u00e9nementielle | Deepspot\" \/>\n<meta property=\"og:description\" content=\"Forum de l&#039;industrie \u00e9v\u00e9nementielle\" \/>\n<meta property=\"og:url\" content=\"https:\/\/www.deepspot.com\/fr\/forum-de-lindustrie-evenementielle\/\" \/>\n<meta property=\"og:site_name\" content=\"Deepspot\" \/>\n<meta property=\"article:modified_time\" content=\"2024-05-20T08:47:07+00:00\" \/>\n<meta name=\"twitter:card\" content=\"summary_large_image\" \/>\n<script type=\"application\/ld+json\" class=\"yoast-schema-graph\">{\"@context\":\"https:\\\/\\\/schema.org\",\"@graph\":[{\"@type\":\"WebPage\",\"@id\":\"https:\\\/\\\/www.deepspot.com\\\/fr\\\/forum-de-lindustrie-evenementielle\\\/\",\"url\":\"https:\\\/\\\/www.deepspot.com\\\/fr\\\/forum-de-lindustrie-evenementielle\\\/\",\"name\":\"Forum de l'industrie \u00e9v\u00e9nementielle | Deepspot\",\"isPartOf\":{\"@id\":\"https:\\\/\\\/www.deepspot.com\\\/pl\\\/#website\"},\"datePublished\":\"2024-01-02T10:20:22+00:00\",\"dateModified\":\"2024-05-20T08:47:07+00:00\",\"description\":\"Forum de l'industrie \u00e9v\u00e9nementielle\",\"breadcrumb\":{\"@id\":\"https:\\\/\\\/www.deepspot.com\\\/fr\\\/forum-de-lindustrie-evenementielle\\\/#breadcrumb\"},\"inLanguage\":\"fr-FR\",\"potentialAction\":[{\"@type\":\"ReadAction\",\"target\":[\"https:\\\/\\\/www.deepspot.com\\\/fr\\\/forum-de-lindustrie-evenementielle\\\/\"]}]},{\"@type\":\"BreadcrumbList\",\"@id\":\"https:\\\/\\\/www.deepspot.com\\\/fr\\\/forum-de-lindustrie-evenementielle\\\/#breadcrumb\",\"itemListElement\":[{\"@type\":\"ListItem\",\"position\":1,\"name\":\"Strona g\u0142\u00f3wna\",\"item\":\"https:\\\/\\\/www.deepspot.com\\\/fr\\\/\"},{\"@type\":\"ListItem\",\"position\":2,\"name\":\"Forum de l&#8217;industrie \u00e9v\u00e9nementielle\"}]},{\"@type\":\"WebSite\",\"@id\":\"https:\\\/\\\/www.deepspot.com\\\/pl\\\/#website\",\"url\":\"https:\\\/\\\/www.deepspot.com\\\/pl\\\/\",\"name\":\"Deepspot\",\"description\":\"Une nouvelle dimension de la plong\u00e9e\",\"potentialAction\":[{\"@type\":\"SearchAction\",\"target\":{\"@type\":\"EntryPoint\",\"urlTemplate\":\"https:\\\/\\\/www.deepspot.com\\\/pl\\\/?s={search_term_string}\"},\"query-input\":{\"@type\":\"PropertyValueSpecification\",\"valueRequired\":true,\"valueName\":\"search_term_string\"}}],\"inLanguage\":\"fr-FR\"}]}<\/script>\n<!-- \/ Yoast SEO plugin. -->","yoast_head_json":{"title":"Forum de l'industrie \u00e9v\u00e9nementielle | Deepspot","description":"Forum de l'industrie \u00e9v\u00e9nementielle","robots":{"index":"index","follow":"follow","max-snippet":"max-snippet:-1","max-image-preview":"max-image-preview:large","max-video-preview":"max-video-preview:-1"},"canonical":"https:\/\/www.deepspot.com\/fr\/forum-de-lindustrie-evenementielle\/","og_locale":"fr_FR","og_type":"article","og_title":"Forum de l'industrie \u00e9v\u00e9nementielle | Deepspot","og_description":"Forum de l'industrie \u00e9v\u00e9nementielle","og_url":"https:\/\/www.deepspot.com\/fr\/forum-de-lindustrie-evenementielle\/","og_site_name":"Deepspot","article_modified_time":"2024-05-20T08:47:07+00:00","twitter_card":"summary_large_image","schema":{"@context":"https:\/\/schema.org","@graph":[{"@type":"WebPage","@id":"https:\/\/www.deepspot.com\/fr\/forum-de-lindustrie-evenementielle\/","url":"https:\/\/www.deepspot.com\/fr\/forum-de-lindustrie-evenementielle\/","name":"Forum de l'industrie \u00e9v\u00e9nementielle | Deepspot","isPartOf":{"@id":"https:\/\/www.deepspot.com\/pl\/#website"},"datePublished":"2024-01-02T10:20:22+00:00","dateModified":"2024-05-20T08:47:07+00:00","description":"Forum de l'industrie \u00e9v\u00e9nementielle","breadcrumb":{"@id":"https:\/\/www.deepspot.com\/fr\/forum-de-lindustrie-evenementielle\/#breadcrumb"},"inLanguage":"fr-FR","potentialAction":[{"@type":"ReadAction","target":["https:\/\/www.deepspot.com\/fr\/forum-de-lindustrie-evenementielle\/"]}]},{"@type":"BreadcrumbList","@id":"https:\/\/www.deepspot.com\/fr\/forum-de-lindustrie-evenementielle\/#breadcrumb","itemListElement":[{"@type":"ListItem","position":1,"name":"Strona g\u0142\u00f3wna","item":"https:\/\/www.deepspot.com\/fr\/"},{"@type":"ListItem","position":2,"name":"Forum de l&#8217;industrie \u00e9v\u00e9nementielle"}]},{"@type":"WebSite","@id":"https:\/\/www.deepspot.com\/pl\/#website","url":"https:\/\/www.deepspot.com\/pl\/","name":"Deepspot","description":"Une nouvelle dimension de la plong\u00e9e","potentialAction":[{"@type":"SearchAction","target":{"@type":"EntryPoint","urlTemplate":"https:\/\/www.deepspot.com\/pl\/?s={search_term_string}"},"query-input":{"@type":"PropertyValueSpecification","valueRequired":true,"valueName":"search_term_string"}}],"inLanguage":"fr-FR"}]}},"_links":{"self":[{"href":"https:\/\/www.deepspot.com\/fr\/wp-json\/wp\/v2\/pages\/39690","targetHints":{"allow":["GET"]}}],"collection":[{"href":"https:\/\/www.deepspot.com\/fr\/wp-json\/wp\/v2\/pages"}],"about":[{"href":"https:\/\/www.deepspot.com\/fr\/wp-json\/wp\/v2\/types\/page"}],"author":[{"embeddable":true,"href":"https:\/\/www.deepspot.com\/fr\/wp-json\/wp\/v2\/users\/1"}],"replies":[{"embeddable":true,"href":"https:\/\/www.deepspot.com\/fr\/wp-json\/wp\/v2\/comments?post=39690"}],"version-history":[{"count":2,"href":"https:\/\/www.deepspot.com\/fr\/wp-json\/wp\/v2\/pages\/39690\/revisions"}],"predecessor-version":[{"id":39692,"href":"https:\/\/www.deepspot.com\/fr\/wp-json\/wp\/v2\/pages\/39690\/revisions\/39692"}],"wp:attachment":[{"href":"https:\/\/www.deepspot.com\/fr\/wp-json\/wp\/v2\/media?parent=39690"}],"curies":[{"name":"wp","href":"https:\/\/api.w.org\/{rel}","templated":true}]}}