{"id":44138,"date":"2024-05-16T10:20:35","date_gmt":"2024-05-16T08:20:35","guid":{"rendered":"https:\/\/www.deepspot.com\/?page_id=44138"},"modified":"2024-05-29T09:32:54","modified_gmt":"2024-05-29T07:32:54","slug":"garmin-2","status":"publish","type":"page","link":"https:\/\/www.deepspot.com\/fr\/comment\/partenaires\/garmin-2\/","title":{"rendered":"DAN Europe"},"content":{"rendered":"<div id=\"fancy-display-block_6e8aa5a79b097eb4b57d841a5e62a2c1\" class=\"fancy-display-block fancy-repeater-block\">\r\n  <div class=\"row container\">\r\n          <div class=\"fancy-repeater-item\">\r\n        <div class=\"text-container\">\r\n          <h2 class=\"title\">HIRA DANS LES PROFONDEURS<\/h2>\r\n                    <p>Le programme HIRA (Hazard Identification and Risk Assessment) du DAN aide les propri\u00e9taires, les g\u00e9rants, le personnel des centres de plong\u00e9e et les professionnels de la plong\u00e9e \u00e0 identifier les risques avant que des personnes ne soient bless\u00e9es ou que des biens ne soient endommag\u00e9s.\n<br><br>\nLe principal avantage de l&#8217;introduction du programme HIRA d\u00e9velopp\u00e9 par DAN est de r\u00e9duire la probabilit\u00e9 qu&#8217;un accident se produise et de minimiser les cons\u00e9quences et l&#8217;impact sur la vie ult\u00e9rieure du plongeur.\n<br><br>\nLe programme se concentre sur une \u00e9valuation r\u00e9aliste et pragmatique des risques susceptibles d&#8217;entra\u00eener des cons\u00e9quences graves et fournit des outils et des strat\u00e9gies pour minimiser de mani\u00e8re proactive l&#8217;impact des accidents.\n<br><br><\/p>\r\n                  <\/div>\r\n        <div>\r\n          <img decoding=\"async\" lazy src=\"data:image\/gif;base64,R0lGODlhAQABAAD\/ACwAAAAAAQABAAACADs%3D\" data-src=\"https:\/\/eco3ygde435.exactdn.com\/wp-content\/uploads\/sites\/2\/2024\/05\/cert-lvl-2-670.png?strip=all\" alt=\"\">\r\n        <\/div>\r\n      <\/div>\r\n          <div class=\"fancy-repeater-item\">\r\n        <div class=\"text-container\">\r\n          <h2 class=\"title\"><\/h2>\r\n                    <p><b><a href=\"https:\/\/www.deepspot.com\/wp-content\/uploads\/sites\/2\/2024\/05\/HIRA1_diploma_Deepspot-2023.pdf\"><u>NIVEAU 1<\/b><\/u><\/a><br>\nLe directeur ou le professionnel de la plong\u00e9e doit disposer de la formation de base et de l&#8217;\u00e9quipement n\u00e9cessaire pour porter assistance \u00e0 un bless\u00e9 et pour planifier et g\u00e9rer une situation d&#8217;urgence. Deepspot a obtenu cette certification en mai 2023.\n<br><br>\n<b><a href=\"https:\/\/www.deepspot.com\/wp-content\/uploads\/sites\/2\/2024\/05\/HIRA2_diploma_Deepspot-2024.pdf\"><u>NIVEAU 2<\/u><\/a><\/b><br>\nElle n\u00e9cessite une formation compl\u00e9mentaire, ainsi que la mise en \u0153uvre et la pratique d&#8217;un \u00e9ventail plus large de proc\u00e9dures op\u00e9rationnelles et de plans d&#8217;action en cas d&#8217;urgence. Deepspot a obtenu cette certification en f\u00e9vrier 2024.\n<br><br>\n<b>NIVEAU 3<\/b><br>\nIl fournit une \u00e9valuation compl\u00e8te et d\u00e9taill\u00e9e des risques. \u00c0 ce niveau, pratiquement tous les \u00e9l\u00e9ments des activit\u00e9s de l&#8217;entreprise et du centre de plong\u00e9e sont v\u00e9rifi\u00e9s et des plans d&#8217;urgence suppl\u00e9mentaires sont n\u00e9cessaires en fonction de l&#8217;\u00e9ventail des activit\u00e9s. Deepspot est en train de mettre en place les proc\u00e9dures requises \u00e0 ce niveau et attend un audit des repr\u00e9sentants de DAN Europe en 2024.\n<br><br>\n\n<\/p>\r\n          <div class=\"buttons\"><a href=\"https:\/\/deepspot.com\" target=\"_self\">En savoir plus sur Hira<\/a><\/div>        <\/div>\r\n        <div>\r\n          <img decoding=\"async\" lazy src=\"data:image\/gif;base64,R0lGODlhAQABAAD\/ACwAAAAAAQABAAACADs%3D\" data-src=\"https:\/\/eco3ygde435.exactdn.com\/wp-content\/uploads\/sites\/2\/2024\/05\/cert-lvl-1-670.png?strip=all\" alt=\"\">\r\n        <\/div>\r\n      <\/div>\r\n          <div class=\"fancy-repeater-item\">\r\n        <div class=\"text-container\">\r\n          <h2 class=\"title\">Assurance Deepspot<\/h2>\r\n                    <p>En tant que centre de plong\u00e9e, Deepspot a souscrit une <a href=\"https:\/\/www.deepspot.com\/wp-content\/uploads\/sites\/2\/2024\/05\/Ubezpieczenie_DAN_24_10_2023.pdf\">assurance<b><u>DAN Dive Centre Plus<\/b><\/u><\/a> qui prot\u00e8ge contre la responsabilit\u00e9 civile et inclut la d\u00e9fense en justice pour les services de plong\u00e9e fournis. Il couvre \u00e0 la fois les activit\u00e9s du centre de plong\u00e9e et celles de tous les instructeurs Deepspot employ\u00e9s.  <\/p>\r\n                  <\/div>\r\n        <div>\r\n          <img decoding=\"async\" lazy src=\"data:image\/gif;base64,R0lGODlhAQABAAD\/ACwAAAAAAQABAAACADs%3D\" data-src=\"https:\/\/eco3ygde435.exactdn.com\/wp-content\/uploads\/sites\/2\/2024\/05\/certyfikat-470.png?strip=all\" alt=\"\">\r\n        <\/div>\r\n      <\/div>\r\n          <div class=\"fancy-repeater-item\">\r\n        <div class=\"text-container\">\r\n          <h2 class=\"title\">Assurez vous \u00e0 Dan<\/h2>\r\n                    <p>DAN offre l&#8217;assurance dont vous avez besoin \u00e0 l&#8217;\u00e9tranger en tant que plongeur et voyageur. DAN SPORT est l&#8217;assurance accident de plong\u00e9e la plus populaire pour les plongeurs r\u00e9cr\u00e9atifs, les apn\u00e9istes, les instructeurs et les plongeurs techniques.  <\/p>\r\n          <div class=\"buttons\"><a href=\"https:\/\/www.daneurope.org\/en\/buy-dive-insurance#!\/partnerCode=1069450\" target=\"_self\">Lien vers l&#8217;assurance<\/a><\/div>        <\/div>\r\n        <div>\r\n          <img decoding=\"async\" lazy src=\"data:image\/gif;base64,R0lGODlhAQABAAD\/ACwAAAAAAQABAAACADs%3D\" data-src=\"https:\/\/eco3ygde435.exactdn.com\/wp-content\/uploads\/sites\/2\/2024\/05\/certyfikat-570.png?strip=all\" alt=\"\">\r\n        <\/div>\r\n      <\/div>\r\n      <\/div>\r\n<\/div><!-- block -->\r\n\n<div class=\"wp-block-columns alignfull has-text-color has-background is-layout-flex wp-container-core-columns-is-layout-9d6595d7 wp-block-columns-is-layout-flex\" style=\"color:#000000;background-color:#ffffff\">\n<div class=\"wp-block-column is-layout-flow wp-block-column-is-layout-flow\">\n<h3 class=\"wp-block-heading\" style=\"font-size:24px;line-height:1.3\">\n          <strong>A propos de DAN Europe Insurance<\/strong>\n        <\/h3>\n\n\n\n<p>DAN SPORT assurance accident de plong\u00e9e pour les plongeurs r\u00e9cr\u00e9atifs, les apn\u00e9istes, les instructeurs et les plongeurs techniques. La protection dont vous avez besoin en tant que plongeur et voyageur.  <\/p>\n\n\n\n<p>\n          <br\/>\n        <\/p><p>Pourquoi il est bon d&#8217;avoir une assurance plong\u00e9e lors d&#8217;un voyage de plong\u00e9e :  <\/p><br\/>\n\n\n\n<ul class=\"wp-block-list\">\n<li>La gestion d&#8217;un accident de plong\u00e9e n\u00e9cessite des connaissances et des comp\u00e9tences sp\u00e9cialis\u00e9es dans les domaines de la m\u00e9decine et de l&#8217;assurance.  <\/li>\n\n\n\n<li>Que vous plongiez sur des sites locaux ou que vous pr\u00e9f\u00e9riez voyager \u00e0 l&#8217;\u00e9tranger, assurez-vous d&#8217;avoir la bonne couverture aupr\u00e8s d&#8217;un assureur fiable.  <\/li>\n\n\n\n<li>Dans certains pays de l&#8217;UE, la seule option d&#8217;assurance disponible est le plan Sport Member, qui est l&#8217;\u00e9quivalent du plan Sport Silver.  <\/li>\n<\/ul>\n<\/div>\n<\/div>\n\n<div class=\"wp-block-columns alignfull has-text-color has-background is-layout-flex wp-container-core-columns-is-layout-9d6595d7 wp-block-columns-is-layout-flex\" style=\"color:#000000;background-color:#ffffff\">\n<div class=\"wp-block-column is-layout-flow wp-block-column-is-layout-flow\">\n<h3 class=\"wp-block-heading\" style=\"font-size:24px;line-height:1.3\">\n          <strong>Que couvre l&#8217;assurance ?<\/strong>\n        <\/h3>\n\n\n\n<p>Tous les plans Sport sont con\u00e7us pour vous fournir une couverture d&#8217;assurance en cas d&#8217;urgence lorsque vous pratiquez la plong\u00e9e de loisir ou que vous travaillez comme professionnel de la plong\u00e9e (en aqualung ou en apn\u00e9e) partout dans le monde.  <\/p>\n\n\n\n<p>\n          <br\/>\n        <\/p><p>Les avantages comprennent  <\/p><br\/>\n\n\n\n<ul class=\"wp-block-list\">\n<li>Centre d&#8217;urgence et gestion des urgences 24 heures sur 24, 7 jours sur 7  <\/li>\n\n\n\n<li>Soins m\u00e9dicaux d&#8217;urgence, y compris l&#8217;hospitalisation et la th\u00e9rapie hyperbare dans le monde entier  <\/li>\n\n\n\n<li>Evacuation m\u00e9dicale d&#8217;urgence, y compris le vol en ambulance a\u00e9rienne  <\/li>\n\n\n\n<li>Assurance d\u00e9c\u00e8s ou invalidit\u00e9 permanente  <\/li>\n\n\n\n<li>Couverture des frais m\u00e9dicaux en cas d&#8217;accident non li\u00e9 \u00e0 la plong\u00e9e ou de maladie inattendue \u00e0 l&#8217;\u00e9tranger  <\/li>\n\n\n\n<li>Adh\u00e9sion annuelle \u00e0 DAN  <\/li>\n<\/ul>\n\n\n\n<p>La liste ci-dessus est incompl\u00e8te et ne comprend que quelques-uns des nombreux avantages disponibles.  <\/p>\n\n\n\n<p>Des exclusions et d&#8217;autres conditions peuvent \u00e9galement s&#8217;appliquer et la couverture peut ne pas \u00eatre disponible dans tous les pays.  <\/p>\n<\/div>\n<\/div>\n\n<p><\/p>\n\n<div class=\"wp-block-columns alignfull has-text-color has-background is-layout-flex wp-container-core-columns-is-layout-9d6595d7 wp-block-columns-is-layout-flex\" style=\"color:#000000;background-color:#ffffff\">\n<div class=\"wp-block-column is-layout-flow wp-block-column-is-layout-flow\">\n<h3 class=\"wp-block-heading\" style=\"font-size:24px;line-height:1.3\">\n          <strong>\u00c0 qui s&#8217;adressent les plans SPORT ?<\/strong>\n        <\/h3>\n\n\n\n<ul class=\"wp-block-list\">\n<li>Plongeurs amateurs &#8211; vous aimez plonger avec vos amis ou votre famille dans votre pays d&#8217;origine et \u00e0 l&#8217;\u00e9tranger. Explorez de nouveaux horizons tout en gardant l&#8217;esprit tranquille gr\u00e2ce \u00e0 une assurance adapt\u00e9e.  <\/li>\n\n\n\n<li>Apn\u00e9istes &#8211; apn\u00e9e statique ou dynamique, plong\u00e9e \u00e0 poids fixe ou variable &#8211; ces plans sont con\u00e7us pour vous fournir une couverture d&#8217;assurance pour toute forme de plong\u00e9e en apn\u00e9e, y compris les comp\u00e9titions.  <\/li>\n\n\n\n<li>Professionnels de la plong\u00e9e &#8211; vous \u00eates moniteur de plong\u00e9e, divemaster ou guide de plong\u00e9e ? Assurez-vous d&#8217;\u00eatre prot\u00e9g\u00e9 en cas de maladie impr\u00e9vue ou d&#8217;accident de plong\u00e9e. Les plans Sport ne comprennent pas d&#8217;assurance responsabilit\u00e9 civile. Si vous en avez besoin, consultez nos Plans Pro.  <\/li>\n\n\n\n<li>Plongeurs techniques &#8211; Les formules Sport Silver ou Sport Gold sont un excellent choix pour vous, car il n&#8217;y a pas de restrictions en mati\u00e8re de profondeur ou d&#8217;utilisation de m\u00e9langes de gaz respiratoires et de recycleurs.  <\/li>\n<\/ul>\n<\/div>\n<\/div>\n","protected":false},"excerpt":{"rendered":"<p>A propos de DAN Europe Insurance DAN SPORT assurance accident de plong\u00e9e pour les plongeurs r\u00e9cr\u00e9atifs, les apn\u00e9istes, les instructeurs et les plongeurs techniques. La protection dont vous avez besoin en tant que plongeur et voyageur. Pourquoi il est bon d&#8217;avoir une assurance plong\u00e9e lors d&#8217;un voyage de plong\u00e9e : Que couvre l&#8217;assurance ? Tous [&hellip;]<\/p>\n","protected":false},"author":18,"featured_media":0,"parent":27430,"menu_order":0,"comment_status":"closed","ping_status":"closed","template":"template-partner.php","meta":{"_acf_changed":false,"footnotes":""},"class_list":["post-44138","page","type-page","status-publish","hentry"],"acf":[],"yoast_head":"<!-- This site is optimized with the Yoast SEO plugin v27.4 - https:\/\/yoast.com\/product\/yoast-seo-wordpress\/ -->\n<title>DAN Europe | Deepspot<\/title>\n<meta name=\"description\" content=\"DAN Europe\" \/>\n<meta name=\"robots\" content=\"index, follow, max-snippet:-1, max-image-preview:large, max-video-preview:-1\" \/>\n<link rel=\"canonical\" href=\"https:\/\/www.deepspot.com\/fr\/comment\/partenaires\/garmin-2\/\" \/>\n<meta property=\"og:locale\" content=\"fr_FR\" \/>\n<meta property=\"og:type\" content=\"article\" \/>\n<meta property=\"og:title\" content=\"DAN Europe | Deepspot\" \/>\n<meta property=\"og:description\" content=\"DAN Europe\" \/>\n<meta property=\"og:url\" content=\"https:\/\/www.deepspot.com\/fr\/comment\/partenaires\/garmin-2\/\" \/>\n<meta property=\"og:site_name\" content=\"Deepspot\" \/>\n<meta property=\"article:modified_time\" content=\"2024-05-29T07:32:54+00:00\" \/>\n<meta name=\"twitter:card\" content=\"summary_large_image\" \/>\n<meta name=\"twitter:label1\" content=\"Dur\u00e9e de lecture estim\u00e9e\" \/>\n\t<meta name=\"twitter:data1\" content=\"2 minutes\" \/>\n<script type=\"application\/ld+json\" class=\"yoast-schema-graph\">{\"@context\":\"https:\\\/\\\/schema.org\",\"@graph\":[{\"@type\":\"WebPage\",\"@id\":\"https:\\\/\\\/www.deepspot.com\\\/fr\\\/comment\\\/partenaires\\\/garmin-2\\\/\",\"url\":\"https:\\\/\\\/www.deepspot.com\\\/fr\\\/comment\\\/partenaires\\\/garmin-2\\\/\",\"name\":\"DAN Europe | Deepspot\",\"isPartOf\":{\"@id\":\"https:\\\/\\\/www.deepspot.com\\\/pl\\\/#website\"},\"datePublished\":\"2024-05-16T08:20:35+00:00\",\"dateModified\":\"2024-05-29T07:32:54+00:00\",\"description\":\"DAN Europe\",\"breadcrumb\":{\"@id\":\"https:\\\/\\\/www.deepspot.com\\\/fr\\\/comment\\\/partenaires\\\/garmin-2\\\/#breadcrumb\"},\"inLanguage\":\"fr-FR\",\"potentialAction\":[{\"@type\":\"ReadAction\",\"target\":[\"https:\\\/\\\/www.deepspot.com\\\/fr\\\/comment\\\/partenaires\\\/garmin-2\\\/\"]}]},{\"@type\":\"BreadcrumbList\",\"@id\":\"https:\\\/\\\/www.deepspot.com\\\/fr\\\/comment\\\/partenaires\\\/garmin-2\\\/#breadcrumb\",\"itemListElement\":[{\"@type\":\"ListItem\",\"position\":1,\"name\":\"Strona g\u0142\u00f3wna\",\"item\":\"https:\\\/\\\/www.deepspot.com\\\/fr\\\/\"},{\"@type\":\"ListItem\",\"position\":2,\"name\":\"Comment faire ?\",\"item\":\"https:\\\/\\\/www.deepspot.com\\\/fr\\\/comment\\\/\"},{\"@type\":\"ListItem\",\"position\":3,\"name\":\"NOS PARTENAIRES\",\"item\":\"https:\\\/\\\/www.deepspot.com\\\/fr\\\/comment\\\/partenaires\\\/\"},{\"@type\":\"ListItem\",\"position\":4,\"name\":\"DAN Europe\"}]},{\"@type\":\"WebSite\",\"@id\":\"https:\\\/\\\/www.deepspot.com\\\/pl\\\/#website\",\"url\":\"https:\\\/\\\/www.deepspot.com\\\/pl\\\/\",\"name\":\"Deepspot\",\"description\":\"Une nouvelle dimension de la plong\u00e9e\",\"potentialAction\":[{\"@type\":\"SearchAction\",\"target\":{\"@type\":\"EntryPoint\",\"urlTemplate\":\"https:\\\/\\\/www.deepspot.com\\\/pl\\\/?s={search_term_string}\"},\"query-input\":{\"@type\":\"PropertyValueSpecification\",\"valueRequired\":true,\"valueName\":\"search_term_string\"}}],\"inLanguage\":\"fr-FR\"}]}<\/script>\n<!-- \/ Yoast SEO plugin. -->","yoast_head_json":{"title":"DAN Europe | Deepspot","description":"DAN Europe","robots":{"index":"index","follow":"follow","max-snippet":"max-snippet:-1","max-image-preview":"max-image-preview:large","max-video-preview":"max-video-preview:-1"},"canonical":"https:\/\/www.deepspot.com\/fr\/comment\/partenaires\/garmin-2\/","og_locale":"fr_FR","og_type":"article","og_title":"DAN Europe | Deepspot","og_description":"DAN Europe","og_url":"https:\/\/www.deepspot.com\/fr\/comment\/partenaires\/garmin-2\/","og_site_name":"Deepspot","article_modified_time":"2024-05-29T07:32:54+00:00","twitter_card":"summary_large_image","twitter_misc":{"Dur\u00e9e de lecture estim\u00e9e":"2 minutes"},"schema":{"@context":"https:\/\/schema.org","@graph":[{"@type":"WebPage","@id":"https:\/\/www.deepspot.com\/fr\/comment\/partenaires\/garmin-2\/","url":"https:\/\/www.deepspot.com\/fr\/comment\/partenaires\/garmin-2\/","name":"DAN Europe | Deepspot","isPartOf":{"@id":"https:\/\/www.deepspot.com\/pl\/#website"},"datePublished":"2024-05-16T08:20:35+00:00","dateModified":"2024-05-29T07:32:54+00:00","description":"DAN Europe","breadcrumb":{"@id":"https:\/\/www.deepspot.com\/fr\/comment\/partenaires\/garmin-2\/#breadcrumb"},"inLanguage":"fr-FR","potentialAction":[{"@type":"ReadAction","target":["https:\/\/www.deepspot.com\/fr\/comment\/partenaires\/garmin-2\/"]}]},{"@type":"BreadcrumbList","@id":"https:\/\/www.deepspot.com\/fr\/comment\/partenaires\/garmin-2\/#breadcrumb","itemListElement":[{"@type":"ListItem","position":1,"name":"Strona g\u0142\u00f3wna","item":"https:\/\/www.deepspot.com\/fr\/"},{"@type":"ListItem","position":2,"name":"Comment faire ?","item":"https:\/\/www.deepspot.com\/fr\/comment\/"},{"@type":"ListItem","position":3,"name":"NOS PARTENAIRES","item":"https:\/\/www.deepspot.com\/fr\/comment\/partenaires\/"},{"@type":"ListItem","position":4,"name":"DAN Europe"}]},{"@type":"WebSite","@id":"https:\/\/www.deepspot.com\/pl\/#website","url":"https:\/\/www.deepspot.com\/pl\/","name":"Deepspot","description":"Une nouvelle dimension de la plong\u00e9e","potentialAction":[{"@type":"SearchAction","target":{"@type":"EntryPoint","urlTemplate":"https:\/\/www.deepspot.com\/pl\/?s={search_term_string}"},"query-input":{"@type":"PropertyValueSpecification","valueRequired":true,"valueName":"search_term_string"}}],"inLanguage":"fr-FR"}]}},"_links":{"self":[{"href":"https:\/\/www.deepspot.com\/fr\/wp-json\/wp\/v2\/pages\/44138","targetHints":{"allow":["GET"]}}],"collection":[{"href":"https:\/\/www.deepspot.com\/fr\/wp-json\/wp\/v2\/pages"}],"about":[{"href":"https:\/\/www.deepspot.com\/fr\/wp-json\/wp\/v2\/types\/page"}],"author":[{"embeddable":true,"href":"https:\/\/www.deepspot.com\/fr\/wp-json\/wp\/v2\/users\/18"}],"replies":[{"embeddable":true,"href":"https:\/\/www.deepspot.com\/fr\/wp-json\/wp\/v2\/comments?post=44138"}],"version-history":[{"count":6,"href":"https:\/\/www.deepspot.com\/fr\/wp-json\/wp\/v2\/pages\/44138\/revisions"}],"predecessor-version":[{"id":45154,"href":"https:\/\/www.deepspot.com\/fr\/wp-json\/wp\/v2\/pages\/44138\/revisions\/45154"}],"up":[{"embeddable":true,"href":"https:\/\/www.deepspot.com\/fr\/wp-json\/wp\/v2\/pages\/27430"}],"wp:attachment":[{"href":"https:\/\/www.deepspot.com\/fr\/wp-json\/wp\/v2\/media?parent=44138"}],"curies":[{"name":"wp","href":"https:\/\/api.w.org\/{rel}","templated":true}]}}