{"id":46162,"date":"2024-08-29T09:51:20","date_gmt":"2024-08-29T07:51:20","guid":{"rendered":"https:\/\/www.deepspot.com\/?page_id=46162"},"modified":"2025-10-29T12:16:41","modified_gmt":"2025-10-29T11:16:41","slug":"deepspot-free-30m-2","status":"publish","type":"page","link":"https:\/\/www.deepspot.com\/fr\/pour-qui\/scuba-diving\/deepspot-free-30m-2\/","title":{"rendered":"Cours d&#8217;aventurier avanc\u00e9"},"content":{"rendered":"<div id=\"hero-block_9a986be036103dba129bec5283a8f2ed\" class=\"hero-block\">\r\n  <div class=\"row outer-container\">\r\n    <div>\r\n      <img decoding=\"async\" lazy src=\"data:image\/gif;base64,R0lGODlhAQABAAD\/ACwAAAAAAQABAAACADs%3D\" data-src=\"https:\/\/eco3ygde435.exactdn.com\/wp-content\/uploads\/sites\/2\/2024\/08\/DEEPSPOT-ADVANCED-DIVER-30m.jpg?strip=all\" alt=\"\">\r\n          <\/div>\r\n    <div>\r\n      <h2>Plongez plus profond\u00e9ment, obtenez plus  <\/h2><p>Vous \u00eates d\u00e9j\u00e0 certifi\u00e9 OWD et vous voulez aller plus loin ? Le cours Advanced Adventurer vous permettra d&#8217;essayer diff\u00e9rents types de plong\u00e9e et de d\u00e9velopper vos comp\u00e9tences. Pendant deux jours, vous effectuerez une s\u00e9rie de plong\u00e9es \u00e0 th\u00e8me &#8211; une excellente occasion d&#8217;acqu\u00e9rir de l&#8217;exp\u00e9rience, de d\u00e9couvrir de nouvelles possibilit\u00e9s de plong\u00e9e et de vous pr\u00e9parer \u00e0 des aventures plus avanc\u00e9es.  \r\n\r\n<\/p>    <\/div>\r\n  <\/div>\r\n<\/div><!-- block -->\r\n<div id=\"product-details-block_e4e45f4c227c901d418b2db1c35020a5\" class=\"product-details-block\">\r\n  <div class=\"row container\">\r\n    <div>\r\n      <h2 class=\"title\">Description de l&#8217;attraction :<\/h2>      <p class=\"desc\">Le cours Advanced Adventurer est l&#8217;option id\u00e9ale pour ceux qui veulent passer au niveau sup\u00e9rieur. Dans le cadre de la formation, vous ferez des plong\u00e9es \u00e0 th\u00e8me, apprendrez de nouvelles techniques et des sc\u00e9narios qui augmenteront votre confort et votre s\u00e9curit\u00e9 sous l&#8217;eau.   <br>Le cours est dispens\u00e9 au printemps et en \u00e9t\u00e9, pendant les mois de mai \u00e0 septembre.\r\n<br><br>\r\nFaites le grand saut surtout si :<br>\ud83e\udee7 Vous voulez d\u00e9velopper vos comp\u00e9tences en toute s\u00e9curit\u00e9 et vous pr\u00e9parer aux \u00e9tapes suivantes de la formation dans des conditions exceptionnelles<br>\ud83e\udee7 Vous voulez augmenter votre gamme de profondeur et acqu\u00e9rir de nouvelles comp\u00e9tences<br>\ud83e\udee7 Vous planifiez des voyages de plong\u00e9e, des safaris, des vacances sous les tropiques et vous r\u00eavez de plonger \u00e0 des profondeurs allant jusqu&#8217;\u00e0 30 m\u00e8tres dans les eaux du monde entier<br>\ud83e\udee7 Vous voulez \u00eatre plus ind\u00e9pendant et conscient sous l&#8217;eau.<br><br>\r\nCe que nous offrons<br>\ud83e\udee7 Deux jours de formation th\u00e9orique et pratique en Deepspot contr\u00f4l\u00e9 et en eau libre (Honoratka)<br>\ud83e\udee7 Cinq plong\u00e9es th\u00e9matiques sous la supervision d&#8217;un instructeur : navigation sous-marine, plong\u00e9e profonde, nitrox, flottabilit\u00e9 parfaite, plong\u00e9e de nuit et plong\u00e9e par visibilit\u00e9 limit\u00e9e<br>\ud83e\udee7 Mat\u00e9riel de formation fourni sur le site web de l&#8217;organisation SSI. Familiarisez-vous avec eux avant le cours<br>\ud83e\udee7 Tout ce dont vous avez besoin est inclus dans le prix. Nous fournissons tout le mat\u00e9riel n\u00e9cessaire<br>\ud83e\udee7 Groupes intimes. Nous adaptons toujours le rythme \u00e0 vos besoins   <br><br>\r\nLes cours se d\u00e9roulent en petits groupes &#8211; un maximum de quatre personnes par instructeur &#8211; ce qui vous permet de prendre chaque respiration en toute confiance et de trouver la r\u00e9ponse \u00e0 chaque question.<br><br>\r\nCela en vaut la peine parce que :<br>\ud83e\udee7 Vous vous entra\u00eenez dans la piscine la plus profonde d&#8217;Europe &#8211; jusqu&#8217;\u00e0 45 m\u00e8tres<br>\ud83e\udee7 Vous plongez dans des conditions exotiques &#8211; une eau claire \u00e0 32\u00b0C<br>\ud83e\udee7 Vous utilisez un \u00e9quipement moderne et r\u00e9guli\u00e8rement entretenu<br>\ud83e\udee7 Vous b\u00e9n\u00e9ficiez du soutien d&#8217;instructeurs internationaux exp\u00e9riment\u00e9s<br>\ud83e\udee7 C&#8217;est l&#8217;endroit id\u00e9al pour acqu\u00e9rir de la confiance et une bonne technique.<br><br>\r\n\u00c0 l&#8217;issue du cours, vous recevrez un certificat international Advanced Adventurer de l&#8217;organisation SSI.<br><br>\r\nDispenser le cours en automne <br>Chez Deepspot, nous dispensons \u00e9galement le programme en automne, mais les participants doivent comprendre les d\u00e9fis que cela implique. La temp\u00e9rature de l&#8217;eau est la m\u00eame qu&#8217;en \u00e9t\u00e9, mais les conditions m\u00e9t\u00e9orologiques ext\u00e9rieures peuvent \u00eatre plus difficiles. C&#8217;est pourquoi, lorsqu&#8217;ils pr\u00e9voient de suivre le cours, les participants doivent se pr\u00e9parer \u00e0 des conditions plus difficiles \u00e0 la surface de l&#8217;eau.    <br>Les personnes qui suivent le cours Dry Suit avant le cours AA ont la possibilit\u00e9 de faire des sessions en eau libre en utilisant des combinaisons \u00e9tanches. D\u00e9tails : kurs@deepspot.com   \r\n<br><br><br>\r\nQu&#8217;est-ce qui vaut la peine d&#8217;\u00eatre connu ?<\/p>      <ul>            <li>\r\n              <p>Dur\u00e9e de l&#8217;accord<\/p>\r\n              <strong>2 jours (environ 15h, dont 5 s\u00e9ances en piscine)<\/strong>\r\n            <\/li>\r\n                      <li>\r\n              <p>\u00c2GE MINIMUM DU PARTICIPANT<\/p>\r\n              <strong>12 ans<\/strong>\r\n            <\/li>\r\n                      <li>\r\n              <p>Vous plongerez dans des profondeurs<\/p>\r\n              <strong>21m<\/strong>\r\n            <\/li>\r\n                      <li>\r\n              <p>En cadeau<\/p>\r\n              <strong>courte vid\u00e9o du photobooth sous-marin<\/strong>\r\n            <\/li>\r\n                      <li>\r\n              <p>Nous fournissons<\/p>\r\n              <strong>Tout le mat\u00e9riel de plong\u00e9e. N&#8217;apportez avec vous que le maillot de bain, la serviette et les tongs. <\/strong>\r\n            <\/li>\r\n                      <li>\r\n              <p>N&#8217;oubliez pas<\/p>\r\n              <strong>Amusez-vous et nous vous insufflerons toute l&#8217;\u00e9nergie n\u00e9cessaire.<\/strong>\r\n            <\/li>\r\n                      <li>\r\n              <p>PRIX :<\/p>\r\n              <strong>1 999 PLN<\/strong>\r\n            <\/li>\r\n          <\/ul>      <div class=\"button-list-wrap\"><div class=\"button-list button-type-both\"><div><a class=\"alternate_ybb\" href=\"https:\/\/cs.deepspot.com\/offer?steps=deepspot_diving-courses_wait-for-diving-course-list_46\" target=\"_self\"><img decoding=\"async\" lazy src=\"data:image\/gif;base64,R0lGODlhAQABAAD\/ACwAAAAAAQABAAACADs%3D\" data-src=\"https:\/\/eco3ygde435.exactdn.com\/wp-content\/uploads\/sites\/2\/2020\/08\/calendar-grid-58.png?strip=all\" alt=\"\"><strong>ZAREZERWUJ<\/strong><\/a><\/div><div><a class=\"alternate_ybb\" href=\"https:\/\/sklep.deepspot.com\/vouchery\/kurs-advanced-adventurer\" target=\"_self\"><img decoding=\"async\" lazy src=\"data:image\/gif;base64,R0lGODlhAQABAAD\/ACwAAAAAAQABAAACADs%3D\" data-src=\"https:\/\/eco3ygde435.exactdn.com\/wp-content\/uploads\/sites\/2\/2020\/08\/paper-diploma.png?strip=all\" alt=\"\"><strong>Zam\u00f3w voucher<\/strong><\/a><\/div><div><a class=\"css-default\" href=\"https:\/\/www.deepspot.com\/pl\/frequently-asked-questions\/?tab=2\" target=\"_self\"><img decoding=\"async\" lazy src=\"data:image\/gif;base64,R0lGODlhAQABAAD\/ACwAAAAAAQABAAACADs%3D\" data-src=\"https:\/\/eco3ygde435.exactdn.com\/wp-content\/uploads\/sites\/2\/2020\/08\/presentation.png?strip=all\" alt=\"\"><strong>NAJCZ\u0118\u015aCIEJ ZADAWANE PYTANIA<\/strong><\/a><\/div><\/div><\/div>    <\/div>\r\n  <\/div>\r\n<\/div><!-- block -->\r\n\n<p class=\"has-text-align-center\"><br\/>S<strong>ANT\u00c9<\/strong> La<strong>plong\u00e9e<\/strong> est un <strong>sport de<\/strong> loisir accessible \u00e0 <strong>presque tout le monde<\/strong>.  <\/p>\n\n<p class=\"has-text-align-center\">Si vous \u00eates en <strong>bonne<\/strong> <strong>sant\u00e9<\/strong>, vous <strong>n&#8217;avez probablement pas besoin de l&#8217;autorisation de votre m\u00e9decin<\/strong>, mais dans certains <strong>cas particuliers<\/strong>, elle peut s&#8217;av\u00e9rer <strong>n\u00e9cessaire<\/strong>.  <\/p>\n\n<p class=\"has-text-align-center\">Si vous voulez \u00eatre <strong>s\u00fbr<\/strong>, vous pouvez <strong>lire la<\/strong> norme au pr\u00e9alable  <\/p>\n\n<p class=\"has-text-align-center\"><a href=\"https:\/\/eco3ygde435.exactdn.com\/wp-content\/uploads\/sites\/2\/2023\/10\/TR-MEDICAL-DIVER_Polish.pdf\" target=\"_blank\" rel=\"noreferrer noopener\"><strong>formulaire m\u00e9dical<\/strong><\/a>.<\/p>\n<div id=\"step-guide-icons-block_7354cf6e51cfa19d16d7005188e7915d\" class=\"step-guide-icons-block\">\r\n  <div class=\"row container\">\r\n    <div>\r\n      <div class=\"title\">Pas \u00e0 pas<\/div>      <ul>            <li data-count=\"01\">\r\n              <div class=\"icon-wrap\"><img decoding=\"async\" lazy src=\"data:image\/gif;base64,R0lGODlhAQABAAD\/ACwAAAAAAQABAAACADs%3D\" data-src=\"\" alt=\"\"><\/div>\r\n              <p>Rassembler les participants &#8211; en solo, \u00e0 deux ou en groupe<br \/>\r\n<\/p>\r\n                          <\/li>\r\n                      <li data-count=\"02\">\r\n              <div class=\"icon-wrap\"><img decoding=\"async\" lazy src=\"data:image\/gif;base64,R0lGODlhAQABAAD\/ACwAAAAAAQABAAACADs%3D\" data-src=\"\" alt=\"\"><\/div>\r\n              <p>Prenez votre rendez-vous &#8211; en ligne, rapidement et facilement<br \/>\r\n<\/p>\r\n                          <\/li>\r\n                      <li data-count=\"03\">\r\n              <div class=\"icon-wrap\"><img decoding=\"async\" lazy src=\"data:image\/gif;base64,R0lGODlhAQABAAD\/ACwAAAAAAQABAAACADs%3D\" data-src=\"\" alt=\"\"><\/div>\r\n              <p>Remplissez les coordonn\u00e9es des participants &#8211; via votre compte, cela ne prend qu&#8217;un instant.<br \/>\r\n<\/p>\r\n                          <\/li>\r\n                      <li data-count=\"04\">\r\n              <div class=\"icon-wrap\"><img decoding=\"async\" lazy src=\"data:image\/gif;base64,R0lGODlhAQABAAD\/ACwAAAAAAQABAAACADs%3D\" data-src=\"\" alt=\"\"><\/div>\r\n              <p>Venez 30 minutes \u00e0 l&#8217;avance &#8211; vous pourrez vous pr\u00e9parer en toute tranquillit\u00e9<br \/>\r\n<br \/>\r\n<\/p>\r\n                          <\/li>\r\n                      <li data-count=\"05\">\r\n              <div class=\"icon-wrap\"><img decoding=\"async\" lazy src=\"data:image\/gif;base64,R0lGODlhAQABAAD\/ACwAAAAAAQABAAACADs%3D\" data-src=\"\" alt=\"\"><\/div>\r\n              <p>Plongez &#8211; amusez-vous<br \/>\r\n<\/p>\r\n                          <\/li>\r\n                      <li data-count=\"06\">\r\n              <div class=\"icon-wrap\"><img decoding=\"async\" lazy src=\"data:image\/gif;base64,R0lGODlhAQABAAD\/ACwAAAAAAQABAAACADs%3D\" data-src=\"\" alt=\"\"><\/div>\r\n              <p>Attrapez le virus et revenez pour en savoir plus &#8211; la plong\u00e9e est addictive !<br \/>\r\n<\/p>\r\n                          <\/li>\r\n          <\/ul>    <\/div>\r\n  <\/div>\r\n<\/div><!-- block -->\r\n\n<p class=\"has-text-align-center\"><\/p>\n\n<div class=\"wp-block-columns is-layout-flex wp-container-core-columns-is-layout-9d6595d7 wp-block-columns-is-layout-flex\">\n<div class=\"wp-block-column is-layout-flow wp-block-column-is-layout-flow\">\n<p><\/p>\n<\/div>\n<\/div>\n<div id=\"download-block_4ba0f618ba5fc342c5bf8d23991edfac\" class=\"download-block\">\r\n  <div class=\"row container\">\r\n    <div>\r\n      <h2 class=\"title\">DOCUMENTS ET CONDITIONS<\/h2>      <ul>            <li>\r\n              <a href=\"https:\/\/www.deepspot.com\/wp-content\/uploads\/sites\/2\/2023\/08\/FomularzMedyczny2023_PL_do_wgladu.pdf\" download>\r\n                <div>\r\n                  <img decoding=\"async\" lazy src=\"data:image\/gif;base64,R0lGODlhAQABAAD\/ACwAAAAAAQABAAACADs%3D\" data-src=\"https:\/\/www.deepspot.com\/wp-content\/themes\/deepspotflyspotWPML\/images\/dots-download.svg\">\r\n                  <p>FORMULAIRE M\u00c9DICAL<\/p>\r\n                <\/div>\r\n              <\/a>\r\n            <\/li>\r\n          <\/ul>    <\/div>\r\n  <\/div>\r\n<\/div><!-- block -->\r\n","protected":false},"excerpt":{"rendered":"<p>SANT\u00c9 Laplong\u00e9e est un sport de loisir accessible \u00e0 presque tout le monde. Si vous \u00eates en bonne sant\u00e9, vous n&#8217;avez probablement pas besoin de l&#8217;autorisation de votre m\u00e9decin, mais dans certains cas particuliers, elle peut s&#8217;av\u00e9rer n\u00e9cessaire. Si vous voulez \u00eatre s\u00fbr, vous pouvez lire la norme au pr\u00e9alable formulaire m\u00e9dical.<\/p>\n","protected":false},"author":18,"featured_media":46173,"parent":4759,"menu_order":4,"comment_status":"closed","ping_status":"closed","template":"","meta":{"_acf_changed":false,"footnotes":""},"class_list":["post-46162","page","type-page","status-publish","has-post-thumbnail","hentry"],"acf":[],"_links":{"self":[{"href":"https:\/\/www.deepspot.com\/fr\/wp-json\/wp\/v2\/pages\/46162","targetHints":{"allow":["GET"]}}],"collection":[{"href":"https:\/\/www.deepspot.com\/fr\/wp-json\/wp\/v2\/pages"}],"about":[{"href":"https:\/\/www.deepspot.com\/fr\/wp-json\/wp\/v2\/types\/page"}],"author":[{"embeddable":true,"href":"https:\/\/www.deepspot.com\/fr\/wp-json\/wp\/v2\/users\/18"}],"replies":[{"embeddable":true,"href":"https:\/\/www.deepspot.com\/fr\/wp-json\/wp\/v2\/comments?post=46162"}],"version-history":[{"count":28,"href":"https:\/\/www.deepspot.com\/fr\/wp-json\/wp\/v2\/pages\/46162\/revisions"}],"predecessor-version":[{"id":57814,"href":"https:\/\/www.deepspot.com\/fr\/wp-json\/wp\/v2\/pages\/46162\/revisions\/57814"}],"up":[{"embeddable":true,"href":"https:\/\/www.deepspot.com\/fr\/wp-json\/wp\/v2\/pages\/4759"}],"wp:featuredmedia":[{"embeddable":true,"href":"https:\/\/www.deepspot.com\/fr\/wp-json\/wp\/v2\/media\/46173"}],"wp:attachment":[{"href":"https:\/\/www.deepspot.com\/fr\/wp-json\/wp\/v2\/media?parent=46162"}],"curies":[{"name":"wp","href":"https:\/\/api.w.org\/{rel}","templated":true}]}}