{"id":4771,"date":"2020-08-24T10:19:28","date_gmt":"2020-08-24T08:19:28","guid":{"rendered":"https:\/\/www.deepspot.com\/pour-qui\/apnee\/bapteme-dapnee\/"},"modified":"2025-10-15T15:39:51","modified_gmt":"2025-10-15T13:39:51","slug":"bapteme-dapnee","status":"publish","type":"page","link":"https:\/\/www.deepspot.com\/fr\/pour-qui\/apnee\/bapteme-dapnee\/","title":{"rendered":"PREMI\u00c8RE PLONG\u00c9E EN APN\u00c9E"},"content":{"rendered":"<div id=\"hero-block_7969f1f211c7610103351c28167f9186\" class=\"hero-block\">\r\n  <div class=\"row outer-container\">\r\n    <div>\r\n      <img decoding=\"async\" lazy src=\"data:image\/gif;base64,R0lGODlhAQABAAD\/ACwAAAAAAQABAAACADs%3D\" data-src=\"https:\/\/eco3ygde435.exactdn.com\/wp-content\/uploads\/sites\/2\/2025\/04\/bbggyy.jpg?strip=all\" alt=\"\">\r\n          <\/div>\r\n    <div>\r\n      <h2>D\u00c9COUVREZ LA PAIX, LA D\u00c9TENTE ET L&#8217;HARMONIE AVEC L&#8217;EAU<\/h2><p>Faire ses premiers pas en apn\u00e9e, c&#8217;est plus qu&#8217;apprendre, c&#8217;est entrer dans un monde de silence, de paix et d&#8217;harmonie avec l&#8217;eau. Vous apprendrez la magie de la plong\u00e9e sans bouteille, les bases de la technique respiratoire, les r\u00e8gles de s\u00e9curit\u00e9 et la relaxation consciente sous l&#8217;eau.   <br>  C&#8217;est l&#8217;id\u00e9al pour les personnes qui veulent essayer la plong\u00e9e en apn\u00e9e pour la premi\u00e8re fois.<\/p>    <\/div>\r\n  <\/div>\r\n<\/div><!-- block -->\r\n<div id=\"product-details-block_7ba73f239bda3a1792ebdf1daed29f1f\" class=\"product-details-block\">\r\n  <div class=\"row container\">\r\n    <div>\r\n      <h2 class=\"title\">Description des attractions<\/h2>      <p class=\"desc\">Les premiers pas dans la plong\u00e9e en apn\u00e9e consistent \u00e0 entrer dans un monde de silence, d&#8217;attention et d&#8217;harmonie avec l&#8217;eau.  <br>Ce cours s&#8217;adresse aux personnes qui souhaitent s&#8217;initier \u00e0 la plong\u00e9e sous-marine dans un environnement s\u00fbr et confortable, avec l&#8217;aide d&#8217;un instructeur et dans un lieu id\u00e9al pour l&#8217;apprentissage.  <br><br>\r\nPlongez dans l&#8217;offre, surtout si :<br>\ud83e\udee7 Vous voulez exp\u00e9rimenter le contact avec l&#8217;eau d&#8217;une mani\u00e8re calme et consciente<br>\ud83e\udee7 Vous pensez \u00e0 l&#8217;apn\u00e9e mais n&#8217;\u00eates pas encore pr\u00eat pour un cours complet<br>\ud83e\udee7 Vous voulez d\u00e9couvrir la magie de la plong\u00e9e sans bouteilles.<br><br>\r\nQue proposons-nous ?<br>\ud83e\udee7 Introduction \u00e0 la plong\u00e9e en apn\u00e9e comprenant la th\u00e9orie, la pratique et l&#8217;approche individuelle<br>\ud83e\udee7 Apprentissage des techniques de respiration, de relaxation et des r\u00e8gles de s\u00e9curit\u00e9<br>\ud83e\udee7 Exercices dans l&#8217;eau, de l&#8217;apprentissage en eau peu profonde \u00e0 la plong\u00e9e jusqu&#8217;\u00e0 5 m\u00e8tres<br>\ud83e\udee7 Tout ce dont vous avez besoin est inclus dans le prix. Tout le mat\u00e9riel n\u00e9cessaire est fourni par nos soins<br>\ud83e\udee7 Groupes intimes ou cours individuels. Nous adaptons toujours le rythme \u00e0 vos besoins  <br><br>\r\nLes cours se d\u00e9roulent en petits groupes &#8211; un maximum de trois personnes par instructeur &#8211; ce qui vous donne l&#8217;assurance que chaque immersion se fera en toute d\u00e9contraction et que chaque question recevra une r\u00e9ponse.<br><br>\r\nCela en vaut la peine car :<br>\ud83e\udee7 Vous vous entra\u00eenez dans la piscine la plus profonde d&#8217;Europe &#8211; jusqu&#8217;\u00e0 45 m\u00e8tres<br>\ud83e\udee7 Vous plongez dans une eau claire \u00e0 une temp\u00e9rature constante de 32\u00b0C<br>\ud83e\udee7 Vous utilisez un \u00e9quipement moderne et r\u00e9guli\u00e8rement entretenu<br>\ud83e\udee7 Vous b\u00e9n\u00e9ficiez du soutien d&#8217;instructeurs internationaux exp\u00e9riment\u00e9s<br>\ud83e\udee7 C&#8217;est l&#8217;endroit id\u00e9al pour d\u00e9velopper la confiance en soi et la technique.<br><br>\r\nFaites le premier pas et d\u00e9couvrez \u00e0 quel point le monde sous-marin est unique ! Faites le grand saut d\u00e8s aujourd&#8217;hui. <br><br><br>\r\nQu&#8217;est-ce qui vaut la peine d&#8217;\u00eatre connu ?<\/p>      <ul>            <li>\r\n              <p>Dur\u00e9e de l&#8217;accord<\/p>\r\n              <strong>1 heure 45 minutes de cours<\/strong>\r\n            <\/li>\r\n                      <li>\r\n              <p>\u00c2ge minimum<\/p>\r\n              <strong>10 ans<\/strong>\r\n            <\/li>\r\n                      <li>\r\n              <p>Vous plongerez dans des profondeurs<\/p>\r\n              <strong>5 m\u00e8tres<\/strong>\r\n            <\/li>\r\n                      <li>\r\n              <p>En cadeau<\/p>\r\n              <strong>Certificat comm\u00e9moratif  <\/strong>\r\n            <\/li>\r\n                      <li>\r\n              <p>Nous fournissons<\/p>\r\n              <strong>Tout le mat\u00e9riel de plong\u00e9e. N&#8217;apportez avec vous que le maillot de bain, la serviette et les tongs. <\/strong>\r\n            <\/li>\r\n                      <li>\r\n              <p>N&#8217;oubliez pas<\/p>\r\n              <strong>Amusez-vous et nous vous insufflerons toute l&#8217;\u00e9nergie n\u00e9cessaire.<\/strong>\r\n            <\/li>\r\n                      <li>\r\n              <p>Prix<\/p>\r\n              <strong>de 429 PLN \u00e0 449 PLN  <\/strong>\r\n            <\/li>\r\n          <\/ul>      <div class=\"button-list-wrap\"><div class=\"button-list button-type-both\"><div><a class=\"alternate_ybb\" href=\"https:\/\/cs.deepspot.com\/offer?steps=deepspot_try_type-free&amp;language=1\" target=\"_self\"><img decoding=\"async\" lazy src=\"data:image\/gif;base64,R0lGODlhAQABAAD\/ACwAAAAAAQABAAACADs%3D\" data-src=\"https:\/\/eco3ygde435.exactdn.com\/wp-content\/uploads\/sites\/2\/2020\/08\/calendar-grid-58.png?strip=all\" alt=\"\"><strong>Zarezerwuj<\/strong><\/a><\/div><div><a class=\"alternate_ybb\" href=\"https:\/\/sklep.deepspot.com\/vouchery\/freediving\/dla-poczatkujacych\/pierwsze-nurkowanie-freediving\" target=\"_self\"><img decoding=\"async\" lazy src=\"data:image\/gif;base64,R0lGODlhAQABAAD\/ACwAAAAAAQABAAACADs%3D\" data-src=\"https:\/\/eco3ygde435.exactdn.com\/wp-content\/uploads\/sites\/2\/2020\/08\/paper-diploma.png?strip=all\" alt=\"\"><strong>Zam\u00f3w Voucher<\/strong><\/a><\/div><div><a class=\"css-default\" href=\"https:\/\/www.deepspot.com\/pl\/frequently-asked-questions\/?tab=6\" target=\"_self\"><img decoding=\"async\" lazy src=\"data:image\/gif;base64,R0lGODlhAQABAAD\/ACwAAAAAAQABAAACADs%3D\" data-src=\"https:\/\/eco3ygde435.exactdn.com\/wp-content\/uploads\/sites\/2\/2020\/08\/presentation.png?strip=all\" alt=\"\"><strong>Najcz\u0119\u015bciej zadawane pytania<\/strong><\/a><\/div><\/div><\/div>    <\/div>\r\n  <\/div>\r\n<\/div><!-- block -->\r\n<p><strong>SANT\u00c9<\/strong><br data-rich-text-line-break=\"true\">La plong\u00e9e est un sport de loisir accessible \u00e0 presque tout le monde. Si vous \u00eates en bonne sant\u00e9, vous n&#8217;avez probablement pas besoin de l&#8217;autorisation de votre m\u00e9decin, m\u00eame si elle peut s&#8217;av\u00e9rer n\u00e9cessaire dans certains cas particuliers. Si vous voulez en \u00eatre s\u00fbr, vous pouvez consulter la norme<br data-rich-text-line-break=\"true\"><a href=\"https:\/\/eco3ygde435.exactdn.com\/wp-content\/uploads\/sites\/2\/2023\/10\/TR-MEDICAL-DIVER_Polish.pdf\" target=\"_blank\" rel=\"noreferrer noopener\">formulaire m\u00e9dical<\/a>.<\/p>\n<div id=\"step-guide-icons-block_88320418ae69288abebd1e35e5ae4f24\" class=\"step-guide-icons-block\">\r\n  <div class=\"row container\">\r\n    <div>\r\n      <div class=\"title\">Pas \u00e0 pas<\/div>      <ul>            <li data-count=\"01\">\r\n              <div class=\"icon-wrap\"><img decoding=\"async\" lazy src=\"data:image\/gif;base64,R0lGODlhAQABAAD\/ACwAAAAAAQABAAACADs%3D\" data-src=\"\" alt=\"\"><\/div>\r\n              <p>Rassembler les participants &#8211; en solo, \u00e0 deux ou en groupe<br \/>\r\n<\/p>\r\n                          <\/li>\r\n                      <li data-count=\"02\">\r\n              <div class=\"icon-wrap\"><img decoding=\"async\" lazy src=\"data:image\/gif;base64,R0lGODlhAQABAAD\/ACwAAAAAAQABAAACADs%3D\" data-src=\"\" alt=\"\"><\/div>\r\n              <p>Prenez votre rendez-vous &#8211; en ligne, rapidement et facilement<br \/>\r\n<\/p>\r\n              <a href=\"https:\/\/cs.deepspot.com\/deepspotwaiver\/DeepspotWaiverFormKiosk?print=true\" target=\"_self\">aller au formulaire<\/a>            <\/li>\r\n                      <li data-count=\"03\">\r\n              <div class=\"icon-wrap\"><img decoding=\"async\" lazy src=\"data:image\/gif;base64,R0lGODlhAQABAAD\/ACwAAAAAAQABAAACADs%3D\" data-src=\"\" alt=\"\"><\/div>\r\n              <p>Remplissez les coordonn\u00e9es des participants &#8211; via votre compte, cela ne prend qu&#8217;un instant.<br \/>\r\n<\/p>\r\n                          <\/li>\r\n                      <li data-count=\"04\">\r\n              <div class=\"icon-wrap\"><img decoding=\"async\" lazy src=\"data:image\/gif;base64,R0lGODlhAQABAAD\/ACwAAAAAAQABAAACADs%3D\" data-src=\"\" alt=\"\"><\/div>\r\n              <p>Plongez &#8211; amusez-vous<br \/>\r\n<\/p>\r\n                          <\/li>\r\n                      <li data-count=\"05\">\r\n              <div class=\"icon-wrap\"><img decoding=\"async\" lazy src=\"data:image\/gif;base64,R0lGODlhAQABAAD\/ACwAAAAAAQABAAACADs%3D\" data-src=\"\" alt=\"\"><\/div>\r\n              <p>Attrapez le virus et revenez pour en savoir plus &#8211; la plong\u00e9e est addictive !<br \/>\r\n<\/p>\r\n                          <\/li>\r\n          <\/ul>    <\/div>\r\n  <\/div>\r\n<\/div><!-- block -->\r\n<div id=\"download-block_9a14d3df56abb2b2c099fdc64e667832\" class=\"download-block\">\r\n  <div class=\"row container\">\r\n    <div>\r\n      <h2 class=\"title\">documents et conditions<\/h2>      <ul>            <li>\r\n              <a href=\"https:\/\/www.deepspot.com\/wp-content\/uploads\/sites\/2\/2022\/03\/TryFree_2022_komplet_PL.pdf\" download>\r\n                <div>\r\n                  <img decoding=\"async\" lazy src=\"data:image\/gif;base64,R0lGODlhAQABAAD\/ACwAAAAAAQABAAACADs%3D\" data-src=\"https:\/\/www.deepspot.com\/wp-content\/themes\/deepspotflyspotWPML\/images\/dots-download.svg\">\r\n                  <p>Formulaire sp\u00e9cifique pour le programme Try Free<\/p>\r\n                <\/div>\r\n              <\/a>\r\n            <\/li>\r\n                      <li>\r\n              <a href=\"https:\/\/www.deepspot.com\/wp-content\/uploads\/sites\/2\/2022\/09\/Limityglebokosci_DoPodpisywania_PL.pdf\" download>\r\n                <div>\r\n                  <img decoding=\"async\" lazy src=\"data:image\/gif;base64,R0lGODlhAQABAAD\/ACwAAAAAAQABAAACADs%3D\" data-src=\"https:\/\/www.deepspot.com\/wp-content\/themes\/deepspotflyspotWPML\/images\/dots-download.svg\">\r\n                  <p>R\u00c8GLES ET RECOMMANDATIONS SUR LES LIMITES DE PROFONDEUR POUR LA PLONG\u00c9E SOUS-MARINE<\/p>\r\n                <\/div>\r\n              <\/a>\r\n            <\/li>\r\n          <\/ul>    <\/div>\r\n  <\/div>\r\n<\/div><!-- block -->\r\n\n<p><\/p>\n","protected":false},"excerpt":{"rendered":"<p>SANT\u00c9La plong\u00e9e est un sport de loisir accessible \u00e0 presque tout le monde. Si vous \u00eates en bonne sant\u00e9, vous n&#8217;avez probablement pas besoin de l&#8217;autorisation de votre m\u00e9decin, m\u00eame si elle peut s&#8217;av\u00e9rer n\u00e9cessaire dans certains cas particuliers. Si vous voulez en \u00eatre s\u00fbr, vous pouvez consulter la normeformulaire m\u00e9dical.<\/p>\n","protected":false},"author":1,"featured_media":50737,"parent":4767,"menu_order":1,"comment_status":"closed","ping_status":"closed","template":"","meta":{"_acf_changed":false,"footnotes":""},"class_list":["post-4771","page","type-page","status-publish","has-post-thumbnail","hentry"],"acf":[],"yoast_head":"<!-- This site is optimized with the Yoast SEO plugin v27.3 - https:\/\/yoast.com\/product\/yoast-seo-wordpress\/ -->\n<title>PREMI\u00c8RE PLONG\u00c9E EN APN\u00c9E | Deepspot<\/title>\n<meta name=\"description\" content=\"PREMI\u00c8RE PLONG\u00c9E EN APN\u00c9E\" \/>\n<meta name=\"robots\" content=\"index, follow, max-snippet:-1, max-image-preview:large, max-video-preview:-1\" \/>\n<link rel=\"canonical\" href=\"https:\/\/www.deepspot.com\/fr\/pour-qui\/apnee\/bapteme-dapnee\/\" \/>\n<meta property=\"og:locale\" content=\"fr_FR\" \/>\n<meta property=\"og:type\" content=\"article\" \/>\n<meta property=\"og:title\" content=\"PREMI\u00c8RE PLONG\u00c9E EN APN\u00c9E | Deepspot\" \/>\n<meta property=\"og:description\" content=\"PREMI\u00c8RE PLONG\u00c9E EN APN\u00c9E\" \/>\n<meta property=\"og:url\" content=\"https:\/\/www.deepspot.com\/fr\/pour-qui\/apnee\/bapteme-dapnee\/\" \/>\n<meta property=\"og:site_name\" content=\"Deepspot\" \/>\n<meta property=\"article:modified_time\" content=\"2025-10-15T13:39:51+00:00\" \/>\n<meta property=\"og:image\" content=\"https:\/\/eco3ygde435.exactdn.com\/wp-content\/uploads\/sites\/2\/2025\/04\/ccccccccccc-1.jpg?strip=all\" \/>\n\t<meta property=\"og:image:width\" content=\"670\" \/>\n\t<meta property=\"og:image:height\" content=\"670\" \/>\n\t<meta property=\"og:image:type\" content=\"image\/jpeg\" \/>\n<meta name=\"twitter:card\" content=\"summary_large_image\" \/>\n<script type=\"application\/ld+json\" class=\"yoast-schema-graph\">{\"@context\":\"https:\\\/\\\/schema.org\",\"@graph\":[{\"@type\":\"WebPage\",\"@id\":\"https:\\\/\\\/www.deepspot.com\\\/fr\\\/pour-qui\\\/apnee\\\/bapteme-dapnee\\\/\",\"url\":\"https:\\\/\\\/www.deepspot.com\\\/fr\\\/pour-qui\\\/apnee\\\/bapteme-dapnee\\\/\",\"name\":\"PREMI\u00c8RE PLONG\u00c9E EN APN\u00c9E | Deepspot\",\"isPartOf\":{\"@id\":\"https:\\\/\\\/www.deepspot.com\\\/pl\\\/#website\"},\"primaryImageOfPage\":{\"@id\":\"https:\\\/\\\/www.deepspot.com\\\/fr\\\/pour-qui\\\/apnee\\\/bapteme-dapnee\\\/#primaryimage\"},\"image\":{\"@id\":\"https:\\\/\\\/www.deepspot.com\\\/fr\\\/pour-qui\\\/apnee\\\/bapteme-dapnee\\\/#primaryimage\"},\"thumbnailUrl\":\"https:\\\/\\\/eco3ygde435.exactdn.com\\\/wp-content\\\/uploads\\\/sites\\\/2\\\/2025\\\/04\\\/ccccccccccc-1.jpg?strip=all\",\"datePublished\":\"2020-08-24T08:19:28+00:00\",\"dateModified\":\"2025-10-15T13:39:51+00:00\",\"description\":\"PREMI\u00c8RE PLONG\u00c9E EN APN\u00c9E\",\"breadcrumb\":{\"@id\":\"https:\\\/\\\/www.deepspot.com\\\/fr\\\/pour-qui\\\/apnee\\\/bapteme-dapnee\\\/#breadcrumb\"},\"inLanguage\":\"fr-FR\",\"potentialAction\":[{\"@type\":\"ReadAction\",\"target\":[\"https:\\\/\\\/www.deepspot.com\\\/fr\\\/pour-qui\\\/apnee\\\/bapteme-dapnee\\\/\"]}]},{\"@type\":\"ImageObject\",\"inLanguage\":\"fr-FR\",\"@id\":\"https:\\\/\\\/www.deepspot.com\\\/fr\\\/pour-qui\\\/apnee\\\/bapteme-dapnee\\\/#primaryimage\",\"url\":\"https:\\\/\\\/eco3ygde435.exactdn.com\\\/wp-content\\\/uploads\\\/sites\\\/2\\\/2025\\\/04\\\/ccccccccccc-1.jpg?strip=all\",\"contentUrl\":\"https:\\\/\\\/eco3ygde435.exactdn.com\\\/wp-content\\\/uploads\\\/sites\\\/2\\\/2025\\\/04\\\/ccccccccccc-1.jpg?strip=all\",\"width\":670,\"height\":670},{\"@type\":\"BreadcrumbList\",\"@id\":\"https:\\\/\\\/www.deepspot.com\\\/fr\\\/pour-qui\\\/apnee\\\/bapteme-dapnee\\\/#breadcrumb\",\"itemListElement\":[{\"@type\":\"ListItem\",\"position\":1,\"name\":\"Strona g\u0142\u00f3wna\",\"item\":\"https:\\\/\\\/www.deepspot.com\\\/fr\\\/\"},{\"@type\":\"ListItem\",\"position\":2,\"name\":\"Pour qui\",\"item\":\"https:\\\/\\\/www.deepspot.com\\\/fr\\\/pour-qui\\\/\"},{\"@type\":\"ListItem\",\"position\":3,\"name\":\"Plong\u00e9e en apn\u00e9e\",\"item\":\"https:\\\/\\\/www.deepspot.com\\\/fr\\\/pour-qui\\\/apnee\\\/\"},{\"@type\":\"ListItem\",\"position\":4,\"name\":\"PREMI\u00c8RE PLONG\u00c9E EN APN\u00c9E\"}]},{\"@type\":\"WebSite\",\"@id\":\"https:\\\/\\\/www.deepspot.com\\\/pl\\\/#website\",\"url\":\"https:\\\/\\\/www.deepspot.com\\\/pl\\\/\",\"name\":\"Deepspot\",\"description\":\"Une nouvelle dimension de la plong\u00e9e\",\"potentialAction\":[{\"@type\":\"SearchAction\",\"target\":{\"@type\":\"EntryPoint\",\"urlTemplate\":\"https:\\\/\\\/www.deepspot.com\\\/pl\\\/?s={search_term_string}\"},\"query-input\":{\"@type\":\"PropertyValueSpecification\",\"valueRequired\":true,\"valueName\":\"search_term_string\"}}],\"inLanguage\":\"fr-FR\"}]}<\/script>\n<!-- \/ Yoast SEO plugin. -->","yoast_head_json":{"title":"PREMI\u00c8RE PLONG\u00c9E EN APN\u00c9E | Deepspot","description":"PREMI\u00c8RE PLONG\u00c9E EN APN\u00c9E","robots":{"index":"index","follow":"follow","max-snippet":"max-snippet:-1","max-image-preview":"max-image-preview:large","max-video-preview":"max-video-preview:-1"},"canonical":"https:\/\/www.deepspot.com\/fr\/pour-qui\/apnee\/bapteme-dapnee\/","og_locale":"fr_FR","og_type":"article","og_title":"PREMI\u00c8RE PLONG\u00c9E EN APN\u00c9E | Deepspot","og_description":"PREMI\u00c8RE PLONG\u00c9E EN APN\u00c9E","og_url":"https:\/\/www.deepspot.com\/fr\/pour-qui\/apnee\/bapteme-dapnee\/","og_site_name":"Deepspot","article_modified_time":"2025-10-15T13:39:51+00:00","og_image":[{"width":670,"height":670,"url":"https:\/\/eco3ygde435.exactdn.com\/wp-content\/uploads\/sites\/2\/2025\/04\/ccccccccccc-1.jpg?strip=all","type":"image\/jpeg"}],"twitter_card":"summary_large_image","schema":{"@context":"https:\/\/schema.org","@graph":[{"@type":"WebPage","@id":"https:\/\/www.deepspot.com\/fr\/pour-qui\/apnee\/bapteme-dapnee\/","url":"https:\/\/www.deepspot.com\/fr\/pour-qui\/apnee\/bapteme-dapnee\/","name":"PREMI\u00c8RE PLONG\u00c9E EN APN\u00c9E | Deepspot","isPartOf":{"@id":"https:\/\/www.deepspot.com\/pl\/#website"},"primaryImageOfPage":{"@id":"https:\/\/www.deepspot.com\/fr\/pour-qui\/apnee\/bapteme-dapnee\/#primaryimage"},"image":{"@id":"https:\/\/www.deepspot.com\/fr\/pour-qui\/apnee\/bapteme-dapnee\/#primaryimage"},"thumbnailUrl":"https:\/\/eco3ygde435.exactdn.com\/wp-content\/uploads\/sites\/2\/2025\/04\/ccccccccccc-1.jpg?strip=all","datePublished":"2020-08-24T08:19:28+00:00","dateModified":"2025-10-15T13:39:51+00:00","description":"PREMI\u00c8RE PLONG\u00c9E EN APN\u00c9E","breadcrumb":{"@id":"https:\/\/www.deepspot.com\/fr\/pour-qui\/apnee\/bapteme-dapnee\/#breadcrumb"},"inLanguage":"fr-FR","potentialAction":[{"@type":"ReadAction","target":["https:\/\/www.deepspot.com\/fr\/pour-qui\/apnee\/bapteme-dapnee\/"]}]},{"@type":"ImageObject","inLanguage":"fr-FR","@id":"https:\/\/www.deepspot.com\/fr\/pour-qui\/apnee\/bapteme-dapnee\/#primaryimage","url":"https:\/\/eco3ygde435.exactdn.com\/wp-content\/uploads\/sites\/2\/2025\/04\/ccccccccccc-1.jpg?strip=all","contentUrl":"https:\/\/eco3ygde435.exactdn.com\/wp-content\/uploads\/sites\/2\/2025\/04\/ccccccccccc-1.jpg?strip=all","width":670,"height":670},{"@type":"BreadcrumbList","@id":"https:\/\/www.deepspot.com\/fr\/pour-qui\/apnee\/bapteme-dapnee\/#breadcrumb","itemListElement":[{"@type":"ListItem","position":1,"name":"Strona g\u0142\u00f3wna","item":"https:\/\/www.deepspot.com\/fr\/"},{"@type":"ListItem","position":2,"name":"Pour qui","item":"https:\/\/www.deepspot.com\/fr\/pour-qui\/"},{"@type":"ListItem","position":3,"name":"Plong\u00e9e en apn\u00e9e","item":"https:\/\/www.deepspot.com\/fr\/pour-qui\/apnee\/"},{"@type":"ListItem","position":4,"name":"PREMI\u00c8RE PLONG\u00c9E EN APN\u00c9E"}]},{"@type":"WebSite","@id":"https:\/\/www.deepspot.com\/pl\/#website","url":"https:\/\/www.deepspot.com\/pl\/","name":"Deepspot","description":"Une nouvelle dimension de la plong\u00e9e","potentialAction":[{"@type":"SearchAction","target":{"@type":"EntryPoint","urlTemplate":"https:\/\/www.deepspot.com\/pl\/?s={search_term_string}"},"query-input":{"@type":"PropertyValueSpecification","valueRequired":true,"valueName":"search_term_string"}}],"inLanguage":"fr-FR"}]}},"_links":{"self":[{"href":"https:\/\/www.deepspot.com\/fr\/wp-json\/wp\/v2\/pages\/4771","targetHints":{"allow":["GET"]}}],"collection":[{"href":"https:\/\/www.deepspot.com\/fr\/wp-json\/wp\/v2\/pages"}],"about":[{"href":"https:\/\/www.deepspot.com\/fr\/wp-json\/wp\/v2\/types\/page"}],"author":[{"embeddable":true,"href":"https:\/\/www.deepspot.com\/fr\/wp-json\/wp\/v2\/users\/1"}],"replies":[{"embeddable":true,"href":"https:\/\/www.deepspot.com\/fr\/wp-json\/wp\/v2\/comments?post=4771"}],"version-history":[{"count":82,"href":"https:\/\/www.deepspot.com\/fr\/wp-json\/wp\/v2\/pages\/4771\/revisions"}],"predecessor-version":[{"id":57529,"href":"https:\/\/www.deepspot.com\/fr\/wp-json\/wp\/v2\/pages\/4771\/revisions\/57529"}],"up":[{"embeddable":true,"href":"https:\/\/www.deepspot.com\/fr\/wp-json\/wp\/v2\/pages\/4767"}],"wp:featuredmedia":[{"embeddable":true,"href":"https:\/\/www.deepspot.com\/fr\/wp-json\/wp\/v2\/media\/50737"}],"wp:attachment":[{"href":"https:\/\/www.deepspot.com\/fr\/wp-json\/wp\/v2\/media?parent=4771"}],"curies":[{"name":"wp","href":"https:\/\/api.w.org\/{rel}","templated":true}]}}