{"id":4775,"date":"2020-08-24T13:25:25","date_gmt":"2020-08-24T11:25:25","guid":{"rendered":"https:\/\/www.deepspot.com\/pour-qui\/scuba-diving\/deepspot-scuba-18-m\/"},"modified":"2025-10-15T15:29:19","modified_gmt":"2025-10-15T13:29:19","slug":"deepspot-scuba-18-m","status":"publish","type":"page","link":"https:\/\/www.deepspot.com\/fr\/pour-qui\/scuba-diving\/deepspot-scuba-18-m\/","title":{"rendered":"Cours de plong\u00e9e \u00e0 l&#8217;int\u00e9rieur"},"content":{"rendered":"\n<p><\/p>\n\n<p><\/p>\n<div id=\"hero-block_198b8ed7317195ed9e26ca5f6069505b\" class=\"hero-block\">\r\n  <div class=\"row outer-container\">\r\n    <div>\r\n      <img decoding=\"async\" lazy src=\"data:image\/gif;base64,R0lGODlhAQABAAD\/ACwAAAAAAQABAAACADs%3D\" data-src=\"https:\/\/eco3ygde435.exactdn.com\/wp-content\/uploads\/sites\/2\/2025\/06\/ht.jpg?strip=all\" alt=\"\">\r\n          <\/div>\r\n    <div>\r\n      <h2>Obtenez votre certificat dans les conditions id\u00e9ales de Deepspot tout au long de l&#8217;ann\u00e9e.<\/h2><p>Vous voulez apprendre \u00e0 plonger et obtenir votre premier brevet dans un environnement confortable ?  <br>  Le cours Indoor Diver est un excellent choix pour d\u00e9buter. En 3 jours, vous apprendrez les bases de la th\u00e9orie, comment utiliser l \u00ab \u00e9quipement et effectuerez une s\u00e9rie de plong\u00e9es encadr\u00e9es par un instructeur. \u00c0 l&#8217;issue du cours, vous recevrez un certificat qui vous permettra de plonger de mani\u00e8re autonome avec Buddy jusqu \u00bb \u00e0 18 m\u00e8tres &#8211; dans des eaux confin\u00e9es.    <\/p>    <\/div>\r\n  <\/div>\r\n<\/div><!-- block -->\r\n<div id=\"product-details-block_32516f0be2cc6119a5a0361fb53a1349\" class=\"product-details-block\">\r\n  <div class=\"row container\">\r\n    <div>\r\n      <h2 class=\"title\">Description des attractions<\/h2>      <p class=\"desc\">Vous souhaitez vous lancer dans l&#8217;aventure de la plong\u00e9e et obtenir un certificat qui vous donne toute latitude pour explorer sous l&#8217;eau ? Choisissez un cours de plong\u00e9e en salle !<br>Ce cours s&#8217;adresse aux personnes qui souhaitent apprendre les bases de la plong\u00e9e sous-marine dans un environnement s\u00fbr et confortable, avec l&#8217;aide d&#8217;un instructeur et dans un lieu id\u00e9al pour l&#8217;apprentissage.  <br><br>\r\nPlongez dans l&#8217;offre surtout si :<br>\ud83e\udee7 Vous n&#8217;avez aucune exp\u00e9rience de la plong\u00e9e ou avez suivi un cours d&#8217;introduction<br>\ud83e\udee7 Vous voulez d\u00e9velopper vos comp\u00e9tences en toute s\u00e9curit\u00e9 et vous pr\u00e9parer aux \u00e9tapes suivantes de la formation<br>\ud83e\udee7 Vous r\u00eavez de plonger de mani\u00e8re autonome (sans instructeur, assist\u00e9 par Buddha) \u00e0 des profondeurs allant jusqu&#8217;\u00e0 18 m\u00e8tres.<br><br>\r\nQue proposons-nous ?<br>\ud83e\udee7 Une formation de trois jours combinant th\u00e9orie et pratique dans les conditions uniques de Deepspot <br>\ud83e\udee7 Exercices dans l&#8217;eau, de l&#8217;apprentissage en eau peu profonde \u00e0 la plong\u00e9e jusqu&#8217;\u00e0 18 m\u00e8tres<br>\ud83e\udee7 Am\u00e9lioration de la flottabilit\u00e9, de l&#8217;orientation sous l&#8217;eau et pratique des situations d&#8217;urgence et du travail avec un partenaire<br>\ud83e\udee7 Mat\u00e9riel de formation fourni sur le site de l&#8217;organisation SSI <br>\ud83e\udee7 Tout ce dont vous avez besoin est inclus dans le prix. Tout le mat\u00e9riel n\u00e9cessaire est fourni par nos soins <br>\ud83e\udee7 Groupes intimes ou cours individuels. Le rythme est toujours adapt\u00e9 \u00e0 vos besoins    <br><br>\r\nLes cours se d\u00e9roulent en petits groupes &#8211; un maximum de quatre personnes par instructeur &#8211; ce qui vous permet de prendre chaque respiration en toute confiance et de trouver la r\u00e9ponse \u00e0 chaque question.  <br><br>\r\nCela vaut la peine parce que : <br>\ud83e\udee7 Vous vous entra\u00eenez dans la piscine la plus profonde d&#8217;Europe &#8211; jusqu&#8217;\u00e0 45 m\u00e8tres<br>\ud83e\udee7 Vous plongez dans des conditions exotiques &#8211; une eau claire \u00e0 32\u00b0C<br>\ud83e\udee7 Vous utilisez un \u00e9quipement moderne et r\u00e9guli\u00e8rement entretenu<br>\ud83e\udee7 Vous b\u00e9n\u00e9ficiez du soutien d&#8217;instructeurs internationaux exp\u00e9riment\u00e9s<br>\ud83e\udee7 C&#8217;est l&#8217;endroit id\u00e9al pour acqu\u00e9rir de la confiance et une bonne technique.<br><br>\r\nA l&#8217;issue du cours, vous recevrez un certificat international de plongeur en salle de l&#8217;organisation SSI, vous permettant de plonger de mani\u00e8re autonome dans des eaux confin\u00e9es jusqu&#8217;\u00e0 18m.<br><br>\r\nEn outre, le fait d&#8217;\u00eatre certifi\u00e9 en tant que plongeur en salle permet de passer tr\u00e8s facilement au niveau Open Water Diver (plongeur en eau libre). Il vous suffit de faire deux plong\u00e9es avec un instructeur SSI \u00e0 Deepspot au printemps et en \u00e9t\u00e9 ou n&#8217;importe o\u00f9 dans le monde.   <br><br>\r\nPr\u00e9requis : Savoir nager &#8211; nager 200m en nage libre, compl\u00e9ter le mat\u00e9riel de formation fourni avant le cours sur le site web de SSI et r\u00e9ussir l&#8217;examen en ligne.<br><br><br>\r\n\r\nQu&#8217;est-ce qui vaut la peine d&#8217;\u00eatre connu ?<\/p>      <ul>            <li>\r\n              <p>dur\u00e9e  <\/p>\r\n              <strong>3 jours (environ 20h, dont 6 s\u00e9ances en piscine)<\/strong>\r\n            <\/li>\r\n                      <li>\r\n              <p>\u00c2ge minimum du participant  <\/p>\r\n              <strong>10 ans<\/strong>\r\n            <\/li>\r\n                      <li>\r\n              <p>Vous plongerez dans des profondeurs<\/p>\r\n              <strong>18m (12m pour les enfants de 10 \u00e0 12 ans)<\/strong>\r\n            <\/li>\r\n                      <li>\r\n              <p>En cadeau<\/p>\r\n              <strong>courte vid\u00e9o du photobooth sous-marin<\/strong>\r\n            <\/li>\r\n                      <li>\r\n              <p>Nous fournissons<\/p>\r\n              <strong>Tout le mat\u00e9riel de plong\u00e9e. N&#8217;apportez avec vous que le maillot de bain, la serviette et les tongs. <\/strong>\r\n            <\/li>\r\n                      <li>\r\n              <p>N&#8217;oubliez pas<\/p>\r\n              <strong>Amusez-vous et nous vous insufflerons toute l&#8217;\u00e9nergie n\u00e9cessaire.<\/strong>\r\n            <\/li>\r\n                      <li>\r\n              <p>Prix :<\/p>\r\n              <strong>2 699 PLN<\/strong>\r\n            <\/li>\r\n          <\/ul>      <div class=\"button-list-wrap\"><div class=\"button-list button-type-both\"><div><a class=\"alternate_ybb\" href=\"https:\/\/cs.deepspot.com\/offer?steps=deepspot_try_type-scuba_diving-course-scuba-18m \" target=\"_self\"><img decoding=\"async\" lazy src=\"data:image\/gif;base64,R0lGODlhAQABAAD\/ACwAAAAAAQABAAACADs%3D\" data-src=\"https:\/\/eco3ygde435.exactdn.com\/wp-content\/uploads\/sites\/2\/2020\/08\/calendar-grid-58.png?strip=all\" alt=\"\"><strong>Zarezerwuj<\/strong><\/a><\/div><div><a class=\"alternate_ybb\" href=\"https:\/\/sklep.deepspot.com\/vouchery\/scuba-diving\/dla-poczatkujacych\/deepspot-scuba-18m\" target=\"_self\"><img decoding=\"async\" lazy src=\"data:image\/gif;base64,R0lGODlhAQABAAD\/ACwAAAAAAQABAAACADs%3D\" data-src=\"https:\/\/eco3ygde435.exactdn.com\/wp-content\/uploads\/sites\/2\/2020\/08\/paper-diploma.png?strip=all\" alt=\"\"><strong>Zam\u00f3w Voucher<\/strong><\/a><\/div><\/div><\/div>    <\/div>\r\n  <\/div>\r\n<\/div><!-- block -->\r\n<p><strong>SANT\u00c9<\/strong><br data-rich-text-line-break=\"true\">La plong\u00e9e est un sport de loisir accessible \u00e0 presque tout le monde. Si vous \u00eates en bonne sant\u00e9, vous n&#8217;avez probablement pas besoin de l&#8217;autorisation de votre m\u00e9decin, m\u00eame si elle peut s&#8217;av\u00e9rer n\u00e9cessaire dans certains cas particuliers. Si vous voulez en \u00eatre s\u00fbr, vous pouvez consulter la norme<br data-rich-text-line-break=\"true\"><a href=\"https:\/\/eco3ygde435.exactdn.com\/wp-content\/uploads\/sites\/2\/2023\/10\/TR-MEDICAL-DIVER_Polish.pdf\" target=\"_blank\" rel=\"noreferrer noopener\">formulaire m\u00e9dical<\/a>.<\/p>\n<div id=\"step-guide-icons-block_aaec3b53e5da8dd41a5ddab4d13f5339\" class=\"step-guide-icons-block\">\r\n  <div class=\"row container\">\r\n    <div>\r\n      <div class=\"title\">Pas \u00e0 pas<\/div>      <ul>            <li data-count=\"01\">\r\n              <div class=\"icon-wrap\"><img decoding=\"async\" lazy src=\"data:image\/gif;base64,R0lGODlhAQABAAD\/ACwAAAAAAQABAAACADs%3D\" data-src=\"\" alt=\"\"><\/div>\r\n              <p>Rassembler les participants &#8211; en solo, \u00e0 deux ou en groupe<br \/>\r\n<br \/>\r\n<br \/>\r\n<\/p>\r\n                          <\/li>\r\n                      <li data-count=\"02\">\r\n              <div class=\"icon-wrap\"><img decoding=\"async\" lazy src=\"data:image\/gif;base64,R0lGODlhAQABAAD\/ACwAAAAAAQABAAACADs%3D\" data-src=\"\" alt=\"\"><\/div>\r\n              <p>Prenez votre rendez-vous &#8211; en ligne, rapidement et facilement<br \/>\r\n<br \/>\r\n<\/p>\r\n                          <\/li>\r\n                      <li data-count=\"03\">\r\n              <div class=\"icon-wrap\"><img decoding=\"async\" lazy src=\"data:image\/gif;base64,R0lGODlhAQABAAD\/ACwAAAAAAQABAAACADs%3D\" data-src=\"\" alt=\"\"><\/div>\r\n              <p>Remplissez les coordonn\u00e9es des participants &#8211; via votre compte, cela ne prend qu&#8217;un instant.<br \/>\r\n<\/p>\r\n                          <\/li>\r\n                      <li data-count=\"04\">\r\n              <div class=\"icon-wrap\"><img decoding=\"async\" lazy src=\"data:image\/gif;base64,R0lGODlhAQABAAD\/ACwAAAAAAQABAAACADs%3D\" data-src=\"\" alt=\"\"><\/div>\r\n              <p>Venez 30 minutes \u00e0 l&#8217;avance &#8211; vous pourrez vous pr\u00e9parer en toute tranquillit\u00e9<br \/>\r\n<br \/>\r\n<\/p>\r\n                          <\/li>\r\n                      <li data-count=\"05\">\r\n              <div class=\"icon-wrap\"><img decoding=\"async\" lazy src=\"data:image\/gif;base64,R0lGODlhAQABAAD\/ACwAAAAAAQABAAACADs%3D\" data-src=\"\" alt=\"\"><\/div>\r\n              <p>Plongez &#8211; amusez-vous<br \/>\r\n<br \/>\r\n<\/p>\r\n                          <\/li>\r\n                      <li data-count=\"06\">\r\n              <div class=\"icon-wrap\"><img decoding=\"async\" lazy src=\"data:image\/gif;base64,R0lGODlhAQABAAD\/ACwAAAAAAQABAAACADs%3D\" data-src=\"\" alt=\"\"><\/div>\r\n              <p>Attrapez le virus et revenez pour en savoir plus &#8211; la plong\u00e9e est addictive !<br \/>\r\n<br \/>\r\n<\/p>\r\n                          <\/li>\r\n          <\/ul>    <\/div>\r\n  <\/div>\r\n<\/div><!-- block -->\r\n<div id=\"download-block_c961e691ec0319dd47cb640a59af324d\" class=\"download-block\">\r\n  <div class=\"row container\">\r\n    <div>\r\n      <h2 class=\"title\">documents  <\/h2>      <ul>            <li>\r\n              <a href=\"https:\/\/www.deepspot.com\/wp-content\/uploads\/sites\/2\/2022\/09\/Limityglebokosci_DoPodpisywania_PL.pdf\" download>\r\n                <div>\r\n                  <img decoding=\"async\" lazy src=\"data:image\/gif;base64,R0lGODlhAQABAAD\/ACwAAAAAAQABAAACADs%3D\" data-src=\"https:\/\/www.deepspot.com\/wp-content\/themes\/deepspotflyspotWPML\/images\/dots-download.svg\">\r\n                  <p>R\u00c8GLES ET RECOMMANDATIONS SUR LES LIMITES DE PROFONDEUR POUR LA PLONG\u00c9E SOUS-MARINE  <\/p>\r\n                <\/div>\r\n              <\/a>\r\n            <\/li>\r\n                      <li>\r\n              <a href=\"https:\/\/www.deepspot.com\/wp-content\/uploads\/sites\/2\/2023\/08\/FomularzMedyczny2023_PL_do_wgladu.pdf\" download>\r\n                <div>\r\n                  <img decoding=\"async\" lazy src=\"data:image\/gif;base64,R0lGODlhAQABAAD\/ACwAAAAAAQABAAACADs%3D\" data-src=\"https:\/\/www.deepspot.com\/wp-content\/themes\/deepspotflyspotWPML\/images\/dots-download.svg\">\r\n                  <p>Formulaire m\u00e9dical<\/p>\r\n                <\/div>\r\n              <\/a>\r\n            <\/li>\r\n          <\/ul>    <\/div>\r\n  <\/div>\r\n<\/div><!-- block -->\r\n","protected":false},"excerpt":{"rendered":"<p>SANT\u00c9La plong\u00e9e est un sport de loisir accessible \u00e0 presque tout le monde. Si vous \u00eates en bonne sant\u00e9, vous n&#8217;avez probablement pas besoin de l&#8217;autorisation de votre m\u00e9decin, m\u00eame si elle peut s&#8217;av\u00e9rer n\u00e9cessaire dans certains cas particuliers. Si vous voulez en \u00eatre s\u00fbr, vous pouvez consulter la normeformulaire m\u00e9dical.<\/p>\n","protected":false},"author":3,"featured_media":49866,"parent":4759,"menu_order":3,"comment_status":"closed","ping_status":"closed","template":"","meta":{"_acf_changed":false,"footnotes":""},"class_list":["post-4775","page","type-page","status-publish","has-post-thumbnail","hentry"],"acf":[],"yoast_head":"<!-- This site is optimized with the Yoast SEO plugin v27.4 - https:\/\/yoast.com\/product\/yoast-seo-wordpress\/ -->\n<title>Cours de plong\u00e9e \u00e0 l&#039;int\u00e9rieur | Deepspot<\/title>\n<meta name=\"description\" content=\"Cours de plong\u00e9e \u00e0 l&#039;int\u00e9rieur\" \/>\n<meta name=\"robots\" content=\"index, follow, max-snippet:-1, max-image-preview:large, max-video-preview:-1\" \/>\n<link rel=\"canonical\" href=\"https:\/\/www.deepspot.com\/fr\/pour-qui\/scuba-diving\/deepspot-scuba-18-m\/\" \/>\n<meta property=\"og:locale\" content=\"fr_FR\" \/>\n<meta property=\"og:type\" content=\"article\" \/>\n<meta property=\"og:title\" content=\"Cours de plong\u00e9e \u00e0 l&#039;int\u00e9rieur | Deepspot\" \/>\n<meta property=\"og:description\" content=\"Cours de plong\u00e9e \u00e0 l&#039;int\u00e9rieur\" \/>\n<meta property=\"og:url\" content=\"https:\/\/www.deepspot.com\/fr\/pour-qui\/scuba-diving\/deepspot-scuba-18-m\/\" \/>\n<meta property=\"og:site_name\" content=\"Deepspot\" \/>\n<meta property=\"article:modified_time\" content=\"2025-10-15T13:29:19+00:00\" \/>\n<meta property=\"og:image\" content=\"https:\/\/eco3ygde435.exactdn.com\/wp-content\/uploads\/sites\/2\/2025\/04\/Obraz13-1.jpg?strip=all\" \/>\n\t<meta property=\"og:image:width\" content=\"670\" \/>\n\t<meta property=\"og:image:height\" content=\"670\" \/>\n\t<meta property=\"og:image:type\" content=\"image\/jpeg\" \/>\n<meta name=\"twitter:card\" content=\"summary_large_image\" \/>\n<script type=\"application\/ld+json\" class=\"yoast-schema-graph\">{\"@context\":\"https:\\\/\\\/schema.org\",\"@graph\":[{\"@type\":\"WebPage\",\"@id\":\"https:\\\/\\\/www.deepspot.com\\\/fr\\\/pour-qui\\\/scuba-diving\\\/deepspot-scuba-18-m\\\/\",\"url\":\"https:\\\/\\\/www.deepspot.com\\\/fr\\\/pour-qui\\\/scuba-diving\\\/deepspot-scuba-18-m\\\/\",\"name\":\"Cours de plong\u00e9e \u00e0 l'int\u00e9rieur | Deepspot\",\"isPartOf\":{\"@id\":\"https:\\\/\\\/www.deepspot.com\\\/pl\\\/#website\"},\"primaryImageOfPage\":{\"@id\":\"https:\\\/\\\/www.deepspot.com\\\/fr\\\/pour-qui\\\/scuba-diving\\\/deepspot-scuba-18-m\\\/#primaryimage\"},\"image\":{\"@id\":\"https:\\\/\\\/www.deepspot.com\\\/fr\\\/pour-qui\\\/scuba-diving\\\/deepspot-scuba-18-m\\\/#primaryimage\"},\"thumbnailUrl\":\"https:\\\/\\\/eco3ygde435.exactdn.com\\\/wp-content\\\/uploads\\\/sites\\\/2\\\/2025\\\/04\\\/Obraz13-1.jpg?strip=all\",\"datePublished\":\"2020-08-24T11:25:25+00:00\",\"dateModified\":\"2025-10-15T13:29:19+00:00\",\"description\":\"Cours de plong\u00e9e \u00e0 l'int\u00e9rieur\",\"breadcrumb\":{\"@id\":\"https:\\\/\\\/www.deepspot.com\\\/fr\\\/pour-qui\\\/scuba-diving\\\/deepspot-scuba-18-m\\\/#breadcrumb\"},\"inLanguage\":\"fr-FR\",\"potentialAction\":[{\"@type\":\"ReadAction\",\"target\":[\"https:\\\/\\\/www.deepspot.com\\\/fr\\\/pour-qui\\\/scuba-diving\\\/deepspot-scuba-18-m\\\/\"]}]},{\"@type\":\"ImageObject\",\"inLanguage\":\"fr-FR\",\"@id\":\"https:\\\/\\\/www.deepspot.com\\\/fr\\\/pour-qui\\\/scuba-diving\\\/deepspot-scuba-18-m\\\/#primaryimage\",\"url\":\"https:\\\/\\\/eco3ygde435.exactdn.com\\\/wp-content\\\/uploads\\\/sites\\\/2\\\/2025\\\/04\\\/Obraz13-1.jpg?strip=all\",\"contentUrl\":\"https:\\\/\\\/eco3ygde435.exactdn.com\\\/wp-content\\\/uploads\\\/sites\\\/2\\\/2025\\\/04\\\/Obraz13-1.jpg?strip=all\",\"width\":670,\"height\":670},{\"@type\":\"BreadcrumbList\",\"@id\":\"https:\\\/\\\/www.deepspot.com\\\/fr\\\/pour-qui\\\/scuba-diving\\\/deepspot-scuba-18-m\\\/#breadcrumb\",\"itemListElement\":[{\"@type\":\"ListItem\",\"position\":1,\"name\":\"Strona g\u0142\u00f3wna\",\"item\":\"https:\\\/\\\/www.deepspot.com\\\/fr\\\/\"},{\"@type\":\"ListItem\",\"position\":2,\"name\":\"Pour qui\",\"item\":\"https:\\\/\\\/www.deepspot.com\\\/fr\\\/pour-qui\\\/\"},{\"@type\":\"ListItem\",\"position\":3,\"name\":\"Plong\u00e9e sous-marine\",\"item\":\"https:\\\/\\\/www.deepspot.com\\\/fr\\\/pour-qui\\\/scuba-diving\\\/\"},{\"@type\":\"ListItem\",\"position\":4,\"name\":\"Cours de plong\u00e9e \u00e0 l&#8217;int\u00e9rieur\"}]},{\"@type\":\"WebSite\",\"@id\":\"https:\\\/\\\/www.deepspot.com\\\/pl\\\/#website\",\"url\":\"https:\\\/\\\/www.deepspot.com\\\/pl\\\/\",\"name\":\"Deepspot\",\"description\":\"Une nouvelle dimension de la plong\u00e9e\",\"potentialAction\":[{\"@type\":\"SearchAction\",\"target\":{\"@type\":\"EntryPoint\",\"urlTemplate\":\"https:\\\/\\\/www.deepspot.com\\\/pl\\\/?s={search_term_string}\"},\"query-input\":{\"@type\":\"PropertyValueSpecification\",\"valueRequired\":true,\"valueName\":\"search_term_string\"}}],\"inLanguage\":\"fr-FR\"}]}<\/script>\n<!-- \/ Yoast SEO plugin. -->","yoast_head_json":{"title":"Cours de plong\u00e9e \u00e0 l'int\u00e9rieur | Deepspot","description":"Cours de plong\u00e9e \u00e0 l'int\u00e9rieur","robots":{"index":"index","follow":"follow","max-snippet":"max-snippet:-1","max-image-preview":"max-image-preview:large","max-video-preview":"max-video-preview:-1"},"canonical":"https:\/\/www.deepspot.com\/fr\/pour-qui\/scuba-diving\/deepspot-scuba-18-m\/","og_locale":"fr_FR","og_type":"article","og_title":"Cours de plong\u00e9e \u00e0 l'int\u00e9rieur | Deepspot","og_description":"Cours de plong\u00e9e \u00e0 l'int\u00e9rieur","og_url":"https:\/\/www.deepspot.com\/fr\/pour-qui\/scuba-diving\/deepspot-scuba-18-m\/","og_site_name":"Deepspot","article_modified_time":"2025-10-15T13:29:19+00:00","og_image":[{"width":670,"height":670,"url":"https:\/\/eco3ygde435.exactdn.com\/wp-content\/uploads\/sites\/2\/2025\/04\/Obraz13-1.jpg?strip=all","type":"image\/jpeg"}],"twitter_card":"summary_large_image","schema":{"@context":"https:\/\/schema.org","@graph":[{"@type":"WebPage","@id":"https:\/\/www.deepspot.com\/fr\/pour-qui\/scuba-diving\/deepspot-scuba-18-m\/","url":"https:\/\/www.deepspot.com\/fr\/pour-qui\/scuba-diving\/deepspot-scuba-18-m\/","name":"Cours de plong\u00e9e \u00e0 l'int\u00e9rieur | Deepspot","isPartOf":{"@id":"https:\/\/www.deepspot.com\/pl\/#website"},"primaryImageOfPage":{"@id":"https:\/\/www.deepspot.com\/fr\/pour-qui\/scuba-diving\/deepspot-scuba-18-m\/#primaryimage"},"image":{"@id":"https:\/\/www.deepspot.com\/fr\/pour-qui\/scuba-diving\/deepspot-scuba-18-m\/#primaryimage"},"thumbnailUrl":"https:\/\/eco3ygde435.exactdn.com\/wp-content\/uploads\/sites\/2\/2025\/04\/Obraz13-1.jpg?strip=all","datePublished":"2020-08-24T11:25:25+00:00","dateModified":"2025-10-15T13:29:19+00:00","description":"Cours de plong\u00e9e \u00e0 l'int\u00e9rieur","breadcrumb":{"@id":"https:\/\/www.deepspot.com\/fr\/pour-qui\/scuba-diving\/deepspot-scuba-18-m\/#breadcrumb"},"inLanguage":"fr-FR","potentialAction":[{"@type":"ReadAction","target":["https:\/\/www.deepspot.com\/fr\/pour-qui\/scuba-diving\/deepspot-scuba-18-m\/"]}]},{"@type":"ImageObject","inLanguage":"fr-FR","@id":"https:\/\/www.deepspot.com\/fr\/pour-qui\/scuba-diving\/deepspot-scuba-18-m\/#primaryimage","url":"https:\/\/eco3ygde435.exactdn.com\/wp-content\/uploads\/sites\/2\/2025\/04\/Obraz13-1.jpg?strip=all","contentUrl":"https:\/\/eco3ygde435.exactdn.com\/wp-content\/uploads\/sites\/2\/2025\/04\/Obraz13-1.jpg?strip=all","width":670,"height":670},{"@type":"BreadcrumbList","@id":"https:\/\/www.deepspot.com\/fr\/pour-qui\/scuba-diving\/deepspot-scuba-18-m\/#breadcrumb","itemListElement":[{"@type":"ListItem","position":1,"name":"Strona g\u0142\u00f3wna","item":"https:\/\/www.deepspot.com\/fr\/"},{"@type":"ListItem","position":2,"name":"Pour qui","item":"https:\/\/www.deepspot.com\/fr\/pour-qui\/"},{"@type":"ListItem","position":3,"name":"Plong\u00e9e sous-marine","item":"https:\/\/www.deepspot.com\/fr\/pour-qui\/scuba-diving\/"},{"@type":"ListItem","position":4,"name":"Cours de plong\u00e9e \u00e0 l&#8217;int\u00e9rieur"}]},{"@type":"WebSite","@id":"https:\/\/www.deepspot.com\/pl\/#website","url":"https:\/\/www.deepspot.com\/pl\/","name":"Deepspot","description":"Une nouvelle dimension de la plong\u00e9e","potentialAction":[{"@type":"SearchAction","target":{"@type":"EntryPoint","urlTemplate":"https:\/\/www.deepspot.com\/pl\/?s={search_term_string}"},"query-input":{"@type":"PropertyValueSpecification","valueRequired":true,"valueName":"search_term_string"}}],"inLanguage":"fr-FR"}]}},"_links":{"self":[{"href":"https:\/\/www.deepspot.com\/fr\/wp-json\/wp\/v2\/pages\/4775","targetHints":{"allow":["GET"]}}],"collection":[{"href":"https:\/\/www.deepspot.com\/fr\/wp-json\/wp\/v2\/pages"}],"about":[{"href":"https:\/\/www.deepspot.com\/fr\/wp-json\/wp\/v2\/types\/page"}],"author":[{"embeddable":true,"href":"https:\/\/www.deepspot.com\/fr\/wp-json\/wp\/v2\/users\/3"}],"replies":[{"embeddable":true,"href":"https:\/\/www.deepspot.com\/fr\/wp-json\/wp\/v2\/comments?post=4775"}],"version-history":[{"count":63,"href":"https:\/\/www.deepspot.com\/fr\/wp-json\/wp\/v2\/pages\/4775\/revisions"}],"predecessor-version":[{"id":57431,"href":"https:\/\/www.deepspot.com\/fr\/wp-json\/wp\/v2\/pages\/4775\/revisions\/57431"}],"up":[{"embeddable":true,"href":"https:\/\/www.deepspot.com\/fr\/wp-json\/wp\/v2\/pages\/4759"}],"wp:featuredmedia":[{"embeddable":true,"href":"https:\/\/www.deepspot.com\/fr\/wp-json\/wp\/v2\/media\/49866"}],"wp:attachment":[{"href":"https:\/\/www.deepspot.com\/fr\/wp-json\/wp\/v2\/media?parent=4775"}],"curies":[{"name":"wp","href":"https:\/\/api.w.org\/{rel}","templated":true}]}}