{"id":4779,"date":"2020-08-24T13:27:14","date_gmt":"2020-08-24T11:27:14","guid":{"rendered":"https:\/\/www.deepspot.com\/pour-qui\/apnee\/session-apnee\/"},"modified":"2025-09-22T11:24:44","modified_gmt":"2025-09-22T09:24:44","slug":"session-apnee","status":"publish","type":"page","link":"https:\/\/www.deepspot.com\/fr\/pour-qui\/apnee\/session-apnee\/","title":{"rendered":"LAISSEZ-PASSER D&#8217;APN\u00c9ISTE"},"content":{"rendered":"<div id=\"hero-block_0ec419d6157c4569817ff0acc0f7a680\" class=\"hero-block\">\r\n  <div class=\"row outer-container\">\r\n    <div>\r\n      <img decoding=\"async\" lazy src=\"data:image\/gif;base64,R0lGODlhAQABAAD\/ACwAAAAAAQABAAACADs%3D\" data-src=\"https:\/\/eco3ygde435.exactdn.com\/wp-content\/uploads\/sites\/2\/2025\/06\/ko.jpg?strip=all\" alt=\"\">\r\n          <\/div>\r\n    <div>\r\n      <h2>Votre temps pour vous former, vous d\u00e9tendre et vous \u00e9panouir !<\/h2><p>Relaks, trening, przekraczanie w\u0142asnych granic \u2013 wej\u015bci\u00f3wka dla freedivera w Deepspot daje Ci przestrze\u0144 na wszystko, czego aktualnie potrzebujesz. Korzystaj z wyj\u0105tkowych warunk\u00f3w i rozwijaj si\u0119 na w\u0142asnych zasadach. \r\n<br>\r\nOferta skierowana jest do certyfikowanych freediver\u00f3w, kt\u00f3rzy chc\u0105 trenowa\u0107 ze swoim Buddym lub asyst\u0105 naszego instruktora w bezpiecznym i komfortowym \u015brodowisku. \r\n<\/p>    <\/div>\r\n  <\/div>\r\n<\/div><!-- block -->\r\n<div id=\"product-details-block_1fab01a19c3004198ee97cefee87047e\" class=\"product-details-block\">\r\n  <div class=\"row container\">\r\n    <div>\r\n      <h2 class=\"title\">Description des attractions<\/h2>      <p class=\"desc\">L&#8217;entr\u00e9e en apn\u00e9e est l&#8217;option id\u00e9ale pour les plongeurs certifi\u00e9s qui souhaitent perfectionner leurs comp\u00e9tences dans un environnement confortable et s\u00fbr.  <br>Une eau exceptionnellement chaude, une excellente visibilit\u00e9 et des profondeurs impressionnantes vous permettent de vous entra\u00eener \u00e0 votre propre rythme en vous concentrant sur la d\u00e9couverte de la beaut\u00e9 du monde sous-marin. Ce n&#8217;est pas seulement une formation, c&#8217;est un investissement dans votre exp\u00e9rience de plong\u00e9e. <br><br>\r\nQue proposons-nous ?<br>\ud83e\udee7 30 minutes sur le bord de la piscine avant votre plong\u00e9e. Votre temps pour vous \u00e9chauffer, vous d\u00e9tendre ou prendre un moment pour vous concentrer avant d&#8217;aller sous l&#8217;eau<br>\ud83e\udee7 90 minutes de plong\u00e9e. Plongez comme vous le souhaitez !  <br>\ud83e\udee7 Nous fournissons un \u00e9quipement de plong\u00e9e complet. En option : location d&#8217;un ordinateur de plong\u00e9e au prix de 45 z\u0142\/plong\u00e9e. <br><br>\r\nVous voulez tester votre propre \u00e9quipement ? Vous pouvez le faire gratuitement !<br>Apportez votre masque, votre tuba, vos palmes, vos appareils automatiques, votre gilet pare-balles ou votre ordinateur de plong\u00e9e.<br>Pour des raisons de s\u00e9curit\u00e9, les articles tels que les ceintures de s\u00e9curit\u00e9, les combinaisons de plong\u00e9e et les bou\u00e9es doivent \u00eatre neufs.  \u00cates-vous int\u00e9ress\u00e9 ? Contactez-nous avant votre visite ! info@deepspot.com<br><br>\r\nPlonger avec Buddy ou avec un instructeur ?<br>L&#8217;entra\u00eenement doit toujours se faire avec un partenaire de plong\u00e9e. Vous pouvez plonger avec votre Buddy ou \u00eatre assist\u00e9 par notre instructeur.<br>Le co\u00fbt d&#8217;un assistant est de \u00a3170. Jusqu&#8217;\u00e0 3 apn\u00e9istes de diff\u00e9rents niveaux et certifications peuvent \u00eatre assist\u00e9s.  <br><br>\r\nCela en vaut la peine car :<br>\ud83e\udee7 Vous vous entra\u00eenez dans la piscine la plus profonde d&#8217;Europe &#8211; jusqu&#8217;\u00e0 45 m\u00e8tres<br>\ud83e\udee7 Vous plongez dans des conditions exotiques &#8211; une eau claire \u00e0 32\u00b0C<br>\ud83e\udee7 Vous utilisez un \u00e9quipement moderne et r\u00e9guli\u00e8rement entretenu<br>\ud83e\udee7 Vous b\u00e9n\u00e9ficiez du soutien d&#8217;instructeurs internationaux exp\u00e9riment\u00e9s<br>\ud83e\udee7 C&#8217;est l&#8217;endroit id\u00e9al pour d\u00e9velopper la confiance et la technique.<br><br>\r\nR\u00e9servez un droit d&#8217;entr\u00e9e et plongez \u00e0 votre guise &#8211; tout ce qui se passe \u00e0 Deepspot est propice \u00e0 votre d\u00e9veloppement.<br><br><br>\r\nQu&#8217;est-ce qui vaut la peine d&#8217;\u00eatre connu ?<\/p>      <ul>            <li>\r\n              <p>Dur\u00e9e de l&#8217;accord<\/p>\r\n              <strong>90 minutes dans l&#8217;eau + 30 minutes de relaxation sur la planche<\/strong>\r\n            <\/li>\r\n                      <li>\r\n              <p>\u00c2ge minimum<\/p>\r\n              <strong>12 ans<\/strong>\r\n            <\/li>\r\n                      <li>\r\n              <p>Vous plongerez dans des profondeurs<\/p>\r\n              <strong>Conform\u00e9ment aux droits<\/strong>\r\n            <\/li>\r\n                      <li>\r\n              <p>En cadeau<\/p>\r\n              <strong>Courte vid\u00e9o souvenir d&#8217;un photomaton sous-marin<\/strong>\r\n            <\/li>\r\n                      <li>\r\n              <p>Nous fournissons<\/p>\r\n              <strong>Tout le mat\u00e9riel de plong\u00e9e n\u00e9cessaire. N&#8217;apportez avec vous que le maillot de bain, la serviette et les tongs. <\/strong>\r\n            <\/li>\r\n                      <li>\r\n              <p>N&#8217;oubliez pas<\/p>\r\n              <strong>Amusez-vous et nous vous insufflerons toute l&#8217;\u00e9nergie n\u00e9cessaire.<\/strong>\r\n            <\/li>\r\n                      <li>\r\n              <p>Prix<\/p>\r\n              <strong>de 244 PLN \u00e0 284 PLN<\/strong>\r\n            <\/li>\r\n          <\/ul>      <div class=\"button-list-wrap\"><div class=\"button-list button-type-both\"><div><a class=\"alternate_ybb\" href=\"https:\/\/cs.deepspot.com\/offer?steps=deepspot_pro_type-free_ticket&amp;language=1\" target=\"_self\"><img decoding=\"async\" lazy src=\"data:image\/gif;base64,R0lGODlhAQABAAD\/ACwAAAAAAQABAAACADs%3D\" data-src=\"https:\/\/eco3ygde435.exactdn.com\/wp-content\/uploads\/sites\/2\/2020\/08\/calendar-grid-58.png?strip=all\" alt=\"\"><strong>Zarezerwuj<\/strong><\/a><\/div><div><a class=\"alternate_ybb\" href=\"https:\/\/www.deepspot.com\/pl\/dla-kogo\/freediving\/pakiety-wejsc-freediving\/\" target=\"_self\"><img decoding=\"async\" lazy src=\"data:image\/gif;base64,R0lGODlhAQABAAD\/ACwAAAAAAQABAAACADs%3D\" data-src=\"https:\/\/eco3ygde435.exactdn.com\/wp-content\/uploads\/sites\/2\/2020\/08\/paper-diploma.png?strip=all\" alt=\"\"><strong>pakiety wej\u015b\u0107<\/strong><\/a><\/div><div><a class=\"alternate_ybb\" href=\"https:\/\/sklep.deepspot.com\/vouchery\/freediving\/dla-zaawansowanych\/wejsciowka-freediving\" target=\"_self\"><img decoding=\"async\" lazy src=\"data:image\/gif;base64,R0lGODlhAQABAAD\/ACwAAAAAAQABAAACADs%3D\" data-src=\"https:\/\/eco3ygde435.exactdn.com\/wp-content\/uploads\/sites\/2\/2020\/08\/paper-diploma.png?strip=all\" alt=\"\"><strong>kup voucher<\/strong><\/a><\/div><div><a class=\"css-default\" href=\"https:\/\/www.deepspot.com\/pl\/frequently-asked-questions\/?tab=4\" target=\"_self\"><img decoding=\"async\" lazy src=\"data:image\/gif;base64,R0lGODlhAQABAAD\/ACwAAAAAAQABAAACADs%3D\" data-src=\"https:\/\/eco3ygde435.exactdn.com\/wp-content\/uploads\/sites\/2\/2020\/08\/presentation.png?strip=all\" alt=\"\"><strong>faq<\/strong><\/a><\/div><div><a class=\"css-default\" href=\"https:\/\/www.deepspot.com\/wp-content\/uploads\/sites\/2\/2022\/09\/Limityglebokosci_DoPodpisywania_PL.pdf\" target=\"_blank\"><img decoding=\"async\" lazy src=\"data:image\/gif;base64,R0lGODlhAQABAAD\/ACwAAAAAAQABAAACADs%3D\" data-src=\"https:\/\/eco3ygde435.exactdn.com\/wp-content\/uploads\/sites\/2\/2020\/08\/presentation.png?strip=all\" alt=\"\"><strong>Limit g\u0142\u0119boko\u015bci<\/strong><\/a><\/div><\/div><\/div>    <\/div>\r\n  <\/div>\r\n<\/div><!-- block -->\r\n\n<div class=\"wp-block-columns is-layout-flex wp-container-core-columns-is-layout-9d6595d7 wp-block-columns-is-layout-flex\">\n<div class=\"wp-block-column is-vertically-aligned-center is-layout-flow wp-block-column-is-layout-flow\">\n<figure class=\"wp-block-embed is-type-video is-provider-youtube wp-block-embed-youtube wp-embed-aspect-16-9 wp-has-aspect-ratio\"><div class=\"wp-block-embed__wrapper\">\n<iframe loading=\"lazy\" title=\"Deepspot dla freediver\u00f3w\" width=\"640\" height=\"360\" src=\"https:\/\/www.youtube.com\/embed\/ZcUyZltz5Hc?start=22&#038;feature=oembed\" frameborder=\"0\" allow=\"accelerometer; autoplay; clipboard-write; encrypted-media; gyroscope; picture-in-picture; web-share\" referrerpolicy=\"strict-origin-when-cross-origin\" allowfullscreen><\/iframe>\n<\/div><figcaption class=\"wp-element-caption\">Point profond pour les apn\u00e9istes<\/figcaption><\/figure>\n<\/div>\n\n\n\n<div class=\"wp-block-column is-layout-flow wp-block-column-is-layout-flow\">\n<figure class=\"wp-block-embed is-type-video is-provider-youtube wp-block-embed-youtube wp-embed-aspect-16-9 wp-has-aspect-ratio\"><div class=\"wp-block-embed__wrapper\">\n<iframe loading=\"lazy\" title=\"3rd Deepspot Challenge 2023\" width=\"640\" height=\"360\" src=\"https:\/\/www.youtube.com\/embed\/SrCOeaBK_zM?feature=oembed\" frameborder=\"0\" allow=\"accelerometer; autoplay; clipboard-write; encrypted-media; gyroscope; picture-in-picture; web-share\" referrerpolicy=\"strict-origin-when-cross-origin\" allowfullscreen><\/iframe>\n<\/div><figcaption class=\"wp-element-caption\">Le d\u00e9fi du point profond<\/figcaption><\/figure>\n<\/div>\n<\/div>\n<div id=\"step-guide-icons-block_4fab210c8a846247ffa69fd292bb3cf0\" class=\"step-guide-icons-block\">\r\n  <div class=\"row container\">\r\n    <div>\r\n      <div class=\"title\">Pas \u00e0 pas<\/div>      <ul>            <li data-count=\"01\">\r\n              <div class=\"icon-wrap\"><img decoding=\"async\" lazy src=\"data:image\/gif;base64,R0lGODlhAQABAAD\/ACwAAAAAAQABAAACADs%3D\" data-src=\"\" alt=\"\"><\/div>\r\n              <p>Rassembler les participants &#8211; en solo, \u00e0 deux ou en groupe<br \/>\r\n<br \/>\r\n<\/p>\r\n                          <\/li>\r\n                      <li data-count=\"02\">\r\n              <div class=\"icon-wrap\"><img decoding=\"async\" lazy src=\"data:image\/gif;base64,R0lGODlhAQABAAD\/ACwAAAAAAQABAAACADs%3D\" data-src=\"\" alt=\"\"><\/div>\r\n              <p>Prenez votre rendez-vous &#8211; en ligne, rapidement et facilement<br \/>\r\n<br \/>\r\n<br \/>\r\n<\/p>\r\n                          <\/li>\r\n                      <li data-count=\"03\">\r\n              <div class=\"icon-wrap\"><img decoding=\"async\" lazy src=\"data:image\/gif;base64,R0lGODlhAQABAAD\/ACwAAAAAAQABAAACADs%3D\" data-src=\"\" alt=\"\"><\/div>\r\n              <p>Remplissez les coordonn\u00e9es des participants &#8211; via votre compte, cela ne prend qu&#8217;un instant.<br \/>\r\n<br \/>\r\n<\/p>\r\n                          <\/li>\r\n                      <li data-count=\"04\">\r\n              <div class=\"icon-wrap\"><img decoding=\"async\" lazy src=\"data:image\/gif;base64,R0lGODlhAQABAAD\/ACwAAAAAAQABAAACADs%3D\" data-src=\"\" alt=\"\"><\/div>\r\n              <p>Venez 30 minutes \u00e0 l&#8217;avance &#8211; vous pourrez vous pr\u00e9parer en toute tranquillit\u00e9<br \/>\r\n<\/p>\r\n                          <\/li>\r\n                      <li data-count=\"05\">\r\n              <div class=\"icon-wrap\"><img decoding=\"async\" lazy src=\"data:image\/gif;base64,R0lGODlhAQABAAD\/ACwAAAAAAQABAAACADs%3D\" data-src=\"\" alt=\"\"><\/div>\r\n              <p>Plongez &#8211; amusez-vous<br \/>\r\n<\/p>\r\n                          <\/li>\r\n                      <li data-count=\"06\">\r\n              <div class=\"icon-wrap\"><img decoding=\"async\" lazy src=\"data:image\/gif;base64,R0lGODlhAQABAAD\/ACwAAAAAAQABAAACADs%3D\" data-src=\"\" alt=\"\"><\/div>\r\n              <p>Attrapez le virus et revenez pour en savoir plus &#8211; la plong\u00e9e est addictive !<br \/>\r\n<\/p>\r\n                          <\/li>\r\n          <\/ul>    <\/div>\r\n  <\/div>\r\n<\/div><!-- block -->\r\n\n<p><\/p>\n","protected":false},"excerpt":{"rendered":"","protected":false},"author":3,"featured_media":52359,"parent":4767,"menu_order":5,"comment_status":"closed","ping_status":"closed","template":"","meta":{"_acf_changed":false,"footnotes":""},"class_list":["post-4779","page","type-page","status-publish","has-post-thumbnail","hentry"],"acf":[],"yoast_head":"<!-- This site is optimized with the Yoast SEO plugin v27.4 - https:\/\/yoast.com\/product\/yoast-seo-wordpress\/ -->\n<title>LAISSEZ-PASSER D&#039;APN\u00c9ISTE | Deepspot<\/title>\n<meta name=\"description\" content=\"LAISSEZ-PASSER D&#039;APN\u00c9ISTE\" \/>\n<meta name=\"robots\" content=\"index, follow, max-snippet:-1, max-image-preview:large, max-video-preview:-1\" \/>\n<link rel=\"canonical\" href=\"https:\/\/www.deepspot.com\/fr\/pour-qui\/apnee\/session-apnee\/\" \/>\n<meta property=\"og:locale\" content=\"fr_FR\" \/>\n<meta property=\"og:type\" content=\"article\" \/>\n<meta property=\"og:title\" content=\"LAISSEZ-PASSER D&#039;APN\u00c9ISTE | Deepspot\" \/>\n<meta property=\"og:description\" content=\"LAISSEZ-PASSER D&#039;APN\u00c9ISTE\" \/>\n<meta property=\"og:url\" content=\"https:\/\/www.deepspot.com\/fr\/pour-qui\/apnee\/session-apnee\/\" \/>\n<meta property=\"og:site_name\" content=\"Deepspot\" \/>\n<meta property=\"article:modified_time\" content=\"2025-09-22T09:24:44+00:00\" \/>\n<meta property=\"og:image\" content=\"https:\/\/eco3ygde435.exactdn.com\/wp-content\/uploads\/sites\/2\/2025\/06\/ko.jpg?strip=all\" \/>\n\t<meta property=\"og:image:width\" content=\"1512\" \/>\n\t<meta property=\"og:image:height\" content=\"750\" \/>\n\t<meta property=\"og:image:type\" content=\"image\/jpeg\" \/>\n<meta name=\"twitter:card\" content=\"summary_large_image\" \/>\n<script type=\"application\/ld+json\" class=\"yoast-schema-graph\">{\"@context\":\"https:\\\/\\\/schema.org\",\"@graph\":[{\"@type\":\"WebPage\",\"@id\":\"https:\\\/\\\/www.deepspot.com\\\/fr\\\/pour-qui\\\/apnee\\\/session-apnee\\\/\",\"url\":\"https:\\\/\\\/www.deepspot.com\\\/fr\\\/pour-qui\\\/apnee\\\/session-apnee\\\/\",\"name\":\"LAISSEZ-PASSER D'APN\u00c9ISTE | Deepspot\",\"isPartOf\":{\"@id\":\"https:\\\/\\\/www.deepspot.com\\\/pl\\\/#website\"},\"primaryImageOfPage\":{\"@id\":\"https:\\\/\\\/www.deepspot.com\\\/fr\\\/pour-qui\\\/apnee\\\/session-apnee\\\/#primaryimage\"},\"image\":{\"@id\":\"https:\\\/\\\/www.deepspot.com\\\/fr\\\/pour-qui\\\/apnee\\\/session-apnee\\\/#primaryimage\"},\"thumbnailUrl\":\"https:\\\/\\\/eco3ygde435.exactdn.com\\\/wp-content\\\/uploads\\\/sites\\\/2\\\/2025\\\/06\\\/ko.jpg?strip=all\",\"datePublished\":\"2020-08-24T11:27:14+00:00\",\"dateModified\":\"2025-09-22T09:24:44+00:00\",\"description\":\"LAISSEZ-PASSER D'APN\u00c9ISTE\",\"breadcrumb\":{\"@id\":\"https:\\\/\\\/www.deepspot.com\\\/fr\\\/pour-qui\\\/apnee\\\/session-apnee\\\/#breadcrumb\"},\"inLanguage\":\"fr-FR\",\"potentialAction\":[{\"@type\":\"ReadAction\",\"target\":[\"https:\\\/\\\/www.deepspot.com\\\/fr\\\/pour-qui\\\/apnee\\\/session-apnee\\\/\"]}]},{\"@type\":\"ImageObject\",\"inLanguage\":\"fr-FR\",\"@id\":\"https:\\\/\\\/www.deepspot.com\\\/fr\\\/pour-qui\\\/apnee\\\/session-apnee\\\/#primaryimage\",\"url\":\"https:\\\/\\\/eco3ygde435.exactdn.com\\\/wp-content\\\/uploads\\\/sites\\\/2\\\/2025\\\/06\\\/ko.jpg?strip=all\",\"contentUrl\":\"https:\\\/\\\/eco3ygde435.exactdn.com\\\/wp-content\\\/uploads\\\/sites\\\/2\\\/2025\\\/06\\\/ko.jpg?strip=all\",\"width\":1512,\"height\":750},{\"@type\":\"BreadcrumbList\",\"@id\":\"https:\\\/\\\/www.deepspot.com\\\/fr\\\/pour-qui\\\/apnee\\\/session-apnee\\\/#breadcrumb\",\"itemListElement\":[{\"@type\":\"ListItem\",\"position\":1,\"name\":\"Strona g\u0142\u00f3wna\",\"item\":\"https:\\\/\\\/www.deepspot.com\\\/fr\\\/\"},{\"@type\":\"ListItem\",\"position\":2,\"name\":\"Pour qui\",\"item\":\"https:\\\/\\\/www.deepspot.com\\\/fr\\\/pour-qui\\\/\"},{\"@type\":\"ListItem\",\"position\":3,\"name\":\"Plong\u00e9e en apn\u00e9e\",\"item\":\"https:\\\/\\\/www.deepspot.com\\\/fr\\\/pour-qui\\\/apnee\\\/\"},{\"@type\":\"ListItem\",\"position\":4,\"name\":\"LAISSEZ-PASSER D&#8217;APN\u00c9ISTE\"}]},{\"@type\":\"WebSite\",\"@id\":\"https:\\\/\\\/www.deepspot.com\\\/pl\\\/#website\",\"url\":\"https:\\\/\\\/www.deepspot.com\\\/pl\\\/\",\"name\":\"Deepspot\",\"description\":\"Une nouvelle dimension de la plong\u00e9e\",\"potentialAction\":[{\"@type\":\"SearchAction\",\"target\":{\"@type\":\"EntryPoint\",\"urlTemplate\":\"https:\\\/\\\/www.deepspot.com\\\/pl\\\/?s={search_term_string}\"},\"query-input\":{\"@type\":\"PropertyValueSpecification\",\"valueRequired\":true,\"valueName\":\"search_term_string\"}}],\"inLanguage\":\"fr-FR\"}]}<\/script>\n<!-- \/ Yoast SEO plugin. -->","yoast_head_json":{"title":"LAISSEZ-PASSER D'APN\u00c9ISTE | Deepspot","description":"LAISSEZ-PASSER D'APN\u00c9ISTE","robots":{"index":"index","follow":"follow","max-snippet":"max-snippet:-1","max-image-preview":"max-image-preview:large","max-video-preview":"max-video-preview:-1"},"canonical":"https:\/\/www.deepspot.com\/fr\/pour-qui\/apnee\/session-apnee\/","og_locale":"fr_FR","og_type":"article","og_title":"LAISSEZ-PASSER D'APN\u00c9ISTE | Deepspot","og_description":"LAISSEZ-PASSER D'APN\u00c9ISTE","og_url":"https:\/\/www.deepspot.com\/fr\/pour-qui\/apnee\/session-apnee\/","og_site_name":"Deepspot","article_modified_time":"2025-09-22T09:24:44+00:00","og_image":[{"width":1512,"height":750,"url":"https:\/\/eco3ygde435.exactdn.com\/wp-content\/uploads\/sites\/2\/2025\/06\/ko.jpg?strip=all","type":"image\/jpeg"}],"twitter_card":"summary_large_image","schema":{"@context":"https:\/\/schema.org","@graph":[{"@type":"WebPage","@id":"https:\/\/www.deepspot.com\/fr\/pour-qui\/apnee\/session-apnee\/","url":"https:\/\/www.deepspot.com\/fr\/pour-qui\/apnee\/session-apnee\/","name":"LAISSEZ-PASSER D'APN\u00c9ISTE | Deepspot","isPartOf":{"@id":"https:\/\/www.deepspot.com\/pl\/#website"},"primaryImageOfPage":{"@id":"https:\/\/www.deepspot.com\/fr\/pour-qui\/apnee\/session-apnee\/#primaryimage"},"image":{"@id":"https:\/\/www.deepspot.com\/fr\/pour-qui\/apnee\/session-apnee\/#primaryimage"},"thumbnailUrl":"https:\/\/eco3ygde435.exactdn.com\/wp-content\/uploads\/sites\/2\/2025\/06\/ko.jpg?strip=all","datePublished":"2020-08-24T11:27:14+00:00","dateModified":"2025-09-22T09:24:44+00:00","description":"LAISSEZ-PASSER D'APN\u00c9ISTE","breadcrumb":{"@id":"https:\/\/www.deepspot.com\/fr\/pour-qui\/apnee\/session-apnee\/#breadcrumb"},"inLanguage":"fr-FR","potentialAction":[{"@type":"ReadAction","target":["https:\/\/www.deepspot.com\/fr\/pour-qui\/apnee\/session-apnee\/"]}]},{"@type":"ImageObject","inLanguage":"fr-FR","@id":"https:\/\/www.deepspot.com\/fr\/pour-qui\/apnee\/session-apnee\/#primaryimage","url":"https:\/\/eco3ygde435.exactdn.com\/wp-content\/uploads\/sites\/2\/2025\/06\/ko.jpg?strip=all","contentUrl":"https:\/\/eco3ygde435.exactdn.com\/wp-content\/uploads\/sites\/2\/2025\/06\/ko.jpg?strip=all","width":1512,"height":750},{"@type":"BreadcrumbList","@id":"https:\/\/www.deepspot.com\/fr\/pour-qui\/apnee\/session-apnee\/#breadcrumb","itemListElement":[{"@type":"ListItem","position":1,"name":"Strona g\u0142\u00f3wna","item":"https:\/\/www.deepspot.com\/fr\/"},{"@type":"ListItem","position":2,"name":"Pour qui","item":"https:\/\/www.deepspot.com\/fr\/pour-qui\/"},{"@type":"ListItem","position":3,"name":"Plong\u00e9e en apn\u00e9e","item":"https:\/\/www.deepspot.com\/fr\/pour-qui\/apnee\/"},{"@type":"ListItem","position":4,"name":"LAISSEZ-PASSER D&#8217;APN\u00c9ISTE"}]},{"@type":"WebSite","@id":"https:\/\/www.deepspot.com\/pl\/#website","url":"https:\/\/www.deepspot.com\/pl\/","name":"Deepspot","description":"Une nouvelle dimension de la plong\u00e9e","potentialAction":[{"@type":"SearchAction","target":{"@type":"EntryPoint","urlTemplate":"https:\/\/www.deepspot.com\/pl\/?s={search_term_string}"},"query-input":{"@type":"PropertyValueSpecification","valueRequired":true,"valueName":"search_term_string"}}],"inLanguage":"fr-FR"}]}},"_links":{"self":[{"href":"https:\/\/www.deepspot.com\/fr\/wp-json\/wp\/v2\/pages\/4779","targetHints":{"allow":["GET"]}}],"collection":[{"href":"https:\/\/www.deepspot.com\/fr\/wp-json\/wp\/v2\/pages"}],"about":[{"href":"https:\/\/www.deepspot.com\/fr\/wp-json\/wp\/v2\/types\/page"}],"author":[{"embeddable":true,"href":"https:\/\/www.deepspot.com\/fr\/wp-json\/wp\/v2\/users\/3"}],"replies":[{"embeddable":true,"href":"https:\/\/www.deepspot.com\/fr\/wp-json\/wp\/v2\/comments?post=4779"}],"version-history":[{"count":72,"href":"https:\/\/www.deepspot.com\/fr\/wp-json\/wp\/v2\/pages\/4779\/revisions"}],"predecessor-version":[{"id":56609,"href":"https:\/\/www.deepspot.com\/fr\/wp-json\/wp\/v2\/pages\/4779\/revisions\/56609"}],"up":[{"embeddable":true,"href":"https:\/\/www.deepspot.com\/fr\/wp-json\/wp\/v2\/pages\/4767"}],"wp:featuredmedia":[{"embeddable":true,"href":"https:\/\/www.deepspot.com\/fr\/wp-json\/wp\/v2\/media\/52359"}],"wp:attachment":[{"href":"https:\/\/www.deepspot.com\/fr\/wp-json\/wp\/v2\/media?parent=4779"}],"curies":[{"name":"wp","href":"https:\/\/api.w.org\/{rel}","templated":true}]}}