{"id":55730,"date":"2025-08-25T09:48:34","date_gmt":"2025-08-25T07:48:34","guid":{"rendered":"https:\/\/www.deepspot.com\/?page_id=55730"},"modified":"2025-10-29T12:24:42","modified_gmt":"2025-10-29T11:24:42","slug":"sirene-de-locean","status":"publish","type":"page","link":"https:\/\/www.deepspot.com\/fr\/pour-qui\/apnee\/sirene-de-locean\/","title":{"rendered":"COURS DE MONOFIN"},"content":{"rendered":"<div id=\"hero-block_0c8f7eae25b399496296dc2bfb9f49a2\" class=\"hero-block\">\r\n  <div class=\"row outer-container\">\r\n    <div>\r\n      <img decoding=\"async\" lazy src=\"data:image\/gif;base64,R0lGODlhAQABAAD\/ACwAAAAAAQABAAACADs%3D\" data-src=\"https:\/\/eco3ygde435.exactdn.com\/wp-content\/uploads\/sites\/2\/2025\/10\/popopo.jpg?strip=all\" alt=\"\">\r\n          <\/div>\r\n    <div>\r\n      <h2>MONOFIN &#8211; LE NIVEAU SUP\u00c9RIEUR DE L&#8217;APN\u00c9E<\/h2><p>Mettez-vous \u00e0 l&#8217;eau et apprenez la technique qui permet d&#8217;\u00e9tablir les records du monde en apn\u00e9e. Le monoplan engage tout votre corps, vous donne de la fluidit\u00e9 et une sensation compl\u00e8tement nouvelle &#8211; diff\u00e9rente du mouvement de ciseaux classique. C&#8217;est la prochaine \u00e9tape de votre aventure sous-marine.   Ressentez la puissance du mouvement des dauphins et d\u00e9couvrez une libert\u00e9 comme vous n&#8217;en avez jamais connue.<\/p>    <\/div>\r\n  <\/div>\r\n<\/div><!-- block -->\r\n<div id=\"product-details-block_28d26b26034e486c62a8f57a08476e9c\" class=\"product-details-block\">\r\n  <div class=\"row container\">\r\n    <div>\r\n      <h2 class=\"title\">Description des attractions<\/h2>      <p class=\"desc\">Le cours MONOFIN est destin\u00e9 aux personnes poss\u00e9dant un brevet d&#8217;apn\u00e9e de base (min. Freediver SSI ou \u00e9quivalent) qui souhaitent \u00e9tendre leurs comp\u00e9tences au mouvement du dauphin, une technique qui implique tout le corps et procure une sensation totalement nouvelle. Il s&#8217;agit d&#8217;une fa\u00e7on de bouger diff\u00e9rente du mouvement de ciseaux classique, plus fluide, dynamique et efficace.   <br>\r\nC&#8217;est avec le monoplan que sont \u00e9tablis tous les records du monde en apn\u00e9e, et il est utilis\u00e9 dans les disciplines de vitesse depuis des ann\u00e9es. Il vaut donc la peine de ma\u00eetriser cette technique, que vous l&#8217;essayiez pour la premi\u00e8re fois ou que vous l&#8217;utilisiez d\u00e9j\u00e0 naturellement.   <br><br>\r\nPendant le cours, vous apprendrez l&#8217;ex\u00e9cution correcte du mouvement, des exercices pour soutenir son d\u00e9veloppement et vous travaillerez la mobilit\u00e9 pour prendre la position id\u00e9ale dans l&#8217;eau.  <br><br>\r\nPlongez dans l&#8217;offre, surtout si : <br>\ud83e\udee7 Vous r\u00eavez de la fluidit\u00e9 et de la puissance du mouvement des dauphins<br>\ud83e\udee7 Vous voulez d\u00e9couvrir la technique avec laquelle les records du monde sont battus<br>\ud83e\udee7 Vous \u00eates \u00e0 la recherche d&#8217;un d\u00e9fi qui engage tout votre corps et vous procure de nouvelles sensations<br>\ud83e\udee7 Vous aimez apprendre quelque chose qui combine la performance athl\u00e9tique avec un sentiment de l\u00e9g\u00e8ret\u00e9 dans l&#8217;eau.<br><br>\r\nCe que nous offrons<br>\ud83e\udee7 Introduction comprenant la th\u00e9orie, la pratique et l&#8217;approche individuelle<br>\ud83e\udee7 Exercices dans l&#8217;eau, de l&#8217;apprentissage en eaux peu profondes \u00e0 la plong\u00e9e jusqu&#8217;\u00e0 la profondeur sp\u00e9cifi\u00e9e par votre m\u00e8tre de certification<br>\ud83e\udee7 Tout ce dont vous avez besoin est inclus dans le prix. Tout le mat\u00e9riel n\u00e9cessaire est fourni par nos soins<br>\ud83e\udee7 Groupes intimes ou cours individuels. Nous adaptons toujours le rythme \u00e0 vos besoins    <br><br>\r\nLes cours sont dispens\u00e9s en petits groupes &#8211; un maximum de 4 personnes par instructeur &#8211; ce qui vous donne l&#8217;assurance que chaque respiration sera calme et que chaque question recevra une r\u00e9ponse.  <br><br>\r\nCela en vaut la peine parce que :<br>\ud83e\udee7 Vous vous entra\u00eenez dans la piscine la plus profonde d&#8217;Europe &#8211; jusqu&#8217;\u00e0 45 m\u00e8tres<br>\ud83e\udee7 Vous plongez dans des conditions exotiques &#8211; une eau claire \u00e0 32\u00b0C<br>\ud83e\udee7 Vous utilisez un \u00e9quipement moderne et r\u00e9guli\u00e8rement entretenu<br>\ud83e\udee7 Vous b\u00e9n\u00e9ficiez du soutien d&#8217;instructeurs internationaux exp\u00e9riment\u00e9s<br>\ud83e\udee7 C&#8217;est l&#8217;endroit id\u00e9al pour acqu\u00e9rir de la confiance et une bonne technique.<br><br>\r\n\u00c0 l&#8217;issue de la formation, vous recevrez un certificat international de Monofin de l&#8217;organisation SSI.\r\n<br><br><br>\r\nQu&#8217;est-ce qui vaut la peine d&#8217;\u00eatre connu ?\r\n<\/p>      <ul>            <li>\r\n              <p>Dur\u00e9e de l&#8217;accord<\/p>\r\n              <strong>2 jours, (environ 16h, dont 4 s\u00e9ances en piscine)<\/strong>\r\n            <\/li>\r\n                      <li>\r\n              <p>\u00c2ge minimum du participant<\/p>\r\n              <strong>12 ans<\/strong>\r\n            <\/li>\r\n                      <li>\r\n              <p>Vous plongerez dans des profondeurs<\/p>\r\n              <strong>d\u00e9termin\u00e9 par la certification<\/strong>\r\n            <\/li>\r\n                      <li>\r\n              <p>En cadeau<\/p>\r\n              <strong>courte vid\u00e9o du photobooth sous-marin<\/strong>\r\n            <\/li>\r\n                      <li>\r\n              <p>Nous fournissons<\/p>\r\n              <strong>Tout le mat\u00e9riel de plong\u00e9e. N&#8217;apportez avec vous que le maillot de bain, la serviette et les tongs. <\/strong>\r\n            <\/li>\r\n                      <li>\r\n              <p>N&#8217;oubliez pas<\/p>\r\n              <strong>Amusez-vous et nous vous insufflerons toute l&#8217;\u00e9nergie n\u00e9cessaire.<\/strong>\r\n            <\/li>\r\n                      <li>\r\n              <p>Prix<\/p>\r\n              <strong>1 999 PLN<\/strong>\r\n            <\/li>\r\n          <\/ul>      <div class=\"button-list-wrap\"><div class=\"button-list button-type-both\"><div><a class=\"alternate_ybb\" href=\"https:\/\/cs.deepspot.com\/offer?steps=deepspot_diving-courses_wait-for-diving-course-list_57\" target=\"_self\"><img decoding=\"async\" lazy src=\"data:image\/gif;base64,R0lGODlhAQABAAD\/ACwAAAAAAQABAAACADs%3D\" data-src=\"https:\/\/eco3ygde435.exactdn.com\/wp-content\/uploads\/sites\/2\/2020\/08\/calendar-grid-58.png?strip=all\" alt=\"\"><strong>Zarezerwuj<\/strong><\/a><\/div><div><a class=\"alternate_ybb\" href=\"https:\/\/sklep.deepspot.com\/vouchery\/kurs-monofin\" target=\"_self\"><img decoding=\"async\" lazy src=\"data:image\/gif;base64,R0lGODlhAQABAAD\/ACwAAAAAAQABAAACADs%3D\" data-src=\"https:\/\/eco3ygde435.exactdn.com\/wp-content\/uploads\/sites\/2\/2020\/08\/paper-diploma.png?strip=all\" alt=\"\"><strong>Zam\u00f3w voucher<\/strong><\/a><\/div><\/div><\/div>    <\/div>\r\n  <\/div>\r\n<\/div><!-- block -->\r\n<p><strong>SANT\u00c9<\/strong><br data-rich-text-line-break=\"true\">La plong\u00e9e est un sport de loisir accessible \u00e0 presque tout le monde. Si vous \u00eates en bonne sant\u00e9, vous n&#8217;avez probablement pas besoin de l&#8217;autorisation de votre m\u00e9decin, m\u00eame si elle peut s&#8217;av\u00e9rer n\u00e9cessaire dans certains cas particuliers. Si vous voulez en \u00eatre s\u00fbr, vous pouvez consulter la norme<br data-rich-text-line-break=\"true\"><a href=\"https:\/\/eco3ygde435.exactdn.com\/wp-content\/uploads\/sites\/2\/2023\/10\/TR-MEDICAL-DIVER_Polish.pdf\" target=\"_blank\" rel=\"noreferrer noopener\">formulaire m\u00e9dical<\/a>.<\/p>\n<div id=\"step-guide-icons-block_dfe4078649d147ff1b813a6820e119a7\" class=\"step-guide-icons-block\">\r\n  <div class=\"row container\">\r\n    <div>\r\n      <div class=\"title\">Pas \u00e0 pas<\/div>      <ul>            <li data-count=\"01\">\r\n              <div class=\"icon-wrap\"><img decoding=\"async\" lazy src=\"data:image\/gif;base64,R0lGODlhAQABAAD\/ACwAAAAAAQABAAACADs%3D\" data-src=\"\" alt=\"\"><\/div>\r\n              <p>Rassembler les participants &#8211; en solo, \u00e0 deux ou en groupe<br \/>\r\n<br \/>\r\n<\/p>\r\n                          <\/li>\r\n                      <li data-count=\"02\">\r\n              <div class=\"icon-wrap\"><img decoding=\"async\" lazy src=\"data:image\/gif;base64,R0lGODlhAQABAAD\/ACwAAAAAAQABAAACADs%3D\" data-src=\"\" alt=\"\"><\/div>\r\n              <p>Prenez votre rendez-vous &#8211; en ligne, rapidement et facilement<br \/>\r\n<br \/>\r\n<\/p>\r\n                          <\/li>\r\n                      <li data-count=\"03\">\r\n              <div class=\"icon-wrap\"><img decoding=\"async\" lazy src=\"data:image\/gif;base64,R0lGODlhAQABAAD\/ACwAAAAAAQABAAACADs%3D\" data-src=\"\" alt=\"\"><\/div>\r\n              <p>Remplissez les coordonn\u00e9es des participants &#8211; via votre compte, cela ne prend qu&#8217;un instant.<br \/>\r\n<\/p>\r\n                          <\/li>\r\n                      <li data-count=\"04\">\r\n              <div class=\"icon-wrap\"><img decoding=\"async\" lazy src=\"data:image\/gif;base64,R0lGODlhAQABAAD\/ACwAAAAAAQABAAACADs%3D\" data-src=\"\" alt=\"\"><\/div>\r\n              <p>Venez 30 minutes \u00e0 l&#8217;avance &#8211; vous pourrez vous pr\u00e9parer en toute tranquillit\u00e9<br \/>\r\n<br \/>\r\n<\/p>\r\n                          <\/li>\r\n                      <li data-count=\"05\">\r\n              <div class=\"icon-wrap\"><img decoding=\"async\" lazy src=\"data:image\/gif;base64,R0lGODlhAQABAAD\/ACwAAAAAAQABAAACADs%3D\" data-src=\"\" alt=\"\"><\/div>\r\n              <p>Plongez &#8211; amusez-vous<br \/>\r\n<br \/>\r\n<\/p>\r\n                          <\/li>\r\n                      <li data-count=\"06\">\r\n              <div class=\"icon-wrap\"><img decoding=\"async\" lazy src=\"data:image\/gif;base64,R0lGODlhAQABAAD\/ACwAAAAAAQABAAACADs%3D\" data-src=\"\" alt=\"\"><\/div>\r\n              <p>Attrapez le virus et revenez pour en savoir plus &#8211; la plong\u00e9e est addictive !<br \/>\r\n<br \/>\r\n<\/p>\r\n                          <\/li>\r\n          <\/ul>    <\/div>\r\n  <\/div>\r\n<\/div><!-- block -->\r\n<div id=\"download-block_fb8aa623e21522afce462d5e026e9711\" class=\"download-block\">\r\n  <div class=\"row container\">\r\n    <div>\r\n      <h2 class=\"title\">documents et conditions<\/h2>      <ul>            <li>\r\n              <a href=\"https:\/\/eco3ygde435.exactdn.com\/wp-content\/uploads\/sites\/2\/2020\/08\/pc-play-media.png?strip=all&w=2560\" download>\r\n                <div>\r\n                  <img decoding=\"async\" lazy src=\"data:image\/gif;base64,R0lGODlhAQABAAD\/ACwAAAAAAQABAAACADs%3D\" data-src=\"https:\/\/www.deepspot.com\/wp-content\/themes\/deepspotflyspotWPML\/images\/dots-download.svg\">\r\n                  <p>Documents \u00e0 remplir avant de commencer le cours<\/p>\r\n                <\/div>\r\n              <\/a>\r\n            <\/li>\r\n                      <li>\r\n              <a href=\"https:\/\/eco3ygde435.exactdn.com\/wp-content\/uploads\/sites\/2\/2020\/08\/60min.png?strip=all&w=2560\" download>\r\n                <div>\r\n                  <img decoding=\"async\" lazy src=\"data:image\/gif;base64,R0lGODlhAQABAAD\/ACwAAAAAAQABAAACADs%3D\" data-src=\"https:\/\/www.deepspot.com\/wp-content\/themes\/deepspotflyspotWPML\/images\/dots-download.svg\">\r\n                  <p>conditions relatives \u00e0 la participation au cours<\/p>\r\n                <\/div>\r\n              <\/a>\r\n            <\/li>\r\n          <\/ul>    <\/div>\r\n  <\/div>\r\n<\/div><!-- block -->\r\n","protected":false},"excerpt":{"rendered":"<p>SANT\u00c9La plong\u00e9e est un sport de loisir accessible \u00e0 presque tout le monde. Si vous \u00eates en bonne sant\u00e9, vous n&#8217;avez probablement pas besoin de l&#8217;autorisation de votre m\u00e9decin, m\u00eame si elle peut s&#8217;av\u00e9rer n\u00e9cessaire dans certains cas particuliers. Si vous voulez en \u00eatre s\u00fbr, vous pouvez consulter la normeformulaire m\u00e9dical.<\/p>\n","protected":false},"author":18,"featured_media":0,"parent":4767,"menu_order":5555,"comment_status":"closed","ping_status":"closed","template":"","meta":{"_acf_changed":false,"footnotes":""},"class_list":["post-55730","page","type-page","status-publish","hentry"],"acf":[],"yoast_head":"<!-- This site is optimized with the Yoast SEO plugin v27.4 - https:\/\/yoast.com\/product\/yoast-seo-wordpress\/ -->\n<title>COURS DE MONOFIN | Deepspot<\/title>\n<meta name=\"description\" content=\"COURS DE MONOFIN\" \/>\n<meta name=\"robots\" content=\"index, follow, max-snippet:-1, max-image-preview:large, max-video-preview:-1\" \/>\n<link rel=\"canonical\" href=\"https:\/\/www.deepspot.com\/fr\/pour-qui\/apnee\/sirene-de-locean\/\" \/>\n<meta property=\"og:locale\" content=\"fr_FR\" \/>\n<meta property=\"og:type\" content=\"article\" \/>\n<meta property=\"og:title\" content=\"COURS DE MONOFIN | Deepspot\" \/>\n<meta property=\"og:description\" content=\"COURS DE MONOFIN\" \/>\n<meta property=\"og:url\" content=\"https:\/\/www.deepspot.com\/fr\/pour-qui\/apnee\/sirene-de-locean\/\" \/>\n<meta property=\"og:site_name\" content=\"Deepspot\" \/>\n<meta property=\"article:modified_time\" content=\"2025-10-29T11:24:42+00:00\" \/>\n<meta name=\"twitter:card\" content=\"summary_large_image\" \/>\n<script type=\"application\/ld+json\" class=\"yoast-schema-graph\">{\"@context\":\"https:\\\/\\\/schema.org\",\"@graph\":[{\"@type\":\"WebPage\",\"@id\":\"https:\\\/\\\/www.deepspot.com\\\/fr\\\/pour-qui\\\/apnee\\\/sirene-de-locean\\\/\",\"url\":\"https:\\\/\\\/www.deepspot.com\\\/fr\\\/pour-qui\\\/apnee\\\/sirene-de-locean\\\/\",\"name\":\"COURS DE MONOFIN | Deepspot\",\"isPartOf\":{\"@id\":\"https:\\\/\\\/www.deepspot.com\\\/pl\\\/#website\"},\"datePublished\":\"2025-08-25T07:48:34+00:00\",\"dateModified\":\"2025-10-29T11:24:42+00:00\",\"description\":\"COURS DE MONOFIN\",\"breadcrumb\":{\"@id\":\"https:\\\/\\\/www.deepspot.com\\\/fr\\\/pour-qui\\\/apnee\\\/sirene-de-locean\\\/#breadcrumb\"},\"inLanguage\":\"fr-FR\",\"potentialAction\":[{\"@type\":\"ReadAction\",\"target\":[\"https:\\\/\\\/www.deepspot.com\\\/fr\\\/pour-qui\\\/apnee\\\/sirene-de-locean\\\/\"]}]},{\"@type\":\"BreadcrumbList\",\"@id\":\"https:\\\/\\\/www.deepspot.com\\\/fr\\\/pour-qui\\\/apnee\\\/sirene-de-locean\\\/#breadcrumb\",\"itemListElement\":[{\"@type\":\"ListItem\",\"position\":1,\"name\":\"Strona g\u0142\u00f3wna\",\"item\":\"https:\\\/\\\/www.deepspot.com\\\/fr\\\/\"},{\"@type\":\"ListItem\",\"position\":2,\"name\":\"Pour qui\",\"item\":\"https:\\\/\\\/www.deepspot.com\\\/fr\\\/pour-qui\\\/\"},{\"@type\":\"ListItem\",\"position\":3,\"name\":\"Plong\u00e9e en apn\u00e9e\",\"item\":\"https:\\\/\\\/www.deepspot.com\\\/fr\\\/pour-qui\\\/apnee\\\/\"},{\"@type\":\"ListItem\",\"position\":4,\"name\":\"COURS DE MONOFIN\"}]},{\"@type\":\"WebSite\",\"@id\":\"https:\\\/\\\/www.deepspot.com\\\/pl\\\/#website\",\"url\":\"https:\\\/\\\/www.deepspot.com\\\/pl\\\/\",\"name\":\"Deepspot\",\"description\":\"Une nouvelle dimension de la plong\u00e9e\",\"potentialAction\":[{\"@type\":\"SearchAction\",\"target\":{\"@type\":\"EntryPoint\",\"urlTemplate\":\"https:\\\/\\\/www.deepspot.com\\\/pl\\\/?s={search_term_string}\"},\"query-input\":{\"@type\":\"PropertyValueSpecification\",\"valueRequired\":true,\"valueName\":\"search_term_string\"}}],\"inLanguage\":\"fr-FR\"}]}<\/script>\n<!-- \/ Yoast SEO plugin. -->","yoast_head_json":{"title":"COURS DE MONOFIN | Deepspot","description":"COURS DE MONOFIN","robots":{"index":"index","follow":"follow","max-snippet":"max-snippet:-1","max-image-preview":"max-image-preview:large","max-video-preview":"max-video-preview:-1"},"canonical":"https:\/\/www.deepspot.com\/fr\/pour-qui\/apnee\/sirene-de-locean\/","og_locale":"fr_FR","og_type":"article","og_title":"COURS DE MONOFIN | Deepspot","og_description":"COURS DE MONOFIN","og_url":"https:\/\/www.deepspot.com\/fr\/pour-qui\/apnee\/sirene-de-locean\/","og_site_name":"Deepspot","article_modified_time":"2025-10-29T11:24:42+00:00","twitter_card":"summary_large_image","schema":{"@context":"https:\/\/schema.org","@graph":[{"@type":"WebPage","@id":"https:\/\/www.deepspot.com\/fr\/pour-qui\/apnee\/sirene-de-locean\/","url":"https:\/\/www.deepspot.com\/fr\/pour-qui\/apnee\/sirene-de-locean\/","name":"COURS DE MONOFIN | Deepspot","isPartOf":{"@id":"https:\/\/www.deepspot.com\/pl\/#website"},"datePublished":"2025-08-25T07:48:34+00:00","dateModified":"2025-10-29T11:24:42+00:00","description":"COURS DE MONOFIN","breadcrumb":{"@id":"https:\/\/www.deepspot.com\/fr\/pour-qui\/apnee\/sirene-de-locean\/#breadcrumb"},"inLanguage":"fr-FR","potentialAction":[{"@type":"ReadAction","target":["https:\/\/www.deepspot.com\/fr\/pour-qui\/apnee\/sirene-de-locean\/"]}]},{"@type":"BreadcrumbList","@id":"https:\/\/www.deepspot.com\/fr\/pour-qui\/apnee\/sirene-de-locean\/#breadcrumb","itemListElement":[{"@type":"ListItem","position":1,"name":"Strona g\u0142\u00f3wna","item":"https:\/\/www.deepspot.com\/fr\/"},{"@type":"ListItem","position":2,"name":"Pour qui","item":"https:\/\/www.deepspot.com\/fr\/pour-qui\/"},{"@type":"ListItem","position":3,"name":"Plong\u00e9e en apn\u00e9e","item":"https:\/\/www.deepspot.com\/fr\/pour-qui\/apnee\/"},{"@type":"ListItem","position":4,"name":"COURS DE MONOFIN"}]},{"@type":"WebSite","@id":"https:\/\/www.deepspot.com\/pl\/#website","url":"https:\/\/www.deepspot.com\/pl\/","name":"Deepspot","description":"Une nouvelle dimension de la plong\u00e9e","potentialAction":[{"@type":"SearchAction","target":{"@type":"EntryPoint","urlTemplate":"https:\/\/www.deepspot.com\/pl\/?s={search_term_string}"},"query-input":{"@type":"PropertyValueSpecification","valueRequired":true,"valueName":"search_term_string"}}],"inLanguage":"fr-FR"}]}},"_links":{"self":[{"href":"https:\/\/www.deepspot.com\/fr\/wp-json\/wp\/v2\/pages\/55730","targetHints":{"allow":["GET"]}}],"collection":[{"href":"https:\/\/www.deepspot.com\/fr\/wp-json\/wp\/v2\/pages"}],"about":[{"href":"https:\/\/www.deepspot.com\/fr\/wp-json\/wp\/v2\/types\/page"}],"author":[{"embeddable":true,"href":"https:\/\/www.deepspot.com\/fr\/wp-json\/wp\/v2\/users\/18"}],"replies":[{"embeddable":true,"href":"https:\/\/www.deepspot.com\/fr\/wp-json\/wp\/v2\/comments?post=55730"}],"version-history":[{"count":23,"href":"https:\/\/www.deepspot.com\/fr\/wp-json\/wp\/v2\/pages\/55730\/revisions"}],"predecessor-version":[{"id":57852,"href":"https:\/\/www.deepspot.com\/fr\/wp-json\/wp\/v2\/pages\/55730\/revisions\/57852"}],"up":[{"embeddable":true,"href":"https:\/\/www.deepspot.com\/fr\/wp-json\/wp\/v2\/pages\/4767"}],"wp:attachment":[{"href":"https:\/\/www.deepspot.com\/fr\/wp-json\/wp\/v2\/media?parent=55730"}],"curies":[{"name":"wp","href":"https:\/\/api.w.org\/{rel}","templated":true}]}}