{"id":56336,"date":"2025-09-16T15:59:27","date_gmt":"2025-09-16T13:59:27","guid":{"rendered":"https:\/\/www.deepspot.com\/?page_id=56336"},"modified":"2025-09-16T15:59:44","modified_gmt":"2025-09-16T13:59:44","slug":"essayez-la-sirene-2","status":"publish","type":"page","link":"https:\/\/www.deepspot.com\/fr\/pour-qui\/apnee\/essayez-la-sirene-2\/","title":{"rendered":"Sir\u00e8ne"},"content":{"rendered":"<div id=\"hero-block_cd68b196e1badbce280975ef50717da2\" class=\"hero-block\">\r\n  <div class=\"row outer-container\">\r\n    <div>\r\n      <img decoding=\"async\" lazy src=\"data:image\/gif;base64,R0lGODlhAQABAAD\/ACwAAAAAAQABAAACADs%3D\" data-src=\"https:\/\/eco3ygde435.exactdn.com\/wp-content\/uploads\/sites\/2\/2025\/08\/Obraz1syrsyrenka.jpg?strip=all\" alt=\"\">\r\n          <\/div>\r\n    <div>\r\n      <h2>R\u00e9alisez un r\u00eave &#8211; devenez une sir\u00e8ne<\/h2><p>Entrez dans l&#8217;eau et r\u00e9alisez votre r\u00eave de sir\u00e8ne. Avec une queue color\u00e9e, des conditions uniques et la magie du moment, vous d\u00e9couvrirez une toute nouvelle fa\u00e7on de vous amuser et de bouger sous l&#8217;eau. Try Mermaid est un cours qui vous permet de vivre une exp\u00e9rience extraordinaire, car qui d&#8217;entre nous n&#8217;a pas r\u00eav\u00e9 au moins une fois de devenir un h\u00e9ros de conte de f\u00e9es ?  <\/p>    <\/div>\r\n  <\/div>\r\n<\/div><!-- block -->\r\n<div id=\"product-details-block_8f88faafdd783cde050cf561787f1244\" class=\"product-details-block\">\r\n  <div class=\"row container\">\r\n    <div>\r\n      <h2 class=\"title\">Description des attractions<\/h2>      <p class=\"desc\">Plongez et r\u00e9alisez votre r\u00eave de sir\u00e8ne. Avec une queue color\u00e9e et la magie du moment, vous d\u00e9couvrirez une nouvelle fa\u00e7on de vous amuser et de bouger sous l&#8217;eau. Try Mermaid est un cours qui vous permet de vivre une exp\u00e9rience hors du commun, car qui d&#8217;entre nous n&#8217;a pas r\u00eav\u00e9 au moins une fois de devenir un h\u00e9ros de conte de f\u00e9es ?    <br><br>\r\nPlongez dans l&#8217;offre, surtout si :<br>\r\n\ud83e\udee7 Vous voulez d\u00e9couvrir la magie de la plong\u00e9e en queue de pie<br>\ud83e\udee7 Vous pensez au mermaiding mais vous n&#8217;\u00eates pas encore pr\u00eat pour un cours complet<br>\ud83e\udee7 Vous aimez l&#8217;eau et vous voulez d\u00e9couvrir une nouvelle fa\u00e7on magique de vous d\u00e9placer sous la surface.<br><br>\r\nQue proposons-nous ?\r\n<br>\ud83e\udee7 Introduction \u00e0 la plong\u00e9e sous-marine comprenant la th\u00e9orie, la pratique et l&#8217;approche individuelle<br>\ud83e\udee7 Exercices dans l&#8217;eau, de l&#8217;apprentissage en eau peu profonde \u00e0 la plong\u00e9e jusqu&#8217;\u00e0 5 m\u00e8tres<br>\ud83e\udee7 Tout ce dont vous avez besoin est inclus dans le prix. Tout le mat\u00e9riel n\u00e9cessaire est fourni par nos soins<br>\ud83e\udee7 Groupes intimes ou cours individuels. Nous adaptons toujours le rythme \u00e0 vos besoins  <br><br>Les cours sont dispens\u00e9s en petits groupes &#8211; un maximum de 4 personnes par instructeur &#8211; ce qui vous donne l&#8217;assurance que chaque respiration sera calme et que chaque question recevra une r\u00e9ponse.\r\n<br><br>\r\nLe jeu en vaut la chandelle car :<br>\r\n\ud83e\udee7 Vous vous entra\u00eenez dans la piscine la plus profonde d&#8217;Europe &#8211; jusqu&#8217;\u00e0 45 m\u00e8tres<br>\ud83e\udee7 Vous plongez dans des conditions exotiques &#8211; une eau claire \u00e0 32\u00b0C<br>\ud83e\udee7 Vous utilisez un \u00e9quipement moderne et r\u00e9guli\u00e8rement entretenu<br>\ud83e\udee7 Vous b\u00e9n\u00e9ficiez du soutien d&#8217;instructeurs internationaux exp\u00e9riment\u00e9s<br>\ud83e\udee7 C&#8217;est l&#8217;endroit id\u00e9al pour acqu\u00e9rir de la confiance et une bonne technique.<br><br>Faites le premier pas et d\u00e9couvrez \u00e0 quel point le monde sous-marin est unique ! Faites le grand saut d\u00e8s aujourd&#8217;hui. \r\n<br><br><br>QUE VAUT-IL LA PEINE DE SAVOIR ?\r\n\r\n<\/p>      <ul>            <li>\r\n              <p>Dur\u00e9e de l&#8217;accord<\/p>\r\n              <strong>1h 40 minutes de cours<\/strong>\r\n            <\/li>\r\n                      <li>\r\n              <p>\u00c2ge minimum du participant<\/p>\r\n              <strong>6 ans<\/strong>\r\n            <\/li>\r\n                      <li>\r\n              <p>Vous plongerez dans des profondeurs<\/p>\r\n              <strong>5m (3m pour les enfants de moins de 12 ans)<\/strong>\r\n            <\/li>\r\n                      <li>\r\n              <p>En cadeau<\/p>\r\n              <strong>Certificat comm\u00e9moratif, dipl\u00f4me et courte vid\u00e9o du photobooth sous-marin<\/strong>\r\n            <\/li>\r\n                      <li>\r\n              <p>Nous fournissons<\/p>\r\n              <strong>Tout le mat\u00e9riel de plong\u00e9e. N&#8217;apportez avec vous que le maillot de bain, la serviette et les tongs. <\/strong>\r\n            <\/li>\r\n                      <li>\r\n              <p>N&#8217;oubliez pas<\/p>\r\n              <strong>Amusez-vous et nous vous insufflerons toute l&#8217;\u00e9nergie n\u00e9cessaire.<\/strong>\r\n            <\/li>\r\n          <\/ul>      <div class=\"button-list-wrap\"><div class=\"button-list button-type-both\"><div><a class=\"alternate_ybb\" href=\"https:\/\/cs.deepspot.com\/offer?steps=deepspot_diving-courses_wait-for-diving-course-list_55\" target=\"_self\"><img decoding=\"async\" lazy src=\"data:image\/gif;base64,R0lGODlhAQABAAD\/ACwAAAAAAQABAAACADs%3D\" data-src=\"https:\/\/eco3ygde435.exactdn.com\/wp-content\/uploads\/sites\/2\/2020\/08\/calendar-grid-58.png?strip=all\" alt=\"\"><strong>Zarezerwuj<\/strong><\/a><\/div><div><a class=\"alternate_ybb\" href=\"https:\/\/www.deepspot.com\/pl\/frequently-asked-questions\/?tab=6\" target=\"_self\"><img decoding=\"async\" lazy src=\"data:image\/gif;base64,R0lGODlhAQABAAD\/ACwAAAAAAQABAAACADs%3D\" data-src=\"https:\/\/eco3ygde435.exactdn.com\/wp-content\/uploads\/sites\/2\/2020\/08\/presentation.png?strip=all\" alt=\"\"><strong>Najcz\u0119\u015bciej zadawane pytania<\/strong><\/a><\/div><\/div><\/div>    <\/div>\r\n  <\/div>\r\n<\/div><!-- block -->\r\n<div id=\"step-guide-icons-block_0f3c9a457a9f7092581f1d182b67436a\" class=\"step-guide-icons-block\">\r\n  <div class=\"row container\">\r\n    <div>\r\n      <div class=\"title\">Pas \u00e0 pas<\/div>      <ul>            <li data-count=\"01\">\r\n              <div class=\"icon-wrap\"><img decoding=\"async\" lazy src=\"data:image\/gif;base64,R0lGODlhAQABAAD\/ACwAAAAAAQABAAACADs%3D\" data-src=\"\" alt=\"\"><\/div>\r\n              <p>Rassembler les participants &#8211; en solo, \u00e0 deux ou en groupe<\/p>\r\n                          <\/li>\r\n                      <li data-count=\"02\">\r\n              <div class=\"icon-wrap\"><img decoding=\"async\" lazy src=\"data:image\/gif;base64,R0lGODlhAQABAAD\/ACwAAAAAAQABAAACADs%3D\" data-src=\"\" alt=\"\"><\/div>\r\n              <p>Prenez votre rendez-vous &#8211; en ligne, rapidement et facilement<\/p>\r\n                          <\/li>\r\n                      <li data-count=\"03\">\r\n              <div class=\"icon-wrap\"><img decoding=\"async\" lazy src=\"data:image\/gif;base64,R0lGODlhAQABAAD\/ACwAAAAAAQABAAACADs%3D\" data-src=\"\" alt=\"\"><\/div>\r\n              <p>Remplissez les coordonn\u00e9es des participants &#8211; via votre compte, cela ne prend qu&#8217;un instant.<br \/>\r\n<\/p>\r\n                          <\/li>\r\n                      <li data-count=\"04\">\r\n              <div class=\"icon-wrap\"><img decoding=\"async\" lazy src=\"data:image\/gif;base64,R0lGODlhAQABAAD\/ACwAAAAAAQABAAACADs%3D\" data-src=\"\" alt=\"\"><\/div>\r\n              <p>Venez 30 minutes \u00e0 l&#8217;avance &#8211; vous pourrez vous pr\u00e9parer en toute tranquillit\u00e9<br \/>\r\n<\/p>\r\n                          <\/li>\r\n                      <li data-count=\"05\">\r\n              <div class=\"icon-wrap\"><img decoding=\"async\" lazy src=\"data:image\/gif;base64,R0lGODlhAQABAAD\/ACwAAAAAAQABAAACADs%3D\" data-src=\"\" alt=\"\"><\/div>\r\n              <p>Plongez &#8211; amusez-vous<br \/>\r\n<\/p>\r\n                          <\/li>\r\n                      <li data-count=\"06\">\r\n              <div class=\"icon-wrap\"><img decoding=\"async\" lazy src=\"data:image\/gif;base64,R0lGODlhAQABAAD\/ACwAAAAAAQABAAACADs%3D\" data-src=\"\" alt=\"\"><\/div>\r\n              <p>Attrapez le virus et revenez pour en savoir plus &#8211; la plong\u00e9e est addictive !<br \/>\r\n<\/p>\r\n                          <\/li>\r\n          <\/ul>    <\/div>\r\n  <\/div>\r\n<\/div><!-- block -->\r\n<div id=\"download-block_b2eadecbb371e9c4c759606f9f7d9e43\" class=\"download-block\">\r\n  <div class=\"row container\">\r\n    <div>\r\n      <h2 class=\"title\">documents et conditions<\/h2>      <ul>            <li>\r\n              <a href=\"https:\/\/eco3ygde435.exactdn.com\/wp-content\/uploads\/sites\/2\/2020\/08\/pc-play-media.png?strip=all&w=2560\" download>\r\n                <div>\r\n                  <img decoding=\"async\" lazy src=\"data:image\/gif;base64,R0lGODlhAQABAAD\/ACwAAAAAAQABAAACADs%3D\" data-src=\"https:\/\/www.deepspot.com\/wp-content\/themes\/deepspotflyspotWPML\/images\/dots-download.svg\">\r\n                  <p>Documents \u00e0 remplir avant de commencer le cours<\/p>\r\n                <\/div>\r\n              <\/a>\r\n            <\/li>\r\n                      <li>\r\n              <a href=\"https:\/\/eco3ygde435.exactdn.com\/wp-content\/uploads\/sites\/2\/2020\/08\/60min.png?strip=all&w=2560\" download>\r\n                <div>\r\n                  <img decoding=\"async\" lazy src=\"data:image\/gif;base64,R0lGODlhAQABAAD\/ACwAAAAAAQABAAACADs%3D\" data-src=\"https:\/\/www.deepspot.com\/wp-content\/themes\/deepspotflyspotWPML\/images\/dots-download.svg\">\r\n                  <p>conditions relatives \u00e0 la participation au cours<\/p>\r\n                <\/div>\r\n              <\/a>\r\n            <\/li>\r\n                      <li>\r\n              <a href=\"\" download>\r\n                <div>\r\n                  <img decoding=\"async\" lazy src=\"data:image\/gif;base64,R0lGODlhAQABAAD\/ACwAAAAAAQABAAACADs%3D\" data-src=\"https:\/\/www.deepspot.com\/wp-content\/themes\/deepspotflyspotWPML\/images\/dots-download.svg\">\r\n                  <p>R\u00c8GLES ET RECOMMANDATIONS SUR LES LIMITES DE PROFONDEUR POUR LA PLONG\u00c9E SOUS-MARINE  <\/p>\r\n                <\/div>\r\n              <\/a>\r\n            <\/li>\r\n          <\/ul>    <\/div>\r\n  <\/div>\r\n<\/div><!-- block -->\r\n\n<p><\/p>\n","protected":false},"excerpt":{"rendered":"","protected":false},"author":18,"featured_media":0,"parent":4767,"menu_order":5555,"comment_status":"closed","ping_status":"closed","template":"","meta":{"_acf_changed":false,"footnotes":""},"class_list":["post-56336","page","type-page","status-publish","hentry"],"acf":[],"_links":{"self":[{"href":"https:\/\/www.deepspot.com\/fr\/wp-json\/wp\/v2\/pages\/56336","targetHints":{"allow":["GET"]}}],"collection":[{"href":"https:\/\/www.deepspot.com\/fr\/wp-json\/wp\/v2\/pages"}],"about":[{"href":"https:\/\/www.deepspot.com\/fr\/wp-json\/wp\/v2\/types\/page"}],"author":[{"embeddable":true,"href":"https:\/\/www.deepspot.com\/fr\/wp-json\/wp\/v2\/users\/18"}],"replies":[{"embeddable":true,"href":"https:\/\/www.deepspot.com\/fr\/wp-json\/wp\/v2\/comments?post=56336"}],"version-history":[{"count":2,"href":"https:\/\/www.deepspot.com\/fr\/wp-json\/wp\/v2\/pages\/56336\/revisions"}],"predecessor-version":[{"id":56353,"href":"https:\/\/www.deepspot.com\/fr\/wp-json\/wp\/v2\/pages\/56336\/revisions\/56353"}],"up":[{"embeddable":true,"href":"https:\/\/www.deepspot.com\/fr\/wp-json\/wp\/v2\/pages\/4767"}],"wp:attachment":[{"href":"https:\/\/www.deepspot.com\/fr\/wp-json\/wp\/v2\/media?parent=56336"}],"curies":[{"name":"wp","href":"https:\/\/api.w.org\/{rel}","templated":true}]}}