{"id":7985,"date":"2021-04-14T13:34:25","date_gmt":"2021-04-14T11:34:25","guid":{"rendered":"https:\/\/www.deepspot.com\/?page_id=7985"},"modified":"2025-10-15T15:29:36","modified_gmt":"2025-10-15T13:29:36","slug":"deepspot-scuba-12-m","status":"publish","type":"page","link":"https:\/\/www.deepspot.com\/fr\/pour-qui\/scuba-diving\/deepspot-scuba-12-m\/","title":{"rendered":"PREMI\u00c8RE PLONG\u00c9E AVEC BOUTEILLE"},"content":{"rendered":"\n<p><\/p>\n<div id=\"hero-block_b00e77de200d319e9b87e1bb2fd5a4b8\" class=\"hero-block\">\r\n  <div class=\"row outer-container\">\r\n    <div>\r\n      <img decoding=\"async\" lazy src=\"data:image\/gif;base64,R0lGODlhAQABAAD\/ACwAAAAAAQABAAACADs%3D\" data-src=\"https:\/\/eco3ygde435.exactdn.com\/wp-content\/uploads\/sites\/2\/2025\/06\/dsg.jpg?strip=all\" alt=\"\">\r\n          <\/div>\r\n    <div>\r\n      <h2>Votre premi\u00e8re fois &#8211; d\u00e9couvrez la plong\u00e9e<\/h2><p>Vous vous demandez ce que c&#8217;est que de respirer sous l&#8217;eau ? Votre premi\u00e8re plong\u00e9e est l&#8217;occasion id\u00e9ale de le d\u00e9couvrir ! Pendant le cours, vous apprendrez les bases, vous vous habituerez \u00e0 l \u00ab \u00e9quipement et ferez une plong\u00e9e en toute s\u00e9curit\u00e9 jusqu \u00bb \u00e0 12 m\u00e8tres dans des conditions confortables et contr\u00f4l\u00e9es de Deepspot. C&#8217;est une exp\u00e9rience unique qui peut \u00eatre le d\u00e9but de votre aventure de plong\u00e9e.   <\/p>    <\/div>\r\n  <\/div>\r\n<\/div><!-- block -->\r\n<div id=\"product-details-block_7bea77b055ac8124bf39954cfc63351f\" class=\"product-details-block\">\r\n  <div class=\"row container\">\r\n    <div>\r\n      <h2 class=\"title\">Description des attractions<\/h2>      <p class=\"desc\">Votre premi\u00e8re plong\u00e9e avec une bouteille est le moment o\u00f9 vous pouvez plonger dans le monde sous-marin et sentir ce que c&#8217;est que de respirer sous l&#8217;eau.  <br>Ce cours s&#8217;adresse aux personnes qui souhaitent s&#8217;essayer \u00e0 la plong\u00e9e dans un environnement s\u00fbr et confortable, avec l&#8217;aide d&#8217;un instructeur et dans un lieu id\u00e9al pour l&#8217;apprentissage.<br><br>\r\nPlongez dans l&#8217;offre, surtout si :<br>\ud83e\udee7 Vous voulez exp\u00e9rimenter le contact avec l&#8217;eau d&#8217;une mani\u00e8re calme et consciente<br>\ud83e\udee7 Vous pensez \u00e0 la plong\u00e9e sous-marine mais n&#8217;\u00eates pas encore pr\u00eat pour un cours complet<br>\ud83e\udee7Vous voulez d\u00e9couvrir la magie de la plong\u00e9e sous-marine.<br><br>\r\nCe que nous offrons<br>\ud83e\udee7 Introduction \u00e0 la plong\u00e9e incluant la th\u00e9orie, la pratique et l&#8217;approche individuelle<br>\ud83e\udee7 Exercices dans l&#8217;eau, de l&#8217;apprentissage en eau peu profonde \u00e0 la plong\u00e9e jusqu&#8217;\u00e0 12 m\u00e8tres<br>\ud83e\udee7 Tout ce dont vous avez besoin est inclus dans le prix. Nous fournissons tout le mat\u00e9riel n\u00e9cessaire<br>\ud83e\udee7 Cours en groupes intimes ou individuels. Nous adaptons toujours le rythme \u00e0 vos besoins  <br><br>\r\nLes cours sont dispens\u00e9s en petits groupes &#8211; un maximum de 4 personnes par instructeur &#8211; ce qui vous donne l&#8217;assurance que chaque respiration sera calme et que chaque question recevra une r\u00e9ponse.<br><br>\r\nCela en vaut la peine parce que :<br>\ud83e\udee7 Vous vous entra\u00eenez dans la piscine la plus profonde d&#8217;Europe &#8211; jusqu&#8217;\u00e0 45 m\u00e8tres<br>\ud83e\udee7 Vous plongez dans des conditions exotiques &#8211; une eau claire \u00e0 32\u00b0C<br>\ud83e\udee7 Vous utilisez un \u00e9quipement moderne et r\u00e9guli\u00e8rement entretenu<br>\ud83e\udee7 Vous b\u00e9n\u00e9ficiez du soutien d&#8217;instructeurs internationaux exp\u00e9riment\u00e9s<br>\ud83e\udee7 C&#8217;est l&#8217;endroit id\u00e9al pour acqu\u00e9rir de la confiance et une bonne technique.<br><br>\r\nFaites le premier pas et d\u00e9couvrez \u00e0 quel point le monde sous-marin est unique ! Faites le grand saut d\u00e8s aujourd&#8217;hui.   <br><br><br>\r\n\r\nQu&#8217;est-ce qui vaut la peine d&#8217;\u00eatre connu ?<\/p>      <ul>            <li>\r\n              <p>Dur\u00e9e de l&#8217;accord<\/p>\r\n              <strong>90 minutes de cours<\/strong>\r\n            <\/li>\r\n                      <li>\r\n              <p>\u00c2ge minimum du participant  <\/p>\r\n              <strong>8 ans<\/strong>\r\n            <\/li>\r\n                      <li>\r\n              <p>Vous plongerez dans des profondeurs<\/p>\r\n              <strong>12m (5m pour les enfants de moins de 10 ans)<\/strong>\r\n            <\/li>\r\n                      <li>\r\n              <p>En cadeau<\/p>\r\n              <strong>Certificat comm\u00e9moratif  <\/strong>\r\n            <\/li>\r\n                      <li>\r\n              <p>Nous fournissons<\/p>\r\n              <strong>Tout le mat\u00e9riel de plong\u00e9e. N&#8217;apportez avec vous que le maillot de bain, la serviette et les tongs. <\/strong>\r\n            <\/li>\r\n                      <li>\r\n              <p>N&#8217;oubliez pas<\/p>\r\n              <strong>Amusez-vous et nous vous insufflerons toute l&#8217;\u00e9nergie n\u00e9cessaire.<\/strong>\r\n            <\/li>\r\n                      <li>\r\n              <p>Prix<\/p>\r\n              <strong>de 449 PLN \u00e0 469 PLN  <\/strong>\r\n            <\/li>\r\n          <\/ul>      <div class=\"button-list-wrap\"><div class=\"button-list button-type-both\"><div><a class=\"alternate_ybb\" href=\"https:\/\/cs.deepspot.com\/offer?steps=deepspot_try_type-scuba_offer-scuba-12m\" target=\"_self\"><img decoding=\"async\" lazy src=\"data:image\/gif;base64,R0lGODlhAQABAAD\/ACwAAAAAAQABAAACADs%3D\" data-src=\"https:\/\/eco3ygde435.exactdn.com\/wp-content\/uploads\/sites\/2\/2020\/08\/calendar-grid-58.png?strip=all\" alt=\"\"><strong>Zarezerwuj<\/strong><\/a><\/div><div><a class=\"alternate_ybb\" href=\"https:\/\/sklep.deepspot.com\/vouchery\/scuba-diving\/dla-poczatkujacych\/deepspot-scuba-12m\" target=\"_self\"><img decoding=\"async\" lazy src=\"data:image\/gif;base64,R0lGODlhAQABAAD\/ACwAAAAAAQABAAACADs%3D\" data-src=\"https:\/\/eco3ygde435.exactdn.com\/wp-content\/uploads\/sites\/2\/2020\/08\/paper-diploma.png?strip=all\" alt=\"\"><strong>Zam\u00f3w Voucher<\/strong><\/a><\/div><div><a class=\"css-default\" href=\"https:\/\/www.deepspot.com\/pl\/frequently-asked-questions\/?tab=3\" target=\"_self\"><img decoding=\"async\" lazy src=\"data:image\/gif;base64,R0lGODlhAQABAAD\/ACwAAAAAAQABAAACADs%3D\" data-src=\"https:\/\/eco3ygde435.exactdn.com\/wp-content\/uploads\/sites\/2\/2020\/08\/presentation.png?strip=all\" alt=\"\"><strong>Najcz\u0119\u015bciej zadawane pytania<\/strong><\/a><\/div><\/div><\/div>    <\/div>\r\n  <\/div>\r\n<\/div><!-- block -->\r\n<p><strong>SANT\u00c9<\/strong><br data-rich-text-line-break=\"true\">La plong\u00e9e est un sport de loisir accessible \u00e0 presque tout le monde. Si vous \u00eates en bonne sant\u00e9, vous n&#8217;avez probablement pas besoin de l&#8217;autorisation de votre m\u00e9decin, m\u00eame si elle peut s&#8217;av\u00e9rer n\u00e9cessaire dans certains cas particuliers. Si vous voulez en \u00eatre s\u00fbr, vous pouvez consulter la norme<br data-rich-text-line-break=\"true\"><a href=\"https:\/\/eco3ygde435.exactdn.com\/wp-content\/uploads\/sites\/2\/2023\/10\/TR-MEDICAL-DIVER_Polish.pdf\" target=\"_blank\" rel=\"noreferrer noopener\">formulaire m\u00e9dical<\/a>.<\/p>\n<div id=\"step-guide-icons-block_1bbe2ef75d0a028ce65e0d3e3bf76693\" class=\"step-guide-icons-block\">\r\n  <div class=\"row container\">\r\n    <div>\r\n      <div class=\"title\">Pas \u00e0 pas<\/div>      <ul>            <li data-count=\"01\">\r\n              <div class=\"icon-wrap\"><img decoding=\"async\" lazy src=\"data:image\/gif;base64,R0lGODlhAQABAAD\/ACwAAAAAAQABAAACADs%3D\" data-src=\"\" alt=\"\"><\/div>\r\n              <p>Rassembler les participants &#8211; en solo, \u00e0 deux ou en groupe<br \/>\r\n<\/p>\r\n                          <\/li>\r\n                      <li data-count=\"02\">\r\n              <div class=\"icon-wrap\"><img decoding=\"async\" lazy src=\"data:image\/gif;base64,R0lGODlhAQABAAD\/ACwAAAAAAQABAAACADs%3D\" data-src=\"\" alt=\"\"><\/div>\r\n              <p>Prenez votre rendez-vous &#8211; en ligne, rapidement et facilement<br \/>\r\n<\/p>\r\n                          <\/li>\r\n                      <li data-count=\"03\">\r\n              <div class=\"icon-wrap\"><img decoding=\"async\" lazy src=\"data:image\/gif;base64,R0lGODlhAQABAAD\/ACwAAAAAAQABAAACADs%3D\" data-src=\"\" alt=\"\"><\/div>\r\n              <p>Remplissez les coordonn\u00e9es des participants &#8211; via votre compte, cela ne prend qu&#8217;un instant.<br \/>\r\n<br \/>\r\n<\/p>\r\n                          <\/li>\r\n                      <li data-count=\"04\">\r\n              <div class=\"icon-wrap\"><img decoding=\"async\" lazy src=\"data:image\/gif;base64,R0lGODlhAQABAAD\/ACwAAAAAAQABAAACADs%3D\" data-src=\"\" alt=\"\"><\/div>\r\n              <p>Venez 30 minutes \u00e0 l&#8217;avance &#8211; vous pourrez vous pr\u00e9parer en toute tranquillit\u00e9<br \/>\r\n<\/p>\r\n                          <\/li>\r\n                      <li data-count=\"05\">\r\n              <div class=\"icon-wrap\"><img decoding=\"async\" lazy src=\"data:image\/gif;base64,R0lGODlhAQABAAD\/ACwAAAAAAQABAAACADs%3D\" data-src=\"\" alt=\"\"><\/div>\r\n              <p>Plongez &#8211; amusez-vous<br \/>\r\n<\/p>\r\n                          <\/li>\r\n                      <li data-count=\"06\">\r\n              <div class=\"icon-wrap\"><img decoding=\"async\" lazy src=\"data:image\/gif;base64,R0lGODlhAQABAAD\/ACwAAAAAAQABAAACADs%3D\" data-src=\"\" alt=\"\"><\/div>\r\n              <p>Attrapez le virus et revenez pour en savoir plus &#8211; la plong\u00e9e est addictive !<br \/>\r\n<\/p>\r\n                          <\/li>\r\n          <\/ul>    <\/div>\r\n  <\/div>\r\n<\/div><!-- block -->\r\n\n<div class=\"wp-block-group\"><div class=\"wp-block-group__inner-container is-layout-constrained wp-block-group-is-layout-constrained\"><\/div><\/div>\n","protected":false},"excerpt":{"rendered":"<p>SANT\u00c9La plong\u00e9e est un sport de loisir accessible \u00e0 presque tout le monde. Si vous \u00eates en bonne sant\u00e9, vous n&#8217;avez probablement pas besoin de l&#8217;autorisation de votre m\u00e9decin, m\u00eame si elle peut s&#8217;av\u00e9rer n\u00e9cessaire dans certains cas particuliers. Si vous voulez en \u00eatre s\u00fbr, vous pouvez consulter la normeformulaire m\u00e9dical.<\/p>\n","protected":false},"author":1,"featured_media":48829,"parent":4759,"menu_order":2,"comment_status":"closed","ping_status":"closed","template":"","meta":{"_acf_changed":false,"footnotes":""},"class_list":["post-7985","page","type-page","status-publish","has-post-thumbnail","hentry"],"acf":[],"_links":{"self":[{"href":"https:\/\/www.deepspot.com\/fr\/wp-json\/wp\/v2\/pages\/7985","targetHints":{"allow":["GET"]}}],"collection":[{"href":"https:\/\/www.deepspot.com\/fr\/wp-json\/wp\/v2\/pages"}],"about":[{"href":"https:\/\/www.deepspot.com\/fr\/wp-json\/wp\/v2\/types\/page"}],"author":[{"embeddable":true,"href":"https:\/\/www.deepspot.com\/fr\/wp-json\/wp\/v2\/users\/1"}],"replies":[{"embeddable":true,"href":"https:\/\/www.deepspot.com\/fr\/wp-json\/wp\/v2\/comments?post=7985"}],"version-history":[{"count":61,"href":"https:\/\/www.deepspot.com\/fr\/wp-json\/wp\/v2\/pages\/7985\/revisions"}],"predecessor-version":[{"id":57439,"href":"https:\/\/www.deepspot.com\/fr\/wp-json\/wp\/v2\/pages\/7985\/revisions\/57439"}],"up":[{"embeddable":true,"href":"https:\/\/www.deepspot.com\/fr\/wp-json\/wp\/v2\/pages\/4759"}],"wp:featuredmedia":[{"embeddable":true,"href":"https:\/\/www.deepspot.com\/fr\/wp-json\/wp\/v2\/media\/48829"}],"wp:attachment":[{"href":"https:\/\/www.deepspot.com\/fr\/wp-json\/wp\/v2\/media?parent=7985"}],"curies":[{"name":"wp","href":"https:\/\/api.w.org\/{rel}","templated":true}]}}