{"id":8203,"date":"2021-04-20T13:56:38","date_gmt":"2021-04-20T11:56:38","guid":{"rendered":"https:\/\/www.deepspot.com\/?page_id=8203"},"modified":"2024-05-20T10:07:17","modified_gmt":"2024-05-20T08:07:17","slug":"union-europeenne","status":"publish","type":"page","link":"https:\/\/www.deepspot.com\/fr\/union-europeenne\/","title":{"rendered":"Union europ\u00e9enne"},"content":{"rendered":"\n<div class=\"wp-block-image\"><figure class=\"aligncenter size-large\"><img decoding=\"async\" width=\"1024\" height=\"141\" src=\"https:\/\/eco3ygde435.exactdn.com\/wp-content\/uploads\/sites\/2\/2021\/04\/unia_program-1024x141.jpg?strip=all\" alt=\"\" class=\"wp-image-8208\" srcset=\"https:\/\/eco3ygde435.exactdn.com\/wp-content\/uploads\/sites\/2\/2021\/04\/unia_program-1024x141.jpg?strip=all 1024w, https:\/\/eco3ygde435.exactdn.com\/wp-content\/uploads\/sites\/2\/2021\/04\/unia_program-300x41.jpg?strip=all 300w, https:\/\/eco3ygde435.exactdn.com\/wp-content\/uploads\/sites\/2\/2021\/04\/unia_program-768x106.jpg?strip=all 768w, https:\/\/eco3ygde435.exactdn.com\/wp-content\/uploads\/sites\/2\/2021\/04\/unia_program-1536x211.jpg?strip=all 1536w, https:\/\/eco3ygde435.exactdn.com\/wp-content\/uploads\/sites\/2\/2021\/04\/unia_program.jpg?strip=all 1599w, https:\/\/eco3ygde435.exactdn.com\/wp-content\/uploads\/sites\/2\/2021\/04\/unia_program.jpg?strip=all&amp;w=639 639w, https:\/\/eco3ygde435.exactdn.com\/wp-content\/uploads\/sites\/2\/2021\/04\/unia_program.jpg?strip=all&amp;w=959 959w, https:\/\/eco3ygde435.exactdn.com\/wp-content\/uploads\/sites\/2\/2021\/04\/unia_program.jpg?strip=all&amp;w=1279 1279w, https:\/\/eco3ygde435.exactdn.com\/wp-content\/uploads\/sites\/2\/2021\/04\/unia_program.jpg?strip=all&amp;w=450 450w\" sizes=\"(max-width: 640px) 100vw, 640px\" \/><\/figure><\/div>\n\n<p>AEROTUNEL Limited Liability Company met en \u0153uvre un projet intitul\u00e9 &#8220;Mise en \u0153uvre des r\u00e9sultats des travaux de R&amp;D et construction d&#8217;une installation prototype pour la simulation multi-zone des conditions de plong\u00e9e&#8221;<\/p>\n\n<p><strong>Objectifs et r\u00e9sultats pr\u00e9vus du projet :<\/strong><\/p>\n\n<p>L&#8217;objectif du projet est de mettre en place un service innovant de simulation des conditions de plong\u00e9e, gr\u00e2ce au prototype, l&#8217;installation la plus profonde du monde avec une profondeur de 45 m, qui sera caract\u00e9ris\u00e9e par un volume et une surface d&#8217;entra\u00eenement accrus, une transparence de l&#8217;eau am\u00e9lior\u00e9e et une isolation zones \u00e0 vitesse d&#8217;\u00e9coulement variable.<\/p>\n\n<p>Le r\u00e9sultat de cet investissement est la cr\u00e9ation de l&#8217;installation de ce type la plus profonde au monde, atteignant 45 m, permettant la formation \u00e0 la plong\u00e9e et la plong\u00e9e dans des conditions enti\u00e8rement contr\u00f4l\u00e9es. Le service innovant garantit un haut niveau de s\u00e9curit\u00e9 et de confort dans la pratique du sport, r\u00e9sultant de la possibilit\u00e9 d&#8217;assurer une haute qualit\u00e9 (transparence) de l&#8217;eau et de fournir des solutions permettant une simulation sans pr\u00e9c\u00e9dent des conditions de plong\u00e9e naturelles.<\/p>\n\n<p><strong>Valeur du projet :<\/strong> 24 321 282,00 PLN<\/p>\n\n<p><strong>Contribution des Fonds europ\u00e9ens :<\/strong> 3 865 950,00 PLN<\/p>\n","protected":false},"excerpt":{"rendered":"<p>AEROTUNEL Limited Liability Company met en \u0153uvre un projet intitul\u00e9 &#8220;Mise en \u0153uvre des r\u00e9sultats des travaux de R&amp;D et construction d&#8217;une installation prototype pour la simulation multi-zone des conditions de plong\u00e9e&#8221; Objectifs et r\u00e9sultats pr\u00e9vus du projet : L&#8217;objectif du projet est de mettre en place un service innovant de simulation des conditions de [&hellip;]<\/p>\n","protected":false},"author":1,"featured_media":0,"parent":0,"menu_order":32,"comment_status":"closed","ping_status":"closed","template":"","meta":{"_acf_changed":false,"footnotes":""},"class_list":["post-8203","page","type-page","status-publish","hentry"],"acf":[],"yoast_head":"<!-- This site is optimized with the Yoast SEO plugin v27.4 - https:\/\/yoast.com\/product\/yoast-seo-wordpress\/ -->\n<title>Union europ\u00e9enne | Deepspot<\/title>\n<meta name=\"description\" content=\"Union europ\u00e9enne\" \/>\n<meta name=\"robots\" content=\"index, follow, max-snippet:-1, max-image-preview:large, max-video-preview:-1\" \/>\n<link rel=\"canonical\" href=\"https:\/\/www.deepspot.com\/fr\/union-europeenne\/\" \/>\n<meta property=\"og:locale\" content=\"fr_FR\" \/>\n<meta property=\"og:type\" content=\"article\" \/>\n<meta property=\"og:title\" content=\"Union europ\u00e9enne | Deepspot\" \/>\n<meta property=\"og:description\" content=\"Union europ\u00e9enne\" \/>\n<meta property=\"og:url\" content=\"https:\/\/www.deepspot.com\/fr\/union-europeenne\/\" \/>\n<meta property=\"og:site_name\" content=\"Deepspot\" \/>\n<meta property=\"article:modified_time\" content=\"2024-05-20T08:07:17+00:00\" \/>\n<meta property=\"og:image\" content=\"https:\/\/www.deepspot.com\/wp-content\/uploads\/sites\/2\/2021\/04\/unia_program-1024x141.jpg\" \/>\n<meta name=\"twitter:card\" content=\"summary_large_image\" \/>\n<meta name=\"twitter:label1\" content=\"Dur\u00e9e de lecture estim\u00e9e\" \/>\n\t<meta name=\"twitter:data1\" content=\"1 minute\" \/>\n<script type=\"application\/ld+json\" class=\"yoast-schema-graph\">{\"@context\":\"https:\\\/\\\/schema.org\",\"@graph\":[{\"@type\":\"WebPage\",\"@id\":\"https:\\\/\\\/www.deepspot.com\\\/fr\\\/union-europeenne\\\/\",\"url\":\"https:\\\/\\\/www.deepspot.com\\\/fr\\\/union-europeenne\\\/\",\"name\":\"Union europ\u00e9enne | Deepspot\",\"isPartOf\":{\"@id\":\"https:\\\/\\\/www.deepspot.com\\\/pl\\\/#website\"},\"primaryImageOfPage\":{\"@id\":\"https:\\\/\\\/www.deepspot.com\\\/fr\\\/union-europeenne\\\/#primaryimage\"},\"image\":{\"@id\":\"https:\\\/\\\/www.deepspot.com\\\/fr\\\/union-europeenne\\\/#primaryimage\"},\"thumbnailUrl\":\"https:\\\/\\\/www.deepspot.com\\\/wp-content\\\/uploads\\\/sites\\\/2\\\/2021\\\/04\\\/unia_program-1024x141.jpg\",\"datePublished\":\"2021-04-20T11:56:38+00:00\",\"dateModified\":\"2024-05-20T08:07:17+00:00\",\"description\":\"Union europ\u00e9enne\",\"breadcrumb\":{\"@id\":\"https:\\\/\\\/www.deepspot.com\\\/fr\\\/union-europeenne\\\/#breadcrumb\"},\"inLanguage\":\"fr-FR\",\"potentialAction\":[{\"@type\":\"ReadAction\",\"target\":[\"https:\\\/\\\/www.deepspot.com\\\/fr\\\/union-europeenne\\\/\"]}]},{\"@type\":\"ImageObject\",\"inLanguage\":\"fr-FR\",\"@id\":\"https:\\\/\\\/www.deepspot.com\\\/fr\\\/union-europeenne\\\/#primaryimage\",\"url\":\"https:\\\/\\\/www.deepspot.com\\\/wp-content\\\/uploads\\\/sites\\\/2\\\/2021\\\/04\\\/unia_program-1024x141.jpg\",\"contentUrl\":\"https:\\\/\\\/www.deepspot.com\\\/wp-content\\\/uploads\\\/sites\\\/2\\\/2021\\\/04\\\/unia_program-1024x141.jpg\"},{\"@type\":\"BreadcrumbList\",\"@id\":\"https:\\\/\\\/www.deepspot.com\\\/fr\\\/union-europeenne\\\/#breadcrumb\",\"itemListElement\":[{\"@type\":\"ListItem\",\"position\":1,\"name\":\"Strona g\u0142\u00f3wna\",\"item\":\"https:\\\/\\\/www.deepspot.com\\\/fr\\\/\"},{\"@type\":\"ListItem\",\"position\":2,\"name\":\"Union europ\u00e9enne\"}]},{\"@type\":\"WebSite\",\"@id\":\"https:\\\/\\\/www.deepspot.com\\\/pl\\\/#website\",\"url\":\"https:\\\/\\\/www.deepspot.com\\\/pl\\\/\",\"name\":\"Deepspot\",\"description\":\"Une nouvelle dimension de la plong\u00e9e\",\"potentialAction\":[{\"@type\":\"SearchAction\",\"target\":{\"@type\":\"EntryPoint\",\"urlTemplate\":\"https:\\\/\\\/www.deepspot.com\\\/pl\\\/?s={search_term_string}\"},\"query-input\":{\"@type\":\"PropertyValueSpecification\",\"valueRequired\":true,\"valueName\":\"search_term_string\"}}],\"inLanguage\":\"fr-FR\"}]}<\/script>\n<!-- \/ Yoast SEO plugin. -->","yoast_head_json":{"title":"Union europ\u00e9enne | Deepspot","description":"Union europ\u00e9enne","robots":{"index":"index","follow":"follow","max-snippet":"max-snippet:-1","max-image-preview":"max-image-preview:large","max-video-preview":"max-video-preview:-1"},"canonical":"https:\/\/www.deepspot.com\/fr\/union-europeenne\/","og_locale":"fr_FR","og_type":"article","og_title":"Union europ\u00e9enne | Deepspot","og_description":"Union europ\u00e9enne","og_url":"https:\/\/www.deepspot.com\/fr\/union-europeenne\/","og_site_name":"Deepspot","article_modified_time":"2024-05-20T08:07:17+00:00","og_image":[{"url":"https:\/\/www.deepspot.com\/wp-content\/uploads\/sites\/2\/2021\/04\/unia_program-1024x141.jpg","type":"","width":"","height":""}],"twitter_card":"summary_large_image","twitter_misc":{"Dur\u00e9e de lecture estim\u00e9e":"1 minute"},"schema":{"@context":"https:\/\/schema.org","@graph":[{"@type":"WebPage","@id":"https:\/\/www.deepspot.com\/fr\/union-europeenne\/","url":"https:\/\/www.deepspot.com\/fr\/union-europeenne\/","name":"Union europ\u00e9enne | Deepspot","isPartOf":{"@id":"https:\/\/www.deepspot.com\/pl\/#website"},"primaryImageOfPage":{"@id":"https:\/\/www.deepspot.com\/fr\/union-europeenne\/#primaryimage"},"image":{"@id":"https:\/\/www.deepspot.com\/fr\/union-europeenne\/#primaryimage"},"thumbnailUrl":"https:\/\/www.deepspot.com\/wp-content\/uploads\/sites\/2\/2021\/04\/unia_program-1024x141.jpg","datePublished":"2021-04-20T11:56:38+00:00","dateModified":"2024-05-20T08:07:17+00:00","description":"Union europ\u00e9enne","breadcrumb":{"@id":"https:\/\/www.deepspot.com\/fr\/union-europeenne\/#breadcrumb"},"inLanguage":"fr-FR","potentialAction":[{"@type":"ReadAction","target":["https:\/\/www.deepspot.com\/fr\/union-europeenne\/"]}]},{"@type":"ImageObject","inLanguage":"fr-FR","@id":"https:\/\/www.deepspot.com\/fr\/union-europeenne\/#primaryimage","url":"https:\/\/www.deepspot.com\/wp-content\/uploads\/sites\/2\/2021\/04\/unia_program-1024x141.jpg","contentUrl":"https:\/\/www.deepspot.com\/wp-content\/uploads\/sites\/2\/2021\/04\/unia_program-1024x141.jpg"},{"@type":"BreadcrumbList","@id":"https:\/\/www.deepspot.com\/fr\/union-europeenne\/#breadcrumb","itemListElement":[{"@type":"ListItem","position":1,"name":"Strona g\u0142\u00f3wna","item":"https:\/\/www.deepspot.com\/fr\/"},{"@type":"ListItem","position":2,"name":"Union europ\u00e9enne"}]},{"@type":"WebSite","@id":"https:\/\/www.deepspot.com\/pl\/#website","url":"https:\/\/www.deepspot.com\/pl\/","name":"Deepspot","description":"Une nouvelle dimension de la plong\u00e9e","potentialAction":[{"@type":"SearchAction","target":{"@type":"EntryPoint","urlTemplate":"https:\/\/www.deepspot.com\/pl\/?s={search_term_string}"},"query-input":{"@type":"PropertyValueSpecification","valueRequired":true,"valueName":"search_term_string"}}],"inLanguage":"fr-FR"}]}},"_links":{"self":[{"href":"https:\/\/www.deepspot.com\/fr\/wp-json\/wp\/v2\/pages\/8203","targetHints":{"allow":["GET"]}}],"collection":[{"href":"https:\/\/www.deepspot.com\/fr\/wp-json\/wp\/v2\/pages"}],"about":[{"href":"https:\/\/www.deepspot.com\/fr\/wp-json\/wp\/v2\/types\/page"}],"author":[{"embeddable":true,"href":"https:\/\/www.deepspot.com\/fr\/wp-json\/wp\/v2\/users\/1"}],"replies":[{"embeddable":true,"href":"https:\/\/www.deepspot.com\/fr\/wp-json\/wp\/v2\/comments?post=8203"}],"version-history":[{"count":3,"href":"https:\/\/www.deepspot.com\/fr\/wp-json\/wp\/v2\/pages\/8203\/revisions"}],"predecessor-version":[{"id":44608,"href":"https:\/\/www.deepspot.com\/fr\/wp-json\/wp\/v2\/pages\/8203\/revisions\/44608"}],"wp:attachment":[{"href":"https:\/\/www.deepspot.com\/fr\/wp-json\/wp\/v2\/media?parent=8203"}],"curies":[{"name":"wp","href":"https:\/\/api.w.org\/{rel}","templated":true}]}}