{"id":8462,"date":"2020-08-27T03:03:30","date_gmt":"2020-08-27T01:03:30","guid":{"rendered":"https:\/\/www.deepspot.com\/?page_id=8462"},"modified":"2025-10-29T12:22:50","modified_gmt":"2025-10-29T11:22:50","slug":"deepspot-free-30m","status":"publish","type":"page","link":"https:\/\/www.deepspot.com\/fr\/pour-qui\/apnee\/deepspot-free-30m\/","title":{"rendered":"Cours avanc\u00e9 d&#8217;apn\u00e9e"},"content":{"rendered":"<div id=\"hero-block_c77f40bce6180ab77a5bbf87ecb4feeb\" class=\"hero-block\">\r\n  <div class=\"row outer-container\">\r\n    <div>\r\n      <img decoding=\"async\" lazy src=\"data:image\/gif;base64,R0lGODlhAQABAAD\/ACwAAAAAAQABAAACADs%3D\" data-src=\"https:\/\/eco3ygde435.exactdn.com\/wp-content\/uploads\/sites\/2\/2025\/04\/bgbgbgb.jpg?strip=all\" alt=\"\">\r\n          <\/div>\r\n    <div>\r\n      <h2>PLONGEZ PLUS PROFOND\u00c9MENT, OBTENEZ PLUS<\/h2><p>Si vous \u00eates certifi\u00e9 Freediver et que vous souhaitez aller plus loin &#8211; au sens propre comme au sens figur\u00e9 &#8211; le cours Advanced Freediver est la prochaine \u00e9tape de votre aventure de plong\u00e9e.  <br><br>  Sous la direction d&#8217;un instructeur, vous ma\u00eetriserez la compensation pr\u00e9cise de la pression, la relaxation profonde, les plong\u00e9es conscientes et plongerez en toute s\u00e9curit\u00e9 jusqu&#8217;\u00e0 30 m\u00e8tres. \u00c0 la fin de la formation, vous recevrez un certificat international d&#8217;apn\u00e9e avanc\u00e9e &#8211; et un puissant sentiment de satisfaction. <\/p>    <\/div>\r\n  <\/div>\r\n<\/div><!-- block -->\r\n<div id=\"product-details-block_02fc04e1a14d3f8bb99355ccce72f0f6\" class=\"product-details-block\">\r\n  <div class=\"row container\">\r\n    <div>\r\n      <h2 class=\"title\">Description des attractions<\/h2>      <p class=\"desc\">Voulez-vous aller plus loin et franchir la barre des 20 m\u00e8tres ?  <br>Le cours d&#8217;apn\u00e9e avanc\u00e9 vous permettra de d\u00e9velopper les comp\u00e9tences que vous avez acquises pr\u00e9c\u00e9demment et de passer au niveau sup\u00e9rieur &#8211; physiquement et mentalement. Vous acquerrez de nouveaux outils, une plus grande confiance en vous et des qualifications.   <br><br>\r\nFaites le grand saut surtout si : <br>\ud83e\udee7 Vous voulez progresser en apn\u00e9e et aller plus loin <br>\ud83e\udee7 Vous voulez d\u00e9velopper vos comp\u00e9tences en toute s\u00e9curit\u00e9 et vous pr\u00e9parer aux prochaines \u00e9tapes de votre formation<br>\ud83e\udee7 Vous r\u00eavez de plonger de mani\u00e8re autonome (sans instructeur, assist\u00e9 par Buddha) jusqu&#8217;\u00e0 30 m\u00e8tres de profondeur.<br> <br>\r\nQu&#8217;offrons-nous ? <br>\ud83e\udee7 Formation th\u00e9orique et pratique de trois jours dans des conditions Deepspot contr\u00f4l\u00e9es<br>\ud83e\udee7 Apprentissage de techniques avanc\u00e9es de respiration, de relaxation et d&#8217;\u00e9quilibrage de la pression<br>\ud83e\udee7 Exercices dans l&#8217;eau avec un instructeur. Construire une profondeur de 30 m \u00e9tape par \u00e9tape<br>\ud83e\udee7 Mat\u00e9riel de formation fourni sur le site web de l&#8217;organisation SSI. Familiarisez-vous avec eux avant de suivre le cours<br>\ud83e\udee7 Tout ce dont vous avez besoin est inclus. Nous fournissons tout le mat\u00e9riel n\u00e9cessaire<br>\ud83e\udee7 Cours en groupe ou individuel. Le rythme est toujours adapt\u00e9 \u00e0 vos besoins    <br><br>\r\nLes cours se d\u00e9roulent en petits groupes &#8211; un maximum de quatre personnes par instructeur &#8211; ce qui vous permet de prendre chaque respiration en toute confiance et de trouver la r\u00e9ponse \u00e0 chaque question.<br><br>\r\nCela en vaut la peine parce que :<br>\ud83e\udee7 Vous vous entra\u00eenez dans la piscine la plus profonde d&#8217;Europe &#8211; jusqu&#8217;\u00e0 45 m\u00e8tres<br>\ud83e\udee7 Vous plongez dans des conditions exotiques &#8211; une eau claire \u00e0 32\u00b0C<br>\ud83e\udee7 Vous utilisez un \u00e9quipement moderne et r\u00e9guli\u00e8rement entretenu<br>\ud83e\udee7 Vous b\u00e9n\u00e9ficiez du soutien d&#8217;instructeurs internationaux exp\u00e9riment\u00e9s<br>\ud83e\udee7 C&#8217;est l&#8217;endroit id\u00e9al pour acqu\u00e9rir de la confiance et une bonne technique.<br><br>\r\nA l&#8217;issue de la formation, vous recevrez un certificat international d&#8217;apn\u00e9e avanc\u00e9e, confirmant vos comp\u00e9tences et qualifications pour plonger jusqu&#8217;\u00e0 30m.<br><br>\r\n\r\nPr\u00e9requis : avoir effectu\u00e9 au moins 6 sessions de plong\u00e9e.\r\n\r\n<br><br><br>Qu&#8217;est-ce qui vaut la peine d&#8217;\u00eatre connu ?<\/p>      <ul>            <li>\r\n              <p>dur\u00e9e  <\/p>\r\n              <strong>  3 jours (environ 24 heures, dont 6 s\u00e9ances en piscine)<\/strong>\r\n            <\/li>\r\n                      <li>\r\n              <p>\u00e2ge minimum du participant<\/p>\r\n              <strong>15 ans<\/strong>\r\n            <\/li>\r\n                      <li>\r\n              <p>Vous plongerez dans des profondeurs<\/p>\r\n              <strong>30 M\u00c8TRES (20 m est la profondeur minimale de passage)<\/strong>\r\n            <\/li>\r\n                      <li>\r\n              <p>En cadeau<\/p>\r\n              <strong>courte vid\u00e9o du photobooth sous-marin<\/strong>\r\n            <\/li>\r\n                      <li>\r\n              <p>Nous fournissons<\/p>\r\n              <strong>Tout le mat\u00e9riel de plong\u00e9e. N&#8217;apportez avec vous que le maillot de bain, la serviette et les tongs. <\/strong>\r\n            <\/li>\r\n                      <li>\r\n              <p>N&#8217;oubliez pas<\/p>\r\n              <strong>Amusez-vous et nous vous insufflerons toute l&#8217;\u00e9nergie n\u00e9cessaire.<\/strong>\r\n            <\/li>\r\n                      <li>\r\n              <p>PRIX :<\/p>\r\n              <strong>2 825 PLN<\/strong>\r\n            <\/li>\r\n          <\/ul>      <div class=\"button-list-wrap\"><div class=\"button-list button-type-both\"><div><a class=\"alternate_ybb\" href=\"https:\/\/cs.deepspot.com\/offer?steps=deepspot_diving-courses_wait-for-diving-course-list_7\" target=\"_self\"><img decoding=\"async\" lazy src=\"data:image\/gif;base64,R0lGODlhAQABAAD\/ACwAAAAAAQABAAACADs%3D\" data-src=\"https:\/\/eco3ygde435.exactdn.com\/wp-content\/uploads\/sites\/2\/2020\/08\/calendar-grid-58.png?strip=all\" alt=\"\"><strong>ZAREZERWUJ<\/strong><\/a><\/div><div><a class=\"alternate_ybb\" href=\"https:\/\/sklep.deepspot.com\/vouchery\/kurs-advanced-freediver\" target=\"_self\"><img decoding=\"async\" lazy src=\"data:image\/gif;base64,R0lGODlhAQABAAD\/ACwAAAAAAQABAAACADs%3D\" data-src=\"https:\/\/eco3ygde435.exactdn.com\/wp-content\/uploads\/sites\/2\/2020\/08\/paper-diploma.png?strip=all\" alt=\"\"><strong>Zam\u00f3w voucher<\/strong><\/a><\/div><div><a class=\"css-default\" href=\"https:\/\/www.deepspot.com\/pl\/frequently-asked-questions\/?tab=2\" target=\"_self\"><img decoding=\"async\" lazy src=\"data:image\/gif;base64,R0lGODlhAQABAAD\/ACwAAAAAAQABAAACADs%3D\" data-src=\"https:\/\/eco3ygde435.exactdn.com\/wp-content\/uploads\/sites\/2\/2020\/08\/presentation.png?strip=all\" alt=\"\"><strong>NAJCZ\u0118\u015aCIEJ ZADAWANE PYTANIA<\/strong><\/a><\/div><\/div><\/div>    <\/div>\r\n  <\/div>\r\n<\/div><!-- block -->\r\n\n<p class=\"has-text-align-center\"><br\/>S<strong>ANT\u00c9<\/strong> La<strong>plong\u00e9e<\/strong> est un <strong>sport de<\/strong> loisir accessible \u00e0 <strong>presque tout le monde<\/strong>.  <\/p>\n\n<p class=\"has-text-align-center\">Si vous \u00eates en <strong>bonne<\/strong> <strong>sant\u00e9<\/strong>, vous <strong>n&#8217;avez probablement pas besoin de l&#8217;autorisation de votre m\u00e9decin<\/strong>, mais dans certains <strong>cas particuliers<\/strong>, elle peut s&#8217;av\u00e9rer <strong>n\u00e9cessaire<\/strong>.  <\/p>\n\n<p class=\"has-text-align-center\">Si vous voulez \u00eatre <strong>s\u00fbr<\/strong>, vous pouvez <strong>lire la<\/strong> norme au pr\u00e9alable  <\/p>\n\n<p class=\"has-text-align-center\"><a href=\"https:\/\/eco3ygde435.exactdn.com\/wp-content\/uploads\/sites\/2\/2023\/10\/TR-MEDICAL-DIVER_Polish.pdf\" target=\"_blank\" rel=\"noreferrer noopener\"><strong>formulaire m\u00e9dical<\/strong><\/a>.<\/p>\n<div id=\"step-guide-icons-block_b7cb4be3b949298de1f2839c1af32c65\" class=\"step-guide-icons-block\">\r\n  <div class=\"row container\">\r\n    <div>\r\n      <div class=\"title\">Pas \u00e0 pas<\/div>      <ul>            <li data-count=\"01\">\r\n              <div class=\"icon-wrap\"><img decoding=\"async\" lazy src=\"data:image\/gif;base64,R0lGODlhAQABAAD\/ACwAAAAAAQABAAACADs%3D\" data-src=\"\" alt=\"\"><\/div>\r\n              <p>Rassembler les participants &#8211; en solo, \u00e0 deux ou en groupe<br \/>\r\n<br \/>\r\n<\/p>\r\n                          <\/li>\r\n                      <li data-count=\"02\">\r\n              <div class=\"icon-wrap\"><img decoding=\"async\" lazy src=\"data:image\/gif;base64,R0lGODlhAQABAAD\/ACwAAAAAAQABAAACADs%3D\" data-src=\"\" alt=\"\"><\/div>\r\n              <p>Prenez votre rendez-vous &#8211; en ligne, rapidement et facilement<br \/>\r\n<br \/>\r\n<\/p>\r\n                          <\/li>\r\n                      <li data-count=\"03\">\r\n              <div class=\"icon-wrap\"><img decoding=\"async\" lazy src=\"data:image\/gif;base64,R0lGODlhAQABAAD\/ACwAAAAAAQABAAACADs%3D\" data-src=\"\" alt=\"\"><\/div>\r\n              <p>Remplissez les coordonn\u00e9es des participants &#8211; via votre compte, cela ne prend qu&#8217;un instant.<br \/>\r\n<\/p>\r\n                          <\/li>\r\n                      <li data-count=\"04\">\r\n              <div class=\"icon-wrap\"><img decoding=\"async\" lazy src=\"data:image\/gif;base64,R0lGODlhAQABAAD\/ACwAAAAAAQABAAACADs%3D\" data-src=\"\" alt=\"\"><\/div>\r\n              <p>Venez 30 minutes \u00e0 l&#8217;avance &#8211; vous pourrez vous pr\u00e9parer en toute tranquillit\u00e9<br \/>\r\n<br \/>\r\n<br \/>\r\n<\/p>\r\n                          <\/li>\r\n                      <li data-count=\"05\">\r\n              <div class=\"icon-wrap\"><img decoding=\"async\" lazy src=\"data:image\/gif;base64,R0lGODlhAQABAAD\/ACwAAAAAAQABAAACADs%3D\" data-src=\"\" alt=\"\"><\/div>\r\n              <p>Plongez &#8211; amusez-vous<br \/>\r\n<br \/>\r\n<\/p>\r\n                          <\/li>\r\n                      <li data-count=\"06\">\r\n              <div class=\"icon-wrap\"><img decoding=\"async\" lazy src=\"data:image\/gif;base64,R0lGODlhAQABAAD\/ACwAAAAAAQABAAACADs%3D\" data-src=\"\" alt=\"\"><\/div>\r\n              <p>Attrapez le virus et revenez pour en savoir plus &#8211; la plong\u00e9e est addictive !<br \/>\r\n<\/p>\r\n                          <\/li>\r\n          <\/ul>    <\/div>\r\n  <\/div>\r\n<\/div><!-- block -->\r\n\n<p class=\"has-text-align-center\"><strong>Organisations reconnues par l&#8217;ISS. Ad\u00e9quation des niveaux d&#8217;apn\u00e9e de loisir :<\/strong><\/p>\n\n<div class=\"wp-block-columns is-layout-flex wp-container-core-columns-is-layout-9d6595d7 wp-block-columns-is-layout-flex\">\n<div class=\"wp-block-column is-layout-flow wp-block-column-is-layout-flow\">\n<figure class=\"wp-block-table is-style-regular has-small-font-size\"><table><thead><tr><th><strong>SSI<\/strong><\/th><th><strong>AIDA<\/strong><\/th><th><strong>Acad\u00e9mie de l&#8217;Apn\u00e9e<\/strong><\/th><th><strong>PADI<\/strong><\/th><th><strong>CMAS (varie selon les pays)<\/strong><\/th><th><strong>Fii<\/strong><\/th><th><strong>PFI<\/strong><\/th><th><strong>RAID<\/strong><\/th><th><strong>Molchanovs<\/strong><\/th><\/tr><\/thead><tbody><tr><td><strong>Apn\u00e9e de base<\/strong><\/td><td>AIDA *<\/td><td><\/td><td><\/td><td><\/td><td><\/td><td>Intro Freediver<\/td><td><\/td><td><\/td><\/tr><tr><td><strong>Apn\u00e9e en piscine<\/strong><\/td><td>AIDA ** Piscine<\/td><td>Niveau 1<\/td><td><\/td><td>APNOE* ou SK1<\/td><td>Niveau 1 de la piscine<\/td><td>Apn\u00e9e de base<\/td><td>Apn\u00e9e de base<\/td><td><\/td><\/tr><tr><td><strong>Apn\u00e9iste<\/strong><\/td><td>AIDA **<\/td><td>Niveau 2<\/td><td>Apn\u00e9e \/ Avanc\u00e9<\/td><td>APNOE** ou SK1+SK2<\/td><td>Niveau 1 et junior<\/td><td><\/td><td>Apn\u00e9iste<\/td><td>Vague 1<\/td><\/tr><tr><td><strong>Apn\u00e9e avanc\u00e9e<\/strong><\/td><td>AIDA ***<\/td><td>Niveau 3<\/td><td>Ma\u00eetre<\/td><td>APNOE***<\/td><td>Niveau 2<\/td><td>Interm\u00e9diaire Freediver<\/td><td>Avanc\u00e9<\/td><td>Vague 2<\/td><\/tr><tr><td><strong>Apn\u00e9e de performance<\/strong><\/td><td>AIDA ****<\/td><td><\/td><td><\/td><td>APNOE****<\/td><td>Niveau 3<\/td><td>Apn\u00e9e avanc\u00e9e<\/td><td>Ma\u00eetre<\/td><td>Vague 3\/4<\/td><\/tr><\/tbody><\/table><\/figure>\n<\/div>\n<\/div>\n<div id=\"download-block_6fef6fc8e4d47ea4d4126b26d80fa408\" class=\"download-block\">\r\n  <div class=\"row container\">\r\n    <div>\r\n      <h2 class=\"title\">DOCUMENTS ET CONDITIONS<\/h2>      <ul>            <li>\r\n              <a href=\"https:\/\/www.deepspot.com\/wp-content\/uploads\/sites\/2\/2023\/08\/FomularzMedyczny2023_PL_do_wgladu.pdf\" download>\r\n                <div>\r\n                  <img decoding=\"async\" lazy src=\"data:image\/gif;base64,R0lGODlhAQABAAD\/ACwAAAAAAQABAAACADs%3D\" data-src=\"https:\/\/www.deepspot.com\/wp-content\/themes\/deepspotflyspotWPML\/images\/dots-download.svg\">\r\n                  <p>FORMULAIRE M\u00c9DICAL<\/p>\r\n                <\/div>\r\n              <\/a>\r\n            <\/li>\r\n          <\/ul>    <\/div>\r\n  <\/div>\r\n<\/div><!-- block -->\r\n","protected":false},"excerpt":{"rendered":"<p>SANT\u00c9 Laplong\u00e9e est un sport de loisir accessible \u00e0 presque tout le monde. Si vous \u00eates en bonne sant\u00e9, vous n&#8217;avez probablement pas besoin de l&#8217;autorisation de votre m\u00e9decin, mais dans certains cas particuliers, elle peut s&#8217;av\u00e9rer n\u00e9cessaire. Si vous voulez \u00eatre s\u00fbr, vous pouvez lire la norme au pr\u00e9alable formulaire m\u00e9dical. Organisations reconnues par [&hellip;]<\/p>\n","protected":false},"author":3,"featured_media":51072,"parent":4767,"menu_order":4,"comment_status":"closed","ping_status":"closed","template":"","meta":{"_acf_changed":false,"footnotes":""},"class_list":["post-8462","page","type-page","status-publish","has-post-thumbnail","hentry"],"acf":[],"yoast_head":"<!-- This site is optimized with the Yoast SEO plugin v27.3 - https:\/\/yoast.com\/product\/yoast-seo-wordpress\/ -->\n<title>Cours avanc\u00e9 d&#039;apn\u00e9e | Deepspot<\/title>\n<meta name=\"description\" content=\"Cours avanc\u00e9 d&#039;apn\u00e9e\" \/>\n<meta name=\"robots\" content=\"index, follow, max-snippet:-1, max-image-preview:large, max-video-preview:-1\" \/>\n<link rel=\"canonical\" href=\"https:\/\/www.deepspot.com\/fr\/pour-qui\/apnee\/deepspot-free-30m\/\" \/>\n<meta property=\"og:locale\" content=\"fr_FR\" \/>\n<meta property=\"og:type\" content=\"article\" \/>\n<meta property=\"og:title\" content=\"Cours avanc\u00e9 d&#039;apn\u00e9e | Deepspot\" \/>\n<meta property=\"og:description\" content=\"Cours avanc\u00e9 d&#039;apn\u00e9e\" \/>\n<meta property=\"og:url\" content=\"https:\/\/www.deepspot.com\/fr\/pour-qui\/apnee\/deepspot-free-30m\/\" \/>\n<meta property=\"og:site_name\" content=\"Deepspot\" \/>\n<meta property=\"article:modified_time\" content=\"2025-10-29T11:22:50+00:00\" \/>\n<meta property=\"og:image\" content=\"https:\/\/eco3ygde435.exactdn.com\/wp-content\/uploads\/sites\/2\/2025\/04\/bgbgbgb.jpg?strip=all\" \/>\n\t<meta property=\"og:image:width\" content=\"1920\" \/>\n\t<meta property=\"og:image:height\" content=\"1218\" \/>\n\t<meta property=\"og:image:type\" content=\"image\/jpeg\" \/>\n<meta name=\"twitter:card\" content=\"summary_large_image\" \/>\n<meta name=\"twitter:label1\" content=\"Dur\u00e9e de lecture estim\u00e9e\" \/>\n\t<meta name=\"twitter:data1\" content=\"1 minute\" \/>\n<script type=\"application\/ld+json\" class=\"yoast-schema-graph\">{\"@context\":\"https:\\\/\\\/schema.org\",\"@graph\":[{\"@type\":\"WebPage\",\"@id\":\"https:\\\/\\\/www.deepspot.com\\\/fr\\\/pour-qui\\\/apnee\\\/deepspot-free-30m\\\/\",\"url\":\"https:\\\/\\\/www.deepspot.com\\\/fr\\\/pour-qui\\\/apnee\\\/deepspot-free-30m\\\/\",\"name\":\"Cours avanc\u00e9 d'apn\u00e9e | Deepspot\",\"isPartOf\":{\"@id\":\"https:\\\/\\\/www.deepspot.com\\\/pl\\\/#website\"},\"primaryImageOfPage\":{\"@id\":\"https:\\\/\\\/www.deepspot.com\\\/fr\\\/pour-qui\\\/apnee\\\/deepspot-free-30m\\\/#primaryimage\"},\"image\":{\"@id\":\"https:\\\/\\\/www.deepspot.com\\\/fr\\\/pour-qui\\\/apnee\\\/deepspot-free-30m\\\/#primaryimage\"},\"thumbnailUrl\":\"https:\\\/\\\/eco3ygde435.exactdn.com\\\/wp-content\\\/uploads\\\/sites\\\/2\\\/2025\\\/04\\\/bgbgbgb.jpg?strip=all\",\"datePublished\":\"2020-08-27T01:03:30+00:00\",\"dateModified\":\"2025-10-29T11:22:50+00:00\",\"description\":\"Cours avanc\u00e9 d'apn\u00e9e\",\"breadcrumb\":{\"@id\":\"https:\\\/\\\/www.deepspot.com\\\/fr\\\/pour-qui\\\/apnee\\\/deepspot-free-30m\\\/#breadcrumb\"},\"inLanguage\":\"fr-FR\",\"potentialAction\":[{\"@type\":\"ReadAction\",\"target\":[\"https:\\\/\\\/www.deepspot.com\\\/fr\\\/pour-qui\\\/apnee\\\/deepspot-free-30m\\\/\"]}]},{\"@type\":\"ImageObject\",\"inLanguage\":\"fr-FR\",\"@id\":\"https:\\\/\\\/www.deepspot.com\\\/fr\\\/pour-qui\\\/apnee\\\/deepspot-free-30m\\\/#primaryimage\",\"url\":\"https:\\\/\\\/eco3ygde435.exactdn.com\\\/wp-content\\\/uploads\\\/sites\\\/2\\\/2025\\\/04\\\/bgbgbgb.jpg?strip=all\",\"contentUrl\":\"https:\\\/\\\/eco3ygde435.exactdn.com\\\/wp-content\\\/uploads\\\/sites\\\/2\\\/2025\\\/04\\\/bgbgbgb.jpg?strip=all\",\"width\":1920,\"height\":1218},{\"@type\":\"BreadcrumbList\",\"@id\":\"https:\\\/\\\/www.deepspot.com\\\/fr\\\/pour-qui\\\/apnee\\\/deepspot-free-30m\\\/#breadcrumb\",\"itemListElement\":[{\"@type\":\"ListItem\",\"position\":1,\"name\":\"Strona g\u0142\u00f3wna\",\"item\":\"https:\\\/\\\/www.deepspot.com\\\/fr\\\/\"},{\"@type\":\"ListItem\",\"position\":2,\"name\":\"Pour qui\",\"item\":\"https:\\\/\\\/www.deepspot.com\\\/fr\\\/pour-qui\\\/\"},{\"@type\":\"ListItem\",\"position\":3,\"name\":\"Plong\u00e9e en apn\u00e9e\",\"item\":\"https:\\\/\\\/www.deepspot.com\\\/fr\\\/pour-qui\\\/apnee\\\/\"},{\"@type\":\"ListItem\",\"position\":4,\"name\":\"Cours avanc\u00e9 d&#8217;apn\u00e9e\"}]},{\"@type\":\"WebSite\",\"@id\":\"https:\\\/\\\/www.deepspot.com\\\/pl\\\/#website\",\"url\":\"https:\\\/\\\/www.deepspot.com\\\/pl\\\/\",\"name\":\"Deepspot\",\"description\":\"Une nouvelle dimension de la plong\u00e9e\",\"potentialAction\":[{\"@type\":\"SearchAction\",\"target\":{\"@type\":\"EntryPoint\",\"urlTemplate\":\"https:\\\/\\\/www.deepspot.com\\\/pl\\\/?s={search_term_string}\"},\"query-input\":{\"@type\":\"PropertyValueSpecification\",\"valueRequired\":true,\"valueName\":\"search_term_string\"}}],\"inLanguage\":\"fr-FR\"}]}<\/script>\n<!-- \/ Yoast SEO plugin. -->","yoast_head_json":{"title":"Cours avanc\u00e9 d'apn\u00e9e | Deepspot","description":"Cours avanc\u00e9 d'apn\u00e9e","robots":{"index":"index","follow":"follow","max-snippet":"max-snippet:-1","max-image-preview":"max-image-preview:large","max-video-preview":"max-video-preview:-1"},"canonical":"https:\/\/www.deepspot.com\/fr\/pour-qui\/apnee\/deepspot-free-30m\/","og_locale":"fr_FR","og_type":"article","og_title":"Cours avanc\u00e9 d'apn\u00e9e | Deepspot","og_description":"Cours avanc\u00e9 d'apn\u00e9e","og_url":"https:\/\/www.deepspot.com\/fr\/pour-qui\/apnee\/deepspot-free-30m\/","og_site_name":"Deepspot","article_modified_time":"2025-10-29T11:22:50+00:00","og_image":[{"width":1920,"height":1218,"url":"https:\/\/eco3ygde435.exactdn.com\/wp-content\/uploads\/sites\/2\/2025\/04\/bgbgbgb.jpg?strip=all","type":"image\/jpeg"}],"twitter_card":"summary_large_image","twitter_misc":{"Dur\u00e9e de lecture estim\u00e9e":"1 minute"},"schema":{"@context":"https:\/\/schema.org","@graph":[{"@type":"WebPage","@id":"https:\/\/www.deepspot.com\/fr\/pour-qui\/apnee\/deepspot-free-30m\/","url":"https:\/\/www.deepspot.com\/fr\/pour-qui\/apnee\/deepspot-free-30m\/","name":"Cours avanc\u00e9 d'apn\u00e9e | Deepspot","isPartOf":{"@id":"https:\/\/www.deepspot.com\/pl\/#website"},"primaryImageOfPage":{"@id":"https:\/\/www.deepspot.com\/fr\/pour-qui\/apnee\/deepspot-free-30m\/#primaryimage"},"image":{"@id":"https:\/\/www.deepspot.com\/fr\/pour-qui\/apnee\/deepspot-free-30m\/#primaryimage"},"thumbnailUrl":"https:\/\/eco3ygde435.exactdn.com\/wp-content\/uploads\/sites\/2\/2025\/04\/bgbgbgb.jpg?strip=all","datePublished":"2020-08-27T01:03:30+00:00","dateModified":"2025-10-29T11:22:50+00:00","description":"Cours avanc\u00e9 d'apn\u00e9e","breadcrumb":{"@id":"https:\/\/www.deepspot.com\/fr\/pour-qui\/apnee\/deepspot-free-30m\/#breadcrumb"},"inLanguage":"fr-FR","potentialAction":[{"@type":"ReadAction","target":["https:\/\/www.deepspot.com\/fr\/pour-qui\/apnee\/deepspot-free-30m\/"]}]},{"@type":"ImageObject","inLanguage":"fr-FR","@id":"https:\/\/www.deepspot.com\/fr\/pour-qui\/apnee\/deepspot-free-30m\/#primaryimage","url":"https:\/\/eco3ygde435.exactdn.com\/wp-content\/uploads\/sites\/2\/2025\/04\/bgbgbgb.jpg?strip=all","contentUrl":"https:\/\/eco3ygde435.exactdn.com\/wp-content\/uploads\/sites\/2\/2025\/04\/bgbgbgb.jpg?strip=all","width":1920,"height":1218},{"@type":"BreadcrumbList","@id":"https:\/\/www.deepspot.com\/fr\/pour-qui\/apnee\/deepspot-free-30m\/#breadcrumb","itemListElement":[{"@type":"ListItem","position":1,"name":"Strona g\u0142\u00f3wna","item":"https:\/\/www.deepspot.com\/fr\/"},{"@type":"ListItem","position":2,"name":"Pour qui","item":"https:\/\/www.deepspot.com\/fr\/pour-qui\/"},{"@type":"ListItem","position":3,"name":"Plong\u00e9e en apn\u00e9e","item":"https:\/\/www.deepspot.com\/fr\/pour-qui\/apnee\/"},{"@type":"ListItem","position":4,"name":"Cours avanc\u00e9 d&#8217;apn\u00e9e"}]},{"@type":"WebSite","@id":"https:\/\/www.deepspot.com\/pl\/#website","url":"https:\/\/www.deepspot.com\/pl\/","name":"Deepspot","description":"Une nouvelle dimension de la plong\u00e9e","potentialAction":[{"@type":"SearchAction","target":{"@type":"EntryPoint","urlTemplate":"https:\/\/www.deepspot.com\/pl\/?s={search_term_string}"},"query-input":{"@type":"PropertyValueSpecification","valueRequired":true,"valueName":"search_term_string"}}],"inLanguage":"fr-FR"}]}},"_links":{"self":[{"href":"https:\/\/www.deepspot.com\/fr\/wp-json\/wp\/v2\/pages\/8462","targetHints":{"allow":["GET"]}}],"collection":[{"href":"https:\/\/www.deepspot.com\/fr\/wp-json\/wp\/v2\/pages"}],"about":[{"href":"https:\/\/www.deepspot.com\/fr\/wp-json\/wp\/v2\/types\/page"}],"author":[{"embeddable":true,"href":"https:\/\/www.deepspot.com\/fr\/wp-json\/wp\/v2\/users\/3"}],"replies":[{"embeddable":true,"href":"https:\/\/www.deepspot.com\/fr\/wp-json\/wp\/v2\/comments?post=8462"}],"version-history":[{"count":62,"href":"https:\/\/www.deepspot.com\/fr\/wp-json\/wp\/v2\/pages\/8462\/revisions"}],"predecessor-version":[{"id":57838,"href":"https:\/\/www.deepspot.com\/fr\/wp-json\/wp\/v2\/pages\/8462\/revisions\/57838"}],"up":[{"embeddable":true,"href":"https:\/\/www.deepspot.com\/fr\/wp-json\/wp\/v2\/pages\/4767"}],"wp:featuredmedia":[{"embeddable":true,"href":"https:\/\/www.deepspot.com\/fr\/wp-json\/wp\/v2\/media\/51072"}],"wp:attachment":[{"href":"https:\/\/www.deepspot.com\/fr\/wp-json\/wp\/v2\/media?parent=8462"}],"curies":[{"name":"wp","href":"https:\/\/api.w.org\/{rel}","templated":true}]}}