{"id":10484,"date":"2021-07-02T12:50:08","date_gmt":"2021-07-02T10:50:08","guid":{"rendered":"https:\/\/www.deepspot.com\/?page_id=10484"},"modified":"2022-12-12T12:48:06","modified_gmt":"2022-12-12T11:48:06","slug":"atlas-sprawdzony-partner-deepspot","status":"publish","type":"page","link":"https:\/\/www.deepspot.com\/pl\/jak-to-robimy\/partnerzy\/atlas-sprawdzony-partner-deepspot\/","title":{"rendered":"ATLAS &#8211; sprawdzony partner Deepspot"},"content":{"rendered":"<div id=\"hero-block_5f32490b77998\" class=\"hero-block\">\r\n  <div class=\"row outer-container\">\r\n    <div>\r\n      <img decoding=\"async\" lazy src=\"data:image\/gif;base64,R0lGODlhAQABAAD\/ACwAAAAAAQABAAACADs%3D\" data-src=\"https:\/\/eco3ygde435.exactdn.com\/wp-content\/uploads\/sites\/2\/2021\/07\/Atlas1305x570.jpg?strip=all\" alt=\"\">\r\n          <\/div>\r\n    <div>\r\n      <h2>Razem bijemy rekordy<\/h2><p><b>Najnowocze\u015bniejszy, najwi\u0119kszy, najg\u0142\u0119bszy. Basen Deepspot sta\u0142 si\u0119 niekwestionowanym, \u015bwiatowym rekordzist\u0105. <\/b><br>\r\nDo budowy tak wymagaj\u0105cego obiektu jak Deepspot potrzebne s\u0105 najlepsze jako\u015bciowe produkty oraz eksperci czuwaj\u0105cy nad ich prawid\u0142owym u\u017cyciem. \r\nCel ten uda\u0142o si\u0119 osi\u0105gn\u0105\u0107 dzi\u0119ki wsparciu polskiej firmy <a href=https:\/\/www.atlas.com.pl\/><b>ATLAS<\/b><\/A>.<Br>\r\n<br>\r\nPrzez ponad rok firma <a href=https:\/\/www.atlas.com.pl\/><b>ATLAS<\/b><\/A> dostarczy\u0142a kilkadziesi\u0105t ton produkt\u00f3w gwarantuj\u0105cych trwa\u0142o\u015b\u0107 i bezpiecze\u0144stwo realizacji oraz nadzorowa\u0142a ka\u017cdy etap prac.<\/p>    <\/div>\r\n  <\/div>\r\n<\/div><!-- block -->\r\n\n\n<div id=\"hero-block_60e4225f739f9\" class=\"hero-block\">\r\n  <div class=\"row outer-container\">\r\n    <div>\r\n      <img decoding=\"async\" lazy src=\"data:image\/gif;base64,R0lGODlhAQABAAD\/ACwAAAAAAQABAAACADs%3D\" data-src=\"https:\/\/eco3ygde435.exactdn.com\/wp-content\/uploads\/sites\/2\/2021\/07\/atlas1305x570_2.png?strip=all\" alt=\"\">\r\n              <span class=\"youtube-play\" data-youtube=\"https:\/\/www.youtube.com\/watch?v=xlCrOzv6toI\">\r\n          <img decoding=\"async\" lazy src=\"data:image\/gif;base64,R0lGODlhAQABAAD\/ACwAAAAAAQABAAACADs%3D\" data-src=\"https:\/\/www.flyspot.com\/wp-content\/themes\/deepspotflyspotWPML\/images\/youtube-play.svg\" alt=\"play\">\r\n          <strong>obejrzyj wideo<\/strong>\r\n        <\/span>\r\n          <\/div>\r\n    <div>\r\n      <h2 class=\"full-width\"><table><tr><Td><h2>Jak powsta\u0142 najg\u0142\u0119bszy basen \u015bwiata?<\/h2><\/td><\/tr><tr><td><h5>obejrzyj relacj\u0119 z budowy<\/h5><\/td><\/tr><\/table><\/center><\/h2>    <\/div>\r\n  <\/div>\r\n<\/div><!-- block -->\r\n\n\n<div id=\"product-details-block_5f325b7d0e130\" class=\"product-details-block\">\r\n  <div class=\"row container\">\r\n    <div>\r\n      <h2 class=\"title\">przeczytaj r\u00f3wnie\u017c:<\/h2>                  <div class=\"button-list-wrap\"><div class=\"button-list button-type-basic\"><div><a class=\"css-default\" href=\"https:\/\/www.atlas.com.pl\/aktualnosc\/egzamin-z-jakosci-na-megaglebokosci\/\" target=\"_blank\"><img decoding=\"async\" lazy src=\"data:image\/gif;base64,R0lGODlhAQABAAD\/ACwAAAAAAQABAAACADs%3D\" data-src=\"https:\/\/eco3ygde435.exactdn.com\/wp-content\/uploads\/sites\/2\/2021\/07\/atlas-49.png?strip=all\" alt=\"\"><strong>Egzamin z jako\u015bci na megag\u0142\u0119boko\u015bci<\/strong><\/a><\/div><div><a class=\"css-default\" href=\"https:\/\/www.atlas.com.pl\/aktualnosc\/prawo-martini-w-najglebszym-basenie-na-swiecie\/\" target=\"_blank\"><img decoding=\"async\" lazy src=\"data:image\/gif;base64,R0lGODlhAQABAAD\/ACwAAAAAAQABAAACADs%3D\" data-src=\"https:\/\/eco3ygde435.exactdn.com\/wp-content\/uploads\/sites\/2\/2021\/07\/atlas-49.png?strip=all\" alt=\"\"><strong>\u201ePrawo Martini\u201d w najg\u0142\u0119bszym basenie na \u015bwiecie<\/strong><\/a><\/div><\/div><\/div>    <\/div>\r\n  <\/div>\r\n<\/div><!-- block -->\r\n","protected":false},"excerpt":{"rendered":"","protected":false},"author":1,"featured_media":10504,"parent":26947,"menu_order":3,"comment_status":"closed","ping_status":"closed","template":"","meta":{"_acf_changed":false,"footnotes":""},"class_list":["post-10484","page","type-page","status-publish","has-post-thumbnail","hentry"],"acf":[],"yoast_head":"<!-- This site is optimized with the Yoast SEO plugin v27.4 - https:\/\/yoast.com\/product\/yoast-seo-wordpress\/ -->\n<title>ATLAS - sprawdzony partner Deepspot | Deepspot<\/title>\n<meta name=\"description\" content=\"Deepspot \u27a4 ATLAS - sprawdzony partner Deepspot \u2714\ufe0f Najg\u0142\u0119bszy basen nurkowy w Europie (45m+) \u2714\ufe0f Krystalicznie czysta woda, jaskinie, wrak. Scuba diving i freediving przez ca\u0142y rok \u2b50 Sprawd\u017a!\" \/>\n<meta name=\"robots\" content=\"index, follow, max-snippet:-1, max-image-preview:large, max-video-preview:-1\" \/>\n<link rel=\"canonical\" href=\"https:\/\/www.deepspot.com\/pl\/jak-to-robimy\/partnerzy\/atlas-sprawdzony-partner-deepspot\/\" \/>\n<meta property=\"og:locale\" content=\"pl_PL\" \/>\n<meta property=\"og:type\" content=\"article\" \/>\n<meta property=\"og:title\" content=\"ATLAS - sprawdzony partner Deepspot | Deepspot\" \/>\n<meta property=\"og:description\" content=\"Deepspot \u27a4 ATLAS - sprawdzony partner Deepspot \u2714\ufe0f Najg\u0142\u0119bszy basen nurkowy w Europie (45m+) \u2714\ufe0f Krystalicznie czysta woda, jaskinie, wrak. Scuba diving i freediving przez ca\u0142y rok \u2b50 Sprawd\u017a!\" \/>\n<meta property=\"og:url\" content=\"https:\/\/www.deepspot.com\/pl\/jak-to-robimy\/partnerzy\/atlas-sprawdzony-partner-deepspot\/\" \/>\n<meta property=\"og:site_name\" content=\"Deepspot\" \/>\n<meta property=\"article:modified_time\" content=\"2022-12-12T11:48:06+00:00\" \/>\n<meta property=\"og:image\" content=\"https:\/\/eco3ygde435.exactdn.com\/wp-content\/uploads\/sites\/2\/2021\/07\/atlas1305x570.png?strip=all\" \/>\n\t<meta property=\"og:image:width\" content=\"1305\" \/>\n\t<meta property=\"og:image:height\" content=\"570\" \/>\n\t<meta property=\"og:image:type\" content=\"image\/png\" \/>\n<meta name=\"twitter:card\" content=\"summary_large_image\" \/>\n<script type=\"application\/ld+json\" class=\"yoast-schema-graph\">{\"@context\":\"https:\\\/\\\/schema.org\",\"@graph\":[{\"@type\":\"WebPage\",\"@id\":\"https:\\\/\\\/www.deepspot.com\\\/pl\\\/jak-to-robimy\\\/partnerzy\\\/atlas-sprawdzony-partner-deepspot\\\/\",\"url\":\"https:\\\/\\\/www.deepspot.com\\\/pl\\\/jak-to-robimy\\\/partnerzy\\\/atlas-sprawdzony-partner-deepspot\\\/\",\"name\":\"ATLAS - sprawdzony partner Deepspot | Deepspot\",\"isPartOf\":{\"@id\":\"https:\\\/\\\/www.deepspot.com\\\/pl\\\/#website\"},\"primaryImageOfPage\":{\"@id\":\"https:\\\/\\\/www.deepspot.com\\\/pl\\\/jak-to-robimy\\\/partnerzy\\\/atlas-sprawdzony-partner-deepspot\\\/#primaryimage\"},\"image\":{\"@id\":\"https:\\\/\\\/www.deepspot.com\\\/pl\\\/jak-to-robimy\\\/partnerzy\\\/atlas-sprawdzony-partner-deepspot\\\/#primaryimage\"},\"thumbnailUrl\":\"https:\\\/\\\/eco3ygde435.exactdn.com\\\/wp-content\\\/uploads\\\/sites\\\/2\\\/2021\\\/07\\\/atlas1305x570.png?strip=all\",\"datePublished\":\"2021-07-02T10:50:08+00:00\",\"dateModified\":\"2022-12-12T11:48:06+00:00\",\"description\":\"Deepspot \u27a4 ATLAS - sprawdzony partner Deepspot \u2714\ufe0f Najg\u0142\u0119bszy basen nurkowy w Europie (45m+) \u2714\ufe0f Krystalicznie czysta woda, jaskinie, wrak. Scuba diving i freediving przez ca\u0142y rok \u2b50 Sprawd\u017a!\",\"breadcrumb\":{\"@id\":\"https:\\\/\\\/www.deepspot.com\\\/pl\\\/jak-to-robimy\\\/partnerzy\\\/atlas-sprawdzony-partner-deepspot\\\/#breadcrumb\"},\"inLanguage\":\"pl-PL\",\"potentialAction\":[{\"@type\":\"ReadAction\",\"target\":[\"https:\\\/\\\/www.deepspot.com\\\/pl\\\/jak-to-robimy\\\/partnerzy\\\/atlas-sprawdzony-partner-deepspot\\\/\"]}]},{\"@type\":\"ImageObject\",\"inLanguage\":\"pl-PL\",\"@id\":\"https:\\\/\\\/www.deepspot.com\\\/pl\\\/jak-to-robimy\\\/partnerzy\\\/atlas-sprawdzony-partner-deepspot\\\/#primaryimage\",\"url\":\"https:\\\/\\\/eco3ygde435.exactdn.com\\\/wp-content\\\/uploads\\\/sites\\\/2\\\/2021\\\/07\\\/atlas1305x570.png?strip=all\",\"contentUrl\":\"https:\\\/\\\/eco3ygde435.exactdn.com\\\/wp-content\\\/uploads\\\/sites\\\/2\\\/2021\\\/07\\\/atlas1305x570.png?strip=all\",\"width\":1305,\"height\":570},{\"@type\":\"BreadcrumbList\",\"@id\":\"https:\\\/\\\/www.deepspot.com\\\/pl\\\/jak-to-robimy\\\/partnerzy\\\/atlas-sprawdzony-partner-deepspot\\\/#breadcrumb\",\"itemListElement\":[{\"@type\":\"ListItem\",\"position\":1,\"name\":\"Strona g\u0142\u00f3wna\",\"item\":\"https:\\\/\\\/www.deepspot.com\\\/pl\\\/\"},{\"@type\":\"ListItem\",\"position\":2,\"name\":\"Jak to robimy?\",\"item\":\"https:\\\/\\\/www.deepspot.com\\\/pl\\\/jak-to-robimy\\\/\"},{\"@type\":\"ListItem\",\"position\":3,\"name\":\"NASI PARTNERZY\",\"item\":\"https:\\\/\\\/www.deepspot.com\\\/pl\\\/jak-to-robimy\\\/partnerzy\\\/\"},{\"@type\":\"ListItem\",\"position\":4,\"name\":\"ATLAS &#8211; sprawdzony partner Deepspot\"}]},{\"@type\":\"WebSite\",\"@id\":\"https:\\\/\\\/www.deepspot.com\\\/pl\\\/#website\",\"url\":\"https:\\\/\\\/www.deepspot.com\\\/pl\\\/\",\"name\":\"Deepspot\",\"description\":\"Nowy wymiar nurkowania\",\"potentialAction\":[{\"@type\":\"SearchAction\",\"target\":{\"@type\":\"EntryPoint\",\"urlTemplate\":\"https:\\\/\\\/www.deepspot.com\\\/pl\\\/?s={search_term_string}\"},\"query-input\":{\"@type\":\"PropertyValueSpecification\",\"valueRequired\":true,\"valueName\":\"search_term_string\"}}],\"inLanguage\":\"pl-PL\"}]}<\/script>\n<!-- \/ Yoast SEO plugin. -->","yoast_head_json":{"title":"ATLAS - sprawdzony partner Deepspot | Deepspot","description":"Deepspot \u27a4 ATLAS - sprawdzony partner Deepspot \u2714\ufe0f Najg\u0142\u0119bszy basen nurkowy w Europie (45m+) \u2714\ufe0f Krystalicznie czysta woda, jaskinie, wrak. Scuba diving i freediving przez ca\u0142y rok \u2b50 Sprawd\u017a!","robots":{"index":"index","follow":"follow","max-snippet":"max-snippet:-1","max-image-preview":"max-image-preview:large","max-video-preview":"max-video-preview:-1"},"canonical":"https:\/\/www.deepspot.com\/pl\/jak-to-robimy\/partnerzy\/atlas-sprawdzony-partner-deepspot\/","og_locale":"pl_PL","og_type":"article","og_title":"ATLAS - sprawdzony partner Deepspot | Deepspot","og_description":"Deepspot \u27a4 ATLAS - sprawdzony partner Deepspot \u2714\ufe0f Najg\u0142\u0119bszy basen nurkowy w Europie (45m+) \u2714\ufe0f Krystalicznie czysta woda, jaskinie, wrak. Scuba diving i freediving przez ca\u0142y rok \u2b50 Sprawd\u017a!","og_url":"https:\/\/www.deepspot.com\/pl\/jak-to-robimy\/partnerzy\/atlas-sprawdzony-partner-deepspot\/","og_site_name":"Deepspot","article_modified_time":"2022-12-12T11:48:06+00:00","og_image":[{"width":1305,"height":570,"url":"https:\/\/eco3ygde435.exactdn.com\/wp-content\/uploads\/sites\/2\/2021\/07\/atlas1305x570.png?strip=all","type":"image\/png"}],"twitter_card":"summary_large_image","schema":{"@context":"https:\/\/schema.org","@graph":[{"@type":"WebPage","@id":"https:\/\/www.deepspot.com\/pl\/jak-to-robimy\/partnerzy\/atlas-sprawdzony-partner-deepspot\/","url":"https:\/\/www.deepspot.com\/pl\/jak-to-robimy\/partnerzy\/atlas-sprawdzony-partner-deepspot\/","name":"ATLAS - sprawdzony partner Deepspot | Deepspot","isPartOf":{"@id":"https:\/\/www.deepspot.com\/pl\/#website"},"primaryImageOfPage":{"@id":"https:\/\/www.deepspot.com\/pl\/jak-to-robimy\/partnerzy\/atlas-sprawdzony-partner-deepspot\/#primaryimage"},"image":{"@id":"https:\/\/www.deepspot.com\/pl\/jak-to-robimy\/partnerzy\/atlas-sprawdzony-partner-deepspot\/#primaryimage"},"thumbnailUrl":"https:\/\/eco3ygde435.exactdn.com\/wp-content\/uploads\/sites\/2\/2021\/07\/atlas1305x570.png?strip=all","datePublished":"2021-07-02T10:50:08+00:00","dateModified":"2022-12-12T11:48:06+00:00","description":"Deepspot \u27a4 ATLAS - sprawdzony partner Deepspot \u2714\ufe0f Najg\u0142\u0119bszy basen nurkowy w Europie (45m+) \u2714\ufe0f Krystalicznie czysta woda, jaskinie, wrak. Scuba diving i freediving przez ca\u0142y rok \u2b50 Sprawd\u017a!","breadcrumb":{"@id":"https:\/\/www.deepspot.com\/pl\/jak-to-robimy\/partnerzy\/atlas-sprawdzony-partner-deepspot\/#breadcrumb"},"inLanguage":"pl-PL","potentialAction":[{"@type":"ReadAction","target":["https:\/\/www.deepspot.com\/pl\/jak-to-robimy\/partnerzy\/atlas-sprawdzony-partner-deepspot\/"]}]},{"@type":"ImageObject","inLanguage":"pl-PL","@id":"https:\/\/www.deepspot.com\/pl\/jak-to-robimy\/partnerzy\/atlas-sprawdzony-partner-deepspot\/#primaryimage","url":"https:\/\/eco3ygde435.exactdn.com\/wp-content\/uploads\/sites\/2\/2021\/07\/atlas1305x570.png?strip=all","contentUrl":"https:\/\/eco3ygde435.exactdn.com\/wp-content\/uploads\/sites\/2\/2021\/07\/atlas1305x570.png?strip=all","width":1305,"height":570},{"@type":"BreadcrumbList","@id":"https:\/\/www.deepspot.com\/pl\/jak-to-robimy\/partnerzy\/atlas-sprawdzony-partner-deepspot\/#breadcrumb","itemListElement":[{"@type":"ListItem","position":1,"name":"Strona g\u0142\u00f3wna","item":"https:\/\/www.deepspot.com\/pl\/"},{"@type":"ListItem","position":2,"name":"Jak to robimy?","item":"https:\/\/www.deepspot.com\/pl\/jak-to-robimy\/"},{"@type":"ListItem","position":3,"name":"NASI PARTNERZY","item":"https:\/\/www.deepspot.com\/pl\/jak-to-robimy\/partnerzy\/"},{"@type":"ListItem","position":4,"name":"ATLAS &#8211; sprawdzony partner Deepspot"}]},{"@type":"WebSite","@id":"https:\/\/www.deepspot.com\/pl\/#website","url":"https:\/\/www.deepspot.com\/pl\/","name":"Deepspot","description":"Nowy wymiar nurkowania","potentialAction":[{"@type":"SearchAction","target":{"@type":"EntryPoint","urlTemplate":"https:\/\/www.deepspot.com\/pl\/?s={search_term_string}"},"query-input":{"@type":"PropertyValueSpecification","valueRequired":true,"valueName":"search_term_string"}}],"inLanguage":"pl-PL"}]}},"_links":{"self":[{"href":"https:\/\/www.deepspot.com\/pl\/wp-json\/wp\/v2\/pages\/10484","targetHints":{"allow":["GET"]}}],"collection":[{"href":"https:\/\/www.deepspot.com\/pl\/wp-json\/wp\/v2\/pages"}],"about":[{"href":"https:\/\/www.deepspot.com\/pl\/wp-json\/wp\/v2\/types\/page"}],"author":[{"embeddable":true,"href":"https:\/\/www.deepspot.com\/pl\/wp-json\/wp\/v2\/users\/1"}],"replies":[{"embeddable":true,"href":"https:\/\/www.deepspot.com\/pl\/wp-json\/wp\/v2\/comments?post=10484"}],"version-history":[{"count":121,"href":"https:\/\/www.deepspot.com\/pl\/wp-json\/wp\/v2\/pages\/10484\/revisions"}],"predecessor-version":[{"id":28104,"href":"https:\/\/www.deepspot.com\/pl\/wp-json\/wp\/v2\/pages\/10484\/revisions\/28104"}],"up":[{"embeddable":true,"href":"https:\/\/www.deepspot.com\/pl\/wp-json\/wp\/v2\/pages\/26947"}],"wp:featuredmedia":[{"embeddable":true,"href":"https:\/\/www.deepspot.com\/pl\/wp-json\/wp\/v2\/media\/10504"}],"wp:attachment":[{"href":"https:\/\/www.deepspot.com\/pl\/wp-json\/wp\/v2\/media?parent=10484"}],"curies":[{"name":"wp","href":"https:\/\/api.w.org\/{rel}","templated":true}]}}