{"id":1086,"date":"2020-08-27T03:03:30","date_gmt":"2020-08-27T01:03:30","guid":{"rendered":"https:\/\/www.deepspot.com\/?page_id=1086"},"modified":"2025-10-29T12:22:01","modified_gmt":"2025-10-29T11:22:01","slug":"advanced-freediver","status":"publish","type":"page","link":"https:\/\/www.deepspot.com\/pl\/dla-kogo\/freediving\/advanced-freediver\/","title":{"rendered":"Kurs Advanced Freediver"},"content":{"rendered":"<div id=\"hero-block_2651e125804082d2440b635d88ef9dd8\" class=\"hero-block\">\r\n  <div class=\"row outer-container\">\r\n    <div>\r\n      <img decoding=\"async\" lazy src=\"data:image\/gif;base64,R0lGODlhAQABAAD\/ACwAAAAAAQABAAACADs%3D\" data-src=\"https:\/\/eco3ygde435.exactdn.com\/wp-content\/uploads\/sites\/2\/2025\/04\/bgbgbgb.jpg?strip=all\" alt=\"\">\r\n          <\/div>\r\n    <div>\r\n      <h2>ZANURZ SI\u0118 G\u0141\u0118BIEJ, ZDOB\u0104D\u0179 WI\u0118CEJ<\/h2><p>Je\u015bli masz certyfikat Freediver i chcesz zej\u015b\u0107 g\u0142\u0119biej \u2013 dos\u0142ownie i w przeno\u015bni \u2013 kurs Advanced Freediver to kolejny krok w Twojej nurkowej przygodzie. <br><br> Pod okiem instruktora opanujesz precyzyjne wyr\u00f3wnywanie ci\u015bnienia, g\u0142\u0119boki relaks, \u015bwiadome zanurzenia i bezpiecznie zanurkujesz nawet do 30 metr\u00f3w. Na zako\u0144czenie otrzymasz mi\u0119dzynarodowy certyfikat Advanced Freediver \u2013 i pot\u0119\u017cny zastrzyk satysfakcji.<\/p>    <\/div>\r\n  <\/div>\r\n<\/div><!-- block -->\r\n\n\n<div id=\"product-details-block_d68851653e3a37e7f0751dc6f790c839\" class=\"product-details-block\">\r\n  <div class=\"row container\">\r\n    <div>\r\n      <h2 class=\"title\">Opis atrakcji<\/h2>      <p class=\"desc\">Chcesz p\u00f3j\u015b\u0107 o krok dalej i przekroczy\u0107 granic\u0119 20 metr\u00f3w? <br>\r\nKurs Advanced Freediver pozwoli Ci rozwin\u0105\u0107 umiej\u0119tno\u015bci zdobyte wcze\u015bniej i przenie\u015b\u0107 sw\u00f3j freediving na wy\u017cszy poziom \u2014 fizycznie i mentalnie. Zdob\u0119dziesz nowe narz\u0119dzia, wi\u0119ksz\u0105 pewno\u015b\u0107 siebie i kwalifikacje. <br><br>\r\n\r\nZanurz si\u0119 szczeg\u00f3lnie je\u015bli: <br>\r\n\ud83e\udee7 Chcesz si\u0119 rozwija\u0107 we freedivingu i si\u0119ga\u0107 g\u0142\u0119biej <br>\r\n\ud83e\udee7 Chcesz bezpiecznie rozwija\u0107 swoje umiej\u0119tno\u015bci i przygotowa\u0107 si\u0119 do kolejnych etap\u00f3w szkolenia<br>\r\n\ud83e\udee7 Marzysz o samodzielnym (bez instruktora, w asy\u015bcie Buddy) nurkowaniu na g\u0142\u0119boko\u015bciach do 30 metr\u00f3w<br> <br>\r\n\r\nCo oferujemy? <br>\r\n\ud83e\udee7 Trzydniowe szkolenie teoretyczne i praktyczne w kontrolowanych warunkach Deepspot<br>\r\n\ud83e\udee7 Nauka zaawansowanych technik oddechowych, relaksacji i wyr\u00f3wnywania ci\u015bnienia<br>\r\n\ud83e\udee7 \u0106wiczenia w wodzie z instruktorem. Budowanie g\u0142\u0119boko\u015bci do 30 m krok po kroku<br>\r\n\ud83e\udee7 Materia\u0142y szkoleniowe udost\u0119pnione na stronie organizacji SSI. Zapoznaj si\u0119 z nimi przed przyst\u0105pieniem do zaj\u0119\u0107<br>\r\n\ud83e\udee7 Wszystko, czego potrzebujesz jest w cenie. Ca\u0142y niezb\u0119dny sprz\u0119t zapewniamy my<br>\r\n\ud83e\udee7 Kameralne grupy lub zaj\u0119cia indywidualne. Tempo zawsze dopasujemy do Ciebie<br><br>\r\n\r\nKursy prowadzone s\u0105 w ma\u0142ych grupach \u2013 maksymalnie 4 osoby na jednego instruktora \u2013 co daje Ci pewno\u015b\u0107, \u017ce ka\u017cdy oddech b\u0119dzie spokojny, a ka\u017cde pytanie znajdzie odpowied\u017a.<br><br>\r\n\r\nWarto, poniewa\u017c:<br>\r\n\ud83e\udee7 Trenujesz w najg\u0142\u0119bszym basenie w Europie \u2013 a\u017c 45 metr\u00f3w g\u0142\u0119boko\u015bci<br>\r\n\ud83e\udee7 Nurkowanie odbywa si\u0119 w egzotycznych warunkach \u2013 przejrzysta woda o temperaturze 32\u00b0C<br>\r\n\ud83e\udee7 Korzystasz z nowoczesnego, regularnie serwisowanego sprz\u0119tu<br>\r\n\ud83e\udee7 Masz wsparcie do\u015bwiadczonej, mi\u0119dzynarodowej kadry instruktor\u00f3w<br>\r\n\ud83e\udee7 To idealne miejsce do budowania pewno\u015bci siebie i dobrej techniki<br><br>\r\n\r\nPo uko\u0144czeniu kursu otrzymasz mi\u0119dzynarodowy certyfikat Advanced Freediver, potwierdzaj\u0105cy Twoje umiej\u0119tno\u015bci i kwalifikacje do  nurkowania do 30m.<br><br>\r\n\r\n\r\nWymagania wst\u0119pne: zalogowane co najmniej 6 sesji nurkowych.\r\n\r\n<br><br><br>\r\nCo warto wiedzie\u0107?<\/p>      <ul>            <li>\r\n              <p>czas trwania <\/p>\r\n              <strong> 3 dni (ok. 24h, w tym 6 sesji basenowych)<\/strong>\r\n            <\/li>\r\n                      <li>\r\n              <p>minimalny wiek uczestnika<\/p>\r\n              <strong>15 lat<\/strong>\r\n            <\/li>\r\n                      <li>\r\n              <p>Zanurkujesz do g\u0142\u0119boko\u015bci<\/p>\r\n              <strong>30 METR\u00d3W (20m to minimalna g\u0142\u0119boko\u015b\u0107 zaliczeniowa)<\/strong>\r\n            <\/li>\r\n                      <li>\r\n              <p>W prezencie<\/p>\r\n              <strong>kr\u00f3tkie wideo z podwodnej fotobudki<\/strong>\r\n            <\/li>\r\n                      <li>\r\n              <p>Zapewniamy<\/p>\r\n              <strong>Ca\u0142y sprz\u0119t nurkowy. Zabierz ze sob\u0105 jedynie k\u0105piel\u00f3wki, r\u0119cznik i klapki<\/strong>\r\n            <\/li>\r\n                      <li>\r\n              <p>Nie zapomnij<\/p>\r\n              <strong>Dobrze si\u0119 bawi\u0107, a ca\u0142\u0105 energi\u0105 zarazimy Ci\u0119 my<\/strong>\r\n            <\/li>\r\n                      <li>\r\n              <p>CENA:<\/p>\r\n              <strong>2 825 PLN<\/strong>\r\n            <\/li>\r\n          <\/ul>      <div class=\"button-list-wrap\"><div class=\"button-list button-type-both\"><div><a class=\"alternate_ybb\" href=\"https:\/\/cs.deepspot.com\/offer?steps=deepspot_diving-courses_wait-for-diving-course-list_7\" target=\"_self\"><img decoding=\"async\" lazy src=\"data:image\/gif;base64,R0lGODlhAQABAAD\/ACwAAAAAAQABAAACADs%3D\" data-src=\"https:\/\/eco3ygde435.exactdn.com\/wp-content\/uploads\/sites\/2\/2020\/08\/calendar-grid-58.png?strip=all\" alt=\"\"><strong>ZAREZERWUJ<\/strong><\/a><\/div><div><a class=\"alternate_ybb\" href=\"https:\/\/sklep.deepspot.com\/vouchery\/kurs-advanced-freediver\" target=\"_self\"><img decoding=\"async\" lazy src=\"data:image\/gif;base64,R0lGODlhAQABAAD\/ACwAAAAAAQABAAACADs%3D\" data-src=\"https:\/\/eco3ygde435.exactdn.com\/wp-content\/uploads\/sites\/2\/2020\/08\/paper-diploma.png?strip=all\" alt=\"\"><strong>Zam\u00f3w voucher<\/strong><\/a><\/div><div><a class=\"css-default\" href=\"https:\/\/www.deepspot.com\/pl\/frequently-asked-questions\/?tab=2\" target=\"_self\"><img decoding=\"async\" lazy src=\"data:image\/gif;base64,R0lGODlhAQABAAD\/ACwAAAAAAQABAAACADs%3D\" data-src=\"https:\/\/eco3ygde435.exactdn.com\/wp-content\/uploads\/sites\/2\/2020\/08\/presentation.png?strip=all\" alt=\"\"><strong>NAJCZ\u0118\u015aCIEJ ZADAWANE PYTANIA<\/strong><\/a><\/div><\/div><\/div>    <\/div>\r\n  <\/div>\r\n<\/div><!-- block -->\r\n\n\n\n<p class=\"has-text-align-center\"><strong>ZDROWIE<\/strong><br><strong>Nurkowanie<\/strong> to <strong>sport<\/strong> rekreacyjny dost\u0119pny <strong>niemal\u017ce dla ka\u017cdego<\/strong>. <\/p>\n\n\n\n<p class=\"has-text-align-center\">Je\u015bli tw\u00f3j <strong>stan zdrowia<\/strong> jest w <strong>dobrej<\/strong> kondycji, <strong>najprawdopodobniej nie potrzebujesz zgody od lekarza<\/strong>, niemniej jednak w pewnych <strong>szczeg\u00f3lnych przypadkach<\/strong> mo\u017ce by\u0107 ona <strong>konieczna<\/strong>. <\/p>\n\n\n\n<p class=\"has-text-align-center\">Je\u015bli chcesz mie\u0107 <strong>pewno\u015b\u0107<\/strong>, mo\u017cesz wcze\u015bniej <strong>zapozna\u0107 si\u0119<\/strong> ze standardowym <\/p>\n\n\n\n<p class=\"has-text-align-center\"><a href=\"https:\/\/eco3ygde435.exactdn.com\/wp-content\/uploads\/sites\/2\/2023\/10\/TR-MEDICAL-DIVER_Polish.pdf\" target=\"_blank\" rel=\"noreferrer noopener\"><strong>formularzem medycznym<\/strong><\/a>.<\/p>\n\n\n<div id=\"step-guide-icons-block_9812df9c9e0942f1f01b1daed5e40595\" class=\"step-guide-icons-block\">\r\n  <div class=\"row container\">\r\n    <div>\r\n      <div class=\"title\">Krok po kroku<\/div>      <ul>            <li data-count=\"01\">\r\n              <div class=\"icon-wrap\"><img decoding=\"async\" lazy src=\"data:image\/gif;base64,R0lGODlhAQABAAD\/ACwAAAAAAQABAAACADs%3D\" data-src=\"\" alt=\"\"><\/div>\r\n              <p>Zbierz uczestnik\u00f3w \u2013 solo, we dwoje albo z paczk\u0105<br \/>\r\n<br \/>\r\n<\/p>\r\n                          <\/li>\r\n                      <li data-count=\"02\">\r\n              <div class=\"icon-wrap\"><img decoding=\"async\" lazy src=\"data:image\/gif;base64,R0lGODlhAQABAAD\/ACwAAAAAAQABAAACADs%3D\" data-src=\"\" alt=\"\"><\/div>\r\n              <p>Zarezerwuj termin \u2013 online, szybko i wygodnie<br \/>\r\n<br \/>\r\n<\/p>\r\n                          <\/li>\r\n                      <li data-count=\"03\">\r\n              <div class=\"icon-wrap\"><img decoding=\"async\" lazy src=\"data:image\/gif;base64,R0lGODlhAQABAAD\/ACwAAAAAAQABAAACADs%3D\" data-src=\"\" alt=\"\"><\/div>\r\n              <p>Uzupe\u0142nij dane uczestnik\u00f3w \u2013 przez swoje konto, to zajmie tylko chwilk\u0119<br \/>\r\n<\/p>\r\n                          <\/li>\r\n                      <li data-count=\"04\">\r\n              <div class=\"icon-wrap\"><img decoding=\"async\" lazy src=\"data:image\/gif;base64,R0lGODlhAQABAAD\/ACwAAAAAAQABAAACADs%3D\" data-src=\"\" alt=\"\"><\/div>\r\n              <p>Przyjd\u017a 30 min wcze\u015bniej \u2013 na spokojnie si\u0119 przygotujesz<br \/>\r\n<br \/>\r\n<br \/>\r\n<\/p>\r\n                          <\/li>\r\n                      <li data-count=\"05\">\r\n              <div class=\"icon-wrap\"><img decoding=\"async\" lazy src=\"data:image\/gif;base64,R0lGODlhAQABAAD\/ACwAAAAAAQABAAACADs%3D\" data-src=\"\" alt=\"\"><\/div>\r\n              <p>Zanurkuj \u2013 baw si\u0119 dobrze<br \/>\r\n<br \/>\r\n<\/p>\r\n                          <\/li>\r\n                      <li data-count=\"06\">\r\n              <div class=\"icon-wrap\"><img decoding=\"async\" lazy src=\"data:image\/gif;base64,R0lGODlhAQABAAD\/ACwAAAAAAQABAAACADs%3D\" data-src=\"\" alt=\"\"><\/div>\r\n              <p>Z\u0142ap bakcyla i wr\u00f3\u0107 po wi\u0119cej \u2013 nurkowanie wci\u0105ga!<br \/>\r\n<\/p>\r\n                          <\/li>\r\n          <\/ul>    <\/div>\r\n  <\/div>\r\n<\/div><!-- block -->\r\n\n\n\n<p class=\"has-text-align-center\"><strong>Organizacje uznawane przez SSI. Odpowiednio\u015b\u0107 rekreacyjnych stopni freediving&#8217;owych:<\/strong><\/p>\n\n\n\n<div class=\"wp-block-columns is-layout-flex wp-container-core-columns-is-layout-9d6595d7 wp-block-columns-is-layout-flex\">\n<div class=\"wp-block-column is-layout-flow wp-block-column-is-layout-flow\">\n<figure class=\"wp-block-table is-style-regular has-small-font-size\"><table><thead><tr><th><strong>SSI<\/strong><\/th><th><strong>AIDA<\/strong><\/th><th><strong>Apnea Academy<\/strong><\/th><th><strong>PADI<\/strong><\/th><th><strong>CMAS (r\u00f3\u017cni\u0105 si\u0119 w zale\u017cno\u015bci od kraju)<\/strong><\/th><th><strong>Fii<\/strong><\/th><th><strong>PFI<\/strong><\/th><th><strong>RAID<\/strong><\/th><th><strong>Molchanovs<\/strong><\/th><\/tr><\/thead><tbody><tr><td><strong>Basic Freediving<\/strong><\/td><td>AIDA *<\/td><td><\/td><td><\/td><td><\/td><td><\/td><td>Intro Freediver<\/td><td><\/td><td><\/td><\/tr><tr><td><strong>Pool Freediver<\/strong><\/td><td>AIDA ** Pool<\/td><td>Level 1<\/td><td><\/td><td>APNOE* lub SK1<\/td><td>Level 1 Pool<\/td><td>Basic Freediver<\/td><td>Basic Freediver<\/td><td><\/td><\/tr><tr><td><strong>Freediver<\/strong><\/td><td>AIDA **<\/td><td>Level 2<\/td><td>Freediver \/ Advanced<\/td><td>APNOE** lub SK1+SK2<\/td><td>Level 1 &amp; Junior<\/td><td><\/td><td>Freediver<\/td><td>Wave 1<\/td><\/tr><tr><td><strong>Advanced Freediver<\/strong><\/td><td>AIDA ***<\/td><td>Level 3<\/td><td>Master<\/td><td>APNOE***<\/td><td>Level 2<\/td><td>Intermediate Freediver<\/td><td>Advanced<\/td><td>Wave 2<\/td><\/tr><tr><td><strong>Performance Freediver<\/strong><\/td><td>AIDA ****<\/td><td><\/td><td><\/td><td>APNOE****<\/td><td>Level 3<\/td><td>Advanced Freediver<\/td><td>Master<\/td><td>Wave 3\/4<\/td><\/tr><\/tbody><\/table><\/figure>\n<\/div>\n<\/div>\n\n\n<div id=\"download-block_768a2b6f7780c1612e9b724dd6cbc1b3\" class=\"download-block\">\r\n  <div class=\"row container\">\r\n    <div>\r\n      <h2 class=\"title\">DOKUMENTY I WARUNKI<\/h2>      <ul>            <li>\r\n              <a href=\"https:\/\/www.deepspot.com\/wp-content\/uploads\/sites\/2\/2023\/08\/FomularzMedyczny2023_PL_do_wgladu.pdf\" download>\r\n                <div>\r\n                  <img decoding=\"async\" lazy src=\"data:image\/gif;base64,R0lGODlhAQABAAD\/ACwAAAAAAQABAAACADs%3D\" data-src=\"https:\/\/www.deepspot.com\/wp-content\/themes\/deepspotflyspotWPML\/images\/dots-download.svg\">\r\n                  <p>FORMULARZ MEDYCZNY<\/p>\r\n                <\/div>\r\n              <\/a>\r\n            <\/li>\r\n          <\/ul>    <\/div>\r\n  <\/div>\r\n<\/div><!-- block -->\r\n","protected":false},"excerpt":{"rendered":"<p>ZDROWIENurkowanie to sport rekreacyjny dost\u0119pny niemal\u017ce dla ka\u017cdego. Je\u015bli tw\u00f3j stan zdrowia jest w dobrej kondycji, najprawdopodobniej nie potrzebujesz zgody od lekarza, niemniej jednak w pewnych szczeg\u00f3lnych przypadkach mo\u017ce by\u0107 ona konieczna. Je\u015bli chcesz mie\u0107 pewno\u015b\u0107, mo\u017cesz wcze\u015bniej zapozna\u0107 si\u0119 ze standardowym formularzem medycznym. Organizacje uznawane przez SSI. Odpowiednio\u015b\u0107 rekreacyjnych stopni freediving&#8217;owych: SSI AIDA Apnea [&hellip;]<\/p>\n","protected":false},"author":3,"featured_media":51069,"parent":775,"menu_order":4,"comment_status":"closed","ping_status":"closed","template":"","meta":{"_acf_changed":false,"footnotes":""},"class_list":["post-1086","page","type-page","status-publish","has-post-thumbnail","hentry"],"acf":[],"_links":{"self":[{"href":"https:\/\/www.deepspot.com\/pl\/wp-json\/wp\/v2\/pages\/1086","targetHints":{"allow":["GET"]}}],"collection":[{"href":"https:\/\/www.deepspot.com\/pl\/wp-json\/wp\/v2\/pages"}],"about":[{"href":"https:\/\/www.deepspot.com\/pl\/wp-json\/wp\/v2\/types\/page"}],"author":[{"embeddable":true,"href":"https:\/\/www.deepspot.com\/pl\/wp-json\/wp\/v2\/users\/3"}],"replies":[{"embeddable":true,"href":"https:\/\/www.deepspot.com\/pl\/wp-json\/wp\/v2\/comments?post=1086"}],"version-history":[{"count":180,"href":"https:\/\/www.deepspot.com\/pl\/wp-json\/wp\/v2\/pages\/1086\/revisions"}],"predecessor-version":[{"id":57833,"href":"https:\/\/www.deepspot.com\/pl\/wp-json\/wp\/v2\/pages\/1086\/revisions\/57833"}],"up":[{"embeddable":true,"href":"https:\/\/www.deepspot.com\/pl\/wp-json\/wp\/v2\/pages\/775"}],"wp:featuredmedia":[{"embeddable":true,"href":"https:\/\/www.deepspot.com\/pl\/wp-json\/wp\/v2\/media\/51069"}],"wp:attachment":[{"href":"https:\/\/www.deepspot.com\/pl\/wp-json\/wp\/v2\/media?parent=1086"}],"curies":[{"name":"wp","href":"https:\/\/api.w.org\/{rel}","templated":true}]}}