{"id":12026,"date":"2021-08-30T12:24:24","date_gmt":"2021-08-30T10:24:24","guid":{"rendered":"https:\/\/www.deepspot.com\/?page_id=12026"},"modified":"2023-10-13T17:18:31","modified_gmt":"2023-10-13T15:18:31","slug":"dniowka-owd-w-deepspot","status":"publish","type":"page","link":"https:\/\/www.deepspot.com\/pl\/strefa-instruktora\/dniowka-owd-w-deepspot\/","title":{"rendered":"Dni\u00f3wka OWD w Deepspot"},"content":{"rendered":"<div id=\"hero-block_28b4fbbdab3f1549863e8f52f4a11cda\" class=\"hero-block\">\r\n  <div class=\"row outer-container\">\r\n    <div>\r\n      <img decoding=\"async\" lazy src=\"data:image\/gif;base64,R0lGODlhAQABAAD\/ACwAAAAAAQABAAACADs%3D\" data-src=\"https:\/\/eco3ygde435.exactdn.com\/wp-content\/uploads\/sites\/2\/2023\/10\/DS-2.jpg?strip=all\" alt=\"\">\r\n          <\/div>\r\n    <div>\r\n      <h2>DNI\u00d3WKA OWD<\/h2><p><h4>Oferta <b>wy\u0142\u0105cznie<\/b> dla <b>instruktor\u00f3w<\/b>. \r\n<br><\/br>\r\n<b>Wprowad\u017a<\/b> swoich kursant\u00f3w w \u015bwiat nurkowania w <b>komfortowych<\/b>, <b>kontrolowanych<\/b> warunkach Deepspot. \r\n<b>Dni\u00f3wka OWD<\/b> zosta\u0142a stworzona, aby <b>wspiera\u0107<\/b> centra nurkowe oraz instruktor\u00f3w indywidualnych w <b>szkoleniu<\/b> os\u00f3b, kt\u00f3re chc\u0105 zrobi\u0107 <b>pierwszy<\/b> certyfikat nurkowy <b>Scuba<\/b>. \r\n<br><\/br>\r\n<b>Ciep\u0142a<\/b>, krystalicznie <b>czysta<\/b> woda oraz <b>g\u0142\u0119bia<\/b> sprawiaj\u0105, \u017ce szlifowanie pierwszych umiej\u0119tno\u015bci nurkowych jest du\u017co <b>prostsze<\/b> i bardziej <b>efektywne<\/b>! \r\n<br><\/br>\r\n<b>Aktualny<\/b> cennik oraz <b>godziny<\/b> wej\u015b\u0107 mo\u017cesz sprawdzi\u0107 w <b>Cenniku B2B<\/b>.<\/h4><\/p>    <\/div>\r\n  <\/div>\r\n<\/div><!-- block -->\r\n\n\n<div id=\"reviews-block_7b54e8e75fc8cb4133775d883d4fb83d\" class=\"reviews-block\" data-more-text=\"wi\u0119cej\">\r\n  <div class=\"row container\">\r\n    <div class=\"heading\">\r\n      <h2 class=\"title\">DOWIEDZ SI\u0118, DLACZEGO INSTRUKTORZY NURKOWANIA POLECAJ\u0104 DNI\u00d3WK\u0118 OWD W DEEPSPOT <span><\/span><\/h2>\r\n      <div>\r\n        <div><\/div><span><\/span> Gwiazdki      <\/div>\r\n    <\/div>\r\n    <a href=\"#\">Napisz recenzj\u0119<\/a>\r\n        <div class=\"review-flex\"><div><img decoding=\"async\" lazy src=\"data:image\/gif;base64,R0lGODlhAQABAAD\/ACwAAAAAAQABAAACADs%3D\" data-src=\"https:\/\/eco3ygde435.exactdn.com\/wp-content\/uploads\/sites\/2\/2021\/09\/Grzegorz-Krysiak.png?strip=all\" alt=\"\"><strong>Grzegorz Krysiak \/ Instruktor PADI<\/strong><div class=\"rating\"><span data-rating=\"5\"><\/span><span><\/span><\/div><p><span><span>&#8220;Dni\u00f3wka OWD pozwala moim kursantom nie tylko sprawnie opanowa\u0107 podstawowe umiej\u0119tno\u015bci nurkowe, ale r\u00f3wnie\u017c w komfortowych warunkach popracowa\u0107 nad swoj\u0105 p\u0142ywalno\u015bci\u0105. Dzi\u0119ki temu p\u00f3\u017aniejsze kursowe nurkowania na wodach otwartych s\u0105 o wiele efektywniejsze i mamy wi\u0119cej czasu na doskonalenie i dopracowywanie techniki nurkowania.&#8221;<\/span><\/span><\/p><\/div><div><img decoding=\"async\" lazy src=\"data:image\/gif;base64,R0lGODlhAQABAAD\/ACwAAAAAAQABAAACADs%3D\" data-src=\"https:\/\/eco3ygde435.exactdn.com\/wp-content\/uploads\/sites\/2\/2021\/09\/Marcin-Pietrasik.png?strip=all\" alt=\"\"><strong>Marcin Pietrasik \/ Instruktor SSI<\/strong><div class=\"rating\"><span data-rating=\"5\"><\/span><span><\/span><\/div><p><span><span>\u201eDzi\u0119ki tej opcji praktycznie przestali\u015bmy szkoli\u0107 na zwyk\u0142ych basenach, a ca\u0142o\u015b\u0107 szkole\u0144 podstawowych przenie\u015bli\u015bmy do Deepspot. Dost\u0119p do \u015bwietnie zorganizowanej infrastruktury nurkowej to doskona\u0142y pocz\u0105tek dla ka\u017cdego z nurk\u00f3w. Sam produkt daje nam, centrom nurkowym, mo\u017cliwo\u015b\u0107 wplecenia w ca\u0142\u0105 \u015bcie\u017ck\u0119 szkoleniow\u0105 od samego pocz\u0105tku g\u0142\u0119boko\u015bci praktycznie od \u201ebasenu nr 1\u201d. Dzi\u0119ki ca\u0142odniowemu pobytowi na terenie obiektu, przyszli nurkowie maj\u0105 te\u017c okazj\u0119 podpatrywa\u0107 swoich bardziej do\u015bwiadczonych koleg\u00f3w. Od pocz\u0105tku istnienia Deepspot czekali\u015bmy na taki produkt &#8211; wychowuj\u0105cy przysz\u0142ych nurk\u00f3w w duchu nurkowania w ciep\u0142ej i przejrzystej wodzie.\u201d<br \/>\r\n<\/span><\/span><\/p><\/div><div><img decoding=\"async\" lazy src=\"data:image\/gif;base64,R0lGODlhAQABAAD\/ACwAAAAAAQABAAACADs%3D\" data-src=\"https:\/\/eco3ygde435.exactdn.com\/wp-content\/uploads\/sites\/2\/2021\/09\/Magda.png?strip=all\" alt=\"\"><strong>Magdalena Witkowska \/ Instruktorka PADI<\/strong><div class=\"rating\"><span data-rating=\"5\"><\/span><span><\/span><\/div><p><span><span>\u201eObiekt daje super mo\u017cliwo\u015bci szkolenia, a kursanci s\u0105 lepiej przygotowani do nurkowania morzu czy jeziorze. Deepspot daje mo\u017cliwo\u015b\u0107 zanurkowania g\u0142\u0119biej ni\u017c standardowy basen 1,8 m, dzi\u0119ki temu kursanci nie boja si\u0119 ju\u017c tak bardzo o problemu z wyr\u00f3wnywaniem ci\u015bnienia w uszach. Dodatkowo mog\u0105 cieszy\u0107 si\u0119 ju\u017c nurkowaniem, a nie walczy\u0107 z p\u0142ywalno\u015bci\u0105. <\/span><\/span><\/p><\/div><\/div>    <a class=\"show-all\" href=\"#\"><img decoding=\"async\" src=\"https:\/\/eco3ygde435.exactdn.com\/wp-content\/themes\/deepspotflyspotWPML\/images\/signature.svg\"><span>poka\u017c wszystkie<\/span><\/a>\r\n  <\/div>\r\n\r\n  <div class=\"popup-review\">\r\n    <div class=\"row container\">\r\n      <div class=\"heading\">\r\n        <h2 class=\"title\">DOWIEDZ SI\u0118, DLACZEGO INSTRUKTORZY NURKOWANIA POLECAJ\u0104 DNI\u00d3WK\u0118 OWD W DEEPSPOT <span><\/span><\/h2>\r\n        <div>\r\n          <div><\/div><span><\/span> Gwiazdki        <\/div>\r\n      <\/div>\r\n      <a href=\"#\">Napisz recenzj\u0119<\/a>\r\n      <a class=\"close-popup\" href=\"#\">Zamknij <svg xmlns=\"http:\/\/www.w3.org\/2000\/svg\" width=\"23\" height=\"23\" viewBox=\"0 0 23 23\"><g><g><g><path fill=\"none\" stroke=\"#9ca0a3\" stroke-linejoin=\"round\" stroke-miterlimit=\"50\" stroke-width=\"\" d=\"M22 1L1 22\"><\/path><\/g><g><path fill=\"none\" stroke=\"#9ca0a3\" stroke-linejoin=\"round\" stroke-miterlimit=\"50\" stroke-width=\"\" d=\"M22 22L1 1\"><\/path><\/g><\/g><\/g><\/svg><\/a>\r\n      <div class=\"review-flex\"><div><img decoding=\"async\" lazy src=\"data:image\/gif;base64,R0lGODlhAQABAAD\/ACwAAAAAAQABAAACADs%3D\" data-src=\"https:\/\/eco3ygde435.exactdn.com\/wp-content\/uploads\/sites\/2\/2021\/09\/Grzegorz-Krysiak.png?strip=all\" alt=\"\"><strong>Grzegorz Krysiak \/ Instruktor PADI<\/strong><div class=\"rating\"><span data-rating=\"5\"><\/span><span><\/span><\/div><p><span><span>&#8220;Dni\u00f3wka OWD pozwala moim kursantom nie tylko sprawnie opanowa\u0107 podstawowe umiej\u0119tno\u015bci nurkowe, ale r\u00f3wnie\u017c w komfortowych warunkach popracowa\u0107 nad swoj\u0105 p\u0142ywalno\u015bci\u0105. Dzi\u0119ki temu p\u00f3\u017aniejsze kursowe nurkowania na wodach otwartych s\u0105 o wiele efektywniejsze i mamy wi\u0119cej czasu na doskonalenie i dopracowywanie techniki nurkowania.&#8221;<\/span><\/span><\/p><\/div><div><img decoding=\"async\" lazy src=\"data:image\/gif;base64,R0lGODlhAQABAAD\/ACwAAAAAAQABAAACADs%3D\" data-src=\"https:\/\/eco3ygde435.exactdn.com\/wp-content\/uploads\/sites\/2\/2021\/09\/Marcin-Pietrasik.png?strip=all\" alt=\"\"><strong>Marcin Pietrasik \/ Instruktor SSI<\/strong><div class=\"rating\"><span data-rating=\"5\"><\/span><span><\/span><\/div><p><span><span>\u201eDzi\u0119ki tej opcji praktycznie przestali\u015bmy szkoli\u0107 na zwyk\u0142ych basenach, a ca\u0142o\u015b\u0107 szkole\u0144 podstawowych przenie\u015bli\u015bmy do Deepspot. Dost\u0119p do \u015bwietnie zorganizowanej infrastruktury nurkowej to doskona\u0142y pocz\u0105tek dla ka\u017cdego z nurk\u00f3w. Sam produkt daje nam, centrom nurkowym, mo\u017cliwo\u015b\u0107 wplecenia w ca\u0142\u0105 \u015bcie\u017ck\u0119 szkoleniow\u0105 od samego pocz\u0105tku g\u0142\u0119boko\u015bci praktycznie od \u201ebasenu nr 1\u201d. Dzi\u0119ki ca\u0142odniowemu pobytowi na terenie obiektu, przyszli nurkowie maj\u0105 te\u017c okazj\u0119 podpatrywa\u0107 swoich bardziej do\u015bwiadczonych koleg\u00f3w. Od pocz\u0105tku istnienia Deepspot czekali\u015bmy na taki produkt &#8211; wychowuj\u0105cy przysz\u0142ych nurk\u00f3w w duchu nurkowania w ciep\u0142ej i przejrzystej wodzie.\u201d<br \/>\r\n<\/span><\/span><\/p><\/div><div><img decoding=\"async\" lazy src=\"data:image\/gif;base64,R0lGODlhAQABAAD\/ACwAAAAAAQABAAACADs%3D\" data-src=\"https:\/\/eco3ygde435.exactdn.com\/wp-content\/uploads\/sites\/2\/2021\/09\/Magda.png?strip=all\" alt=\"\"><strong>Magdalena Witkowska \/ Instruktorka PADI<\/strong><div class=\"rating\"><span data-rating=\"5\"><\/span><span><\/span><\/div><p><span><span>\u201eObiekt daje super mo\u017cliwo\u015bci szkolenia, a kursanci s\u0105 lepiej przygotowani do nurkowania morzu czy jeziorze. Deepspot daje mo\u017cliwo\u015b\u0107 zanurkowania g\u0142\u0119biej ni\u017c standardowy basen 1,8 m, dzi\u0119ki temu kursanci nie boja si\u0119 ju\u017c tak bardzo o problemu z wyr\u00f3wnywaniem ci\u015bnienia w uszach. Dodatkowo mog\u0105 cieszy\u0107 si\u0119 ju\u017c nurkowaniem, a nie walczy\u0107 z p\u0142ywalno\u015bci\u0105. <\/span><\/span><\/p><\/div><div><img decoding=\"async\" lazy src=\"data:image\/gif;base64,R0lGODlhAQABAAD\/ACwAAAAAAQABAAACADs%3D\" data-src=\"https:\/\/eco3ygde435.exactdn.com\/wp-content\/uploads\/sites\/2\/2021\/09\/ds2.jpg?strip=all\" alt=\"\"><strong>Adam Borkowski \/ Instruktor PADI<\/strong><div class=\"rating\"><span data-rating=\"5\"><\/span><span><\/span><\/div><p><span><span>&#8220;Od maja 2021 wszystkie szkolenia basenowe kursu OPEN WATER DIVER PADI prowadzimy tylko w Deepspot w ramach dni\u00f3wki OWD. Na ka\u017cdego kursanta przypadaj\u0105 2 dni\u00f3wki OWD, co pozwala nam na ok 9-10 godz. w wodzie. Takie wyd\u0142u\u017cenie czasu basenowego bardzo korzystnie wp\u0142ywa na polepszenie standardu szkolenia. Kursanci s\u0105 du\u017co lepiej przygotowani do \u0107wicze\u0144 na wodach otwartych, wykonuj\u0105 je du\u017co  sprawniej. Mamy du\u017co wi\u0119cej czasu na opanowanie wszystkich wymaganych umiej\u0119tno\u015bci a nawet wielokrotne ich powt\u00f3rzenie.  Du\u017co wi\u0119cej czasu po\u015bwi\u0119camy na kontrol\u0119 p\u0142ywalno\u015bci, co znacz\u0105co wp\u0142ywa na ko\u0144cowy efekt szkolenia i komfort kursant\u00f3w podczas zaliczenia na wodach otwartych. <br \/>\r\nKurs w Deepspot pozwala te\u017c ju\u017c na etapie zaj\u0119\u0107 na basenie wy\u0142apa\u0107 problemy z wyr\u00f3wnywaniem ci\u015bnienia, czego nie daj\u0105 p\u0142ytkie baseny. Mo\u017cemy zastosowa\u0107 odpowiednie leczenie niedro\u017cno\u015bci przed zaj\u0119ciami na wodach otwartych..<\/span><\/span><\/p><\/div><div><img decoding=\"async\" lazy src=\"data:image\/gif;base64,R0lGODlhAQABAAD\/ACwAAAAAAQABAAACADs%3D\" data-src=\"https:\/\/eco3ygde435.exactdn.com\/wp-content\/uploads\/sites\/2\/2021\/09\/DS1.jpg?strip=all\" alt=\"\"><strong>Krzysztof Barczak \/ Instruktor PADI<\/strong><div class=\"rating\"><span data-rating=\"5\"><\/span><span><\/span><\/div><p><span><span>\u201eDni\u00f3wka w Deepspot daje odpowiednie warunki, by przygotowa\u0107 kursant\u00f3w podczas w\u00f3d basenowych, zar\u00f3wno pod k\u0105tem obszerno\u015bci, jak i g\u0142\u0119boko\u015bci. Przeszkolenie do 12 metr\u00f3w znacz\u0105co u\u0142atwia kursantom odnalezienie si\u0119 podczas nurkowania w wodach otwartych w kwestii p\u0142ywalno\u015bci czy wyr\u00f3wnywania ci\u015bnienia. Trzeba mie\u0107 na uwadze, \u017ce przej\u015bcie z ciep\u0142ej wody Deepspot do np. naszych krajowych jezior mo\u017ce niekiedy by\u0107 do\u015b\u0107 drastyczne, zar\u00f3wno pod k\u0105tem warunk\u00f3w akwenu jak i ilo\u015bci balastu czy stosowanego skafandra. Pomimo tej bariery, wielu moich kursant\u00f3w uko\u0144czy\u0142o pe\u0142ne OWD, po dni\u00f3wce w Deepspot i w Polsce i w Morzu \u015ar\u00f3dziemnym.\u201d<\/span><\/span><\/p><\/div><\/div>      <a class=\"none\" href=\"#\"><img decoding=\"async\" src=\"https:\/\/eco3ygde435.exactdn.com\/wp-content\/themes\/deepspotflyspotWPML\/images\/signature.svg\"><span>poka\u017c wszystkie<\/span><\/a>\r\n    <\/div>\r\n  <\/div>\r\n<\/div><!-- block -->\r\n\n\n<div id=\"features-block_bcea16b31a8b5e59109e8422f0c0eb34\" class=\"features-block\">\r\n  <div class=\"row container\">\r\n    <div>\r\n            <h2 class=\"title\">DNI\u00d3WKA OWD W DEEPSPOT TO:<\/h2>\r\n      <div>\r\n                    <div>\r\n              <div class=\"icon-wrap\">\r\n                <img decoding=\"async\" src=\"https:\/\/eco3ygde435.exactdn.com\/wp-content\/uploads\/sites\/2\/2023\/10\/DS_KULKA.png?strip=all\" alt=\"\" src=\"\">\r\n              <\/div>\r\n              <strong><h2>ELASTYCZNO\u015a\u0106 SZKOLENIA<\/h2><\/strong>\r\n              <p><h4>Na <b>Dni\u00f3wk\u0119 OWD<\/b> zapraszamy od <b>poniedzia\u0142ku<\/b> do <b>pi\u0105tku<\/b> w godzinach otwarcia Deepspot oraz w <b>niedziele<\/b> od godziny <b>15:00<\/b> do zamkni\u0119cia. <br \/>\r\n<br \/>\r\nDo wykorzystania w tych godzinach zar\u00f3wno <b>Ty<\/b>, jak i <b>Tw\u00f3j kursant<\/b> macie po <b>3 butle z powietrzem<\/b> o pojemno\u015bci <b>12<\/b> b\u0105d\u017a <b>15<\/b> litr\u00f3w. <br \/>\r\n<br \/>\r\nZaplanuj szkolenie w spos\u00f3b <b>najwygodniejszy<\/b> dla kursanta!<\/h4><\/p>\r\n            <\/div>\r\n                      <div>\r\n              <div class=\"icon-wrap\">\r\n                <img decoding=\"async\" src=\"https:\/\/eco3ygde435.exactdn.com\/wp-content\/uploads\/sites\/2\/2023\/10\/DS_KULKA.png?strip=all\" alt=\"\" src=\"\">\r\n              <\/div>\r\n              <strong><h2>SPRZ\u0118T<\/h2><\/strong>\r\n              <p><h4>W cenie wej\u015bcia <b>zapewniamy<\/b> kompletny <b>sprz\u0119t<\/b> dla <b>kursanta<\/b> oraz <b>instruktora<\/b> tj. <b>maski<\/b>, <b>fajki<\/b>, <b>p\u0142etwy kaloszowe<\/b>, <b>jackety BCD<\/b>, <b>automaty<\/b>, a tak\u017ce <b>12<\/b> b\u0105d\u017a <b>15<\/b> litrowe <b>butle z powietrzem<\/b>. <br \/>\r\n<br \/>\r\n<b>Pami\u0119taj<\/b> o wyposa\u017ceniu <b>ka\u017cdego<\/b> kursanta w <b>komputer nurkowy<\/b>! <br \/>\r\n<br \/>\r\nJe\u017celi nie masz takiej mo\u017cliwo\u015bci, mo\u017cesz <b>wypo\u017cyczy\u0107<\/b> komputer na miejscu w cenie <b>45 PLN<\/b> (<b>+25 PLN<\/b> za ka\u017cd\u0105 <b>kolejn\u0105<\/b> godzin\u0119).<\/h4><\/p>\r\n            <\/div>\r\n                      <div>\r\n              <div class=\"icon-wrap\">\r\n                <img decoding=\"async\" src=\"https:\/\/eco3ygde435.exactdn.com\/wp-content\/uploads\/sites\/2\/2023\/10\/DS_KULKA.png?strip=all\" alt=\"\" src=\"\">\r\n              <\/div>\r\n              <strong><h2>SALE WYK\u0141ADOWE<\/h2><\/strong>\r\n              <p><h4>W ramach <b>szkolenia<\/b>, mo\u017cesz <b>bezp\u0142atnie<\/b> skorzysta\u0107 z jednej z naszych <b>sal szkoleniowych<\/b>. <br \/>\r\n<br \/>\r\n<b>Ka\u017cdorazowe<\/b> skorzystanie z sali wymaga jej <b>rezerwacji<\/b> u Twojego <b>Opiekuna<\/b> \u2013 <b>Szymona Wzorka<\/b>; mail: <a href=\"mailto:pro@deepspot.com\"><b><font color=\"#5CB3FF\">pro@deepspot.com<\/font><\/b><\/a>; tel. <b>+48 532-796-299<\/b>.<\/p>\r\n            <\/div>\r\n                <\/div>\r\n          <\/div>\r\n  <\/div>\r\n<\/div><!-- block -->\r\n\n\n\n<div class=\"wp-block-group\"><div class=\"wp-block-group__inner-container is-layout-flow wp-block-group-is-layout-flow\"><div id=\"contact-person-block_1dd54e52c4cb45d619c4dc697621802d\" class=\"contact-person-block\">\r\n  <div class=\"container\">\r\n    <h2 class=\"title\">CHCESZ ZAREZERWOWA\u0106 DNI\u00d3WK\u0118 OWD?<\/h2>  <\/div>\r\n  <div class=\"row outer-container\">\r\n    <div class=\"container\">\r\n      <div class=\"image-wrap\"><img decoding=\"async\" lazy src=\"data:image\/gif;base64,R0lGODlhAQABAAD\/ACwAAAAAAQABAAACADs%3D\" data-src=\"https:\/\/eco3ygde435.exactdn.com\/wp-content\/uploads\/sites\/2\/2023\/10\/Projekt-bez-tytulu-fotor-bg-remover-20231006135219.png?strip=all\" alt=\"\"><\/div>\r\n      <div class=\"text-wrap\">\r\n        <strong>SZYMON WZOREK<\/strong>        <p class=\"role\"><b>TW\u00d3J OSOBISTY OPIEKUN<\/b><\/p>        <div class=\"contact-list\">            <span>Email:<\/span>\r\n            <span><a href=\"mailto:Pro@deepspot.com\">pro@deepspot.com<\/a><\/span><br>\r\n                      <span>Telefon:<\/span>\r\n            <span><a href=\"tel:+48532796299\">+48 532-796-299<\/a><\/span><br>\r\n          <\/div>        <p class=\"text\"><h2>Skontaktuj si\u0119 z <b>Szymonem<\/b>. <br \/>\r\n<br \/>\r\n<b>Pami\u0119taj<\/b>, aby <b>wys\u0142a\u0107 informacj\u0119<\/b> o <b>planowanej<\/b> dacie <b>szkolenia<\/b> oraz jego <b>uczestnikach<\/b> \u2013 potrzebujemy tych danych do <b>weryfikacji Dni\u00f3wki<\/b>.<\/h2><br \/>\r\n<br \/>\r\n<br \/>\r\n<\/p><a class=\"btn\" href=\"mailto:pro@deepspot.com\" target=\"_self\"><span>NAPISZ WIADOMO\u015a\u0106<\/span><\/a>      <\/div>\r\n    <\/div>\r\n  <\/div>\r\n<\/div><!-- block -->\r\n<\/div><\/div>\n\n\n<div id=\"true-faq-block_6861aefcaef0a3ea753708785c429033\" class=\"true-faq-block\">\r\n  <div class=\"container\">\r\n    <h2 class=\"title\">NAJCZ\u0118\u015aCIEJ ZADAWANE PYTANIA<\/h2>\r\n    <div class=\"faq\">\r\n          <div data-faqpanel=\"1\" class=\"faq-panel\">\r\n        <strong><h2>KTO MO\u017bE SKORZYSTA\u0106 Z OFERTY?<\/h2><\/strong>\r\n        <div><h3><b>Oferta przeznaczona jest <b>tylko<\/b> dla <b>instruktor\u00f3w B2B<\/b>, czyli takich, kt\u00f3rzy <b>podpisali<\/b> z nami <b>umow\u0119<\/b>.<\/h3><\/div>\r\n      <\/div>\r\n          <div data-faqpanel=\"2\" class=\"faq-panel\">\r\n        <strong><h2>ILE KOSZTUJE DNI\u00d3WKA OWD?<\/h2><\/strong>\r\n        <div><h3><b>Aktualny<\/b> koszt zakupu <b>Dni\u00f3wki OWD<\/b> mo\u017cesz sprawdzi\u0107 w <b>Cenniku B2B<\/b>.<\/h3><\/div>\r\n      <\/div>\r\n          <div data-faqpanel=\"3\" class=\"faq-panel\">\r\n        <strong><h2>CO DOSTAJ\u0118 W RAMACH OFERTY?<\/h2><\/strong>\r\n        <div><h3><b>Najwi\u0119kszym <\/b>atrybutem <b>Dni\u00f3wki OWD<\/b> jest jej niezwykle <b>atrakcyjna cena<\/b>!<\/div>\r\n      <\/div>\r\n          <div data-faqpanel=\"4\" class=\"faq-panel\">\r\n        <strong><h2>GDZIE MOG\u0118 ZNALE\u0179\u0106 WI\u0118CEJ INFORMACJI?<\/h2><\/strong>\r\n        <div><h3>Nie znalaz\u0142e\u015b odpowiedzi na wszystkie pytania? <br \/>\r\n<br \/>\r\nNapisz do Twojego <b>Opiekuna<\/b> \u2013 <b>Szymona Wzorka<\/b>; mail: <a href=\"mailto:pro@deepspot.com\"><b><font color=\"#5CB3FF\">pro@deepspot.com<\/font><\/b><\/a>; tel. <b>+48 532-796-299<\/b>.<\/h3><\/div>\r\n      <\/div>\r\n        <\/div>\r\n  <\/div>\r\n<\/div><!-- block -->\r\n","protected":false},"excerpt":{"rendered":"","protected":false},"author":1,"featured_media":0,"parent":1405,"menu_order":0,"comment_status":"closed","ping_status":"closed","template":"","meta":{"_acf_changed":false,"footnotes":""},"class_list":["post-12026","page","type-page","status-publish","hentry"],"acf":[],"_links":{"self":[{"href":"https:\/\/www.deepspot.com\/pl\/wp-json\/wp\/v2\/pages\/12026","targetHints":{"allow":["GET"]}}],"collection":[{"href":"https:\/\/www.deepspot.com\/pl\/wp-json\/wp\/v2\/pages"}],"about":[{"href":"https:\/\/www.deepspot.com\/pl\/wp-json\/wp\/v2\/types\/page"}],"author":[{"embeddable":true,"href":"https:\/\/www.deepspot.com\/pl\/wp-json\/wp\/v2\/users\/1"}],"replies":[{"embeddable":true,"href":"https:\/\/www.deepspot.com\/pl\/wp-json\/wp\/v2\/comments?post=12026"}],"version-history":[{"count":172,"href":"https:\/\/www.deepspot.com\/pl\/wp-json\/wp\/v2\/pages\/12026\/revisions"}],"predecessor-version":[{"id":34899,"href":"https:\/\/www.deepspot.com\/pl\/wp-json\/wp\/v2\/pages\/12026\/revisions\/34899"}],"up":[{"embeddable":true,"href":"https:\/\/www.deepspot.com\/pl\/wp-json\/wp\/v2\/pages\/1405"}],"wp:attachment":[{"href":"https:\/\/www.deepspot.com\/pl\/wp-json\/wp\/v2\/media?parent=12026"}],"curies":[{"name":"wp","href":"https:\/\/api.w.org\/{rel}","templated":true}]}}