{"id":12525,"date":"2021-09-24T11:52:54","date_gmt":"2021-09-24T09:52:54","guid":{"rendered":"https:\/\/www.deepspot.com\/?page_id=12525"},"modified":"2025-09-22T12:00:01","modified_gmt":"2025-09-22T10:00:01","slug":"pakiety-wejsc-freediving","status":"publish","type":"page","link":"https:\/\/www.deepspot.com\/pl\/dla-kogo\/freediving\/pakiety-wejsc-freediving\/","title":{"rendered":"Pakiety wej\u015b\u0107 Freedivera"},"content":{"rendered":"<div id=\"hero-block_2f6fe0e6dfc579bdb8a1dff3f0f5ebb2\" class=\"hero-block\">\r\n  <div class=\"row outer-container\">\r\n    <div>\r\n      <img decoding=\"async\" lazy src=\"data:image\/gif;base64,R0lGODlhAQABAAD\/ACwAAAAAAQABAAACADs%3D\" data-src=\"https:\/\/eco3ygde435.exactdn.com\/wp-content\/uploads\/sites\/2\/2025\/06\/huhuhu.jpg?strip=all\" alt=\"\">\r\n          <\/div>\r\n    <div>\r\n      <h2>PAKIETY WEJ\u015a\u0106 FREEDIVING<\/h2><p>Nurkuj wi\u0119cej za mniej. Kup pakiet wej\u015b\u0107 na swoje treningi i nurkuj kiedy chcesz!<\/p>    <\/div>\r\n  <\/div>\r\n<\/div><!-- block -->\r\n\n\n<div id=\"product-details-block_f1c87a0b06f0ddf7e9c6887878491580\" class=\"product-details-block\">\r\n  <div class=\"row container\">\r\n    <div>\r\n      <h2 class=\"title\">Opis atrakcji<\/h2>      <p class=\"desc\">Pakiety wej\u015b\u0107 Freedivera to idealna opcja dla szcz\u0119\u015bliwych posiadaczy certyfikatu (min. Freediver), kt\u00f3rzy chc\u0105 nurkowa\u0107 cz\u0119\u015bciej \u2013 dla treningu, testowania sprz\u0119tu lub czystej przyjemno\u015bci w wyj\u0105tkowych warunkach. <br>\r\nIm wi\u0119cej nurkowa\u0144 zaplanujesz z wyprzedzeniem, tym ni\u017csza cena jednostkowa. Prosto, elastycznie i dok\u0142adnie tak, jak lubisz!<br><br>\r\n\r\nZanurz si\u0119 w ofert\u0119, szczeg\u00f3lnie je\u015bli chcesz:<br>\r\n\ud83e\udee7 Regularnie trenowa\u0107 i poprawia\u0107 technik\u0119 nurkowania na wstrzymanym oddechu<br>\r\n\ud83e\udee7 Systematycznie pracowa\u0107 nad relaksacj\u0105 i wyd\u0142u\u017ceniem czasu zanurzenia<br>\r\n\ud83e\udee7 Testowa\u0107 w\u0142asny, nowy sprz\u0119t w idealnych warunkach<br>\r\n\ud83e\udee7 Przygotowa\u0107 si\u0119 do kolejnych etap\u00f3w szkolenia lub zawod\u00f3w<br>\r\n\ud83e\udee7 Nurkowa\u0107 rekreacyjnie dla relaksu i wyciszenia<br><br>\r\n\r\nCo oferujemy?<br>\r\nKa\u017cde wej\u015bcie w ramach pakietu obejmuje:<br>\r\n\ud83e\udee7 90 minut nurkowania<br>\r\n\ud83e\udee7 30 minut na p\u0142ycie basenu przed nurkowaniem (opcjonalnie). To idealny czas na rozgrzewk\u0119, stretching lub mentalny reset<br>\r\n\ud83e\udee7 ca\u0142y sprz\u0119t nurkowy w cenie<br><br>\r\n\r\nTrening zawsze odbywa si\u0119 z partnerem nurkowym \u2013 mo\u017cesz da\u0107 nura ze swoim Buddy\u2019m lub skorzysta\u0107 z asysty naszego instruktora.<br><br>\r\n\r\nWarto, poniewa\u017c:<br>\r\n\ud83e\udee7 Oszcz\u0119dzasz \u2013 im wi\u0119kszy pakiet tym ni\u017csza cena pojedynczego wej\u015bcia<br>\r\n\ud83e\udee7 Masz elastyczno\u015b\u0107 \u2013 pakiet wa\u017cny wybran\u0105 przez Ciebie liczb\u0119 miesi\u0119cy<br>\r\n\ud83e\udee7 Trenujesz w najg\u0142\u0119bszym basenie w Europie \u2013 a\u017c 45 metr\u00f3w g\u0142\u0119boko\u015bci<br>\r\n\ud83e\udee7 Nurkowanie odbywa si\u0119 w egzotycznych warunkach &#8211; przejrzysta woda o temperaturze 32\u00b0C<br>\r\n\ud83e\udee7 Korzystasz z nowoczesnego, regularnie serwisowanego sprz\u0119tu<br>\r\n\ud83e\udee7 Masz wsparcie do\u015bwiadczonej, mi\u0119dzynarodowej kadry instruktor\u00f3w<br>\r\n\ud83e\udee7 To idealne miejsce do budowania pewno\u015bci siebie i techniki<br><br>\r\n\r\nZainwestuj w sw\u00f3j rozw\u00f3j i komfort nurkowania. Wybierz pakiet dopasowany do Twoich potrzeb i korzystaj z Deepspot cz\u0119\u015bciej \u2013 na w\u0142asnych zasadach.<br><br><br>\r\n\r\nCo warto wiedzie\u0107?<\/p>      <ul>            <li>\r\n              <p>Czas trwania<\/p>\r\n              <strong>90 minut w wodzie + 30 minut relaksu na p\u0142ycie<\/strong>\r\n            <\/li>\r\n                      <li>\r\n              <p>Minimalny wiek<\/p>\r\n              <strong>12 lat<\/strong>\r\n            <\/li>\r\n                      <li>\r\n              <p>Zanurkujesz do g\u0142\u0119boko\u015bci<\/p>\r\n              <strong>Zgodnej z uprawnieniami<\/strong>\r\n            <\/li>\r\n                      <li>\r\n              <p>W prezencie<\/p>\r\n              <strong>kr\u00f3tkie pami\u0105tkowe wideo z podwodnej fotobudki<\/strong>\r\n            <\/li>\r\n                      <li>\r\n              <p>Zapewniamy<\/p>\r\n              <strong>Ca\u0142y niezb\u0119dny sprz\u0119t nurkowy. Zabierz ze sob\u0105 jedynie k\u0105piel\u00f3wki, r\u0119cznik i klapki<\/strong>\r\n            <\/li>\r\n                      <li>\r\n              <p>Nie zapomnij<\/p>\r\n              <strong>Dobrze si\u0119 bawi\u0107, a ca\u0142\u0105 energi\u0105 zarazimy Ci\u0119 my<\/strong>\r\n            <\/li>\r\n                      <li>\r\n              <p>Cena <\/p>\r\n              <strong>od 264 PLN do 284 PLN<\/strong>\r\n            <\/li>\r\n          <\/ul>      <div class=\"button-list-wrap\"><div class=\"button-list button-type-both\"><div><a class=\"alternate_ybb\" href=\"https:\/\/cs.deepspot.com\/offer?steps=deepspot_pro_type-scuba_deepspot-credit\" target=\"_self\"><img decoding=\"async\" lazy src=\"data:image\/gif;base64,R0lGODlhAQABAAD\/ACwAAAAAAQABAAACADs%3D\" data-src=\"https:\/\/eco3ygde435.exactdn.com\/wp-content\/uploads\/sites\/2\/2020\/08\/calendar-grid-58.png?strip=all\" alt=\"\"><strong>Zam\u00f3w sw\u00f3j pakiet<\/strong><\/a><\/div><div><a class=\"css-default\" href=\"https:\/\/www.deepspot.com\/pl\/frequently-asked-questions\/?tab=2\" target=\"_self\"><img decoding=\"async\" lazy src=\"data:image\/gif;base64,R0lGODlhAQABAAD\/ACwAAAAAAQABAAACADs%3D\" data-src=\"https:\/\/eco3ygde435.exactdn.com\/wp-content\/uploads\/sites\/2\/2020\/08\/presentation.png?strip=all\" alt=\"\"><strong>Najcz\u0119\u015bciej zadawane pytania<\/strong><\/a><\/div><\/div><\/div>    <\/div>\r\n  <\/div>\r\n<\/div><!-- block -->\r\n\n\n<div id=\"download-block_b95ec760afb1a4404eff1fdc8bc54383\" class=\"download-block\">\r\n  <div class=\"row container\">\r\n    <div>\r\n      <h2 class=\"title\">dokumenty i warunki<\/h2>      <ul>            <li>\r\n              <a href=\"https:\/\/www.deepspot.com\/wp-content\/uploads\/sites\/2\/2021\/04\/Registration_form_free.pdf\" download>\r\n                <div>\r\n                  <img decoding=\"async\" lazy src=\"data:image\/gif;base64,R0lGODlhAQABAAD\/ACwAAAAAAQABAAACADs%3D\" data-src=\"https:\/\/www.deepspot.com\/wp-content\/themes\/deepspotflyspotWPML\/images\/dots-download.svg\">\r\n                  <p>Dokumenty do wype\u0142nienia przed kursem<\/p>\r\n                <\/div>\r\n              <\/a>\r\n            <\/li>\r\n                      <li>\r\n              <a href=\"https:\/\/www.deepspot.com\/wp-content\/uploads\/sites\/2\/2022\/09\/Limityglebokosci_DoPodpisywania_PL.pdf\" download>\r\n                <div>\r\n                  <img decoding=\"async\" lazy src=\"data:image\/gif;base64,R0lGODlhAQABAAD\/ACwAAAAAAQABAAACADs%3D\" data-src=\"https:\/\/www.deepspot.com\/wp-content\/themes\/deepspotflyspotWPML\/images\/dots-download.svg\">\r\n                  <p>ZASADY I ZALECENIA ODNO\u015aNIE LIMIT\u00d3W G\u0141\u0118BOKO\u015aCI DLA NURKOWANIA SCUBA <\/p>\r\n                <\/div>\r\n              <\/a>\r\n            <\/li>\r\n          <\/ul>    <\/div>\r\n  <\/div>\r\n<\/div><!-- block -->\r\n","protected":false},"excerpt":{"rendered":"","protected":false},"author":1,"featured_media":52370,"parent":775,"menu_order":4,"comment_status":"closed","ping_status":"closed","template":"","meta":{"_acf_changed":false,"footnotes":""},"class_list":["post-12525","page","type-page","status-publish","has-post-thumbnail","hentry"],"acf":[],"yoast_head":"<!-- This site is optimized with the Yoast SEO plugin v27.3 - https:\/\/yoast.com\/product\/yoast-seo-wordpress\/ -->\n<title>Pakiety wej\u015b\u0107 Freedivera | Deepspot<\/title>\n<meta name=\"description\" content=\"Deepspot \u27a4 Pakiety wej\u015b\u0107 Freedivera \u2714\ufe0f Najg\u0142\u0119bszy basen nurkowy w Europie (45m+) \u2714\ufe0f Krystalicznie czysta woda, jaskinie, wrak. Scuba diving i freediving przez ca\u0142y rok \u2b50 Sprawd\u017a!\" \/>\n<meta name=\"robots\" content=\"index, follow, max-snippet:-1, max-image-preview:large, max-video-preview:-1\" \/>\n<link rel=\"canonical\" href=\"https:\/\/www.deepspot.com\/pl\/dla-kogo\/freediving\/pakiety-wejsc-freediving\/\" \/>\n<meta property=\"og:locale\" content=\"pl_PL\" \/>\n<meta property=\"og:type\" content=\"article\" \/>\n<meta property=\"og:title\" content=\"Pakiety wej\u015b\u0107 Freedivera | Deepspot\" \/>\n<meta property=\"og:description\" content=\"Deepspot \u27a4 Pakiety wej\u015b\u0107 Freedivera \u2714\ufe0f Najg\u0142\u0119bszy basen nurkowy w Europie (45m+) \u2714\ufe0f Krystalicznie czysta woda, jaskinie, wrak. Scuba diving i freediving przez ca\u0142y rok \u2b50 Sprawd\u017a!\" \/>\n<meta property=\"og:url\" content=\"https:\/\/www.deepspot.com\/pl\/dla-kogo\/freediving\/pakiety-wejsc-freediving\/\" \/>\n<meta property=\"og:site_name\" content=\"Deepspot\" \/>\n<meta property=\"article:modified_time\" content=\"2025-09-22T10:00:01+00:00\" \/>\n<meta property=\"og:image\" content=\"https:\/\/eco3ygde435.exactdn.com\/wp-content\/uploads\/sites\/2\/2025\/06\/huhuhu.jpg?strip=all\" \/>\n\t<meta property=\"og:image:width\" content=\"1510\" \/>\n\t<meta property=\"og:image:height\" content=\"767\" \/>\n\t<meta property=\"og:image:type\" content=\"image\/jpeg\" \/>\n<meta name=\"twitter:card\" content=\"summary_large_image\" \/>\n<script type=\"application\/ld+json\" class=\"yoast-schema-graph\">{\"@context\":\"https:\\\/\\\/schema.org\",\"@graph\":[{\"@type\":\"WebPage\",\"@id\":\"https:\\\/\\\/www.deepspot.com\\\/pl\\\/dla-kogo\\\/freediving\\\/pakiety-wejsc-freediving\\\/\",\"url\":\"https:\\\/\\\/www.deepspot.com\\\/pl\\\/dla-kogo\\\/freediving\\\/pakiety-wejsc-freediving\\\/\",\"name\":\"Pakiety wej\u015b\u0107 Freedivera | Deepspot\",\"isPartOf\":{\"@id\":\"https:\\\/\\\/www.deepspot.com\\\/pl\\\/#website\"},\"primaryImageOfPage\":{\"@id\":\"https:\\\/\\\/www.deepspot.com\\\/pl\\\/dla-kogo\\\/freediving\\\/pakiety-wejsc-freediving\\\/#primaryimage\"},\"image\":{\"@id\":\"https:\\\/\\\/www.deepspot.com\\\/pl\\\/dla-kogo\\\/freediving\\\/pakiety-wejsc-freediving\\\/#primaryimage\"},\"thumbnailUrl\":\"https:\\\/\\\/eco3ygde435.exactdn.com\\\/wp-content\\\/uploads\\\/sites\\\/2\\\/2025\\\/06\\\/huhuhu.jpg?strip=all\",\"datePublished\":\"2021-09-24T09:52:54+00:00\",\"dateModified\":\"2025-09-22T10:00:01+00:00\",\"description\":\"Deepspot \u27a4 Pakiety wej\u015b\u0107 Freedivera \u2714\ufe0f Najg\u0142\u0119bszy basen nurkowy w Europie (45m+) \u2714\ufe0f Krystalicznie czysta woda, jaskinie, wrak. Scuba diving i freediving przez ca\u0142y rok \u2b50 Sprawd\u017a!\",\"breadcrumb\":{\"@id\":\"https:\\\/\\\/www.deepspot.com\\\/pl\\\/dla-kogo\\\/freediving\\\/pakiety-wejsc-freediving\\\/#breadcrumb\"},\"inLanguage\":\"pl-PL\",\"potentialAction\":[{\"@type\":\"ReadAction\",\"target\":[\"https:\\\/\\\/www.deepspot.com\\\/pl\\\/dla-kogo\\\/freediving\\\/pakiety-wejsc-freediving\\\/\"]}]},{\"@type\":\"ImageObject\",\"inLanguage\":\"pl-PL\",\"@id\":\"https:\\\/\\\/www.deepspot.com\\\/pl\\\/dla-kogo\\\/freediving\\\/pakiety-wejsc-freediving\\\/#primaryimage\",\"url\":\"https:\\\/\\\/eco3ygde435.exactdn.com\\\/wp-content\\\/uploads\\\/sites\\\/2\\\/2025\\\/06\\\/huhuhu.jpg?strip=all\",\"contentUrl\":\"https:\\\/\\\/eco3ygde435.exactdn.com\\\/wp-content\\\/uploads\\\/sites\\\/2\\\/2025\\\/06\\\/huhuhu.jpg?strip=all\",\"width\":1510,\"height\":767},{\"@type\":\"BreadcrumbList\",\"@id\":\"https:\\\/\\\/www.deepspot.com\\\/pl\\\/dla-kogo\\\/freediving\\\/pakiety-wejsc-freediving\\\/#breadcrumb\",\"itemListElement\":[{\"@type\":\"ListItem\",\"position\":1,\"name\":\"Strona g\u0142\u00f3wna\",\"item\":\"https:\\\/\\\/www.deepspot.com\\\/pl\\\/\"},{\"@type\":\"ListItem\",\"position\":2,\"name\":\"Dla kogo\",\"item\":\"https:\\\/\\\/www.deepspot.com\\\/pl\\\/dla-kogo\\\/\"},{\"@type\":\"ListItem\",\"position\":3,\"name\":\"Freediving\",\"item\":\"https:\\\/\\\/www.deepspot.com\\\/pl\\\/dla-kogo\\\/freediving\\\/\"},{\"@type\":\"ListItem\",\"position\":4,\"name\":\"Pakiety wej\u015b\u0107 Freedivera\"}]},{\"@type\":\"WebSite\",\"@id\":\"https:\\\/\\\/www.deepspot.com\\\/pl\\\/#website\",\"url\":\"https:\\\/\\\/www.deepspot.com\\\/pl\\\/\",\"name\":\"Deepspot\",\"description\":\"Nowy wymiar nurkowania\",\"potentialAction\":[{\"@type\":\"SearchAction\",\"target\":{\"@type\":\"EntryPoint\",\"urlTemplate\":\"https:\\\/\\\/www.deepspot.com\\\/pl\\\/?s={search_term_string}\"},\"query-input\":{\"@type\":\"PropertyValueSpecification\",\"valueRequired\":true,\"valueName\":\"search_term_string\"}}],\"inLanguage\":\"pl-PL\"}]}<\/script>\n<!-- \/ Yoast SEO plugin. -->","yoast_head_json":{"title":"Pakiety wej\u015b\u0107 Freedivera | Deepspot","description":"Deepspot \u27a4 Pakiety wej\u015b\u0107 Freedivera \u2714\ufe0f Najg\u0142\u0119bszy basen nurkowy w Europie (45m+) \u2714\ufe0f Krystalicznie czysta woda, jaskinie, wrak. Scuba diving i freediving przez ca\u0142y rok \u2b50 Sprawd\u017a!","robots":{"index":"index","follow":"follow","max-snippet":"max-snippet:-1","max-image-preview":"max-image-preview:large","max-video-preview":"max-video-preview:-1"},"canonical":"https:\/\/www.deepspot.com\/pl\/dla-kogo\/freediving\/pakiety-wejsc-freediving\/","og_locale":"pl_PL","og_type":"article","og_title":"Pakiety wej\u015b\u0107 Freedivera | Deepspot","og_description":"Deepspot \u27a4 Pakiety wej\u015b\u0107 Freedivera \u2714\ufe0f Najg\u0142\u0119bszy basen nurkowy w Europie (45m+) \u2714\ufe0f Krystalicznie czysta woda, jaskinie, wrak. Scuba diving i freediving przez ca\u0142y rok \u2b50 Sprawd\u017a!","og_url":"https:\/\/www.deepspot.com\/pl\/dla-kogo\/freediving\/pakiety-wejsc-freediving\/","og_site_name":"Deepspot","article_modified_time":"2025-09-22T10:00:01+00:00","og_image":[{"width":1510,"height":767,"url":"https:\/\/eco3ygde435.exactdn.com\/wp-content\/uploads\/sites\/2\/2025\/06\/huhuhu.jpg?strip=all","type":"image\/jpeg"}],"twitter_card":"summary_large_image","schema":{"@context":"https:\/\/schema.org","@graph":[{"@type":"WebPage","@id":"https:\/\/www.deepspot.com\/pl\/dla-kogo\/freediving\/pakiety-wejsc-freediving\/","url":"https:\/\/www.deepspot.com\/pl\/dla-kogo\/freediving\/pakiety-wejsc-freediving\/","name":"Pakiety wej\u015b\u0107 Freedivera | Deepspot","isPartOf":{"@id":"https:\/\/www.deepspot.com\/pl\/#website"},"primaryImageOfPage":{"@id":"https:\/\/www.deepspot.com\/pl\/dla-kogo\/freediving\/pakiety-wejsc-freediving\/#primaryimage"},"image":{"@id":"https:\/\/www.deepspot.com\/pl\/dla-kogo\/freediving\/pakiety-wejsc-freediving\/#primaryimage"},"thumbnailUrl":"https:\/\/eco3ygde435.exactdn.com\/wp-content\/uploads\/sites\/2\/2025\/06\/huhuhu.jpg?strip=all","datePublished":"2021-09-24T09:52:54+00:00","dateModified":"2025-09-22T10:00:01+00:00","description":"Deepspot \u27a4 Pakiety wej\u015b\u0107 Freedivera \u2714\ufe0f Najg\u0142\u0119bszy basen nurkowy w Europie (45m+) \u2714\ufe0f Krystalicznie czysta woda, jaskinie, wrak. Scuba diving i freediving przez ca\u0142y rok \u2b50 Sprawd\u017a!","breadcrumb":{"@id":"https:\/\/www.deepspot.com\/pl\/dla-kogo\/freediving\/pakiety-wejsc-freediving\/#breadcrumb"},"inLanguage":"pl-PL","potentialAction":[{"@type":"ReadAction","target":["https:\/\/www.deepspot.com\/pl\/dla-kogo\/freediving\/pakiety-wejsc-freediving\/"]}]},{"@type":"ImageObject","inLanguage":"pl-PL","@id":"https:\/\/www.deepspot.com\/pl\/dla-kogo\/freediving\/pakiety-wejsc-freediving\/#primaryimage","url":"https:\/\/eco3ygde435.exactdn.com\/wp-content\/uploads\/sites\/2\/2025\/06\/huhuhu.jpg?strip=all","contentUrl":"https:\/\/eco3ygde435.exactdn.com\/wp-content\/uploads\/sites\/2\/2025\/06\/huhuhu.jpg?strip=all","width":1510,"height":767},{"@type":"BreadcrumbList","@id":"https:\/\/www.deepspot.com\/pl\/dla-kogo\/freediving\/pakiety-wejsc-freediving\/#breadcrumb","itemListElement":[{"@type":"ListItem","position":1,"name":"Strona g\u0142\u00f3wna","item":"https:\/\/www.deepspot.com\/pl\/"},{"@type":"ListItem","position":2,"name":"Dla kogo","item":"https:\/\/www.deepspot.com\/pl\/dla-kogo\/"},{"@type":"ListItem","position":3,"name":"Freediving","item":"https:\/\/www.deepspot.com\/pl\/dla-kogo\/freediving\/"},{"@type":"ListItem","position":4,"name":"Pakiety wej\u015b\u0107 Freedivera"}]},{"@type":"WebSite","@id":"https:\/\/www.deepspot.com\/pl\/#website","url":"https:\/\/www.deepspot.com\/pl\/","name":"Deepspot","description":"Nowy wymiar nurkowania","potentialAction":[{"@type":"SearchAction","target":{"@type":"EntryPoint","urlTemplate":"https:\/\/www.deepspot.com\/pl\/?s={search_term_string}"},"query-input":{"@type":"PropertyValueSpecification","valueRequired":true,"valueName":"search_term_string"}}],"inLanguage":"pl-PL"}]}},"_links":{"self":[{"href":"https:\/\/www.deepspot.com\/pl\/wp-json\/wp\/v2\/pages\/12525","targetHints":{"allow":["GET"]}}],"collection":[{"href":"https:\/\/www.deepspot.com\/pl\/wp-json\/wp\/v2\/pages"}],"about":[{"href":"https:\/\/www.deepspot.com\/pl\/wp-json\/wp\/v2\/types\/page"}],"author":[{"embeddable":true,"href":"https:\/\/www.deepspot.com\/pl\/wp-json\/wp\/v2\/users\/1"}],"replies":[{"embeddable":true,"href":"https:\/\/www.deepspot.com\/pl\/wp-json\/wp\/v2\/comments?post=12525"}],"version-history":[{"count":27,"href":"https:\/\/www.deepspot.com\/pl\/wp-json\/wp\/v2\/pages\/12525\/revisions"}],"predecessor-version":[{"id":56620,"href":"https:\/\/www.deepspot.com\/pl\/wp-json\/wp\/v2\/pages\/12525\/revisions\/56620"}],"up":[{"embeddable":true,"href":"https:\/\/www.deepspot.com\/pl\/wp-json\/wp\/v2\/pages\/775"}],"wp:featuredmedia":[{"embeddable":true,"href":"https:\/\/www.deepspot.com\/pl\/wp-json\/wp\/v2\/media\/52370"}],"wp:attachment":[{"href":"https:\/\/www.deepspot.com\/pl\/wp-json\/wp\/v2\/media?parent=12525"}],"curies":[{"name":"wp","href":"https:\/\/api.w.org\/{rel}","templated":true}]}}