{"id":15039,"date":"2021-12-30T14:07:17","date_gmt":"2021-12-30T13:07:17","guid":{"rendered":"https:\/\/www.deepspot.com\/?page_id=15039"},"modified":"2023-10-13T17:17:45","modified_gmt":"2023-10-13T15:17:45","slug":"dniowka-kursowa-w-deepspot","status":"publish","type":"page","link":"https:\/\/www.deepspot.com\/pl\/strefa-instruktora\/dniowka-kursowa-w-deepspot\/","title":{"rendered":"Dni\u00f3wka Kursowa w Deepspot"},"content":{"rendered":"<div id=\"hero-block_0f50e2a8161e77a0b2d2853b2fb33357\" class=\"hero-block\">\r\n  <div class=\"row outer-container\">\r\n    <div>\r\n      <img decoding=\"async\" lazy src=\"data:image\/gif;base64,R0lGODlhAQABAAD\/ACwAAAAAAQABAAACADs%3D\" data-src=\"https:\/\/eco3ygde435.exactdn.com\/wp-content\/uploads\/sites\/2\/2023\/10\/DS-1.jpg?strip=all\" alt=\"\">\r\n          <\/div>\r\n    <div>\r\n      <h2>DNI\u00d3WKA KURSOWA<\/h2><p><h4>Oferta <b>wy\u0142\u0105cznie<\/b> dla <b>instruktor\u00f3w<\/b>. \r\n<br><\/br>\r\n<b>Prowad\u017a<\/b> szereg kurs\u00f3w nurkowych w <b>doskona\u0142ych<\/b> warunkach Deepspot. <b>Dni\u00f3wka Kursowa<\/b> zosta\u0142a stworzona, aby <b>wspiera\u0107<\/b> centra nurkowe oraz instruktor\u00f3w indywidualnych w prowadzeniu <b>szkole\u0144<\/b> nurk\u00f3w sprz\u0119towych na <b>dowolne<\/b> poziomy szkoleniowe uznane przez organizacje oraz zako\u0144czone <b>certyfikacj\u0105<\/b>. \r\n<br><\/br>\r\n<b>Ciep\u0142a<\/b>, krystalicznie <b>czysta<\/b> woda oraz <b>g\u0142\u0119bia<\/b> sprawiaj\u0105, \u017ce szlifowanie umiej\u0119tno\u015bci nurkowych jest du\u017co <b>prostsze<\/b> i bardziej <b>efektywne<\/b>! \r\n<br><\/br>\r\n<b>Aktualny<\/b> cennik oraz <b>godziny<\/b> wej\u015b\u0107 mo\u017cesz sprawdzi\u0107 w <b>Cenniku B2B<\/b>.<\/h4><\/p>    <\/div>\r\n  <\/div>\r\n<\/div><!-- block -->\r\n\n\n<div id=\"features-block_f0d2c913a146545e2ce165d0401c10d5\" class=\"features-block\">\r\n  <div class=\"row container\">\r\n    <div>\r\n            <h2 class=\"title\">DNI\u00d3WKA KURSOWA W DEEPSPOT TO:<\/h2>\r\n      <div>\r\n                    <div>\r\n              <div class=\"icon-wrap\">\r\n                <img decoding=\"async\" src=\"https:\/\/eco3ygde435.exactdn.com\/wp-content\/uploads\/sites\/2\/2023\/10\/DS_KULKA.png?strip=all\" alt=\"\" src=\"\">\r\n              <\/div>\r\n              <strong><h2>ELASTYCZNO\u015a\u0106 SZKOLENIA<\/h2><\/strong>\r\n              <p><h4>Na <b>Dni\u00f3wk\u0119 Kursow\u0105<\/b> zapraszamy od <b>poniedzia\u0142ku<\/b> do <b>pi\u0105tku<\/b> w godzinach otwarcia Deepspot oraz w <b>niedziele<\/b> od godziny <b>15:00<\/b> do zamkni\u0119cia. <br \/>\r\n<br \/>\r\nDo wykorzystania w tych godzinach zar\u00f3wno <b>Ty<\/b>, jak i <b>Tw\u00f3j kursant<\/b> macie po <b>3 butle z powietrzem<\/b> o pojemno\u015bci <b>12<\/b> b\u0105d\u017a <b>15<\/b> litr\u00f3w. <br \/>\r\n<br \/>\r\nZaplanuj szkolenie w spos\u00f3b <b>najwygodniejszy<\/b> dla kursanta!<\/h4><\/p>\r\n            <\/div>\r\n                      <div>\r\n              <div class=\"icon-wrap\">\r\n                <img decoding=\"async\" src=\"https:\/\/eco3ygde435.exactdn.com\/wp-content\/uploads\/sites\/2\/2023\/10\/DS_KULKA.png?strip=all\" alt=\"\" src=\"\">\r\n              <\/div>\r\n              <strong><h2>SPRZ\u0118T<\/h2><\/strong>\r\n              <p><h4>W cenie wej\u015bcia <b>zapewniamy<\/b> kompletny <b>sprz\u0119t<\/b> dla <b>kursanta<\/b> oraz <b>instruktora<\/b> tj. <b>maski<\/b>, <b>fajki<\/b>, <b>p\u0142etwy kaloszowe<\/b>, <b>jackety BCD<\/b>, <b>automaty<\/b>, a tak\u017ce <b>12<\/b> b\u0105d\u017a <b>15<\/b> litrowe <b>butle z powietrzem<\/b>. <br \/>\r\n<br \/>\r\n<b>Pami\u0119taj<\/b> o wyposa\u017ceniu <b>ka\u017cdego<\/b> kursanta w <b>komputer nurkowy<\/b>! <br \/>\r\n<br \/>\r\nJe\u017celi nie masz takiej mo\u017cliwo\u015bci, mo\u017cesz <b>wypo\u017cyczy\u0107<\/b> komputer na miejscu w cenie <b>45 PLN<\/b> (<b>+25 PLN<\/b> za ka\u017cd\u0105 <b>kolejn\u0105<\/b> godzin\u0119).<\/h4><\/p>\r\n            <\/div>\r\n                      <div>\r\n              <div class=\"icon-wrap\">\r\n                <img decoding=\"async\" src=\"https:\/\/eco3ygde435.exactdn.com\/wp-content\/uploads\/sites\/2\/2023\/10\/DS_KULKA.png?strip=all\" alt=\"\" src=\"\">\r\n              <\/div>\r\n              <strong><h2>SALE WYK\u0141ADOWE<\/h2><\/strong>\r\n              <p><h4>W ramach <b>szkolenia<\/b>, mo\u017cesz <b>bezp\u0142atnie<\/b> skorzysta\u0107 z jednej z naszych <b>sal szkoleniowych<\/b>. <br \/>\r\n<br \/>\r\n<b>Ka\u017cdorazowe<\/b> skorzystanie z sali wymaga jej <b>rezerwacji<\/b> u Twojego <b>Opiekuna<\/b> \u2013 <b>Szymona Wzorka<\/b>; mail: <a href=\"mailto:pro@deepspot.com\"><b><font color=\"#5CB3FF\">pro@deepspot.com<\/font><\/b><\/a>; tel. <b>+48 532-796-299<\/b>.<\/p>\r\n            <\/div>\r\n                <\/div>\r\n          <\/div>\r\n  <\/div>\r\n<\/div><!-- block -->\r\n\n\n\n<div class=\"wp-block-group\"><div class=\"wp-block-group__inner-container is-layout-flow wp-block-group-is-layout-flow\"><div id=\"contact-person-block_577332d6b712ab2f70bb02aec8a49ea8\" class=\"contact-person-block\">\r\n  <div class=\"container\">\r\n    <h2 class=\"title\">CHCESZ ZAREZERWOWA\u0106 DNI\u00d3WK\u0118 KURSOW\u0104?<\/h2>  <\/div>\r\n  <div class=\"row outer-container\">\r\n    <div class=\"container\">\r\n      <div class=\"image-wrap\"><img decoding=\"async\" lazy src=\"data:image\/gif;base64,R0lGODlhAQABAAD\/ACwAAAAAAQABAAACADs%3D\" data-src=\"https:\/\/eco3ygde435.exactdn.com\/wp-content\/uploads\/sites\/2\/2023\/10\/Projekt-bez-tytulu-fotor-bg-remover-20231006135219.png?strip=all\" alt=\"\"><\/div>\r\n      <div class=\"text-wrap\">\r\n        <strong>SZYMON WZOREK<\/strong>        <p class=\"role\"><b>TW\u00d3J OSOBISTY OPIEKUN<\/b><\/p>        <div class=\"contact-list\">            <span>Email:<\/span>\r\n            <span><a href=\"mailto:Pro@deepspot.com\">pro@deepspot.com<\/a><\/span><br>\r\n                      <span>Telefon:<\/span>\r\n            <span><a href=\"tel:+48532796299\">+48 532-796-299<\/a><\/span><br>\r\n          <\/div>        <p class=\"text\"><h2>Masz jakie\u015b <b>pytania<\/b>? Skontaktuj si\u0119 z <b>Szymonem<\/b>.<\/h2><\/p><a class=\"btn\" href=\"mailto:pro@deepspot.com\" target=\"_self\"><span>NAPISZ WIADOMO\u015a\u0106<\/span><\/a>      <\/div>\r\n    <\/div>\r\n  <\/div>\r\n<\/div><!-- block -->\r\n<\/div><\/div>\n\n\n<div id=\"true-faq-block_d714fcbe4e628687f7760df6a6d637f9\" class=\"true-faq-block\">\r\n  <div class=\"container\">\r\n    <h2 class=\"title\">NAJCZ\u0118\u015aCIEJ ZADAWANE PYTANIA<\/h2>\r\n    <div class=\"faq\">\r\n          <div data-faqpanel=\"1\" class=\"faq-panel\">\r\n        <strong><h2>KTO MO\u017bE SKORZYSTA\u0106 Z OFERTY?<\/h2><\/strong>\r\n        <div><h3><b>Oferta przeznaczona jest <b>tylko<\/b> dla <b>instruktor\u00f3w B2B<\/b>, czyli takich, kt\u00f3rzy <b>podpisali<\/b> z nami <b>umow\u0119<\/b>.<\/h3><\/div>\r\n      <\/div>\r\n          <div data-faqpanel=\"2\" class=\"faq-panel\">\r\n        <strong><h2>ILE KOSZTUJE DNI\u00d3WKA KURSOWA?<\/h2><\/strong>\r\n        <div><h3><b>Aktualny<\/b> koszt zakupu <b>Dni\u00f3wki OWD<\/b> mo\u017cesz sprawdzi\u0107 w <b>Cenniku B2B<\/b>.<\/h3><\/div>\r\n      <\/div>\r\n          <div data-faqpanel=\"3\" class=\"faq-panel\">\r\n        <strong><h2>CO DOSTAJ\u0118 W RAMACH OFERTY?<\/h2><\/strong>\r\n        <div><h3><b>Najwi\u0119kszym <\/b>atrybutem <b>Dni\u00f3wki OWD<\/b> jest jej niezwykle <b>atrakcyjna cena<\/b>!<\/div>\r\n      <\/div>\r\n          <div data-faqpanel=\"4\" class=\"faq-panel\">\r\n        <strong><h2>GDZIE MOG\u0118 ZNALE\u0179\u0106 WI\u0118CEJ INFORMACJI?<\/h2><\/strong>\r\n        <div><h3>Nie znalaz\u0142e\u015b odpowiedzi na wszystkie pytania? <br \/>\r\n<br \/>\r\nNapisz do Twojego <b>Opiekuna<\/b> \u2013 <b>Szymona Wzorka<\/b>; mail: <a href=\"mailto:pro@deepspot.com\"><b><font color=\"#5CB3FF\">pro@deepspot.com<\/font><\/b><\/a>; tel. <b>+48 532-796-299<\/b>.<\/h3><\/div>\r\n      <\/div>\r\n        <\/div>\r\n  <\/div>\r\n<\/div><!-- block -->\r\n","protected":false},"excerpt":{"rendered":"","protected":false},"author":18,"featured_media":0,"parent":1405,"menu_order":0,"comment_status":"closed","ping_status":"closed","template":"","meta":{"_acf_changed":false,"footnotes":""},"class_list":["post-15039","page","type-page","status-publish","hentry"],"acf":[],"yoast_head":"<!-- This site is optimized with the Yoast SEO plugin v27.4 - https:\/\/yoast.com\/product\/yoast-seo-wordpress\/ -->\n<title>Dni\u00f3wka Kursowa w Deepspot | Deepspot<\/title>\n<meta name=\"description\" content=\"Deepspot \u27a4 Dni\u00f3wka Kursowa w Deepspot \u2714\ufe0f Najg\u0142\u0119bszy basen nurkowy w Europie (45m+) \u2714\ufe0f Krystalicznie czysta woda, jaskinie, wrak. Scuba diving i freediving przez ca\u0142y rok \u2b50 Sprawd\u017a!\" \/>\n<meta name=\"robots\" content=\"index, follow, max-snippet:-1, max-image-preview:large, max-video-preview:-1\" \/>\n<link rel=\"canonical\" href=\"https:\/\/www.deepspot.com\/pl\/strefa-instruktora\/dniowka-kursowa-w-deepspot\/\" \/>\n<meta property=\"og:locale\" content=\"pl_PL\" \/>\n<meta property=\"og:type\" content=\"article\" \/>\n<meta property=\"og:title\" content=\"Dni\u00f3wka Kursowa w Deepspot | Deepspot\" \/>\n<meta property=\"og:description\" content=\"Deepspot \u27a4 Dni\u00f3wka Kursowa w Deepspot \u2714\ufe0f Najg\u0142\u0119bszy basen nurkowy w Europie (45m+) \u2714\ufe0f Krystalicznie czysta woda, jaskinie, wrak. Scuba diving i freediving przez ca\u0142y rok \u2b50 Sprawd\u017a!\" \/>\n<meta property=\"og:url\" content=\"https:\/\/www.deepspot.com\/pl\/strefa-instruktora\/dniowka-kursowa-w-deepspot\/\" \/>\n<meta property=\"og:site_name\" content=\"Deepspot\" \/>\n<meta property=\"article:modified_time\" content=\"2023-10-13T15:17:45+00:00\" \/>\n<meta name=\"twitter:card\" content=\"summary_large_image\" \/>\n<script type=\"application\/ld+json\" class=\"yoast-schema-graph\">{\"@context\":\"https:\\\/\\\/schema.org\",\"@graph\":[{\"@type\":\"WebPage\",\"@id\":\"https:\\\/\\\/www.deepspot.com\\\/pl\\\/strefa-instruktora\\\/dniowka-kursowa-w-deepspot\\\/\",\"url\":\"https:\\\/\\\/www.deepspot.com\\\/pl\\\/strefa-instruktora\\\/dniowka-kursowa-w-deepspot\\\/\",\"name\":\"Dni\u00f3wka Kursowa w Deepspot | Deepspot\",\"isPartOf\":{\"@id\":\"https:\\\/\\\/www.deepspot.com\\\/pl\\\/#website\"},\"datePublished\":\"2021-12-30T13:07:17+00:00\",\"dateModified\":\"2023-10-13T15:17:45+00:00\",\"description\":\"Deepspot \u27a4 Dni\u00f3wka Kursowa w Deepspot \u2714\ufe0f Najg\u0142\u0119bszy basen nurkowy w Europie (45m+) \u2714\ufe0f Krystalicznie czysta woda, jaskinie, wrak. Scuba diving i freediving przez ca\u0142y rok \u2b50 Sprawd\u017a!\",\"breadcrumb\":{\"@id\":\"https:\\\/\\\/www.deepspot.com\\\/pl\\\/strefa-instruktora\\\/dniowka-kursowa-w-deepspot\\\/#breadcrumb\"},\"inLanguage\":\"pl-PL\",\"potentialAction\":[{\"@type\":\"ReadAction\",\"target\":[\"https:\\\/\\\/www.deepspot.com\\\/pl\\\/strefa-instruktora\\\/dniowka-kursowa-w-deepspot\\\/\"]}]},{\"@type\":\"BreadcrumbList\",\"@id\":\"https:\\\/\\\/www.deepspot.com\\\/pl\\\/strefa-instruktora\\\/dniowka-kursowa-w-deepspot\\\/#breadcrumb\",\"itemListElement\":[{\"@type\":\"ListItem\",\"position\":1,\"name\":\"Strona g\u0142\u00f3wna\",\"item\":\"https:\\\/\\\/www.deepspot.com\\\/pl\\\/\"},{\"@type\":\"ListItem\",\"position\":2,\"name\":\"Strefa Instruktora\",\"item\":\"https:\\\/\\\/www.deepspot.com\\\/pl\\\/strefa-instruktora\\\/\"},{\"@type\":\"ListItem\",\"position\":3,\"name\":\"Dni\u00f3wka Kursowa w Deepspot\"}]},{\"@type\":\"WebSite\",\"@id\":\"https:\\\/\\\/www.deepspot.com\\\/pl\\\/#website\",\"url\":\"https:\\\/\\\/www.deepspot.com\\\/pl\\\/\",\"name\":\"Deepspot\",\"description\":\"Nowy wymiar nurkowania\",\"potentialAction\":[{\"@type\":\"SearchAction\",\"target\":{\"@type\":\"EntryPoint\",\"urlTemplate\":\"https:\\\/\\\/www.deepspot.com\\\/pl\\\/?s={search_term_string}\"},\"query-input\":{\"@type\":\"PropertyValueSpecification\",\"valueRequired\":true,\"valueName\":\"search_term_string\"}}],\"inLanguage\":\"pl-PL\"}]}<\/script>\n<!-- \/ Yoast SEO plugin. -->","yoast_head_json":{"title":"Dni\u00f3wka Kursowa w Deepspot | Deepspot","description":"Deepspot \u27a4 Dni\u00f3wka Kursowa w Deepspot \u2714\ufe0f Najg\u0142\u0119bszy basen nurkowy w Europie (45m+) \u2714\ufe0f Krystalicznie czysta woda, jaskinie, wrak. Scuba diving i freediving przez ca\u0142y rok \u2b50 Sprawd\u017a!","robots":{"index":"index","follow":"follow","max-snippet":"max-snippet:-1","max-image-preview":"max-image-preview:large","max-video-preview":"max-video-preview:-1"},"canonical":"https:\/\/www.deepspot.com\/pl\/strefa-instruktora\/dniowka-kursowa-w-deepspot\/","og_locale":"pl_PL","og_type":"article","og_title":"Dni\u00f3wka Kursowa w Deepspot | Deepspot","og_description":"Deepspot \u27a4 Dni\u00f3wka Kursowa w Deepspot \u2714\ufe0f Najg\u0142\u0119bszy basen nurkowy w Europie (45m+) \u2714\ufe0f Krystalicznie czysta woda, jaskinie, wrak. Scuba diving i freediving przez ca\u0142y rok \u2b50 Sprawd\u017a!","og_url":"https:\/\/www.deepspot.com\/pl\/strefa-instruktora\/dniowka-kursowa-w-deepspot\/","og_site_name":"Deepspot","article_modified_time":"2023-10-13T15:17:45+00:00","twitter_card":"summary_large_image","schema":{"@context":"https:\/\/schema.org","@graph":[{"@type":"WebPage","@id":"https:\/\/www.deepspot.com\/pl\/strefa-instruktora\/dniowka-kursowa-w-deepspot\/","url":"https:\/\/www.deepspot.com\/pl\/strefa-instruktora\/dniowka-kursowa-w-deepspot\/","name":"Dni\u00f3wka Kursowa w Deepspot | Deepspot","isPartOf":{"@id":"https:\/\/www.deepspot.com\/pl\/#website"},"datePublished":"2021-12-30T13:07:17+00:00","dateModified":"2023-10-13T15:17:45+00:00","description":"Deepspot \u27a4 Dni\u00f3wka Kursowa w Deepspot \u2714\ufe0f Najg\u0142\u0119bszy basen nurkowy w Europie (45m+) \u2714\ufe0f Krystalicznie czysta woda, jaskinie, wrak. Scuba diving i freediving przez ca\u0142y rok \u2b50 Sprawd\u017a!","breadcrumb":{"@id":"https:\/\/www.deepspot.com\/pl\/strefa-instruktora\/dniowka-kursowa-w-deepspot\/#breadcrumb"},"inLanguage":"pl-PL","potentialAction":[{"@type":"ReadAction","target":["https:\/\/www.deepspot.com\/pl\/strefa-instruktora\/dniowka-kursowa-w-deepspot\/"]}]},{"@type":"BreadcrumbList","@id":"https:\/\/www.deepspot.com\/pl\/strefa-instruktora\/dniowka-kursowa-w-deepspot\/#breadcrumb","itemListElement":[{"@type":"ListItem","position":1,"name":"Strona g\u0142\u00f3wna","item":"https:\/\/www.deepspot.com\/pl\/"},{"@type":"ListItem","position":2,"name":"Strefa Instruktora","item":"https:\/\/www.deepspot.com\/pl\/strefa-instruktora\/"},{"@type":"ListItem","position":3,"name":"Dni\u00f3wka Kursowa w Deepspot"}]},{"@type":"WebSite","@id":"https:\/\/www.deepspot.com\/pl\/#website","url":"https:\/\/www.deepspot.com\/pl\/","name":"Deepspot","description":"Nowy wymiar nurkowania","potentialAction":[{"@type":"SearchAction","target":{"@type":"EntryPoint","urlTemplate":"https:\/\/www.deepspot.com\/pl\/?s={search_term_string}"},"query-input":{"@type":"PropertyValueSpecification","valueRequired":true,"valueName":"search_term_string"}}],"inLanguage":"pl-PL"}]}},"_links":{"self":[{"href":"https:\/\/www.deepspot.com\/pl\/wp-json\/wp\/v2\/pages\/15039","targetHints":{"allow":["GET"]}}],"collection":[{"href":"https:\/\/www.deepspot.com\/pl\/wp-json\/wp\/v2\/pages"}],"about":[{"href":"https:\/\/www.deepspot.com\/pl\/wp-json\/wp\/v2\/types\/page"}],"author":[{"embeddable":true,"href":"https:\/\/www.deepspot.com\/pl\/wp-json\/wp\/v2\/users\/18"}],"replies":[{"embeddable":true,"href":"https:\/\/www.deepspot.com\/pl\/wp-json\/wp\/v2\/comments?post=15039"}],"version-history":[{"count":68,"href":"https:\/\/www.deepspot.com\/pl\/wp-json\/wp\/v2\/pages\/15039\/revisions"}],"predecessor-version":[{"id":34897,"href":"https:\/\/www.deepspot.com\/pl\/wp-json\/wp\/v2\/pages\/15039\/revisions\/34897"}],"up":[{"embeddable":true,"href":"https:\/\/www.deepspot.com\/pl\/wp-json\/wp\/v2\/pages\/1405"}],"wp:attachment":[{"href":"https:\/\/www.deepspot.com\/pl\/wp-json\/wp\/v2\/media?parent=15039"}],"curies":[{"name":"wp","href":"https:\/\/api.w.org\/{rel}","templated":true}]}}