{"id":18648,"date":"2022-03-07T13:44:27","date_gmt":"2022-03-07T12:44:27","guid":{"rendered":"https:\/\/www.deepspot.com\/?page_id=18648"},"modified":"2026-04-08T14:13:45","modified_gmt":"2026-04-08T12:13:45","slug":"kurs-nitrox","status":"publish","type":"page","link":"https:\/\/www.deepspot.com\/pl\/dla-kogo\/scuba-diving\/kurs-nitrox\/","title":{"rendered":"KURS NITROX"},"content":{"rendered":"<div id=\"hero-block_6a6b52309092010912edcbe34f42f4c4\" class=\"hero-block\">\r\n  <div class=\"row outer-container\">\r\n    <div>\r\n      <img decoding=\"async\" lazy src=\"data:image\/gif;base64,R0lGODlhAQABAAD\/ACwAAAAAAQABAAACADs%3D\" data-src=\"https:\/\/eco3ygde435.exactdn.com\/wp-content\/uploads\/sites\/2\/2025\/06\/lplplp.jpg?strip=all\" alt=\"\">\r\n          <\/div>\r\n    <div>\r\n      <h2>certyfikat, otwieraj\u0105cy drzwi do d\u0142u\u017cszych nurkowa\u0144<\/h2><p>Chcesz nurkowa\u0107 d\u0142u\u017cej i bezpieczniej? <BR> <BR>Wybierz specjalistyczne szkolenie z wykorzystaniem mieszanek oddechowych nitrox. Nurkowanie z podwy\u017cszon\u0105 zawarto\u015bci\u0105 tlenu pozwala lepiej kontrolowa\u0107 ekspozycj\u0119 na azot i zwi\u0119kszy\u0107 efektywno\u015b\u0107 pobytu pod wod\u0105. Kurs Nitrox pozwala korzysta\u0107 z mieszanek wzbogaconych w tlen, co ogranicza nasycenie azotem i zmniejsza ryzyko zm\u0119czenia po nurkowaniu. To kurs, przeznaczony dla certyfikowanych nurk\u00f3w, kt\u00f3rzy chc\u0105 poszerzy\u0107 swoje mo\u017cliwo\u015bci i zadba\u0107 o wi\u0119kszy komfort pod wod\u0105.\r\n\r\n<\/p>    <\/div>\r\n  <\/div>\r\n<\/div><!-- block -->\r\n\n\n<div id=\"product-details-block_96febbf02c57f483ccaa514751abf02c\" class=\"product-details-block\">\r\n  <div class=\"row container\">\r\n    <div>\r\n      <h2 class=\"title\">Nitrox \u2013 nurkowanie \u2013 Opis atrakcji<\/h2>      <p class=\"desc\">\r\n<p>Nitrox to kurs dla nurk\u00f3w, kt\u00f3rzy chc\u0105 wyd\u0142u\u017cy\u0107 czas nurkowania i zwi\u0119kszy\u0107 bezpiecze\u0144stwo. Podczas szkolenia poznasz zasady korzystania z mieszanek wzbogaconych w tlen i wykonasz <a href=\"\/pl\/dla-kogo\/scuba-diving\/\">nurkowanie z butl\u0105<\/a> na nitroxie pod okiem instruktora \u2013 wszystko w wyj\u0105tkowych warunkach Deepspot. To propozycja dla os\u00f3b, kt\u00f3re \u015bwiadomie <strong>planuj\u0105 rozw\u00f3j swoich kompetencji i chc\u0105 zrozumie\u0107, jak nurkowanie z nitroxem wp\u0142ywa na organizm<\/strong> oraz planowanie profilu nurkowego. Kurs Nitrox pozwala lepiej kontrolowa\u0107 limity bezdekompresyjne, zmniejszy\u0107 zm\u0119czenie po serii zanurze\u0144 i zwi\u0119kszy\u0107 komfort podczas intensywnych wyjazd\u00f3w nurkowych. <br><br>\r\n\r\nZanurz si\u0119 w ofert\u0119 je\u015bli:<br>\r\n\ud83e\udee7 Planujesz d\u0142u\u017csze nurkowania, kilka zanurze\u0144 w ci\u0105gu dnia lub safari nurkowe<br>\r\n\ud83e\udee7 Chcesz poprawi\u0107 bezpiecze\u0144stwo nurkowa\u0144 rekreacyjnych<br>\r\n\ud83e\udee7 Posiadasz certyfikat min. Indoor Diver\/OWD i jeste\u015b ciekawy \u015bwiata pod wod\u0105 i jego fizyki<br><br>\r\n<p>SSI Enriched Air Nitrox diving to nurkowanie z wykorzystaniem mieszaniny oddechowej wzbogaconej w tlen (Enriched Air Nitrox), zawieraj\u0105cej wy\u017csze st\u0119\u017cenie tlenu ni\u017c powietrze atmosferyczne, zgodnie ze standardami szkoleniowymi organizacji SSI (Scuba Schools International). Pozwala to wyd\u0142u\u017cy\u0107 czas przebywania pod wod\u0105 i zmniejszy\u0107 absorpcj\u0119 azotu w organizmie. Ka\u017cdy kurs nurkowania na nitroksie obejmuje analiz\u0119 sk\u0142adu mieszanki oraz prawid\u0142owe oznaczanie butli przed nurkowaniem. Dzi\u0119ki temu <strong>zyskujesz realne kompetencje i wi\u0119ksz\u0105 kontrol\u0119 nad planowaniem swoich kolejnych zanurze\u0144<\/strong>. <\/p><br>\r\n<h2>Nitrox nurkowanie \u2013 co oferujemy w ramach szkolenia? <\/h2>\r\n<p>Program zosta\u0142 zaplanowany tak, aby nurkowanie na nitroxie by\u0142o nie tylko bezpieczne, ale r\u00f3wnie\u017c w pe\u0142ni zrozumia\u0142e pod wzgl\u0119dem teoretycznym. Stawiamy na praktyczne podej\u015bcie i realne kompetencje, dlatego <strong>nurkowanie z nitroxem poprzedzone jest szczeg\u00f3\u0142owym om\u00f3wieniem zasad planowania oraz analizy mieszanek oddechowych<\/strong>. Szkolenie realizowane jest w kontrolowanych warunkach, z naciskiem na komfort i indywidualne tempo nauki. Oferta jest kompleksowa, wszystko czego potrzebujesz jest zawarte w cenie kursu Nitrox. Obejmuje ona zaj\u0119cia teoretyczne, sesj\u0119 w wodzie, materia\u0142y szkoleniowe oraz opiek\u0119 instruktora.<br>\r\n\r\nCo oferujemy?<br>\r\n\ud83e\udee7 Kilkugodzinne szkolenie \u0142\u0105cz\u0105ce teori\u0119 i praktyk\u0119 w wyj\u0105tkowych warunkach Deepspot<br>\r\n\ud83e\udee7 Dowiesz si\u0119, jak dzia\u0142a Nitrox, dlaczego warto z niego korzysta\u0107 i jak planowa\u0107 z nim nurkowania, by by\u0142o d\u0142u\u017cej i bezpieczniej<br>\r\n\ud83e\udee7 \u0106wiczenia w wodzie i nurkowanie pod okiem profesjonalisty<br>\r\n\ud83e\udee7 Materia\u0142y szkoleniowe udost\u0119pnione na stronie organizacji SSI. Zapoznaj si\u0119 z nimi przed rozpocz\u0119ciem kursu<br>\r\n\ud83e\udee7 Wszystko, czego potrzebujesz jest w cenie. Ca\u0142y niezb\u0119dny sprz\u0119t zapewniamy my<br>\r\n\ud83e\udee7 Kameralne grupy lub zaj\u0119cia indywidualne. Tempo zawsze dopasujemy do Ciebie<br><br>\r\n\r\n\r\n\r\n\r\nCo warto wiedzie\u0107? <\/p>      <ul>            <li>\r\n              <p>Czas trwania <\/p>\r\n              <strong>1 dzie\u0144 (ok. 4h, w tym 1 sesja basenowa)<\/strong>\r\n            <\/li>\r\n                      <li>\r\n              <p>Minimalny wiek uczestnika<\/p>\r\n              <strong>10 lat<\/strong>\r\n            <\/li>\r\n                      <li>\r\n              <p>Zanurkujesz do g\u0142\u0119boko\u015bci<\/p>\r\n              <strong>18m<\/strong>\r\n            <\/li>\r\n                      <li>\r\n              <p>W prezencie<\/p>\r\n              <strong>kr\u00f3tkie wideo z podwodnej fotobudki<\/strong>\r\n            <\/li>\r\n                      <li>\r\n              <p>Zapewniamy<\/p>\r\n              <strong>Ca\u0142y sprz\u0119t nurkowy. Zabierz ze sob\u0105 jedynie k\u0105piel\u00f3wki, r\u0119cznik i klapki<\/strong>\r\n            <\/li>\r\n                      <li>\r\n              <p>Nie zapomnij<\/p>\r\n              <strong>Dobrze si\u0119 bawi\u0107, a ca\u0142\u0105 energi\u0105 zarazimy Ci\u0119 my<\/strong>\r\n            <\/li>\r\n                      <li>\r\n              <p>Cena<\/p>\r\n              <strong>729 PLN<\/strong>\r\n            <\/li>\r\n          <\/ul>      <div class=\"button-list-wrap\"><div class=\"button-list button-type-both\"><div><a class=\"alternate_ybb\" href=\"https:\/\/cs.deepspot.com\/offer?steps=deepspot_diving-courses_wait-for-diving-course-list_26_diving-course-people-number-confirm-button\" target=\"_self\"><img decoding=\"async\" lazy src=\"data:image\/gif;base64,R0lGODlhAQABAAD\/ACwAAAAAAQABAAACADs%3D\" data-src=\"https:\/\/eco3ygde435.exactdn.com\/wp-content\/uploads\/sites\/2\/2020\/08\/calendar-grid-58.png?strip=all\" alt=\"\"><strong>Zarezerwuj<\/strong><\/a><\/div><div><a class=\"alternate_ybb\" href=\"https:\/\/sklep.deepspot.com\/pl\/p\/Kurs-nitrox\/356\" target=\"_self\"><img decoding=\"async\" lazy src=\"data:image\/gif;base64,R0lGODlhAQABAAD\/ACwAAAAAAQABAAACADs%3D\" data-src=\"https:\/\/eco3ygde435.exactdn.com\/wp-content\/uploads\/sites\/2\/2020\/08\/paper-diploma.png?strip=all\" alt=\"\"><strong>Zam\u00f3w voucher<\/strong><\/a><\/div><div><a class=\"css-default\" href=\"https:\/\/www.deepspot.com\/pl\/frequently-asked-questions\/?tab=3\" target=\"_self\"><img decoding=\"async\" lazy src=\"data:image\/gif;base64,R0lGODlhAQABAAD\/ACwAAAAAAQABAAACADs%3D\" data-src=\"https:\/\/eco3ygde435.exactdn.com\/wp-content\/uploads\/sites\/2\/2020\/08\/presentation.png?strip=all\" alt=\"\"><strong>Najcz\u0119\u015bciej zadawane pytania<\/strong><\/a><\/div><\/div><\/div>    <\/div>\r\n  <\/div>\r\n<\/div><!-- block -->\r\n\n\n<h2 style=\"text-align: center\">Nurkowanie z nitroxem \u2013 dlaczego warto wybra\u0107 to szkolenie?<\/h2>\n<p>Decyduj\u0105c si\u0119 na szkolenie, wybierasz miejsce stworzone z my\u015bl\u0105 o \u015bwiadomym i bezpiecznym rozwoju nurk\u00f3w. Obiekt zapewnia <strong>stabilne, kontrolowane warunki przez ca\u0142y rok<\/strong>, co pozwala skupi\u0107 si\u0119 na technice oraz planowaniu profilu nurkowego bez wp\u0142ywu zmiennych czynnik\u00f3w zewn\u0119trznych. Je\u015bli interesuje Ci\u0119 profesjonalne szkolenie nurkowe, dobrym wyborem b\u0119dzie kurs Nitrox.Cena obejmuje dost\u0119p do sprawdzonej infrastruktury, do\u015bwiadczon\u0105 kadr\u0119 instruktorsk\u0105 oraz kompleksowy zakres szkolenia, kt\u00f3re przek\u0142adaj\u0105 si\u0119 na bezpiecze\u0144stwo i komfort pod wod\u0105. Warto, poniewa\u017c:<\/p>\n<ul>\n<li>Trenujesz w najg\u0142\u0119bszym basenie w Europie \u2013 a\u017c 45 metr\u00f3w g\u0142\u0119boko\u015bci.<\/li>\n<li>Nurkowanie odbywa si\u0119 w egzotycznych warunkach \u2013 przejrzysta woda o temperaturze 32\u00b0C.<\/li>\n<li>Korzystasz z nowoczesnego, regularnie serwisowanego sprz\u0119tu.<\/li>\n<li>Masz wsparcie do\u015bwiadczonej, mi\u0119dzynarodowej kadry instruktor\u00f3w.<\/li>\n<li>To idealne miejsce do budowania pewno\u015bci siebie i dobrej techniki.<\/li>\n<\/ul>\n<p><strong>Kurs Nitrox<\/strong> pozwala poszerzy\u0107 wiedz\u0119 o fizjologii nurkowania i \u015bwiadomie rozwija\u0107 swoje umiej\u0119tno\u015bci podwodne. Zdobyte kompetencje mog\u0105 stanowi\u0107 uzupe\u0142nienie innych aktywno\u015bci podwodnych, takich jak <a href=\"\/pl\/dla-kogo\/freediving\/\">freediving<\/a>, rozwijaj\u0105c og\u00f3lne zrozumienie fizjologii nurkowania. <strong>To inwestycja w realne umiej\u0119tno\u015bci<\/strong>, kt\u00f3re przek\u0142adaj\u0105 si\u0119 na komfort i bezpiecze\u0144stwo podczas ka\u017cdego zanurzenia.<\/p>\n<h2>Certyfikat Enriched Air Nitrox SSI \u2013 Twoje nowe mo\u017cliwo\u015bci pod wod\u0105<\/h2>\n<p>Po uko\u0144czeniu szkolenia otrzymasz certyfikat Enriched Air Nitrox w organizacji SSI zgodny z norm\u0105 ISO 11107, kt\u00f3ry uprawnia do nurkowania z wykorzystaniem nitroxu do 40% zawarto\u015bci tlenu. Dokument ten jest honorowany na ca\u0142ym \u015bwiecie i stanowi formalne potwierdzenie Twoich kompetencji w zakresie planowania oraz realizacji nurkowa\u0144 z mieszaninami wzbogaconymi w tlen. Nitrox kurs otwiera drog\u0119 do bardziej \u015bwiadomego i bezpiecznego eksplorowania podwodnego \u015bwiata. W Deepspot dost\u0119pny jest r\u00f3wnie\u017c <a href=\"\/pl\/dla-kogo\/scuba-diving\/kurs-dry-suit\/\">kurs Suchy Skafander<\/a>, kurs Computer Diving, kurs React Right, kurs Perfect Buoyancy i wiele innych. Mo\u017cesz r\u00f3wnie\u017c skorzysta\u0107 z aktywno\u015bci rekreacyjnych typu <a href=\"\/pl\/dla-kogo\/freediving\/mermaid-ocean\/\">mermaiding<\/a>. Skorzystaj z profesjonalnych warunk\u00f3w szkoleniowych i do\u0142\u0105cz do Deepspot \u2013 <strong>rozwijaj swoje kompetencje pod okiem do\u015bwiadczonych instruktor\u00f3w<\/strong>.<\/p>\n<p><strong>ZDROWIE<\/strong><br data-rich-text-line-break=\"true\" \/>Nurkowanie to sport rekreacyjny dost\u0119pny niemal\u017ce dla ka\u017cdego. Je\u015bli tw\u00f3j stan zdrowia jest w dobrej kondycji, najprawdopodobniej nie potrzebujesz zgody od lekarza, nie mniej w pewnych szczeg\u00f3lnych przypadkach mo\u017ce by\u0107 ona konieczna. Je\u015bli chcesz mie\u0107 pewno\u015b\u0107, mo\u017cesz za wczasu zapozna\u0107 si\u0119 ze standardowym<br data-rich-text-line-break=\"true\" \/><a href=\"https:\/\/eco3ygde435.exactdn.com\/wp-content\/uploads\/sites\/2\/2023\/10\/TR-MEDICAL-DIVER_Polish.pdf\" target=\"_blank\" rel=\"noreferrer noopener\">formularzem medycznym<\/a>.<\/p>\n\n<div id=\"step-guide-icons-block_bab8505559efdde2d26658de647e5c66\" class=\"step-guide-icons-block\">\r\n  <div class=\"row container\">\r\n    <div>\r\n      <div class=\"title\">Krok po kroku<\/div>      <ul>            <li data-count=\"01\">\r\n              <div class=\"icon-wrap\"><img decoding=\"async\" lazy src=\"data:image\/gif;base64,R0lGODlhAQABAAD\/ACwAAAAAAQABAAACADs%3D\" data-src=\"\" alt=\"\"><\/div>\r\n              <p>Zbierz uczestnik\u00f3w \u2013 solo, we dwoje albo z paczk\u0105<br \/>\r\n<\/p>\r\n                          <\/li>\r\n                      <li data-count=\"02\">\r\n              <div class=\"icon-wrap\"><img decoding=\"async\" lazy src=\"data:image\/gif;base64,R0lGODlhAQABAAD\/ACwAAAAAAQABAAACADs%3D\" data-src=\"\" alt=\"\"><\/div>\r\n              <p>Zarezerwuj termin \u2013 online, szybko i wygodnie<br \/>\r\n<\/p>\r\n                          <\/li>\r\n                      <li data-count=\"03\">\r\n              <div class=\"icon-wrap\"><img decoding=\"async\" lazy src=\"data:image\/gif;base64,R0lGODlhAQABAAD\/ACwAAAAAAQABAAACADs%3D\" data-src=\"\" alt=\"\"><\/div>\r\n              <p>Uzupe\u0142nij dane uczestnik\u00f3w \u2013 przez swoje konto, to zajmie tylko chwilk\u0119<br \/>\r\n<br \/>\r\n<\/p>\r\n                          <\/li>\r\n                      <li data-count=\"04\">\r\n              <div class=\"icon-wrap\"><img decoding=\"async\" lazy src=\"data:image\/gif;base64,R0lGODlhAQABAAD\/ACwAAAAAAQABAAACADs%3D\" data-src=\"\" alt=\"\"><\/div>\r\n              <p>Przyjd\u017a 30 min wcze\u015bniej \u2013 na spokojnie si\u0119 przygotujesz<br \/>\r\n<\/p>\r\n                          <\/li>\r\n                      <li data-count=\"05\">\r\n              <div class=\"icon-wrap\"><img decoding=\"async\" lazy src=\"data:image\/gif;base64,R0lGODlhAQABAAD\/ACwAAAAAAQABAAACADs%3D\" data-src=\"\" alt=\"\"><\/div>\r\n              <p>Zanurkuj \u2013 baw si\u0119 dobrze<br \/>\r\n<\/p>\r\n                          <\/li>\r\n                      <li data-count=\"06\">\r\n              <div class=\"icon-wrap\"><img decoding=\"async\" lazy src=\"data:image\/gif;base64,R0lGODlhAQABAAD\/ACwAAAAAAQABAAACADs%3D\" data-src=\"\" alt=\"\"><\/div>\r\n              <p>Z\u0142ap bakcyla i wr\u00f3\u0107 po wi\u0119cej \u2013 nurkowanie wci\u0105ga!<br \/>\r\n<\/p>\r\n                          <\/li>\r\n          <\/ul>    <\/div>\r\n  <\/div>\r\n<\/div><!-- block -->\r\n\n\n<div id=\"download-block_912673a15126bef1ec5a8cec2acbf9ec\" class=\"download-block\">\r\n  <div class=\"row container\">\r\n    <div>\r\n      <h2 class=\"title\">Dokumenty<\/h2>      <ul>            <li>\r\n              <a href=\"https:\/\/www.deepspot.com\/wp-content\/uploads\/sites\/2\/2023\/08\/FomularzMedyczny2023_PL_do_wgladu.pdf\" download>\r\n                <div>\r\n                  <img decoding=\"async\" lazy src=\"data:image\/gif;base64,R0lGODlhAQABAAD\/ACwAAAAAAQABAAACADs%3D\" data-src=\"https:\/\/www.deepspot.com\/wp-content\/themes\/deepspotflyspotWPML\/images\/dots-download.svg\">\r\n                  <p>Formularz Medyczny<\/p>\r\n                <\/div>\r\n              <\/a>\r\n            <\/li>\r\n          <\/ul>    <\/div>\r\n  <\/div>\r\n<\/div><!-- block -->\r\n","protected":false},"excerpt":{"rendered":"<p>Nurkowanie z nitroxem \u2013 dlaczego warto wybra\u0107 to szkolenie? Decyduj\u0105c si\u0119 na szkolenie, wybierasz miejsce stworzone z my\u015bl\u0105 o \u015bwiadomym i bezpiecznym rozwoju nurk\u00f3w. Obiekt zapewnia stabilne, kontrolowane warunki przez ca\u0142y rok, co pozwala skupi\u0107 si\u0119 na technice oraz planowaniu profilu nurkowego bez wp\u0142ywu zmiennych czynnik\u00f3w zewn\u0119trznych. Je\u015bli interesuje Ci\u0119 profesjonalne szkolenie nurkowe, dobrym wyborem [&hellip;]<\/p>\n","protected":false},"author":18,"featured_media":53187,"parent":721,"menu_order":9,"comment_status":"closed","ping_status":"closed","template":"","meta":{"_acf_changed":false,"footnotes":""},"class_list":["post-18648","page","type-page","status-publish","has-post-thumbnail","hentry"],"acf":[],"yoast_head":"<!-- This site is optimized with the Yoast SEO plugin v27.3 - https:\/\/yoast.com\/product\/yoast-seo-wordpress\/ -->\n<title>KURS NITROX | Deepspot<\/title>\n<meta name=\"description\" content=\"Deepspot \u27a4 KURS NITROX \u2714\ufe0f Najg\u0142\u0119bszy basen nurkowy w Europie (45m+) \u2714\ufe0f Krystalicznie czysta woda, jaskinie, wrak. Scuba diving i freediving przez ca\u0142y rok \u2b50 Sprawd\u017a!\" \/>\n<meta name=\"robots\" content=\"index, follow, max-snippet:-1, max-image-preview:large, max-video-preview:-1\" \/>\n<link rel=\"canonical\" href=\"https:\/\/www.deepspot.com\/pl\/dla-kogo\/scuba-diving\/kurs-nitrox\/\" \/>\n<meta property=\"og:locale\" content=\"pl_PL\" \/>\n<meta property=\"og:type\" content=\"article\" \/>\n<meta property=\"og:title\" content=\"KURS NITROX | Deepspot\" \/>\n<meta property=\"og:description\" content=\"Deepspot \u27a4 KURS NITROX \u2714\ufe0f Najg\u0142\u0119bszy basen nurkowy w Europie (45m+) \u2714\ufe0f Krystalicznie czysta woda, jaskinie, wrak. Scuba diving i freediving przez ca\u0142y rok \u2b50 Sprawd\u017a!\" \/>\n<meta property=\"og:url\" content=\"https:\/\/www.deepspot.com\/pl\/dla-kogo\/scuba-diving\/kurs-nitrox\/\" \/>\n<meta property=\"og:site_name\" content=\"Deepspot\" \/>\n<meta property=\"article:modified_time\" content=\"2026-04-08T12:13:45+00:00\" \/>\n<meta property=\"og:image\" content=\"https:\/\/eco3ygde435.exactdn.com\/wp-content\/uploads\/sites\/2\/2025\/06\/lplplp.jpg?strip=all\" \/>\n\t<meta property=\"og:image:width\" content=\"1471\" \/>\n\t<meta property=\"og:image:height\" content=\"660\" \/>\n\t<meta property=\"og:image:type\" content=\"image\/jpeg\" \/>\n<meta name=\"twitter:card\" content=\"summary_large_image\" \/>\n<meta name=\"twitter:label1\" content=\"Szacowany czas czytania\" \/>\n\t<meta name=\"twitter:data1\" content=\"2 minuty\" \/>\n<script type=\"application\/ld+json\" class=\"yoast-schema-graph\">{\"@context\":\"https:\\\/\\\/schema.org\",\"@graph\":[{\"@type\":\"WebPage\",\"@id\":\"https:\\\/\\\/www.deepspot.com\\\/pl\\\/dla-kogo\\\/scuba-diving\\\/kurs-nitrox\\\/\",\"url\":\"https:\\\/\\\/www.deepspot.com\\\/pl\\\/dla-kogo\\\/scuba-diving\\\/kurs-nitrox\\\/\",\"name\":\"KURS NITROX | Deepspot\",\"isPartOf\":{\"@id\":\"https:\\\/\\\/www.deepspot.com\\\/pl\\\/#website\"},\"primaryImageOfPage\":{\"@id\":\"https:\\\/\\\/www.deepspot.com\\\/pl\\\/dla-kogo\\\/scuba-diving\\\/kurs-nitrox\\\/#primaryimage\"},\"image\":{\"@id\":\"https:\\\/\\\/www.deepspot.com\\\/pl\\\/dla-kogo\\\/scuba-diving\\\/kurs-nitrox\\\/#primaryimage\"},\"thumbnailUrl\":\"https:\\\/\\\/eco3ygde435.exactdn.com\\\/wp-content\\\/uploads\\\/sites\\\/2\\\/2025\\\/06\\\/lplplp.jpg?strip=all\",\"datePublished\":\"2022-03-07T12:44:27+00:00\",\"dateModified\":\"2026-04-08T12:13:45+00:00\",\"description\":\"Deepspot \u27a4 KURS NITROX \u2714\ufe0f Najg\u0142\u0119bszy basen nurkowy w Europie (45m+) \u2714\ufe0f Krystalicznie czysta woda, jaskinie, wrak. Scuba diving i freediving przez ca\u0142y rok \u2b50 Sprawd\u017a!\",\"breadcrumb\":{\"@id\":\"https:\\\/\\\/www.deepspot.com\\\/pl\\\/dla-kogo\\\/scuba-diving\\\/kurs-nitrox\\\/#breadcrumb\"},\"inLanguage\":\"pl-PL\",\"potentialAction\":[{\"@type\":\"ReadAction\",\"target\":[\"https:\\\/\\\/www.deepspot.com\\\/pl\\\/dla-kogo\\\/scuba-diving\\\/kurs-nitrox\\\/\"]}]},{\"@type\":\"ImageObject\",\"inLanguage\":\"pl-PL\",\"@id\":\"https:\\\/\\\/www.deepspot.com\\\/pl\\\/dla-kogo\\\/scuba-diving\\\/kurs-nitrox\\\/#primaryimage\",\"url\":\"https:\\\/\\\/eco3ygde435.exactdn.com\\\/wp-content\\\/uploads\\\/sites\\\/2\\\/2025\\\/06\\\/lplplp.jpg?strip=all\",\"contentUrl\":\"https:\\\/\\\/eco3ygde435.exactdn.com\\\/wp-content\\\/uploads\\\/sites\\\/2\\\/2025\\\/06\\\/lplplp.jpg?strip=all\",\"width\":1471,\"height\":660},{\"@type\":\"BreadcrumbList\",\"@id\":\"https:\\\/\\\/www.deepspot.com\\\/pl\\\/dla-kogo\\\/scuba-diving\\\/kurs-nitrox\\\/#breadcrumb\",\"itemListElement\":[{\"@type\":\"ListItem\",\"position\":1,\"name\":\"Strona g\u0142\u00f3wna\",\"item\":\"https:\\\/\\\/www.deepspot.com\\\/pl\\\/\"},{\"@type\":\"ListItem\",\"position\":2,\"name\":\"Dla kogo\",\"item\":\"https:\\\/\\\/www.deepspot.com\\\/pl\\\/dla-kogo\\\/\"},{\"@type\":\"ListItem\",\"position\":3,\"name\":\"Scuba diving\",\"item\":\"https:\\\/\\\/www.deepspot.com\\\/pl\\\/dla-kogo\\\/scuba-diving\\\/\"},{\"@type\":\"ListItem\",\"position\":4,\"name\":\"KURS NITROX\"}]},{\"@type\":\"WebSite\",\"@id\":\"https:\\\/\\\/www.deepspot.com\\\/pl\\\/#website\",\"url\":\"https:\\\/\\\/www.deepspot.com\\\/pl\\\/\",\"name\":\"Deepspot\",\"description\":\"Nowy wymiar nurkowania\",\"potentialAction\":[{\"@type\":\"SearchAction\",\"target\":{\"@type\":\"EntryPoint\",\"urlTemplate\":\"https:\\\/\\\/www.deepspot.com\\\/pl\\\/?s={search_term_string}\"},\"query-input\":{\"@type\":\"PropertyValueSpecification\",\"valueRequired\":true,\"valueName\":\"search_term_string\"}}],\"inLanguage\":\"pl-PL\"}]}<\/script>\n<!-- \/ Yoast SEO plugin. -->","yoast_head_json":{"title":"KURS NITROX | Deepspot","description":"Deepspot \u27a4 KURS NITROX \u2714\ufe0f Najg\u0142\u0119bszy basen nurkowy w Europie (45m+) \u2714\ufe0f Krystalicznie czysta woda, jaskinie, wrak. Scuba diving i freediving przez ca\u0142y rok \u2b50 Sprawd\u017a!","robots":{"index":"index","follow":"follow","max-snippet":"max-snippet:-1","max-image-preview":"max-image-preview:large","max-video-preview":"max-video-preview:-1"},"canonical":"https:\/\/www.deepspot.com\/pl\/dla-kogo\/scuba-diving\/kurs-nitrox\/","og_locale":"pl_PL","og_type":"article","og_title":"KURS NITROX | Deepspot","og_description":"Deepspot \u27a4 KURS NITROX \u2714\ufe0f Najg\u0142\u0119bszy basen nurkowy w Europie (45m+) \u2714\ufe0f Krystalicznie czysta woda, jaskinie, wrak. Scuba diving i freediving przez ca\u0142y rok \u2b50 Sprawd\u017a!","og_url":"https:\/\/www.deepspot.com\/pl\/dla-kogo\/scuba-diving\/kurs-nitrox\/","og_site_name":"Deepspot","article_modified_time":"2026-04-08T12:13:45+00:00","og_image":[{"width":1471,"height":660,"url":"https:\/\/eco3ygde435.exactdn.com\/wp-content\/uploads\/sites\/2\/2025\/06\/lplplp.jpg?strip=all","type":"image\/jpeg"}],"twitter_card":"summary_large_image","twitter_misc":{"Szacowany czas czytania":"2 minuty"},"schema":{"@context":"https:\/\/schema.org","@graph":[{"@type":"WebPage","@id":"https:\/\/www.deepspot.com\/pl\/dla-kogo\/scuba-diving\/kurs-nitrox\/","url":"https:\/\/www.deepspot.com\/pl\/dla-kogo\/scuba-diving\/kurs-nitrox\/","name":"KURS NITROX | Deepspot","isPartOf":{"@id":"https:\/\/www.deepspot.com\/pl\/#website"},"primaryImageOfPage":{"@id":"https:\/\/www.deepspot.com\/pl\/dla-kogo\/scuba-diving\/kurs-nitrox\/#primaryimage"},"image":{"@id":"https:\/\/www.deepspot.com\/pl\/dla-kogo\/scuba-diving\/kurs-nitrox\/#primaryimage"},"thumbnailUrl":"https:\/\/eco3ygde435.exactdn.com\/wp-content\/uploads\/sites\/2\/2025\/06\/lplplp.jpg?strip=all","datePublished":"2022-03-07T12:44:27+00:00","dateModified":"2026-04-08T12:13:45+00:00","description":"Deepspot \u27a4 KURS NITROX \u2714\ufe0f Najg\u0142\u0119bszy basen nurkowy w Europie (45m+) \u2714\ufe0f Krystalicznie czysta woda, jaskinie, wrak. Scuba diving i freediving przez ca\u0142y rok \u2b50 Sprawd\u017a!","breadcrumb":{"@id":"https:\/\/www.deepspot.com\/pl\/dla-kogo\/scuba-diving\/kurs-nitrox\/#breadcrumb"},"inLanguage":"pl-PL","potentialAction":[{"@type":"ReadAction","target":["https:\/\/www.deepspot.com\/pl\/dla-kogo\/scuba-diving\/kurs-nitrox\/"]}]},{"@type":"ImageObject","inLanguage":"pl-PL","@id":"https:\/\/www.deepspot.com\/pl\/dla-kogo\/scuba-diving\/kurs-nitrox\/#primaryimage","url":"https:\/\/eco3ygde435.exactdn.com\/wp-content\/uploads\/sites\/2\/2025\/06\/lplplp.jpg?strip=all","contentUrl":"https:\/\/eco3ygde435.exactdn.com\/wp-content\/uploads\/sites\/2\/2025\/06\/lplplp.jpg?strip=all","width":1471,"height":660},{"@type":"BreadcrumbList","@id":"https:\/\/www.deepspot.com\/pl\/dla-kogo\/scuba-diving\/kurs-nitrox\/#breadcrumb","itemListElement":[{"@type":"ListItem","position":1,"name":"Strona g\u0142\u00f3wna","item":"https:\/\/www.deepspot.com\/pl\/"},{"@type":"ListItem","position":2,"name":"Dla kogo","item":"https:\/\/www.deepspot.com\/pl\/dla-kogo\/"},{"@type":"ListItem","position":3,"name":"Scuba diving","item":"https:\/\/www.deepspot.com\/pl\/dla-kogo\/scuba-diving\/"},{"@type":"ListItem","position":4,"name":"KURS NITROX"}]},{"@type":"WebSite","@id":"https:\/\/www.deepspot.com\/pl\/#website","url":"https:\/\/www.deepspot.com\/pl\/","name":"Deepspot","description":"Nowy wymiar nurkowania","potentialAction":[{"@type":"SearchAction","target":{"@type":"EntryPoint","urlTemplate":"https:\/\/www.deepspot.com\/pl\/?s={search_term_string}"},"query-input":{"@type":"PropertyValueSpecification","valueRequired":true,"valueName":"search_term_string"}}],"inLanguage":"pl-PL"}]}},"_links":{"self":[{"href":"https:\/\/www.deepspot.com\/pl\/wp-json\/wp\/v2\/pages\/18648","targetHints":{"allow":["GET"]}}],"collection":[{"href":"https:\/\/www.deepspot.com\/pl\/wp-json\/wp\/v2\/pages"}],"about":[{"href":"https:\/\/www.deepspot.com\/pl\/wp-json\/wp\/v2\/types\/page"}],"author":[{"embeddable":true,"href":"https:\/\/www.deepspot.com\/pl\/wp-json\/wp\/v2\/users\/18"}],"replies":[{"embeddable":true,"href":"https:\/\/www.deepspot.com\/pl\/wp-json\/wp\/v2\/comments?post=18648"}],"version-history":[{"count":81,"href":"https:\/\/www.deepspot.com\/pl\/wp-json\/wp\/v2\/pages\/18648\/revisions"}],"predecessor-version":[{"id":59882,"href":"https:\/\/www.deepspot.com\/pl\/wp-json\/wp\/v2\/pages\/18648\/revisions\/59882"}],"up":[{"embeddable":true,"href":"https:\/\/www.deepspot.com\/pl\/wp-json\/wp\/v2\/pages\/721"}],"wp:featuredmedia":[{"embeddable":true,"href":"https:\/\/www.deepspot.com\/pl\/wp-json\/wp\/v2\/media\/53187"}],"wp:attachment":[{"href":"https:\/\/www.deepspot.com\/pl\/wp-json\/wp\/v2\/media?parent=18648"}],"curies":[{"name":"wp","href":"https:\/\/api.w.org\/{rel}","templated":true}]}}