{"id":27012,"date":"2022-10-28T11:41:14","date_gmt":"2022-10-28T09:41:14","guid":{"rendered":"https:\/\/www.deepspot.com\/?page_id=27012"},"modified":"2024-01-23T13:07:41","modified_gmt":"2024-01-23T12:07:41","slug":"avatar","status":"publish","type":"page","link":"https:\/\/www.deepspot.com\/pl\/jak-to-robimy\/partnerzy\/avatar\/","title":{"rendered":"Avatar"},"content":{"rendered":"\n<h2 class=\"wp-block-heading\">Avatar oferuje wszystkie podstawowe i niezb\u0119dne funkcje, kt\u00f3rych potrzebujesz przy odpowiedniej konfiguracji suchego skafandra:<\/h2>\n\n\n\n<p>Suchy skafander Avatar oferuje wszystkie podstawowe i niezb\u0119dne funkcje, kt\u00f3rych potrzebujesz przy odpowiedniej konfiguracji suchego skafandra. Zaawansowany ergonomiczny kr\u00f3j, kt\u00f3ry eliminuje czteroszwow\u0105 konstrukcj\u0119 pod pachami i w kroku, zapewniaj\u0105c niezr\u00f3wnan\u0105 mobilno\u015b\u0107 skafandra w por\u00f3wnaniu z konkurencj\u0105 w tym przedziale cenowym.<\/p>\n\n\n\n<h3 class=\"wp-block-heading\">Szczeg\u00f3\u0142y<\/h3>\n\n\n\n<ul class=\"wp-block-list\">\n<li>zaawansowany ergonomiczny kr\u00f3j, kt\u00f3ry eliminuje cztero-szwow\u0105 konstrukcj\u0119 pod pachami i w kroku, zapewniaj\u0105c niezr\u00f3wnan\u0105 mobilno\u015b\u0107 skafandra w por\u00f3wnaniu z konkurencj\u0105 w tym przedziale cenowym<\/li>\n\n\n\n<li>teleskopowa konstrukcja torsu, zapewniaj\u0105ca pe\u0142en zakres ruchomo\u015bci sylwetki oraz odpowiedniej pozycji pod wod\u0105<\/li>\n\n\n\n<li>wewn\u0119trzne szelki i pas kroczny dla zapewnienia w\u0142a\u015bciwego u\u0142o\u017cenia skafandra na ciele<\/li>\n\n\n\n<li>zapinany z przodu plastikowy, lekki zamek wodoszczelny z ochronn\u0105 patk\u0105 z tkaniny skafandra<\/li>\n\n\n\n<li>nylonowe wzmocnienia na kolanach i \u0142okciach oraz specjalnie zaprojektowana \u0142ata kroczna zwi\u0119kszaj\u0105ca wytrzyma\u0142o\u015b\u0107 i zapobiegaj\u0105ca przetarciom w tych obszarach<\/li>\n\n\n\n<li>neoprenowe docieplenie kryzy lateksowej<\/li>\n<\/ul>\n\n\n\n<h3 class=\"wp-block-heading\">Jak korzysta\u0107 z produktu?<\/h3>\n\n\n\n<ul class=\"wp-block-list\">\n<li>skafandry dost\u0119pne s\u0105 po wcze\u015bniejszej zg\u0142oszeniu i op\u0142aceniu w recepcji.<\/li>\n\n\n\n<li>Przygotowane s\u0105 przez ekip\u0119 Deepspot i po wej\u015bciu na p\u0142yt\u0119 mo\u017cesz zg\u0142osi\u0107 si\u0119 po nie do instruktora<\/li>\n\n\n\n<li>Op\u0142ata za u\u017cycie skafandra: 100z\u0142 \/slot i 150z\u0142 \/dni\u00f3wka<\/li>\n<\/ul>\n","protected":false},"excerpt":{"rendered":"<p>Avatar oferuje wszystkie podstawowe i niezb\u0119dne funkcje, kt\u00f3rych potrzebujesz przy odpowiedniej konfiguracji suchego skafandra: Suchy skafander Avatar oferuje wszystkie podstawowe i niezb\u0119dne funkcje, kt\u00f3rych potrzebujesz przy odpowiedniej konfiguracji suchego skafandra. Zaawansowany ergonomiczny kr\u00f3j, kt\u00f3ry eliminuje czteroszwow\u0105 konstrukcj\u0119 pod pachami i w kroku, zapewniaj\u0105c niezr\u00f3wnan\u0105 mobilno\u015b\u0107 skafandra w por\u00f3wnaniu z konkurencj\u0105 w tym przedziale cenowym. Szczeg\u00f3\u0142y [&hellip;]<\/p>\n","protected":false},"author":1,"featured_media":0,"parent":26947,"menu_order":0,"comment_status":"closed","ping_status":"closed","template":"template-partner.php","meta":{"_acf_changed":false,"footnotes":""},"class_list":["post-27012","page","type-page","status-publish","hentry"],"acf":[],"yoast_head":"<!-- This site is optimized with the Yoast SEO plugin v27.4 - https:\/\/yoast.com\/product\/yoast-seo-wordpress\/ -->\n<title>Avatar | Deepspot<\/title>\n<meta name=\"description\" content=\"Deepspot \u27a4 Avatar \u2714\ufe0f Najg\u0142\u0119bszy basen nurkowy w Europie (45m+) \u2714\ufe0f Krystalicznie czysta woda, jaskinie, wrak. Scuba diving i freediving przez ca\u0142y rok \u2b50 Sprawd\u017a!\" \/>\n<meta name=\"robots\" content=\"index, follow, max-snippet:-1, max-image-preview:large, max-video-preview:-1\" \/>\n<link rel=\"canonical\" href=\"https:\/\/www.deepspot.com\/pl\/jak-to-robimy\/partnerzy\/avatar\/\" \/>\n<meta property=\"og:locale\" content=\"pl_PL\" \/>\n<meta property=\"og:type\" content=\"article\" \/>\n<meta property=\"og:title\" content=\"Avatar | Deepspot\" \/>\n<meta property=\"og:description\" content=\"Deepspot \u27a4 Avatar \u2714\ufe0f Najg\u0142\u0119bszy basen nurkowy w Europie (45m+) \u2714\ufe0f Krystalicznie czysta woda, jaskinie, wrak. Scuba diving i freediving przez ca\u0142y rok \u2b50 Sprawd\u017a!\" \/>\n<meta property=\"og:url\" content=\"https:\/\/www.deepspot.com\/pl\/jak-to-robimy\/partnerzy\/avatar\/\" \/>\n<meta property=\"og:site_name\" content=\"Deepspot\" \/>\n<meta property=\"article:modified_time\" content=\"2024-01-23T12:07:41+00:00\" \/>\n<meta name=\"twitter:card\" content=\"summary_large_image\" \/>\n<meta name=\"twitter:label1\" content=\"Szacowany czas czytania\" \/>\n\t<meta name=\"twitter:data1\" content=\"1 minuta\" \/>\n<script type=\"application\/ld+json\" class=\"yoast-schema-graph\">{\"@context\":\"https:\\\/\\\/schema.org\",\"@graph\":[{\"@type\":\"WebPage\",\"@id\":\"https:\\\/\\\/www.deepspot.com\\\/pl\\\/jak-to-robimy\\\/partnerzy\\\/avatar\\\/\",\"url\":\"https:\\\/\\\/www.deepspot.com\\\/pl\\\/jak-to-robimy\\\/partnerzy\\\/avatar\\\/\",\"name\":\"Avatar | Deepspot\",\"isPartOf\":{\"@id\":\"https:\\\/\\\/www.deepspot.com\\\/pl\\\/#website\"},\"datePublished\":\"2022-10-28T09:41:14+00:00\",\"dateModified\":\"2024-01-23T12:07:41+00:00\",\"description\":\"Deepspot \u27a4 Avatar \u2714\ufe0f Najg\u0142\u0119bszy basen nurkowy w Europie (45m+) \u2714\ufe0f Krystalicznie czysta woda, jaskinie, wrak. Scuba diving i freediving przez ca\u0142y rok \u2b50 Sprawd\u017a!\",\"breadcrumb\":{\"@id\":\"https:\\\/\\\/www.deepspot.com\\\/pl\\\/jak-to-robimy\\\/partnerzy\\\/avatar\\\/#breadcrumb\"},\"inLanguage\":\"pl-PL\",\"potentialAction\":[{\"@type\":\"ReadAction\",\"target\":[\"https:\\\/\\\/www.deepspot.com\\\/pl\\\/jak-to-robimy\\\/partnerzy\\\/avatar\\\/\"]}]},{\"@type\":\"BreadcrumbList\",\"@id\":\"https:\\\/\\\/www.deepspot.com\\\/pl\\\/jak-to-robimy\\\/partnerzy\\\/avatar\\\/#breadcrumb\",\"itemListElement\":[{\"@type\":\"ListItem\",\"position\":1,\"name\":\"Strona g\u0142\u00f3wna\",\"item\":\"https:\\\/\\\/www.deepspot.com\\\/pl\\\/\"},{\"@type\":\"ListItem\",\"position\":2,\"name\":\"Jak to robimy?\",\"item\":\"https:\\\/\\\/www.deepspot.com\\\/pl\\\/jak-to-robimy\\\/\"},{\"@type\":\"ListItem\",\"position\":3,\"name\":\"NASI PARTNERZY\",\"item\":\"https:\\\/\\\/www.deepspot.com\\\/pl\\\/jak-to-robimy\\\/partnerzy\\\/\"},{\"@type\":\"ListItem\",\"position\":4,\"name\":\"Avatar\"}]},{\"@type\":\"WebSite\",\"@id\":\"https:\\\/\\\/www.deepspot.com\\\/pl\\\/#website\",\"url\":\"https:\\\/\\\/www.deepspot.com\\\/pl\\\/\",\"name\":\"Deepspot\",\"description\":\"Nowy wymiar nurkowania\",\"potentialAction\":[{\"@type\":\"SearchAction\",\"target\":{\"@type\":\"EntryPoint\",\"urlTemplate\":\"https:\\\/\\\/www.deepspot.com\\\/pl\\\/?s={search_term_string}\"},\"query-input\":{\"@type\":\"PropertyValueSpecification\",\"valueRequired\":true,\"valueName\":\"search_term_string\"}}],\"inLanguage\":\"pl-PL\"}]}<\/script>\n<!-- \/ Yoast SEO plugin. -->","yoast_head_json":{"title":"Avatar | Deepspot","description":"Deepspot \u27a4 Avatar \u2714\ufe0f Najg\u0142\u0119bszy basen nurkowy w Europie (45m+) \u2714\ufe0f Krystalicznie czysta woda, jaskinie, wrak. Scuba diving i freediving przez ca\u0142y rok \u2b50 Sprawd\u017a!","robots":{"index":"index","follow":"follow","max-snippet":"max-snippet:-1","max-image-preview":"max-image-preview:large","max-video-preview":"max-video-preview:-1"},"canonical":"https:\/\/www.deepspot.com\/pl\/jak-to-robimy\/partnerzy\/avatar\/","og_locale":"pl_PL","og_type":"article","og_title":"Avatar | Deepspot","og_description":"Deepspot \u27a4 Avatar \u2714\ufe0f Najg\u0142\u0119bszy basen nurkowy w Europie (45m+) \u2714\ufe0f Krystalicznie czysta woda, jaskinie, wrak. Scuba diving i freediving przez ca\u0142y rok \u2b50 Sprawd\u017a!","og_url":"https:\/\/www.deepspot.com\/pl\/jak-to-robimy\/partnerzy\/avatar\/","og_site_name":"Deepspot","article_modified_time":"2024-01-23T12:07:41+00:00","twitter_card":"summary_large_image","twitter_misc":{"Szacowany czas czytania":"1 minuta"},"schema":{"@context":"https:\/\/schema.org","@graph":[{"@type":"WebPage","@id":"https:\/\/www.deepspot.com\/pl\/jak-to-robimy\/partnerzy\/avatar\/","url":"https:\/\/www.deepspot.com\/pl\/jak-to-robimy\/partnerzy\/avatar\/","name":"Avatar | Deepspot","isPartOf":{"@id":"https:\/\/www.deepspot.com\/pl\/#website"},"datePublished":"2022-10-28T09:41:14+00:00","dateModified":"2024-01-23T12:07:41+00:00","description":"Deepspot \u27a4 Avatar \u2714\ufe0f Najg\u0142\u0119bszy basen nurkowy w Europie (45m+) \u2714\ufe0f Krystalicznie czysta woda, jaskinie, wrak. Scuba diving i freediving przez ca\u0142y rok \u2b50 Sprawd\u017a!","breadcrumb":{"@id":"https:\/\/www.deepspot.com\/pl\/jak-to-robimy\/partnerzy\/avatar\/#breadcrumb"},"inLanguage":"pl-PL","potentialAction":[{"@type":"ReadAction","target":["https:\/\/www.deepspot.com\/pl\/jak-to-robimy\/partnerzy\/avatar\/"]}]},{"@type":"BreadcrumbList","@id":"https:\/\/www.deepspot.com\/pl\/jak-to-robimy\/partnerzy\/avatar\/#breadcrumb","itemListElement":[{"@type":"ListItem","position":1,"name":"Strona g\u0142\u00f3wna","item":"https:\/\/www.deepspot.com\/pl\/"},{"@type":"ListItem","position":2,"name":"Jak to robimy?","item":"https:\/\/www.deepspot.com\/pl\/jak-to-robimy\/"},{"@type":"ListItem","position":3,"name":"NASI PARTNERZY","item":"https:\/\/www.deepspot.com\/pl\/jak-to-robimy\/partnerzy\/"},{"@type":"ListItem","position":4,"name":"Avatar"}]},{"@type":"WebSite","@id":"https:\/\/www.deepspot.com\/pl\/#website","url":"https:\/\/www.deepspot.com\/pl\/","name":"Deepspot","description":"Nowy wymiar nurkowania","potentialAction":[{"@type":"SearchAction","target":{"@type":"EntryPoint","urlTemplate":"https:\/\/www.deepspot.com\/pl\/?s={search_term_string}"},"query-input":{"@type":"PropertyValueSpecification","valueRequired":true,"valueName":"search_term_string"}}],"inLanguage":"pl-PL"}]}},"_links":{"self":[{"href":"https:\/\/www.deepspot.com\/pl\/wp-json\/wp\/v2\/pages\/27012","targetHints":{"allow":["GET"]}}],"collection":[{"href":"https:\/\/www.deepspot.com\/pl\/wp-json\/wp\/v2\/pages"}],"about":[{"href":"https:\/\/www.deepspot.com\/pl\/wp-json\/wp\/v2\/types\/page"}],"author":[{"embeddable":true,"href":"https:\/\/www.deepspot.com\/pl\/wp-json\/wp\/v2\/users\/1"}],"replies":[{"embeddable":true,"href":"https:\/\/www.deepspot.com\/pl\/wp-json\/wp\/v2\/comments?post=27012"}],"version-history":[{"count":10,"href":"https:\/\/www.deepspot.com\/pl\/wp-json\/wp\/v2\/pages\/27012\/revisions"}],"predecessor-version":[{"id":40730,"href":"https:\/\/www.deepspot.com\/pl\/wp-json\/wp\/v2\/pages\/27012\/revisions\/40730"}],"up":[{"embeddable":true,"href":"https:\/\/www.deepspot.com\/pl\/wp-json\/wp\/v2\/pages\/26947"}],"wp:attachment":[{"href":"https:\/\/www.deepspot.com\/pl\/wp-json\/wp\/v2\/media?parent=27012"}],"curies":[{"name":"wp","href":"https:\/\/api.w.org\/{rel}","templated":true}]}}