{"id":27846,"date":"2022-12-06T09:36:45","date_gmt":"2022-12-06T08:36:45","guid":{"rendered":"https:\/\/www.deepspot.com\/?page_id=27846"},"modified":"2025-12-04T12:29:56","modified_gmt":"2025-12-04T11:29:56","slug":"noc-w-podwodnym-pokoju","status":"publish","type":"page","link":"https:\/\/www.deepspot.com\/pl\/dla-kogo\/noc-w-podwodnym-pokoju\/","title":{"rendered":"NOC W PODWODNYM POKOJU"},"content":{"rendered":"<div id=\"hero-block_1791effe0765904adb62ccde9ff983f1\" class=\"hero-block\">\r\n  <div class=\"row outer-container\">\r\n    <div>\r\n      <img decoding=\"async\" lazy src=\"data:image\/gif;base64,R0lGODlhAQABAAD\/ACwAAAAAAQABAAACADs%3D\" data-src=\"https:\/\/eco3ygde435.exactdn.com\/wp-content\/uploads\/sites\/2\/2023\/11\/pokoj.jpg?strip=all\" alt=\"\">\r\n              <span class=\"youtube-play\" data-youtube=\"https:\/\/www.youtube.com\/watch?v=-IKfwQqmgXM\">\r\n          <img decoding=\"async\" lazy src=\"data:image\/gif;base64,R0lGODlhAQABAAD\/ACwAAAAAAQABAAACADs%3D\" data-src=\"https:\/\/www.flyspot.com\/wp-content\/themes\/deepspotflyspotWPML\/images\/youtube-play.svg\" alt=\"play\">\r\n          <strong>obejrzyj wideo<\/strong>\r\n        <\/span>\r\n          <\/div>\r\n    <div>\r\n      <h2>SP\u0118D\u0179 WYJ\u0104TKOWE CHWILE W PODWODNYM POKOJU!<\/h2><p>Wyobra\u017a sobie noc w pokoju po\u0142o\u017conym <B>5 metr\u00f3w pod wod\u0105, z widokiem na osoby nurkuj\u0105ce.<\/B> Przez panoramiczn\u0105 szyb\u0119 obserwujesz nurk\u00f3w unosz\u0105cych si\u0119 na r\u00f3\u017cnych poziomach \u2014 od os\u00f3b tu\u017c przy oknie po tych, kt\u00f3rzy zanurzaj\u0105 si\u0119 jeszcze g\u0142\u0119biej&#8230; \r\n<br><br>\r\n<b>To wyj\u0105tkowe miejsce, <\/b>w kt\u00f3rym mo\u017cesz zasn\u0105\u0107 otoczony spokojem podwodnego \u015bwiata i obudzi\u0107 si\u0119 w\u015br\u00f3d delikatnego falowania \u015bwiat\u0142a. <br>\r\n<b>Idealne, aby odpocz\u0105\u0107 po nurkowaniu, zrelaksowa\u0107 si\u0119 i poczu\u0107 atmosfer\u0119, kt\u00f3rej nie znajdziesz nigdzie indziej.<\/b>\r\n\r\n<\/p>    <\/div>\r\n  <\/div>\r\n<\/div><!-- block -->\r\n\n\n<div id=\"product-details-block_6aca5eea86de414205b0b54fd6559a40\" class=\"product-details-block\">\r\n  <div class=\"row container\">\r\n    <div>\r\n      <h2 class=\"title\">Szczeg\u00f3\u0142y atrakcji<\/h2>            <ul>            <li>\r\n              <p>POK\u00d3J<\/p>\r\n              <strong>2 OSOBOWY, Z WIDOKIEM DO WN\u0118TRZA BASENU<\/strong>\r\n            <\/li>\r\n                      <li>\r\n              <p>UDOGODNIENIA<\/p>\r\n              <strong>PRYWATNA \u0141AZIENKA, BEZP\u0141ATNE WIFI, KLIMATYZACJA, PARKING<\/strong>\r\n            <\/li>\r\n                      <li>\r\n              <p>CENA<\/p>\r\n              <strong>390Z\u0141 \/ NOC; ZAMELDOWENIE 16:00, WYMELDOWANIE 11:00<\/strong>\r\n            <\/li>\r\n                      <li>\r\n              <p>NIEWLICZONE W CEN\u0118<\/p>\r\n              <strong>POSI\u0141KI<\/strong>\r\n            <\/li>\r\n          <\/ul>          <\/div>\r\n  <\/div>\r\n<\/div><!-- block -->\r\n\n\n\n<p><strong>REZERWACJE<\/strong><\/p>\n\n\n\n<p>Aby zarezerwowa\u0107 pobyt w podwodnym pokoju, skontaktuj si\u0119 z naszym zespo\u0142em:<br>info@deepspot.com | <strong>+48 698 626 500<\/strong><\/p>\n\n\n<div id=\"gallery-block_730c5e23bd6f1594a9b493626c25512e\" class=\"gallery-block\">\r\n  <div class=\"row\">\r\n        <div class=\"outer-container\">\r\n      <img decoding=\"async\" src=\"https:\/\/eco3ygde435.exactdn.com\/wp-content\/uploads\/sites\/2\/2023\/11\/GE7A9237-Poprawione-Szum-1.jpg?strip=all\" alt=\"\">\r\n      <div>\r\n        <h2 class=\"title\">Tu zaczyna si\u0119 pe\u0142na emocji przygoda &#8211; Zajrzyj do wn\u0119trza Deepspot<\/h2>\r\n        <a class=\"open-gallery\" href=\"#gallery-block_730c5e23bd6f1594a9b493626c25512e\"><span>zobacz galeri\u0119<\/span><\/a>\r\n      <\/div>\r\n    <\/div>\r\n    <div class=\"container\">\r\n      <div lazy class=\"lazy-css\" style=\"background-image: url('https:\/\/eco3ygde435.exactdn.com\/wp-content\/uploads\/sites\/2\/2023\/11\/GE7A9208.jpg?strip=all');\"><\/div>\r\n      <div lazy class=\"lazy-css\" style=\"background-image: url('https:\/\/eco3ygde435.exactdn.com\/wp-content\/uploads\/sites\/2\/2022\/12\/2-Duzy.jpg?strip=all');\"><\/div>\r\n    <\/div>\r\n\r\n    <div class=\"gallery-popup\" data-state=\"not-loaded\" data-view=\"list\">\r\n            <div class=\"outer-container\">\r\n        <span class=\"gallery-close\">\r\n          Zamknij          <svg xmlns=\"http:\/\/www.w3.org\/2000\/svg\" width=\"23\" height=\"23\" viewBox=\"0 0 23 23\"><g><g><g><path fill=\"none\" stroke=\"#9ca0a3\" stroke-linejoin=\"round\" stroke-miterlimit=\"50\" stroke-width=\"\" d=\"M22 1L1 22\"\/><\/g><g><path fill=\"none\" stroke=\"#9ca0a3\" stroke-linejoin=\"round\" stroke-miterlimit=\"50\" stroke-width=\"\" d=\"M22 22L1 1\"\/><\/g><\/g><\/g><\/svg>\r\n        <\/span>\r\n        <span class=\"gallery-close-2\">\r\n          <svg xmlns=\"http:\/\/www.w3.org\/2000\/svg\" width=\"14\" height=\"25\" viewBox=\"0 0 14 25\"><g><g><g><path fill=\"none\" stroke=\"#9ca0a3\" stroke-linecap=\"round\" stroke-linejoin=\"round\" stroke-miterlimit=\"50\" stroke-width=\"\" d=\"M12 2L1.5 12.5\"\/><\/g><g><path fill=\"none\" stroke=\"#9ca0a3\" stroke-linecap=\"round\" stroke-linejoin=\"round\" stroke-miterlimit=\"50\" stroke-width=\"\" d=\"M12 23L1.5 12.5\"\/><\/g><\/g><\/g><\/svg>\r\n          powr\u00f3t        <\/span>\r\n        <span class=\"gallery-next only-image-visible\">\r\n          nast\u0119pne          <svg xmlns=\"http:\/\/www.w3.org\/2000\/svg\" width=\"21\" height=\"49\" viewBox=\"0 0 21 49\"><g><g transform=\"rotate(90 10.5 24.5)\"><g><path fill=\"none\" stroke=\"#9ca0a3\" stroke-linecap=\"square\" stroke-miterlimit=\"50\" stroke-width=\"\" d=\"M-12 33v0l22.5-17v0L33 33v0\"\/><\/g><\/g><\/g><\/svg>\r\n        <\/span>\r\n        <span class=\"gallery-prev only-image-visible\">\r\n          <svg xmlns=\"http:\/\/www.w3.org\/2000\/svg\" width=\"21\" height=\"49\" viewBox=\"0 0 21 49\"><g><g transform=\"matrix(0 1 1 0 -14 14)\"><g><path fill=\"none\" stroke=\"#9ca0a3\" stroke-linecap=\"square\" stroke-miterlimit=\"50\" stroke-width=\"\" d=\"M-12 33v0l22.5-17v0L33 33v0\"\/><\/g><\/g><\/g><\/svg>\r\n          poprzednie        <\/span>\r\n        <div class=\"container\">\r\n          <span class=\"gallery-to-list only-image-visible\">\r\n            poka\u017c list\u0119 zdj\u0119\u0107            <svg xmlns=\"http:\/\/www.w3.org\/2000\/svg\" width=\"22\" height=\"22\" viewBox=\"0 0 22 22\"><g><g><g><path fill=\"none\" stroke=\"#9ca0a3\" stroke-linecap=\"round\" stroke-miterlimit=\"50\" stroke-width=\"\" d=\"M1 1v0h7v7H1v0z\"\/><\/g><g><path fill=\"none\" stroke=\"#9ca0a3\" stroke-linecap=\"round\" stroke-miterlimit=\"50\" stroke-width=\"\" d=\"M14 1v0h7v7h-7v0z\"\/><\/g><g><path fill=\"none\" stroke=\"#9ca0a3\" stroke-linecap=\"round\" stroke-miterlimit=\"50\" stroke-width=\"\" d=\"M1 14v0h7v7H1v0z\"\/><\/g><g><path fill=\"none\" stroke=\"#9ca0a3\" stroke-linecap=\"round\" stroke-miterlimit=\"50\" stroke-width=\"\" d=\"M14 14v0h7v7h-7v0z\"\/><\/g><\/g><\/g><\/svg>\r\n          <\/span>\r\n          <span class=\"gallery-counter only-image-visible\"><i class=\"js-current-slide\">12<\/i> \/ <i class=\"js-total-slide\">30<\/i><\/span>\r\n          <ul class=\"gallery-list\">\r\n                            <li data-gallery-id=\"1\">\r\n                  <img decoding=\"async\" lazy src=\"data:image\/gif;base64,R0lGODlhAQABAAD\/ACwAAAAAAQABAAACADs%3D\" data-src=\"https:\/\/eco3ygde435.exactdn.com\/wp-content\/uploads\/sites\/2\/2023\/11\/GE7A9237-Poprawione-Szum-1.jpg?strip=all\" alt=\"\" \/>\r\n                <\/li>\r\n                              <li data-gallery-id=\"2\">\r\n                  <img decoding=\"async\" lazy src=\"data:image\/gif;base64,R0lGODlhAQABAAD\/ACwAAAAAAQABAAACADs%3D\" data-src=\"https:\/\/eco3ygde435.exactdn.com\/wp-content\/uploads\/sites\/2\/2023\/11\/GE7A9208.jpg?strip=all\" alt=\"\" \/>\r\n                <\/li>\r\n                              <li data-gallery-id=\"3\">\r\n                  <img decoding=\"async\" lazy src=\"data:image\/gif;base64,R0lGODlhAQABAAD\/ACwAAAAAAQABAAACADs%3D\" data-src=\"https:\/\/eco3ygde435.exactdn.com\/wp-content\/uploads\/sites\/2\/2022\/12\/2-Duzy.jpg?strip=all\" alt=\"\" \/>\r\n                <\/li>\r\n                              <li data-gallery-id=\"4\">\r\n                  <img decoding=\"async\" lazy src=\"data:image\/gif;base64,R0lGODlhAQABAAD\/ACwAAAAAAQABAAACADs%3D\" data-src=\"https:\/\/eco3ygde435.exactdn.com\/wp-content\/uploads\/sites\/2\/2022\/12\/3-Duzy.jpg?strip=all\" alt=\"\" \/>\r\n                <\/li>\r\n                              <li data-gallery-id=\"5\">\r\n                  <img decoding=\"async\" lazy src=\"data:image\/gif;base64,R0lGODlhAQABAAD\/ACwAAAAAAQABAAACADs%3D\" data-src=\"https:\/\/eco3ygde435.exactdn.com\/wp-content\/uploads\/sites\/2\/2022\/12\/4-Duzy.jpg?strip=all\" alt=\"\" \/>\r\n                <\/li>\r\n                              <li data-gallery-id=\"6\">\r\n                  <img decoding=\"async\" lazy src=\"data:image\/gif;base64,R0lGODlhAQABAAD\/ACwAAAAAAQABAAACADs%3D\" data-src=\"https:\/\/eco3ygde435.exactdn.com\/wp-content\/uploads\/sites\/2\/2022\/12\/5-Duzy.jpg?strip=all\" alt=\"\" \/>\r\n                <\/li>\r\n                              <li data-gallery-id=\"7\">\r\n                  <img decoding=\"async\" lazy src=\"data:image\/gif;base64,R0lGODlhAQABAAD\/ACwAAAAAAQABAAACADs%3D\" data-src=\"https:\/\/eco3ygde435.exactdn.com\/wp-content\/uploads\/sites\/2\/2022\/12\/6-Duzy.jpg?strip=all\" alt=\"\" \/>\r\n                <\/li>\r\n                        <\/ul>\r\n        <\/div>\r\n      <\/div>\r\n          <\/div>\r\n\r\n  <\/div>\r\n<\/div><!-- block -->\r\n","protected":false},"excerpt":{"rendered":"<p>REZERWACJE Aby zarezerwowa\u0107 pobyt w podwodnym pokoju, skontaktuj si\u0119 z naszym zespo\u0142em:info@deepspot.com | +48 698 626 500<\/p>\n","protected":false},"author":18,"featured_media":0,"parent":23,"menu_order":5555,"comment_status":"closed","ping_status":"closed","template":"","meta":{"_acf_changed":false,"footnotes":""},"class_list":["post-27846","page","type-page","status-publish","hentry"],"acf":[],"yoast_head":"<!-- This site is optimized with the Yoast SEO plugin v27.4 - https:\/\/yoast.com\/product\/yoast-seo-wordpress\/ -->\n<title>NOC W PODWODNYM POKOJU | Deepspot<\/title>\n<meta name=\"description\" content=\"Deepspot \u27a4 NOC W PODWODNYM POKOJU \u2714\ufe0f Najg\u0142\u0119bszy basen nurkowy w Europie (45m+) \u2714\ufe0f Krystalicznie czysta woda, jaskinie, wrak. Scuba diving i freediving przez ca\u0142y rok \u2b50 Sprawd\u017a!\" \/>\n<meta name=\"robots\" content=\"index, follow, max-snippet:-1, max-image-preview:large, max-video-preview:-1\" \/>\n<link rel=\"canonical\" href=\"https:\/\/www.deepspot.com\/pl\/dla-kogo\/noc-w-podwodnym-pokoju\/\" \/>\n<meta property=\"og:locale\" content=\"pl_PL\" \/>\n<meta property=\"og:type\" content=\"article\" \/>\n<meta property=\"og:title\" content=\"NOC W PODWODNYM POKOJU | Deepspot\" \/>\n<meta property=\"og:description\" content=\"Deepspot \u27a4 NOC W PODWODNYM POKOJU \u2714\ufe0f Najg\u0142\u0119bszy basen nurkowy w Europie (45m+) \u2714\ufe0f Krystalicznie czysta woda, jaskinie, wrak. Scuba diving i freediving przez ca\u0142y rok \u2b50 Sprawd\u017a!\" \/>\n<meta property=\"og:url\" content=\"https:\/\/www.deepspot.com\/pl\/dla-kogo\/noc-w-podwodnym-pokoju\/\" \/>\n<meta property=\"og:site_name\" content=\"Deepspot\" \/>\n<meta property=\"article:modified_time\" content=\"2025-12-04T11:29:56+00:00\" \/>\n<meta name=\"twitter:card\" content=\"summary_large_image\" \/>\n<script type=\"application\/ld+json\" class=\"yoast-schema-graph\">{\"@context\":\"https:\\\/\\\/schema.org\",\"@graph\":[{\"@type\":\"WebPage\",\"@id\":\"https:\\\/\\\/www.deepspot.com\\\/pl\\\/dla-kogo\\\/noc-w-podwodnym-pokoju\\\/\",\"url\":\"https:\\\/\\\/www.deepspot.com\\\/pl\\\/dla-kogo\\\/noc-w-podwodnym-pokoju\\\/\",\"name\":\"NOC W PODWODNYM POKOJU | Deepspot\",\"isPartOf\":{\"@id\":\"https:\\\/\\\/www.deepspot.com\\\/pl\\\/#website\"},\"datePublished\":\"2022-12-06T08:36:45+00:00\",\"dateModified\":\"2025-12-04T11:29:56+00:00\",\"description\":\"Deepspot \u27a4 NOC W PODWODNYM POKOJU \u2714\ufe0f Najg\u0142\u0119bszy basen nurkowy w Europie (45m+) \u2714\ufe0f Krystalicznie czysta woda, jaskinie, wrak. Scuba diving i freediving przez ca\u0142y rok \u2b50 Sprawd\u017a!\",\"breadcrumb\":{\"@id\":\"https:\\\/\\\/www.deepspot.com\\\/pl\\\/dla-kogo\\\/noc-w-podwodnym-pokoju\\\/#breadcrumb\"},\"inLanguage\":\"pl-PL\",\"potentialAction\":[{\"@type\":\"ReadAction\",\"target\":[\"https:\\\/\\\/www.deepspot.com\\\/pl\\\/dla-kogo\\\/noc-w-podwodnym-pokoju\\\/\"]}]},{\"@type\":\"BreadcrumbList\",\"@id\":\"https:\\\/\\\/www.deepspot.com\\\/pl\\\/dla-kogo\\\/noc-w-podwodnym-pokoju\\\/#breadcrumb\",\"itemListElement\":[{\"@type\":\"ListItem\",\"position\":1,\"name\":\"Strona g\u0142\u00f3wna\",\"item\":\"https:\\\/\\\/www.deepspot.com\\\/pl\\\/\"},{\"@type\":\"ListItem\",\"position\":2,\"name\":\"Dla kogo\",\"item\":\"https:\\\/\\\/www.deepspot.com\\\/pl\\\/dla-kogo\\\/\"},{\"@type\":\"ListItem\",\"position\":3,\"name\":\"NOC W PODWODNYM POKOJU\"}]},{\"@type\":\"WebSite\",\"@id\":\"https:\\\/\\\/www.deepspot.com\\\/pl\\\/#website\",\"url\":\"https:\\\/\\\/www.deepspot.com\\\/pl\\\/\",\"name\":\"Deepspot\",\"description\":\"Nowy wymiar nurkowania\",\"potentialAction\":[{\"@type\":\"SearchAction\",\"target\":{\"@type\":\"EntryPoint\",\"urlTemplate\":\"https:\\\/\\\/www.deepspot.com\\\/pl\\\/?s={search_term_string}\"},\"query-input\":{\"@type\":\"PropertyValueSpecification\",\"valueRequired\":true,\"valueName\":\"search_term_string\"}}],\"inLanguage\":\"pl-PL\"}]}<\/script>\n<!-- \/ Yoast SEO plugin. -->","yoast_head_json":{"title":"NOC W PODWODNYM POKOJU | Deepspot","description":"Deepspot \u27a4 NOC W PODWODNYM POKOJU \u2714\ufe0f Najg\u0142\u0119bszy basen nurkowy w Europie (45m+) \u2714\ufe0f Krystalicznie czysta woda, jaskinie, wrak. Scuba diving i freediving przez ca\u0142y rok \u2b50 Sprawd\u017a!","robots":{"index":"index","follow":"follow","max-snippet":"max-snippet:-1","max-image-preview":"max-image-preview:large","max-video-preview":"max-video-preview:-1"},"canonical":"https:\/\/www.deepspot.com\/pl\/dla-kogo\/noc-w-podwodnym-pokoju\/","og_locale":"pl_PL","og_type":"article","og_title":"NOC W PODWODNYM POKOJU | Deepspot","og_description":"Deepspot \u27a4 NOC W PODWODNYM POKOJU \u2714\ufe0f Najg\u0142\u0119bszy basen nurkowy w Europie (45m+) \u2714\ufe0f Krystalicznie czysta woda, jaskinie, wrak. Scuba diving i freediving przez ca\u0142y rok \u2b50 Sprawd\u017a!","og_url":"https:\/\/www.deepspot.com\/pl\/dla-kogo\/noc-w-podwodnym-pokoju\/","og_site_name":"Deepspot","article_modified_time":"2025-12-04T11:29:56+00:00","twitter_card":"summary_large_image","schema":{"@context":"https:\/\/schema.org","@graph":[{"@type":"WebPage","@id":"https:\/\/www.deepspot.com\/pl\/dla-kogo\/noc-w-podwodnym-pokoju\/","url":"https:\/\/www.deepspot.com\/pl\/dla-kogo\/noc-w-podwodnym-pokoju\/","name":"NOC W PODWODNYM POKOJU | Deepspot","isPartOf":{"@id":"https:\/\/www.deepspot.com\/pl\/#website"},"datePublished":"2022-12-06T08:36:45+00:00","dateModified":"2025-12-04T11:29:56+00:00","description":"Deepspot \u27a4 NOC W PODWODNYM POKOJU \u2714\ufe0f Najg\u0142\u0119bszy basen nurkowy w Europie (45m+) \u2714\ufe0f Krystalicznie czysta woda, jaskinie, wrak. Scuba diving i freediving przez ca\u0142y rok \u2b50 Sprawd\u017a!","breadcrumb":{"@id":"https:\/\/www.deepspot.com\/pl\/dla-kogo\/noc-w-podwodnym-pokoju\/#breadcrumb"},"inLanguage":"pl-PL","potentialAction":[{"@type":"ReadAction","target":["https:\/\/www.deepspot.com\/pl\/dla-kogo\/noc-w-podwodnym-pokoju\/"]}]},{"@type":"BreadcrumbList","@id":"https:\/\/www.deepspot.com\/pl\/dla-kogo\/noc-w-podwodnym-pokoju\/#breadcrumb","itemListElement":[{"@type":"ListItem","position":1,"name":"Strona g\u0142\u00f3wna","item":"https:\/\/www.deepspot.com\/pl\/"},{"@type":"ListItem","position":2,"name":"Dla kogo","item":"https:\/\/www.deepspot.com\/pl\/dla-kogo\/"},{"@type":"ListItem","position":3,"name":"NOC W PODWODNYM POKOJU"}]},{"@type":"WebSite","@id":"https:\/\/www.deepspot.com\/pl\/#website","url":"https:\/\/www.deepspot.com\/pl\/","name":"Deepspot","description":"Nowy wymiar nurkowania","potentialAction":[{"@type":"SearchAction","target":{"@type":"EntryPoint","urlTemplate":"https:\/\/www.deepspot.com\/pl\/?s={search_term_string}"},"query-input":{"@type":"PropertyValueSpecification","valueRequired":true,"valueName":"search_term_string"}}],"inLanguage":"pl-PL"}]}},"_links":{"self":[{"href":"https:\/\/www.deepspot.com\/pl\/wp-json\/wp\/v2\/pages\/27846","targetHints":{"allow":["GET"]}}],"collection":[{"href":"https:\/\/www.deepspot.com\/pl\/wp-json\/wp\/v2\/pages"}],"about":[{"href":"https:\/\/www.deepspot.com\/pl\/wp-json\/wp\/v2\/types\/page"}],"author":[{"embeddable":true,"href":"https:\/\/www.deepspot.com\/pl\/wp-json\/wp\/v2\/users\/18"}],"replies":[{"embeddable":true,"href":"https:\/\/www.deepspot.com\/pl\/wp-json\/wp\/v2\/comments?post=27846"}],"version-history":[{"count":65,"href":"https:\/\/www.deepspot.com\/pl\/wp-json\/wp\/v2\/pages\/27846\/revisions"}],"predecessor-version":[{"id":58542,"href":"https:\/\/www.deepspot.com\/pl\/wp-json\/wp\/v2\/pages\/27846\/revisions\/58542"}],"up":[{"embeddable":true,"href":"https:\/\/www.deepspot.com\/pl\/wp-json\/wp\/v2\/pages\/23"}],"wp:attachment":[{"href":"https:\/\/www.deepspot.com\/pl\/wp-json\/wp\/v2\/media?parent=27846"}],"curies":[{"name":"wp","href":"https:\/\/api.w.org\/{rel}","templated":true}]}}