{"id":32131,"date":"2023-06-30T15:00:25","date_gmt":"2023-06-30T13:00:25","guid":{"rendered":"https:\/\/www.deepspot.com\/?page_id=32131"},"modified":"2025-10-10T14:13:58","modified_gmt":"2025-10-10T12:13:58","slug":"przygotowanie-do-wyjazdu-nurkowego","status":"publish","type":"page","link":"https:\/\/www.deepspot.com\/pl\/dla-kogo\/scuba-diving\/przygotowanie-do-wyjazdu-nurkowego\/","title":{"rendered":"Warsztat Przygotowanie do wyjazdu nurkowego"},"content":{"rendered":"<div id=\"hero-block_4477f51e91a021e1cc4b4ded6b5e5334\" class=\"hero-block\">\r\n  <div class=\"row outer-container\">\r\n    <div>\r\n      <img decoding=\"async\" lazy src=\"data:image\/gif;base64,R0lGODlhAQABAAD\/ACwAAAAAAQABAAACADs%3D\" data-src=\"https:\/\/eco3ygde435.exactdn.com\/wp-content\/uploads\/sites\/2\/2025\/03\/Obraz30.jpg?strip=all\" alt=\"\">\r\n          <\/div>\r\n    <div>\r\n      <h2>Wyrusz pewnie \u2013 bez stresu i z pe\u0142n\u0105 kontrol\u0105<\/h2><p>Masz zaplanowany nurkowy wyjazd? <br>Zr\u00f3b szybki reset i wskocz do wody z pewno\u015bci\u0105 siebie! Ten warsztat to idealny spos\u00f3b, by od\u015bwie\u017cy\u0107 umiej\u0119tno\u015bci przed nurkowaniem w morzu. Przypomnisz sobie obs\u0142ug\u0119 sprz\u0119tu, podstawy bezpiecze\u0144stwa i wykonasz nurkowanie pod okiem instruktora \u2013 w kontrolowanych warunkach Deepspotu. \r\n<\/p>    <\/div>\r\n  <\/div>\r\n<\/div><!-- block -->\r\n\n\n<div id=\"product-details-block_f8178c986cd7d33ea996de6e9d04920c\" class=\"product-details-block\">\r\n  <div class=\"row container\">\r\n    <div>\r\n      <h2 class=\"title\">Opis atrakcji<\/h2>      <p class=\"desc\">Chcesz si\u0119 cieszy\u0107 udanymi nurkowaniami na wyje\u017adzie bez utraty czasu na przypomnienie i \u201erozgrzewk\u0119\u201d swoich umiej\u0119tno\u015bci nurkowych? <br>Ten warsztat pomo\u017ce Ci uporz\u0105dkowa\u0107 wiedz\u0119, sprawdzi\u0107 sprz\u0119t i przygotowa\u0107 si\u0119 do nurkowej przygody \u2013 bez stresu i niespodzianek. <br><br>\r\n\r\nZanurz si\u0119 szczeg\u00f3lnie je\u015bli:<br>\r\n\ud83e\udee7 Masz certyfikat (min. OWD\/Indoor), ale nie nurkowa\u0142e\u015b ju\u017c od jakiego\u015b czasu <br>\r\n\ud83e\udee7 Planujesz wyjazd i zale\u017cy Ci na od\u015bwie\u017ceniu umiej\u0119tno\u015bci przed nurkowaniem w wodach otwartych<br>\r\n\ud83e\udee7 Cenisz spokojne tempo pracy i pe\u0142ne skupienie na Twoich potrzebach<br><br>\r\n\r\nCo oferujemy?<br>\r\n\ud83e\udee7 Zaj\u0119cia \u0142\u0105cz\u0105ce teori\u0119 i nurkowanie wraz z \u0107wiczeniami. Przegl\u0105d kluczowych zasad nurkowania rekreacyjnego<br>\r\n\ud83e\udee7 Om\u00f3wienie sprz\u0119tu i przygotowania go do podr\u00f3\u017cy<br>\r\n\ud83e\udee7 Najcz\u0119stsze b\u0142\u0119dy pope\u0142niane przed wyjazdem \u2013 jak ich unikn\u0105\u0107<br>\r\n\ud83e\udee7 Wszystko, czego potrzebujesz jest w cenie. Kompletny zestaw sprz\u0119t zapewniamy my<br>\r\n\ud83e\udee7 Mo\u017cliwo\u015b\u0107 wypo\u017cyczenia komputera nurkowego Garmin \u2013 45 z\u0142\/nurkowanie. Je\u015bli masz sw\u00f3j komputer, mo\u017cesz z nim nurkowa\u0107 lub wymieni\u0107 go na czas nurkowania w celu przetestowania komputera Garmin za darmo. To obowi\u0105zkowy sprz\u0119t ka\u017cdego nurka<br>\r\n\ud83e\udee7 Kameralne grupy lub zaj\u0119cia indywidualne. Tempo zawsze dopasujemy do Ciebie<br><br>\r\n\r\nWarsztaty prowadzone s\u0105 w ma\u0142ych grupach \u2013 maksymalnie 4 osoby na jednego instruktora \u2013 co daje Ci pewno\u015b\u0107, \u017ce ka\u017cdy oddech b\u0119dzie spokojny, a ka\u017cde pytanie znajdzie odpowied\u017a.<br><br>\r\n\r\nWarto, poniewa\u017c:<br>\r\n\ud83e\udee7 Trenujesz w najg\u0142\u0119bszym basenie w Europie \u2013 a\u017c 45 metr\u00f3w g\u0142\u0119boko\u015bci<br>\r\n\ud83e\udee7 Nurkowanie odbywa si\u0119 w egzotycznych warunkach \u2013 przejrzysta woda o temperaturze 32\u00b0C<br>\r\n\ud83e\udee7 Korzystasz z nowoczesnego, regularnie serwisowanego sprz\u0119tu<br>\r\n\ud83e\udee7 Masz wsparcie do\u015bwiadczonej, mi\u0119dzynarodowej kadry instruktor\u00f3w<br>\r\n\ud83e\udee7 To idealne miejsce do budowania pewno\u015bci siebie i dobrej techniki<br><br><br>\r\n\r\n\r\nCo warto wiedzie\u0107?<\/p>      <ul>            <li>\r\n              <p>czas trwania<\/p>\r\n              <strong>1 godzina 45 minut zaj\u0119\u0107<\/strong>\r\n            <\/li>\r\n                      <li>\r\n              <p>minimalny wiek<\/p>\r\n              <strong>12 lat<\/strong>\r\n            <\/li>\r\n                      <li>\r\n              <p>Zanurkujesz maksymalnie do g\u0142\u0119boko\u015bci<\/p>\r\n              <strong>18m<\/strong>\r\n            <\/li>\r\n                      <li>\r\n              <p>W prezencie<\/p>\r\n              <strong>Kr\u00f3tkie pami\u0105tkowe video z podwodnej fotobudki<\/strong>\r\n            <\/li>\r\n                      <li>\r\n              <p>Zapewniamy<\/p>\r\n              <strong>Ca\u0142y niezb\u0119dny sprz\u0119t nurkowy<\/strong>\r\n            <\/li>\r\n                      <li>\r\n              <p>Nie zapomnij<\/p>\r\n              <strong>Dobrze si\u0119 bawi\u0107, a ca\u0142\u0105 energi\u0105 zarazimy Ci\u0119 my<\/strong>\r\n            <\/li>\r\n                      <li>\r\n              <p>Cena<\/p>\r\n              <strong>od 269 PLN do 279 PLN<\/strong>\r\n            <\/li>\r\n          <\/ul>      <div class=\"button-list-wrap\"><div class=\"button-list button-type-both\"><div><a class=\"alternate_ybb\" href=\"https:\/\/cs.deepspot.com\/offer?steps=deepspot_diving-courses_wait-for-diving-course-list_42\" target=\"_self\"><strong>Zarezerwuj<\/strong><\/a><\/div><\/div><\/div>    <\/div>\r\n  <\/div>\r\n<\/div><!-- block -->\r\n","protected":false},"excerpt":{"rendered":"","protected":false},"author":19,"featured_media":49949,"parent":721,"menu_order":5,"comment_status":"closed","ping_status":"closed","template":"","meta":{"_acf_changed":false,"footnotes":""},"class_list":["post-32131","page","type-page","status-publish","has-post-thumbnail","hentry"],"acf":[],"yoast_head":"<!-- This site is optimized with the Yoast SEO plugin v27.4 - https:\/\/yoast.com\/product\/yoast-seo-wordpress\/ -->\n<title>Warsztat Przygotowanie do wyjazdu nurkowego | Deepspot<\/title>\n<meta name=\"description\" content=\"Deepspot \u27a4 Warsztat Przygotowanie do wyjazdu nurkowego \u2714\ufe0f Najg\u0142\u0119bszy basen nurkowy w Europie (45m+) \u2714\ufe0f Krystalicznie czysta woda, jaskinie, wrak. Scuba diving i freediving przez ca\u0142y rok \u2b50 Sprawd\u017a!\" \/>\n<meta name=\"robots\" content=\"index, follow, max-snippet:-1, max-image-preview:large, max-video-preview:-1\" \/>\n<link rel=\"canonical\" href=\"https:\/\/www.deepspot.com\/pl\/dla-kogo\/scuba-diving\/przygotowanie-do-wyjazdu-nurkowego\/\" \/>\n<meta property=\"og:locale\" content=\"pl_PL\" \/>\n<meta property=\"og:type\" content=\"article\" \/>\n<meta property=\"og:title\" content=\"Warsztat Przygotowanie do wyjazdu nurkowego | Deepspot\" \/>\n<meta property=\"og:description\" content=\"Deepspot \u27a4 Warsztat Przygotowanie do wyjazdu nurkowego \u2714\ufe0f Najg\u0142\u0119bszy basen nurkowy w Europie (45m+) \u2714\ufe0f Krystalicznie czysta woda, jaskinie, wrak. Scuba diving i freediving przez ca\u0142y rok \u2b50 Sprawd\u017a!\" \/>\n<meta property=\"og:url\" content=\"https:\/\/www.deepspot.com\/pl\/dla-kogo\/scuba-diving\/przygotowanie-do-wyjazdu-nurkowego\/\" \/>\n<meta property=\"og:site_name\" content=\"Deepspot\" \/>\n<meta property=\"article:modified_time\" content=\"2025-10-10T12:13:58+00:00\" \/>\n<meta property=\"og:image\" content=\"https:\/\/eco3ygde435.exactdn.com\/wp-content\/uploads\/sites\/2\/2025\/04\/Obraz10-2.jpg?strip=all\" \/>\n\t<meta property=\"og:image:width\" content=\"670\" \/>\n\t<meta property=\"og:image:height\" content=\"670\" \/>\n\t<meta property=\"og:image:type\" content=\"image\/jpeg\" \/>\n<meta name=\"twitter:card\" content=\"summary_large_image\" \/>\n<script type=\"application\/ld+json\" class=\"yoast-schema-graph\">{\"@context\":\"https:\\\/\\\/schema.org\",\"@graph\":[{\"@type\":\"WebPage\",\"@id\":\"https:\\\/\\\/www.deepspot.com\\\/pl\\\/dla-kogo\\\/scuba-diving\\\/przygotowanie-do-wyjazdu-nurkowego\\\/\",\"url\":\"https:\\\/\\\/www.deepspot.com\\\/pl\\\/dla-kogo\\\/scuba-diving\\\/przygotowanie-do-wyjazdu-nurkowego\\\/\",\"name\":\"Warsztat Przygotowanie do wyjazdu nurkowego | Deepspot\",\"isPartOf\":{\"@id\":\"https:\\\/\\\/www.deepspot.com\\\/pl\\\/#website\"},\"primaryImageOfPage\":{\"@id\":\"https:\\\/\\\/www.deepspot.com\\\/pl\\\/dla-kogo\\\/scuba-diving\\\/przygotowanie-do-wyjazdu-nurkowego\\\/#primaryimage\"},\"image\":{\"@id\":\"https:\\\/\\\/www.deepspot.com\\\/pl\\\/dla-kogo\\\/scuba-diving\\\/przygotowanie-do-wyjazdu-nurkowego\\\/#primaryimage\"},\"thumbnailUrl\":\"https:\\\/\\\/eco3ygde435.exactdn.com\\\/wp-content\\\/uploads\\\/sites\\\/2\\\/2025\\\/04\\\/Obraz10-2.jpg?strip=all\",\"datePublished\":\"2023-06-30T13:00:25+00:00\",\"dateModified\":\"2025-10-10T12:13:58+00:00\",\"description\":\"Deepspot \u27a4 Warsztat Przygotowanie do wyjazdu nurkowego \u2714\ufe0f Najg\u0142\u0119bszy basen nurkowy w Europie (45m+) \u2714\ufe0f Krystalicznie czysta woda, jaskinie, wrak. Scuba diving i freediving przez ca\u0142y rok \u2b50 Sprawd\u017a!\",\"breadcrumb\":{\"@id\":\"https:\\\/\\\/www.deepspot.com\\\/pl\\\/dla-kogo\\\/scuba-diving\\\/przygotowanie-do-wyjazdu-nurkowego\\\/#breadcrumb\"},\"inLanguage\":\"pl-PL\",\"potentialAction\":[{\"@type\":\"ReadAction\",\"target\":[\"https:\\\/\\\/www.deepspot.com\\\/pl\\\/dla-kogo\\\/scuba-diving\\\/przygotowanie-do-wyjazdu-nurkowego\\\/\"]}]},{\"@type\":\"ImageObject\",\"inLanguage\":\"pl-PL\",\"@id\":\"https:\\\/\\\/www.deepspot.com\\\/pl\\\/dla-kogo\\\/scuba-diving\\\/przygotowanie-do-wyjazdu-nurkowego\\\/#primaryimage\",\"url\":\"https:\\\/\\\/eco3ygde435.exactdn.com\\\/wp-content\\\/uploads\\\/sites\\\/2\\\/2025\\\/04\\\/Obraz10-2.jpg?strip=all\",\"contentUrl\":\"https:\\\/\\\/eco3ygde435.exactdn.com\\\/wp-content\\\/uploads\\\/sites\\\/2\\\/2025\\\/04\\\/Obraz10-2.jpg?strip=all\",\"width\":670,\"height\":670},{\"@type\":\"BreadcrumbList\",\"@id\":\"https:\\\/\\\/www.deepspot.com\\\/pl\\\/dla-kogo\\\/scuba-diving\\\/przygotowanie-do-wyjazdu-nurkowego\\\/#breadcrumb\",\"itemListElement\":[{\"@type\":\"ListItem\",\"position\":1,\"name\":\"Strona g\u0142\u00f3wna\",\"item\":\"https:\\\/\\\/www.deepspot.com\\\/pl\\\/\"},{\"@type\":\"ListItem\",\"position\":2,\"name\":\"Dla kogo\",\"item\":\"https:\\\/\\\/www.deepspot.com\\\/pl\\\/dla-kogo\\\/\"},{\"@type\":\"ListItem\",\"position\":3,\"name\":\"Scuba diving\",\"item\":\"https:\\\/\\\/www.deepspot.com\\\/pl\\\/dla-kogo\\\/scuba-diving\\\/\"},{\"@type\":\"ListItem\",\"position\":4,\"name\":\"Warsztat Przygotowanie do wyjazdu nurkowego\"}]},{\"@type\":\"WebSite\",\"@id\":\"https:\\\/\\\/www.deepspot.com\\\/pl\\\/#website\",\"url\":\"https:\\\/\\\/www.deepspot.com\\\/pl\\\/\",\"name\":\"Deepspot\",\"description\":\"Nowy wymiar nurkowania\",\"potentialAction\":[{\"@type\":\"SearchAction\",\"target\":{\"@type\":\"EntryPoint\",\"urlTemplate\":\"https:\\\/\\\/www.deepspot.com\\\/pl\\\/?s={search_term_string}\"},\"query-input\":{\"@type\":\"PropertyValueSpecification\",\"valueRequired\":true,\"valueName\":\"search_term_string\"}}],\"inLanguage\":\"pl-PL\"}]}<\/script>\n<!-- \/ Yoast SEO plugin. -->","yoast_head_json":{"title":"Warsztat Przygotowanie do wyjazdu nurkowego | Deepspot","description":"Deepspot \u27a4 Warsztat Przygotowanie do wyjazdu nurkowego \u2714\ufe0f Najg\u0142\u0119bszy basen nurkowy w Europie (45m+) \u2714\ufe0f Krystalicznie czysta woda, jaskinie, wrak. Scuba diving i freediving przez ca\u0142y rok \u2b50 Sprawd\u017a!","robots":{"index":"index","follow":"follow","max-snippet":"max-snippet:-1","max-image-preview":"max-image-preview:large","max-video-preview":"max-video-preview:-1"},"canonical":"https:\/\/www.deepspot.com\/pl\/dla-kogo\/scuba-diving\/przygotowanie-do-wyjazdu-nurkowego\/","og_locale":"pl_PL","og_type":"article","og_title":"Warsztat Przygotowanie do wyjazdu nurkowego | Deepspot","og_description":"Deepspot \u27a4 Warsztat Przygotowanie do wyjazdu nurkowego \u2714\ufe0f Najg\u0142\u0119bszy basen nurkowy w Europie (45m+) \u2714\ufe0f Krystalicznie czysta woda, jaskinie, wrak. Scuba diving i freediving przez ca\u0142y rok \u2b50 Sprawd\u017a!","og_url":"https:\/\/www.deepspot.com\/pl\/dla-kogo\/scuba-diving\/przygotowanie-do-wyjazdu-nurkowego\/","og_site_name":"Deepspot","article_modified_time":"2025-10-10T12:13:58+00:00","og_image":[{"width":670,"height":670,"url":"https:\/\/eco3ygde435.exactdn.com\/wp-content\/uploads\/sites\/2\/2025\/04\/Obraz10-2.jpg?strip=all","type":"image\/jpeg"}],"twitter_card":"summary_large_image","schema":{"@context":"https:\/\/schema.org","@graph":[{"@type":"WebPage","@id":"https:\/\/www.deepspot.com\/pl\/dla-kogo\/scuba-diving\/przygotowanie-do-wyjazdu-nurkowego\/","url":"https:\/\/www.deepspot.com\/pl\/dla-kogo\/scuba-diving\/przygotowanie-do-wyjazdu-nurkowego\/","name":"Warsztat Przygotowanie do wyjazdu nurkowego | Deepspot","isPartOf":{"@id":"https:\/\/www.deepspot.com\/pl\/#website"},"primaryImageOfPage":{"@id":"https:\/\/www.deepspot.com\/pl\/dla-kogo\/scuba-diving\/przygotowanie-do-wyjazdu-nurkowego\/#primaryimage"},"image":{"@id":"https:\/\/www.deepspot.com\/pl\/dla-kogo\/scuba-diving\/przygotowanie-do-wyjazdu-nurkowego\/#primaryimage"},"thumbnailUrl":"https:\/\/eco3ygde435.exactdn.com\/wp-content\/uploads\/sites\/2\/2025\/04\/Obraz10-2.jpg?strip=all","datePublished":"2023-06-30T13:00:25+00:00","dateModified":"2025-10-10T12:13:58+00:00","description":"Deepspot \u27a4 Warsztat Przygotowanie do wyjazdu nurkowego \u2714\ufe0f Najg\u0142\u0119bszy basen nurkowy w Europie (45m+) \u2714\ufe0f Krystalicznie czysta woda, jaskinie, wrak. Scuba diving i freediving przez ca\u0142y rok \u2b50 Sprawd\u017a!","breadcrumb":{"@id":"https:\/\/www.deepspot.com\/pl\/dla-kogo\/scuba-diving\/przygotowanie-do-wyjazdu-nurkowego\/#breadcrumb"},"inLanguage":"pl-PL","potentialAction":[{"@type":"ReadAction","target":["https:\/\/www.deepspot.com\/pl\/dla-kogo\/scuba-diving\/przygotowanie-do-wyjazdu-nurkowego\/"]}]},{"@type":"ImageObject","inLanguage":"pl-PL","@id":"https:\/\/www.deepspot.com\/pl\/dla-kogo\/scuba-diving\/przygotowanie-do-wyjazdu-nurkowego\/#primaryimage","url":"https:\/\/eco3ygde435.exactdn.com\/wp-content\/uploads\/sites\/2\/2025\/04\/Obraz10-2.jpg?strip=all","contentUrl":"https:\/\/eco3ygde435.exactdn.com\/wp-content\/uploads\/sites\/2\/2025\/04\/Obraz10-2.jpg?strip=all","width":670,"height":670},{"@type":"BreadcrumbList","@id":"https:\/\/www.deepspot.com\/pl\/dla-kogo\/scuba-diving\/przygotowanie-do-wyjazdu-nurkowego\/#breadcrumb","itemListElement":[{"@type":"ListItem","position":1,"name":"Strona g\u0142\u00f3wna","item":"https:\/\/www.deepspot.com\/pl\/"},{"@type":"ListItem","position":2,"name":"Dla kogo","item":"https:\/\/www.deepspot.com\/pl\/dla-kogo\/"},{"@type":"ListItem","position":3,"name":"Scuba diving","item":"https:\/\/www.deepspot.com\/pl\/dla-kogo\/scuba-diving\/"},{"@type":"ListItem","position":4,"name":"Warsztat Przygotowanie do wyjazdu nurkowego"}]},{"@type":"WebSite","@id":"https:\/\/www.deepspot.com\/pl\/#website","url":"https:\/\/www.deepspot.com\/pl\/","name":"Deepspot","description":"Nowy wymiar nurkowania","potentialAction":[{"@type":"SearchAction","target":{"@type":"EntryPoint","urlTemplate":"https:\/\/www.deepspot.com\/pl\/?s={search_term_string}"},"query-input":{"@type":"PropertyValueSpecification","valueRequired":true,"valueName":"search_term_string"}}],"inLanguage":"pl-PL"}]}},"_links":{"self":[{"href":"https:\/\/www.deepspot.com\/pl\/wp-json\/wp\/v2\/pages\/32131","targetHints":{"allow":["GET"]}}],"collection":[{"href":"https:\/\/www.deepspot.com\/pl\/wp-json\/wp\/v2\/pages"}],"about":[{"href":"https:\/\/www.deepspot.com\/pl\/wp-json\/wp\/v2\/types\/page"}],"author":[{"embeddable":true,"href":"https:\/\/www.deepspot.com\/pl\/wp-json\/wp\/v2\/users\/19"}],"replies":[{"embeddable":true,"href":"https:\/\/www.deepspot.com\/pl\/wp-json\/wp\/v2\/comments?post=32131"}],"version-history":[{"count":68,"href":"https:\/\/www.deepspot.com\/pl\/wp-json\/wp\/v2\/pages\/32131\/revisions"}],"predecessor-version":[{"id":57188,"href":"https:\/\/www.deepspot.com\/pl\/wp-json\/wp\/v2\/pages\/32131\/revisions\/57188"}],"up":[{"embeddable":true,"href":"https:\/\/www.deepspot.com\/pl\/wp-json\/wp\/v2\/pages\/721"}],"wp:featuredmedia":[{"embeddable":true,"href":"https:\/\/www.deepspot.com\/pl\/wp-json\/wp\/v2\/media\/49949"}],"wp:attachment":[{"href":"https:\/\/www.deepspot.com\/pl\/wp-json\/wp\/v2\/media?parent=32131"}],"curies":[{"name":"wp","href":"https:\/\/api.w.org\/{rel}","templated":true}]}}