{"id":32356,"date":"2023-07-03T10:00:36","date_gmt":"2023-07-03T08:00:36","guid":{"rendered":"https:\/\/www.deepspot.com\/?page_id=32356"},"modified":"2024-02-07T15:30:26","modified_gmt":"2024-02-07T14:30:26","slug":"deepspot-expo-form","status":"publish","type":"page","link":"https:\/\/www.deepspot.com\/pl\/fbe\/deepspot-expo-form\/","title":{"rendered":"DEEPSPOT EXPO &#8211; rejestracja"},"content":{"rendered":"<div class=\"wpforms-container wpforms-container-save-resume wpforms-block wpforms-block-7d56fd9e-8a42-4810-8a64-3b7e0d100a5a\" id=\"wpforms-32353\"><form id=\"wpforms-form-32353\" class=\"wpforms-validate wpforms-form wpforms-ajax-form\" data-formid=\"32353\" method=\"post\" enctype=\"multipart\/form-data\" action=\"\/pl\/wp-json\/wp\/v2\/pages\/32356\" data-token=\"a1b35dd72a44a5a0a6cfdcc36eb68af4\" data-token-time=\"1776210217\"><noscript class=\"wpforms-error-noscript\">Aby wype\u0142ni\u0107 ten formularz, w\u0142\u0105cz obs\u0142ug\u0119 JavaScript w przegl\u0105darce.<\/noscript><div class=\"wpforms-field-container\"><div id=\"wpforms-32353-field_1-container\" class=\"wpforms-field wpforms-field-text\" data-field-id=\"1\"><label class=\"wpforms-field-label\" for=\"wpforms-32353-field_1\">Imi\u0119 i nazwisko <span class=\"wpforms-required-label\">*<\/span><\/label><input type=\"text\" id=\"wpforms-32353-field_1\" class=\"wpforms-field-medium wpforms-field-required\" name=\"wpforms[fields][1]\" required><\/div><div id=\"wpforms-32353-field_2-container\" class=\"wpforms-field wpforms-field-email\" data-field-id=\"2\"><label class=\"wpforms-field-label\" for=\"wpforms-32353-field_2\">E-mail <span class=\"wpforms-required-label\">*<\/span><\/label><input type=\"email\" id=\"wpforms-32353-field_2\" class=\"wpforms-field-medium wpforms-field-required\" name=\"wpforms[fields][2]\" spellcheck=\"false\" required><\/div><div id=\"wpforms-32353-field_6-container\" class=\"wpforms-field wpforms-field-select wpforms-field-select-style-classic\" data-field-id=\"6\"><label class=\"wpforms-field-label\" for=\"wpforms-32353-field_6\">Poziom certyfikacji <span class=\"wpforms-required-label\">*<\/span><\/label><select id=\"wpforms-32353-field_6\" class=\"wpforms-field-medium wpforms-field-required\" name=\"wpforms[fields][6]\" required=\"required\"><option value=\"jeszcze nie nurkowa\u0142em\"  class=\"choice-1 depth-1\"  >jeszcze nie nurkowa\u0142em<\/option><option value=\"jestem po pierwszym nurkowaniu\"  class=\"choice-2 depth-1\"  >jestem po pierwszym nurkowaniu<\/option><option value=\"jestem certyfikowanym SCUBA diverem\"  class=\"choice-3 depth-1\"  >jestem certyfikowanym SCUBA diverem<\/option><option value=\"jestem certyfikowanym freediverem\"  class=\"choice-4 depth-1\"  >jestem certyfikowanym freediverem<\/option><\/select><\/div><div id=\"wpforms-32353-field_7-container\" class=\"wpforms-field wpforms-field-checkbox\" data-field-id=\"7\"><label class=\"wpforms-field-label wpforms-label-hide\">rodo <span class=\"wpforms-required-label\">*<\/span><\/label><ul id=\"wpforms-32353-field_7\" class=\"wpforms-field-required\"><li class=\"choice-1 depth-1\"><input type=\"checkbox\" id=\"wpforms-32353-field_7_1\" name=\"wpforms[fields][7][]\" value=\"Wyra\u017cam zgod\u0119 na przetwarzanie danych podanych w formularzu zgodnie z &lt;a target=&quot;_blank&quot; href=&quot;https:\/\/www.deepspot.com\/pl\/polityka-prywatnosci\/&quot;&gt;Polityk\u0105 Prywatno\u015bci&lt;\/a&gt;\" required ><label class=\"wpforms-field-label-inline\" for=\"wpforms-32353-field_7_1\">Wyra\u017cam zgod\u0119 na przetwarzanie danych podanych w formularzu zgodnie z <a target=\"_blank\" href=\"https:\/\/www.deepspot.com\/pl\/polityka-prywatnosci\/\">Polityk\u0105 Prywatno\u015bci<\/a><\/label><\/li><\/ul><\/div><\/div><!-- .wpforms-field-container --><div class=\"wpforms-submit-container\" ><input type=\"hidden\" name=\"wpforms[id]\" value=\"32353\"><input type=\"hidden\" name=\"page_title\" value=\"\"><input type=\"hidden\" name=\"page_url\" value=\"https:\/\/www.deepspot.com\/pl\/wp-json\/wp\/v2\/pages\/32356\"><input type=\"hidden\" name=\"url_referer\" value=\"\"><button type=\"submit\" name=\"wpforms[submit]\" id=\"wpforms-submit-32353\" class=\"wpforms-submit\" data-alt-text=\"Wysy\u0142anie...\" data-submit-text=\"Prze\u015blij\" aria-live=\"assertive\" value=\"wpforms-submit\">Prze\u015blij<\/button><img decoding=\"async\" src=\"https:\/\/eco3ygde435.exactdn.com\/wp-content\/plugins\/wpforms\/assets\/images\/submit-spin.svg\" class=\"wpforms-submit-spinner\" style=\"display: none;\" width=\"26\" height=\"26\" alt=\"Wczytywanie\"><\/div><\/form><\/div>  <!-- .wpforms-container -->","protected":false},"excerpt":{"rendered":"","protected":false},"author":1,"featured_media":0,"parent":39592,"menu_order":100,"comment_status":"closed","ping_status":"closed","template":"","meta":{"_acf_changed":false,"footnotes":""},"class_list":["post-32356","page","type-page","status-publish","hentry"],"acf":[],"yoast_head":"<!-- This site is optimized with the Yoast SEO plugin v27.3 - https:\/\/yoast.com\/product\/yoast-seo-wordpress\/ -->\n<title>DEEPSPOT EXPO - rejestracja | Deepspot<\/title>\n<meta name=\"description\" content=\"Deepspot \u27a4 DEEPSPOT EXPO - rejestracja \u2714\ufe0f Najg\u0142\u0119bszy basen nurkowy w Europie (45m+) \u2714\ufe0f Krystalicznie czysta woda, jaskinie, wrak. Scuba diving i freediving przez ca\u0142y rok \u2b50 Sprawd\u017a!\" \/>\n<meta name=\"robots\" content=\"index, follow, max-snippet:-1, max-image-preview:large, max-video-preview:-1\" \/>\n<link rel=\"canonical\" href=\"https:\/\/www.deepspot.com\/pl\/fbe\/deepspot-expo-form\/\" \/>\n<meta property=\"og:locale\" content=\"pl_PL\" \/>\n<meta property=\"og:type\" content=\"article\" \/>\n<meta property=\"og:title\" content=\"DEEPSPOT EXPO - rejestracja | Deepspot\" \/>\n<meta property=\"og:description\" content=\"Deepspot \u27a4 DEEPSPOT EXPO - rejestracja \u2714\ufe0f Najg\u0142\u0119bszy basen nurkowy w Europie (45m+) \u2714\ufe0f Krystalicznie czysta woda, jaskinie, wrak. Scuba diving i freediving przez ca\u0142y rok \u2b50 Sprawd\u017a!\" \/>\n<meta property=\"og:url\" content=\"https:\/\/www.deepspot.com\/pl\/fbe\/deepspot-expo-form\/\" \/>\n<meta property=\"og:site_name\" content=\"Deepspot\" \/>\n<meta property=\"article:modified_time\" content=\"2024-02-07T14:30:26+00:00\" \/>\n<meta name=\"twitter:card\" content=\"summary_large_image\" \/>\n<script type=\"application\/ld+json\" class=\"yoast-schema-graph\">{\"@context\":\"https:\\\/\\\/schema.org\",\"@graph\":[{\"@type\":\"WebPage\",\"@id\":\"https:\\\/\\\/www.deepspot.com\\\/pl\\\/fbe\\\/deepspot-expo-form\\\/\",\"url\":\"https:\\\/\\\/www.deepspot.com\\\/pl\\\/fbe\\\/deepspot-expo-form\\\/\",\"name\":\"DEEPSPOT EXPO - rejestracja | Deepspot\",\"isPartOf\":{\"@id\":\"https:\\\/\\\/www.deepspot.com\\\/pl\\\/#website\"},\"datePublished\":\"2023-07-03T08:00:36+00:00\",\"dateModified\":\"2024-02-07T14:30:26+00:00\",\"description\":\"Deepspot \u27a4 DEEPSPOT EXPO - rejestracja \u2714\ufe0f Najg\u0142\u0119bszy basen nurkowy w Europie (45m+) \u2714\ufe0f Krystalicznie czysta woda, jaskinie, wrak. Scuba diving i freediving przez ca\u0142y rok \u2b50 Sprawd\u017a!\",\"breadcrumb\":{\"@id\":\"https:\\\/\\\/www.deepspot.com\\\/pl\\\/fbe\\\/deepspot-expo-form\\\/#breadcrumb\"},\"inLanguage\":\"pl-PL\",\"potentialAction\":[{\"@type\":\"ReadAction\",\"target\":[\"https:\\\/\\\/www.deepspot.com\\\/pl\\\/fbe\\\/deepspot-expo-form\\\/\"]}]},{\"@type\":\"BreadcrumbList\",\"@id\":\"https:\\\/\\\/www.deepspot.com\\\/pl\\\/fbe\\\/deepspot-expo-form\\\/#breadcrumb\",\"itemListElement\":[{\"@type\":\"ListItem\",\"position\":1,\"name\":\"Strona g\u0142\u00f3wna\",\"item\":\"https:\\\/\\\/www.deepspot.com\\\/pl\\\/\"},{\"@type\":\"ListItem\",\"position\":2,\"name\":\"Forum Bran\u017cy Eventowej\",\"item\":\"https:\\\/\\\/www.deepspot.com\\\/pl\\\/fbe\\\/\"},{\"@type\":\"ListItem\",\"position\":3,\"name\":\"DEEPSPOT EXPO &#8211; rejestracja\"}]},{\"@type\":\"WebSite\",\"@id\":\"https:\\\/\\\/www.deepspot.com\\\/pl\\\/#website\",\"url\":\"https:\\\/\\\/www.deepspot.com\\\/pl\\\/\",\"name\":\"Deepspot\",\"description\":\"Nowy wymiar nurkowania\",\"potentialAction\":[{\"@type\":\"SearchAction\",\"target\":{\"@type\":\"EntryPoint\",\"urlTemplate\":\"https:\\\/\\\/www.deepspot.com\\\/pl\\\/?s={search_term_string}\"},\"query-input\":{\"@type\":\"PropertyValueSpecification\",\"valueRequired\":true,\"valueName\":\"search_term_string\"}}],\"inLanguage\":\"pl-PL\"}]}<\/script>\n<!-- \/ Yoast SEO plugin. -->","yoast_head_json":{"title":"DEEPSPOT EXPO - rejestracja | Deepspot","description":"Deepspot \u27a4 DEEPSPOT EXPO - rejestracja \u2714\ufe0f Najg\u0142\u0119bszy basen nurkowy w Europie (45m+) \u2714\ufe0f Krystalicznie czysta woda, jaskinie, wrak. Scuba diving i freediving przez ca\u0142y rok \u2b50 Sprawd\u017a!","robots":{"index":"index","follow":"follow","max-snippet":"max-snippet:-1","max-image-preview":"max-image-preview:large","max-video-preview":"max-video-preview:-1"},"canonical":"https:\/\/www.deepspot.com\/pl\/fbe\/deepspot-expo-form\/","og_locale":"pl_PL","og_type":"article","og_title":"DEEPSPOT EXPO - rejestracja | Deepspot","og_description":"Deepspot \u27a4 DEEPSPOT EXPO - rejestracja \u2714\ufe0f Najg\u0142\u0119bszy basen nurkowy w Europie (45m+) \u2714\ufe0f Krystalicznie czysta woda, jaskinie, wrak. Scuba diving i freediving przez ca\u0142y rok \u2b50 Sprawd\u017a!","og_url":"https:\/\/www.deepspot.com\/pl\/fbe\/deepspot-expo-form\/","og_site_name":"Deepspot","article_modified_time":"2024-02-07T14:30:26+00:00","twitter_card":"summary_large_image","schema":{"@context":"https:\/\/schema.org","@graph":[{"@type":"WebPage","@id":"https:\/\/www.deepspot.com\/pl\/fbe\/deepspot-expo-form\/","url":"https:\/\/www.deepspot.com\/pl\/fbe\/deepspot-expo-form\/","name":"DEEPSPOT EXPO - rejestracja | Deepspot","isPartOf":{"@id":"https:\/\/www.deepspot.com\/pl\/#website"},"datePublished":"2023-07-03T08:00:36+00:00","dateModified":"2024-02-07T14:30:26+00:00","description":"Deepspot \u27a4 DEEPSPOT EXPO - rejestracja \u2714\ufe0f Najg\u0142\u0119bszy basen nurkowy w Europie (45m+) \u2714\ufe0f Krystalicznie czysta woda, jaskinie, wrak. Scuba diving i freediving przez ca\u0142y rok \u2b50 Sprawd\u017a!","breadcrumb":{"@id":"https:\/\/www.deepspot.com\/pl\/fbe\/deepspot-expo-form\/#breadcrumb"},"inLanguage":"pl-PL","potentialAction":[{"@type":"ReadAction","target":["https:\/\/www.deepspot.com\/pl\/fbe\/deepspot-expo-form\/"]}]},{"@type":"BreadcrumbList","@id":"https:\/\/www.deepspot.com\/pl\/fbe\/deepspot-expo-form\/#breadcrumb","itemListElement":[{"@type":"ListItem","position":1,"name":"Strona g\u0142\u00f3wna","item":"https:\/\/www.deepspot.com\/pl\/"},{"@type":"ListItem","position":2,"name":"Forum Bran\u017cy Eventowej","item":"https:\/\/www.deepspot.com\/pl\/fbe\/"},{"@type":"ListItem","position":3,"name":"DEEPSPOT EXPO &#8211; rejestracja"}]},{"@type":"WebSite","@id":"https:\/\/www.deepspot.com\/pl\/#website","url":"https:\/\/www.deepspot.com\/pl\/","name":"Deepspot","description":"Nowy wymiar nurkowania","potentialAction":[{"@type":"SearchAction","target":{"@type":"EntryPoint","urlTemplate":"https:\/\/www.deepspot.com\/pl\/?s={search_term_string}"},"query-input":{"@type":"PropertyValueSpecification","valueRequired":true,"valueName":"search_term_string"}}],"inLanguage":"pl-PL"}]}},"_links":{"self":[{"href":"https:\/\/www.deepspot.com\/pl\/wp-json\/wp\/v2\/pages\/32356","targetHints":{"allow":["GET"]}}],"collection":[{"href":"https:\/\/www.deepspot.com\/pl\/wp-json\/wp\/v2\/pages"}],"about":[{"href":"https:\/\/www.deepspot.com\/pl\/wp-json\/wp\/v2\/types\/page"}],"author":[{"embeddable":true,"href":"https:\/\/www.deepspot.com\/pl\/wp-json\/wp\/v2\/users\/1"}],"replies":[{"embeddable":true,"href":"https:\/\/www.deepspot.com\/pl\/wp-json\/wp\/v2\/comments?post=32356"}],"version-history":[{"count":7,"href":"https:\/\/www.deepspot.com\/pl\/wp-json\/wp\/v2\/pages\/32356\/revisions"}],"predecessor-version":[{"id":46094,"href":"https:\/\/www.deepspot.com\/pl\/wp-json\/wp\/v2\/pages\/32356\/revisions\/46094"}],"up":[{"embeddable":true,"href":"https:\/\/www.deepspot.com\/pl\/wp-json\/wp\/v2\/pages\/39592"}],"wp:attachment":[{"href":"https:\/\/www.deepspot.com\/pl\/wp-json\/wp\/v2\/media?parent=32356"}],"curies":[{"name":"wp","href":"https:\/\/api.w.org\/{rel}","templated":true}]}}