{"id":40737,"date":"2024-01-25T11:57:31","date_gmt":"2024-01-25T10:57:31","guid":{"rendered":"https:\/\/www.deepspot.com\/?page_id=40737"},"modified":"2026-04-22T09:21:53","modified_gmt":"2026-04-22T07:21:53","slug":"snorkeling","status":"publish","type":"page","link":"https:\/\/www.deepspot.com\/pl\/dla-kogo\/scuba-diving\/snorkeling\/","title":{"rendered":"Snorkeling"},"content":{"rendered":"<div id=\"hero-block_bfe3bdb3563be9a14645ddc5aa8c38fd\" class=\"hero-block\">\r\n  <div class=\"row outer-container\">\r\n    <div>\r\n      <img decoding=\"async\" lazy src=\"data:image\/gif;base64,R0lGODlhAQABAAD\/ACwAAAAAAQABAAACADs%3D\" data-src=\"https:\/\/eco3ygde435.exactdn.com\/wp-content\/uploads\/sites\/2\/2025\/06\/FFFFFFFFFE-1.jpg?strip=all\" alt=\"\">\r\n          <\/div>\r\n    <div>\r\n      <h2>Odkryj Magi\u0119 Podwodnego \u015awiata<\/h2><p>Czy zastanawiasz si\u0119, jak to jest p\u0142ywa\u0107 w najg\u0142\u0119bszym basenie  nurkowym w Europie? A mo\u017ce jeste\u015b jednym z tych, kt\u00f3rzy zawsze marzyli o zanurzeniu si\u0119 w magiczny \u015bwiat podwodny, ale nie byli pewni, czy s\u0105 gotowi na pe\u0142ne nurkowanie? <br>Zapraszamy Ci\u0119 do odkrycia tajemnic wodnej przygody poprzez snorkeling w Deepspot!<\/p>    <\/div>\r\n  <\/div>\r\n<\/div><!-- block -->\r\n\n\n<div id=\"product-details-block_c8507ff95fefc4d41881cd6868be2499\" class=\"product-details-block\">\r\n  <div class=\"row container\">\r\n    <div>\r\n      <h2 class=\"title\">Opis atrakcji<\/h2>      <p class=\"desc\">Czym jest Snorkeling? <br>\r\nSnorkeling to forma nurkowania, kt\u00f3ra pozwala Ci obserwowa\u0107 podwodny \u015bwiat, pozostaj\u0105c na powierzchni wody. Zaopatrzony w mask\u0119 i rurk\u0119 do oddychania, mo\u017cesz swobodnie p\u0142ywa\u0107, podziwiaj\u0105c kolorowe ryby, rafy koralowe i inne fascynuj\u0105ce zjawiska podwodne.<br>\r\nChocia\u017c u nas nie ma ocenu, wn\u0119trze Deepspotu jest jednocze\u015bnie imponuj\u0105ce i pi\u0119kne, zw\u0142aszcza widziane z g\u00f3ry. To wyj\u0105tkowy obiekt na skal\u0119 Polski i Europy kt\u00f3ry warto odwiedzi\u0107 przynajmniej raz w \u017cyciu!\r\n<br><br>\r\n\r\nAtrakcja jest odpowiednia dla ka\u017cdego: <br>\r\n\ud83e\udee7 Rodziny: Zapewnimy Wam niezapomniany czas sp\u0119dzony razem w aktywny i bezpieczny spos\u00f3b<br>\r\n\ud83e\udee7 Dzieci: Wprowad\u017a swoje najm\u0142odsze pociechy w fascynuj\u0105cy \u015bwiat podwodny pod czujnym okiem naszych instruktor\u00f3w<br>\r\n<br>\r\n\r\nCo oferujemy?<br>\r\n\ud83e\udee7 Zak\u0142adanie i Dopasowanie Sprz\u0119tu: Nasi do\u015bwiadczeni instruktorzy pomog\u0105 Ci dostosowa\u0107 sprz\u0119t do Twoich potrzeb.<br>\r\n\ud83e\udee7 Zabezpieczenie Maski przed Parowaniem: Nauczysz si\u0119 skutecznych technik utrzymania klarowno\u015bci pod wod\u0105<br>\r\n\ud83e\udee7 Ruszanie Nogami do Kraula w P\u0142etwach: \u0106wiczenia siedz\u0105c na kraw\u0119dzi basenu, przygotowuj\u0105ce do wej\u015bcia do wody<br>\r\n\ud83e\udee7 Wej\u015bcie do Wody: Krok po kroku, z zachowaniem najwy\u017cszych standard\u00f3w bezpiecze\u0144stwa<br>\r\n\ud83e\udee7 Oddychanie przez Rurk\u0119: Ucz si\u0119 komfortowego oddychania przez rurk\u0119, trzymaj\u0105c si\u0119 kraw\u0119dzi i zdobywaj\u0105c pewno\u015b\u0107 siebie w wodzie<br>\r\n\ud83e\udee7 P\u0142ywanie Po Powierzchni: \u0106wicz p\u0142ywanie po powierzchni w pe\u0142nym bezpiecze\u0144stwie, z instruktorem zawsze blisko<br>\r\n\ud83e\udee7 Zabawy Podwodne: Nasi instruktorzy przygotowali r\u00f3wnie\u017c atrakcje podwodne, aby uczyni\u0107 Twoje do\u015bwiadczenie jeszcze bardziej ciekawym! <br>\r\n\ud83e\udee7 Wszystko, czego potrzebujesz jest w cenie. Ca\u0142y niezb\u0119dny sprz\u0119t zapewniamy my<br>\r\n\ud83e\udee7 Kameralne grupy. Tempo zawsze dopasujemy do Ciebie<br><br>\r\n\r\nZaj\u0119cia prowadzone s\u0105 w ma\u0142ych grupach, co daje Ci pewno\u015b\u0107, \u017ce ka\u017cde zanurzenie b\u0119dzie spokojne, a ka\u017cde pytanie znajdzie odpowied\u017a.<br><br>\r\n\r\nWarto, poniewa\u017c:<br>\r\n\ud83e\udee7 Trenujesz w najg\u0142\u0119bszym basenie w Europie \u2013 a\u017c 45 metr\u00f3w g\u0142\u0119boko\u015bci<br>\r\n\ud83e\udee7 Nurkowanie odbywa si\u0119 w przejrzystej wodzie o sta\u0142ej temperaturze 32\u00b0C<br>\r\n\ud83e\udee7 Korzystasz z nowoczesnego, regularnie serwisowanego sprz\u0119tu<br>\r\n\ud83e\udee7 Masz wsparcie do\u015bwiadczonej, mi\u0119dzynarodowej kadry instruktor\u00f3w<br>\r\n\ud83e\udee7 To idealne miejsce do budowania pewno\u015bci siebie i techniki<br><br>\r\n\r\nZr\u00f3b pierwszy krok i przekonaj si\u0119, jak wyj\u0105tkowy jest podwodny \u015bwiat! Zanurz si\u0119 ju\u017c dzi\u015b.<br><br><br>\r\n\r\n\r\nCo warto wiedzie\u0107?\r\n<\/p>      <ul>            <li>\r\n              <p>Czas trwania<\/p>\r\n              <strong>75 minut zaj\u0119\u0107<\/strong>\r\n            <\/li>\r\n                      <li>\r\n              <p>minimalny wiek uczestnika<\/p>\r\n              <strong>7 lat <\/strong>\r\n            <\/li>\r\n                      <li>\r\n              <p>Zanurkujesz do g\u0142\u0119boko\u015bci<\/p>\r\n              <strong>2m<\/strong>\r\n            <\/li>\r\n                      <li>\r\n              <p>w prezencie<\/p>\r\n              <strong>Kr\u00f3tkie wideo pami\u0105tkowe z podwodnej fotobudki<\/strong>\r\n            <\/li>\r\n                      <li>\r\n              <p>zapewniamy<\/p>\r\n              <strong>Ca\u0142y sprz\u0119t nurkowy. Zabierz ze sob\u0105 jedynie k\u0105piel\u00f3wki, r\u0119cznik i klapki<\/strong>\r\n            <\/li>\r\n                      <li>\r\n              <p>nie zapomnij<\/p>\r\n              <strong>Dobrze si\u0119 bawi\u0107, a ca\u0142\u0105 energi\u0105 zarazimy Ci\u0119 my<\/strong>\r\n            <\/li>\r\n                      <li>\r\n              <p>Cena:<\/p>\r\n              <strong>99 pln<\/strong>\r\n            <\/li>\r\n          <\/ul>      <div class=\"button-list-wrap\"><div class=\"button-list button-type-both\"><div><a class=\"alternate_ybb\" href=\"https:\/\/cs.deepspot.com\/offer?steps=deepspot_diving-courses_wait-for-diving-course-list_44\" target=\"_self\"><img decoding=\"async\" lazy src=\"data:image\/gif;base64,R0lGODlhAQABAAD\/ACwAAAAAAQABAAACADs%3D\" data-src=\"https:\/\/eco3ygde435.exactdn.com\/wp-content\/uploads\/sites\/2\/2020\/08\/calendar-grid-58.png?strip=all\" alt=\"\"><strong>Zarezerwuj<\/strong><\/a><\/div><div><a class=\"alternate_ybb\" href=\"https:\/\/sklep.deepspot.com\/pl\/p\/Snorkeling\/359\" target=\"_self\"><img decoding=\"async\" lazy src=\"data:image\/gif;base64,R0lGODlhAQABAAD\/ACwAAAAAAQABAAACADs%3D\" data-src=\"https:\/\/eco3ygde435.exactdn.com\/wp-content\/uploads\/sites\/2\/2020\/08\/paper-diploma.png?strip=all\" alt=\"\"><strong>Zam\u00f3w voucher<\/strong><\/a><\/div><div><a class=\"css-default\" href=\"https:\/\/www.deepspot.com\/pl\/frequently-asked-questions\/?tab=3\" target=\"_self\"><img decoding=\"async\" lazy src=\"data:image\/gif;base64,R0lGODlhAQABAAD\/ACwAAAAAAQABAAACADs%3D\" data-src=\"https:\/\/eco3ygde435.exactdn.com\/wp-content\/uploads\/sites\/2\/2020\/08\/presentation.png?strip=all\" alt=\"\"><strong>Najcz\u0119\u015bciej zadawane pytania<\/strong><\/a><\/div><\/div><\/div>    <\/div>\r\n  <\/div>\r\n<\/div><!-- block -->\r\n\n\n\n<div class=\"wp-block-columns is-layout-flex wp-container-core-columns-is-layout-9d6595d7 wp-block-columns-is-layout-flex\"><\/div>\n\n\n<p><strong>ZDROWIE<\/strong><br data-rich-text-line-break=\"true\" \/>Nurkowanie to sport rekreacyjny dost\u0119pny niemal\u017ce dla ka\u017cdego. Je\u015bli tw\u00f3j stan zdrowia jest w dobrej kondycji, najprawdopodobniej nie potrzebujesz zgody od lekarza, nie mniej w pewnych szczeg\u00f3lnych przypadkach mo\u017ce by\u0107 ona konieczna. Je\u015bli chcesz mie\u0107 pewno\u015b\u0107, mo\u017cesz za wczasu zapozna\u0107 si\u0119 ze standardowym<br data-rich-text-line-break=\"true\" \/><a href=\"https:\/\/eco3ygde435.exactdn.com\/wp-content\/uploads\/sites\/2\/2023\/10\/TR-MEDICAL-DIVER_Polish.pdf\" target=\"_blank\" rel=\"noreferrer noopener\">formularzem medycznym<\/a>.<\/p>\n\n\n<p><\/p>\n\n\n\n<p><\/p>\n","protected":false},"excerpt":{"rendered":"<p>ZDROWIENurkowanie to sport rekreacyjny dost\u0119pny niemal\u017ce dla ka\u017cdego. Je\u015bli tw\u00f3j stan zdrowia jest w dobrej kondycji, najprawdopodobniej nie potrzebujesz zgody od lekarza, nie mniej w pewnych szczeg\u00f3lnych przypadkach mo\u017ce by\u0107 ona konieczna. Je\u015bli chcesz mie\u0107 pewno\u015b\u0107, mo\u017cesz za wczasu zapozna\u0107 si\u0119 ze standardowymformularzem medycznym.<\/p>\n","protected":false},"author":18,"featured_media":49848,"parent":721,"menu_order":1,"comment_status":"closed","ping_status":"closed","template":"","meta":{"_acf_changed":false,"footnotes":""},"class_list":["post-40737","page","type-page","status-publish","has-post-thumbnail","hentry"],"acf":[],"yoast_head":"<!-- This site is optimized with the Yoast SEO plugin v27.4 - https:\/\/yoast.com\/product\/yoast-seo-wordpress\/ -->\n<title>Snorkeling | Deepspot<\/title>\n<meta name=\"description\" content=\"Deepspot \u27a4 Snorkeling \u2714\ufe0f Najg\u0142\u0119bszy basen nurkowy w Europie (45m+) \u2714\ufe0f Krystalicznie czysta woda, jaskinie, wrak. Scuba diving i freediving przez ca\u0142y rok \u2b50 Sprawd\u017a!\" \/>\n<meta name=\"robots\" content=\"index, follow, max-snippet:-1, max-image-preview:large, max-video-preview:-1\" \/>\n<link rel=\"canonical\" href=\"https:\/\/www.deepspot.com\/pl\/dla-kogo\/scuba-diving\/snorkeling\/\" \/>\n<meta property=\"og:locale\" content=\"pl_PL\" \/>\n<meta property=\"og:type\" content=\"article\" \/>\n<meta property=\"og:title\" content=\"Snorkeling | Deepspot\" \/>\n<meta property=\"og:description\" content=\"Deepspot \u27a4 Snorkeling \u2714\ufe0f Najg\u0142\u0119bszy basen nurkowy w Europie (45m+) \u2714\ufe0f Krystalicznie czysta woda, jaskinie, wrak. Scuba diving i freediving przez ca\u0142y rok \u2b50 Sprawd\u017a!\" \/>\n<meta property=\"og:url\" content=\"https:\/\/www.deepspot.com\/pl\/dla-kogo\/scuba-diving\/snorkeling\/\" \/>\n<meta property=\"og:site_name\" content=\"Deepspot\" \/>\n<meta property=\"article:modified_time\" content=\"2026-04-22T07:21:53+00:00\" \/>\n<meta property=\"og:image\" content=\"https:\/\/www.deepspot.com\/wp-content\/uploads\/sites\/2\/2025\/04\/Obraz11-1.jpg\" \/>\n\t<meta property=\"og:image:width\" content=\"670\" \/>\n\t<meta property=\"og:image:height\" content=\"670\" \/>\n\t<meta property=\"og:image:type\" content=\"image\/jpeg\" \/>\n<meta name=\"twitter:card\" content=\"summary_large_image\" \/>\n<meta name=\"twitter:label1\" content=\"Szacowany czas czytania\" \/>\n\t<meta name=\"twitter:data1\" content=\"1 minuta\" \/>\n<script type=\"application\/ld+json\" class=\"yoast-schema-graph\">{\"@context\":\"https:\\\/\\\/schema.org\",\"@graph\":[{\"@type\":\"WebPage\",\"@id\":\"https:\\\/\\\/www.deepspot.com\\\/pl\\\/dla-kogo\\\/scuba-diving\\\/snorkeling\\\/\",\"url\":\"https:\\\/\\\/www.deepspot.com\\\/pl\\\/dla-kogo\\\/scuba-diving\\\/snorkeling\\\/\",\"name\":\"Snorkeling | Deepspot\",\"isPartOf\":{\"@id\":\"https:\\\/\\\/www.deepspot.com\\\/pl\\\/#website\"},\"primaryImageOfPage\":{\"@id\":\"https:\\\/\\\/www.deepspot.com\\\/pl\\\/dla-kogo\\\/scuba-diving\\\/snorkeling\\\/#primaryimage\"},\"image\":{\"@id\":\"https:\\\/\\\/www.deepspot.com\\\/pl\\\/dla-kogo\\\/scuba-diving\\\/snorkeling\\\/#primaryimage\"},\"thumbnailUrl\":\"https:\\\/\\\/eco3ygde435.exactdn.com\\\/wp-content\\\/uploads\\\/sites\\\/2\\\/2025\\\/04\\\/Obraz11-1.jpg?strip=all\",\"datePublished\":\"2024-01-25T10:57:31+00:00\",\"dateModified\":\"2026-04-22T07:21:53+00:00\",\"description\":\"Deepspot \u27a4 Snorkeling \u2714\ufe0f Najg\u0142\u0119bszy basen nurkowy w Europie (45m+) \u2714\ufe0f Krystalicznie czysta woda, jaskinie, wrak. Scuba diving i freediving przez ca\u0142y rok \u2b50 Sprawd\u017a!\",\"breadcrumb\":{\"@id\":\"https:\\\/\\\/www.deepspot.com\\\/pl\\\/dla-kogo\\\/scuba-diving\\\/snorkeling\\\/#breadcrumb\"},\"inLanguage\":\"pl-PL\",\"potentialAction\":[{\"@type\":\"ReadAction\",\"target\":[\"https:\\\/\\\/www.deepspot.com\\\/pl\\\/dla-kogo\\\/scuba-diving\\\/snorkeling\\\/\"]}]},{\"@type\":\"ImageObject\",\"inLanguage\":\"pl-PL\",\"@id\":\"https:\\\/\\\/www.deepspot.com\\\/pl\\\/dla-kogo\\\/scuba-diving\\\/snorkeling\\\/#primaryimage\",\"url\":\"https:\\\/\\\/eco3ygde435.exactdn.com\\\/wp-content\\\/uploads\\\/sites\\\/2\\\/2025\\\/04\\\/Obraz11-1.jpg?strip=all\",\"contentUrl\":\"https:\\\/\\\/eco3ygde435.exactdn.com\\\/wp-content\\\/uploads\\\/sites\\\/2\\\/2025\\\/04\\\/Obraz11-1.jpg?strip=all\",\"width\":670,\"height\":670},{\"@type\":\"BreadcrumbList\",\"@id\":\"https:\\\/\\\/www.deepspot.com\\\/pl\\\/dla-kogo\\\/scuba-diving\\\/snorkeling\\\/#breadcrumb\",\"itemListElement\":[{\"@type\":\"ListItem\",\"position\":1,\"name\":\"Strona g\u0142\u00f3wna\",\"item\":\"https:\\\/\\\/www.deepspot.com\\\/pl\\\/\"},{\"@type\":\"ListItem\",\"position\":2,\"name\":\"Dla kogo\",\"item\":\"https:\\\/\\\/www.deepspot.com\\\/pl\\\/dla-kogo\\\/\"},{\"@type\":\"ListItem\",\"position\":3,\"name\":\"Scuba diving\",\"item\":\"https:\\\/\\\/www.deepspot.com\\\/pl\\\/dla-kogo\\\/scuba-diving\\\/\"},{\"@type\":\"ListItem\",\"position\":4,\"name\":\"Snorkeling\"}]},{\"@type\":\"WebSite\",\"@id\":\"https:\\\/\\\/www.deepspot.com\\\/pl\\\/#website\",\"url\":\"https:\\\/\\\/www.deepspot.com\\\/pl\\\/\",\"name\":\"Deepspot\",\"description\":\"Nowy wymiar nurkowania\",\"potentialAction\":[{\"@type\":\"SearchAction\",\"target\":{\"@type\":\"EntryPoint\",\"urlTemplate\":\"https:\\\/\\\/www.deepspot.com\\\/pl\\\/?s={search_term_string}\"},\"query-input\":{\"@type\":\"PropertyValueSpecification\",\"valueRequired\":true,\"valueName\":\"search_term_string\"}}],\"inLanguage\":\"pl-PL\"}]}<\/script>\n<!-- \/ Yoast SEO plugin. -->","yoast_head_json":{"title":"Snorkeling | Deepspot","description":"Deepspot \u27a4 Snorkeling \u2714\ufe0f Najg\u0142\u0119bszy basen nurkowy w Europie (45m+) \u2714\ufe0f Krystalicznie czysta woda, jaskinie, wrak. Scuba diving i freediving przez ca\u0142y rok \u2b50 Sprawd\u017a!","robots":{"index":"index","follow":"follow","max-snippet":"max-snippet:-1","max-image-preview":"max-image-preview:large","max-video-preview":"max-video-preview:-1"},"canonical":"https:\/\/www.deepspot.com\/pl\/dla-kogo\/scuba-diving\/snorkeling\/","og_locale":"pl_PL","og_type":"article","og_title":"Snorkeling | Deepspot","og_description":"Deepspot \u27a4 Snorkeling \u2714\ufe0f Najg\u0142\u0119bszy basen nurkowy w Europie (45m+) \u2714\ufe0f Krystalicznie czysta woda, jaskinie, wrak. Scuba diving i freediving przez ca\u0142y rok \u2b50 Sprawd\u017a!","og_url":"https:\/\/www.deepspot.com\/pl\/dla-kogo\/scuba-diving\/snorkeling\/","og_site_name":"Deepspot","article_modified_time":"2026-04-22T07:21:53+00:00","og_image":[{"width":670,"height":670,"url":"https:\/\/www.deepspot.com\/wp-content\/uploads\/sites\/2\/2025\/04\/Obraz11-1.jpg","type":"image\/jpeg"}],"twitter_card":"summary_large_image","twitter_misc":{"Szacowany czas czytania":"1 minuta"},"schema":{"@context":"https:\/\/schema.org","@graph":[{"@type":"WebPage","@id":"https:\/\/www.deepspot.com\/pl\/dla-kogo\/scuba-diving\/snorkeling\/","url":"https:\/\/www.deepspot.com\/pl\/dla-kogo\/scuba-diving\/snorkeling\/","name":"Snorkeling | Deepspot","isPartOf":{"@id":"https:\/\/www.deepspot.com\/pl\/#website"},"primaryImageOfPage":{"@id":"https:\/\/www.deepspot.com\/pl\/dla-kogo\/scuba-diving\/snorkeling\/#primaryimage"},"image":{"@id":"https:\/\/www.deepspot.com\/pl\/dla-kogo\/scuba-diving\/snorkeling\/#primaryimage"},"thumbnailUrl":"https:\/\/eco3ygde435.exactdn.com\/wp-content\/uploads\/sites\/2\/2025\/04\/Obraz11-1.jpg?strip=all","datePublished":"2024-01-25T10:57:31+00:00","dateModified":"2026-04-22T07:21:53+00:00","description":"Deepspot \u27a4 Snorkeling \u2714\ufe0f Najg\u0142\u0119bszy basen nurkowy w Europie (45m+) \u2714\ufe0f Krystalicznie czysta woda, jaskinie, wrak. Scuba diving i freediving przez ca\u0142y rok \u2b50 Sprawd\u017a!","breadcrumb":{"@id":"https:\/\/www.deepspot.com\/pl\/dla-kogo\/scuba-diving\/snorkeling\/#breadcrumb"},"inLanguage":"pl-PL","potentialAction":[{"@type":"ReadAction","target":["https:\/\/www.deepspot.com\/pl\/dla-kogo\/scuba-diving\/snorkeling\/"]}]},{"@type":"ImageObject","inLanguage":"pl-PL","@id":"https:\/\/www.deepspot.com\/pl\/dla-kogo\/scuba-diving\/snorkeling\/#primaryimage","url":"https:\/\/eco3ygde435.exactdn.com\/wp-content\/uploads\/sites\/2\/2025\/04\/Obraz11-1.jpg?strip=all","contentUrl":"https:\/\/eco3ygde435.exactdn.com\/wp-content\/uploads\/sites\/2\/2025\/04\/Obraz11-1.jpg?strip=all","width":670,"height":670},{"@type":"BreadcrumbList","@id":"https:\/\/www.deepspot.com\/pl\/dla-kogo\/scuba-diving\/snorkeling\/#breadcrumb","itemListElement":[{"@type":"ListItem","position":1,"name":"Strona g\u0142\u00f3wna","item":"https:\/\/www.deepspot.com\/pl\/"},{"@type":"ListItem","position":2,"name":"Dla kogo","item":"https:\/\/www.deepspot.com\/pl\/dla-kogo\/"},{"@type":"ListItem","position":3,"name":"Scuba diving","item":"https:\/\/www.deepspot.com\/pl\/dla-kogo\/scuba-diving\/"},{"@type":"ListItem","position":4,"name":"Snorkeling"}]},{"@type":"WebSite","@id":"https:\/\/www.deepspot.com\/pl\/#website","url":"https:\/\/www.deepspot.com\/pl\/","name":"Deepspot","description":"Nowy wymiar nurkowania","potentialAction":[{"@type":"SearchAction","target":{"@type":"EntryPoint","urlTemplate":"https:\/\/www.deepspot.com\/pl\/?s={search_term_string}"},"query-input":{"@type":"PropertyValueSpecification","valueRequired":true,"valueName":"search_term_string"}}],"inLanguage":"pl-PL"}]}},"_links":{"self":[{"href":"https:\/\/www.deepspot.com\/pl\/wp-json\/wp\/v2\/pages\/40737","targetHints":{"allow":["GET"]}}],"collection":[{"href":"https:\/\/www.deepspot.com\/pl\/wp-json\/wp\/v2\/pages"}],"about":[{"href":"https:\/\/www.deepspot.com\/pl\/wp-json\/wp\/v2\/types\/page"}],"author":[{"embeddable":true,"href":"https:\/\/www.deepspot.com\/pl\/wp-json\/wp\/v2\/users\/18"}],"replies":[{"embeddable":true,"href":"https:\/\/www.deepspot.com\/pl\/wp-json\/wp\/v2\/comments?post=40737"}],"version-history":[{"count":214,"href":"https:\/\/www.deepspot.com\/pl\/wp-json\/wp\/v2\/pages\/40737\/revisions"}],"predecessor-version":[{"id":60127,"href":"https:\/\/www.deepspot.com\/pl\/wp-json\/wp\/v2\/pages\/40737\/revisions\/60127"}],"up":[{"embeddable":true,"href":"https:\/\/www.deepspot.com\/pl\/wp-json\/wp\/v2\/pages\/721"}],"wp:featuredmedia":[{"embeddable":true,"href":"https:\/\/www.deepspot.com\/pl\/wp-json\/wp\/v2\/media\/49848"}],"wp:attachment":[{"href":"https:\/\/www.deepspot.com\/pl\/wp-json\/wp\/v2\/media?parent=40737"}],"curies":[{"name":"wp","href":"https:\/\/api.w.org\/{rel}","templated":true}]}}