{"id":44133,"date":"2024-05-16T10:20:35","date_gmt":"2024-05-16T08:20:35","guid":{"rendered":"https:\/\/www.deepspot.com\/?page_id=44133"},"modified":"2026-01-28T21:29:39","modified_gmt":"2026-01-28T20:29:39","slug":"dan-europe","status":"publish","type":"page","link":"https:\/\/www.deepspot.com\/pl\/jak-to-robimy\/partnerzy\/dan-europe\/","title":{"rendered":"DAN Europe"},"content":{"rendered":"<div id=\"fancy-display-block_08d4a481d3930fa273863430c4059426\" class=\"fancy-display-block fancy-repeater-block\">\r\n  <div class=\"row container\">\r\n          <div class=\"fancy-repeater-item\">\r\n        <div class=\"text-container\">\r\n          <h2 class=\"title\">HIRA W DEEPSPOT<\/h2>\r\n                    <p>Program HIRA (Hazard Identification and Risk Assessment \u2013 Ocena i identyfikacja ryzyka) opracowany przez DAN pomaga w\u0142a\u015bcicielom, menad\u017cerom, pracownikom centr\u00f3w nurkowych i profesjonalistom nurkowym rozpozna\u0107 ryzyko zanim dojdzie do urazu cia\u0142a lub uszkodzenia mienia.\r\n<br><br>\r\nG\u0142\u00f3wn\u0105 korzy\u015bci\u0105 z wprowadzenia programu HIRA opracowanego przez DAN jest zmniejszenie prawdopodobie\u0144stwa wyst\u0105pienia wypadku oraz zminimalizowanie jego skutk\u00f3w i wp\u0142ywu na dalsze \u017cycie nurka.\r\n<br><br>\r\nProgram skupia si\u0119 na realistycznej i pragmatycznej ocenie ryzyka, kt\u00f3re mog\u0142oby doprowadzi\u0107 do powa\u017cnych konsekwencji i zapewnia narz\u0119dzia i strategie, aby aktywnie minimalizowa\u0107 skutki wypadk\u00f3w.\r\n<br><br><\/p>\r\n                  <\/div>\r\n        <div>\r\n          <img decoding=\"async\" lazy src=\"data:image\/gif;base64,R0lGODlhAQABAAD\/ACwAAAAAAQABAAACADs%3D\" data-src=\"https:\/\/eco3ygde435.exactdn.com\/wp-content\/uploads\/sites\/2\/2024\/05\/cert-lvl-2-670.png?strip=all\" alt=\"\">\r\n        <\/div>\r\n      <\/div>\r\n          <div class=\"fancy-repeater-item\">\r\n        <div class=\"text-container\">\r\n          <h2 class=\"title\"><\/h2>\r\n                    <p><b><a href=\"https:\/\/www.deepspot.com\/wp-content\/uploads\/sites\/2\/2024\/05\/HIRA1_diploma_Deepspot-2023.pdf\"><u>POZIOM 1<\/b><\/u><\/a><br>\r\nMenad\u017cer lub profesjonalista nurkowy musi mie\u0107 podstawowe przeszkolenie i sprz\u0119t do udzielenia pomocy poszkodowanemu oraz zaplanowa\u0107 dzia\u0142ania i poradzi\u0107 sobie w sytuacji awaryjnej. Deepspot uzyska\u0142 ten certyfikat w maju 2023 roku.\r\n<br><br>\r\n<b><a href=\"https:\/\/www.deepspot.com\/wp-content\/uploads\/sites\/2\/2024\/05\/HIRA2_diploma_Deepspot-2024.pdf\"><u>POZIOM  2<\/u><\/a><\/b><br>\r\nWymaga dalszego szkolenia, a tak\u017ce wdro\u017cenia i praktyki szerszego zakresu procedur operacyjnych i plan\u00f3w dzia\u0142ania w sytuacjach kryzysowych. Deepspot uzyska\u0142 ten certyfikat w lutym 2024 roku.\r\n<br><br>\r\n<b>POZIOM 3<\/b><br>\r\nZapewnia kompleksow\u0105 i szczeg\u00f3\u0142ow\u0105 ocen\u0119 ryzyka. Na tym poziomie sprawdzany jest praktycznie ka\u017cdy element dzia\u0142alno\u015bci firmy i centrum nurkowego i wymagane jest opracowanie dodatkowych plan\u00f3w akcji ratunkowej w oparciu o zakres aktywno\u015bci. Deepspot jest w procesie wdra\u017cania procedur wymaganych na tym poziome. \r\n<br><br>\r\n\r\n<\/p>\r\n          <div class=\"buttons\"><a href=\"https:\/\/www.deepspot.com\/pl\/\" target=\"_self\">Wi\u0119cej o Hira<\/a><\/div>        <\/div>\r\n        <div>\r\n          <img decoding=\"async\" lazy src=\"data:image\/gif;base64,R0lGODlhAQABAAD\/ACwAAAAAAQABAAACADs%3D\" data-src=\"https:\/\/eco3ygde435.exactdn.com\/wp-content\/uploads\/sites\/2\/2024\/05\/cert-lvl-1-670.png?strip=all\" alt=\"\">\r\n        <\/div>\r\n      <\/div>\r\n          <div class=\"fancy-repeater-item\">\r\n        <div class=\"text-container\">\r\n          <h2 class=\"title\">Ubezpieczenie Deepspot<\/h2>\r\n                    <p>Deepspot jako centrum nurkowe posiada <a href=\"https:\/\/www.deepspot.com\/wp-content\/uploads\/sites\/2\/2026\/01\/report.class_.subscription-summary_28_01_2026.pdf\"><b><u>ubezpieczenie DAN Dive Center Plus<\/b><\/u><\/a> chroni\u0105ce od odpowiedzialno\u015bci cywilnej wobec os\u00f3b trzecich i obejmuj\u0105ce obron\u0119 w s\u0105dzie w zakresie \u015bwiadczonych us\u0142ug nurkowych. Obejmuje ono zar\u00f3wno dzia\u0142alno\u015b\u0107 Centrum Nurkowego jak i wszystkich zatrudnionych instruktor\u00f3w Deepspot.  <\/p>\r\n                  <\/div>\r\n        <div>\r\n          <img decoding=\"async\" lazy src=\"data:image\/gif;base64,R0lGODlhAQABAAD\/ACwAAAAAAQABAAACADs%3D\" data-src=\"https:\/\/eco3ygde435.exactdn.com\/wp-content\/uploads\/sites\/2\/2026\/01\/DAN2026X.png?strip=all\" alt=\"\">\r\n        <\/div>\r\n      <\/div>\r\n          <div class=\"fancy-repeater-item\">\r\n        <div class=\"text-container\">\r\n          <h2 class=\"title\">Ubezpiecz si\u0119 w Dan<\/h2>\r\n                    <p>DAN oferuje ubezpieczenia, kt\u00f3rych potrzebujesz za granic\u0105 jako nurek i podr\u00f3\u017cnik. DAN SPORT to najpopularniejsze plany ubezpieczeniowe od wypadk\u00f3w nurkowych dla nurk\u00f3w rekreacyjnych, freediver\u00f3w, instruktor\u00f3w oraz nurk\u00f3w technicznych. <\/p>\r\n          <div class=\"buttons\"><a href=\"https:\/\/www.daneurope.org\/en\/buy-dive-insurance#!\/partnerCode=1069450\" target=\"_self\">Link do ubezpieczenia<\/a><\/div>        <\/div>\r\n        <div>\r\n          <img decoding=\"async\" lazy src=\"data:image\/gif;base64,R0lGODlhAQABAAD\/ACwAAAAAAQABAAACADs%3D\" data-src=\"https:\/\/eco3ygde435.exactdn.com\/wp-content\/uploads\/sites\/2\/2024\/05\/certyfikat-570.png?strip=all\" alt=\"\">\r\n        <\/div>\r\n      <\/div>\r\n      <\/div>\r\n<\/div><!-- block -->\r\n\n\n\n<div class=\"wp-block-columns alignfull has-text-color has-background is-layout-flex wp-container-core-columns-is-layout-9d6595d7 wp-block-columns-is-layout-flex\" style=\"color:#000000;background-color:#ffffff\">\n<div class=\"wp-block-column is-layout-flow wp-block-column-is-layout-flow\">\n<h3 class=\"wp-block-heading\" style=\"font-size:24px;line-height:1.3\"><strong>O ubezpieczeniach DAN Europe<\/strong><\/h3>\n\n\n\n<p>Ubezpieczenie DAN SPORT od wypadk\u00f3w nurkowych dla nurk\u00f3w rekreacyjnych, freediver\u00f3w, instruktor\u00f3w oraz nurk\u00f3w technicznych . Ochrona, kt\u00f3rej potrzebujesz jako nurek i podr\u00f3\u017cnik.&nbsp;<\/p>\n\n\n\n<p><br><p>Czemu warto mie\u0107 ubezpieczenie nurkowe podczas podro\u017cy nurkowej:&nbsp;<\/p><br><\/p>\n\n\n\n<ul class=\"wp-block-list\">\n<li>Zarz\u0105dzanie wypadkiem nurkowym wymaga specjalistycznej wiedzy i umiej\u0119tno\u015bci zar\u00f3wno w kwestiach medycznych, jak i ubezpieczeniowych.&nbsp;<\/li>\n\n\n\n<li>Niezale\u017cnie od tego, czy nurkujesz w lokalnych miejscach czy wolisz jecha\u0107 za granic\u0119, upewnij si\u0119, \u017ce masz odpowiedni\u0105 ochron\u0119 od rzetelnego ubezpieczyciela.&nbsp;<\/li>\n\n\n\n<li>W niekt\u00f3rych krajach Unii Europejskiej jedyn\u0105 dost\u0119pn\u0105 opcj\u0105 ubezpieczenia jest plan Sport Member, kt\u00f3ry jest odpowiednikiem planu Sport Silver.&nbsp;<\/li>\n<\/ul>\n<\/div>\n<\/div>\n\n\n\n<div class=\"wp-block-columns alignfull has-text-color has-background is-layout-flex wp-container-core-columns-is-layout-9d6595d7 wp-block-columns-is-layout-flex\" style=\"color:#000000;background-color:#ffffff\">\n<div class=\"wp-block-column is-layout-flow wp-block-column-is-layout-flow\">\n<h3 class=\"wp-block-heading\" style=\"font-size:24px;line-height:1.3\"><strong>Co obejmuje ubezpieczenie?<\/strong><\/h3>\n\n\n\n<p>Wszystkie plany Sport zosta\u0142y stworzone, aby zapewni\u0107 Ci ochron\u0119 ubezpieczeniow\u0105 w razie sytuacji awaryjnej podczas nurkowania rekreacyjnego lub pracy jako profesjonalista nurkowy (z akwalungiem lub freediving) w ka\u017cdym miejscu na \u015bwiecie.&nbsp;<\/p>\n\n\n\n<p><br><p>Korzy\u015bci obejmuj\u0105:&nbsp;<\/p><br><\/p>\n\n\n\n<ul class=\"wp-block-list\">\n<li>Centrum alarmowe i zarz\u0105dzanie sytuacj\u0105 awaryjn\u0105 24\/7&nbsp;<\/li>\n\n\n\n<li>Opieka medyczna w nag\u0142ych wypadkach, w tym hospitalizacja i terapia hiperbaryczna na ca\u0142ym \u015bwiecie&nbsp;<\/li>\n\n\n\n<li>Ewakuacja medyczna w sytuacji awaryjnej, w tym przelot karetk\u0105 powietrzn\u0105&nbsp;<\/li>\n\n\n\n<li>Ubezpieczenie na wypadek \u015bmierci lub trwa\u0142ego kalectwa&nbsp;<\/li>\n\n\n\n<li>Pokrycie koszt\u00f3w leczenia w razie wypadku niezwi\u0105zanego z nurkowaniem lub nieoczekiwanej choroby za granic\u0105&nbsp;<\/li>\n\n\n\n<li>Roczne cz\u0142onkostwo w DAN&nbsp;<\/li>\n<\/ul>\n\n\n\n<p>Powy\u017csza lista jest niekompletna i zawiera tylko niekt\u00f3re z wielu dost\u0119pnych korzy\u015bci.&nbsp;<\/p>\n\n\n\n<p>Mog\u0105 r\u00f3wnie\u017c obowi\u0105zywa\u0107 wy\u0142\u0105czenia i inne warunki, a ochrona ubezpieczeniowa mo\u017ce nie by\u0107 dost\u0119pna we wszystkich krajach.&nbsp;&nbsp;<\/p>\n<\/div>\n<\/div>\n\n\n\n<p><\/p>\n\n\n\n<div class=\"wp-block-columns alignfull has-text-color has-background is-layout-flex wp-container-core-columns-is-layout-9d6595d7 wp-block-columns-is-layout-flex\" style=\"color:#000000;background-color:#ffffff\">\n<div class=\"wp-block-column is-layout-flow wp-block-column-is-layout-flow\">\n<h3 class=\"wp-block-heading\" style=\"font-size:24px;line-height:1.3\"><strong>Dla kogo przeznaczone s\u0105 plany SPORT?<\/strong><\/h3>\n\n\n\n<ul class=\"wp-block-list\">\n<li>Nurkowie sprz\u0119towi &#8211; lubisz nurkowa\u0107 ze znajomymi lub rodzina w swoim kraju i za granic\u0105. Odkrywaj nowe miejsca zachowuj\u0105c spok\u00f3j ducha dzi\u0119ki odpowiedniemu ubezpieczeniu.&nbsp;<\/li>\n\n\n\n<li>Freediverzy &#8211; bezdech statyczny lub dynamiczny, nurkowanie ze sta\u0142ym lub zmiennym balastem &#8211; te plany zosta\u0142y stworzone po to, aby zapewni\u0107 Ci ochron\u0119 ubezpieczeniow\u0105 podczas ka\u017cdej formy nurkowania na wstrzymanym oddechu, w tym na zawodach.&nbsp;<\/li>\n\n\n\n<li>Profesjonali\u015bci nurkowi &#8211; jeste\u015b instruktorem nurkowania, divemasterem lub przewodnikiem nurkowym? Zapewnij sobie ochron\u0119 w razie nieprzewidzianej choroby lub wypadku podczas nurkowania. Plany Sport nie obejmuj\u0105 ubezpieczenia od odpowiedzialno\u015bci cywilnej. Je\u015bli go potrzebujesz, sprawd\u017a nasze Plany Pro.&nbsp;&nbsp;&nbsp;<\/li>\n\n\n\n<li>Nurkowie techniczni &#8211; Plany Sport Silver lub Sport Gold s\u0105 doskona\u0142ym wyborem dla Ciebie, poniewa\u017c nie ma w nich ogranicze\u0144 dotycz\u0105cych g\u0142\u0119boko\u015bci lub wykorzystania mieszanin gaz\u00f3w oddechowych i rebrider\u00f3w.&nbsp;<\/li>\n<\/ul>\n<\/div>\n<\/div>\n","protected":false},"excerpt":{"rendered":"<p>O ubezpieczeniach DAN Europe Ubezpieczenie DAN SPORT od wypadk\u00f3w nurkowych dla nurk\u00f3w rekreacyjnych, freediver\u00f3w, instruktor\u00f3w oraz nurk\u00f3w technicznych . Ochrona, kt\u00f3rej potrzebujesz jako nurek i podr\u00f3\u017cnik.&nbsp; Czemu warto mie\u0107 ubezpieczenie nurkowe podczas podro\u017cy nurkowej:&nbsp; Co obejmuje ubezpieczenie? Wszystkie plany Sport zosta\u0142y stworzone, aby zapewni\u0107 Ci ochron\u0119 ubezpieczeniow\u0105 w razie sytuacji awaryjnej podczas nurkowania rekreacyjnego lub [&hellip;]<\/p>\n","protected":false},"author":18,"featured_media":0,"parent":26947,"menu_order":0,"comment_status":"closed","ping_status":"closed","template":"template-partner.php","meta":{"_acf_changed":false,"footnotes":""},"class_list":["post-44133","page","type-page","status-publish","hentry"],"acf":[],"yoast_head":"<!-- This site is optimized with the Yoast SEO plugin v27.4 - https:\/\/yoast.com\/product\/yoast-seo-wordpress\/ -->\n<title>DAN Europe | Deepspot<\/title>\n<meta name=\"description\" content=\"Deepspot \u27a4 DAN Europe \u2714\ufe0f Najg\u0142\u0119bszy basen nurkowy w Europie (45m+) \u2714\ufe0f Krystalicznie czysta woda, jaskinie, wrak. Scuba diving i freediving przez ca\u0142y rok \u2b50 Sprawd\u017a!\" \/>\n<meta name=\"robots\" content=\"index, follow, max-snippet:-1, max-image-preview:large, max-video-preview:-1\" \/>\n<link rel=\"canonical\" href=\"https:\/\/www.deepspot.com\/pl\/jak-to-robimy\/partnerzy\/dan-europe\/\" \/>\n<meta property=\"og:locale\" content=\"pl_PL\" \/>\n<meta property=\"og:type\" content=\"article\" \/>\n<meta property=\"og:title\" content=\"DAN Europe | Deepspot\" \/>\n<meta property=\"og:description\" content=\"Deepspot \u27a4 DAN Europe \u2714\ufe0f Najg\u0142\u0119bszy basen nurkowy w Europie (45m+) \u2714\ufe0f Krystalicznie czysta woda, jaskinie, wrak. Scuba diving i freediving przez ca\u0142y rok \u2b50 Sprawd\u017a!\" \/>\n<meta property=\"og:url\" content=\"https:\/\/www.deepspot.com\/pl\/jak-to-robimy\/partnerzy\/dan-europe\/\" \/>\n<meta property=\"og:site_name\" content=\"Deepspot\" \/>\n<meta property=\"article:modified_time\" content=\"2026-01-28T20:29:39+00:00\" \/>\n<meta name=\"twitter:card\" content=\"summary_large_image\" \/>\n<meta name=\"twitter:label1\" content=\"Szacowany czas czytania\" \/>\n\t<meta name=\"twitter:data1\" content=\"2 minuty\" \/>\n<script type=\"application\/ld+json\" class=\"yoast-schema-graph\">{\"@context\":\"https:\\\/\\\/schema.org\",\"@graph\":[{\"@type\":\"WebPage\",\"@id\":\"https:\\\/\\\/www.deepspot.com\\\/pl\\\/jak-to-robimy\\\/partnerzy\\\/dan-europe\\\/\",\"url\":\"https:\\\/\\\/www.deepspot.com\\\/pl\\\/jak-to-robimy\\\/partnerzy\\\/dan-europe\\\/\",\"name\":\"DAN Europe | Deepspot\",\"isPartOf\":{\"@id\":\"https:\\\/\\\/www.deepspot.com\\\/pl\\\/#website\"},\"datePublished\":\"2024-05-16T08:20:35+00:00\",\"dateModified\":\"2026-01-28T20:29:39+00:00\",\"description\":\"Deepspot \u27a4 DAN Europe \u2714\ufe0f Najg\u0142\u0119bszy basen nurkowy w Europie (45m+) \u2714\ufe0f Krystalicznie czysta woda, jaskinie, wrak. Scuba diving i freediving przez ca\u0142y rok \u2b50 Sprawd\u017a!\",\"breadcrumb\":{\"@id\":\"https:\\\/\\\/www.deepspot.com\\\/pl\\\/jak-to-robimy\\\/partnerzy\\\/dan-europe\\\/#breadcrumb\"},\"inLanguage\":\"pl-PL\",\"potentialAction\":[{\"@type\":\"ReadAction\",\"target\":[\"https:\\\/\\\/www.deepspot.com\\\/pl\\\/jak-to-robimy\\\/partnerzy\\\/dan-europe\\\/\"]}]},{\"@type\":\"BreadcrumbList\",\"@id\":\"https:\\\/\\\/www.deepspot.com\\\/pl\\\/jak-to-robimy\\\/partnerzy\\\/dan-europe\\\/#breadcrumb\",\"itemListElement\":[{\"@type\":\"ListItem\",\"position\":1,\"name\":\"Strona g\u0142\u00f3wna\",\"item\":\"https:\\\/\\\/www.deepspot.com\\\/pl\\\/\"},{\"@type\":\"ListItem\",\"position\":2,\"name\":\"Jak to robimy?\",\"item\":\"https:\\\/\\\/www.deepspot.com\\\/pl\\\/jak-to-robimy\\\/\"},{\"@type\":\"ListItem\",\"position\":3,\"name\":\"NASI PARTNERZY\",\"item\":\"https:\\\/\\\/www.deepspot.com\\\/pl\\\/jak-to-robimy\\\/partnerzy\\\/\"},{\"@type\":\"ListItem\",\"position\":4,\"name\":\"DAN Europe\"}]},{\"@type\":\"WebSite\",\"@id\":\"https:\\\/\\\/www.deepspot.com\\\/pl\\\/#website\",\"url\":\"https:\\\/\\\/www.deepspot.com\\\/pl\\\/\",\"name\":\"Deepspot\",\"description\":\"Nowy wymiar nurkowania\",\"potentialAction\":[{\"@type\":\"SearchAction\",\"target\":{\"@type\":\"EntryPoint\",\"urlTemplate\":\"https:\\\/\\\/www.deepspot.com\\\/pl\\\/?s={search_term_string}\"},\"query-input\":{\"@type\":\"PropertyValueSpecification\",\"valueRequired\":true,\"valueName\":\"search_term_string\"}}],\"inLanguage\":\"pl-PL\"}]}<\/script>\n<!-- \/ Yoast SEO plugin. -->","yoast_head_json":{"title":"DAN Europe | Deepspot","description":"Deepspot \u27a4 DAN Europe \u2714\ufe0f Najg\u0142\u0119bszy basen nurkowy w Europie (45m+) \u2714\ufe0f Krystalicznie czysta woda, jaskinie, wrak. Scuba diving i freediving przez ca\u0142y rok \u2b50 Sprawd\u017a!","robots":{"index":"index","follow":"follow","max-snippet":"max-snippet:-1","max-image-preview":"max-image-preview:large","max-video-preview":"max-video-preview:-1"},"canonical":"https:\/\/www.deepspot.com\/pl\/jak-to-robimy\/partnerzy\/dan-europe\/","og_locale":"pl_PL","og_type":"article","og_title":"DAN Europe | Deepspot","og_description":"Deepspot \u27a4 DAN Europe \u2714\ufe0f Najg\u0142\u0119bszy basen nurkowy w Europie (45m+) \u2714\ufe0f Krystalicznie czysta woda, jaskinie, wrak. Scuba diving i freediving przez ca\u0142y rok \u2b50 Sprawd\u017a!","og_url":"https:\/\/www.deepspot.com\/pl\/jak-to-robimy\/partnerzy\/dan-europe\/","og_site_name":"Deepspot","article_modified_time":"2026-01-28T20:29:39+00:00","twitter_card":"summary_large_image","twitter_misc":{"Szacowany czas czytania":"2 minuty"},"schema":{"@context":"https:\/\/schema.org","@graph":[{"@type":"WebPage","@id":"https:\/\/www.deepspot.com\/pl\/jak-to-robimy\/partnerzy\/dan-europe\/","url":"https:\/\/www.deepspot.com\/pl\/jak-to-robimy\/partnerzy\/dan-europe\/","name":"DAN Europe | Deepspot","isPartOf":{"@id":"https:\/\/www.deepspot.com\/pl\/#website"},"datePublished":"2024-05-16T08:20:35+00:00","dateModified":"2026-01-28T20:29:39+00:00","description":"Deepspot \u27a4 DAN Europe \u2714\ufe0f Najg\u0142\u0119bszy basen nurkowy w Europie (45m+) \u2714\ufe0f Krystalicznie czysta woda, jaskinie, wrak. Scuba diving i freediving przez ca\u0142y rok \u2b50 Sprawd\u017a!","breadcrumb":{"@id":"https:\/\/www.deepspot.com\/pl\/jak-to-robimy\/partnerzy\/dan-europe\/#breadcrumb"},"inLanguage":"pl-PL","potentialAction":[{"@type":"ReadAction","target":["https:\/\/www.deepspot.com\/pl\/jak-to-robimy\/partnerzy\/dan-europe\/"]}]},{"@type":"BreadcrumbList","@id":"https:\/\/www.deepspot.com\/pl\/jak-to-robimy\/partnerzy\/dan-europe\/#breadcrumb","itemListElement":[{"@type":"ListItem","position":1,"name":"Strona g\u0142\u00f3wna","item":"https:\/\/www.deepspot.com\/pl\/"},{"@type":"ListItem","position":2,"name":"Jak to robimy?","item":"https:\/\/www.deepspot.com\/pl\/jak-to-robimy\/"},{"@type":"ListItem","position":3,"name":"NASI PARTNERZY","item":"https:\/\/www.deepspot.com\/pl\/jak-to-robimy\/partnerzy\/"},{"@type":"ListItem","position":4,"name":"DAN Europe"}]},{"@type":"WebSite","@id":"https:\/\/www.deepspot.com\/pl\/#website","url":"https:\/\/www.deepspot.com\/pl\/","name":"Deepspot","description":"Nowy wymiar nurkowania","potentialAction":[{"@type":"SearchAction","target":{"@type":"EntryPoint","urlTemplate":"https:\/\/www.deepspot.com\/pl\/?s={search_term_string}"},"query-input":{"@type":"PropertyValueSpecification","valueRequired":true,"valueName":"search_term_string"}}],"inLanguage":"pl-PL"}]}},"_links":{"self":[{"href":"https:\/\/www.deepspot.com\/pl\/wp-json\/wp\/v2\/pages\/44133","targetHints":{"allow":["GET"]}}],"collection":[{"href":"https:\/\/www.deepspot.com\/pl\/wp-json\/wp\/v2\/pages"}],"about":[{"href":"https:\/\/www.deepspot.com\/pl\/wp-json\/wp\/v2\/types\/page"}],"author":[{"embeddable":true,"href":"https:\/\/www.deepspot.com\/pl\/wp-json\/wp\/v2\/users\/18"}],"replies":[{"embeddable":true,"href":"https:\/\/www.deepspot.com\/pl\/wp-json\/wp\/v2\/comments?post=44133"}],"version-history":[{"count":104,"href":"https:\/\/www.deepspot.com\/pl\/wp-json\/wp\/v2\/pages\/44133\/revisions"}],"predecessor-version":[{"id":59222,"href":"https:\/\/www.deepspot.com\/pl\/wp-json\/wp\/v2\/pages\/44133\/revisions\/59222"}],"up":[{"embeddable":true,"href":"https:\/\/www.deepspot.com\/pl\/wp-json\/wp\/v2\/pages\/26947"}],"wp:attachment":[{"href":"https:\/\/www.deepspot.com\/pl\/wp-json\/wp\/v2\/media?parent=44133"}],"curies":[{"name":"wp","href":"https:\/\/api.w.org\/{rel}","templated":true}]}}