{"id":49297,"date":"2025-04-14T12:14:42","date_gmt":"2025-04-14T10:14:42","guid":{"rendered":"https:\/\/www.deepspot.com\/?page_id=49297"},"modified":"2025-11-06T13:20:03","modified_gmt":"2025-11-06T12:20:03","slug":"dpv-freediver","status":"publish","type":"page","link":"https:\/\/www.deepspot.com\/pl\/dla-kogo\/freediving\/dpv-freediver\/","title":{"rendered":"KURS DPV Safety Freediver"},"content":{"rendered":"<div id=\"hero-block_195e4dcedeee1490494c835fe3feab41\" class=\"hero-block\">\r\n  <div class=\"row outer-container\">\r\n    <div>\r\n      <img decoding=\"async\" lazy src=\"data:image\/gif;base64,R0lGODlhAQABAAD\/ACwAAAAAAQABAAACADs%3D\" data-src=\"https:\/\/eco3ygde435.exactdn.com\/wp-content\/uploads\/sites\/2\/2025\/04\/Obraz2-1.jpg?strip=all\" alt=\"\">\r\n          <\/div>\r\n    <div>\r\n      <h2>Freediving bez ogranicze\u0144 <\/h2><p>Jeste\u015b zaawansowanym Freediverem i chcia\u0142by\u015b do\u015bcign\u0105\u0107 delfiny? Chcesz przenie\u015b\u0107 swoje kompetencje safety na wy\u017cszy poziom? A mo\u017ce po prostu masz ochot\u0119 pop\u0142ywa\u0107 na najlepszym skuterze na \u015bwiecie w Deepspot? <br><br>\r\nJe\u015bli cho\u0107 raz odpowiedzia\u0142e\u015b \u201etak\u201d, to ten kurs jest dla Ciebie!\r\n\r\n<\/p>    <\/div>\r\n  <\/div>\r\n<\/div><!-- block -->\r\n\n\n<div id=\"product-details-block_4fd0587f98d5a6eb88655fe4a4cead61\" class=\"product-details-block\">\r\n  <div class=\"row container\">\r\n    <div>\r\n      <h2 class=\"title\">Opis atrakcji<\/h2>      <p class=\"desc\">Kurs DPV Freediver to przygoda dla os\u00f3b posiadaj\u0105cych certyfikacj\u0119 min. Advanced Freediver, kt\u00f3rzy chc\u0105 przekroczy\u0107 granice w\u0142asnych p\u0142uc&#8230; z pomoc\u0105 skutera! Naucz si\u0119 korzysta\u0107 z DPV  \u2013 urz\u0105dzenia, kt\u00f3re pozwoli Ci przemieszcza\u0107 si\u0119 pod wod\u0105 szybciej, dalej i z jeszcze wi\u0119ksz\u0105 frajd\u0105. W trakcie szkolenia pod okiem do\u015bwiadczonych instruktor\u00f3w nauczysz si\u0119 bezpiecznego i efektywnego korzystania ze skutera podwodnego, planowania trasy nurkowania, kontroli wyporu oraz zarz\u0105dzania energi\u0105 i technikami manewrowania. <BR><BR>\r\n\r\nZanurz si\u0119 szczeg\u00f3lnie je\u015bli: <br>\r\n\ud83e\udee7 Chcesz eksplorowa\u0107 wi\u0119ksze obszary pod wod\u0105 i rozwija\u0107 swoje freedivingowe horyzonty<br>\r\n\ud83e\udee7 Lubisz techniczne nowinki i chc\u0105 do\u015bwiadczy\u0107 nowej formy zabawy pod wod\u0105<br>\r\n\ud83e\udee7 Dla przysz\u0142ych superagent\u00f3w wodnych misji \u2013 z misj\u0105 nurkowania daleko i g\u0142\u0119boko<br><br>\r\n\r\nCo oferujemy?<br>\r\n\ud83e\udee7 Dwudniowe szkolenie teoretyczne i praktyczne w wyj\u0105tkowych warunkach Deepspot\r\n\ud83e\udee7 Zaj\u0119cia teoretyczne i praktyczne z obs\u0142ugi skutera podwodnego DPV<br>\r\n\ud83e\udee7 \u0106wiczenia z manewrowania, kontroli pozycji i pracy cia\u0142a w ruchu<br>\r\n\ud83e\udee7 Szkolenie z zasad bezpiecze\u0144stwa podczas nurkowania z DPV<br>\r\n\ud83e\udee7 Wszystko, czego potrzebujesz jest w cenie. Ca\u0142y niezb\u0119dny sprz\u0119t zapewniamy my<br>\r\n\ud83e\udee7 Kameralne grupy lub zaj\u0119cia indywidualne. Tempo zawsze dopasujemy do Ciebie<br><br>\r\n\r\nKursy prowadzone s\u0105 w ma\u0142ych grupach \u2013 maksymalnie 4 osoby na jednego instruktora \u2013 co daje Ci pewno\u015b\u0107, \u017ce ka\u017cdy oddech b\u0119dzie spokojny, a ka\u017cde pytanie znajdzie odpowied\u017a. <br><br>\r\n\r\nWarto, poniewa\u017c:<br>\r\n\ud83e\udee7 Trenujesz w najg\u0142\u0119bszym basenie w Europie \u2013 a\u017c 45 metr\u00f3w g\u0142\u0119boko\u015bci<br>\r\n\ud83e\udee7 Nurkowanie odbywa si\u0119 w egzotycznych warunkach \u2013 przejrzysta woda o temperaturze 32\u00b0C<br>\r\n\ud83e\udee7 Korzystasz z nowoczesnego, regularnie serwisowanego sprz\u0119tu<br>\r\n\ud83e\udee7 Masz wsparcie do\u015bwiadczonej, mi\u0119dzynarodowej kadry instruktor\u00f3w<br>\r\n\ud83e\udee7 To idealne miejsce do budowania pewno\u015bci siebie i dobrej techniki<br><br>\r\n\r\nUprawnienia po uko\u0144czeniu kursu:<br>\r\n\ud83e\udee7 Po uko\u0144czeniu kursu absolwent ma prawo wypo\u017cycza\u0107 (odp\u0142atnie) skuter do safety podczas sesji freedivingowych w DEEPSPOT.<br>\r\n\ud83e\udee7 Fundive do 20 metr\u00f3w \u2013 do decyzji instruktora na dy\u017curze, o ile warunki (zat\u0142oczenie basenu podczas danej sesji) pozwalaj\u0105.<br>\r\n\ud83e\udee7 Fundive w tubie \u2013 wymagaj\u0105 indywidualnej zgody szefa szkolenia<br><br>\r\n\r\nPo uko\u0144czeniu kursu i zaliczeniu egzaminu teoretycznego uczestnicy otrzymaj\u0105 dyplomy i b\u0119d\u0105 gotowi na u\u017cywanie skuter\u00f3w w praktyce i samodzielne doskonalenie w\u0142asnych umiej\u0119tno\u015bci. Kurs jest autorskim projektem Deepspot, realizowanym przy wsparciu Seacraft i jest unikalny w skali \u015bwiata. <br><br>\r\n\r\nMinimalne wymagania wst\u0119pne:<br>\r\n\ud83e\udee7 minimum 30 zalogowanych sesji nurkowych<br>\r\n\ud83e\udee7 wykonanie ostatniej sesji nurkowej nie dalej ni\u017c miesi\u0105c przed rozpocz\u0119ciem kursu<br>\r\n\ud83e\udee7 komfortowe i powtarzalne nurkowania na g\u0142\u0119boko\u015b\u0107 minimum 25 metr\u00f3w<br><br><br>\r\n\r\nCo warto wiedzie\u0107?<\/p>      <ul>            <li>\r\n              <p>CZAS TRWANIA<\/p>\r\n              <strong>2 dni (ok. 15h, w tym 4 sesje basenowe)<\/strong>\r\n            <\/li>\r\n                      <li>\r\n              <p>Minimalny wiek uczestnika<\/p>\r\n              <strong>18 lat<\/strong>\r\n            <\/li>\r\n                      <li>\r\n              <p>Zanurkujesz do g\u0142\u0119boko\u015bci<\/p>\r\n              <strong>25 metr\u00f3w<\/strong>\r\n            <\/li>\r\n                      <li>\r\n              <p>W prezencie<\/p>\r\n              <strong>kr\u00f3tkie wideo z podwodnej fotobudki<\/strong>\r\n            <\/li>\r\n                      <li>\r\n              <p>Zapewniamy<\/p>\r\n              <strong>Ca\u0142y sprz\u0119t nurkowy. Zabierz ze sob\u0105 jedynie k\u0105piel\u00f3wki, r\u0119cznik i klapki<\/strong>\r\n            <\/li>\r\n                      <li>\r\n              <p>Nie zapomnij<\/p>\r\n              <strong>Dobrze si\u0119 bawi\u0107, a ca\u0142\u0105 energi\u0105 zarazimy Ci\u0119 my<\/strong>\r\n            <\/li>\r\n                      <li>\r\n              <p>Cena<\/p>\r\n              <strong>2 499 PLN<\/strong>\r\n            <\/li>\r\n          <\/ul>      <div class=\"button-list-wrap\"><div class=\"button-list button-type-both\"><div><a class=\"alternate_ybb\" href=\"https:\/\/cs.deepspot.com\/offer?steps=deepspot_diving-courses_wait-for-diving-course-list_50\" target=\"_self\"><img decoding=\"async\" lazy src=\"data:image\/gif;base64,R0lGODlhAQABAAD\/ACwAAAAAAQABAAACADs%3D\" data-src=\"https:\/\/eco3ygde435.exactdn.com\/wp-content\/uploads\/sites\/2\/2020\/08\/calendar-grid-58.png?strip=all\" alt=\"\"><strong>Zarezerwuj<\/strong><\/a><\/div><\/div><\/div>    <\/div>\r\n  <\/div>\r\n<\/div><!-- block -->\r\n\n\n\n<div style=\"text-align: center\">\n\n<\/div>\n\n\n<p><strong>ZDROWIE<\/strong><br data-rich-text-line-break=\"true\" \/>Nurkowanie to sport rekreacyjny dost\u0119pny niemal\u017ce dla ka\u017cdego. Je\u015bli tw\u00f3j stan zdrowia jest w dobrej kondycji, najprawdopodobniej nie potrzebujesz zgody od lekarza, nie mniej w pewnych szczeg\u00f3lnych przypadkach mo\u017ce by\u0107 ona konieczna. Je\u015bli chcesz mie\u0107 pewno\u015b\u0107, mo\u017cesz za wczasu zapozna\u0107 si\u0119 ze standardowym<br data-rich-text-line-break=\"true\" \/><a href=\"https:\/\/eco3ygde435.exactdn.com\/wp-content\/uploads\/sites\/2\/2023\/10\/TR-MEDICAL-DIVER_Polish.pdf\" target=\"_blank\" rel=\"noreferrer noopener\">formularzem medycznym<\/a>.<\/p>","protected":false},"excerpt":{"rendered":"<p>ZDROWIENurkowanie to sport rekreacyjny dost\u0119pny niemal\u017ce dla ka\u017cdego. Je\u015bli tw\u00f3j stan zdrowia jest w dobrej kondycji, najprawdopodobniej nie potrzebujesz zgody od lekarza, nie mniej w pewnych szczeg\u00f3lnych przypadkach mo\u017ce by\u0107 ona konieczna. Je\u015bli chcesz mie\u0107 pewno\u015b\u0107, mo\u017cesz za wczasu zapozna\u0107 si\u0119 ze standardowymformularzem medycznym.<\/p>\n","protected":false},"author":18,"featured_media":49588,"parent":775,"menu_order":0,"comment_status":"closed","ping_status":"closed","template":"","meta":{"_acf_changed":false,"footnotes":""},"class_list":["post-49297","page","type-page","status-publish","has-post-thumbnail","hentry"],"acf":[],"yoast_head":"<!-- This site is optimized with the Yoast SEO plugin v27.4 - https:\/\/yoast.com\/product\/yoast-seo-wordpress\/ -->\n<title>KURS DPV Safety Freediver | Deepspot<\/title>\n<meta name=\"description\" content=\"Deepspot \u27a4 KURS DPV Safety Freediver \u2714\ufe0f Najg\u0142\u0119bszy basen nurkowy w Europie (45m+) \u2714\ufe0f Krystalicznie czysta woda, jaskinie, wrak. Scuba diving i freediving przez ca\u0142y rok \u2b50 Sprawd\u017a!\" \/>\n<meta name=\"robots\" content=\"index, follow, max-snippet:-1, max-image-preview:large, max-video-preview:-1\" \/>\n<link rel=\"canonical\" href=\"https:\/\/www.deepspot.com\/pl\/dla-kogo\/freediving\/dpv-freediver\/\" \/>\n<meta property=\"og:locale\" content=\"pl_PL\" \/>\n<meta property=\"og:type\" content=\"article\" \/>\n<meta property=\"og:title\" content=\"KURS DPV Safety Freediver | Deepspot\" \/>\n<meta property=\"og:description\" content=\"Deepspot \u27a4 KURS DPV Safety Freediver \u2714\ufe0f Najg\u0142\u0119bszy basen nurkowy w Europie (45m+) \u2714\ufe0f Krystalicznie czysta woda, jaskinie, wrak. Scuba diving i freediving przez ca\u0142y rok \u2b50 Sprawd\u017a!\" \/>\n<meta property=\"og:url\" content=\"https:\/\/www.deepspot.com\/pl\/dla-kogo\/freediving\/dpv-freediver\/\" \/>\n<meta property=\"og:site_name\" content=\"Deepspot\" \/>\n<meta property=\"article:modified_time\" content=\"2025-11-06T12:20:03+00:00\" \/>\n<meta property=\"og:image\" content=\"https:\/\/eco3ygde435.exactdn.com\/wp-content\/uploads\/sites\/2\/2025\/04\/WOJ00359-1.jpg?strip=all\" \/>\n\t<meta property=\"og:image:width\" content=\"1920\" \/>\n\t<meta property=\"og:image:height\" content=\"1280\" \/>\n\t<meta property=\"og:image:type\" content=\"image\/jpeg\" \/>\n<meta name=\"twitter:card\" content=\"summary_large_image\" \/>\n<script type=\"application\/ld+json\" class=\"yoast-schema-graph\">{\"@context\":\"https:\\\/\\\/schema.org\",\"@graph\":[{\"@type\":\"WebPage\",\"@id\":\"https:\\\/\\\/www.deepspot.com\\\/pl\\\/dla-kogo\\\/freediving\\\/dpv-freediver\\\/\",\"url\":\"https:\\\/\\\/www.deepspot.com\\\/pl\\\/dla-kogo\\\/freediving\\\/dpv-freediver\\\/\",\"name\":\"KURS DPV Safety Freediver | Deepspot\",\"isPartOf\":{\"@id\":\"https:\\\/\\\/www.deepspot.com\\\/pl\\\/#website\"},\"primaryImageOfPage\":{\"@id\":\"https:\\\/\\\/www.deepspot.com\\\/pl\\\/dla-kogo\\\/freediving\\\/dpv-freediver\\\/#primaryimage\"},\"image\":{\"@id\":\"https:\\\/\\\/www.deepspot.com\\\/pl\\\/dla-kogo\\\/freediving\\\/dpv-freediver\\\/#primaryimage\"},\"thumbnailUrl\":\"https:\\\/\\\/eco3ygde435.exactdn.com\\\/wp-content\\\/uploads\\\/sites\\\/2\\\/2025\\\/04\\\/WOJ00359-1.jpg?strip=all\",\"datePublished\":\"2025-04-14T10:14:42+00:00\",\"dateModified\":\"2025-11-06T12:20:03+00:00\",\"description\":\"Deepspot \u27a4 KURS DPV Safety Freediver \u2714\ufe0f Najg\u0142\u0119bszy basen nurkowy w Europie (45m+) \u2714\ufe0f Krystalicznie czysta woda, jaskinie, wrak. Scuba diving i freediving przez ca\u0142y rok \u2b50 Sprawd\u017a!\",\"breadcrumb\":{\"@id\":\"https:\\\/\\\/www.deepspot.com\\\/pl\\\/dla-kogo\\\/freediving\\\/dpv-freediver\\\/#breadcrumb\"},\"inLanguage\":\"pl-PL\",\"potentialAction\":[{\"@type\":\"ReadAction\",\"target\":[\"https:\\\/\\\/www.deepspot.com\\\/pl\\\/dla-kogo\\\/freediving\\\/dpv-freediver\\\/\"]}]},{\"@type\":\"ImageObject\",\"inLanguage\":\"pl-PL\",\"@id\":\"https:\\\/\\\/www.deepspot.com\\\/pl\\\/dla-kogo\\\/freediving\\\/dpv-freediver\\\/#primaryimage\",\"url\":\"https:\\\/\\\/eco3ygde435.exactdn.com\\\/wp-content\\\/uploads\\\/sites\\\/2\\\/2025\\\/04\\\/WOJ00359-1.jpg?strip=all\",\"contentUrl\":\"https:\\\/\\\/eco3ygde435.exactdn.com\\\/wp-content\\\/uploads\\\/sites\\\/2\\\/2025\\\/04\\\/WOJ00359-1.jpg?strip=all\",\"width\":1920,\"height\":1280},{\"@type\":\"BreadcrumbList\",\"@id\":\"https:\\\/\\\/www.deepspot.com\\\/pl\\\/dla-kogo\\\/freediving\\\/dpv-freediver\\\/#breadcrumb\",\"itemListElement\":[{\"@type\":\"ListItem\",\"position\":1,\"name\":\"Strona g\u0142\u00f3wna\",\"item\":\"https:\\\/\\\/www.deepspot.com\\\/pl\\\/\"},{\"@type\":\"ListItem\",\"position\":2,\"name\":\"Dla kogo\",\"item\":\"https:\\\/\\\/www.deepspot.com\\\/pl\\\/dla-kogo\\\/\"},{\"@type\":\"ListItem\",\"position\":3,\"name\":\"Freediving\",\"item\":\"https:\\\/\\\/www.deepspot.com\\\/pl\\\/dla-kogo\\\/freediving\\\/\"},{\"@type\":\"ListItem\",\"position\":4,\"name\":\"KURS DPV Safety Freediver\"}]},{\"@type\":\"WebSite\",\"@id\":\"https:\\\/\\\/www.deepspot.com\\\/pl\\\/#website\",\"url\":\"https:\\\/\\\/www.deepspot.com\\\/pl\\\/\",\"name\":\"Deepspot\",\"description\":\"Nowy wymiar nurkowania\",\"potentialAction\":[{\"@type\":\"SearchAction\",\"target\":{\"@type\":\"EntryPoint\",\"urlTemplate\":\"https:\\\/\\\/www.deepspot.com\\\/pl\\\/?s={search_term_string}\"},\"query-input\":{\"@type\":\"PropertyValueSpecification\",\"valueRequired\":true,\"valueName\":\"search_term_string\"}}],\"inLanguage\":\"pl-PL\"}]}<\/script>\n<!-- \/ Yoast SEO plugin. -->","yoast_head_json":{"title":"KURS DPV Safety Freediver | Deepspot","description":"Deepspot \u27a4 KURS DPV Safety Freediver \u2714\ufe0f Najg\u0142\u0119bszy basen nurkowy w Europie (45m+) \u2714\ufe0f Krystalicznie czysta woda, jaskinie, wrak. Scuba diving i freediving przez ca\u0142y rok \u2b50 Sprawd\u017a!","robots":{"index":"index","follow":"follow","max-snippet":"max-snippet:-1","max-image-preview":"max-image-preview:large","max-video-preview":"max-video-preview:-1"},"canonical":"https:\/\/www.deepspot.com\/pl\/dla-kogo\/freediving\/dpv-freediver\/","og_locale":"pl_PL","og_type":"article","og_title":"KURS DPV Safety Freediver | Deepspot","og_description":"Deepspot \u27a4 KURS DPV Safety Freediver \u2714\ufe0f Najg\u0142\u0119bszy basen nurkowy w Europie (45m+) \u2714\ufe0f Krystalicznie czysta woda, jaskinie, wrak. Scuba diving i freediving przez ca\u0142y rok \u2b50 Sprawd\u017a!","og_url":"https:\/\/www.deepspot.com\/pl\/dla-kogo\/freediving\/dpv-freediver\/","og_site_name":"Deepspot","article_modified_time":"2025-11-06T12:20:03+00:00","og_image":[{"width":1920,"height":1280,"url":"https:\/\/eco3ygde435.exactdn.com\/wp-content\/uploads\/sites\/2\/2025\/04\/WOJ00359-1.jpg?strip=all","type":"image\/jpeg"}],"twitter_card":"summary_large_image","schema":{"@context":"https:\/\/schema.org","@graph":[{"@type":"WebPage","@id":"https:\/\/www.deepspot.com\/pl\/dla-kogo\/freediving\/dpv-freediver\/","url":"https:\/\/www.deepspot.com\/pl\/dla-kogo\/freediving\/dpv-freediver\/","name":"KURS DPV Safety Freediver | Deepspot","isPartOf":{"@id":"https:\/\/www.deepspot.com\/pl\/#website"},"primaryImageOfPage":{"@id":"https:\/\/www.deepspot.com\/pl\/dla-kogo\/freediving\/dpv-freediver\/#primaryimage"},"image":{"@id":"https:\/\/www.deepspot.com\/pl\/dla-kogo\/freediving\/dpv-freediver\/#primaryimage"},"thumbnailUrl":"https:\/\/eco3ygde435.exactdn.com\/wp-content\/uploads\/sites\/2\/2025\/04\/WOJ00359-1.jpg?strip=all","datePublished":"2025-04-14T10:14:42+00:00","dateModified":"2025-11-06T12:20:03+00:00","description":"Deepspot \u27a4 KURS DPV Safety Freediver \u2714\ufe0f Najg\u0142\u0119bszy basen nurkowy w Europie (45m+) \u2714\ufe0f Krystalicznie czysta woda, jaskinie, wrak. Scuba diving i freediving przez ca\u0142y rok \u2b50 Sprawd\u017a!","breadcrumb":{"@id":"https:\/\/www.deepspot.com\/pl\/dla-kogo\/freediving\/dpv-freediver\/#breadcrumb"},"inLanguage":"pl-PL","potentialAction":[{"@type":"ReadAction","target":["https:\/\/www.deepspot.com\/pl\/dla-kogo\/freediving\/dpv-freediver\/"]}]},{"@type":"ImageObject","inLanguage":"pl-PL","@id":"https:\/\/www.deepspot.com\/pl\/dla-kogo\/freediving\/dpv-freediver\/#primaryimage","url":"https:\/\/eco3ygde435.exactdn.com\/wp-content\/uploads\/sites\/2\/2025\/04\/WOJ00359-1.jpg?strip=all","contentUrl":"https:\/\/eco3ygde435.exactdn.com\/wp-content\/uploads\/sites\/2\/2025\/04\/WOJ00359-1.jpg?strip=all","width":1920,"height":1280},{"@type":"BreadcrumbList","@id":"https:\/\/www.deepspot.com\/pl\/dla-kogo\/freediving\/dpv-freediver\/#breadcrumb","itemListElement":[{"@type":"ListItem","position":1,"name":"Strona g\u0142\u00f3wna","item":"https:\/\/www.deepspot.com\/pl\/"},{"@type":"ListItem","position":2,"name":"Dla kogo","item":"https:\/\/www.deepspot.com\/pl\/dla-kogo\/"},{"@type":"ListItem","position":3,"name":"Freediving","item":"https:\/\/www.deepspot.com\/pl\/dla-kogo\/freediving\/"},{"@type":"ListItem","position":4,"name":"KURS DPV Safety Freediver"}]},{"@type":"WebSite","@id":"https:\/\/www.deepspot.com\/pl\/#website","url":"https:\/\/www.deepspot.com\/pl\/","name":"Deepspot","description":"Nowy wymiar nurkowania","potentialAction":[{"@type":"SearchAction","target":{"@type":"EntryPoint","urlTemplate":"https:\/\/www.deepspot.com\/pl\/?s={search_term_string}"},"query-input":{"@type":"PropertyValueSpecification","valueRequired":true,"valueName":"search_term_string"}}],"inLanguage":"pl-PL"}]}},"_links":{"self":[{"href":"https:\/\/www.deepspot.com\/pl\/wp-json\/wp\/v2\/pages\/49297","targetHints":{"allow":["GET"]}}],"collection":[{"href":"https:\/\/www.deepspot.com\/pl\/wp-json\/wp\/v2\/pages"}],"about":[{"href":"https:\/\/www.deepspot.com\/pl\/wp-json\/wp\/v2\/types\/page"}],"author":[{"embeddable":true,"href":"https:\/\/www.deepspot.com\/pl\/wp-json\/wp\/v2\/users\/18"}],"replies":[{"embeddable":true,"href":"https:\/\/www.deepspot.com\/pl\/wp-json\/wp\/v2\/comments?post=49297"}],"version-history":[{"count":73,"href":"https:\/\/www.deepspot.com\/pl\/wp-json\/wp\/v2\/pages\/49297\/revisions"}],"predecessor-version":[{"id":58022,"href":"https:\/\/www.deepspot.com\/pl\/wp-json\/wp\/v2\/pages\/49297\/revisions\/58022"}],"up":[{"embeddable":true,"href":"https:\/\/www.deepspot.com\/pl\/wp-json\/wp\/v2\/pages\/775"}],"wp:featuredmedia":[{"embeddable":true,"href":"https:\/\/www.deepspot.com\/pl\/wp-json\/wp\/v2\/media\/49588"}],"wp:attachment":[{"href":"https:\/\/www.deepspot.com\/pl\/wp-json\/wp\/v2\/media?parent=49297"}],"curies":[{"name":"wp","href":"https:\/\/api.w.org\/{rel}","templated":true}]}}