{"id":51276,"date":"2025-05-05T11:55:34","date_gmt":"2025-05-05T09:55:34","guid":{"rendered":"https:\/\/www.deepspot.com\/?page_id=51276"},"modified":"2025-10-15T15:35:34","modified_gmt":"2025-10-15T13:35:34","slug":"kurs-stress-rescue","status":"publish","type":"page","link":"https:\/\/www.deepspot.com\/pl\/dla-kogo\/scuba-diving\/kurs-stress-rescue\/","title":{"rendered":"Kurs Stress &amp; Rescue"},"content":{"rendered":"<div id=\"hero-block_a0d7b3a9800d189565ffae02412d82d4\" class=\"hero-block\">\r\n  <div class=\"row outer-container\">\r\n    <div>\r\n      <img decoding=\"async\" lazy src=\"data:image\/gif;base64,R0lGODlhAQABAAD\/ACwAAAAAAQABAAACADs%3D\" data-src=\"https:\/\/eco3ygde435.exactdn.com\/wp-content\/uploads\/sites\/2\/2025\/06\/rerere.jpg?strip=all\" alt=\"\">\r\n          <\/div>\r\n    <div>\r\n      <h2>B\u0105d\u017a gotowy, by zadba\u0107 o siebie i innych podczas nurkowania<\/h2><p>Chcesz czu\u0107 si\u0119 pewnie pod wod\u0105 i wiedzie\u0107, jak reagowa\u0107 w sytuacjach awaryjnych? <br>Kurs Stress &amp; Rescue to szkolenie, kt\u00f3re rozwija umiej\u0119tno\u015bci, buduje \u015bwiadomo\u015b\u0107 i uczy odpowiedzialnego nurkowania. Pod okiem instruktora nauczysz si\u0119 rozpoznawa\u0107 stres u siebie i innych, \u0107wiczy\u0107 scenariusze ratunkowe i skutecznie pomaga\u0107 partnerowi w potrzebie. To kurs dla certyfikowanych nurk\u00f3w, kt\u00f3rzy chc\u0105 zwi\u0119kszy\u0107 swoje bezpiecze\u0144stwo, pewno\u015b\u0107 i gotowo\u015b\u0107 do dzia\u0142ania w ka\u017cdej sytuacji.\r\n<br><br>\r\nZarezerwuj kurs ju\u017c dzi\u015b i zgarnij warsztat w prezencie. Do wyboru mniejsze zu\u017cycie powietrza, przygotowanie do wyjazdu nurkowego lub nurkowanie w skrzydle.<\/p>    <\/div>\r\n  <\/div>\r\n<\/div><!-- block -->\r\n\n\n<div id=\"product-details-block_447057c4fc46b36701e5a3b15ecb2a2b\" class=\"product-details-block\">\r\n  <div class=\"row container\">\r\n    <div>\r\n      <h2 class=\"title\">Opis atrakcji<\/h2>      <p class=\"desc\">Stress &amp; Rescue Diver to kurs dla nurk\u00f3w posiadaj\u0105cych certyfikacj\u0119 min. Advanced Adventurer, kt\u00f3rzy chc\u0105 zwi\u0119kszy\u0107 swoje umiej\u0119tno\u015bci, pewno\u015b\u0107 siebie i odpowiedzialno\u015b\u0107 pod wod\u0105. Szkolenie przygotowuje do skutecznego reagowania w sytuacjach stresowych i awaryjnych oraz rozwija umiej\u0119tno\u015bci pracy zespo\u0142owej.<BR>\r\nKurs realizujemy w okresie wiosenno-letnim, w miesi\u0105cach maj-wrzesie\u0144.<br><br>\r\n\r\nZanurz si\u0119 szczeg\u00f3lnie je\u015bli:<BR>\r\n\ud83e\udee7 Chcesz rozwin\u0105\u0107 swoje umiej\u0119tno\u015bci ratownicze oraz czu\u0107 si\u0119 pewniej pod wod\u0105 <br>\r\n\ud83e\udee7 Chcesz nurkowa\u0107 bardziej \u015bwiadomie i bezpiecznie<BR>\r\n\ud83e\udee7 Chcesz przygotowa\u0107 si\u0119 do kolejnych etap\u00f3w szkolenia w bezpiecznych i wyj\u0105tkowych warunkach<BR><BR>\r\n\r\nCo oferujemy?<BR>\r\n\ud83e\udee7 Trzydniowe szkolenie teoretyczne i praktyczne w kontrolowanych w Deepspot i wodach otwartych (Honoratka)<BR>\r\n\ud83e\udee7 Teori\u0119 z zakresu prewencji, rozpoznawania i zarz\u0105dzania stresem nurkowym<BR>\r\n\ud83e\udee7 \u0106wiczenia praktyczne z reagowania na wypadki, akcje ratunkowe i ewakuacj\u0119<BR>\r\n\ud83e\udee7 Symulacje rzeczywistych scenariuszy w wodzie \u2013 zar\u00f3wno na powierzchni, jak i pod wod\u0105<BR>\r\n\ud83e\udee7 Prac\u0119 zespo\u0142ow\u0105 i rozwijanie umiej\u0119tno\u015bci komunikacji w sytuacjach kryzysowych<BR>\r\n\ud83e\udee7 Materia\u0142y szkoleniowe udost\u0119pnione na stronie organizacji SSI. Zapoznaj si\u0119 z nimi przed rozpocz\u0119ciem zaj\u0119\u0107<BR>\r\n\ud83e\udee7 Wszystko, czego potrzebujesz jest w cenie. Ca\u0142y niezb\u0119dny sprz\u0119t zapewniamy my<BR>\r\n\ud83e\udee7 Kameralne grupy. Tempo zawsze dopasujemy do Ciebie<BR><BR>\r\n\r\nKursy prowadzone s\u0105 w ma\u0142ych grupach \u2013 maksymalnie 4 osoby na jednego instruktora \u2013 co daje Ci pewno\u015b\u0107, \u017ce ka\u017cdy oddech b\u0119dzie spokojny, a ka\u017cde pytanie znajdzie odpowied\u017a.<BR><BR>\r\n\r\nWarto, poniewa\u017c:<BR>\r\n\ud83e\udee7 Trenujesz w najg\u0142\u0119bszym basenie w Europie \u2013 a\u017c 45 metr\u00f3w g\u0142\u0119boko\u015bci<BR>\r\n\ud83e\udee7 Nurkowanie odbywa si\u0119 w egzotycznych warunkach \u2013 przejrzysta woda o temperaturze 32\u00b0C<BR>\r\n\ud83e\udee7 Korzystasz z nowoczesnego, regularnie serwisowanego sprz\u0119tu<BR>\r\n\ud83e\udee7 Masz wsparcie do\u015bwiadczonej, mi\u0119dzynarodowej kadry instruktor\u00f3w<BR>\r\n\ud83e\udee7 To idealne miejsce do budowania pewno\u015bci siebie i dobrej techniki<BR><BR>\r\n\r\nPo uko\u0144czeniu kursu otrzymasz mi\u0119dzynarodowy certyfikat Diver Stress &amp; Rescue w organizacji SSI.<BR><BR><BR>\r\n\r\n\r\nCo warto wiedzie\u0107?\r\n<\/p>      <ul>            <li>\r\n              <p>Czas trwania<\/p>\r\n              <strong>3 dni (ok. 20h, w tym 6 sesji basenowych)<\/strong>\r\n            <\/li>\r\n                      <li>\r\n              <p>Minimalny wiek uczestnika<\/p>\r\n              <strong>12 lat<\/strong>\r\n            <\/li>\r\n                      <li>\r\n              <p>Zanurkujesz do g\u0142\u0119boko\u015bci<\/p>\r\n              <strong>18m<\/strong>\r\n            <\/li>\r\n                      <li>\r\n              <p>W prezencie<\/p>\r\n              <strong>kr\u00f3tkie wideo z podwodnej fotobudki<\/strong>\r\n            <\/li>\r\n                      <li>\r\n              <p>Zapewniamy<\/p>\r\n              <strong>Ca\u0142y sprz\u0119t nurkowy. Zabierz ze sob\u0105 jedynie k\u0105piel\u00f3wki, r\u0119cznik i klapki<\/strong>\r\n            <\/li>\r\n                      <li>\r\n              <p>Nie zapomnij<\/p>\r\n              <strong>Dobrze si\u0119 bawi\u0107, a ca\u0142\u0105 energi\u0105 zarazimy Ci\u0119 my<\/strong>\r\n            <\/li>\r\n                      <li>\r\n              <p>Cena<\/p>\r\n              <strong>2 599 PLN <\/strong>\r\n            <\/li>\r\n          <\/ul>      <div class=\"button-list-wrap\"><div class=\"button-list button-type-both\"><div><a class=\"alternate_ybb\" href=\"https:\/\/cs.deepspot.com\/offer?steps=deepspot_diving-courses_wait-for-diving-course-list_52\" target=\"_self\"><img decoding=\"async\" lazy src=\"data:image\/gif;base64,R0lGODlhAQABAAD\/ACwAAAAAAQABAAACADs%3D\" data-src=\"https:\/\/eco3ygde435.exactdn.com\/wp-content\/uploads\/sites\/2\/2020\/08\/calendar-grid-58.png?strip=all\" alt=\"\"><strong>Zarezerwuj<\/strong><\/a><\/div><\/div><\/div>    <\/div>\r\n  <\/div>\r\n<\/div><!-- block -->\r\n\n\n<p><strong>ZDROWIE<\/strong><br data-rich-text-line-break=\"true\" \/>Nurkowanie to sport rekreacyjny dost\u0119pny niemal\u017ce dla ka\u017cdego. Je\u015bli tw\u00f3j stan zdrowia jest w dobrej kondycji, najprawdopodobniej nie potrzebujesz zgody od lekarza, nie mniej w pewnych szczeg\u00f3lnych przypadkach mo\u017ce by\u0107 ona konieczna. Je\u015bli chcesz mie\u0107 pewno\u015b\u0107, mo\u017cesz za wczasu zapozna\u0107 si\u0119 ze standardowym<br data-rich-text-line-break=\"true\" \/><a href=\"https:\/\/eco3ygde435.exactdn.com\/wp-content\/uploads\/sites\/2\/2023\/10\/TR-MEDICAL-DIVER_Polish.pdf\" target=\"_blank\" rel=\"noreferrer noopener\">formularzem medycznym<\/a>.<\/p>","protected":false},"excerpt":{"rendered":"<p>ZDROWIENurkowanie to sport rekreacyjny dost\u0119pny niemal\u017ce dla ka\u017cdego. Je\u015bli tw\u00f3j stan zdrowia jest w dobrej kondycji, najprawdopodobniej nie potrzebujesz zgody od lekarza, nie mniej w pewnych szczeg\u00f3lnych przypadkach mo\u017ce by\u0107 ona konieczna. Je\u015bli chcesz mie\u0107 pewno\u015b\u0107, mo\u017cesz za wczasu zapozna\u0107 si\u0119 ze standardowymformularzem medycznym.<\/p>\n","protected":false},"author":18,"featured_media":53362,"parent":721,"menu_order":0,"comment_status":"closed","ping_status":"closed","template":"","meta":{"_acf_changed":false,"footnotes":""},"class_list":["post-51276","page","type-page","status-publish","has-post-thumbnail","hentry"],"acf":[],"yoast_head":"<!-- This site is optimized with the Yoast SEO plugin v27.3 - https:\/\/yoast.com\/product\/yoast-seo-wordpress\/ -->\n<title>Kurs Stress &amp; Rescue | Deepspot<\/title>\n<meta name=\"description\" content=\"Deepspot \u27a4 Kurs Stress &amp; Rescue \u2714\ufe0f Najg\u0142\u0119bszy basen nurkowy w Europie (45m+) \u2714\ufe0f Krystalicznie czysta woda, jaskinie, wrak. Scuba diving i freediving przez ca\u0142y rok \u2b50 Sprawd\u017a!\" \/>\n<meta name=\"robots\" content=\"index, follow, max-snippet:-1, max-image-preview:large, max-video-preview:-1\" \/>\n<link rel=\"canonical\" href=\"https:\/\/www.deepspot.com\/pl\/dla-kogo\/scuba-diving\/kurs-stress-rescue\/\" \/>\n<meta property=\"og:locale\" content=\"pl_PL\" \/>\n<meta property=\"og:type\" content=\"article\" \/>\n<meta property=\"og:title\" content=\"Kurs Stress &amp; Rescue | Deepspot\" \/>\n<meta property=\"og:description\" content=\"Deepspot \u27a4 Kurs Stress &amp; Rescue \u2714\ufe0f Najg\u0142\u0119bszy basen nurkowy w Europie (45m+) \u2714\ufe0f Krystalicznie czysta woda, jaskinie, wrak. Scuba diving i freediving przez ca\u0142y rok \u2b50 Sprawd\u017a!\" \/>\n<meta property=\"og:url\" content=\"https:\/\/www.deepspot.com\/pl\/dla-kogo\/scuba-diving\/kurs-stress-rescue\/\" \/>\n<meta property=\"og:site_name\" content=\"Deepspot\" \/>\n<meta property=\"article:modified_time\" content=\"2025-10-15T13:35:34+00:00\" \/>\n<meta property=\"og:image\" content=\"https:\/\/eco3ygde435.exactdn.com\/wp-content\/uploads\/sites\/2\/2025\/06\/rerere.jpg?strip=all\" \/>\n\t<meta property=\"og:image:width\" content=\"1658\" \/>\n\t<meta property=\"og:image:height\" content=\"1081\" \/>\n\t<meta property=\"og:image:type\" content=\"image\/jpeg\" \/>\n<meta name=\"twitter:card\" content=\"summary_large_image\" \/>\n<script type=\"application\/ld+json\" class=\"yoast-schema-graph\">{\"@context\":\"https:\\\/\\\/schema.org\",\"@graph\":[{\"@type\":\"WebPage\",\"@id\":\"https:\\\/\\\/www.deepspot.com\\\/pl\\\/dla-kogo\\\/scuba-diving\\\/kurs-stress-rescue\\\/\",\"url\":\"https:\\\/\\\/www.deepspot.com\\\/pl\\\/dla-kogo\\\/scuba-diving\\\/kurs-stress-rescue\\\/\",\"name\":\"Kurs Stress &amp; Rescue | Deepspot\",\"isPartOf\":{\"@id\":\"https:\\\/\\\/www.deepspot.com\\\/pl\\\/#website\"},\"primaryImageOfPage\":{\"@id\":\"https:\\\/\\\/www.deepspot.com\\\/pl\\\/dla-kogo\\\/scuba-diving\\\/kurs-stress-rescue\\\/#primaryimage\"},\"image\":{\"@id\":\"https:\\\/\\\/www.deepspot.com\\\/pl\\\/dla-kogo\\\/scuba-diving\\\/kurs-stress-rescue\\\/#primaryimage\"},\"thumbnailUrl\":\"https:\\\/\\\/eco3ygde435.exactdn.com\\\/wp-content\\\/uploads\\\/sites\\\/2\\\/2025\\\/06\\\/rerere.jpg?strip=all\",\"datePublished\":\"2025-05-05T09:55:34+00:00\",\"dateModified\":\"2025-10-15T13:35:34+00:00\",\"description\":\"Deepspot \u27a4 Kurs Stress &amp; Rescue \u2714\ufe0f Najg\u0142\u0119bszy basen nurkowy w Europie (45m+) \u2714\ufe0f Krystalicznie czysta woda, jaskinie, wrak. Scuba diving i freediving przez ca\u0142y rok \u2b50 Sprawd\u017a!\",\"breadcrumb\":{\"@id\":\"https:\\\/\\\/www.deepspot.com\\\/pl\\\/dla-kogo\\\/scuba-diving\\\/kurs-stress-rescue\\\/#breadcrumb\"},\"inLanguage\":\"pl-PL\",\"potentialAction\":[{\"@type\":\"ReadAction\",\"target\":[\"https:\\\/\\\/www.deepspot.com\\\/pl\\\/dla-kogo\\\/scuba-diving\\\/kurs-stress-rescue\\\/\"]}]},{\"@type\":\"ImageObject\",\"inLanguage\":\"pl-PL\",\"@id\":\"https:\\\/\\\/www.deepspot.com\\\/pl\\\/dla-kogo\\\/scuba-diving\\\/kurs-stress-rescue\\\/#primaryimage\",\"url\":\"https:\\\/\\\/eco3ygde435.exactdn.com\\\/wp-content\\\/uploads\\\/sites\\\/2\\\/2025\\\/06\\\/rerere.jpg?strip=all\",\"contentUrl\":\"https:\\\/\\\/eco3ygde435.exactdn.com\\\/wp-content\\\/uploads\\\/sites\\\/2\\\/2025\\\/06\\\/rerere.jpg?strip=all\",\"width\":1658,\"height\":1081},{\"@type\":\"BreadcrumbList\",\"@id\":\"https:\\\/\\\/www.deepspot.com\\\/pl\\\/dla-kogo\\\/scuba-diving\\\/kurs-stress-rescue\\\/#breadcrumb\",\"itemListElement\":[{\"@type\":\"ListItem\",\"position\":1,\"name\":\"Strona g\u0142\u00f3wna\",\"item\":\"https:\\\/\\\/www.deepspot.com\\\/pl\\\/\"},{\"@type\":\"ListItem\",\"position\":2,\"name\":\"Dla kogo\",\"item\":\"https:\\\/\\\/www.deepspot.com\\\/pl\\\/dla-kogo\\\/\"},{\"@type\":\"ListItem\",\"position\":3,\"name\":\"Scuba diving\",\"item\":\"https:\\\/\\\/www.deepspot.com\\\/pl\\\/dla-kogo\\\/scuba-diving\\\/\"},{\"@type\":\"ListItem\",\"position\":4,\"name\":\"Kurs Stress &amp; Rescue\"}]},{\"@type\":\"WebSite\",\"@id\":\"https:\\\/\\\/www.deepspot.com\\\/pl\\\/#website\",\"url\":\"https:\\\/\\\/www.deepspot.com\\\/pl\\\/\",\"name\":\"Deepspot\",\"description\":\"Nowy wymiar nurkowania\",\"potentialAction\":[{\"@type\":\"SearchAction\",\"target\":{\"@type\":\"EntryPoint\",\"urlTemplate\":\"https:\\\/\\\/www.deepspot.com\\\/pl\\\/?s={search_term_string}\"},\"query-input\":{\"@type\":\"PropertyValueSpecification\",\"valueRequired\":true,\"valueName\":\"search_term_string\"}}],\"inLanguage\":\"pl-PL\"}]}<\/script>\n<!-- \/ Yoast SEO plugin. -->","yoast_head_json":{"title":"Kurs Stress &amp; Rescue | Deepspot","description":"Deepspot \u27a4 Kurs Stress &amp; Rescue \u2714\ufe0f Najg\u0142\u0119bszy basen nurkowy w Europie (45m+) \u2714\ufe0f Krystalicznie czysta woda, jaskinie, wrak. Scuba diving i freediving przez ca\u0142y rok \u2b50 Sprawd\u017a!","robots":{"index":"index","follow":"follow","max-snippet":"max-snippet:-1","max-image-preview":"max-image-preview:large","max-video-preview":"max-video-preview:-1"},"canonical":"https:\/\/www.deepspot.com\/pl\/dla-kogo\/scuba-diving\/kurs-stress-rescue\/","og_locale":"pl_PL","og_type":"article","og_title":"Kurs Stress &amp; Rescue | Deepspot","og_description":"Deepspot \u27a4 Kurs Stress &amp; Rescue \u2714\ufe0f Najg\u0142\u0119bszy basen nurkowy w Europie (45m+) \u2714\ufe0f Krystalicznie czysta woda, jaskinie, wrak. Scuba diving i freediving przez ca\u0142y rok \u2b50 Sprawd\u017a!","og_url":"https:\/\/www.deepspot.com\/pl\/dla-kogo\/scuba-diving\/kurs-stress-rescue\/","og_site_name":"Deepspot","article_modified_time":"2025-10-15T13:35:34+00:00","og_image":[{"width":1658,"height":1081,"url":"https:\/\/eco3ygde435.exactdn.com\/wp-content\/uploads\/sites\/2\/2025\/06\/rerere.jpg?strip=all","type":"image\/jpeg"}],"twitter_card":"summary_large_image","schema":{"@context":"https:\/\/schema.org","@graph":[{"@type":"WebPage","@id":"https:\/\/www.deepspot.com\/pl\/dla-kogo\/scuba-diving\/kurs-stress-rescue\/","url":"https:\/\/www.deepspot.com\/pl\/dla-kogo\/scuba-diving\/kurs-stress-rescue\/","name":"Kurs Stress &amp; Rescue | Deepspot","isPartOf":{"@id":"https:\/\/www.deepspot.com\/pl\/#website"},"primaryImageOfPage":{"@id":"https:\/\/www.deepspot.com\/pl\/dla-kogo\/scuba-diving\/kurs-stress-rescue\/#primaryimage"},"image":{"@id":"https:\/\/www.deepspot.com\/pl\/dla-kogo\/scuba-diving\/kurs-stress-rescue\/#primaryimage"},"thumbnailUrl":"https:\/\/eco3ygde435.exactdn.com\/wp-content\/uploads\/sites\/2\/2025\/06\/rerere.jpg?strip=all","datePublished":"2025-05-05T09:55:34+00:00","dateModified":"2025-10-15T13:35:34+00:00","description":"Deepspot \u27a4 Kurs Stress &amp; Rescue \u2714\ufe0f Najg\u0142\u0119bszy basen nurkowy w Europie (45m+) \u2714\ufe0f Krystalicznie czysta woda, jaskinie, wrak. Scuba diving i freediving przez ca\u0142y rok \u2b50 Sprawd\u017a!","breadcrumb":{"@id":"https:\/\/www.deepspot.com\/pl\/dla-kogo\/scuba-diving\/kurs-stress-rescue\/#breadcrumb"},"inLanguage":"pl-PL","potentialAction":[{"@type":"ReadAction","target":["https:\/\/www.deepspot.com\/pl\/dla-kogo\/scuba-diving\/kurs-stress-rescue\/"]}]},{"@type":"ImageObject","inLanguage":"pl-PL","@id":"https:\/\/www.deepspot.com\/pl\/dla-kogo\/scuba-diving\/kurs-stress-rescue\/#primaryimage","url":"https:\/\/eco3ygde435.exactdn.com\/wp-content\/uploads\/sites\/2\/2025\/06\/rerere.jpg?strip=all","contentUrl":"https:\/\/eco3ygde435.exactdn.com\/wp-content\/uploads\/sites\/2\/2025\/06\/rerere.jpg?strip=all","width":1658,"height":1081},{"@type":"BreadcrumbList","@id":"https:\/\/www.deepspot.com\/pl\/dla-kogo\/scuba-diving\/kurs-stress-rescue\/#breadcrumb","itemListElement":[{"@type":"ListItem","position":1,"name":"Strona g\u0142\u00f3wna","item":"https:\/\/www.deepspot.com\/pl\/"},{"@type":"ListItem","position":2,"name":"Dla kogo","item":"https:\/\/www.deepspot.com\/pl\/dla-kogo\/"},{"@type":"ListItem","position":3,"name":"Scuba diving","item":"https:\/\/www.deepspot.com\/pl\/dla-kogo\/scuba-diving\/"},{"@type":"ListItem","position":4,"name":"Kurs Stress &amp; Rescue"}]},{"@type":"WebSite","@id":"https:\/\/www.deepspot.com\/pl\/#website","url":"https:\/\/www.deepspot.com\/pl\/","name":"Deepspot","description":"Nowy wymiar nurkowania","potentialAction":[{"@type":"SearchAction","target":{"@type":"EntryPoint","urlTemplate":"https:\/\/www.deepspot.com\/pl\/?s={search_term_string}"},"query-input":{"@type":"PropertyValueSpecification","valueRequired":true,"valueName":"search_term_string"}}],"inLanguage":"pl-PL"}]}},"_links":{"self":[{"href":"https:\/\/www.deepspot.com\/pl\/wp-json\/wp\/v2\/pages\/51276","targetHints":{"allow":["GET"]}}],"collection":[{"href":"https:\/\/www.deepspot.com\/pl\/wp-json\/wp\/v2\/pages"}],"about":[{"href":"https:\/\/www.deepspot.com\/pl\/wp-json\/wp\/v2\/types\/page"}],"author":[{"embeddable":true,"href":"https:\/\/www.deepspot.com\/pl\/wp-json\/wp\/v2\/users\/18"}],"replies":[{"embeddable":true,"href":"https:\/\/www.deepspot.com\/pl\/wp-json\/wp\/v2\/comments?post=51276"}],"version-history":[{"count":15,"href":"https:\/\/www.deepspot.com\/pl\/wp-json\/wp\/v2\/pages\/51276\/revisions"}],"predecessor-version":[{"id":57488,"href":"https:\/\/www.deepspot.com\/pl\/wp-json\/wp\/v2\/pages\/51276\/revisions\/57488"}],"up":[{"embeddable":true,"href":"https:\/\/www.deepspot.com\/pl\/wp-json\/wp\/v2\/pages\/721"}],"wp:featuredmedia":[{"embeddable":true,"href":"https:\/\/www.deepspot.com\/pl\/wp-json\/wp\/v2\/media\/53362"}],"wp:attachment":[{"href":"https:\/\/www.deepspot.com\/pl\/wp-json\/wp\/v2\/media?parent=51276"}],"curies":[{"name":"wp","href":"https:\/\/api.w.org\/{rel}","templated":true}]}}