{"id":54007,"date":"2025-06-23T12:45:11","date_gmt":"2025-06-23T10:45:11","guid":{"rendered":"https:\/\/www.deepspot.com\/?page_id=54007"},"modified":"2025-10-29T12:11:06","modified_gmt":"2025-10-29T11:11:06","slug":"kurs-computer-diving","status":"publish","type":"page","link":"https:\/\/www.deepspot.com\/pl\/dla-kogo\/scuba-diving\/kurs-computer-diving\/","title":{"rendered":"Kurs Computer Diving"},"content":{"rendered":"\n<p><\/p>\n\n\n\n<p><\/p>\n\n\n<div id=\"hero-block_86537aa512f63afd54905586a572ba9d\" class=\"hero-block\">\r\n  <div class=\"row outer-container\">\r\n    <div>\r\n      <img decoding=\"async\" lazy src=\"data:image\/gif;base64,R0lGODlhAQABAAD\/ACwAAAAAAQABAAACADs%3D\" data-src=\"https:\/\/eco3ygde435.exactdn.com\/wp-content\/uploads\/sites\/2\/2025\/07\/dobr.jpg?strip=all\" alt=\"\">\r\n          <\/div>\r\n    <div>\r\n      <h2>Komputer nurkowy &#8211; tw\u00f3j najlepszy partner!<\/h2><p>Masz komputer nurkowy, ale nadal nie wiesz, co w\u0142a\u015bciwie Ci pokazuje? Czas to zmieni\u0107! Naucz si\u0119 wykorzystywa\u0107 jego mo\u017cliwo\u015bci na maksa i nurkuj bezpieczniej, pewniej i\u2026 z technologicznym luzem. Ten kurs to nie sucha teoria \u2013 to Twoje pierwsze powa\u017cne partnerstwo z elektronik\u0105 pod wod\u0105.<\/p>    <\/div>\r\n  <\/div>\r\n<\/div><!-- block -->\r\n\n\n<div id=\"product-details-block_32e4ead7365806b9b962ffdb371e70a6\" class=\"product-details-block\">\r\n  <div class=\"row container\">\r\n    <div>\r\n      <h2 class=\"title\">Opis atrakcji<\/h2>      <p class=\"desc\">Chcesz zrozumie\u0107, co m\u00f3wi do Ciebie Tw\u00f3j komputer nurkowy?<br>\r\nKurs <strong>Computer Diving<\/strong> to idealna okazja, by przesta\u0107 klika\u0107 \u201ena czuja\u201d i zacz\u0105\u0107 nurkowa\u0107 \u015bwiadomie. Pod okiem do\u015bwiadczonego instruktora nauczysz si\u0119 wykorzystywa\u0107 wszystkie funkcje komputera nurkowego \u2013 od ustawie\u0144 gaz\u00f3w po analiz\u0119 log\u00f3w nurkowych. Bez stresu, bez zgadywania \u2013 po tym kursie komputer stanie si\u0119 Twoim nurkowym partnerem, a nie tylko kolorowym gad\u017cetem na nadgarstku.<br><br>\r\n\r\nZanurz si\u0119 w ofert\u0119 je\u015bli:<br>\r\n\ud83e\udee7 Chcesz nurkowa\u0107 bezpieczniej i pewniej, opieraj\u0105c decyzje na wiedzy i analizie. \u015awiadomie planowa\u0107 nurkowania i rozumie\u0107 dane z komputera nurkowego<br>\r\n\ud83e\udee7 Masz do\u015b\u0107 \u201ezgadywania\u201d co oznaczaj\u0105 alerty, last stopy i parcja\u0142y<br>\r\n\ud83e\udee7 Posiadasz certyfikat min. Indoor Diver\/OWD z uko\u0144czon\u0105 specjalizacj\u0105 Enriched Air Nitrox (EAN) 40 i chcesz rozszerza\u0107 swoje umiej\u0119tno\u015bci<br><br>\r\n\r\n<b>Co oferujemy?<\/b><br>\r\n\ud83e\udee7 Kilkugodzinne szkolenie \u0142\u0105cz\u0105ce teori\u0119, nurkowania i om\u00f3wienie praktycznych scenariuszy wraz z analiz\u0105 ustawie\u0144 i parametr\u00f3w<br>\r\n\ud83e\udee7 Wsp\u00f3lna analiza danych po nurkowaniu \u2013 co pokaza\u0142 komputer i jak to wykorzysta\u0107 w przysz\u0142o\u015bci, analiza ustawie\u0144 i parametr\u00f3w nurkowania<br>\r\n\ud83e\udee7 Materia\u0142y szkoleniowe udost\u0119pnione na stronie organizacji SSI. Zapoznaj si\u0119 z nimi przed rozpocz\u0119ciem kursu<br>\r\n\ud83e\udee7 Wszystko, czego potrzebujesz jest w cenie. Ca\u0142y niezb\u0119dny sprz\u0119t zapewniamy my<br>\r\n\ud83e\udee7 Kameralne grupy lub zaj\u0119cia indywidualne. Tempo zawsze dopasujemy do Ciebie<br><br>\r\n\r\nKursy prowadzone s\u0105 w ma\u0142ych grupach \u2013 maksymalnie 8 os\u00f3b na jednego instruktora \u2013 co daje Ci pewno\u015b\u0107, \u017ce ka\u017cdy oddech b\u0119dzie spokojny, a ka\u017cde pytanie znajdzie odpowied\u017a.\r\n<br><br>\r\n\r\nWarto, poniewa\u017c:<br>\r\n\ud83e\udee7 Trenujesz w najg\u0142\u0119bszym basenie w Europie \u2013 a\u017c 45 metr\u00f3w g\u0142\u0119boko\u015bci<br>\r\n\ud83e\udee7 Nurkowanie odbywa si\u0119 w egzotycznych warunkach \u2013 przejrzysta woda o temperaturze 32\u00b0C<br>\r\n\ud83e\udee7 Korzystasz z nowoczesnego, regularnie serwisowanego sprz\u0119tu<br>\r\n\ud83e\udee7 Masz wsparcie do\u015bwiadczonej, mi\u0119dzynarodowej kadry instruktor\u00f3w<br>\r\n\ud83e\udee7 To idealne miejsce do budowania pewno\u015bci siebie i dobrej techniki<br><br>\r\n\r\n<strong>Po uko\u0144czeniu kursu otrzymasz certyfikat Computer Diving<\/strong> w organizacji SSI i zyskasz jedn\u0105 z czterech specjalizacji wymaganych do zdobycia stopnia <strong>SSI Advanced Open Water Diver<\/strong>.\r\n<br><br><br>\r\n\r\nCo warto wiedzie\u0107?<\/p>      <ul>            <li>\r\n              <p>czas trwania <\/p>\r\n              <strong>1 dzie\u0144 (ok. 5,5h w tym jedna sesja basenowa)<\/strong>\r\n            <\/li>\r\n                      <li>\r\n              <p>Minimalny wiek uczestnika<\/p>\r\n              <strong>15 lat<\/strong>\r\n            <\/li>\r\n                      <li>\r\n              <p>Zanurkujesz do g\u0142\u0119boko\u015bci<\/p>\r\n              <strong>okre\u015blonej przez certyfikacj\u0119, maksymalnie 30M<\/strong>\r\n            <\/li>\r\n                      <li>\r\n              <p>W prezencie<\/p>\r\n              <strong>okre\u015blonej przez certyfikacj\u0119, maksymalnie 30M<\/strong>\r\n            <\/li>\r\n                      <li>\r\n              <p>Zapewniamy<\/p>\r\n              <strong>Ca\u0142y sprz\u0119t nurkowy. Zabierz ze sob\u0105 jedynie k\u0105piel\u00f3wki, r\u0119cznik i klapki<\/strong>\r\n            <\/li>\r\n                      <li>\r\n              <p>Nie zapomnij<\/p>\r\n              <strong>Dobrze si\u0119 bawi\u0107, a ca\u0142\u0105 energi\u0105 zarazimy Ci\u0119 my<\/strong>\r\n            <\/li>\r\n                      <li>\r\n              <p>Cena:<\/p>\r\n              <strong>699 PLN<\/strong>\r\n            <\/li>\r\n          <\/ul>      <div class=\"button-list-wrap\"><div class=\"button-list button-type-both\"><div><a class=\"alternate_ybb\" href=\"https:\/\/cs.deepspot.com\/offer?steps=deepspot_diving-courses_wait-for-diving-course-list_54\" target=\"_self\"><img decoding=\"async\" lazy src=\"data:image\/gif;base64,R0lGODlhAQABAAD\/ACwAAAAAAQABAAACADs%3D\" data-src=\"https:\/\/eco3ygde435.exactdn.com\/wp-content\/uploads\/sites\/2\/2020\/08\/calendar-grid-58.png?strip=all\" alt=\"\"><strong>Zarezerwuj<\/strong><\/a><\/div><div><a class=\"alternate_ybb\" href=\"https:\/\/sklep.deepspot.com\/vouchery\/kurs-computer-diving\" target=\"_self\"><img decoding=\"async\" lazy src=\"data:image\/gif;base64,R0lGODlhAQABAAD\/ACwAAAAAAQABAAACADs%3D\" data-src=\"https:\/\/eco3ygde435.exactdn.com\/wp-content\/uploads\/sites\/2\/2020\/08\/paper-diploma.png?strip=all\" alt=\"\"><strong>Zam\u00f3w voucher<\/strong><\/a><\/div><\/div><\/div>    <\/div>\r\n  <\/div>\r\n<\/div><!-- block -->\r\n\n\n<p><strong>ZDROWIE<\/strong><br data-rich-text-line-break=\"true\" \/>Nurkowanie to sport rekreacyjny dost\u0119pny niemal\u017ce dla ka\u017cdego. Je\u015bli tw\u00f3j stan zdrowia jest w dobrej kondycji, najprawdopodobniej nie potrzebujesz zgody od lekarza, nie mniej w pewnych szczeg\u00f3lnych przypadkach mo\u017ce by\u0107 ona konieczna. Je\u015bli chcesz mie\u0107 pewno\u015b\u0107, mo\u017cesz za wczasu zapozna\u0107 si\u0119 ze standardowym<br data-rich-text-line-break=\"true\" \/><a href=\"https:\/\/eco3ygde435.exactdn.com\/wp-content\/uploads\/sites\/2\/2023\/10\/TR-MEDICAL-DIVER_Polish.pdf\" target=\"_blank\" rel=\"noreferrer noopener\">formularzem medycznym<\/a>.<\/p>\n\n<div id=\"step-guide-icons-block_9d6b2086f0a21e434e36f4db11bb6663\" class=\"step-guide-icons-block\">\r\n  <div class=\"row container\">\r\n    <div>\r\n      <div class=\"title\">Plan dnia<\/div>      <ul>            <li data-count=\"01\">\r\n              <div class=\"icon-wrap\"><img decoding=\"async\" lazy src=\"data:image\/gif;base64,R0lGODlhAQABAAD\/ACwAAAAAAQABAAACADs%3D\" data-src=\"\" alt=\"\"><\/div>\r\n              <p>Dobrze si\u0119 bawi\u0107, a ca\u0142\u0105 energi\u0105 zarazimy Ci\u0119 my<br \/>\r\n<\/p>\r\n                          <\/li>\r\n                      <li data-count=\"02\">\r\n              <div class=\"icon-wrap\"><img decoding=\"async\" lazy src=\"data:image\/gif;base64,R0lGODlhAQABAAD\/ACwAAAAAAQABAAACADs%3D\" data-src=\"\" alt=\"\"><\/div>\r\n              <p>Zarezerwuj termin \u2013 online, szybko i wygodnie<br \/>\r\n<\/p>\r\n                          <\/li>\r\n                      <li data-count=\"03\">\r\n              <div class=\"icon-wrap\"><img decoding=\"async\" lazy src=\"data:image\/gif;base64,R0lGODlhAQABAAD\/ACwAAAAAAQABAAACADs%3D\" data-src=\"\" alt=\"\"><\/div>\r\n              <p>Uzupe\u0142nij dane uczestnik\u00f3w \u2013 przez swoje konto, to zajmie tylko chwilk\u0119<br \/>\r\n<br \/>\r\n<\/p>\r\n                          <\/li>\r\n                      <li data-count=\"04\">\r\n              <div class=\"icon-wrap\"><img decoding=\"async\" lazy src=\"data:image\/gif;base64,R0lGODlhAQABAAD\/ACwAAAAAAQABAAACADs%3D\" data-src=\"\" alt=\"\"><\/div>\r\n              <p>Przyjd\u017a 30 min wcze\u015bniej \u2013 na spokojnie si\u0119 przygotujesz<br \/>\r\n<\/p>\r\n                          <\/li>\r\n                      <li data-count=\"05\">\r\n              <div class=\"icon-wrap\"><img decoding=\"async\" lazy src=\"data:image\/gif;base64,R0lGODlhAQABAAD\/ACwAAAAAAQABAAACADs%3D\" data-src=\"\" alt=\"\"><\/div>\r\n              <p>Zanurkuj \u2013 baw si\u0119 dobrze<br \/>\r\n<br \/>\r\n<\/p>\r\n                          <\/li>\r\n                      <li data-count=\"06\">\r\n              <div class=\"icon-wrap\"><img decoding=\"async\" lazy src=\"data:image\/gif;base64,R0lGODlhAQABAAD\/ACwAAAAAAQABAAACADs%3D\" data-src=\"\" alt=\"\"><\/div>\r\n              <p>Z\u0142ap bakcyla i wr\u00f3\u0107 po wi\u0119cej \u2013 nurkowanie wci\u0105ga!<br \/>\r\n<\/p>\r\n                          <\/li>\r\n          <\/ul>    <\/div>\r\n  <\/div>\r\n<\/div><!-- block -->\r\n\n\n<div id=\"download-block_d0cca5817f6a6fdcea9e1714ec89bf4e\" class=\"download-block\">\r\n  <div class=\"row container\">\r\n    <div>\r\n      <h2 class=\"title\">Dokumenty<\/h2>      <ul>            <li>\r\n              <a href=\"https:\/\/www.deepspot.com\/wp-content\/uploads\/sites\/2\/2022\/09\/Limityglebokosci_DoPodpisywania_PL.pdf\" download>\r\n                <div>\r\n                  <img decoding=\"async\" lazy src=\"data:image\/gif;base64,R0lGODlhAQABAAD\/ACwAAAAAAQABAAACADs%3D\" data-src=\"https:\/\/www.deepspot.com\/wp-content\/themes\/deepspotflyspotWPML\/images\/dots-download.svg\">\r\n                  <p>ZASADY I ZALECENIA ODNO\u015aNIE LIMIT\u00d3W G\u0141\u0118BOKO\u015aCI DLA NURKOWANIA SCUBA <\/p>\r\n                <\/div>\r\n              <\/a>\r\n            <\/li>\r\n                      <li>\r\n              <a href=\"https:\/\/www.deepspot.com\/wp-content\/uploads\/sites\/2\/2023\/08\/FomularzMedyczny2023_PL_do_wgladu.pdf\" download>\r\n                <div>\r\n                  <img decoding=\"async\" lazy src=\"data:image\/gif;base64,R0lGODlhAQABAAD\/ACwAAAAAAQABAAACADs%3D\" data-src=\"https:\/\/www.deepspot.com\/wp-content\/themes\/deepspotflyspotWPML\/images\/dots-download.svg\">\r\n                  <p>Formularz Medyczny<\/p>\r\n                <\/div>\r\n              <\/a>\r\n            <\/li>\r\n          <\/ul>    <\/div>\r\n  <\/div>\r\n<\/div><!-- block -->\r\n","protected":false},"excerpt":{"rendered":"<p>ZDROWIENurkowanie to sport rekreacyjny dost\u0119pny niemal\u017ce dla ka\u017cdego. Je\u015bli tw\u00f3j stan zdrowia jest w dobrej kondycji, najprawdopodobniej nie potrzebujesz zgody od lekarza, nie mniej w pewnych szczeg\u00f3lnych przypadkach mo\u017ce by\u0107 ona konieczna. Je\u015bli chcesz mie\u0107 pewno\u015b\u0107, mo\u017cesz za wczasu zapozna\u0107 si\u0119 ze standardowymformularzem medycznym.<\/p>\n","protected":false},"author":18,"featured_media":55020,"parent":721,"menu_order":3,"comment_status":"closed","ping_status":"closed","template":"","meta":{"_acf_changed":false,"footnotes":""},"class_list":["post-54007","page","type-page","status-publish","has-post-thumbnail","hentry"],"acf":[],"yoast_head":"<!-- This site is optimized with the Yoast SEO plugin v27.3 - https:\/\/yoast.com\/product\/yoast-seo-wordpress\/ -->\n<title>Kurs Computer Diving | Deepspot<\/title>\n<meta name=\"description\" content=\"Deepspot \u27a4 Kurs Computer Diving \u2714\ufe0f Najg\u0142\u0119bszy basen nurkowy w Europie (45m+) \u2714\ufe0f Krystalicznie czysta woda, jaskinie, wrak. Scuba diving i freediving przez ca\u0142y rok \u2b50 Sprawd\u017a!\" \/>\n<meta name=\"robots\" content=\"index, follow, max-snippet:-1, max-image-preview:large, max-video-preview:-1\" \/>\n<link rel=\"canonical\" href=\"https:\/\/www.deepspot.com\/pl\/dla-kogo\/scuba-diving\/kurs-computer-diving\/\" \/>\n<meta property=\"og:locale\" content=\"pl_PL\" \/>\n<meta property=\"og:type\" content=\"article\" \/>\n<meta property=\"og:title\" content=\"Kurs Computer Diving | Deepspot\" \/>\n<meta property=\"og:description\" content=\"Deepspot \u27a4 Kurs Computer Diving \u2714\ufe0f Najg\u0142\u0119bszy basen nurkowy w Europie (45m+) \u2714\ufe0f Krystalicznie czysta woda, jaskinie, wrak. Scuba diving i freediving przez ca\u0142y rok \u2b50 Sprawd\u017a!\" \/>\n<meta property=\"og:url\" content=\"https:\/\/www.deepspot.com\/pl\/dla-kogo\/scuba-diving\/kurs-computer-diving\/\" \/>\n<meta property=\"og:site_name\" content=\"Deepspot\" \/>\n<meta property=\"article:modified_time\" content=\"2025-10-29T11:11:06+00:00\" \/>\n<meta property=\"og:image\" content=\"https:\/\/eco3ygde435.exactdn.com\/wp-content\/uploads\/sites\/2\/2025\/07\/copm.jpg?strip=all\" \/>\n\t<meta property=\"og:image:width\" content=\"1674\" \/>\n\t<meta property=\"og:image:height\" content=\"966\" \/>\n\t<meta property=\"og:image:type\" content=\"image\/jpeg\" \/>\n<meta name=\"twitter:card\" content=\"summary_large_image\" \/>\n<script type=\"application\/ld+json\" class=\"yoast-schema-graph\">{\"@context\":\"https:\\\/\\\/schema.org\",\"@graph\":[{\"@type\":\"WebPage\",\"@id\":\"https:\\\/\\\/www.deepspot.com\\\/pl\\\/dla-kogo\\\/scuba-diving\\\/kurs-computer-diving\\\/\",\"url\":\"https:\\\/\\\/www.deepspot.com\\\/pl\\\/dla-kogo\\\/scuba-diving\\\/kurs-computer-diving\\\/\",\"name\":\"Kurs Computer Diving | Deepspot\",\"isPartOf\":{\"@id\":\"https:\\\/\\\/www.deepspot.com\\\/pl\\\/#website\"},\"primaryImageOfPage\":{\"@id\":\"https:\\\/\\\/www.deepspot.com\\\/pl\\\/dla-kogo\\\/scuba-diving\\\/kurs-computer-diving\\\/#primaryimage\"},\"image\":{\"@id\":\"https:\\\/\\\/www.deepspot.com\\\/pl\\\/dla-kogo\\\/scuba-diving\\\/kurs-computer-diving\\\/#primaryimage\"},\"thumbnailUrl\":\"https:\\\/\\\/eco3ygde435.exactdn.com\\\/wp-content\\\/uploads\\\/sites\\\/2\\\/2025\\\/07\\\/copm.jpg?strip=all\",\"datePublished\":\"2025-06-23T10:45:11+00:00\",\"dateModified\":\"2025-10-29T11:11:06+00:00\",\"description\":\"Deepspot \u27a4 Kurs Computer Diving \u2714\ufe0f Najg\u0142\u0119bszy basen nurkowy w Europie (45m+) \u2714\ufe0f Krystalicznie czysta woda, jaskinie, wrak. Scuba diving i freediving przez ca\u0142y rok \u2b50 Sprawd\u017a!\",\"breadcrumb\":{\"@id\":\"https:\\\/\\\/www.deepspot.com\\\/pl\\\/dla-kogo\\\/scuba-diving\\\/kurs-computer-diving\\\/#breadcrumb\"},\"inLanguage\":\"pl-PL\",\"potentialAction\":[{\"@type\":\"ReadAction\",\"target\":[\"https:\\\/\\\/www.deepspot.com\\\/pl\\\/dla-kogo\\\/scuba-diving\\\/kurs-computer-diving\\\/\"]}]},{\"@type\":\"ImageObject\",\"inLanguage\":\"pl-PL\",\"@id\":\"https:\\\/\\\/www.deepspot.com\\\/pl\\\/dla-kogo\\\/scuba-diving\\\/kurs-computer-diving\\\/#primaryimage\",\"url\":\"https:\\\/\\\/eco3ygde435.exactdn.com\\\/wp-content\\\/uploads\\\/sites\\\/2\\\/2025\\\/07\\\/copm.jpg?strip=all\",\"contentUrl\":\"https:\\\/\\\/eco3ygde435.exactdn.com\\\/wp-content\\\/uploads\\\/sites\\\/2\\\/2025\\\/07\\\/copm.jpg?strip=all\",\"width\":1674,\"height\":966},{\"@type\":\"BreadcrumbList\",\"@id\":\"https:\\\/\\\/www.deepspot.com\\\/pl\\\/dla-kogo\\\/scuba-diving\\\/kurs-computer-diving\\\/#breadcrumb\",\"itemListElement\":[{\"@type\":\"ListItem\",\"position\":1,\"name\":\"Strona g\u0142\u00f3wna\",\"item\":\"https:\\\/\\\/www.deepspot.com\\\/pl\\\/\"},{\"@type\":\"ListItem\",\"position\":2,\"name\":\"Dla kogo\",\"item\":\"https:\\\/\\\/www.deepspot.com\\\/pl\\\/dla-kogo\\\/\"},{\"@type\":\"ListItem\",\"position\":3,\"name\":\"Scuba diving\",\"item\":\"https:\\\/\\\/www.deepspot.com\\\/pl\\\/dla-kogo\\\/scuba-diving\\\/\"},{\"@type\":\"ListItem\",\"position\":4,\"name\":\"Kurs Computer Diving\"}]},{\"@type\":\"WebSite\",\"@id\":\"https:\\\/\\\/www.deepspot.com\\\/pl\\\/#website\",\"url\":\"https:\\\/\\\/www.deepspot.com\\\/pl\\\/\",\"name\":\"Deepspot\",\"description\":\"Nowy wymiar nurkowania\",\"potentialAction\":[{\"@type\":\"SearchAction\",\"target\":{\"@type\":\"EntryPoint\",\"urlTemplate\":\"https:\\\/\\\/www.deepspot.com\\\/pl\\\/?s={search_term_string}\"},\"query-input\":{\"@type\":\"PropertyValueSpecification\",\"valueRequired\":true,\"valueName\":\"search_term_string\"}}],\"inLanguage\":\"pl-PL\"}]}<\/script>\n<!-- \/ Yoast SEO plugin. -->","yoast_head_json":{"title":"Kurs Computer Diving | Deepspot","description":"Deepspot \u27a4 Kurs Computer Diving \u2714\ufe0f Najg\u0142\u0119bszy basen nurkowy w Europie (45m+) \u2714\ufe0f Krystalicznie czysta woda, jaskinie, wrak. Scuba diving i freediving przez ca\u0142y rok \u2b50 Sprawd\u017a!","robots":{"index":"index","follow":"follow","max-snippet":"max-snippet:-1","max-image-preview":"max-image-preview:large","max-video-preview":"max-video-preview:-1"},"canonical":"https:\/\/www.deepspot.com\/pl\/dla-kogo\/scuba-diving\/kurs-computer-diving\/","og_locale":"pl_PL","og_type":"article","og_title":"Kurs Computer Diving | Deepspot","og_description":"Deepspot \u27a4 Kurs Computer Diving \u2714\ufe0f Najg\u0142\u0119bszy basen nurkowy w Europie (45m+) \u2714\ufe0f Krystalicznie czysta woda, jaskinie, wrak. Scuba diving i freediving przez ca\u0142y rok \u2b50 Sprawd\u017a!","og_url":"https:\/\/www.deepspot.com\/pl\/dla-kogo\/scuba-diving\/kurs-computer-diving\/","og_site_name":"Deepspot","article_modified_time":"2025-10-29T11:11:06+00:00","og_image":[{"width":1674,"height":966,"url":"https:\/\/eco3ygde435.exactdn.com\/wp-content\/uploads\/sites\/2\/2025\/07\/copm.jpg?strip=all","type":"image\/jpeg"}],"twitter_card":"summary_large_image","schema":{"@context":"https:\/\/schema.org","@graph":[{"@type":"WebPage","@id":"https:\/\/www.deepspot.com\/pl\/dla-kogo\/scuba-diving\/kurs-computer-diving\/","url":"https:\/\/www.deepspot.com\/pl\/dla-kogo\/scuba-diving\/kurs-computer-diving\/","name":"Kurs Computer Diving | Deepspot","isPartOf":{"@id":"https:\/\/www.deepspot.com\/pl\/#website"},"primaryImageOfPage":{"@id":"https:\/\/www.deepspot.com\/pl\/dla-kogo\/scuba-diving\/kurs-computer-diving\/#primaryimage"},"image":{"@id":"https:\/\/www.deepspot.com\/pl\/dla-kogo\/scuba-diving\/kurs-computer-diving\/#primaryimage"},"thumbnailUrl":"https:\/\/eco3ygde435.exactdn.com\/wp-content\/uploads\/sites\/2\/2025\/07\/copm.jpg?strip=all","datePublished":"2025-06-23T10:45:11+00:00","dateModified":"2025-10-29T11:11:06+00:00","description":"Deepspot \u27a4 Kurs Computer Diving \u2714\ufe0f Najg\u0142\u0119bszy basen nurkowy w Europie (45m+) \u2714\ufe0f Krystalicznie czysta woda, jaskinie, wrak. Scuba diving i freediving przez ca\u0142y rok \u2b50 Sprawd\u017a!","breadcrumb":{"@id":"https:\/\/www.deepspot.com\/pl\/dla-kogo\/scuba-diving\/kurs-computer-diving\/#breadcrumb"},"inLanguage":"pl-PL","potentialAction":[{"@type":"ReadAction","target":["https:\/\/www.deepspot.com\/pl\/dla-kogo\/scuba-diving\/kurs-computer-diving\/"]}]},{"@type":"ImageObject","inLanguage":"pl-PL","@id":"https:\/\/www.deepspot.com\/pl\/dla-kogo\/scuba-diving\/kurs-computer-diving\/#primaryimage","url":"https:\/\/eco3ygde435.exactdn.com\/wp-content\/uploads\/sites\/2\/2025\/07\/copm.jpg?strip=all","contentUrl":"https:\/\/eco3ygde435.exactdn.com\/wp-content\/uploads\/sites\/2\/2025\/07\/copm.jpg?strip=all","width":1674,"height":966},{"@type":"BreadcrumbList","@id":"https:\/\/www.deepspot.com\/pl\/dla-kogo\/scuba-diving\/kurs-computer-diving\/#breadcrumb","itemListElement":[{"@type":"ListItem","position":1,"name":"Strona g\u0142\u00f3wna","item":"https:\/\/www.deepspot.com\/pl\/"},{"@type":"ListItem","position":2,"name":"Dla kogo","item":"https:\/\/www.deepspot.com\/pl\/dla-kogo\/"},{"@type":"ListItem","position":3,"name":"Scuba diving","item":"https:\/\/www.deepspot.com\/pl\/dla-kogo\/scuba-diving\/"},{"@type":"ListItem","position":4,"name":"Kurs Computer Diving"}]},{"@type":"WebSite","@id":"https:\/\/www.deepspot.com\/pl\/#website","url":"https:\/\/www.deepspot.com\/pl\/","name":"Deepspot","description":"Nowy wymiar nurkowania","potentialAction":[{"@type":"SearchAction","target":{"@type":"EntryPoint","urlTemplate":"https:\/\/www.deepspot.com\/pl\/?s={search_term_string}"},"query-input":{"@type":"PropertyValueSpecification","valueRequired":true,"valueName":"search_term_string"}}],"inLanguage":"pl-PL"}]}},"_links":{"self":[{"href":"https:\/\/www.deepspot.com\/pl\/wp-json\/wp\/v2\/pages\/54007","targetHints":{"allow":["GET"]}}],"collection":[{"href":"https:\/\/www.deepspot.com\/pl\/wp-json\/wp\/v2\/pages"}],"about":[{"href":"https:\/\/www.deepspot.com\/pl\/wp-json\/wp\/v2\/types\/page"}],"author":[{"embeddable":true,"href":"https:\/\/www.deepspot.com\/pl\/wp-json\/wp\/v2\/users\/18"}],"replies":[{"embeddable":true,"href":"https:\/\/www.deepspot.com\/pl\/wp-json\/wp\/v2\/comments?post=54007"}],"version-history":[{"count":28,"href":"https:\/\/www.deepspot.com\/pl\/wp-json\/wp\/v2\/pages\/54007\/revisions"}],"predecessor-version":[{"id":57784,"href":"https:\/\/www.deepspot.com\/pl\/wp-json\/wp\/v2\/pages\/54007\/revisions\/57784"}],"up":[{"embeddable":true,"href":"https:\/\/www.deepspot.com\/pl\/wp-json\/wp\/v2\/pages\/721"}],"wp:featuredmedia":[{"embeddable":true,"href":"https:\/\/www.deepspot.com\/pl\/wp-json\/wp\/v2\/media\/55020"}],"wp:attachment":[{"href":"https:\/\/www.deepspot.com\/pl\/wp-json\/wp\/v2\/media?parent=54007"}],"curies":[{"name":"wp","href":"https:\/\/api.w.org\/{rel}","templated":true}]}}