{"id":56317,"date":"2025-09-16T15:53:38","date_gmt":"2025-09-16T13:53:38","guid":{"rendered":"https:\/\/www.deepspot.com\/?page_id=56317"},"modified":"2025-09-16T15:53:41","modified_gmt":"2025-09-16T13:53:41","slug":"upgrade-mermaid","status":"publish","type":"page","link":"https:\/\/www.deepspot.com\/pl\/dla-kogo\/freediving\/upgrade-mermaid\/","title":{"rendered":"Upgrade Mermaid"},"content":{"rendered":"<div id=\"hero-block_2c0d3e185836eeea5c74250f349663e2\" class=\"hero-block\">\r\n  <div class=\"row outer-container\">\r\n    <div>\r\n      <img decoding=\"async\" lazy src=\"data:image\/gif;base64,R0lGODlhAQABAAD\/ACwAAAAAAQABAAACADs%3D\" data-src=\"https:\/\/eco3ygde435.exactdn.com\/wp-content\/uploads\/sites\/2\/2021\/10\/try-mermaid_11-05-Duzy-e1633609484907.jpg?strip=all\" alt=\"\">\r\n          <\/div>\r\n    <div>\r\n      <h2> Mermaid Ocean<\/h2><p>Zastanawiasz si\u0119, czy \u015bwiat Syren to co\u015b dla Ciebie? We\u017a udzia\u0142 w zaj\u0119ciach \u201eTry Mermaid\u201d i przekonaj si\u0119 na w\u0142asnej sk\u00f3rze! Pod okiem instruktora zapoznasz si\u0119 ze sprz\u0119tem u\u017cywanym do p\u0142ywania w syrenim ogonie, nauczysz si\u0119 podstaw pracy z oddechem oraz opanujesz ruchy potrzebne do poruszania si\u0119. Idealna opcja na wsp\u00f3ln\u0105 przygod\u0119 z przyjaci\u00f3\u0142k\u0105 lub wyj\u0105tkowe syrenie urodziny!<\/p>    <\/div>\r\n  <\/div>\r\n<\/div><!-- block -->\r\n\n\n<div id=\"product-details-block_408fe5425ff3da00f998a2280342c4dc\" class=\"product-details-block\">\r\n  <div class=\"row container\">\r\n    <div>\r\n      <h2 class=\"title\">Szczeg\u00f3\u0142y produktu<\/h2>      <p class=\"desc\">Zastanawiasz si\u0119, czy \u015bwiat Syren to co\u015b dla Ciebie? We\u017a udzia\u0142 w zaj\u0119ciach \u201eTry Mermaid\u201d i przekonaj si\u0119 na w\u0142asnej sk\u00f3rze! Pod okiem instruktora zapoznasz si\u0119 ze sprz\u0119tem u\u017cywanym do p\u0142ywania w syrenim ogonie, nauczysz si\u0119 podstaw pracy z oddechem oraz opanujesz ruchy potrzebne do poruszania si\u0119. Idealna opcja na wsp\u00f3ln\u0105 przygod\u0119 z przyjaci\u00f3\u0142k\u0105 lub wyj\u0105tkowe syrenie urodziny!<\/p>      <ul>            <li>\r\n              <p>Cena w pln<\/p>\r\n              <strong>449,00 PLN<\/strong>\r\n            <\/li>\r\n                      <li>\r\n              <p>maksymalna g\u0142\u0119boko\u015b\u0107\u00a0w metrach<\/p>\r\n              <strong>5<\/strong>\r\n            <\/li>\r\n                      <li>\r\n              <p>Wiek minimalny &#8211; lat:<\/p>\r\n              <strong>8<\/strong>\r\n            <\/li>\r\n                      <li>\r\n              <p>Zabierz ze sob\u0105:<\/p>\r\n              <strong>klapki, kostium, r\u0119cznik, opcjonalnie: rush vest \/ koszulk\u0119 z lycra<\/strong>\r\n            <\/li>\r\n                      <li>\r\n              <p>Czas trwania zaj\u0119\u0107<\/p>\r\n              <strong>oko\u0142o 30min teorii i oko\u0142o 60min zaj\u0119\u0107 w wodzie<\/strong>\r\n            <\/li>\r\n                      <li>\r\n              <p>Maksymalna ilo\u015b\u0107 uczestnik\u00f3w na 1 instruktora<\/p>\r\n              <strong>2:1<\/strong>\r\n            <\/li>\r\n          <\/ul>      <div class=\"button-list-wrap\"><div class=\"button-list button-type-both\"><div><a class=\"alternate_ybb\" href=\"https:\/\/cs.deepspot.com\/offer?steps=deepspot_diving-courses_wait-for-diving-course-list_19&#038;language=1\" target=\"_self\"><img decoding=\"async\" lazy src=\"data:image\/gif;base64,R0lGODlhAQABAAD\/ACwAAAAAAQABAAACADs%3D\" data-src=\"https:\/\/eco3ygde435.exactdn.com\/wp-content\/uploads\/sites\/2\/2020\/08\/calendar-grid-58.png?strip=all\" alt=\"\"><strong>Zarezerwuj<\/strong><\/a><\/div><div><a class=\"alternate_ybb\" href=\"https:\/\/www.deepspot.com\/pl\/frequently-asked-questions\/?tab=6\" target=\"_self\"><img decoding=\"async\" lazy src=\"data:image\/gif;base64,R0lGODlhAQABAAD\/ACwAAAAAAQABAAACADs%3D\" data-src=\"https:\/\/eco3ygde435.exactdn.com\/wp-content\/uploads\/sites\/2\/2020\/08\/presentation.png?strip=all\" alt=\"\"><strong>Najcz\u0119\u015bciej zadawane pytania<\/strong><\/a><\/div><\/div><\/div>    <\/div>\r\n  <\/div>\r\n<\/div><!-- block -->\r\n\n\n\n<figure class=\"wp-block-embed is-type-video is-provider-youtube wp-block-embed-youtube wp-embed-aspect-16-9 wp-has-aspect-ratio\" style=\"display:flex; justify-content:center; margin:0 auto;\">\n  <div class=\"wp-block-embed__wrapper\" style=\"max-width:100%;\">\n    <iframe loading=\"lazy\" title=\"Nurkowanie w Deepspot\" width=\"640\" height=\"360\" src=\"https:\/\/www.youtube.com\/embed\/tMjSm4SdeWc?feature=oembed\" frameborder=\"0\" allow=\"accelerometer; autoplay; clipboard-write; encrypted-media; gyroscope; picture-in-picture; web-share\" referrerpolicy=\"strict-origin-when-cross-origin\" allowfullscreen><\/iframe>\n  <\/div>\n<\/figure>\n\n\n<div id=\"step-guide-icons-block_5a273884b1ea92acb387c3b21888f48e\" class=\"step-guide-icons-block\">\r\n  <div class=\"row container\">\r\n    <div>\r\n      <div class=\"title\">Plan dnia<\/div>      <ul>            <li data-count=\"01\">\r\n              <div class=\"icon-wrap\"><img decoding=\"async\" lazy src=\"data:image\/gif;base64,R0lGODlhAQABAAD\/ACwAAAAAAQABAAACADs%3D\" data-src=\"https:\/\/eco3ygde435.exactdn.com\/wp-content\/uploads\/sites\/2\/2020\/08\/pc-play-media.png?strip=all\" alt=\"\"><\/div>\r\n              <p>Zapoznaj si\u0119 z materia\u0142ami kt\u00f3re udost\u0119pnimy Ci online. Wype\u0142nij o\u015bwiadczenia, kt\u00f3re r\u00f3wnie\u017c za\u0142\u0105czymy. Pami\u0119taj, \u017ceby zabra\u0107 je ze sob\u0105!<\/p>\r\n                          <\/li>\r\n                      <li data-count=\"02\">\r\n              <div class=\"icon-wrap\"><img decoding=\"async\" lazy src=\"data:image\/gif;base64,R0lGODlhAQABAAD\/ACwAAAAAAQABAAACADs%3D\" data-src=\"https:\/\/eco3ygde435.exactdn.com\/wp-content\/uploads\/sites\/2\/2020\/08\/paper-diploma.png?strip=all\" alt=\"\"><\/div>\r\n              <p>Wype\u0142nij online o\u015bwiadczenie u\u017cytkownika Deepspot oraz formularz medyczny<\/p>\r\n              <a href=\"https:\/\/cs.deepspot.com\/deepspotwaiver\/DeepspotWaiverFormKiosk?print=true\" target=\"_blank\">przejd\u017a do formularza<\/a>            <\/li>\r\n                      <li data-count=\"03\">\r\n              <div class=\"icon-wrap\"><img decoding=\"async\" lazy src=\"data:image\/gif;base64,R0lGODlhAQABAAD\/ACwAAAAAAQABAAACADs%3D\" data-src=\"https:\/\/eco3ygde435.exactdn.com\/wp-content\/uploads\/sites\/2\/2020\/08\/60min.png?strip=all\" alt=\"\"><\/div>\r\n              <p>Przyjed\u017a 60 min przed godzin\u0105 rozpocz\u0119cia zaj\u0119\u0107 i zg\u0142o\u015b si\u0119 do recepcji. <\/p>\r\n                          <\/li>\r\n                      <li data-count=\"04\">\r\n              <div class=\"icon-wrap\"><img decoding=\"async\" lazy src=\"data:image\/gif;base64,R0lGODlhAQABAAD\/ACwAAAAAAQABAAACADs%3D\" data-src=\"https:\/\/eco3ygde435.exactdn.com\/wp-content\/uploads\/sites\/2\/2020\/08\/shower.png?strip=all\" alt=\"\"><\/div>\r\n              <p>40 min przed wej\u015bciem do basenu, id\u017a do szatni. Zrelasuj si\u0119, skorzystaj z naszej strefy prysznicowej. <br \/>\r\n<\/p>\r\n                          <\/li>\r\n                      <li data-count=\"05\">\r\n              <div class=\"icon-wrap\"><img decoding=\"async\" lazy src=\"data:image\/gif;base64,R0lGODlhAQABAAD\/ACwAAAAAAQABAAACADs%3D\" data-src=\"https:\/\/eco3ygde435.exactdn.com\/wp-content\/uploads\/sites\/2\/2020\/08\/presentation.png?strip=all\" alt=\"\"><\/div>\r\n              <p>20 min przed wej\u015bciem na basen we\u017a udzia\u0142 w Briefingu. Dobierz sprz\u0119t dost\u0119pny na p\u0142ycie basenu. W razie w\u0105tpliwo\u015bci popro\u015b instruktora o pomoc. <br \/>\r\n<\/p>\r\n                          <\/li>\r\n                      <li data-count=\"06\">\r\n              <div class=\"icon-wrap\"><img decoding=\"async\" lazy src=\"data:image\/gif;base64,R0lGODlhAQABAAD\/ACwAAAAAAQABAAACADs%3D\" data-src=\"https:\/\/eco3ygde435.exactdn.com\/wp-content\/uploads\/sites\/2\/2020\/08\/pool_exit.png?strip=all\" alt=\"\"><\/div>\r\n              <p>Najp\u00f3\u017aniej po 90 minutach od rozpocz\u0119cia nurkowania wyjd\u017a z wody i zwr\u00f3\u0107 sprz\u0119t. <\/p>\r\n                          <\/li>\r\n                      <li data-count=\"07\">\r\n              <div class=\"icon-wrap\"><img decoding=\"async\" lazy src=\"data:image\/gif;base64,R0lGODlhAQABAAD\/ACwAAAAAAQABAAACADs%3D\" data-src=\"https:\/\/eco3ygde435.exactdn.com\/wp-content\/uploads\/sites\/2\/2020\/08\/cutlery.png?strip=all\" alt=\"\"><\/div>\r\n              <p>Odpocznij po nurkowaniu w naszej restauracji!<br \/>\r\n<\/p>\r\n                          <\/li>\r\n          <\/ul>    <\/div>\r\n  <\/div>\r\n<\/div><!-- block -->\r\n\n\n<div id=\"download-block_fed517f2d8b23316201d337254e95ff1\" class=\"download-block\">\r\n  <div class=\"row container\">\r\n    <div>\r\n      <h2 class=\"title\">dokumenty i warunki<\/h2>      <ul>            <li>\r\n              <a href=\"https:\/\/eco3ygde435.exactdn.com\/wp-content\/uploads\/sites\/2\/2020\/08\/pc-play-media.png?strip=all&w=2560\" download>\r\n                <div>\r\n                  <img decoding=\"async\" lazy src=\"data:image\/gif;base64,R0lGODlhAQABAAD\/ACwAAAAAAQABAAACADs%3D\" data-src=\"https:\/\/www.deepspot.com\/wp-content\/themes\/deepspotflyspotWPML\/images\/dots-download.svg\">\r\n                  <p>Dokumenty do wype\u0142nienia przed kursem<\/p>\r\n                <\/div>\r\n              <\/a>\r\n            <\/li>\r\n                      <li>\r\n              <a href=\"https:\/\/eco3ygde435.exactdn.com\/wp-content\/uploads\/sites\/2\/2020\/08\/60min.png?strip=all&w=2560\" download>\r\n                <div>\r\n                  <img decoding=\"async\" lazy src=\"data:image\/gif;base64,R0lGODlhAQABAAD\/ACwAAAAAAQABAAACADs%3D\" data-src=\"https:\/\/www.deepspot.com\/wp-content\/themes\/deepspotflyspotWPML\/images\/dots-download.svg\">\r\n                  <p>warunki umowy uczestnictwa  w kursie<\/p>\r\n                <\/div>\r\n              <\/a>\r\n            <\/li>\r\n                      <li>\r\n              <a href=\"\" download>\r\n                <div>\r\n                  <img decoding=\"async\" lazy src=\"data:image\/gif;base64,R0lGODlhAQABAAD\/ACwAAAAAAQABAAACADs%3D\" data-src=\"https:\/\/www.deepspot.com\/wp-content\/themes\/deepspotflyspotWPML\/images\/dots-download.svg\">\r\n                  <p>ZASADY I ZALECENIA ODNO\u015aNIE LIMIT\u00d3W G\u0141\u0118BOKO\u015aCI DLA NURKOWANIA SCUBA <\/p>\r\n                <\/div>\r\n              <\/a>\r\n            <\/li>\r\n          <\/ul>    <\/div>\r\n  <\/div>\r\n<\/div><!-- block -->\r\n","protected":false},"excerpt":{"rendered":"","protected":false},"author":18,"featured_media":0,"parent":775,"menu_order":5555,"comment_status":"closed","ping_status":"closed","template":"","meta":{"_acf_changed":false,"footnotes":""},"class_list":["post-56317","page","type-page","status-publish","hentry"],"acf":[],"_links":{"self":[{"href":"https:\/\/www.deepspot.com\/pl\/wp-json\/wp\/v2\/pages\/56317","targetHints":{"allow":["GET"]}}],"collection":[{"href":"https:\/\/www.deepspot.com\/pl\/wp-json\/wp\/v2\/pages"}],"about":[{"href":"https:\/\/www.deepspot.com\/pl\/wp-json\/wp\/v2\/types\/page"}],"author":[{"embeddable":true,"href":"https:\/\/www.deepspot.com\/pl\/wp-json\/wp\/v2\/users\/18"}],"replies":[{"embeddable":true,"href":"https:\/\/www.deepspot.com\/pl\/wp-json\/wp\/v2\/comments?post=56317"}],"version-history":[{"count":1,"href":"https:\/\/www.deepspot.com\/pl\/wp-json\/wp\/v2\/pages\/56317\/revisions"}],"predecessor-version":[{"id":56330,"href":"https:\/\/www.deepspot.com\/pl\/wp-json\/wp\/v2\/pages\/56317\/revisions\/56330"}],"up":[{"embeddable":true,"href":"https:\/\/www.deepspot.com\/pl\/wp-json\/wp\/v2\/pages\/775"}],"wp:attachment":[{"href":"https:\/\/www.deepspot.com\/pl\/wp-json\/wp\/v2\/media?parent=56317"}],"curies":[{"name":"wp","href":"https:\/\/api.w.org\/{rel}","templated":true}]}}