{"id":56331,"date":"2025-09-16T15:59:27","date_gmt":"2025-09-16T13:59:27","guid":{"rendered":"https:\/\/www.deepspot.com\/?page_id=56331"},"modified":"2025-09-16T15:59:30","modified_gmt":"2025-09-16T13:59:30","slug":"mermaid","status":"publish","type":"page","link":"https:\/\/www.deepspot.com\/pl\/dla-kogo\/freediving\/mermaid\/","title":{"rendered":"Mermaid"},"content":{"rendered":"<div id=\"hero-block_6ae5b6a3dee50c846bef709515c8d8ea\" class=\"hero-block\">\r\n  <div class=\"row outer-container\">\r\n    <div>\r\n      <img decoding=\"async\" lazy src=\"data:image\/gif;base64,R0lGODlhAQABAAD\/ACwAAAAAAQABAAACADs%3D\" data-src=\"https:\/\/eco3ygde435.exactdn.com\/wp-content\/uploads\/sites\/2\/2025\/08\/Obraz1syrsyrenka.jpg?strip=all\" alt=\"\">\r\n          <\/div>\r\n    <div>\r\n      <h2>Spe\u0142nij marzenie &#8211; zosta\u0144 syrenk\u0105<\/h2><p>Wejd\u017a do wody i poczuj, jak spe\u0142nia si\u0119 marzenie o byciu syren\u0105. Kolorowy ogon, wyj\u0105tkowe warunki i magia chwili sprawi\u0105, \u017ce odkryjesz zupe\u0142nie nowy spos\u00f3b zabawy i ruchu pod wod\u0105. Try Mermaid to zaj\u0119cia, kt\u00f3re pozwalaj\u0105 prze\u017cy\u0107 co\u015b niezwyk\u0142ego \u2013 bo kto z nas nie marzy\u0142, by chocia\u017c raz zosta\u0107 bohaterem ba\u015bni?<\/p>    <\/div>\r\n  <\/div>\r\n<\/div><!-- block -->\r\n\n\n<div id=\"product-details-block_bd1e82d18e6c1ff5372b13d8719fa760\" class=\"product-details-block\">\r\n  <div class=\"row container\">\r\n    <div>\r\n      <h2 class=\"title\">Opis atrakcji<\/h2>      <p class=\"desc\">Zanurkuj i spe\u0142nij marzenie o byciu syren\u0105. Kolorowy ogon i magia chwili sprawi\u0105, \u017ce odkryjesz nowy spos\u00f3b zabawy i ruchu pod wod\u0105. Try Mermaid to zaj\u0119cia, kt\u00f3re pozwalaj\u0105 prze\u017cy\u0107 co\u015b niezwyk\u0142ego \u2013 bo kto z nas nie marzy\u0142, by cho\u0107 raz zosta\u0107 bohaterem ba\u015bni? <br><br>\r\n\r\nZanurz si\u0119 w ofert\u0119, szczeg\u00f3lnie je\u015bli:<br>\r\n\r\n\ud83e\udee7 Chcesz odkry\u0107 magi\u0119 nurkowania w ogonie<br>\r\n\ud83e\udee7 My\u015blisz o mermaiding&#8217;u, ale nie jeste\u015b jeszcze gotowy na pe\u0142ny kurs<br>\r\n\ud83e\udee7 Lubisz wod\u0119 i chcesz odkry\u0107 nowy, magiczny spos\u00f3b poruszania si\u0119 pod jej powierzchni\u0105<br><br>\r\n\r\nCo oferujemy?\r\n<br>\r\n\ud83e\udee7 Wprowadzenie do nurkowania obejmuj\u0105ce teori\u0119, praktyk\u0119 i indywidualne podej\u015bcie<br>\r\n\ud83e\udee7 \u0106wiczenia w wodzie od nauki w p\u0142ytkiej cz\u0119\u015bci po nurkowanie do 5 metr\u00f3w<br>\r\n\ud83e\udee7 Wszystko, czego potrzebujesz jest w cenie. Ca\u0142y niezb\u0119dny sprz\u0119t zapewniamy my<br>\r\n\ud83e\udee7 Kameralne grupy lub zaj\u0119cia indywidualne. Tempo zawsze dopasujemy do Ciebie<br><br>\r\nZaj\u0119cia prowadzone s\u0105 w ma\u0142ych grupach \u2013 maksymalnie 4 osoby na jednego instruktora \u2013 co daje Ci pewno\u015b\u0107, \u017ce ka\u017cdy oddech b\u0119dzie spokojny, a ka\u017cde pytanie znajdzie odpowied\u017a.\r\n<br><br>\r\n\r\nWarto, poniewa\u017c:<br>\r\n\r\n\ud83e\udee7 Trenujesz w najg\u0142\u0119bszym basenie w Europie \u2013 a\u017c 45 metr\u00f3w g\u0142\u0119boko\u015bci<br>\r\n\ud83e\udee7 Nurkowanie odbywa si\u0119 w egzotycznych warunkach &#8211; przejrzysta woda o temperaturze 32\u00b0C<br>\r\n\ud83e\udee7 Korzystasz z nowoczesnego, regularnie serwisowanego sprz\u0119tu<br>\r\n\ud83e\udee7 Masz wsparcie do\u015bwiadczonej, mi\u0119dzynarodowej kadry instruktor\u00f3w<br>\r\n\ud83e\udee7 To idealne miejsce do budowania pewno\u015bci siebie i dobrej techniki<br><br>\r\nZr\u00f3b pierwszy krok i przekonaj si\u0119, jak wyj\u0105tkowy jest podwodny \u015bwiat! Zanurz si\u0119 ju\u017c dzi\u015b.\r\n<br><br><br>\r\nCO WARTO WIEDZIE\u0106?\r\n\r\n<\/p>      <ul>            <li>\r\n              <p>Czas trwania<\/p>\r\n              <strong>1h 40 minut zaj\u0119\u0107<\/strong>\r\n            <\/li>\r\n                      <li>\r\n              <p>Minimalny wiek uczestnika<\/p>\r\n              <strong>6 lat<\/strong>\r\n            <\/li>\r\n                      <li>\r\n              <p>Zanurkujesz do g\u0142\u0119boko\u015bci<\/p>\r\n              <strong>5m (3m dla dzieci do 12 lat)<\/strong>\r\n            <\/li>\r\n                      <li>\r\n              <p>W prezencie<\/p>\r\n              <strong>Pami\u0105tkowy certyfikat, dyplom i kr\u00f3tkie wideo z podwodnej fotobudki<\/strong>\r\n            <\/li>\r\n                      <li>\r\n              <p>Zapewniamy<\/p>\r\n              <strong>Ca\u0142y sprz\u0119t nurkowy. Zabierz ze sob\u0105 jedynie k\u0105piel\u00f3wki, r\u0119cznik i klapki<\/strong>\r\n            <\/li>\r\n                      <li>\r\n              <p>Nie zapomnij<\/p>\r\n              <strong>Dobrze si\u0119 bawi\u0107, a ca\u0142\u0105 energi\u0105 zarazimy Ci\u0119 my<\/strong>\r\n            <\/li>\r\n          <\/ul>      <div class=\"button-list-wrap\"><div class=\"button-list button-type-both\"><div><a class=\"alternate_ybb\" href=\"https:\/\/cs.deepspot.com\/offer?steps=deepspot_diving-courses_wait-for-diving-course-list_55\" target=\"_self\"><img decoding=\"async\" lazy src=\"data:image\/gif;base64,R0lGODlhAQABAAD\/ACwAAAAAAQABAAACADs%3D\" data-src=\"https:\/\/eco3ygde435.exactdn.com\/wp-content\/uploads\/sites\/2\/2020\/08\/calendar-grid-58.png?strip=all\" alt=\"\"><strong>Zarezerwuj<\/strong><\/a><\/div><div><a class=\"alternate_ybb\" href=\"https:\/\/www.deepspot.com\/pl\/frequently-asked-questions\/?tab=6\" target=\"_self\"><img decoding=\"async\" lazy src=\"data:image\/gif;base64,R0lGODlhAQABAAD\/ACwAAAAAAQABAAACADs%3D\" data-src=\"https:\/\/eco3ygde435.exactdn.com\/wp-content\/uploads\/sites\/2\/2020\/08\/presentation.png?strip=all\" alt=\"\"><strong>Najcz\u0119\u015bciej zadawane pytania<\/strong><\/a><\/div><\/div><\/div>    <\/div>\r\n  <\/div>\r\n<\/div><!-- block -->\r\n\n\n<div id=\"step-guide-icons-block_26c732873619feccb257b3c51302b501\" class=\"step-guide-icons-block\">\r\n  <div class=\"row container\">\r\n    <div>\r\n      <div class=\"title\">Krok po kroku<\/div>      <ul>            <li data-count=\"01\">\r\n              <div class=\"icon-wrap\"><img decoding=\"async\" lazy src=\"data:image\/gif;base64,R0lGODlhAQABAAD\/ACwAAAAAAQABAAACADs%3D\" data-src=\"\" alt=\"\"><\/div>\r\n              <p>Zbierz uczestnik\u00f3w \u2013 solo, we dwoje albo z paczk\u0105<\/p>\r\n                          <\/li>\r\n                      <li data-count=\"02\">\r\n              <div class=\"icon-wrap\"><img decoding=\"async\" lazy src=\"data:image\/gif;base64,R0lGODlhAQABAAD\/ACwAAAAAAQABAAACADs%3D\" data-src=\"\" alt=\"\"><\/div>\r\n              <p>Zarezerwuj termin \u2013 online, szybko i wygodnie<\/p>\r\n                          <\/li>\r\n                      <li data-count=\"03\">\r\n              <div class=\"icon-wrap\"><img decoding=\"async\" lazy src=\"data:image\/gif;base64,R0lGODlhAQABAAD\/ACwAAAAAAQABAAACADs%3D\" data-src=\"\" alt=\"\"><\/div>\r\n              <p>Uzupe\u0142nij dane uczestnik\u00f3w \u2013 przez swoje konto, to zajmie tylko chwilk\u0119<br \/>\r\n<\/p>\r\n                          <\/li>\r\n                      <li data-count=\"04\">\r\n              <div class=\"icon-wrap\"><img decoding=\"async\" lazy src=\"data:image\/gif;base64,R0lGODlhAQABAAD\/ACwAAAAAAQABAAACADs%3D\" data-src=\"\" alt=\"\"><\/div>\r\n              <p>Przyjd\u017a 30 min wcze\u015bniej \u2013 na spokojnie si\u0119 przygotujesz<br \/>\r\n<\/p>\r\n                          <\/li>\r\n                      <li data-count=\"05\">\r\n              <div class=\"icon-wrap\"><img decoding=\"async\" lazy src=\"data:image\/gif;base64,R0lGODlhAQABAAD\/ACwAAAAAAQABAAACADs%3D\" data-src=\"\" alt=\"\"><\/div>\r\n              <p>Zanurkuj &#8211; baw si\u0119 dobrze<br \/>\r\n<\/p>\r\n                          <\/li>\r\n                      <li data-count=\"06\">\r\n              <div class=\"icon-wrap\"><img decoding=\"async\" lazy src=\"data:image\/gif;base64,R0lGODlhAQABAAD\/ACwAAAAAAQABAAACADs%3D\" data-src=\"\" alt=\"\"><\/div>\r\n              <p>Z\u0142ap bakcyla i wr\u00f3\u0107 po wi\u0119cej &#8211; nurkowanie wci\u0105ga!<br \/>\r\n<\/p>\r\n                          <\/li>\r\n          <\/ul>    <\/div>\r\n  <\/div>\r\n<\/div><!-- block -->\r\n\n\n<div id=\"download-block_a82a7a8de3ba1b28fee9a1bd1b544fda\" class=\"download-block\">\r\n  <div class=\"row container\">\r\n    <div>\r\n      <h2 class=\"title\">dokumenty i warunki<\/h2>      <ul>            <li>\r\n              <a href=\"https:\/\/eco3ygde435.exactdn.com\/wp-content\/uploads\/sites\/2\/2020\/08\/pc-play-media.png?strip=all&w=2560\" download>\r\n                <div>\r\n                  <img decoding=\"async\" lazy src=\"data:image\/gif;base64,R0lGODlhAQABAAD\/ACwAAAAAAQABAAACADs%3D\" data-src=\"https:\/\/www.deepspot.com\/wp-content\/themes\/deepspotflyspotWPML\/images\/dots-download.svg\">\r\n                  <p>Dokumenty do wype\u0142nienia przed kursem<\/p>\r\n                <\/div>\r\n              <\/a>\r\n            <\/li>\r\n                      <li>\r\n              <a href=\"https:\/\/eco3ygde435.exactdn.com\/wp-content\/uploads\/sites\/2\/2020\/08\/60min.png?strip=all&w=2560\" download>\r\n                <div>\r\n                  <img decoding=\"async\" lazy src=\"data:image\/gif;base64,R0lGODlhAQABAAD\/ACwAAAAAAQABAAACADs%3D\" data-src=\"https:\/\/www.deepspot.com\/wp-content\/themes\/deepspotflyspotWPML\/images\/dots-download.svg\">\r\n                  <p>warunki umowy uczestnictwa  w kursie<\/p>\r\n                <\/div>\r\n              <\/a>\r\n            <\/li>\r\n                      <li>\r\n              <a href=\"\" download>\r\n                <div>\r\n                  <img decoding=\"async\" lazy src=\"data:image\/gif;base64,R0lGODlhAQABAAD\/ACwAAAAAAQABAAACADs%3D\" data-src=\"https:\/\/www.deepspot.com\/wp-content\/themes\/deepspotflyspotWPML\/images\/dots-download.svg\">\r\n                  <p>ZASADY I ZALECENIA ODNO\u015aNIE LIMIT\u00d3W G\u0141\u0118BOKO\u015aCI DLA NURKOWANIA SCUBA <\/p>\r\n                <\/div>\r\n              <\/a>\r\n            <\/li>\r\n          <\/ul>    <\/div>\r\n  <\/div>\r\n<\/div><!-- block -->\r\n\n\n\n<p><\/p>\n","protected":false},"excerpt":{"rendered":"","protected":false},"author":18,"featured_media":0,"parent":775,"menu_order":5555,"comment_status":"closed","ping_status":"closed","template":"","meta":{"_acf_changed":false,"footnotes":""},"class_list":["post-56331","page","type-page","status-publish","hentry"],"acf":[],"_links":{"self":[{"href":"https:\/\/www.deepspot.com\/pl\/wp-json\/wp\/v2\/pages\/56331","targetHints":{"allow":["GET"]}}],"collection":[{"href":"https:\/\/www.deepspot.com\/pl\/wp-json\/wp\/v2\/pages"}],"about":[{"href":"https:\/\/www.deepspot.com\/pl\/wp-json\/wp\/v2\/types\/page"}],"author":[{"embeddable":true,"href":"https:\/\/www.deepspot.com\/pl\/wp-json\/wp\/v2\/users\/18"}],"replies":[{"embeddable":true,"href":"https:\/\/www.deepspot.com\/pl\/wp-json\/wp\/v2\/comments?post=56331"}],"version-history":[{"count":1,"href":"https:\/\/www.deepspot.com\/pl\/wp-json\/wp\/v2\/pages\/56331\/revisions"}],"predecessor-version":[{"id":56350,"href":"https:\/\/www.deepspot.com\/pl\/wp-json\/wp\/v2\/pages\/56331\/revisions\/56350"}],"up":[{"embeddable":true,"href":"https:\/\/www.deepspot.com\/pl\/wp-json\/wp\/v2\/pages\/775"}],"wp:attachment":[{"href":"https:\/\/www.deepspot.com\/pl\/wp-json\/wp\/v2\/media?parent=56331"}],"curies":[{"name":"wp","href":"https:\/\/api.w.org\/{rel}","templated":true}]}}