{"id":980,"date":"2020-08-24T13:27:14","date_gmt":"2020-08-24T11:27:14","guid":{"rendered":"https:\/\/www.deepspot.com\/?page_id=980"},"modified":"2025-09-22T11:24:37","modified_gmt":"2025-09-22T09:24:37","slug":"freedive-trening","status":"publish","type":"page","link":"https:\/\/www.deepspot.com\/pl\/dla-kogo\/freediving\/freedive-trening\/","title":{"rendered":"WEJ\u015aCI\u00d3WKA FREEDIVERA"},"content":{"rendered":"<div id=\"hero-block_9874c317dac6364f31aed903b05e0f44\" class=\"hero-block\">\r\n  <div class=\"row outer-container\">\r\n    <div>\r\n      <img decoding=\"async\" lazy src=\"data:image\/gif;base64,R0lGODlhAQABAAD\/ACwAAAAAAQABAAACADs%3D\" data-src=\"https:\/\/eco3ygde435.exactdn.com\/wp-content\/uploads\/sites\/2\/2025\/06\/ko.jpg?strip=all\" alt=\"\">\r\n          <\/div>\r\n    <div>\r\n      <h2>Tw\u00f3j czas na trening, relaks i rozw\u00f3j!<\/h2><p>Relaks, trening, przekraczanie w\u0142asnych granic \u2013 wej\u015bci\u00f3wka dla freedivera w Deepspot daje Ci przestrze\u0144 na wszystko, czego aktualnie potrzebujesz. Korzystaj z wyj\u0105tkowych warunk\u00f3w i rozwijaj si\u0119 na w\u0142asnych zasadach. \r\n<br>\r\nOferta skierowana jest do certyfikowanych freediver\u00f3w, kt\u00f3rzy chc\u0105 trenowa\u0107 ze swoim Buddym lub asyst\u0105 naszego instruktora w bezpiecznym i komfortowym \u015brodowisku. \r\n<\/p>    <\/div>\r\n  <\/div>\r\n<\/div><!-- block -->\r\n\n\n<div id=\"product-details-block_3706ea6f73f7b4c85c41d24297c92025\" class=\"product-details-block\">\r\n  <div class=\"row container\">\r\n    <div>\r\n      <h2 class=\"title\">Opis atrakcji<\/h2>      <p class=\"desc\">Wej\u015bci\u00f3wka Freediver&#8217;a to idealna opcja dla certyfikowanych nurk\u00f3w, kt\u00f3rzy chc\u0105 doskonali\u0107 umiej\u0119tno\u015bci w komfortowych i bezpiecznych warunkach. <br>\r\nWyj\u0105tkowo ciep\u0142a woda, znakomita widoczno\u015b\u0107 i imponuj\u0105ca g\u0142\u0119bia pozwalaj\u0105 Ci trenowa\u0107 we w\u0142asnym tempie z pe\u0142nym skupieniem na odkrywaniu pi\u0119kna podwodnego \u015bwiata. To nie tylko trening, to inwestycja w Twoje nurkowe do\u015bwiadczenie.<br><br>\r\n\r\nCo oferujemy?<br>\r\n\ud83e\udee7 30 minut na p\u0142ycie basenu przed nurkowaniem. Tw\u00f3j czas na rozgrzewk\u0119, relaks lub chwil\u0119 skupienia przed zej\u015bciem pod wod\u0119<br>\r\n\ud83e\udee7 90 minut nurkowania. Zanurz si\u0119 jak lubisz!<br>\r\n\ud83e\udee7 Kompletny zestaw sprz\u0119tu nurkowego zapewniamy my. Opcjonalnie: wypo\u017cyczenie komputera nurkowego w cenie 45 z\u0142\/nurkowanie<br><br>\r\n\r\nChcesz przetestowa\u0107 w\u0142asny sprz\u0119t? Mo\u017cesz to zrobi\u0107 bez op\u0142at!<br>\r\n\u015amia\u0142o mo\u017cesz zabra\u0107 swoj\u0105 mask\u0119, fajk\u0119, p\u0142etwy, automat, rash vest czy komputer nurkowy.<br>\r\nZe wzgl\u0119d\u00f3w bezpiecze\u0144stwa, takie elementy jak pasy balastowe, pianki, czy bojki musz\u0105 by\u0107 fabrycznie nowe. Jeste\u015b zainteresowany? Skontaktuj si\u0119 z nami przed wizyt\u0105! info@deepspot.com<br><br>\r\n\r\nNurkowanie z Buddy&#8217;m czy z instruktorem?<br>\r\nTrening musi odbywa\u0107 si\u0119 zawsze z partnerem nurkowym. Mo\u017cesz da\u0107 nura ze swoim Buddy&#8217;m lub z asyst\u0105 naszego instruktora.<br>\r\nKoszt asysty to 170 z\u0142. Pod jego opiek\u0105 mo\u017ce pozostawa\u0107 do 3 freediver&#8217;\u00f3w o r\u00f3\u017cnych poziomach umiej\u0119tno\u015bci i certyfikatach.<br><br>\r\n\r\nWarto, poniewa\u017c:<br>\r\n\ud83e\udee7 Trenujesz w najg\u0142\u0119bszym basenie w Europie \u2013 a\u017c 45 metr\u00f3w g\u0142\u0119boko\u015bci<br>\r\n\ud83e\udee7 Nurkowanie odbywa si\u0119 w egzotycznych warunkach &#8211; przejrzysta woda o temperaturze 32\u00b0C<br>\r\n\ud83e\udee7 Korzystasz z nowoczesnego, regularnie serwisowanego sprz\u0119tu<br>\r\n\ud83e\udee7 Masz wsparcie do\u015bwiadczonej, mi\u0119dzynarodowej kadry instruktor\u00f3w<br>\r\n\ud83e\udee7 To idealne miejsce do budowania pewno\u015bci siebie i techniki<br><br>\r\n\r\nZarezerwuj wej\u015bci\u00f3wk\u0119 i zanurkuj na w\u0142asnych zasadach \u2013 w Deepspot wszystko sprzyja Twojemu rozwojowi.<br><br><br>\r\n\r\nCo warto wiedzie\u0107?<\/p>      <ul>            <li>\r\n              <p>Czas trwania<\/p>\r\n              <strong>90 minut w wodzie + 30 minut relaksu na p\u0142ycie<\/strong>\r\n            <\/li>\r\n                      <li>\r\n              <p>Minimalny wiek<\/p>\r\n              <strong>12 lat<\/strong>\r\n            <\/li>\r\n                      <li>\r\n              <p>Zanurkujesz do g\u0142\u0119boko\u015bci<\/p>\r\n              <strong>Zgodnej z uprawnieniami<\/strong>\r\n            <\/li>\r\n                      <li>\r\n              <p>W prezencie<\/p>\r\n              <strong>Kr\u00f3tkie wideo pami\u0105tkowe z podwodnej fotobudki<\/strong>\r\n            <\/li>\r\n                      <li>\r\n              <p>Zapewniamy<\/p>\r\n              <strong>Ca\u0142y niezb\u0119dny sprz\u0119t nurkowy. Zabierz ze sob\u0105 jedynie k\u0105piel\u00f3wki, r\u0119cznik i klapki<\/strong>\r\n            <\/li>\r\n                      <li>\r\n              <p>Nie zapomnij<\/p>\r\n              <strong>Dobrze si\u0119 bawi\u0107, a ca\u0142\u0105 energi\u0105 zarazimy Ci\u0119 my<\/strong>\r\n            <\/li>\r\n                      <li>\r\n              <p>Cena<\/p>\r\n              <strong>od 244 PLN do 284 PLN<\/strong>\r\n            <\/li>\r\n          <\/ul>      <div class=\"button-list-wrap\"><div class=\"button-list button-type-both\"><div><a class=\"alternate_ybb\" href=\"https:\/\/cs.deepspot.com\/offer?steps=deepspot_pro_type-free_ticket&amp;language=1\" target=\"_self\"><img decoding=\"async\" lazy src=\"data:image\/gif;base64,R0lGODlhAQABAAD\/ACwAAAAAAQABAAACADs%3D\" data-src=\"https:\/\/eco3ygde435.exactdn.com\/wp-content\/uploads\/sites\/2\/2020\/08\/calendar-grid-58.png?strip=all\" alt=\"\"><strong>Zarezerwuj<\/strong><\/a><\/div><div><a class=\"alternate_ybb\" href=\"https:\/\/www.deepspot.com\/pl\/dla-kogo\/freediving\/pakiety-wejsc-freediving\/\" target=\"_self\"><img decoding=\"async\" lazy src=\"data:image\/gif;base64,R0lGODlhAQABAAD\/ACwAAAAAAQABAAACADs%3D\" data-src=\"https:\/\/eco3ygde435.exactdn.com\/wp-content\/uploads\/sites\/2\/2020\/08\/paper-diploma.png?strip=all\" alt=\"\"><strong>pakiety wej\u015b\u0107<\/strong><\/a><\/div><div><a class=\"alternate_ybb\" href=\"https:\/\/sklep.deepspot.com\/vouchery\/freediving\/dla-zaawansowanych\/wejsciowka-freediving\" target=\"_self\"><img decoding=\"async\" lazy src=\"data:image\/gif;base64,R0lGODlhAQABAAD\/ACwAAAAAAQABAAACADs%3D\" data-src=\"https:\/\/eco3ygde435.exactdn.com\/wp-content\/uploads\/sites\/2\/2020\/08\/paper-diploma.png?strip=all\" alt=\"\"><strong>kup voucher<\/strong><\/a><\/div><div><a class=\"css-default\" href=\"https:\/\/www.deepspot.com\/pl\/frequently-asked-questions\/?tab=4\" target=\"_self\"><img decoding=\"async\" lazy src=\"data:image\/gif;base64,R0lGODlhAQABAAD\/ACwAAAAAAQABAAACADs%3D\" data-src=\"https:\/\/eco3ygde435.exactdn.com\/wp-content\/uploads\/sites\/2\/2020\/08\/presentation.png?strip=all\" alt=\"\"><strong>faq<\/strong><\/a><\/div><div><a class=\"css-default\" href=\"https:\/\/www.deepspot.com\/wp-content\/uploads\/sites\/2\/2022\/09\/Limityglebokosci_DoPodpisywania_PL.pdf\" target=\"_blank\"><img decoding=\"async\" lazy src=\"data:image\/gif;base64,R0lGODlhAQABAAD\/ACwAAAAAAQABAAACADs%3D\" data-src=\"https:\/\/eco3ygde435.exactdn.com\/wp-content\/uploads\/sites\/2\/2020\/08\/presentation.png?strip=all\" alt=\"\"><strong>Limit g\u0142\u0119boko\u015bci<\/strong><\/a><\/div><\/div><\/div>    <\/div>\r\n  <\/div>\r\n<\/div><!-- block -->\r\n\n\n\n<div class=\"wp-block-columns is-layout-flex wp-container-core-columns-is-layout-9d6595d7 wp-block-columns-is-layout-flex\">\n<div class=\"wp-block-column is-vertically-aligned-center is-layout-flow wp-block-column-is-layout-flow\">\n<figure class=\"wp-block-embed is-type-video is-provider-youtube wp-block-embed-youtube wp-embed-aspect-16-9 wp-has-aspect-ratio\"><div class=\"wp-block-embed__wrapper\">\n<iframe loading=\"lazy\" title=\"Deepspot dla freediver\u00f3w\" width=\"640\" height=\"360\" src=\"https:\/\/www.youtube.com\/embed\/ZcUyZltz5Hc?start=22&#038;feature=oembed\" frameborder=\"0\" allow=\"accelerometer; autoplay; clipboard-write; encrypted-media; gyroscope; picture-in-picture; web-share\" referrerpolicy=\"strict-origin-when-cross-origin\" allowfullscreen><\/iframe>\n<\/div><figcaption class=\"wp-element-caption\">Deepspot dla Freediver\u00f3w<\/figcaption><\/figure>\n<\/div>\n\n\n\n<div class=\"wp-block-column is-layout-flow wp-block-column-is-layout-flow\">\n<figure class=\"wp-block-embed is-type-video is-provider-youtube wp-block-embed-youtube wp-embed-aspect-16-9 wp-has-aspect-ratio\"><div class=\"wp-block-embed__wrapper\">\n<iframe loading=\"lazy\" title=\"3rd Deepspot Challenge 2023\" width=\"640\" height=\"360\" src=\"https:\/\/www.youtube.com\/embed\/SrCOeaBK_zM?feature=oembed\" frameborder=\"0\" allow=\"accelerometer; autoplay; clipboard-write; encrypted-media; gyroscope; picture-in-picture; web-share\" referrerpolicy=\"strict-origin-when-cross-origin\" allowfullscreen><\/iframe>\n<\/div><figcaption class=\"wp-element-caption\">Zawody Deepspot Challenge<\/figcaption><\/figure>\n<\/div>\n<\/div>\n\n\n<div id=\"step-guide-icons-block_644e9e220435e63189850addd8f23889\" class=\"step-guide-icons-block\">\r\n  <div class=\"row container\">\r\n    <div>\r\n      <div class=\"title\">Krok po kroku<\/div>      <ul>            <li data-count=\"01\">\r\n              <div class=\"icon-wrap\"><img decoding=\"async\" lazy src=\"data:image\/gif;base64,R0lGODlhAQABAAD\/ACwAAAAAAQABAAACADs%3D\" data-src=\"\" alt=\"\"><\/div>\r\n              <p>Zbierz uczestnik\u00f3w \u2013 solo, we dwoje albo z paczk\u0105<br \/>\r\n<br \/>\r\n<\/p>\r\n                          <\/li>\r\n                      <li data-count=\"02\">\r\n              <div class=\"icon-wrap\"><img decoding=\"async\" lazy src=\"data:image\/gif;base64,R0lGODlhAQABAAD\/ACwAAAAAAQABAAACADs%3D\" data-src=\"\" alt=\"\"><\/div>\r\n              <p>Zarezerwuj termin \u2013 online, szybko i wygodnie<br \/>\r\n<br \/>\r\n<br \/>\r\n<\/p>\r\n                          <\/li>\r\n                      <li data-count=\"03\">\r\n              <div class=\"icon-wrap\"><img decoding=\"async\" lazy src=\"data:image\/gif;base64,R0lGODlhAQABAAD\/ACwAAAAAAQABAAACADs%3D\" data-src=\"\" alt=\"\"><\/div>\r\n              <p>Uzupe\u0142nij dane uczestnik\u00f3w \u2013 przez swoje konto, to zajmie tylko chwilk\u0119<br \/>\r\n<br \/>\r\n<\/p>\r\n                          <\/li>\r\n                      <li data-count=\"04\">\r\n              <div class=\"icon-wrap\"><img decoding=\"async\" lazy src=\"data:image\/gif;base64,R0lGODlhAQABAAD\/ACwAAAAAAQABAAACADs%3D\" data-src=\"\" alt=\"\"><\/div>\r\n              <p>Przyjd\u017a 30 min wcze\u015bniej \u2013 na spokojnie si\u0119 przygotujesz<br \/>\r\n<\/p>\r\n                          <\/li>\r\n                      <li data-count=\"05\">\r\n              <div class=\"icon-wrap\"><img decoding=\"async\" lazy src=\"data:image\/gif;base64,R0lGODlhAQABAAD\/ACwAAAAAAQABAAACADs%3D\" data-src=\"\" alt=\"\"><\/div>\r\n              <p>Zanurkuj \u2013 baw si\u0119 dobrze<br \/>\r\n<\/p>\r\n                          <\/li>\r\n                      <li data-count=\"06\">\r\n              <div class=\"icon-wrap\"><img decoding=\"async\" lazy src=\"data:image\/gif;base64,R0lGODlhAQABAAD\/ACwAAAAAAQABAAACADs%3D\" data-src=\"\" alt=\"\"><\/div>\r\n              <p>Z\u0142ap bakcyla i wr\u00f3\u0107 po wi\u0119cej &#8211; nurkowanie wci\u0105ga!<br \/>\r\n<\/p>\r\n                          <\/li>\r\n          <\/ul>    <\/div>\r\n  <\/div>\r\n<\/div><!-- block -->\r\n\n\n\n<p><\/p>\n","protected":false},"excerpt":{"rendered":"","protected":false},"author":3,"featured_media":52356,"parent":775,"menu_order":5,"comment_status":"closed","ping_status":"closed","template":"","meta":{"_acf_changed":false,"footnotes":""},"class_list":["post-980","page","type-page","status-publish","has-post-thumbnail","hentry"],"acf":[],"yoast_head":"<!-- This site is optimized with the Yoast SEO plugin v27.4 - https:\/\/yoast.com\/product\/yoast-seo-wordpress\/ -->\n<title>WEJ\u015aCI\u00d3WKA FREEDIVERA | Deepspot<\/title>\n<meta name=\"description\" content=\"Deepspot \u27a4 WEJ\u015aCI\u00d3WKA FREEDIVERA \u2714\ufe0f Najg\u0142\u0119bszy basen nurkowy w Europie (45m+) \u2714\ufe0f Krystalicznie czysta woda, jaskinie, wrak. Scuba diving i freediving przez ca\u0142y rok \u2b50 Sprawd\u017a!\" \/>\n<meta name=\"robots\" content=\"index, follow, max-snippet:-1, max-image-preview:large, max-video-preview:-1\" \/>\n<link rel=\"canonical\" href=\"https:\/\/www.deepspot.com\/pl\/dla-kogo\/freediving\/freedive-trening\/\" \/>\n<meta property=\"og:locale\" content=\"pl_PL\" \/>\n<meta property=\"og:type\" content=\"article\" \/>\n<meta property=\"og:title\" content=\"WEJ\u015aCI\u00d3WKA FREEDIVERA | Deepspot\" \/>\n<meta property=\"og:description\" content=\"Deepspot \u27a4 WEJ\u015aCI\u00d3WKA FREEDIVERA \u2714\ufe0f Najg\u0142\u0119bszy basen nurkowy w Europie (45m+) \u2714\ufe0f Krystalicznie czysta woda, jaskinie, wrak. Scuba diving i freediving przez ca\u0142y rok \u2b50 Sprawd\u017a!\" \/>\n<meta property=\"og:url\" content=\"https:\/\/www.deepspot.com\/pl\/dla-kogo\/freediving\/freedive-trening\/\" \/>\n<meta property=\"og:site_name\" content=\"Deepspot\" \/>\n<meta property=\"article:modified_time\" content=\"2025-09-22T09:24:37+00:00\" \/>\n<meta property=\"og:image\" content=\"https:\/\/eco3ygde435.exactdn.com\/wp-content\/uploads\/sites\/2\/2025\/06\/ko.jpg?strip=all\" \/>\n\t<meta property=\"og:image:width\" content=\"1512\" \/>\n\t<meta property=\"og:image:height\" content=\"750\" \/>\n\t<meta property=\"og:image:type\" content=\"image\/jpeg\" \/>\n<meta name=\"twitter:card\" content=\"summary_large_image\" \/>\n<script type=\"application\/ld+json\" class=\"yoast-schema-graph\">{\"@context\":\"https:\\\/\\\/schema.org\",\"@graph\":[{\"@type\":\"WebPage\",\"@id\":\"https:\\\/\\\/www.deepspot.com\\\/pl\\\/dla-kogo\\\/freediving\\\/freedive-trening\\\/\",\"url\":\"https:\\\/\\\/www.deepspot.com\\\/pl\\\/dla-kogo\\\/freediving\\\/freedive-trening\\\/\",\"name\":\"WEJ\u015aCI\u00d3WKA FREEDIVERA | Deepspot\",\"isPartOf\":{\"@id\":\"https:\\\/\\\/www.deepspot.com\\\/pl\\\/#website\"},\"primaryImageOfPage\":{\"@id\":\"https:\\\/\\\/www.deepspot.com\\\/pl\\\/dla-kogo\\\/freediving\\\/freedive-trening\\\/#primaryimage\"},\"image\":{\"@id\":\"https:\\\/\\\/www.deepspot.com\\\/pl\\\/dla-kogo\\\/freediving\\\/freedive-trening\\\/#primaryimage\"},\"thumbnailUrl\":\"https:\\\/\\\/eco3ygde435.exactdn.com\\\/wp-content\\\/uploads\\\/sites\\\/2\\\/2025\\\/06\\\/ko.jpg?strip=all\",\"datePublished\":\"2020-08-24T11:27:14+00:00\",\"dateModified\":\"2025-09-22T09:24:37+00:00\",\"description\":\"Deepspot \u27a4 WEJ\u015aCI\u00d3WKA FREEDIVERA \u2714\ufe0f Najg\u0142\u0119bszy basen nurkowy w Europie (45m+) \u2714\ufe0f Krystalicznie czysta woda, jaskinie, wrak. Scuba diving i freediving przez ca\u0142y rok \u2b50 Sprawd\u017a!\",\"breadcrumb\":{\"@id\":\"https:\\\/\\\/www.deepspot.com\\\/pl\\\/dla-kogo\\\/freediving\\\/freedive-trening\\\/#breadcrumb\"},\"inLanguage\":\"pl-PL\",\"potentialAction\":[{\"@type\":\"ReadAction\",\"target\":[\"https:\\\/\\\/www.deepspot.com\\\/pl\\\/dla-kogo\\\/freediving\\\/freedive-trening\\\/\"]}]},{\"@type\":\"ImageObject\",\"inLanguage\":\"pl-PL\",\"@id\":\"https:\\\/\\\/www.deepspot.com\\\/pl\\\/dla-kogo\\\/freediving\\\/freedive-trening\\\/#primaryimage\",\"url\":\"https:\\\/\\\/eco3ygde435.exactdn.com\\\/wp-content\\\/uploads\\\/sites\\\/2\\\/2025\\\/06\\\/ko.jpg?strip=all\",\"contentUrl\":\"https:\\\/\\\/eco3ygde435.exactdn.com\\\/wp-content\\\/uploads\\\/sites\\\/2\\\/2025\\\/06\\\/ko.jpg?strip=all\",\"width\":1512,\"height\":750},{\"@type\":\"BreadcrumbList\",\"@id\":\"https:\\\/\\\/www.deepspot.com\\\/pl\\\/dla-kogo\\\/freediving\\\/freedive-trening\\\/#breadcrumb\",\"itemListElement\":[{\"@type\":\"ListItem\",\"position\":1,\"name\":\"Strona g\u0142\u00f3wna\",\"item\":\"https:\\\/\\\/www.deepspot.com\\\/pl\\\/\"},{\"@type\":\"ListItem\",\"position\":2,\"name\":\"Dla kogo\",\"item\":\"https:\\\/\\\/www.deepspot.com\\\/pl\\\/dla-kogo\\\/\"},{\"@type\":\"ListItem\",\"position\":3,\"name\":\"Freediving\",\"item\":\"https:\\\/\\\/www.deepspot.com\\\/pl\\\/dla-kogo\\\/freediving\\\/\"},{\"@type\":\"ListItem\",\"position\":4,\"name\":\"WEJ\u015aCI\u00d3WKA FREEDIVERA\"}]},{\"@type\":\"WebSite\",\"@id\":\"https:\\\/\\\/www.deepspot.com\\\/pl\\\/#website\",\"url\":\"https:\\\/\\\/www.deepspot.com\\\/pl\\\/\",\"name\":\"Deepspot\",\"description\":\"Nowy wymiar nurkowania\",\"potentialAction\":[{\"@type\":\"SearchAction\",\"target\":{\"@type\":\"EntryPoint\",\"urlTemplate\":\"https:\\\/\\\/www.deepspot.com\\\/pl\\\/?s={search_term_string}\"},\"query-input\":{\"@type\":\"PropertyValueSpecification\",\"valueRequired\":true,\"valueName\":\"search_term_string\"}}],\"inLanguage\":\"pl-PL\"}]}<\/script>\n<!-- \/ Yoast SEO plugin. -->","yoast_head_json":{"title":"WEJ\u015aCI\u00d3WKA FREEDIVERA | Deepspot","description":"Deepspot \u27a4 WEJ\u015aCI\u00d3WKA FREEDIVERA \u2714\ufe0f Najg\u0142\u0119bszy basen nurkowy w Europie (45m+) \u2714\ufe0f Krystalicznie czysta woda, jaskinie, wrak. Scuba diving i freediving przez ca\u0142y rok \u2b50 Sprawd\u017a!","robots":{"index":"index","follow":"follow","max-snippet":"max-snippet:-1","max-image-preview":"max-image-preview:large","max-video-preview":"max-video-preview:-1"},"canonical":"https:\/\/www.deepspot.com\/pl\/dla-kogo\/freediving\/freedive-trening\/","og_locale":"pl_PL","og_type":"article","og_title":"WEJ\u015aCI\u00d3WKA FREEDIVERA | Deepspot","og_description":"Deepspot \u27a4 WEJ\u015aCI\u00d3WKA FREEDIVERA \u2714\ufe0f Najg\u0142\u0119bszy basen nurkowy w Europie (45m+) \u2714\ufe0f Krystalicznie czysta woda, jaskinie, wrak. Scuba diving i freediving przez ca\u0142y rok \u2b50 Sprawd\u017a!","og_url":"https:\/\/www.deepspot.com\/pl\/dla-kogo\/freediving\/freedive-trening\/","og_site_name":"Deepspot","article_modified_time":"2025-09-22T09:24:37+00:00","og_image":[{"width":1512,"height":750,"url":"https:\/\/eco3ygde435.exactdn.com\/wp-content\/uploads\/sites\/2\/2025\/06\/ko.jpg?strip=all","type":"image\/jpeg"}],"twitter_card":"summary_large_image","schema":{"@context":"https:\/\/schema.org","@graph":[{"@type":"WebPage","@id":"https:\/\/www.deepspot.com\/pl\/dla-kogo\/freediving\/freedive-trening\/","url":"https:\/\/www.deepspot.com\/pl\/dla-kogo\/freediving\/freedive-trening\/","name":"WEJ\u015aCI\u00d3WKA FREEDIVERA | Deepspot","isPartOf":{"@id":"https:\/\/www.deepspot.com\/pl\/#website"},"primaryImageOfPage":{"@id":"https:\/\/www.deepspot.com\/pl\/dla-kogo\/freediving\/freedive-trening\/#primaryimage"},"image":{"@id":"https:\/\/www.deepspot.com\/pl\/dla-kogo\/freediving\/freedive-trening\/#primaryimage"},"thumbnailUrl":"https:\/\/eco3ygde435.exactdn.com\/wp-content\/uploads\/sites\/2\/2025\/06\/ko.jpg?strip=all","datePublished":"2020-08-24T11:27:14+00:00","dateModified":"2025-09-22T09:24:37+00:00","description":"Deepspot \u27a4 WEJ\u015aCI\u00d3WKA FREEDIVERA \u2714\ufe0f Najg\u0142\u0119bszy basen nurkowy w Europie (45m+) \u2714\ufe0f Krystalicznie czysta woda, jaskinie, wrak. Scuba diving i freediving przez ca\u0142y rok \u2b50 Sprawd\u017a!","breadcrumb":{"@id":"https:\/\/www.deepspot.com\/pl\/dla-kogo\/freediving\/freedive-trening\/#breadcrumb"},"inLanguage":"pl-PL","potentialAction":[{"@type":"ReadAction","target":["https:\/\/www.deepspot.com\/pl\/dla-kogo\/freediving\/freedive-trening\/"]}]},{"@type":"ImageObject","inLanguage":"pl-PL","@id":"https:\/\/www.deepspot.com\/pl\/dla-kogo\/freediving\/freedive-trening\/#primaryimage","url":"https:\/\/eco3ygde435.exactdn.com\/wp-content\/uploads\/sites\/2\/2025\/06\/ko.jpg?strip=all","contentUrl":"https:\/\/eco3ygde435.exactdn.com\/wp-content\/uploads\/sites\/2\/2025\/06\/ko.jpg?strip=all","width":1512,"height":750},{"@type":"BreadcrumbList","@id":"https:\/\/www.deepspot.com\/pl\/dla-kogo\/freediving\/freedive-trening\/#breadcrumb","itemListElement":[{"@type":"ListItem","position":1,"name":"Strona g\u0142\u00f3wna","item":"https:\/\/www.deepspot.com\/pl\/"},{"@type":"ListItem","position":2,"name":"Dla kogo","item":"https:\/\/www.deepspot.com\/pl\/dla-kogo\/"},{"@type":"ListItem","position":3,"name":"Freediving","item":"https:\/\/www.deepspot.com\/pl\/dla-kogo\/freediving\/"},{"@type":"ListItem","position":4,"name":"WEJ\u015aCI\u00d3WKA FREEDIVERA"}]},{"@type":"WebSite","@id":"https:\/\/www.deepspot.com\/pl\/#website","url":"https:\/\/www.deepspot.com\/pl\/","name":"Deepspot","description":"Nowy wymiar nurkowania","potentialAction":[{"@type":"SearchAction","target":{"@type":"EntryPoint","urlTemplate":"https:\/\/www.deepspot.com\/pl\/?s={search_term_string}"},"query-input":{"@type":"PropertyValueSpecification","valueRequired":true,"valueName":"search_term_string"}}],"inLanguage":"pl-PL"}]}},"_links":{"self":[{"href":"https:\/\/www.deepspot.com\/pl\/wp-json\/wp\/v2\/pages\/980","targetHints":{"allow":["GET"]}}],"collection":[{"href":"https:\/\/www.deepspot.com\/pl\/wp-json\/wp\/v2\/pages"}],"about":[{"href":"https:\/\/www.deepspot.com\/pl\/wp-json\/wp\/v2\/types\/page"}],"author":[{"embeddable":true,"href":"https:\/\/www.deepspot.com\/pl\/wp-json\/wp\/v2\/users\/3"}],"replies":[{"embeddable":true,"href":"https:\/\/www.deepspot.com\/pl\/wp-json\/wp\/v2\/comments?post=980"}],"version-history":[{"count":204,"href":"https:\/\/www.deepspot.com\/pl\/wp-json\/wp\/v2\/pages\/980\/revisions"}],"predecessor-version":[{"id":56605,"href":"https:\/\/www.deepspot.com\/pl\/wp-json\/wp\/v2\/pages\/980\/revisions\/56605"}],"up":[{"embeddable":true,"href":"https:\/\/www.deepspot.com\/pl\/wp-json\/wp\/v2\/pages\/775"}],"wp:featuredmedia":[{"embeddable":true,"href":"https:\/\/www.deepspot.com\/pl\/wp-json\/wp\/v2\/media\/52356"}],"wp:attachment":[{"href":"https:\/\/www.deepspot.com\/pl\/wp-json\/wp\/v2\/media?parent=980"}],"curies":[{"name":"wp","href":"https:\/\/api.w.org\/{rel}","templated":true}]}}